{"id":12002,"date":"2018-02-21T09:57:09","date_gmt":"2018-02-21T14:57:09","guid":{"rendered":"http:\/\/bbn1.bbnradio.org\/german\/?page_id=12002"},"modified":"2019-02-26T16:17:56","modified_gmt":"2019-02-26T21:17:56","slug":"google-home","status":"publish","type":"page","link":"https:\/\/bbn1.bbnradio.org\/german\/google-home\/","title":{"rendered":"Google Home"},"content":{"rendered":"\n<style type=\"text\/css\" data-created_by=\"avia_inline_auto\" id=\"style-css-av-jsm9griz-85fc5470896e0149e4e2e7a3bb0c721f\">\n#top .av-special-heading.av-jsm9griz-85fc5470896e0149e4e2e7a3bb0c721f{\npadding-bottom:10px;\n}\nbody .av-special-heading.av-jsm9griz-85fc5470896e0149e4e2e7a3bb0c721f .av-special-heading-tag .heading-char{\nfont-size:25px;\n}\n.av-special-heading.av-jsm9griz-85fc5470896e0149e4e2e7a3bb0c721f .av-subheading{\nfont-size:15px;\n}\n<\/style>\n<div  class='av-special-heading av-jsm9griz-85fc5470896e0149e4e2e7a3bb0c721f av-special-heading-h3  avia-builder-el-0  el_before_av_textblock  avia-builder-el-first '><h3 class='av-special-heading-tag '  itemprop=\"headline\"  >Bevor Sie Google Home kaufen&#8230;<\/h3><div class=\"special-heading-border\"><div class=\"special-heading-inner-border\"><\/div><\/div><\/div>\n<section  class='av_textblock_section av-2fez5he-4da202793d1656f3176e15053f1f5cb1 '   itemscope=\"itemscope\" itemtype=\"https:\/\/schema.org\/CreativeWork\" ><div class='avia_textblock'  itemprop=\"text\" ><p>Wir haben festgestellt, dass man BBN mit Google Home an einigen Orten perfekt h\u00f6ren kann, an anderen jedoch nicht. An einigen Standorten meldet Google, dass der BBN-Stream gestartet wird. Das Ger\u00e4t wird jedoch stummgeschaltet und spielt den Stream nicht ab. Dies ist nicht auf BBN beschr\u00e4nkt. Eine Vielzahl von Nutzern hat das Problem dem technischen Support von Google im Laufe der Jahre gemeldet, \u00fcber fast jedem Radio-Stream den Sie sich vorstellen k\u00f6nnen.<\/p>\n<p>Es deutet alles darauf hin, dass dieses Problem standortspezifisch ist, jedoch nicht notwendigerweise ein Netzwerkproblem ist. Ein Stream wird an einem Ort stummgeschaltet, spielt dann aber problemlos mit der gleichen Ausr\u00fcstung, die in ein anderes Haus verlagert wurde.\u00a0<span style=\"font-family: -apple-system, BlinkMacSystemFont, 'Segoe UI', Roboto, Oxygen-Sans, Ubuntu, Cantarell, 'Helvetica Neue', sans-serif\">Wir werden weiterhin versuchen die Ursache zu ermitteln, damit alle Nutzer von Google Home BBN genie\u00dfen k\u00f6nnen.<\/span><\/p>\n<p><strong>Wir k\u00f6nnen Google Home noch nicht f\u00fcr den Empfang von BBN empfehlen.<\/strong> Wenn Sie bereits \u00fcber Google Home verf\u00fcgen, versuchen Sie es mit den folgenden Sprachbefehlen, ob BBN an Ihrem Standort abgespielt wird.<\/p>\n<\/div><\/section>\n\n<style type=\"text\/css\" data-created_by=\"avia_inline_auto\" id=\"style-css-av-jsm9hqpe-1731818e0754451fee18826bccc0e16d\">\n#top .av-special-heading.av-jsm9hqpe-1731818e0754451fee18826bccc0e16d{\npadding-bottom:10px;\n}\nbody .av-special-heading.av-jsm9hqpe-1731818e0754451fee18826bccc0e16d .av-special-heading-tag .heading-char{\nfont-size:25px;\n}\n.av-special-heading.av-jsm9hqpe-1731818e0754451fee18826bccc0e16d .av-subheading{\nfont-size:15px;\n}\n<\/style>\n<div  class='av-special-heading av-jsm9hqpe-1731818e0754451fee18826bccc0e16d av-special-heading-h3  avia-builder-el-2  el_after_av_textblock  el_before_av_textblock '><h3 class='av-special-heading-tag '  itemprop=\"headline\"  >Befehle um BBN Radio \u00fcber Google Home abzuspielen<\/h3><div class=\"special-heading-border\"><div class=\"special-heading-inner-border\"><\/div><\/div><\/div>\n<section  class='av_textblock_section av-1gtih42-2d006c80295808607eb4e930aac34124 '   itemscope=\"itemscope\" itemtype=\"https:\/\/schema.org\/CreativeWork\" ><div class='avia_textblock'  itemprop=\"text\" ><ul>\n<li><strong>&#8222;Hey Google, spiel BBN Radio.&#8220;<\/strong> (um BBN English zu h\u00f6ren)<\/li>\n<li><strong>&#8222;Hey Google, spiel BBN Spanisch.&#8220;<\/strong><\/li>\n<li><strong>&#8222;Hey Google, spiel BBN Portugiesisch.&#8220;<\/strong><\/li>\n<li><strong>&#8222;Hey Google, spiel BBN Chinesisch.&#8220;<\/strong><\/li>\n<li><strong>&#8222;Hey Google, spiel BBN Japanisch.&#8220;<\/strong><\/li>\n<li><strong>&#8222;Hey Google, spiel BBN Koreanisch.&#8220;<\/strong><\/li>\n<li><strong>&#8222;Hey Google, spiel BBN Deutsch.&#8220;<\/strong><\/li>\n<li><strong>&#8222;Hey Google, spiel BBN Russisch.&#8220;<\/strong><\/li>\n<\/ul>\n<p>Es muss der genaue Befehl gegeben werden, damit Google Home erkennt, was zu tun ist. Sie k\u00f6nnen auch \u201estarte\u201c anstelle von \u201espiel\u201c sagen.<\/p>\n<p>Falls Google Home BBN nicht spielt, versuchen Sie \u201eBBN\u201c langsamer zu sagen, und f\u00fcgen Sie eine kurze Pause zwischen den Buchstaben ein.<\/p>\n<\/div><\/section>\n\n<style type=\"text\/css\" data-created_by=\"avia_inline_auto\" id=\"style-css-av-jsm9qwc1-b7b2526edb515ca955073cbedd519d16\">\n#top .av-special-heading.av-jsm9qwc1-b7b2526edb515ca955073cbedd519d16{\npadding-bottom:10px;\n}\nbody .av-special-heading.av-jsm9qwc1-b7b2526edb515ca955073cbedd519d16 .av-special-heading-tag .heading-char{\nfont-size:25px;\n}\n.av-special-heading.av-jsm9qwc1-b7b2526edb515ca955073cbedd519d16 .av-subheading{\nfont-size:15px;\n}\n<\/style>\n<div  class='av-special-heading av-jsm9qwc1-b7b2526edb515ca955073cbedd519d16 av-special-heading-h3  avia-builder-el-4  el_after_av_textblock  el_before_av_textblock '><h3 class='av-special-heading-tag '  itemprop=\"headline\"  >Kompatible Google Home-Ger\u00e4te<\/h3><div class=\"special-heading-border\"><div class=\"special-heading-inner-border\"><\/div><\/div><\/div>\n<section  class='av_textblock_section av-1ue37m-f9ddbdb3de58624e15e1a1052f159106 '   itemscope=\"itemscope\" itemtype=\"https:\/\/schema.org\/CreativeWork\" ><div class='avia_textblock'  itemprop=\"text\" ><ul>\n<li>Google Home<\/li>\n<li>Google Home Mini<\/li>\n<li>Google Home Max<\/li>\n<\/ul>\n<p>Falls Sie jemanden kennen, der sehbehindert ist und bereits \u00fcber ein Google-Home verf\u00fcgt, ist dies m\u00f6glicherweise die perfekte M\u00f6glichkeit BBN zu h\u00f6ren!<\/p>\n<\/div><\/section>\n<!-- AddThis Advanced Settings generic via filter on the_content --><!-- AddThis Share Buttons generic via filter on the_content -->","protected":false},"excerpt":{"rendered":"<p><!-- AddThis Advanced Settings generic via filter on get_the_excerpt --><!-- AddThis Share Buttons generic via filter on get_the_excerpt --><\/p>\n","protected":false},"author":3,"featured_media":12008,"parent":0,"menu_order":0,"comment_status":"closed","ping_status":"closed","template":"","meta":{"footnotes":""},"categories":[],"tags":[],"class_list":["post-12002","page","type-page","status-publish","has-post-thumbnail","hentry"],"yoast_head":"<!-- This site is optimized with the Yoast SEO Premium plugin v24.8 (Yoast SEO v24.8.1) - https:\/\/yoast.com\/wordpress\/plugins\/seo\/ -->\n<title>BBN mit Google Home h\u00f6ren<\/title>\n<meta name=\"robots\" content=\"index, follow, max-snippet:-1, max-image-preview:large, max-video-preview:-1\" \/>\n<link rel=\"canonical\" href=\"https:\/\/bbn1.bbnradio.org\/german\/google-home\/\" \/>\n<meta property=\"og:locale\" content=\"de_DE\" \/>\n<meta property=\"og:type\" content=\"article\" \/>\n<meta property=\"og:title\" content=\"BBN mit Google Home h\u00f6ren\" \/>\n<meta property=\"og:description\" content=\"An manchen Orten kann man BBN mit Google Home h\u00f6ren!\" \/>\n<meta property=\"og:url\" content=\"https:\/\/bbn1.bbnradio.org\/german\/google-home\/\" \/>\n<meta property=\"og:site_name\" content=\"BBN\" \/>\n<meta property=\"article:publisher\" content=\"https:\/\/www.facebook.com\/BBNGerman\/\" \/>\n<meta property=\"article:modified_time\" content=\"2019-02-26T21:17:56+00:00\" \/>\n<meta property=\"og:image\" content=\"https:\/\/bbn1.bbnradio.org\/german\/wp-content\/uploads\/sites\/9\/2018\/02\/BBN-on-Google-Home.jpg\" \/>\n\t<meta property=\"og:image:width\" content=\"1200\" \/>\n\t<meta property=\"og:image:height\" content=\"628\" \/>\n\t<meta property=\"og:image:type\" content=\"image\/jpeg\" \/>\n<meta name=\"twitter:card\" content=\"summary_large_image\" \/>\n<meta name=\"twitter:title\" content=\"BBN mit Google Home h\u00f6ren\" \/>\n<meta name=\"twitter:description\" content=\"An manchen Orten kann man BBN mit Google Home h\u00f6ren!\" \/>\n<meta name=\"twitter:image\" content=\"https:\/\/bbn1.bbnradio.org\/german\/wp-content\/uploads\/sites\/9\/2018\/02\/BBN-on-Google-Home.jpg\" \/>\n<meta name=\"twitter:site\" content=\"@BBNDeutsch\" \/>\n<meta name=\"twitter:label1\" content=\"Gesch\u00e4tzte Lesezeit\" \/>\n\t<meta name=\"twitter:data1\" content=\"3\u00a0Minuten\" \/>\n<script type=\"application\/ld+json\" class=\"yoast-schema-graph\">{\"@context\":\"https:\/\/schema.org\",\"@graph\":[{\"@type\":\"WebPage\",\"@id\":\"https:\/\/bbn1.bbnradio.org\/german\/google-home\/\",\"url\":\"https:\/\/bbn1.bbnradio.org\/german\/google-home\/\",\"name\":\"BBN mit Google Home h\u00f6ren\",\"isPartOf\":{\"@id\":\"https:\/\/bbn1.bbnradio.org\/german\/#website\"},\"primaryImageOfPage\":{\"@id\":\"https:\/\/bbn1.bbnradio.org\/german\/google-home\/#primaryimage\"},\"image\":{\"@id\":\"https:\/\/bbn1.bbnradio.org\/german\/google-home\/#primaryimage\"},\"thumbnailUrl\":\"https:\/\/bbn1.bbnradio.org\/german\/wp-content\/uploads\/sites\/9\/2018\/02\/BBN-on-Google-Home.jpg\",\"datePublished\":\"2018-02-21T14:57:09+00:00\",\"dateModified\":\"2019-02-26T21:17:56+00:00\",\"breadcrumb\":{\"@id\":\"https:\/\/bbn1.bbnradio.org\/german\/google-home\/#breadcrumb\"},\"inLanguage\":\"de\",\"potentialAction\":[{\"@type\":\"ReadAction\",\"target\":[\"https:\/\/bbn1.bbnradio.org\/german\/google-home\/\"]}]},{\"@type\":\"ImageObject\",\"inLanguage\":\"de\",\"@id\":\"https:\/\/bbn1.bbnradio.org\/german\/google-home\/#primaryimage\",\"url\":\"https:\/\/bbn1.bbnradio.org\/german\/wp-content\/uploads\/sites\/9\/2018\/02\/BBN-on-Google-Home.jpg\",\"contentUrl\":\"https:\/\/bbn1.bbnradio.org\/german\/wp-content\/uploads\/sites\/9\/2018\/02\/BBN-on-Google-Home.jpg\",\"width\":1200,\"height\":628},{\"@type\":\"BreadcrumbList\",\"@id\":\"https:\/\/bbn1.bbnradio.org\/german\/google-home\/#breadcrumb\",\"itemListElement\":[{\"@type\":\"ListItem\",\"position\":1,\"name\":\"Home\",\"item\":\"https:\/\/bbn1.bbnradio.org\/german\/home\/\"},{\"@type\":\"ListItem\",\"position\":2,\"name\":\"Google Home\"}]},{\"@type\":\"WebSite\",\"@id\":\"https:\/\/bbn1.bbnradio.org\/german\/#website\",\"url\":\"https:\/\/bbn1.bbnradio.org\/german\/\",\"name\":\"BBN\",\"description\":\"BBN\",\"potentialAction\":[{\"@type\":\"SearchAction\",\"target\":{\"@type\":\"EntryPoint\",\"urlTemplate\":\"https:\/\/bbn1.bbnradio.org\/german\/?s={search_term_string}\"},\"query-input\":{\"@type\":\"PropertyValueSpecification\",\"valueRequired\":true,\"valueName\":\"search_term_string\"}}],\"inLanguage\":\"de\"}]}<\/script>\n<!-- \/ Yoast SEO Premium plugin. -->","yoast_head_json":{"title":"BBN mit Google Home h\u00f6ren","robots":{"index":"index","follow":"follow","max-snippet":"max-snippet:-1","max-image-preview":"max-image-preview:large","max-video-preview":"max-video-preview:-1"},"canonical":"https:\/\/bbn1.bbnradio.org\/german\/google-home\/","og_locale":"de_DE","og_type":"article","og_title":"BBN mit Google Home h\u00f6ren","og_description":"An manchen Orten kann man BBN mit Google Home h\u00f6ren!","og_url":"https:\/\/bbn1.bbnradio.org\/german\/google-home\/","og_site_name":"BBN","article_publisher":"https:\/\/www.facebook.com\/BBNGerman\/","article_modified_time":"2019-02-26T21:17:56+00:00","og_image":[{"width":1200,"height":628,"url":"https:\/\/bbn1.bbnradio.org\/german\/wp-content\/uploads\/sites\/9\/2018\/02\/BBN-on-Google-Home.jpg","type":"image\/jpeg"}],"twitter_card":"summary_large_image","twitter_title":"BBN mit Google Home h\u00f6ren","twitter_description":"An manchen Orten kann man BBN mit Google Home h\u00f6ren!","twitter_image":"https:\/\/bbn1.bbnradio.org\/german\/wp-content\/uploads\/sites\/9\/2018\/02\/BBN-on-Google-Home.jpg","twitter_site":"@BBNDeutsch","twitter_misc":{"Gesch\u00e4tzte Lesezeit":"3\u00a0Minuten"},"schema":{"@context":"https:\/\/schema.org","@graph":[{"@type":"WebPage","@id":"https:\/\/bbn1.bbnradio.org\/german\/google-home\/","url":"https:\/\/bbn1.bbnradio.org\/german\/google-home\/","name":"BBN mit Google Home h\u00f6ren","isPartOf":{"@id":"https:\/\/bbn1.bbnradio.org\/german\/#website"},"primaryImageOfPage":{"@id":"https:\/\/bbn1.bbnradio.org\/german\/google-home\/#primaryimage"},"image":{"@id":"https:\/\/bbn1.bbnradio.org\/german\/google-home\/#primaryimage"},"thumbnailUrl":"https:\/\/bbn1.bbnradio.org\/german\/wp-content\/uploads\/sites\/9\/2018\/02\/BBN-on-Google-Home.jpg","datePublished":"2018-02-21T14:57:09+00:00","dateModified":"2019-02-26T21:17:56+00:00","breadcrumb":{"@id":"https:\/\/bbn1.bbnradio.org\/german\/google-home\/#breadcrumb"},"inLanguage":"de","potentialAction":[{"@type":"ReadAction","target":["https:\/\/bbn1.bbnradio.org\/german\/google-home\/"]}]},{"@type":"ImageObject","inLanguage":"de","@id":"https:\/\/bbn1.bbnradio.org\/german\/google-home\/#primaryimage","url":"https:\/\/bbn1.bbnradio.org\/german\/wp-content\/uploads\/sites\/9\/2018\/02\/BBN-on-Google-Home.jpg","contentUrl":"https:\/\/bbn1.bbnradio.org\/german\/wp-content\/uploads\/sites\/9\/2018\/02\/BBN-on-Google-Home.jpg","width":1200,"height":628},{"@type":"BreadcrumbList","@id":"https:\/\/bbn1.bbnradio.org\/german\/google-home\/#breadcrumb","itemListElement":[{"@type":"ListItem","position":1,"name":"Home","item":"https:\/\/bbn1.bbnradio.org\/german\/home\/"},{"@type":"ListItem","position":2,"name":"Google Home"}]},{"@type":"WebSite","@id":"https:\/\/bbn1.bbnradio.org\/german\/#website","url":"https:\/\/bbn1.bbnradio.org\/german\/","name":"BBN","description":"BBN","potentialAction":[{"@type":"SearchAction","target":{"@type":"EntryPoint","urlTemplate":"https:\/\/bbn1.bbnradio.org\/german\/?s={search_term_string}"},"query-input":{"@type":"PropertyValueSpecification","valueRequired":true,"valueName":"search_term_string"}}],"inLanguage":"de"}]}},"jetpack_sharing_enabled":true,"jetpack_shortlink":"https:\/\/wp.me\/PgZlJB-37A","_links":{"self":[{"href":"https:\/\/bbn1.bbnradio.org\/german\/wp-json\/wp\/v2\/pages\/12002","targetHints":{"allow":["GET"]}}],"collection":[{"href":"https:\/\/bbn1.bbnradio.org\/german\/wp-json\/wp\/v2\/pages"}],"about":[{"href":"https:\/\/bbn1.bbnradio.org\/german\/wp-json\/wp\/v2\/types\/page"}],"author":[{"embeddable":true,"href":"https:\/\/bbn1.bbnradio.org\/german\/wp-json\/wp\/v2\/users\/3"}],"replies":[{"embeddable":true,"href":"https:\/\/bbn1.bbnradio.org\/german\/wp-json\/wp\/v2\/comments?post=12002"}],"version-history":[{"count":3,"href":"https:\/\/bbn1.bbnradio.org\/german\/wp-json\/wp\/v2\/pages\/12002\/revisions"}],"predecessor-version":[{"id":14662,"href":"https:\/\/bbn1.bbnradio.org\/german\/wp-json\/wp\/v2\/pages\/12002\/revisions\/14662"}],"wp:featuredmedia":[{"embeddable":true,"href":"https:\/\/bbn1.bbnradio.org\/german\/wp-json\/wp\/v2\/media\/12008"}],"wp:attachment":[{"href":"https:\/\/bbn1.bbnradio.org\/german\/wp-json\/wp\/v2\/media?parent=12002"}],"wp:term":[{"taxonomy":"category","embeddable":true,"href":"https:\/\/bbn1.bbnradio.org\/german\/wp-json\/wp\/v2\/categories?post=12002"},{"taxonomy":"post_tag","embeddable":true,"href":"https:\/\/bbn1.bbnradio.org\/german\/wp-json\/wp\/v2\/tags?post=12002"}],"curies":[{"name":"wp","href":"https:\/\/api.w.org\/{rel}","templated":true}]}}