{"id":15,"date":"2016-02-10T21:18:22","date_gmt":"2016-02-10T21:18:22","guid":{"rendered":"http:\/\/bbn1.bbnradio.org\/german\/?page_id=15"},"modified":"2025-05-27T15:14:34","modified_gmt":"2025-05-27T20:14:34","slug":"die-5-beliebtesten-kurse-waehrend-der-woche-der-herausforderung","status":"publish","type":"page","link":"https:\/\/bbn1.bbnradio.org\/german\/die-5-beliebtesten-kurse-waehrend-der-woche-der-herausforderung\/","title":{"rendered":"Die 5 beliebtesten Kurse w\u00e4hrend der Woche der Herausforderung"},"content":{"rendered":"<div  class='avia-button-wrap av-636r3-c7b61ce768c719c91733d5a8cbd35f6e-wrap avia-button-left  avia-builder-el-0  el_before_av_hr  avia-builder-el-first '><a href='https://\/\/bbn1.bbnradio.org\/german\/woche-der-herausforderung\/?PHPSESSID=B7WUym0KmlLGSHiK5O%2CdqX9c9ESgZWpR'  class='avia-button av-636r3-c7b61ce768c719c91733d5a8cbd35f6e av-link-btn avia-icon_select-yes-left-icon avia-size-large avia-position-left avia-color-theme-color'   aria-label=\"zur\u00fcck\"><span class='avia_button_icon avia_button_icon_left avia-iconfont avia-font-entypo-fontello' data-av_icon='\ue874' data-av_iconfont='entypo-fontello' ><\/span><span class='avia_iconbox_title' >zur\u00fcck<\/span><\/a><\/div>\n\n<style type=\"text\/css\" data-created_by=\"avia_inline_auto\" id=\"style-css-av-5xn27-b3c4296f12ab8eeb457e579507d3722d\">\n#top .hr.hr-invisible.av-5xn27-b3c4296f12ab8eeb457e579507d3722d{\nheight:25px;\n}\n<\/style>\n<div  class='hr av-5xn27-b3c4296f12ab8eeb457e579507d3722d hr-invisible  avia-builder-el-1  el_after_av_button  el_before_av_one_full '><span class='hr-inner '><span class=\"hr-inner-style\"><\/span><\/span><\/div>\n\n<style type=\"text\/css\" data-created_by=\"avia_inline_auto\" id=\"style-css-av-51kib-ee2b7021cb85ac1c31ea649d9ea5b35f\">\n.flex_column.av-51kib-ee2b7021cb85ac1c31ea649d9ea5b35f{\nborder-radius:0px 0px 0px 0px;\npadding:0px 0px 0px 0px;\n}\n<\/style>\n<div  class='flex_column av-51kib-ee2b7021cb85ac1c31ea649d9ea5b35f av_one_full  avia-builder-el-2  el_after_av_hr  avia-builder-el-last  first flex_column_div av-zero-column-padding  '     ><p>\n<style type=\"text\/css\" data-created_by=\"avia_inline_auto\" id=\"style-css-av-3yg6b-9160e672569615d3090bf03a88b47314\">\n#top .av-special-heading.av-3yg6b-9160e672569615d3090bf03a88b47314{\npadding-bottom:10px;\n}\nbody .av-special-heading.av-3yg6b-9160e672569615d3090bf03a88b47314 .av-special-heading-tag .heading-char{\nfont-size:25px;\n}\n.av-special-heading.av-3yg6b-9160e672569615d3090bf03a88b47314 .av-subheading{\nfont-size:15px;\n}\n<\/style>\n<div  class='av-special-heading av-3yg6b-9160e672569615d3090bf03a88b47314 av-special-heading-h1 blockquote modern-quote  avia-builder-el-3  el_before_av_iconlist  avia-builder-el-first '><h1 class='av-special-heading-tag '  itemprop=\"headline\"  >5 f\u00fcr Sie ausgew\u00e4hlte Kurse<\/h1><div class=\"special-heading-border\"><div class=\"special-heading-inner-border\"><\/div><\/div><\/div><br \/>\n\n<style type=\"text\/css\" data-created_by=\"avia_inline_auto\" id=\"style-css-av-40ot3-78fcc08d1a618a58135fffce44c1449e\">\n#top .avia-icon-list-container.av-40ot3-78fcc08d1a618a58135fffce44c1449e .iconlist_icon{\ncolor:#003800;\nbackground-color:#ffffff;\nborder:1px solid #003800;\n}\n#top .avia-icon-list-container.av-40ot3-78fcc08d1a618a58135fffce44c1449e .iconlist_icon svg:first-child{\nstroke:#003800;\nfill:#003800;\n}\n<\/style>\n<div  class='avia-icon-list-container av-40ot3-78fcc08d1a618a58135fffce44c1449e  avia-builder-el-4  el_after_av_heading  avia-builder-el-last '><ul class='avia-icon-list avia_animate_when_almost_visible avia-icon-list-left av-iconlist-big av-40ot3-78fcc08d1a618a58135fffce44c1449e avia-iconlist-animate'>\n<li><a href='https://\/\/www.bbnradio.org\/WCM4\/BibelInstitut\/Kursauswahl\/tabid\/2707\/CourseID\/783\/Default.aspx?PHPSESSID=B7WUym0KmlLGSHiK5O%2CdqX9c9ESgZWpR' title='34400 Die Kleinen Propheten Joel und Amos'  target=\"_blank\"  rel=\"noopener noreferrer\" class='iconlist_icon av-3ht6f-9fdab73e334d9a0e5f91eeda5f1ed133 avia-font-entypo-fontello avia-iconfont avia-font-entypo-fontello'><span class='av-icon-char' data-av_icon='\ue832' data-av_iconfont='entypo-fontello' aria-hidden=\"true\"><\/span><\/a><article class=\"article-icon-entry \"  itemscope=\"itemscope\" itemtype=\"https:\/\/schema.org\/CreativeWork\" ><div class=\"iconlist_content_wrap\"><header class=\"entry-content-header\" aria-label=\"Icon: &lt;a href=&#039;https:\/\/www.bbnradio.org\/WCM4\/BibelInstitut\/Kursauswahl\/tabid\/2707\/CourseID\/783\/Default.aspx&#039; title=&#039;34400 Die Kleinen Propheten Joel und Amos&#039; target=&quot;_blank&quot;  rel=&quot;noopener noreferrer&quot;&gt;34400 Die Kleinen Propheten Joel und Amos&lt;\/a&gt;\"><h4 class='av_iconlist_title iconlist_title  '  itemprop=\"headline\" ><a href='https://\/\/www.bbnradio.org\/WCM4\/BibelInstitut\/Kursauswahl\/tabid\/2707\/CourseID\/783\/Default.aspx?PHPSESSID=B7WUym0KmlLGSHiK5O%2CdqX9c9ESgZWpR' title='34400 Die Kleinen Propheten Joel und Amos' target=\"_blank\"  rel=\"noopener noreferrer\">34400 Die Kleinen Propheten Joel und Amos<\/a><\/h4><\/header><div class='iconlist_content '  itemprop=\"text\" ><p>In diesen 10 relevanten Lektionen spricht R\u00fcdiger Klaue \u00fcber die Propheten Joel und Amos, die das Volk Gottes zur Bu\u00dfe aufriefen, weil Gott sie erwecken wollte. Katastrophen und Gerichtsandrohungen sollten auf Gottes Gerechtigkeit aufmerksam machen. ER ist ein Gott der straft, aber auch errettet und seinem Volk hoffnungsbringende Verhei\u00dfungen gibt.<\/p>\n<\/div><\/div><footer class=\"entry-footer\"><\/footer><\/article><div class=\"iconlist-timeline\"><\/div><\/li>\n<li><a href='https://\/\/www.bbnradio.org\/WCM4\/BibelInstitut\/Kursauswahl\/tabid\/2707\/CourseID\/660\/Default.aspx?PHPSESSID=B7WUym0KmlLGSHiK5O%2CdqX9c9ESgZWpR' title='40200 Abraham'  target=\"_blank\"  rel=\"noopener noreferrer\" class='iconlist_icon av-2xdgb-7b22af0efc2772f0051e14a2377d78ca avia-font-entypo-fontello avia-iconfont avia-font-entypo-fontello'><span class='av-icon-char' data-av_icon='\ue832' data-av_iconfont='entypo-fontello' aria-hidden=\"true\"><\/span><\/a><article class=\"article-icon-entry \"  itemscope=\"itemscope\" itemtype=\"https:\/\/schema.org\/CreativeWork\" ><div class=\"iconlist_content_wrap\"><header class=\"entry-content-header\" aria-label=\"Icon: &lt;a href=&#039;https:\/\/www.bbnradio.org\/WCM4\/BibelInstitut\/Kursauswahl\/tabid\/2707\/CourseID\/660\/Default.aspx&#039; title=&#039;40200 Abraham&#039; target=&quot;_blank&quot;  rel=&quot;noopener noreferrer&quot;&gt;40200 Abraham&lt;\/a&gt;\"><h4 class='av_iconlist_title iconlist_title  '  itemprop=\"headline\" ><a href='https://\/\/www.bbnradio.org\/WCM4\/BibelInstitut\/Kursauswahl\/tabid\/2707\/CourseID\/660\/Default.aspx?PHPSESSID=B7WUym0KmlLGSHiK5O%2CdqX9c9ESgZWpR' title='40200 Abraham' target=\"_blank\"  rel=\"noopener noreferrer\">40200 Abraham<\/a><\/h4><\/header><div class='iconlist_content '  itemprop=\"text\" ><p>Angefangen bei 1. Mose 12, bis 1. Mose 23 spricht Scheffbuch in diesen 9 markanten Lektionen \u00fcber das Leben des Vaters des Glaubens: Abraham. Wir lernen von Abraham mit Gottes Willen in unserem Leben umzugehen; uns an den Verhei\u00dfungen Gottes zu halten; fest an Gott zu glauben, weil bei Ihm kein Ding unm\u00f6glich ist; und den bevorstehenden Pr\u00fcfungen siegreich entgegenzugehen.<\/p>\n<\/div><\/div><footer class=\"entry-footer\"><\/footer><\/article><div class=\"iconlist-timeline\"><\/div><\/li>\n<li><a href='https://\/\/www.bbnradio.org\/WCM4\/BibelInstitut\/Kursauswahl\/tabid\/2707\/CourseID\/651\/Default.aspx?PHPSESSID=B7WUym0KmlLGSHiK5O%2CdqX9c9ESgZWpR' title='30100 Die 5 B\u00fccher Mose'  target=\"_blank\"  rel=\"noopener noreferrer\" class='iconlist_icon av-1wrxr-e3de49507462f13a41ef11a84eaa4c4f avia-font-entypo-fontello avia-iconfont avia-font-entypo-fontello'><span class='av-icon-char' data-av_icon='\ue832' data-av_iconfont='entypo-fontello' aria-hidden=\"true\"><\/span><\/a><article class=\"article-icon-entry \"  itemscope=\"itemscope\" itemtype=\"https:\/\/schema.org\/CreativeWork\" ><div class=\"iconlist_content_wrap\"><header class=\"entry-content-header\" aria-label=\"Icon: &lt;a href=&#039;https:\/\/www.bbnradio.org\/WCM4\/BibelInstitut\/Kursauswahl\/tabid\/2707\/CourseID\/651\/Default.aspx&#039; title=&#039;30100 Die 5 B\u00fccher Mose&#039; target=&quot;_blank&quot;  rel=&quot;noopener noreferrer&quot;&gt;30100 Die 5 B\u00fccher Mose&lt;\/a&gt;\"><h4 class='av_iconlist_title iconlist_title  '  itemprop=\"headline\" ><a href='https://\/\/www.bbnradio.org\/WCM4\/BibelInstitut\/Kursauswahl\/tabid\/2707\/CourseID\/651\/Default.aspx?PHPSESSID=B7WUym0KmlLGSHiK5O%2CdqX9c9ESgZWpR' title='30100 Die 5 B\u00fccher Mose' target=\"_blank\"  rel=\"noopener noreferrer\">30100 Die 5 B\u00fccher Mose<\/a><\/h4><\/header><div class='iconlist_content '  itemprop=\"text\" ><p>Das Gesetz Mose ist die Grundlage \u00fcberhaupt der ganzen Bibel, die Ausgangslage der gesamten biblischen Offenbarung. Diese 5 relevanten Unterrichtsstunden zeigen uns die Bedeutung jedes der f\u00fcnf B\u00fccher Mose, den Abrahamitischen und den Sinaitischen Bund, die Gnade im Gesetz Mose, die Bedeutung der Opfer, aber vor allem, sie zeigen uns den Messias.<\/p>\n<\/div><\/div><footer class=\"entry-footer\"><\/footer><\/article><div class=\"iconlist-timeline\"><\/div><\/li>\n<li><a href='https://\/\/www.bbnradio.org\/WCM4\/BibelInstitut\/Kursauswahl\/tabid\/2707\/CourseID\/642\/Default.aspx?PHPSESSID=B7WUym0KmlLGSHiK5O%2CdqX9c9ESgZWpR' title='10200 Der Heilige Geist '  target=\"_blank\"  rel=\"noopener noreferrer\" class='iconlist_icon av-1j4i3-92541dad8c20f07c8fcc442e24e9fda2 avia-font-entypo-fontello avia-iconfont avia-font-entypo-fontello'><span class='av-icon-char' data-av_icon='\ue832' data-av_iconfont='entypo-fontello' aria-hidden=\"true\"><\/span><\/a><article class=\"article-icon-entry \"  itemscope=\"itemscope\" itemtype=\"https:\/\/schema.org\/CreativeWork\" ><div class=\"iconlist_content_wrap\"><header class=\"entry-content-header\" aria-label=\"Icon: &lt;a href=&#039;https:\/\/www.bbnradio.org\/WCM4\/BibelInstitut\/Kursauswahl\/tabid\/2707\/CourseID\/642\/Default.aspx&#039; title=&#039;10200 Der Heilige Geist &#039; target=&quot;_blank&quot;  rel=&quot;noopener noreferrer&quot;&gt;10200 Der Heilige Geist &lt;\/a&gt;\"><h4 class='av_iconlist_title iconlist_title  '  itemprop=\"headline\" ><a href='https://\/\/www.bbnradio.org\/WCM4\/BibelInstitut\/Kursauswahl\/tabid\/2707\/CourseID\/642\/Default.aspx?PHPSESSID=B7WUym0KmlLGSHiK5O%2CdqX9c9ESgZWpR' title='10200 Der Heilige Geist ' target=\"_blank\"  rel=\"noopener noreferrer\">10200 Der Heilige Geist <\/a><\/h4><\/header><div class='iconlist_content '  itemprop=\"text\" ><p>\u201eWer ist der Heilige Geist?\u201c; \u201eWie hat er im Alten Testament gewirkt?\u201c; \u201eWie wirkt der Heilige Geist heute?\u201c; \u201eWas bedeutet es erf\u00fcllt mit dem Heiligen Geist zu sein?\u201c. Das sind einige Fragen die Rudi Bork und Thomas R\u00f6merscheidt in diesen unverzichtbaren 5 Lektionen beantworten.<\/p>\n<\/div><\/div><footer class=\"entry-footer\"><\/footer><\/article><div class=\"iconlist-timeline\"><\/div><\/li>\n<li><a href='https://\/\/www.bbnradio.org\/WCM4\/BibelInstitut\/Kursauswahl\/tabid\/2707\/CourseID\/916\/Default.aspx?PHPSESSID=B7WUym0KmlLGSHiK5O%2CdqX9c9ESgZWpR' title='10500 Zungenreden und geistliche Gaben'  target=\"_blank\"  rel=\"noopener noreferrer\" class='iconlist_icon av-16cuv-74209d6327053c925620b9fcba2cc839 avia-font-entypo-fontello avia-iconfont avia-font-entypo-fontello'><span class='av-icon-char' data-av_icon='\ue832' data-av_iconfont='entypo-fontello' aria-hidden=\"true\"><\/span><\/a><article class=\"article-icon-entry \"  itemscope=\"itemscope\" itemtype=\"https:\/\/schema.org\/CreativeWork\" ><div class=\"iconlist_content_wrap\"><header class=\"entry-content-header\" aria-label=\"Icon: &lt;a href=&#039;https:\/\/www.bbnradio.org\/WCM4\/BibelInstitut\/Kursauswahl\/tabid\/2707\/CourseID\/916\/Default.aspx&#039; title=&#039;10500 Zungenreden und geistliche Gaben&#039; target=&quot;_blank&quot;  rel=&quot;noopener noreferrer&quot;&gt;10500 Zungenreden und geistliche Gaben&lt;\/a&gt;\"><h4 class='av_iconlist_title iconlist_title  '  itemprop=\"headline\" ><a href='https://\/\/www.bbnradio.org\/WCM4\/BibelInstitut\/Kursauswahl\/tabid\/2707\/CourseID\/916\/Default.aspx?PHPSESSID=B7WUym0KmlLGSHiK5O%2CdqX9c9ESgZWpR' title='10500 Zungenreden und geistliche Gaben' target=\"_blank\"  rel=\"noopener noreferrer\">10500 Zungenreden und geistliche Gaben<\/a><\/h4><\/header><div class='iconlist_content '  itemprop=\"text\" ><p>In 8 lehrreichen Lektionen untersucht Dr. Roger Liebi dieses brisante Thema, das so viel Verwirrung in christlichen Gemeinden verursacht. Die ersten vier Lektionen besch\u00e4ftigen sich mit dem Ph\u00e4nomen des Zungenredens, bzw. Sprachenredens, wie sie in der Bibel sowohl im Alten als auch im Neuen Testament vorkommen. Er beantwortet unter anderem Fragen wie: \u201eWas genau ist das Sprachenreden?\u201c, \u201eWas geschieht, wenn es keine \u00dcbersetzung gibt?\u201c, \u201eWelche Rolle spielt das Zungenreden heute?\u201c. In den letzten 4 Lektionen macht Dr. Liebi eine Auslegung, Vers-f\u00fcr-Vers, von 2. Korinther 12-14 und behandelt das Thema \u201eGeistliche Gaben\u201c, wo es darum geht mit welcher Motivation und zu welchem Zweck die Geistesgaben in der Gemeinde zum Einsatz kommen sollten.<\/p>\n<\/div><\/div><footer class=\"entry-footer\"><\/footer><\/article><div class=\"iconlist-timeline\"><\/div><\/li>\n<\/ul><\/div><\/p><\/div>\n<!-- AddThis Advanced Settings generic via filter on the_content --><!-- AddThis Share Buttons generic via filter on the_content -->","protected":false},"excerpt":{"rendered":"<p><!-- AddThis Advanced Settings generic via filter on get_the_excerpt --><!-- AddThis Share Buttons generic via filter on get_the_excerpt --><\/p>\n","protected":false},"author":3,"featured_media":0,"parent":0,"menu_order":0,"comment_status":"closed","ping_status":"closed","template":"","meta":{"footnotes":""},"categories":[],"tags":[],"class_list":["post-15","page","type-page","status-publish","hentry"],"yoast_head":"<!-- This site is optimized with the Yoast SEO Premium plugin v24.8 (Yoast SEO v24.8.1) - https:\/\/yoast.com\/wordpress\/plugins\/seo\/ -->\n<title>Die 5 beliebtesten Kurse f\u00fcr die Woche der Herausforderung<\/title>\n<meta name=\"description\" content=\"Absolvieren Sie einen Kurs bis zum 12. Juni! Das ist die HERAUSFORDERUNG des BBN Bibel-Instituts.\" \/>\n<meta name=\"robots\" content=\"index, follow, max-snippet:-1, max-image-preview:large, max-video-preview:-1\" \/>\n<link rel=\"canonical\" href=\"https:\/\/bbn1.bbnradio.org\/german\/die-5-beliebtesten-kurse-waehrend-der-woche-der-herausforderung\/\" \/>\n<meta property=\"og:locale\" content=\"de_DE\" \/>\n<meta property=\"og:type\" content=\"article\" \/>\n<meta property=\"og:title\" content=\"Eine HERAUSFORDERUNG des BBN Bibel-Instituts.\" \/>\n<meta property=\"og:description\" content=\"Absolvieren Sie einen Kurs bis zum 12. Juni!\" \/>\n<meta property=\"og:url\" content=\"https:\/\/bbn1.bbnradio.org\/german\/die-5-beliebtesten-kurse-waehrend-der-woche-der-herausforderung\/\" \/>\n<meta property=\"og:site_name\" content=\"BBN\" \/>\n<meta property=\"article:publisher\" content=\"https:\/\/www.facebook.com\/BBNGerman\/\" \/>\n<meta property=\"article:modified_time\" content=\"2025-05-27T20:14:34+00:00\" \/>\n<meta property=\"og:image\" content=\"http:\/\/bbn1.bbnradio.org\/german\/wp-content\/uploads\/sites\/9\/2024\/05\/GE2024-ChallengeWeek-GlobalSM.jpg\" \/>\n\t<meta property=\"og:image:width\" content=\"1200\" \/>\n\t<meta property=\"og:image:height\" content=\"627\" \/>\n\t<meta property=\"og:image:type\" content=\"image\/jpeg\" \/>\n<meta name=\"twitter:card\" content=\"summary_large_image\" \/>\n<meta name=\"twitter:title\" content=\"Eine HERAUSFORDERUNG des BBN Bibel-Instituts.\" \/>\n<meta name=\"twitter:description\" content=\"Absolvieren Sie einen Kurs bis zum 12. Juni!\" \/>\n<meta name=\"twitter:site\" content=\"@BBNDeutsch\" \/>\n<meta name=\"twitter:label1\" content=\"Gesch\u00e4tzte Lesezeit\" \/>\n\t<meta name=\"twitter:data1\" content=\"5\u00a0Minuten\" \/>\n<script type=\"application\/ld+json\" class=\"yoast-schema-graph\">{\"@context\":\"https:\/\/schema.org\",\"@graph\":[{\"@type\":\"WebPage\",\"@id\":\"https:\/\/bbn1.bbnradio.org\/german\/die-5-beliebtesten-kurse-waehrend-der-woche-der-herausforderung\/\",\"url\":\"https:\/\/bbn1.bbnradio.org\/german\/die-5-beliebtesten-kurse-waehrend-der-woche-der-herausforderung\/\",\"name\":\"Die 5 beliebtesten Kurse f\u00fcr die Woche der Herausforderung\",\"isPartOf\":{\"@id\":\"https:\/\/bbn1.bbnradio.org\/german\/#website\"},\"datePublished\":\"2016-02-10T21:18:22+00:00\",\"dateModified\":\"2025-05-27T20:14:34+00:00\",\"description\":\"Absolvieren Sie einen Kurs bis zum 12. Juni! Das ist die HERAUSFORDERUNG des BBN Bibel-Instituts.\",\"breadcrumb\":{\"@id\":\"https:\/\/bbn1.bbnradio.org\/german\/die-5-beliebtesten-kurse-waehrend-der-woche-der-herausforderung\/#breadcrumb\"},\"inLanguage\":\"de\",\"potentialAction\":[{\"@type\":\"ReadAction\",\"target\":[\"https:\/\/bbn1.bbnradio.org\/german\/die-5-beliebtesten-kurse-waehrend-der-woche-der-herausforderung\/\"]}]},{\"@type\":\"BreadcrumbList\",\"@id\":\"https:\/\/bbn1.bbnradio.org\/german\/die-5-beliebtesten-kurse-waehrend-der-woche-der-herausforderung\/#breadcrumb\",\"itemListElement\":[{\"@type\":\"ListItem\",\"position\":1,\"name\":\"Home\",\"item\":\"https:\/\/bbn1.bbnradio.org\/german\/home\/\"},{\"@type\":\"ListItem\",\"position\":2,\"name\":\"Die 5 beliebtesten Kurse w\u00e4hrend der Woche der Herausforderung\"}]},{\"@type\":\"WebSite\",\"@id\":\"https:\/\/bbn1.bbnradio.org\/german\/#website\",\"url\":\"https:\/\/bbn1.bbnradio.org\/german\/\",\"name\":\"BBN\",\"description\":\"BBN\",\"potentialAction\":[{\"@type\":\"SearchAction\",\"target\":{\"@type\":\"EntryPoint\",\"urlTemplate\":\"https:\/\/bbn1.bbnradio.org\/german\/?s={search_term_string}\"},\"query-input\":{\"@type\":\"PropertyValueSpecification\",\"valueRequired\":true,\"valueName\":\"search_term_string\"}}],\"inLanguage\":\"de\"}]}<\/script>\n<!-- \/ Yoast SEO Premium plugin. -->","yoast_head_json":{"title":"Die 5 beliebtesten Kurse f\u00fcr die Woche der Herausforderung","description":"Absolvieren Sie einen Kurs bis zum 12. Juni! Das ist die HERAUSFORDERUNG des BBN Bibel-Instituts.","robots":{"index":"index","follow":"follow","max-snippet":"max-snippet:-1","max-image-preview":"max-image-preview:large","max-video-preview":"max-video-preview:-1"},"canonical":"https:\/\/bbn1.bbnradio.org\/german\/die-5-beliebtesten-kurse-waehrend-der-woche-der-herausforderung\/","og_locale":"de_DE","og_type":"article","og_title":"Eine HERAUSFORDERUNG des BBN Bibel-Instituts.","og_description":"Absolvieren Sie einen Kurs bis zum 12. Juni!","og_url":"https:\/\/bbn1.bbnradio.org\/german\/die-5-beliebtesten-kurse-waehrend-der-woche-der-herausforderung\/","og_site_name":"BBN","article_publisher":"https:\/\/www.facebook.com\/BBNGerman\/","article_modified_time":"2025-05-27T20:14:34+00:00","og_image":[{"width":1200,"height":627,"url":"http:\/\/bbn1.bbnradio.org\/german\/wp-content\/uploads\/sites\/9\/2024\/05\/GE2024-ChallengeWeek-GlobalSM.jpg","type":"image\/jpeg"}],"twitter_card":"summary_large_image","twitter_title":"Eine HERAUSFORDERUNG des BBN Bibel-Instituts.","twitter_description":"Absolvieren Sie einen Kurs bis zum 12. Juni!","twitter_site":"@BBNDeutsch","twitter_misc":{"Gesch\u00e4tzte Lesezeit":"5\u00a0Minuten"},"schema":{"@context":"https:\/\/schema.org","@graph":[{"@type":"WebPage","@id":"https:\/\/bbn1.bbnradio.org\/german\/die-5-beliebtesten-kurse-waehrend-der-woche-der-herausforderung\/","url":"https:\/\/bbn1.bbnradio.org\/german\/die-5-beliebtesten-kurse-waehrend-der-woche-der-herausforderung\/","name":"Die 5 beliebtesten Kurse f\u00fcr die Woche der Herausforderung","isPartOf":{"@id":"https:\/\/bbn1.bbnradio.org\/german\/#website"},"datePublished":"2016-02-10T21:18:22+00:00","dateModified":"2025-05-27T20:14:34+00:00","description":"Absolvieren Sie einen Kurs bis zum 12. Juni! Das ist die HERAUSFORDERUNG des BBN Bibel-Instituts.","breadcrumb":{"@id":"https:\/\/bbn1.bbnradio.org\/german\/die-5-beliebtesten-kurse-waehrend-der-woche-der-herausforderung\/#breadcrumb"},"inLanguage":"de","potentialAction":[{"@type":"ReadAction","target":["https:\/\/bbn1.bbnradio.org\/german\/die-5-beliebtesten-kurse-waehrend-der-woche-der-herausforderung\/"]}]},{"@type":"BreadcrumbList","@id":"https:\/\/bbn1.bbnradio.org\/german\/die-5-beliebtesten-kurse-waehrend-der-woche-der-herausforderung\/#breadcrumb","itemListElement":[{"@type":"ListItem","position":1,"name":"Home","item":"https:\/\/bbn1.bbnradio.org\/german\/home\/"},{"@type":"ListItem","position":2,"name":"Die 5 beliebtesten Kurse w\u00e4hrend der Woche der Herausforderung"}]},{"@type":"WebSite","@id":"https:\/\/bbn1.bbnradio.org\/german\/#website","url":"https:\/\/bbn1.bbnradio.org\/german\/","name":"BBN","description":"BBN","potentialAction":[{"@type":"SearchAction","target":{"@type":"EntryPoint","urlTemplate":"https:\/\/bbn1.bbnradio.org\/german\/?s={search_term_string}"},"query-input":{"@type":"PropertyValueSpecification","valueRequired":true,"valueName":"search_term_string"}}],"inLanguage":"de"}]}},"jetpack_sharing_enabled":true,"jetpack_shortlink":"https:\/\/wp.me\/PgZlJB-f","_links":{"self":[{"href":"https:\/\/bbn1.bbnradio.org\/german\/wp-json\/wp\/v2\/pages\/15","targetHints":{"allow":["GET"]}}],"collection":[{"href":"https:\/\/bbn1.bbnradio.org\/german\/wp-json\/wp\/v2\/pages"}],"about":[{"href":"https:\/\/bbn1.bbnradio.org\/german\/wp-json\/wp\/v2\/types\/page"}],"author":[{"embeddable":true,"href":"https:\/\/bbn1.bbnradio.org\/german\/wp-json\/wp\/v2\/users\/3"}],"replies":[{"embeddable":true,"href":"https:\/\/bbn1.bbnradio.org\/german\/wp-json\/wp\/v2\/comments?post=15"}],"version-history":[{"count":4,"href":"https:\/\/bbn1.bbnradio.org\/german\/wp-json\/wp\/v2\/pages\/15\/revisions"}],"predecessor-version":[{"id":16330,"href":"https:\/\/bbn1.bbnradio.org\/german\/wp-json\/wp\/v2\/pages\/15\/revisions\/16330"}],"wp:attachment":[{"href":"https:\/\/bbn1.bbnradio.org\/german\/wp-json\/wp\/v2\/media?parent=15"}],"wp:term":[{"taxonomy":"category","embeddable":true,"href":"https:\/\/bbn1.bbnradio.org\/german\/wp-json\/wp\/v2\/categories?post=15"},{"taxonomy":"post_tag","embeddable":true,"href":"https:\/\/bbn1.bbnradio.org\/german\/wp-json\/wp\/v2\/tags?post=15"}],"curies":[{"name":"wp","href":"https:\/\/api.w.org\/{rel}","templated":true}]}}