{"id":165,"date":"2017-02-20T11:22:07","date_gmt":"2017-02-20T16:22:07","guid":{"rendered":"http:\/\/bbn1.bbnradio.org\/german\/?page_id=165"},"modified":"2019-02-25T15:13:43","modified_gmt":"2019-02-25T20:13:43","slug":"lowell-daveys-leben-ist-vollendet","status":"publish","type":"page","link":"https:\/\/bbn1.bbnradio.org\/german\/lowell-daveys-leben-ist-vollendet\/","title":{"rendered":"Lowell Daveys Leben ist vollendet"},"content":{"rendered":"\n<style type=\"text\/css\" data-created_by=\"avia_inline_auto\" id=\"style-css-av-av_section-f0e72407f2fcfaf2634c25c74cbf4b0f\">\n.avia-section.av-av_section-f0e72407f2fcfaf2634c25c74cbf4b0f{\nbackground-color:#003800;\nbackground-image:unset;\n}\n<\/style>\n<div id='av_section_1'  class='avia-section av-av_section-f0e72407f2fcfaf2634c25c74cbf4b0f main_color avia-section-default avia-no-shadow  avia-builder-el-0  el_before_av_textblock  avia-builder-el-first  avia-bg-style-scroll container_wrap sidebar_right'  ><div class='container av-section-cont-open' ><main  role=\"main\" itemprop=\"mainContentOfPage\"  class='template-page content  av-content-small alpha units'><div class='post-entry post-entry-type-page post-entry-165'><div class='entry-content-wrapper clearfix'>\n\n<style type=\"text\/css\" data-created_by=\"avia_inline_auto\" id=\"style-css-av-av_image-a73e972fa9c65159613c337caf4f7426\">\n.avia-image-container.av-av_image-a73e972fa9c65159613c337caf4f7426 img.avia_image{\nbox-shadow:none;\n}\n.avia-image-container.av-av_image-a73e972fa9c65159613c337caf4f7426 .av-image-caption-overlay-center{\ncolor:#ffffff;\n}\n<\/style>\n<div  class='avia-image-container av-av_image-a73e972fa9c65159613c337caf4f7426 av-styling- avia-align-center  avia-builder-el-1  el_before_av_heading  avia-builder-el-first '   itemprop=\"image\" itemscope=\"itemscope\" itemtype=\"https:\/\/schema.org\/ImageObject\" ><div class=\"avia-image-container-inner\"><div class=\"avia-image-overlay-wrap\"><img decoding=\"async\" fetchpriority=\"high\" class='wp-image-167 avia-img-lazy-loading-not-167 avia_image ' src=\"https:\/\/bbn1.bbnradio.org\/german\/wp-content\/uploads\/sites\/9\/2017\/02\/Lowell-WYFI-sign-on-1.jpg\" alt='' title='Lowell-WYFI-sign-on (1)'  height=\"398\" width=\"799\"  itemprop=\"thumbnailUrl\"  \/><\/div><\/div><\/div>\n\n<style type=\"text\/css\" data-created_by=\"avia_inline_auto\" id=\"style-css-av-av_heading-9d692ee887273668c330ac9fd3716ae6\">\n#top .av-special-heading.av-av_heading-9d692ee887273668c330ac9fd3716ae6{\npadding-bottom:10px;\ncolor:#ffffff;\n}\nbody .av-special-heading.av-av_heading-9d692ee887273668c330ac9fd3716ae6 .av-special-heading-tag .heading-char{\nfont-size:25px;\n}\n.av-special-heading.av-av_heading-9d692ee887273668c330ac9fd3716ae6 .special-heading-inner-border{\nborder-color:#ffffff;\n}\n.av-special-heading.av-av_heading-9d692ee887273668c330ac9fd3716ae6 .av-subheading{\nfont-size:20px;\n}\n<\/style>\n<div  class='av-special-heading av-av_heading-9d692ee887273668c330ac9fd3716ae6 av-special-heading-h3 custom-color-heading blockquote modern-quote modern-centered  avia-builder-el-2  el_after_av_image  avia-builder-el-last '><h3 class='av-special-heading-tag '  itemprop=\"headline\"  >Dr. Lowell Davey<\/h3><div class='av_custom_color av-subheading av-subheading_below'><p>22. Juli 1933 &#8211; 18. Februar 2017<\/p>\n<\/div><div class=\"special-heading-border\"><div class=\"special-heading-inner-border\"><\/div><\/div><\/div>\n<\/div><\/div><\/main><!-- close content main element --><\/div><\/div><div id='after_section_1'  class='main_color av_default_container_wrap container_wrap sidebar_right'  ><div class='container av-section-cont-open' ><div class='template-page content  av-content-small alpha units'><div class='post-entry post-entry-type-page post-entry-165'><div class='entry-content-wrapper clearfix'>\n<section  class='av_textblock_section av-av_textblock-0366cc7376be6c9e82a3e9cc8987b64f '   itemscope=\"itemscope\" itemtype=\"https:\/\/schema.org\/CreativeWork\" ><div class='avia_textblock'  itemprop=\"text\" ><blockquote>\n<p>&#8230;ich bin darin guter Zuversicht, dass der in euch angefangen hat das gute Werk, der wird&#8217;s auch vollenden bis an den Tag Christi Jesu. Philipper 1,6<\/p>\n<\/blockquote>\n<p>Dr. Lowell Davey, der Gr\u00fcnder und Pr\u00e4sident des Bible Broadcasting Network, ist am Samstagmorgen um kurz nach vier Uhr in die Gegenwart seines Herrn Jesus Christus heimgegangen. Sein Leben wurde in einem Alter von 83 Jahren vollendet. Hier bei BBN sind wir alle zutiefst traurig \u00fcber diesen Verlust auf der Erde, doch gilt unsere Freude ebenso auch Dr. Davey, der seinen geliebten Retter, dem er seit vielen Jahrzehnten treu gedient hat, jetzt von Angesicht zu Angesicht sehen darf..<\/p>\n<p>Dr. Davey starb mit dem guten Zeugnis eines treuen Dieners. Seine Treue im Dienst f\u00fcr den Herrn und seine Mitmenschen ist ein Verm\u00e4chtnis f\u00fcr sich, denn wirklich gro\u00dfe Dinge werden nicht in Jahren gemessen, sondern vielmehr reicht ihr Ausma\u00df bis in die Ewigkeit hinein. In Anbetracht der guten Arbeit im Leben von Lowell Davey erkennen wir in ihr das Werk des Herrn, und Gottes Errungenschaft. Die Herrlichkeit geh\u00f6rt allein Gott. All die Segnungen wurden uns zuteil.<\/p>\n<p>Bitte beten Sie f\u00fcr Frau Davey und ihre Familie, und ebenso f\u00fcr uns hier bei BBN. In uns hat Gott Sein Werk noch nicht vollendet, und es gibt noch viel zu tun. Doch auch in unserer Trauer d\u00fcrfen wir immer noch sagen: &#8222;O Gott, Dir sei Ehre, der Gro\u00dfes getan!&#8220;<\/p>\n<\/div><\/section>\n<section  class='av_textblock_section av-av_textblock-0366cc7376be6c9e82a3e9cc8987b64f '   itemscope=\"itemscope\" itemtype=\"https:\/\/schema.org\/CreativeWork\" ><div class='avia_textblock'  itemprop=\"text\" ><p>Anstelle von Blumen werden Sie h\u00f6flich gebeten, Ihre Stiftung an BBN zu richten. Dies k\u00f6nnen Sie auf unserer Webseite unter dem Link \u201eSpenden\u201c tun. Falls Sie sich in den USA befinden, k\u00f6nnen Sie Ihre Spende an folgender Adresse senden: PO Box 7300, Charlotte, NC 28241. Haben Sie herzlichen Dank!<\/p>\n<p>Die Familie von Dr. Davey und die Mitarbeiter von BBN bedanken sich nochmals von Herzen f\u00fcr Ihre anhaltenden Gebete und Ihre Anteilnahme w\u00e4hrend dieser Zeit!<\/p>\n<\/div><\/section>\n\n<style type=\"text\/css\" data-created_by=\"avia_inline_auto\" id=\"style-css-av-av_hr-0688d0b0b6ed2f8b057db7a8270206df\">\n#top .hr.hr-invisible.av-av_hr-0688d0b0b6ed2f8b057db7a8270206df{\nheight:50px;\n}\n<\/style>\n<div  class='hr av-av_hr-0688d0b0b6ed2f8b057db7a8270206df hr-invisible  avia-builder-el-5  el_after_av_textblock  el_before_av_image '><span class='hr-inner '><span class=\"hr-inner-style\"><\/span><\/span><\/div>\n\n<style type=\"text\/css\" data-created_by=\"avia_inline_auto\" id=\"style-css-av-av_image-788cb2e4225740d609ce2d6705890e6c\">\n.avia-image-container.av-av_image-788cb2e4225740d609ce2d6705890e6c img.avia_image{\nbox-shadow:none;\n}\n.avia-image-container.av-av_image-788cb2e4225740d609ce2d6705890e6c .av-image-caption-overlay-center{\ncolor:#ffffff;\n}\n<\/style>\n<div  class='avia-image-container av-av_image-788cb2e4225740d609ce2d6705890e6c av-styling- avia-align-center  avia-builder-el-6  el_after_av_hr  avia-builder-el-last '   itemprop=\"image\" itemscope=\"itemscope\" itemtype=\"https:\/\/schema.org\/ImageObject\" ><div class=\"avia-image-container-inner\"><div class=\"avia-image-overlay-wrap\"><img decoding=\"async\" fetchpriority=\"high\" class='wp-image-168 avia-img-lazy-loading-not-168 avia_image ' src=\"https:\/\/bbn1.bbnradio.org\/german\/wp-content\/uploads\/sites\/9\/2017\/02\/Lowell_and_Georgie.jpg\" alt='' title='Lowell_and_Georgie'  height=\"731\" width=\"1024\"  itemprop=\"thumbnailUrl\"  \/><\/div><\/div><\/div>\n<!-- AddThis Advanced Settings generic via filter on the_content --><!-- AddThis Share Buttons generic via filter on the_content -->","protected":false},"excerpt":{"rendered":"<p><!-- AddThis Advanced Settings generic via filter on get_the_excerpt --><!-- AddThis Share Buttons generic via filter on get_the_excerpt --><\/p>\n","protected":false},"author":3,"featured_media":167,"parent":0,"menu_order":0,"comment_status":"closed","ping_status":"closed","template":"","meta":{"footnotes":""},"categories":[],"tags":[],"class_list":["post-165","page","type-page","status-publish","has-post-thumbnail","hentry"],"yoast_head":"<!-- This site is optimized with the Yoast SEO Premium plugin v24.8 (Yoast SEO v24.8.1) - https:\/\/yoast.com\/wordpress\/plugins\/seo\/ -->\n<title>Lowell Daveys Leben ist vollendet - BBN<\/title>\n<meta name=\"robots\" content=\"index, follow, max-snippet:-1, max-image-preview:large, max-video-preview:-1\" \/>\n<link rel=\"canonical\" href=\"https:\/\/bbn1.bbnradio.org\/german\/lowell-daveys-leben-ist-vollendet\/\" \/>\n<meta property=\"og:locale\" content=\"de_DE\" \/>\n<meta property=\"og:type\" content=\"article\" \/>\n<meta property=\"og:title\" content=\"Vollendet\" \/>\n<meta property=\"og:description\" content=\"Dr. Lowell Davey, der Gr\u00fcnder und Pr\u00e4sident des Bible Broadcasting Network, ist am Samstagmorgen um kurz nach vier Uhr in die Gegenwart seines Herrn Jesus Christus heimgegangen. Sein Leben wurde in einem Alter von 83 Jahren vollendet. Hier bei BBN sind wir alle zutiefst traurig \u00fcber diesen Verlust auf der Erde, doch gilt unsere Freude ebenso auch Dr. Davey, der seinen geliebten Retter, dem er seit vielen Jahrzehnten treu gedient hat, jetzt von Angesicht zu Angesicht sehen darf.\" \/>\n<meta property=\"og:url\" content=\"https:\/\/bbn1.bbnradio.org\/german\/lowell-daveys-leben-ist-vollendet\/\" \/>\n<meta property=\"og:site_name\" content=\"BBN\" \/>\n<meta property=\"article:publisher\" content=\"https:\/\/www.facebook.com\/BBNGerman\/\" \/>\n<meta property=\"article:modified_time\" content=\"2019-02-25T20:13:43+00:00\" \/>\n<meta property=\"og:image\" content=\"https:\/\/bbn1.bbnradio.org\/german\/wp-content\/uploads\/sites\/9\/2017\/02\/Lowell-WYFI-sign-on-1.jpg\" \/>\n\t<meta property=\"og:image:width\" content=\"799\" \/>\n\t<meta property=\"og:image:height\" content=\"398\" \/>\n\t<meta property=\"og:image:type\" content=\"image\/jpeg\" \/>\n<meta name=\"twitter:card\" content=\"summary_large_image\" \/>\n<meta name=\"twitter:title\" content=\"Vollendet\" \/>\n<meta name=\"twitter:description\" content=\"Dr. Lowell Davey, der Gr\u00fcnder und Pr\u00e4sident von BBN, ist am Samstagmorgen um kurz nach vier Uhr in einem Alter von 83 Jahren in die Gegenwart Gottes heimgegangen.\" \/>\n<meta name=\"twitter:image\" content=\"https:\/\/bbn1.bbnradio.org\/german\/wp-content\/uploads\/sites\/9\/2017\/02\/Lowell-WYFI-sign-on-1.jpg\" \/>\n<meta name=\"twitter:site\" content=\"@BBNDeutsch\" \/>\n<meta name=\"twitter:label1\" content=\"Gesch\u00e4tzte Lesezeit\" \/>\n\t<meta name=\"twitter:data1\" content=\"3\u00a0Minuten\" \/>\n<script type=\"application\/ld+json\" class=\"yoast-schema-graph\">{\"@context\":\"https:\/\/schema.org\",\"@graph\":[{\"@type\":\"WebPage\",\"@id\":\"https:\/\/bbn1.bbnradio.org\/german\/lowell-daveys-leben-ist-vollendet\/\",\"url\":\"https:\/\/bbn1.bbnradio.org\/german\/lowell-daveys-leben-ist-vollendet\/\",\"name\":\"Lowell Daveys Leben ist vollendet - BBN\",\"isPartOf\":{\"@id\":\"https:\/\/bbn1.bbnradio.org\/german\/#website\"},\"primaryImageOfPage\":{\"@id\":\"https:\/\/bbn1.bbnradio.org\/german\/lowell-daveys-leben-ist-vollendet\/#primaryimage\"},\"image\":{\"@id\":\"https:\/\/bbn1.bbnradio.org\/german\/lowell-daveys-leben-ist-vollendet\/#primaryimage\"},\"thumbnailUrl\":\"https:\/\/bbn1.bbnradio.org\/german\/wp-content\/uploads\/sites\/9\/2017\/02\/Lowell-WYFI-sign-on-1.jpg\",\"datePublished\":\"2017-02-20T16:22:07+00:00\",\"dateModified\":\"2019-02-25T20:13:43+00:00\",\"breadcrumb\":{\"@id\":\"https:\/\/bbn1.bbnradio.org\/german\/lowell-daveys-leben-ist-vollendet\/#breadcrumb\"},\"inLanguage\":\"de\",\"potentialAction\":[{\"@type\":\"ReadAction\",\"target\":[\"https:\/\/bbn1.bbnradio.org\/german\/lowell-daveys-leben-ist-vollendet\/\"]}]},{\"@type\":\"ImageObject\",\"inLanguage\":\"de\",\"@id\":\"https:\/\/bbn1.bbnradio.org\/german\/lowell-daveys-leben-ist-vollendet\/#primaryimage\",\"url\":\"https:\/\/bbn1.bbnradio.org\/german\/wp-content\/uploads\/sites\/9\/2017\/02\/Lowell-WYFI-sign-on-1.jpg\",\"contentUrl\":\"https:\/\/bbn1.bbnradio.org\/german\/wp-content\/uploads\/sites\/9\/2017\/02\/Lowell-WYFI-sign-on-1.jpg\",\"width\":799,\"height\":398},{\"@type\":\"BreadcrumbList\",\"@id\":\"https:\/\/bbn1.bbnradio.org\/german\/lowell-daveys-leben-ist-vollendet\/#breadcrumb\",\"itemListElement\":[{\"@type\":\"ListItem\",\"position\":1,\"name\":\"Home\",\"item\":\"https:\/\/bbn1.bbnradio.org\/german\/home\/\"},{\"@type\":\"ListItem\",\"position\":2,\"name\":\"Lowell Daveys Leben ist vollendet\"}]},{\"@type\":\"WebSite\",\"@id\":\"https:\/\/bbn1.bbnradio.org\/german\/#website\",\"url\":\"https:\/\/bbn1.bbnradio.org\/german\/\",\"name\":\"BBN\",\"description\":\"BBN\",\"potentialAction\":[{\"@type\":\"SearchAction\",\"target\":{\"@type\":\"EntryPoint\",\"urlTemplate\":\"https:\/\/bbn1.bbnradio.org\/german\/?s={search_term_string}\"},\"query-input\":{\"@type\":\"PropertyValueSpecification\",\"valueRequired\":true,\"valueName\":\"search_term_string\"}}],\"inLanguage\":\"de\"}]}<\/script>\n<!-- \/ Yoast SEO Premium plugin. -->","yoast_head_json":{"title":"Lowell Daveys Leben ist vollendet - BBN","robots":{"index":"index","follow":"follow","max-snippet":"max-snippet:-1","max-image-preview":"max-image-preview:large","max-video-preview":"max-video-preview:-1"},"canonical":"https:\/\/bbn1.bbnradio.org\/german\/lowell-daveys-leben-ist-vollendet\/","og_locale":"de_DE","og_type":"article","og_title":"Vollendet","og_description":"Dr. Lowell Davey, der Gr\u00fcnder und Pr\u00e4sident des Bible Broadcasting Network, ist am Samstagmorgen um kurz nach vier Uhr in die Gegenwart seines Herrn Jesus Christus heimgegangen. Sein Leben wurde in einem Alter von 83 Jahren vollendet. Hier bei BBN sind wir alle zutiefst traurig \u00fcber diesen Verlust auf der Erde, doch gilt unsere Freude ebenso auch Dr. Davey, der seinen geliebten Retter, dem er seit vielen Jahrzehnten treu gedient hat, jetzt von Angesicht zu Angesicht sehen darf.","og_url":"https:\/\/bbn1.bbnradio.org\/german\/lowell-daveys-leben-ist-vollendet\/","og_site_name":"BBN","article_publisher":"https:\/\/www.facebook.com\/BBNGerman\/","article_modified_time":"2019-02-25T20:13:43+00:00","og_image":[{"width":799,"height":398,"url":"https:\/\/bbn1.bbnradio.org\/german\/wp-content\/uploads\/sites\/9\/2017\/02\/Lowell-WYFI-sign-on-1.jpg","type":"image\/jpeg"}],"twitter_card":"summary_large_image","twitter_title":"Vollendet","twitter_description":"Dr. Lowell Davey, der Gr\u00fcnder und Pr\u00e4sident von BBN, ist am Samstagmorgen um kurz nach vier Uhr in einem Alter von 83 Jahren in die Gegenwart Gottes heimgegangen.","twitter_image":"https:\/\/bbn1.bbnradio.org\/german\/wp-content\/uploads\/sites\/9\/2017\/02\/Lowell-WYFI-sign-on-1.jpg","twitter_site":"@BBNDeutsch","twitter_misc":{"Gesch\u00e4tzte Lesezeit":"3\u00a0Minuten"},"schema":{"@context":"https:\/\/schema.org","@graph":[{"@type":"WebPage","@id":"https:\/\/bbn1.bbnradio.org\/german\/lowell-daveys-leben-ist-vollendet\/","url":"https:\/\/bbn1.bbnradio.org\/german\/lowell-daveys-leben-ist-vollendet\/","name":"Lowell Daveys Leben ist vollendet - BBN","isPartOf":{"@id":"https:\/\/bbn1.bbnradio.org\/german\/#website"},"primaryImageOfPage":{"@id":"https:\/\/bbn1.bbnradio.org\/german\/lowell-daveys-leben-ist-vollendet\/#primaryimage"},"image":{"@id":"https:\/\/bbn1.bbnradio.org\/german\/lowell-daveys-leben-ist-vollendet\/#primaryimage"},"thumbnailUrl":"https:\/\/bbn1.bbnradio.org\/german\/wp-content\/uploads\/sites\/9\/2017\/02\/Lowell-WYFI-sign-on-1.jpg","datePublished":"2017-02-20T16:22:07+00:00","dateModified":"2019-02-25T20:13:43+00:00","breadcrumb":{"@id":"https:\/\/bbn1.bbnradio.org\/german\/lowell-daveys-leben-ist-vollendet\/#breadcrumb"},"inLanguage":"de","potentialAction":[{"@type":"ReadAction","target":["https:\/\/bbn1.bbnradio.org\/german\/lowell-daveys-leben-ist-vollendet\/"]}]},{"@type":"ImageObject","inLanguage":"de","@id":"https:\/\/bbn1.bbnradio.org\/german\/lowell-daveys-leben-ist-vollendet\/#primaryimage","url":"https:\/\/bbn1.bbnradio.org\/german\/wp-content\/uploads\/sites\/9\/2017\/02\/Lowell-WYFI-sign-on-1.jpg","contentUrl":"https:\/\/bbn1.bbnradio.org\/german\/wp-content\/uploads\/sites\/9\/2017\/02\/Lowell-WYFI-sign-on-1.jpg","width":799,"height":398},{"@type":"BreadcrumbList","@id":"https:\/\/bbn1.bbnradio.org\/german\/lowell-daveys-leben-ist-vollendet\/#breadcrumb","itemListElement":[{"@type":"ListItem","position":1,"name":"Home","item":"https:\/\/bbn1.bbnradio.org\/german\/home\/"},{"@type":"ListItem","position":2,"name":"Lowell Daveys Leben ist vollendet"}]},{"@type":"WebSite","@id":"https:\/\/bbn1.bbnradio.org\/german\/#website","url":"https:\/\/bbn1.bbnradio.org\/german\/","name":"BBN","description":"BBN","potentialAction":[{"@type":"SearchAction","target":{"@type":"EntryPoint","urlTemplate":"https:\/\/bbn1.bbnradio.org\/german\/?s={search_term_string}"},"query-input":{"@type":"PropertyValueSpecification","valueRequired":true,"valueName":"search_term_string"}}],"inLanguage":"de"}]}},"jetpack_sharing_enabled":true,"jetpack_shortlink":"https:\/\/wp.me\/PgZlJB-2F","_links":{"self":[{"href":"https:\/\/bbn1.bbnradio.org\/german\/wp-json\/wp\/v2\/pages\/165","targetHints":{"allow":["GET"]}}],"collection":[{"href":"https:\/\/bbn1.bbnradio.org\/german\/wp-json\/wp\/v2\/pages"}],"about":[{"href":"https:\/\/bbn1.bbnradio.org\/german\/wp-json\/wp\/v2\/types\/page"}],"author":[{"embeddable":true,"href":"https:\/\/bbn1.bbnradio.org\/german\/wp-json\/wp\/v2\/users\/3"}],"replies":[{"embeddable":true,"href":"https:\/\/bbn1.bbnradio.org\/german\/wp-json\/wp\/v2\/comments?post=165"}],"version-history":[{"count":3,"href":"https:\/\/bbn1.bbnradio.org\/german\/wp-json\/wp\/v2\/pages\/165\/revisions"}],"predecessor-version":[{"id":14555,"href":"https:\/\/bbn1.bbnradio.org\/german\/wp-json\/wp\/v2\/pages\/165\/revisions\/14555"}],"wp:featuredmedia":[{"embeddable":true,"href":"https:\/\/bbn1.bbnradio.org\/german\/wp-json\/wp\/v2\/media\/167"}],"wp:attachment":[{"href":"https:\/\/bbn1.bbnradio.org\/german\/wp-json\/wp\/v2\/media?parent=165"}],"wp:term":[{"taxonomy":"category","embeddable":true,"href":"https:\/\/bbn1.bbnradio.org\/german\/wp-json\/wp\/v2\/categories?post=165"},{"taxonomy":"post_tag","embeddable":true,"href":"https:\/\/bbn1.bbnradio.org\/german\/wp-json\/wp\/v2\/tags?post=165"}],"curies":[{"name":"wp","href":"https:\/\/api.w.org\/{rel}","templated":true}]}}