{"id":4089,"date":"2015-07-31T11:28:54","date_gmt":"2015-07-31T15:28:54","guid":{"rendered":"https:\/\/bbn1.bbnradio.org\/english\/?page_id=4089"},"modified":"2019-02-26T14:14:14","modified_gmt":"2019-02-26T19:14:14","slug":"bbns-glaubensgrundlage","status":"publish","type":"page","link":"https:\/\/bbn1.bbnradio.org\/german\/uber-bbn\/bbns-glaubensgrundlage\/","title":{"rendered":"BBN&#8217;s Glaubensgrundlage"},"content":{"rendered":"\n<style type=\"text\/css\" data-created_by=\"avia_inline_auto\" id=\"style-css-av-5slqdl-da112f8c67fda4da2f049b6f87c634d1\">\n.avia-image-container.av-5slqdl-da112f8c67fda4da2f049b6f87c634d1 img.avia_image{\nbox-shadow:none;\n}\n.avia-image-container.av-5slqdl-da112f8c67fda4da2f049b6f87c634d1 .av-image-caption-overlay-center{\ncolor:#ffffff;\n}\n<\/style>\n<div  class='avia-image-container av-5slqdl-da112f8c67fda4da2f049b6f87c634d1 av-styling- avia-align-center  avia-builder-el-0  el_before_av_textblock  avia-builder-el-first '   itemprop=\"image\" itemscope=\"itemscope\" itemtype=\"https:\/\/schema.org\/ImageObject\" ><div class=\"avia-image-container-inner\"><div class=\"avia-image-overlay-wrap\"><img decoding=\"async\" fetchpriority=\"high\" class='wp-image-11369 avia-img-lazy-loading-not-11369 avia_image ' src=\"https:\/\/bbn1.bbnradio.org\/german\/wp-content\/uploads\/sites\/9\/layerslider\/Listen-and-Program-pages\/Doctrinal-Statement.jpg\" alt='' title='Doctrinal-Statement'  height=\"628\" width=\"1200\"  itemprop=\"thumbnailUrl\"  \/><\/div><\/div><\/div>\n<section  class='av_textblock_section av-4lb39l-042c14ebd3d6ccacebb454634e09457d '   itemscope=\"itemscope\" itemtype=\"https:\/\/schema.org\/CreativeWork\" ><div class='avia_textblock'  itemprop=\"text\" ><p>Wir glauben an die Bibel, welche durch den Heiligen Geist, in den originalen Manuskripten, verbal inspiriert wurde, und das unfehlbare und autoritative Wort Gottes ist. Sie ist die einzige Autorit\u00e4t f\u00fcr Lehre und Leben.<\/p>\n<p>Wir glauben an den dreieinigen Gott, der in drei Personen besteht: Vater, Sohn und Heiliger Geist.<\/p>\n<p>Wir glauben, dass Satan, Teufel genannt, als Person existiert und \u00fcber die unerl\u00f6sten Menschen dieser Welt herrscht.<\/p>\n<p>Wir glauben an den S\u00fcndenfall und an die Verlorenheit des Menschen, dessen v\u00f6llige Verderbtheit die Neugeburt erfordert.<\/p>\n<p>Wir glauben an die Gottheit Jesu Christi, an Seine jungfr\u00e4uliche Geburt, an Seinen Tod, an Seine leibliche Auferstehung, an seine gegenw\u00e4rtige Erh\u00f6hung zur Rechten Gottes, und an Seine pers\u00f6nliche und unmittelbare Wiederkunft vor dem Millennium.<\/p>\n<p>Wir glauben an die S\u00fchnung, durch den stellvertretenden Tod und das vergossene Blut Jesu Christi, unseres Herrn und Heilands.<\/p>\n<p>Wir glauben an die Auferstehung der Geretteten zum ewigen Leben und zur Seligkeit im Himmel; wir glauben an die Gemeinde, der Leib oder die Braut Christi, welche nur aus Wiedergeboren besteht, f\u00fcr die der Herr Jesus Christus jetzt im Himmel F\u00fcrbitte leistet und f\u00fcr die Er wieder kommen wird.<\/p>\n<p>Wir glauben an die Auferstehung der Nicht-Geretteten zur ewigen Strafe in der H\u00f6lle. Wir glauben an den gro\u00dfen Auftrag Christi an die Gemeinde, in alle Welt zu gehen und das Evangelium aller Kreatur zu predigen, und die die glauben zu taufen und zu lehren.<\/p>\n<p>Wir glauben, dass Gott jegliche intime sexuelle Aktivit\u00e4t zwischen einem Mann und einer Frau au\u00dferhalb der Ehe verboten hat. Ebenso glauben wir, dass der Begriff der &#8222;Ehe&#8220; nur eine einzige legitime Bedeutung hat, und zwar die Bedeutung der von Gott eingesetzten Ehe, die einen einzelnen Mann und eine einzelne Frau in einem verpflichtenden Ehebund vereint, wie sie die Schrift definiert. Wir glauben, dass jegliche Form von Homosexualit\u00e4t, Lesbianismus, Bisexualit\u00e4t, Bestialit\u00e4t, Inzest, Unzucht, Ehebruch, Transgenderismus sowie Pornografie s\u00fcndige Perversionen der von Gott geschenkten Sexualit\u00e4t sind. Wir glauben, dass Gott jeden Versuch missbilligt, sein Geschlecht durch eine Operation oder ein anderes Erscheinungsbild zu ver\u00e4ndern. (1. Mose 2,24;\u00a0 19,5. 13; 26, 8-9; 3. Mose 18, 1-30; R\u00f6mer 1, 26-29; 1. Kor. 5,1; 6, 9; 1 Thess. 4, 1-8; Hebr. 13, 4)<\/p>\n<p>Wir glauben, dass alles menschliche Leben heilig ist und von Gott in Seinem Bilde erschaffen wurde (1. Mose 1,27). Das menschliche Leben ist in all seinen Dimensionen einschlie\u00dflich der ungeborenen Kinder, der Alten, der k\u00f6rperlich oder geistig Behinderten und jedes anderen Stadiums oder Lebenszustandes, beginnend mit der Empf\u00e4ngnis und mit seinem nat\u00fcrlichen Tod endend, von unsch\u00e4tzbarem Wert. Aus diesem Grund sind wir aufgerufen, uns f\u00fcr alles menschliche Leben einzusetzen, es zu sch\u00fctzen und es wertzusch\u00e4tzen (Psalm 139).<\/p>\n<\/div><\/section>\n<div  class='avia-button-wrap av-2k425l-bb3775e939d9739bf7376060384e3668-wrap avia-button-center  avia-builder-el-2  el_after_av_textblock  avia-builder-el-last '><a href='https://\/\/www.bbnradio.org\/WCM4\/Default.aspx?alias=www.bbnradio.org\/wcm4\/bbnbigerman&PHPSESSID=qpO02k0XP5Akn8qt9oWi9XbYZzPWFBRi'  class='avia-button av-2k425l-bb3775e939d9739bf7376060384e3668 av-link-btn avia-icon_select-no avia-size-large avia-position-center avia-color-theme-color'  target=\"_blank\"  rel=\"noopener noreferrer\"  aria-label=\"Studieren Sie die Bibel in unserem kostenlosen Online-Bibelinstitut!\"><span class='avia_iconbox_title' >Studieren Sie die Bibel in unserem kostenlosen Online-Bibelinstitut!<\/span><\/a><\/div>\n<!-- AddThis Advanced Settings generic via filter on the_content --><!-- AddThis Share Buttons generic via filter on the_content -->","protected":false},"excerpt":{"rendered":"<p><!-- AddThis Advanced Settings generic via filter on get_the_excerpt --><!-- AddThis Share Buttons generic via filter on get_the_excerpt --><\/p>\n","protected":false},"author":27,"featured_media":8333,"parent":4092,"menu_order":0,"comment_status":"open","ping_status":"closed","template":"","meta":{"footnotes":""},"categories":[],"tags":[],"class_list":["post-4089","page","type-page","status-publish","has-post-thumbnail","hentry"],"yoast_head":"<!-- This site is optimized with the Yoast SEO Premium plugin v24.8 (Yoast SEO v24.8.1) - https:\/\/yoast.com\/wordpress\/plugins\/seo\/ -->\n<title>BBN&#039;s Glaubensgrundlage<\/title>\n<meta name=\"description\" content=\"Hier finden Sie BBN&#039;s Glaubensgrundlage.\" \/>\n<meta name=\"robots\" content=\"index, follow, max-snippet:-1, max-image-preview:large, max-video-preview:-1\" \/>\n<link rel=\"canonical\" href=\"https:\/\/bbn1.bbnradio.org\/german\/uber-bbn\/bbns-glaubensgrundlage\/\" \/>\n<meta property=\"og:locale\" content=\"de_DE\" \/>\n<meta property=\"og:type\" content=\"article\" \/>\n<meta property=\"og:title\" content=\"BBN&#039;s Glaubensgrundlage\" \/>\n<meta property=\"og:description\" content=\"Hier finden Sie BBN&#039;s Glaubensgrundlage.\" \/>\n<meta property=\"og:url\" content=\"https:\/\/bbn1.bbnradio.org\/german\/uber-bbn\/bbns-glaubensgrundlage\/\" \/>\n<meta property=\"og:site_name\" content=\"BBN\" \/>\n<meta property=\"article:publisher\" content=\"https:\/\/www.facebook.com\/BBNGerman\/\" \/>\n<meta property=\"article:modified_time\" content=\"2019-02-26T19:14:14+00:00\" \/>\n<meta name=\"twitter:card\" content=\"summary_large_image\" \/>\n<meta name=\"twitter:title\" content=\"BBN&#039;s Glaubensgrundlage\" \/>\n<meta name=\"twitter:image\" content=\"https:\/\/bbn1.bbnradio.org\/english\/wp-content\/uploads\/sites\/2\/2016\/08\/Doctrinal-Statement.jpg\" \/>\n<meta name=\"twitter:site\" content=\"@BBNDeutsch\" \/>\n<meta name=\"twitter:label1\" content=\"Gesch\u00e4tzte Lesezeit\" \/>\n\t<meta name=\"twitter:data1\" content=\"3\u00a0Minuten\" \/>\n<script type=\"application\/ld+json\" class=\"yoast-schema-graph\">{\"@context\":\"https:\/\/schema.org\",\"@graph\":[{\"@type\":\"WebPage\",\"@id\":\"https:\/\/bbn1.bbnradio.org\/german\/uber-bbn\/bbns-glaubensgrundlage\/\",\"url\":\"https:\/\/bbn1.bbnradio.org\/german\/uber-bbn\/bbns-glaubensgrundlage\/\",\"name\":\"BBN's Glaubensgrundlage\",\"isPartOf\":{\"@id\":\"https:\/\/bbn1.bbnradio.org\/german\/#website\"},\"primaryImageOfPage\":{\"@id\":\"https:\/\/bbn1.bbnradio.org\/german\/uber-bbn\/bbns-glaubensgrundlage\/#primaryimage\"},\"image\":{\"@id\":\"https:\/\/bbn1.bbnradio.org\/german\/uber-bbn\/bbns-glaubensgrundlage\/#primaryimage\"},\"thumbnailUrl\":\"https:\/\/bbn1.bbnradio.org\/german\/wp-content\/uploads\/sites\/9\/2016\/08\/Doctrinal-Statement.jpg\",\"datePublished\":\"2015-07-31T15:28:54+00:00\",\"dateModified\":\"2019-02-26T19:14:14+00:00\",\"description\":\"Hier finden Sie BBN's Glaubensgrundlage.\",\"breadcrumb\":{\"@id\":\"https:\/\/bbn1.bbnradio.org\/german\/uber-bbn\/bbns-glaubensgrundlage\/#breadcrumb\"},\"inLanguage\":\"de\",\"potentialAction\":[{\"@type\":\"ReadAction\",\"target\":[\"https:\/\/bbn1.bbnradio.org\/german\/uber-bbn\/bbns-glaubensgrundlage\/\"]}]},{\"@type\":\"ImageObject\",\"inLanguage\":\"de\",\"@id\":\"https:\/\/bbn1.bbnradio.org\/german\/uber-bbn\/bbns-glaubensgrundlage\/#primaryimage\",\"url\":\"https:\/\/bbn1.bbnradio.org\/german\/wp-content\/uploads\/sites\/9\/2016\/08\/Doctrinal-Statement.jpg\",\"contentUrl\":\"https:\/\/bbn1.bbnradio.org\/german\/wp-content\/uploads\/sites\/9\/2016\/08\/Doctrinal-Statement.jpg\",\"width\":1200,\"height\":628,\"caption\":\"Doctrinal Statement\"},{\"@type\":\"BreadcrumbList\",\"@id\":\"https:\/\/bbn1.bbnradio.org\/german\/uber-bbn\/bbns-glaubensgrundlage\/#breadcrumb\",\"itemListElement\":[{\"@type\":\"ListItem\",\"position\":1,\"name\":\"Home\",\"item\":\"https:\/\/bbn1.bbnradio.org\/german\/home\/\"},{\"@type\":\"ListItem\",\"position\":2,\"name\":\"\u00dcber BBN\",\"item\":\"https:\/\/bbn1.bbnradio.org\/german\/uber-bbn\/\"},{\"@type\":\"ListItem\",\"position\":3,\"name\":\"BBN&#8217;s Glaubensgrundlage\"}]},{\"@type\":\"WebSite\",\"@id\":\"https:\/\/bbn1.bbnradio.org\/german\/#website\",\"url\":\"https:\/\/bbn1.bbnradio.org\/german\/\",\"name\":\"BBN\",\"description\":\"BBN\",\"potentialAction\":[{\"@type\":\"SearchAction\",\"target\":{\"@type\":\"EntryPoint\",\"urlTemplate\":\"https:\/\/bbn1.bbnradio.org\/german\/?s={search_term_string}\"},\"query-input\":{\"@type\":\"PropertyValueSpecification\",\"valueRequired\":true,\"valueName\":\"search_term_string\"}}],\"inLanguage\":\"de\"}]}<\/script>\n<!-- \/ Yoast SEO Premium plugin. -->","yoast_head_json":{"title":"BBN's Glaubensgrundlage","description":"Hier finden Sie BBN's Glaubensgrundlage.","robots":{"index":"index","follow":"follow","max-snippet":"max-snippet:-1","max-image-preview":"max-image-preview:large","max-video-preview":"max-video-preview:-1"},"canonical":"https:\/\/bbn1.bbnradio.org\/german\/uber-bbn\/bbns-glaubensgrundlage\/","og_locale":"de_DE","og_type":"article","og_title":"BBN's Glaubensgrundlage","og_description":"Hier finden Sie BBN's Glaubensgrundlage.","og_url":"https:\/\/bbn1.bbnradio.org\/german\/uber-bbn\/bbns-glaubensgrundlage\/","og_site_name":"BBN","article_publisher":"https:\/\/www.facebook.com\/BBNGerman\/","article_modified_time":"2019-02-26T19:14:14+00:00","twitter_card":"summary_large_image","twitter_title":"BBN's Glaubensgrundlage","twitter_image":"https:\/\/bbn1.bbnradio.org\/english\/wp-content\/uploads\/sites\/2\/2016\/08\/Doctrinal-Statement.jpg","twitter_site":"@BBNDeutsch","twitter_misc":{"Gesch\u00e4tzte Lesezeit":"3\u00a0Minuten"},"schema":{"@context":"https:\/\/schema.org","@graph":[{"@type":"WebPage","@id":"https:\/\/bbn1.bbnradio.org\/german\/uber-bbn\/bbns-glaubensgrundlage\/","url":"https:\/\/bbn1.bbnradio.org\/german\/uber-bbn\/bbns-glaubensgrundlage\/","name":"BBN's Glaubensgrundlage","isPartOf":{"@id":"https:\/\/bbn1.bbnradio.org\/german\/#website"},"primaryImageOfPage":{"@id":"https:\/\/bbn1.bbnradio.org\/german\/uber-bbn\/bbns-glaubensgrundlage\/#primaryimage"},"image":{"@id":"https:\/\/bbn1.bbnradio.org\/german\/uber-bbn\/bbns-glaubensgrundlage\/#primaryimage"},"thumbnailUrl":"https:\/\/bbn1.bbnradio.org\/german\/wp-content\/uploads\/sites\/9\/2016\/08\/Doctrinal-Statement.jpg","datePublished":"2015-07-31T15:28:54+00:00","dateModified":"2019-02-26T19:14:14+00:00","description":"Hier finden Sie BBN's Glaubensgrundlage.","breadcrumb":{"@id":"https:\/\/bbn1.bbnradio.org\/german\/uber-bbn\/bbns-glaubensgrundlage\/#breadcrumb"},"inLanguage":"de","potentialAction":[{"@type":"ReadAction","target":["https:\/\/bbn1.bbnradio.org\/german\/uber-bbn\/bbns-glaubensgrundlage\/"]}]},{"@type":"ImageObject","inLanguage":"de","@id":"https:\/\/bbn1.bbnradio.org\/german\/uber-bbn\/bbns-glaubensgrundlage\/#primaryimage","url":"https:\/\/bbn1.bbnradio.org\/german\/wp-content\/uploads\/sites\/9\/2016\/08\/Doctrinal-Statement.jpg","contentUrl":"https:\/\/bbn1.bbnradio.org\/german\/wp-content\/uploads\/sites\/9\/2016\/08\/Doctrinal-Statement.jpg","width":1200,"height":628,"caption":"Doctrinal Statement"},{"@type":"BreadcrumbList","@id":"https:\/\/bbn1.bbnradio.org\/german\/uber-bbn\/bbns-glaubensgrundlage\/#breadcrumb","itemListElement":[{"@type":"ListItem","position":1,"name":"Home","item":"https:\/\/bbn1.bbnradio.org\/german\/home\/"},{"@type":"ListItem","position":2,"name":"\u00dcber BBN","item":"https:\/\/bbn1.bbnradio.org\/german\/uber-bbn\/"},{"@type":"ListItem","position":3,"name":"BBN&#8217;s Glaubensgrundlage"}]},{"@type":"WebSite","@id":"https:\/\/bbn1.bbnradio.org\/german\/#website","url":"https:\/\/bbn1.bbnradio.org\/german\/","name":"BBN","description":"BBN","potentialAction":[{"@type":"SearchAction","target":{"@type":"EntryPoint","urlTemplate":"https:\/\/bbn1.bbnradio.org\/german\/?s={search_term_string}"},"query-input":{"@type":"PropertyValueSpecification","valueRequired":true,"valueName":"search_term_string"}}],"inLanguage":"de"}]}},"jetpack_sharing_enabled":true,"jetpack_shortlink":"https:\/\/wp.me\/PgZlJB-13X","_links":{"self":[{"href":"https:\/\/bbn1.bbnradio.org\/german\/wp-json\/wp\/v2\/pages\/4089","targetHints":{"allow":["GET"]}}],"collection":[{"href":"https:\/\/bbn1.bbnradio.org\/german\/wp-json\/wp\/v2\/pages"}],"about":[{"href":"https:\/\/bbn1.bbnradio.org\/german\/wp-json\/wp\/v2\/types\/page"}],"author":[{"embeddable":true,"href":"https:\/\/bbn1.bbnradio.org\/german\/wp-json\/wp\/v2\/users\/27"}],"replies":[{"embeddable":true,"href":"https:\/\/bbn1.bbnradio.org\/german\/wp-json\/wp\/v2\/comments?post=4089"}],"version-history":[{"count":6,"href":"https:\/\/bbn1.bbnradio.org\/german\/wp-json\/wp\/v2\/pages\/4089\/revisions"}],"predecessor-version":[{"id":15321,"href":"https:\/\/bbn1.bbnradio.org\/german\/wp-json\/wp\/v2\/pages\/4089\/revisions\/15321"}],"up":[{"embeddable":true,"href":"https:\/\/bbn1.bbnradio.org\/german\/wp-json\/wp\/v2\/pages\/4092"}],"wp:featuredmedia":[{"embeddable":true,"href":"https:\/\/bbn1.bbnradio.org\/german\/wp-json\/wp\/v2\/media\/8333"}],"wp:attachment":[{"href":"https:\/\/bbn1.bbnradio.org\/german\/wp-json\/wp\/v2\/media?parent=4089"}],"wp:term":[{"taxonomy":"category","embeddable":true,"href":"https:\/\/bbn1.bbnradio.org\/german\/wp-json\/wp\/v2\/categories?post=4089"},{"taxonomy":"post_tag","embeddable":true,"href":"https:\/\/bbn1.bbnradio.org\/german\/wp-json\/wp\/v2\/tags?post=4089"}],"curies":[{"name":"wp","href":"https:\/\/api.w.org\/{rel}","templated":true}]}}