{"id":4782,"date":"2015-10-16T15:49:08","date_gmt":"2015-10-16T19:49:08","guid":{"rendered":"https:\/\/bbn1.bbnradio.org\/english\/?page_id=4782"},"modified":"2022-06-08T15:13:05","modified_gmt":"2022-06-08T20:13:05","slug":"kostenlos-bibel-institut-online-bibelkurse","status":"publish","type":"page","link":"https:\/\/bbn1.bbnradio.org\/german\/kostenlos-bibel-institut-online-bibelkurse\/","title":{"rendered":"Bibel-Institut"},"content":{"rendered":"\n\n<style type=\"text\/css\" data-created_by=\"avia_inline_auto\" id=\"style-css-av-av_heading-49be922da560d5ec998cf80cc6fd97dd\">\n#top .av-special-heading.av-av_heading-49be922da560d5ec998cf80cc6fd97dd{\npadding-bottom:25px;\n}\nbody .av-special-heading.av-av_heading-49be922da560d5ec998cf80cc6fd97dd .av-special-heading-tag .heading-char{\nfont-size:25px;\n}\n.av-special-heading.av-av_heading-49be922da560d5ec998cf80cc6fd97dd .av-subheading{\nfont-size:15px;\n}\n<\/style>\n<div  class='av-special-heading av-av_heading-49be922da560d5ec998cf80cc6fd97dd av-special-heading-h1  avia-builder-el-1  el_after_av_codeblock  el_before_av_button  av-linked-heading'><h1 class='av-special-heading-tag '  itemprop=\"headline\"  >Das BBN Bible-Institut wird geladen!<\/h1><div class=\"special-heading-border\"><div class=\"special-heading-inner-border\"><\/div><\/div><\/div>\n<div  class='avia-button-wrap av-6t9mce-e3553f510b66fa0ec1a6ed7d44f7b64d-wrap avia-button-left  avia-builder-el-2  el_after_av_heading  el_before_av_testimonials '><a href='https://\/\/www.bbnradio.org\/wcm4\/Default.aspx?alias=www.bbnradio.org\/wcm4\/bbnbigerman&PHPSESSID=3nijny%2CajHNQc8o7PeUdJhOAxjuzjQUZ'  class='avia-button av-6t9mce-e3553f510b66fa0ec1a6ed7d44f7b64d av-link-btn avia-icon_select-no avia-size-x-large avia-position-left avia-color-theme-color'  target=\"_blank\"  rel=\"noopener noreferrer\"  aria-label=\"Klicken Sie hier falls das BBN Bibel-Institut nicht automatisch geladen wird. \"><span class='avia_iconbox_title' >Klicken Sie hier falls das BBN Bibel-Institut nicht automatisch geladen wird. <\/span><\/a><\/div>\n<div  class='avia-testimonial-wrapper av-5vpuem-af4aca9172febfbd183ab0081fa440df avia-grid-testimonials avia-grid-2-testimonials avia_animate_when_almost_visible' >\n<section class=\"avia-testimonial-row\"><div class='avia-testimonial av-eo81a-83241e55bc8f150e073c8898209ed2d5 avia-testimonial-row-1 avia-first-testimonial flex_column no_margin av_one_half'><div class='avia-testimonial_inner'  itemscope=\"itemscope\" itemtype=\"https:\/\/schema.org\/CreativeWork\" ><div class='avia-testimonial-image'  itemprop=\"image\" ><img loading=\"lazy\" decoding=\"async\" width=\"128\" height=\"128\" src=\"https:\/\/bbn1.bbnradio.org\/german\/wp-content\/uploads\/sites\/9\/2013\/04\/Users-Student-icon.png\" class=\"attachment-square size-square\" alt=\"\" \/><\/div><div class='avia-testimonial-content '><div class='avia-testimonial-markup-entry-content'  itemprop=\"text\" ><p>Eineinhalb Monate kein Internet. Jetzt wieder online. Ich kann BBN h\u00f6ren und das wichtigste f\u00fcr mich pers\u00f6nlich &#8211; am Bibel Institut wieder teilnehmen.<\/p>\n<\/div><\/div><div class=\"avia-testimonial-meta\"><div class=\"avia-testimonial-arrow-wrap\"><div class=\"avia-arrow\"><\/div><\/div><div class='avia-testimonial-meta-mini'  itemprop=\"author\" itemscope=\"itemscope\" itemtype=\"https:\/\/schema.org\/Person\" ><strong  class='avia-testimonial-name'  itemprop=\"name\" >Markus<\/strong><\/div><\/div><\/div><\/div>\n<div class='avia-testimonial av-2vuyge-5e47a60d4b1c93a1e628474fa7712902 avia-testimonial-row-1 avia-last-testimonial flex_column no_margin av_one_half'><div class='avia-testimonial_inner'  itemscope=\"itemscope\" itemtype=\"https:\/\/schema.org\/CreativeWork\" ><div class='avia-testimonial-image'  itemprop=\"image\" ><img loading=\"lazy\" decoding=\"async\" width=\"128\" height=\"128\" src=\"https:\/\/bbn1.bbnradio.org\/german\/wp-content\/uploads\/sites\/9\/2013\/04\/Users-Student-icon.png\" class=\"attachment-square size-square\" alt=\"\" \/><\/div><div class='avia-testimonial-content '><div class='avia-testimonial-markup-entry-content'  itemprop=\"text\" ><p>Was f\u00fcr ein Segen dass der Herr YHWH mich zu euch gef\u00fchrt hat! Euer Bibel Kurs hat mich ermutigt als Studentin von Ihrem kostenlosen Unterricht zu profitieren!<\/p>\n<\/div><\/div><div class=\"avia-testimonial-meta\"><div class=\"avia-testimonial-arrow-wrap\"><div class=\"avia-arrow\"><\/div><\/div><div class='avia-testimonial-meta-mini'  itemprop=\"author\" itemscope=\"itemscope\" itemtype=\"https:\/\/schema.org\/Person\" ><strong  class='avia-testimonial-name'  itemprop=\"name\" >aus der Schweiz<\/strong><\/div><\/div><\/div><\/div><\/section>\n<\/div>\n<!-- AddThis Advanced Settings generic via filter on the_content --><!-- AddThis Share Buttons generic via filter on the_content -->","protected":false},"excerpt":{"rendered":"<p>This is a Page excerpt. It will be displayed for search results<!-- AddThis Advanced Settings generic via filter on get_the_excerpt --><!-- AddThis Share Buttons generic via filter on get_the_excerpt --><\/p>\n","protected":false},"author":27,"featured_media":0,"parent":0,"menu_order":0,"comment_status":"open","ping_status":"closed","template":"","meta":{"footnotes":""},"categories":[],"tags":[],"class_list":["post-4782","page","type-page","status-publish","hentry"],"yoast_head":"<!-- This site is optimized with the Yoast SEO Premium plugin v24.8 (Yoast SEO v24.8.1) - https:\/\/yoast.com\/wordpress\/plugins\/seo\/ -->\n<title>Bibel-Institut - BBN<\/title>\n<meta name=\"description\" content=\"Hier k\u00f6nnen Sie kostenlos online Bibelkurse h\u00f6ren. Unsere Audio-Kurse sind in verschiedenen Lehrbereichen unterteilt. Die behandelten Themen sind alltagsnah und werden bibeltreu behandelt.\" \/>\n<meta name=\"robots\" content=\"index, follow, max-snippet:-1, max-image-preview:large, max-video-preview:-1\" \/>\n<link rel=\"canonical\" href=\"https:\/\/bbn1.bbnradio.org\/german\/kostenlos-bibel-institut-online-bibelkurse\/\" \/>\n<meta property=\"og:locale\" content=\"de_DE\" \/>\n<meta property=\"og:type\" content=\"article\" \/>\n<meta property=\"og:title\" content=\"BBN Bibel-Institut - konstelose Bibelkurse\" \/>\n<meta property=\"og:description\" content=\"Hier k\u00f6nnen Sie kostenlos online Bibelkurse h\u00f6ren. Unsere Audio-Kurse sind in verschiedenen Lehrbereichen unterteilt. Die behandelten Themen sind alltagsnah und werden bibeltreu behandelt.\" \/>\n<meta property=\"og:url\" content=\"https:\/\/bbn1.bbnradio.org\/german\/kostenlos-bibel-institut-online-bibelkurse\/\" \/>\n<meta property=\"og:site_name\" content=\"BBN\" \/>\n<meta property=\"article:publisher\" content=\"https:\/\/www.facebook.com\/BBNGerman\/\" \/>\n<meta property=\"article:modified_time\" content=\"2022-06-08T20:13:05+00:00\" \/>\n<meta name=\"twitter:card\" content=\"summary_large_image\" \/>\n<meta name=\"twitter:title\" content=\"BBN Bibel-Institut - konstelose Bibelkurse\" \/>\n<meta name=\"twitter:description\" content=\"Hier k\u00f6nnen Sie kostenlos online Bibelkurse h\u00f6ren. Unsere Audio-Kurse sind in verschiedenen Lehrbereichen unterteilt. Die behandelten Themen sind alltagsnah und werden bibeltreu behandelt.\" \/>\n<meta name=\"twitter:site\" content=\"@BBNDeutsch\" \/>\n<meta name=\"twitter:label1\" content=\"Gesch\u00e4tzte Lesezeit\" \/>\n\t<meta name=\"twitter:data1\" content=\"2\u00a0Minuten\" \/>\n<script type=\"application\/ld+json\" class=\"yoast-schema-graph\">{\"@context\":\"https:\/\/schema.org\",\"@graph\":[{\"@type\":\"WebPage\",\"@id\":\"https:\/\/bbn1.bbnradio.org\/german\/kostenlos-bibel-institut-online-bibelkurse\/\",\"url\":\"https:\/\/bbn1.bbnradio.org\/german\/kostenlos-bibel-institut-online-bibelkurse\/\",\"name\":\"Bibel-Institut - BBN\",\"isPartOf\":{\"@id\":\"https:\/\/bbn1.bbnradio.org\/german\/#website\"},\"datePublished\":\"2015-10-16T19:49:08+00:00\",\"dateModified\":\"2022-06-08T20:13:05+00:00\",\"description\":\"Hier k\u00f6nnen Sie kostenlos online Bibelkurse h\u00f6ren. Unsere Audio-Kurse sind in verschiedenen Lehrbereichen unterteilt. Die behandelten Themen sind alltagsnah und werden bibeltreu behandelt.\",\"breadcrumb\":{\"@id\":\"https:\/\/bbn1.bbnradio.org\/german\/kostenlos-bibel-institut-online-bibelkurse\/#breadcrumb\"},\"inLanguage\":\"de\",\"potentialAction\":[{\"@type\":\"ReadAction\",\"target\":[\"https:\/\/bbn1.bbnradio.org\/german\/kostenlos-bibel-institut-online-bibelkurse\/\"]}]},{\"@type\":\"BreadcrumbList\",\"@id\":\"https:\/\/bbn1.bbnradio.org\/german\/kostenlos-bibel-institut-online-bibelkurse\/#breadcrumb\",\"itemListElement\":[{\"@type\":\"ListItem\",\"position\":1,\"name\":\"Home\",\"item\":\"https:\/\/bbn1.bbnradio.org\/german\/home\/\"},{\"@type\":\"ListItem\",\"position\":2,\"name\":\"Bibel-Institut\"}]},{\"@type\":\"WebSite\",\"@id\":\"https:\/\/bbn1.bbnradio.org\/german\/#website\",\"url\":\"https:\/\/bbn1.bbnradio.org\/german\/\",\"name\":\"BBN\",\"description\":\"BBN\",\"potentialAction\":[{\"@type\":\"SearchAction\",\"target\":{\"@type\":\"EntryPoint\",\"urlTemplate\":\"https:\/\/bbn1.bbnradio.org\/german\/?s={search_term_string}\"},\"query-input\":{\"@type\":\"PropertyValueSpecification\",\"valueRequired\":true,\"valueName\":\"search_term_string\"}}],\"inLanguage\":\"de\"}]}<\/script>\n<!-- \/ Yoast SEO Premium plugin. -->","yoast_head_json":{"title":"Bibel-Institut - BBN","description":"Hier k\u00f6nnen Sie kostenlos online Bibelkurse h\u00f6ren. Unsere Audio-Kurse sind in verschiedenen Lehrbereichen unterteilt. Die behandelten Themen sind alltagsnah und werden bibeltreu behandelt.","robots":{"index":"index","follow":"follow","max-snippet":"max-snippet:-1","max-image-preview":"max-image-preview:large","max-video-preview":"max-video-preview:-1"},"canonical":"https:\/\/bbn1.bbnradio.org\/german\/kostenlos-bibel-institut-online-bibelkurse\/","og_locale":"de_DE","og_type":"article","og_title":"BBN Bibel-Institut - konstelose Bibelkurse","og_description":"Hier k\u00f6nnen Sie kostenlos online Bibelkurse h\u00f6ren. Unsere Audio-Kurse sind in verschiedenen Lehrbereichen unterteilt. Die behandelten Themen sind alltagsnah und werden bibeltreu behandelt.","og_url":"https:\/\/bbn1.bbnradio.org\/german\/kostenlos-bibel-institut-online-bibelkurse\/","og_site_name":"BBN","article_publisher":"https:\/\/www.facebook.com\/BBNGerman\/","article_modified_time":"2022-06-08T20:13:05+00:00","twitter_card":"summary_large_image","twitter_title":"BBN Bibel-Institut - konstelose Bibelkurse","twitter_description":"Hier k\u00f6nnen Sie kostenlos online Bibelkurse h\u00f6ren. Unsere Audio-Kurse sind in verschiedenen Lehrbereichen unterteilt. Die behandelten Themen sind alltagsnah und werden bibeltreu behandelt.","twitter_site":"@BBNDeutsch","twitter_misc":{"Gesch\u00e4tzte Lesezeit":"2\u00a0Minuten"},"schema":{"@context":"https:\/\/schema.org","@graph":[{"@type":"WebPage","@id":"https:\/\/bbn1.bbnradio.org\/german\/kostenlos-bibel-institut-online-bibelkurse\/","url":"https:\/\/bbn1.bbnradio.org\/german\/kostenlos-bibel-institut-online-bibelkurse\/","name":"Bibel-Institut - BBN","isPartOf":{"@id":"https:\/\/bbn1.bbnradio.org\/german\/#website"},"datePublished":"2015-10-16T19:49:08+00:00","dateModified":"2022-06-08T20:13:05+00:00","description":"Hier k\u00f6nnen Sie kostenlos online Bibelkurse h\u00f6ren. Unsere Audio-Kurse sind in verschiedenen Lehrbereichen unterteilt. Die behandelten Themen sind alltagsnah und werden bibeltreu behandelt.","breadcrumb":{"@id":"https:\/\/bbn1.bbnradio.org\/german\/kostenlos-bibel-institut-online-bibelkurse\/#breadcrumb"},"inLanguage":"de","potentialAction":[{"@type":"ReadAction","target":["https:\/\/bbn1.bbnradio.org\/german\/kostenlos-bibel-institut-online-bibelkurse\/"]}]},{"@type":"BreadcrumbList","@id":"https:\/\/bbn1.bbnradio.org\/german\/kostenlos-bibel-institut-online-bibelkurse\/#breadcrumb","itemListElement":[{"@type":"ListItem","position":1,"name":"Home","item":"https:\/\/bbn1.bbnradio.org\/german\/home\/"},{"@type":"ListItem","position":2,"name":"Bibel-Institut"}]},{"@type":"WebSite","@id":"https:\/\/bbn1.bbnradio.org\/german\/#website","url":"https:\/\/bbn1.bbnradio.org\/german\/","name":"BBN","description":"BBN","potentialAction":[{"@type":"SearchAction","target":{"@type":"EntryPoint","urlTemplate":"https:\/\/bbn1.bbnradio.org\/german\/?s={search_term_string}"},"query-input":{"@type":"PropertyValueSpecification","valueRequired":true,"valueName":"search_term_string"}}],"inLanguage":"de"}]}},"jetpack_sharing_enabled":true,"jetpack_shortlink":"https:\/\/wp.me\/PgZlJB-1f8","_links":{"self":[{"href":"https:\/\/bbn1.bbnradio.org\/german\/wp-json\/wp\/v2\/pages\/4782","targetHints":{"allow":["GET"]}}],"collection":[{"href":"https:\/\/bbn1.bbnradio.org\/german\/wp-json\/wp\/v2\/pages"}],"about":[{"href":"https:\/\/bbn1.bbnradio.org\/german\/wp-json\/wp\/v2\/types\/page"}],"author":[{"embeddable":true,"href":"https:\/\/bbn1.bbnradio.org\/german\/wp-json\/wp\/v2\/users\/27"}],"replies":[{"embeddable":true,"href":"https:\/\/bbn1.bbnradio.org\/german\/wp-json\/wp\/v2\/comments?post=4782"}],"version-history":[{"count":3,"href":"https:\/\/bbn1.bbnradio.org\/german\/wp-json\/wp\/v2\/pages\/4782\/revisions"}],"predecessor-version":[{"id":15831,"href":"https:\/\/bbn1.bbnradio.org\/german\/wp-json\/wp\/v2\/pages\/4782\/revisions\/15831"}],"wp:attachment":[{"href":"https:\/\/bbn1.bbnradio.org\/german\/wp-json\/wp\/v2\/media?parent=4782"}],"wp:term":[{"taxonomy":"category","embeddable":true,"href":"https:\/\/bbn1.bbnradio.org\/german\/wp-json\/wp\/v2\/categories?post=4782"},{"taxonomy":"post_tag","embeddable":true,"href":"https:\/\/bbn1.bbnradio.org\/german\/wp-json\/wp\/v2\/tags?post=4782"}],"curies":[{"name":"wp","href":"https:\/\/api.w.org\/{rel}","templated":true}]}}