{"id":4918,"date":"2015-11-10T17:15:57","date_gmt":"2015-11-10T21:15:57","guid":{"rendered":"https:\/\/bbn1.bbnradio.org\/english\/?page_id=4918"},"modified":"2019-04-12T13:55:01","modified_gmt":"2019-04-12T18:55:01","slug":"erste-schritte-im-glauben","status":"publish","type":"page","link":"https:\/\/bbn1.bbnradio.org\/german\/ressourcen\/erste-schritte-im-glauben\/","title":{"rendered":"Erste Schritte im Glauben"},"content":{"rendered":"\n<style type=\"text\/css\" data-created_by=\"avia_inline_auto\" id=\"style-css-av-huoie-1887d1c338517d84416a3359583e5862\">\n.avia-image-container.av-huoie-1887d1c338517d84416a3359583e5862 img.avia_image{\nbox-shadow:none;\n}\n.avia-image-container.av-huoie-1887d1c338517d84416a3359583e5862 .av-image-caption-overlay-center{\ncolor:#ffffff;\n}\n<\/style>\n<div  class='avia-image-container av-huoie-1887d1c338517d84416a3359583e5862 av-styling- avia-align-center  avia-builder-el-0  el_before_av_textblock  avia-builder-el-first '   itemprop=\"image\" itemscope=\"itemscope\" itemtype=\"https:\/\/schema.org\/ImageObject\" ><div class=\"avia-image-container-inner\"><div class=\"avia-image-overlay-wrap\"><img decoding=\"async\" fetchpriority=\"high\" class='wp-image-8591 avia-img-lazy-loading-not-8591 avia_image ' src=\"https:\/\/bbn1.bbnradio.org\/german\/wp-content\/uploads\/sites\/9\/2015\/11\/For-New-Believers.jpg\" alt='For New Believers' title='For New Believers'  height=\"321\" width=\"613\"  itemprop=\"thumbnailUrl\"  \/><\/div><\/div><\/div>\n<section  class='av_textblock_section av-2k6ndy-5c0aba14330a308fe62f7a696fabe3ee '   itemscope=\"itemscope\" itemtype=\"https:\/\/schema.org\/CreativeWork\" ><div class='avia_textblock'  itemprop=\"text\" ><p>Danke, dass Sie bei BNN reingeschaut haben und dass Sie die gr\u00f6\u00dfte Entscheidung Ihres Lebens getroffen haben, indem Sie Jesus Christus gebeten haben, Ihr pers\u00f6nlicher Retter zu sein.<\/p>\n<p><strong>GERETTET<\/strong>\u00a0ist ein Wort das in der Bibel vorkommt: \u201eJeder, der den Namen des Herrn anruft, wird gerettet werden.\u201c (R\u00f6mer 10,13)\u00a0 Das nun Folgende wird Ihnen helfen, besser zu verstehen, was dies bedeutet.<\/p>\n<p><span class=\"su-dropcap su-dropcap-style-flat\" style=\"font-size:2em\">E<\/span><strong>rrettung<\/strong><\/p>\n<p>Ein Ertrinkender schreit: \u201eRettet mich!\u201c \u2013 Aus einem brennenden Geb\u00e4ude schreit jemand: \u201eRettet mich!\u201c. Aber warum brauche ich Rettung? Ganz einfach, weil wir alle S\u00fcnder sind. R\u00f6mer 3,23 sagt uns klar und deutlich \u201e\u2026 sie sind allesamt S\u00fcnder und ermangeln des Ruhmes, den sie bei Gott haben sollten.\u201c Wir brauchen einen Erl\u00f6ser. Wenn Sie Jesus Christus gebeten haben in Ihr Leben zu kommen, sind Sie gerettet von der ewigen Verdammnis in der H\u00f6lle.<\/p>\n<p><span class=\"su-dropcap su-dropcap-style-flat\" style=\"font-size:2em\">G<\/span><strong>ewissheit<\/strong><\/p>\n<p>Wie wei\u00df ich, dass ich gerettet bin? Errettung beruht nicht auf Gef\u00fchlen, obwohl wir Freude durch unsere S\u00fcndenvergebung erfahren, wenn wir ein Kind Gottes geworden sind. Unsere Heilsgewissheit ist auf die Bibel gegr\u00fcndet \u2013 das Buch mit den Verhei\u00dfungen Gottes f\u00fcr uns. Gef\u00fchle \u00e4ndern sich st\u00e4ndig, aber Gottes Wort w\u00e4hrt f\u00fcr immer. Gott klopfte an Ihrer Herzenst\u00fcr an, Sie \u00f6ffneten die T\u00fcre und baten ihn in Ihr Leben zu kommen und wurden gerettet. Er \u00fcbernahm in Ihrem Leben den Wohnsitz in der Person des Heiligen Geistes. Da wird er auch bleiben, bis Sie letztlich ins \u201eVaterhaus\u201c einkehren. Lesen Sie 1. Johannes 5, 11-13.<\/p>\n<p><span class=\"su-dropcap su-dropcap-style-flat\" style=\"font-size:2em\">S<\/span><strong>ieg<\/strong><\/p>\n<p>Sieg bedeutet hier keinesfalls, dass Sie nie wieder s\u00fcndigen werden! Doch wenn Sie nun s\u00fcndigen, hat Gott die Vorkehrung der Vergebung f\u00fcr Sie getroffen. Durch S\u00fcnde verlieren Sie nun nicht mehr Ihre Erl\u00f6sung, aber, Sie k\u00f6nnen die Gemeinschaft mit Gott unterbrechen. Zum Beispiel, wenn ein Kind irgendetwas Schlimmes anstellt, bedeutet das nicht, dass es dadurch das Anrecht der Kindschaft verliert. Aber, es behindert die Gemeinschaft mit dem Vater, bis das Kind sich bei ihm entschuldigt hat. Dadurch wird das Verh\u00e4ltnis zum Vater wiederhergestellt. Genauso ist das mit Ihrem Himmlischen Vater. Wenn Sie ihm Ihre S\u00fcnde bekennen, ist Ihre Gemeinschaft mit Gott wiederhergestellt. \u201eWenn wir aber unsere S\u00fcnden bekennen, so ist er treu und gerecht, das er uns die S\u00fcnden vergibt und uns reinigt von aller Ungerechtigkeit\u201c (1. Johannes 1,9).<\/p>\n<p><span class=\"su-dropcap su-dropcap-style-flat\" style=\"font-size:2em\">E<\/span><strong>rbauung<\/strong><\/p>\n<p>\u201eErbauung\u201d ist ein Wort, das soviel wie st\u00e4rken oder aufbauen bedeutet. Wenn Sie t\u00e4glich die Bibel lesen und Bibelverse auswendig lernen, werden Sie geistliches Wachstum erfahren. Die Bibel ist Nahrung f\u00fcr die Seele, genauso wie Brot Nahrung f\u00fcr den K\u00f6rper ist. Jesus sagt: \u201eIch bin das Brot des Lebens. Wer zu mir kommt, wird nicht hungern, und wer an mich glaubt, den wird niemals d\u00fcrsten\u201c (Johannes 6,35).<\/p>\n<p><span class=\"su-dropcap su-dropcap-style-flat\" style=\"font-size:2em\">F<\/span><strong>\u00fchrung<\/strong><\/p>\n<p>Als Sie gerettet wurden, sandte Gott den Heiligen Geist zu Ihnen, dass er in Ihnen leben soll. Er ist die dritte Person der Dreieinigkeit. Er ist auch die leise Stimme die zu Ihnen redet. Die Bibel sagt, dass wenn Sie irgendetwas Unrechtes tun, Sie den Heiligen Geist betr\u00fcben. Wenn das der Fall ist, \u00fcberzeugt er uns von unserer S\u00fcnde. Wenn alles im Einklang ist, schenkt er uns Frieden. Er ist auch Ihr Lehrer, der Sie in der Wahrheit leitet und Ihnen hilft die Bibel zu verstehen. Hier sind einige Verse, die Ihnen helfen werden das zu verstehen: Psalm 23,2 ; 31,3 ; 139,7-10.<\/p>\n<h2>Drei Gewohnheiten, die Ihnen helfen werden, im Glauben zu wachsen<\/h2>\n<ul>\n<li style=\"text-align: left\"><strong>Lesen Sie t\u00e4glich Ihre Bibel,<\/strong> durch sie spricht Gott zu Ihnen.<\/li>\n<li style=\"text-align: left\"><strong>Beten Sie t\u00e4glich,<\/strong> dadurch sprechen Sie mit Gott.<\/li>\n<li style=\"text-align: left\"><strong>Finden Sie eine gute Gemeinde,\u00a0 <\/strong>wo die Bibel gelehrt wird und Errettung durch Glauben gepredigt wird.<b><i> <\/i><\/b>Die Gemeinde ist auch der Platz, wo Sie andere Gl\u00e4ubige treffen und Gemeinschaft und St\u00e4rkung f\u00fcr Ihr neues Leben mit Christus finden.<\/li>\n<\/ul>\n<\/div><\/section>\n<!-- AddThis Advanced Settings generic via filter on the_content --><!-- AddThis Share Buttons generic via filter on the_content -->","protected":false},"excerpt":{"rendered":"<p><!-- AddThis Advanced Settings generic via filter on get_the_excerpt --><!-- AddThis Share Buttons generic via filter on get_the_excerpt --><\/p>\n","protected":false},"author":27,"featured_media":8591,"parent":4781,"menu_order":0,"comment_status":"closed","ping_status":"closed","template":"","meta":{"footnotes":""},"categories":[],"tags":[],"class_list":["post-4918","page","type-page","status-publish","has-post-thumbnail","hentry"],"yoast_head":"<!-- This site is optimized with the Yoast SEO Premium plugin v24.8 (Yoast SEO v24.8.1) - https:\/\/yoast.com\/wordpress\/plugins\/seo\/ -->\n<title>Erste Schritte im Glauben - BBN<\/title>\n<meta name=\"robots\" content=\"index, follow, max-snippet:-1, max-image-preview:large, max-video-preview:-1\" \/>\n<link rel=\"canonical\" href=\"https:\/\/bbn1.bbnradio.org\/german\/ressourcen\/erste-schritte-im-glauben\/\" \/>\n<meta property=\"og:locale\" content=\"de_DE\" \/>\n<meta property=\"og:type\" content=\"article\" \/>\n<meta property=\"og:title\" content=\"Erste Schritte im Glauben\" \/>\n<meta property=\"og:url\" content=\"https:\/\/bbn1.bbnradio.org\/german\/ressourcen\/erste-schritte-im-glauben\/\" \/>\n<meta property=\"og:site_name\" content=\"BBN\" \/>\n<meta property=\"article:publisher\" content=\"https:\/\/www.facebook.com\/BBNGerman\/\" \/>\n<meta property=\"article:modified_time\" content=\"2019-04-12T18:55:01+00:00\" \/>\n<meta name=\"twitter:card\" content=\"summary_large_image\" \/>\n<meta name=\"twitter:image\" content=\"https:\/\/bbn1.bbnradio.org\/english\/wp-content\/uploads\/sites\/2\/2015\/11\/For-New-Believers.jpg\" \/>\n<meta name=\"twitter:site\" content=\"@BBNDeutsch\" \/>\n<meta name=\"twitter:label1\" content=\"Gesch\u00e4tzte Lesezeit\" \/>\n\t<meta name=\"twitter:data1\" content=\"4\u00a0Minuten\" \/>\n<script type=\"application\/ld+json\" class=\"yoast-schema-graph\">{\"@context\":\"https:\/\/schema.org\",\"@graph\":[{\"@type\":\"WebPage\",\"@id\":\"https:\/\/bbn1.bbnradio.org\/german\/ressourcen\/erste-schritte-im-glauben\/\",\"url\":\"https:\/\/bbn1.bbnradio.org\/german\/ressourcen\/erste-schritte-im-glauben\/\",\"name\":\"Erste Schritte im Glauben - BBN\",\"isPartOf\":{\"@id\":\"https:\/\/bbn1.bbnradio.org\/german\/#website\"},\"primaryImageOfPage\":{\"@id\":\"https:\/\/bbn1.bbnradio.org\/german\/ressourcen\/erste-schritte-im-glauben\/#primaryimage\"},\"image\":{\"@id\":\"https:\/\/bbn1.bbnradio.org\/german\/ressourcen\/erste-schritte-im-glauben\/#primaryimage\"},\"thumbnailUrl\":\"https:\/\/bbn1.bbnradio.org\/german\/wp-content\/uploads\/sites\/9\/2015\/11\/For-New-Believers.jpg\",\"datePublished\":\"2015-11-10T21:15:57+00:00\",\"dateModified\":\"2019-04-12T18:55:01+00:00\",\"breadcrumb\":{\"@id\":\"https:\/\/bbn1.bbnradio.org\/german\/ressourcen\/erste-schritte-im-glauben\/#breadcrumb\"},\"inLanguage\":\"de\",\"potentialAction\":[{\"@type\":\"ReadAction\",\"target\":[\"https:\/\/bbn1.bbnradio.org\/german\/ressourcen\/erste-schritte-im-glauben\/\"]}]},{\"@type\":\"ImageObject\",\"inLanguage\":\"de\",\"@id\":\"https:\/\/bbn1.bbnradio.org\/german\/ressourcen\/erste-schritte-im-glauben\/#primaryimage\",\"url\":\"https:\/\/bbn1.bbnradio.org\/german\/wp-content\/uploads\/sites\/9\/2015\/11\/For-New-Believers.jpg\",\"contentUrl\":\"https:\/\/bbn1.bbnradio.org\/german\/wp-content\/uploads\/sites\/9\/2015\/11\/For-New-Believers.jpg\",\"width\":1200,\"height\":628,\"caption\":\"For New Believers\"},{\"@type\":\"BreadcrumbList\",\"@id\":\"https:\/\/bbn1.bbnradio.org\/german\/ressourcen\/erste-schritte-im-glauben\/#breadcrumb\",\"itemListElement\":[{\"@type\":\"ListItem\",\"position\":1,\"name\":\"Home\",\"item\":\"https:\/\/bbn1.bbnradio.org\/german\/home\/\"},{\"@type\":\"ListItem\",\"position\":2,\"name\":\"Ressourcen\",\"item\":\"https:\/\/bbn1.bbnradio.org\/german\/ressourcen\/\"},{\"@type\":\"ListItem\",\"position\":3,\"name\":\"Erste Schritte im Glauben\"}]},{\"@type\":\"WebSite\",\"@id\":\"https:\/\/bbn1.bbnradio.org\/german\/#website\",\"url\":\"https:\/\/bbn1.bbnradio.org\/german\/\",\"name\":\"BBN\",\"description\":\"BBN\",\"potentialAction\":[{\"@type\":\"SearchAction\",\"target\":{\"@type\":\"EntryPoint\",\"urlTemplate\":\"https:\/\/bbn1.bbnradio.org\/german\/?s={search_term_string}\"},\"query-input\":{\"@type\":\"PropertyValueSpecification\",\"valueRequired\":true,\"valueName\":\"search_term_string\"}}],\"inLanguage\":\"de\"}]}<\/script>\n<!-- \/ Yoast SEO Premium plugin. -->","yoast_head_json":{"title":"Erste Schritte im Glauben - BBN","robots":{"index":"index","follow":"follow","max-snippet":"max-snippet:-1","max-image-preview":"max-image-preview:large","max-video-preview":"max-video-preview:-1"},"canonical":"https:\/\/bbn1.bbnradio.org\/german\/ressourcen\/erste-schritte-im-glauben\/","og_locale":"de_DE","og_type":"article","og_title":"Erste Schritte im Glauben","og_url":"https:\/\/bbn1.bbnradio.org\/german\/ressourcen\/erste-schritte-im-glauben\/","og_site_name":"BBN","article_publisher":"https:\/\/www.facebook.com\/BBNGerman\/","article_modified_time":"2019-04-12T18:55:01+00:00","twitter_card":"summary_large_image","twitter_image":"https:\/\/bbn1.bbnradio.org\/english\/wp-content\/uploads\/sites\/2\/2015\/11\/For-New-Believers.jpg","twitter_site":"@BBNDeutsch","twitter_misc":{"Gesch\u00e4tzte Lesezeit":"4\u00a0Minuten"},"schema":{"@context":"https:\/\/schema.org","@graph":[{"@type":"WebPage","@id":"https:\/\/bbn1.bbnradio.org\/german\/ressourcen\/erste-schritte-im-glauben\/","url":"https:\/\/bbn1.bbnradio.org\/german\/ressourcen\/erste-schritte-im-glauben\/","name":"Erste Schritte im Glauben - BBN","isPartOf":{"@id":"https:\/\/bbn1.bbnradio.org\/german\/#website"},"primaryImageOfPage":{"@id":"https:\/\/bbn1.bbnradio.org\/german\/ressourcen\/erste-schritte-im-glauben\/#primaryimage"},"image":{"@id":"https:\/\/bbn1.bbnradio.org\/german\/ressourcen\/erste-schritte-im-glauben\/#primaryimage"},"thumbnailUrl":"https:\/\/bbn1.bbnradio.org\/german\/wp-content\/uploads\/sites\/9\/2015\/11\/For-New-Believers.jpg","datePublished":"2015-11-10T21:15:57+00:00","dateModified":"2019-04-12T18:55:01+00:00","breadcrumb":{"@id":"https:\/\/bbn1.bbnradio.org\/german\/ressourcen\/erste-schritte-im-glauben\/#breadcrumb"},"inLanguage":"de","potentialAction":[{"@type":"ReadAction","target":["https:\/\/bbn1.bbnradio.org\/german\/ressourcen\/erste-schritte-im-glauben\/"]}]},{"@type":"ImageObject","inLanguage":"de","@id":"https:\/\/bbn1.bbnradio.org\/german\/ressourcen\/erste-schritte-im-glauben\/#primaryimage","url":"https:\/\/bbn1.bbnradio.org\/german\/wp-content\/uploads\/sites\/9\/2015\/11\/For-New-Believers.jpg","contentUrl":"https:\/\/bbn1.bbnradio.org\/german\/wp-content\/uploads\/sites\/9\/2015\/11\/For-New-Believers.jpg","width":1200,"height":628,"caption":"For New Believers"},{"@type":"BreadcrumbList","@id":"https:\/\/bbn1.bbnradio.org\/german\/ressourcen\/erste-schritte-im-glauben\/#breadcrumb","itemListElement":[{"@type":"ListItem","position":1,"name":"Home","item":"https:\/\/bbn1.bbnradio.org\/german\/home\/"},{"@type":"ListItem","position":2,"name":"Ressourcen","item":"https:\/\/bbn1.bbnradio.org\/german\/ressourcen\/"},{"@type":"ListItem","position":3,"name":"Erste Schritte im Glauben"}]},{"@type":"WebSite","@id":"https:\/\/bbn1.bbnradio.org\/german\/#website","url":"https:\/\/bbn1.bbnradio.org\/german\/","name":"BBN","description":"BBN","potentialAction":[{"@type":"SearchAction","target":{"@type":"EntryPoint","urlTemplate":"https:\/\/bbn1.bbnradio.org\/german\/?s={search_term_string}"},"query-input":{"@type":"PropertyValueSpecification","valueRequired":true,"valueName":"search_term_string"}}],"inLanguage":"de"}]}},"jetpack_sharing_enabled":true,"jetpack_shortlink":"https:\/\/wp.me\/PgZlJB-1hk","_links":{"self":[{"href":"https:\/\/bbn1.bbnradio.org\/german\/wp-json\/wp\/v2\/pages\/4918","targetHints":{"allow":["GET"]}}],"collection":[{"href":"https:\/\/bbn1.bbnradio.org\/german\/wp-json\/wp\/v2\/pages"}],"about":[{"href":"https:\/\/bbn1.bbnradio.org\/german\/wp-json\/wp\/v2\/types\/page"}],"author":[{"embeddable":true,"href":"https:\/\/bbn1.bbnradio.org\/german\/wp-json\/wp\/v2\/users\/27"}],"replies":[{"embeddable":true,"href":"https:\/\/bbn1.bbnradio.org\/german\/wp-json\/wp\/v2\/comments?post=4918"}],"version-history":[{"count":3,"href":"https:\/\/bbn1.bbnradio.org\/german\/wp-json\/wp\/v2\/pages\/4918\/revisions"}],"predecessor-version":[{"id":14935,"href":"https:\/\/bbn1.bbnradio.org\/german\/wp-json\/wp\/v2\/pages\/4918\/revisions\/14935"}],"up":[{"embeddable":true,"href":"https:\/\/bbn1.bbnradio.org\/german\/wp-json\/wp\/v2\/pages\/4781"}],"wp:featuredmedia":[{"embeddable":true,"href":"https:\/\/bbn1.bbnradio.org\/german\/wp-json\/wp\/v2\/media\/8591"}],"wp:attachment":[{"href":"https:\/\/bbn1.bbnradio.org\/german\/wp-json\/wp\/v2\/media?parent=4918"}],"wp:term":[{"taxonomy":"category","embeddable":true,"href":"https:\/\/bbn1.bbnradio.org\/german\/wp-json\/wp\/v2\/categories?post=4918"},{"taxonomy":"post_tag","embeddable":true,"href":"https:\/\/bbn1.bbnradio.org\/german\/wp-json\/wp\/v2\/tags?post=4918"}],"curies":[{"name":"wp","href":"https:\/\/api.w.org\/{rel}","templated":true}]}}