{"id":5687,"date":"2016-01-12T13:49:26","date_gmt":"2016-01-12T17:49:26","guid":{"rendered":"https:\/\/bbn1.bbnradio.org\/english\/?page_id=5687"},"modified":"2019-04-09T15:13:56","modified_gmt":"2019-04-09T20:13:56","slug":"unser-ziel","status":"publish","type":"page","link":"https:\/\/bbn1.bbnradio.org\/german\/uber-bbn\/unser-ziel\/","title":{"rendered":"Unser Ziel"},"content":{"rendered":"\n<style type=\"text\/css\" data-created_by=\"avia_inline_auto\" id=\"style-css-av-58664n-5c7d506db0c29316648d2c21e7a98a51\">\n.avia-image-container.av-58664n-5c7d506db0c29316648d2c21e7a98a51 img.avia_image{\nbox-shadow:none;\n}\n.avia-image-container.av-58664n-5c7d506db0c29316648d2c21e7a98a51 .av-image-caption-overlay-center{\ncolor:#ffffff;\n}\n<\/style>\n<div  class='avia-image-container av-58664n-5c7d506db0c29316648d2c21e7a98a51 av-styling- avia-align-center  avia-builder-el-0  el_before_av_textblock  avia-builder-el-first '   itemprop=\"image\" itemscope=\"itemscope\" itemtype=\"https:\/\/schema.org\/ImageObject\" ><div class=\"avia-image-container-inner\"><div class=\"avia-image-overlay-wrap\"><img decoding=\"async\" fetchpriority=\"high\" class='wp-image-8313 avia-img-lazy-loading-not-8313 avia_image ' src=\"https:\/\/bbn1.bbnradio.org\/german\/wp-content\/uploads\/sites\/9\/2016\/08\/Purpose.jpg\" alt='Purpose' title='Purpose'  height=\"430\" width=\"822\"  itemprop=\"thumbnailUrl\"  \/><\/div><\/div><\/div>\n<section  class='av_textblock_section av-3oo547-4f565e5ecaae5485a1a61f382a8c566b '   itemscope=\"itemscope\" itemtype=\"https:\/\/schema.org\/CreativeWork\" ><div class='avia_textblock'  itemprop=\"text\" ><p>Unser Ziel ist ganz einfach, den Menschen das Wort Gottes nahe zu bringen, und zwar mit den besten uns zur Verf\u00fcgung stehenden Mitteln. Das Radio bleibt das kosteng\u00fcnstigste Mittel, um Menschen mit dem Evangelium zu erreichen und sie t\u00e4glich, 24 Stunden am Tag, zu lehren.<\/p>\n<p>Unsere Aufgabe erf\u00fcllen wir mit Hilfe des Radios, ein wirklich hervorragendes und effizientes Mittel, und mit Hilfe unserer vielseitigen und einzigartigen Musik- und Lehrprogramme. Die Wahrheit des Evangeliums hat ihre Kraft nicht verloren. Sie hat jedoch oft ihre Zuh\u00f6rerschaft verloren, und zwar ganz einfach, weil sie schlecht oder mangelhaft pr\u00e4sentiert wurde. Es kann sein, dass wir nur eine einzige Gelegenheit haben, einem Menschen die Botschaft des Evangeliums mitzuteilen. Unsere Botschaft muss immer wahr und zur Ehre des Herrn sein. Und sie muss so verk\u00fcndigt werden, dass sie nichts von ihrer Wichtigkeit verliert oder einb\u00fc\u00dft.<\/p>\n<p>F\u00fcr uns ist das Radio kein Gesch\u00e4ft. Es ist eine Aufgabe und ein Dienst. Unsere Programme sollen W\u00e4rme und Freundlichkeit vermitteln; sie m\u00fcssen informativ sein und die Wahrheit pr\u00e4sentieren. Die Mikrophone des Bibel-\u00dcbertragungssenders sind so heilig wie jede andere Kanzel in der Welt. Unser t\u00e4gliches Radioprogramm umfasst Gebetszeiten, Bibelunterricht und biblische Lehrbeitr\u00e4ge; wir haben Programme f\u00fcr Kinder und Jugendliche sowie Familienberatungsprogramme. Auch haben wir eine geb\u00fchrenfreie Telefonnummer f\u00fcr pers\u00f6nliche Fragen und Anliegen (1-800-888-7077) funktioniert nur innerhalb den USA. So machen wir Menschen mit dem Evangelium vertraut und weisen vielen den Weg zu Jesus Christus<\/p>\n<p>BBN ist ein Radiodienst mit dem Ziel und der Aufgabe, Wegweisung in geistlicher Hinsicht zu geben. Sie k\u00f6nnen uns dabei helfen, indem Sie BBN weiterempfehlen. Unser Wunsch ist es, dass viele zum Glauben an Jesus Christus kommen, dass Familien gest\u00e4rkt, erbaut und ermutigt werden, und dass Christen ermutigt werden das Evangelium zu verk\u00fcnden und somit den gro\u00dfen Auftrag Jesu erf\u00fcllen.<\/p>\n<\/div><\/section>\n<div  class='avia-button-wrap av-260js7-d966c6154a3dae0f715f989eb302f3b7-wrap avia-button-center  avia-builder-el-2  el_after_av_textblock  avia-builder-el-last '><a href='https://\/\/bbn1.bbnradio.org\/german\/kontakt\/anfrage\/bbn-empfehlungskarten\/?PHPSESSID=INinkvqZ%2CD5TR2LpQWq3wQM4d5PRAHzP'  class='avia-button av-260js7-d966c6154a3dae0f715f989eb302f3b7 av-link-btn avia-icon_select-no avia-size-large avia-position-center avia-color-theme-color'   aria-label=\"BBN Empfehlungskarten kostenlos anfordern\"><span class='avia_iconbox_title' >BBN Empfehlungskarten kostenlos anfordern<\/span><\/a><\/div>\n<!-- AddThis Advanced Settings generic via filter on the_content --><!-- AddThis Share Buttons generic via filter on the_content -->","protected":false},"excerpt":{"rendered":"<p><!-- AddThis Advanced Settings generic via filter on get_the_excerpt --><!-- AddThis Share Buttons generic via filter on get_the_excerpt --><\/p>\n","protected":false},"author":27,"featured_media":8313,"parent":4092,"menu_order":0,"comment_status":"closed","ping_status":"closed","template":"","meta":{"footnotes":""},"categories":[],"tags":[],"class_list":["post-5687","page","type-page","status-publish","has-post-thumbnail","hentry"],"yoast_head":"<!-- This site is optimized with the Yoast SEO Premium plugin v24.8 (Yoast SEO v24.8.1) - https:\/\/yoast.com\/wordpress\/plugins\/seo\/ -->\n<title>Unser Ziel - BBN<\/title>\n<meta name=\"robots\" content=\"index, follow, max-snippet:-1, max-image-preview:large, max-video-preview:-1\" \/>\n<link rel=\"canonical\" href=\"https:\/\/bbn1.bbnradio.org\/german\/uber-bbn\/unser-ziel\/\" \/>\n<meta property=\"og:locale\" content=\"de_DE\" \/>\n<meta property=\"og:type\" content=\"article\" \/>\n<meta property=\"og:title\" content=\"Unser Ziel\" \/>\n<meta property=\"og:url\" content=\"https:\/\/bbn1.bbnradio.org\/german\/uber-bbn\/unser-ziel\/\" \/>\n<meta property=\"og:site_name\" content=\"BBN\" \/>\n<meta property=\"article:publisher\" content=\"https:\/\/www.facebook.com\/BBNGerman\/\" \/>\n<meta property=\"article:modified_time\" content=\"2019-04-09T20:13:56+00:00\" \/>\n<meta name=\"twitter:card\" content=\"summary_large_image\" \/>\n<meta name=\"twitter:image\" content=\"https:\/\/bbn1.bbnradio.org\/english\/wp-content\/uploads\/sites\/2\/2016\/08\/Purpose.jpg\" \/>\n<meta name=\"twitter:site\" content=\"@BBNDeutsch\" \/>\n<meta name=\"twitter:label1\" content=\"Gesch\u00e4tzte Lesezeit\" \/>\n\t<meta name=\"twitter:data1\" content=\"2\u00a0Minuten\" \/>\n<script type=\"application\/ld+json\" class=\"yoast-schema-graph\">{\"@context\":\"https:\/\/schema.org\",\"@graph\":[{\"@type\":\"WebPage\",\"@id\":\"https:\/\/bbn1.bbnradio.org\/german\/uber-bbn\/unser-ziel\/\",\"url\":\"https:\/\/bbn1.bbnradio.org\/german\/uber-bbn\/unser-ziel\/\",\"name\":\"Unser Ziel - BBN\",\"isPartOf\":{\"@id\":\"https:\/\/bbn1.bbnradio.org\/german\/#website\"},\"primaryImageOfPage\":{\"@id\":\"https:\/\/bbn1.bbnradio.org\/german\/uber-bbn\/unser-ziel\/#primaryimage\"},\"image\":{\"@id\":\"https:\/\/bbn1.bbnradio.org\/german\/uber-bbn\/unser-ziel\/#primaryimage\"},\"thumbnailUrl\":\"https:\/\/bbn1.bbnradio.org\/german\/wp-content\/uploads\/sites\/9\/2016\/08\/Purpose.jpg\",\"datePublished\":\"2016-01-12T17:49:26+00:00\",\"dateModified\":\"2019-04-09T20:13:56+00:00\",\"breadcrumb\":{\"@id\":\"https:\/\/bbn1.bbnradio.org\/german\/uber-bbn\/unser-ziel\/#breadcrumb\"},\"inLanguage\":\"de\",\"potentialAction\":[{\"@type\":\"ReadAction\",\"target\":[\"https:\/\/bbn1.bbnradio.org\/german\/uber-bbn\/unser-ziel\/\"]}]},{\"@type\":\"ImageObject\",\"inLanguage\":\"de\",\"@id\":\"https:\/\/bbn1.bbnradio.org\/german\/uber-bbn\/unser-ziel\/#primaryimage\",\"url\":\"https:\/\/bbn1.bbnradio.org\/german\/wp-content\/uploads\/sites\/9\/2016\/08\/Purpose.jpg\",\"contentUrl\":\"https:\/\/bbn1.bbnradio.org\/german\/wp-content\/uploads\/sites\/9\/2016\/08\/Purpose.jpg\",\"width\":1200,\"height\":628,\"caption\":\"Purpose\"},{\"@type\":\"BreadcrumbList\",\"@id\":\"https:\/\/bbn1.bbnradio.org\/german\/uber-bbn\/unser-ziel\/#breadcrumb\",\"itemListElement\":[{\"@type\":\"ListItem\",\"position\":1,\"name\":\"Home\",\"item\":\"https:\/\/bbn1.bbnradio.org\/german\/home\/\"},{\"@type\":\"ListItem\",\"position\":2,\"name\":\"\u00dcber BBN\",\"item\":\"https:\/\/bbn1.bbnradio.org\/german\/uber-bbn\/\"},{\"@type\":\"ListItem\",\"position\":3,\"name\":\"Unser Ziel\"}]},{\"@type\":\"WebSite\",\"@id\":\"https:\/\/bbn1.bbnradio.org\/german\/#website\",\"url\":\"https:\/\/bbn1.bbnradio.org\/german\/\",\"name\":\"BBN\",\"description\":\"BBN\",\"potentialAction\":[{\"@type\":\"SearchAction\",\"target\":{\"@type\":\"EntryPoint\",\"urlTemplate\":\"https:\/\/bbn1.bbnradio.org\/german\/?s={search_term_string}\"},\"query-input\":{\"@type\":\"PropertyValueSpecification\",\"valueRequired\":true,\"valueName\":\"search_term_string\"}}],\"inLanguage\":\"de\"}]}<\/script>\n<!-- \/ Yoast SEO Premium plugin. -->","yoast_head_json":{"title":"Unser Ziel - BBN","robots":{"index":"index","follow":"follow","max-snippet":"max-snippet:-1","max-image-preview":"max-image-preview:large","max-video-preview":"max-video-preview:-1"},"canonical":"https:\/\/bbn1.bbnradio.org\/german\/uber-bbn\/unser-ziel\/","og_locale":"de_DE","og_type":"article","og_title":"Unser Ziel","og_url":"https:\/\/bbn1.bbnradio.org\/german\/uber-bbn\/unser-ziel\/","og_site_name":"BBN","article_publisher":"https:\/\/www.facebook.com\/BBNGerman\/","article_modified_time":"2019-04-09T20:13:56+00:00","twitter_card":"summary_large_image","twitter_image":"https:\/\/bbn1.bbnradio.org\/english\/wp-content\/uploads\/sites\/2\/2016\/08\/Purpose.jpg","twitter_site":"@BBNDeutsch","twitter_misc":{"Gesch\u00e4tzte Lesezeit":"2\u00a0Minuten"},"schema":{"@context":"https:\/\/schema.org","@graph":[{"@type":"WebPage","@id":"https:\/\/bbn1.bbnradio.org\/german\/uber-bbn\/unser-ziel\/","url":"https:\/\/bbn1.bbnradio.org\/german\/uber-bbn\/unser-ziel\/","name":"Unser Ziel - BBN","isPartOf":{"@id":"https:\/\/bbn1.bbnradio.org\/german\/#website"},"primaryImageOfPage":{"@id":"https:\/\/bbn1.bbnradio.org\/german\/uber-bbn\/unser-ziel\/#primaryimage"},"image":{"@id":"https:\/\/bbn1.bbnradio.org\/german\/uber-bbn\/unser-ziel\/#primaryimage"},"thumbnailUrl":"https:\/\/bbn1.bbnradio.org\/german\/wp-content\/uploads\/sites\/9\/2016\/08\/Purpose.jpg","datePublished":"2016-01-12T17:49:26+00:00","dateModified":"2019-04-09T20:13:56+00:00","breadcrumb":{"@id":"https:\/\/bbn1.bbnradio.org\/german\/uber-bbn\/unser-ziel\/#breadcrumb"},"inLanguage":"de","potentialAction":[{"@type":"ReadAction","target":["https:\/\/bbn1.bbnradio.org\/german\/uber-bbn\/unser-ziel\/"]}]},{"@type":"ImageObject","inLanguage":"de","@id":"https:\/\/bbn1.bbnradio.org\/german\/uber-bbn\/unser-ziel\/#primaryimage","url":"https:\/\/bbn1.bbnradio.org\/german\/wp-content\/uploads\/sites\/9\/2016\/08\/Purpose.jpg","contentUrl":"https:\/\/bbn1.bbnradio.org\/german\/wp-content\/uploads\/sites\/9\/2016\/08\/Purpose.jpg","width":1200,"height":628,"caption":"Purpose"},{"@type":"BreadcrumbList","@id":"https:\/\/bbn1.bbnradio.org\/german\/uber-bbn\/unser-ziel\/#breadcrumb","itemListElement":[{"@type":"ListItem","position":1,"name":"Home","item":"https:\/\/bbn1.bbnradio.org\/german\/home\/"},{"@type":"ListItem","position":2,"name":"\u00dcber BBN","item":"https:\/\/bbn1.bbnradio.org\/german\/uber-bbn\/"},{"@type":"ListItem","position":3,"name":"Unser Ziel"}]},{"@type":"WebSite","@id":"https:\/\/bbn1.bbnradio.org\/german\/#website","url":"https:\/\/bbn1.bbnradio.org\/german\/","name":"BBN","description":"BBN","potentialAction":[{"@type":"SearchAction","target":{"@type":"EntryPoint","urlTemplate":"https:\/\/bbn1.bbnradio.org\/german\/?s={search_term_string}"},"query-input":{"@type":"PropertyValueSpecification","valueRequired":true,"valueName":"search_term_string"}}],"inLanguage":"de"}]}},"jetpack_sharing_enabled":true,"jetpack_shortlink":"https:\/\/wp.me\/PgZlJB-1tJ","_links":{"self":[{"href":"https:\/\/bbn1.bbnradio.org\/german\/wp-json\/wp\/v2\/pages\/5687","targetHints":{"allow":["GET"]}}],"collection":[{"href":"https:\/\/bbn1.bbnradio.org\/german\/wp-json\/wp\/v2\/pages"}],"about":[{"href":"https:\/\/bbn1.bbnradio.org\/german\/wp-json\/wp\/v2\/types\/page"}],"author":[{"embeddable":true,"href":"https:\/\/bbn1.bbnradio.org\/german\/wp-json\/wp\/v2\/users\/27"}],"replies":[{"embeddable":true,"href":"https:\/\/bbn1.bbnradio.org\/german\/wp-json\/wp\/v2\/comments?post=5687"}],"version-history":[{"count":3,"href":"https:\/\/bbn1.bbnradio.org\/german\/wp-json\/wp\/v2\/pages\/5687\/revisions"}],"predecessor-version":[{"id":14928,"href":"https:\/\/bbn1.bbnradio.org\/german\/wp-json\/wp\/v2\/pages\/5687\/revisions\/14928"}],"up":[{"embeddable":true,"href":"https:\/\/bbn1.bbnradio.org\/german\/wp-json\/wp\/v2\/pages\/4092"}],"wp:featuredmedia":[{"embeddable":true,"href":"https:\/\/bbn1.bbnradio.org\/german\/wp-json\/wp\/v2\/media\/8313"}],"wp:attachment":[{"href":"https:\/\/bbn1.bbnradio.org\/german\/wp-json\/wp\/v2\/media?parent=5687"}],"wp:term":[{"taxonomy":"category","embeddable":true,"href":"https:\/\/bbn1.bbnradio.org\/german\/wp-json\/wp\/v2\/categories?post=5687"},{"taxonomy":"post_tag","embeddable":true,"href":"https:\/\/bbn1.bbnradio.org\/german\/wp-json\/wp\/v2\/tags?post=5687"}],"curies":[{"name":"wp","href":"https:\/\/api.w.org\/{rel}","templated":true}]}}