{"id":5693,"date":"2016-01-12T13:56:48","date_gmt":"2016-01-12T17:56:48","guid":{"rendered":"https:\/\/bbn1.bbnradio.org\/english\/?page_id=5693"},"modified":"2019-02-26T10:57:36","modified_gmt":"2019-02-26T15:57:36","slug":"geistliche-hilfe","status":"publish","type":"page","link":"https:\/\/bbn1.bbnradio.org\/german\/uber-bbn\/geistliche-hilfe\/","title":{"rendered":"Geistliche Hilfe"},"content":{"rendered":"\n<style type=\"text\/css\" data-created_by=\"avia_inline_auto\" id=\"style-css-av-5vjfml-fdf3e52d093ec3435772efdd5a9acf1d\">\n.avia-image-container.av-5vjfml-fdf3e52d093ec3435772efdd5a9acf1d img.avia_image{\nbox-shadow:none;\n}\n.avia-image-container.av-5vjfml-fdf3e52d093ec3435772efdd5a9acf1d .av-image-caption-overlay-center{\ncolor:#ffffff;\n}\n<\/style>\n<div  class='avia-image-container av-5vjfml-fdf3e52d093ec3435772efdd5a9acf1d av-styling- avia-align-center  avia-builder-el-0  el_before_av_textblock  avia-builder-el-first '   itemprop=\"image\" itemscope=\"itemscope\" itemtype=\"https:\/\/schema.org\/ImageObject\" ><div class=\"avia-image-container-inner\"><div class=\"avia-image-overlay-wrap\"><img decoding=\"async\" fetchpriority=\"high\" class='wp-image-8335 avia-img-lazy-loading-not-8335 avia_image ' src=\"https:\/\/bbn1.bbnradio.org\/german\/wp-content\/uploads\/sites\/9\/2016\/08\/Spiritual-Guidance.jpg\" alt='Spiritual Guidance' title='Spiritual Guidance'  height=\"628\" width=\"1200\"  itemprop=\"thumbnailUrl\"  \/><\/div><\/div><\/div>\n<section  class='av_textblock_section av-3knoi5-200ff4f57eb662829f3f90cf0a8af1ab '   itemscope=\"itemscope\" itemtype=\"https:\/\/schema.org\/CreativeWork\" ><div class='avia_textblock'  itemprop=\"text\" ><p>Bei BBN glauben wir, dass ein wichtiger Teil unseres Dienstes die Evangelisation ist. H\u00e4ufig laden wir Menschen ein, die ohne Christus sind oder sich in geistlicher Not befinden, uns \u00fcber den BBN-Chat zu kontaktieren. T\u00e4glich kommen Menschen zu unserem Chat, die verzweifelt sind, die Fragen zum Glauben haben oder einfach nur wissen wollen welchen Sinn das Leben hat. Die pers\u00f6nliche, vertrauliche Art unseres Chat-Dienstes ist ein wirksames Instrument der Evangelisation und Ermutigung. Falls Sie mit jemandem \u00fcber eine geistliche Not in Ihrem Leben sprechen m\u00f6chten, k\u00f6nnen Sie online mit uns chatten.<\/p>\n<\/div><\/section>\n<div  class='avia-button-wrap av-2fo77x-64dad75984ea1fd9f490781221aeae04-wrap avia-button-center  avia-builder-el-2  el_after_av_textblock  avia-builder-el-last '><a href='http://\/\/chat2.bbnradio.org\/SightMaxAgentInterface\/PreChatSurvey.aspx?accountID=7&amp;siteID=5&amp;queueID=17&PHPSESSID=Sb8MDxOI4YHfrMJ%2Cj2K1tZGdgSiJL8hA'  class='avia-button av-2fo77x-64dad75984ea1fd9f490781221aeae04 av-link-btn avia-icon_select-no avia-size-large avia-position-center avia-color-theme-color'  target=\"_blank\"  rel=\"noopener noreferrer\"  aria-label=\"Live chatten\"><span class='avia_iconbox_title' >Live chatten<\/span><\/a><\/div>\n<!-- AddThis Advanced Settings generic via filter on the_content --><!-- AddThis Share Buttons generic via filter on the_content -->","protected":false},"excerpt":{"rendered":"<p><!-- AddThis Advanced Settings generic via filter on get_the_excerpt --><!-- AddThis Share Buttons generic via filter on get_the_excerpt --><\/p>\n","protected":false},"author":27,"featured_media":8335,"parent":4092,"menu_order":0,"comment_status":"closed","ping_status":"closed","template":"","meta":{"footnotes":""},"categories":[],"tags":[],"class_list":["post-5693","page","type-page","status-publish","has-post-thumbnail","hentry"],"yoast_head":"<!-- This site is optimized with the Yoast SEO Premium plugin v24.8 (Yoast SEO v24.8.1) - https:\/\/yoast.com\/wordpress\/plugins\/seo\/ -->\n<title>Geistliche Hilfe - BBN<\/title>\n<meta name=\"robots\" content=\"index, follow, max-snippet:-1, max-image-preview:large, max-video-preview:-1\" \/>\n<link rel=\"canonical\" href=\"https:\/\/bbn1.bbnradio.org\/german\/uber-bbn\/geistliche-hilfe\/\" \/>\n<meta property=\"og:locale\" content=\"de_DE\" \/>\n<meta property=\"og:type\" content=\"article\" \/>\n<meta property=\"og:title\" content=\"Geistliche Hilfe\" \/>\n<meta property=\"og:url\" content=\"https:\/\/bbn1.bbnradio.org\/german\/uber-bbn\/geistliche-hilfe\/\" \/>\n<meta property=\"og:site_name\" content=\"BBN\" \/>\n<meta property=\"article:publisher\" content=\"https:\/\/www.facebook.com\/BBNGerman\/\" \/>\n<meta property=\"article:modified_time\" content=\"2019-02-26T15:57:36+00:00\" \/>\n<meta name=\"twitter:card\" content=\"summary_large_image\" \/>\n<meta name=\"twitter:image\" content=\"https:\/\/bbn1.bbnradio.org\/english\/wp-content\/uploads\/sites\/2\/2016\/08\/Spiritual-Guidance.jpg\" \/>\n<meta name=\"twitter:site\" content=\"@BBNDeutsch\" \/>\n<meta name=\"twitter:label1\" content=\"Gesch\u00e4tzte Lesezeit\" \/>\n\t<meta name=\"twitter:data1\" content=\"1\u00a0Minute\" \/>\n<script type=\"application\/ld+json\" class=\"yoast-schema-graph\">{\"@context\":\"https:\/\/schema.org\",\"@graph\":[{\"@type\":\"WebPage\",\"@id\":\"https:\/\/bbn1.bbnradio.org\/german\/uber-bbn\/geistliche-hilfe\/\",\"url\":\"https:\/\/bbn1.bbnradio.org\/german\/uber-bbn\/geistliche-hilfe\/\",\"name\":\"Geistliche Hilfe - BBN\",\"isPartOf\":{\"@id\":\"https:\/\/bbn1.bbnradio.org\/german\/#website\"},\"primaryImageOfPage\":{\"@id\":\"https:\/\/bbn1.bbnradio.org\/german\/uber-bbn\/geistliche-hilfe\/#primaryimage\"},\"image\":{\"@id\":\"https:\/\/bbn1.bbnradio.org\/german\/uber-bbn\/geistliche-hilfe\/#primaryimage\"},\"thumbnailUrl\":\"https:\/\/bbn1.bbnradio.org\/german\/wp-content\/uploads\/sites\/9\/2016\/08\/Spiritual-Guidance.jpg\",\"datePublished\":\"2016-01-12T17:56:48+00:00\",\"dateModified\":\"2019-02-26T15:57:36+00:00\",\"breadcrumb\":{\"@id\":\"https:\/\/bbn1.bbnradio.org\/german\/uber-bbn\/geistliche-hilfe\/#breadcrumb\"},\"inLanguage\":\"de\",\"potentialAction\":[{\"@type\":\"ReadAction\",\"target\":[\"https:\/\/bbn1.bbnradio.org\/german\/uber-bbn\/geistliche-hilfe\/\"]}]},{\"@type\":\"ImageObject\",\"inLanguage\":\"de\",\"@id\":\"https:\/\/bbn1.bbnradio.org\/german\/uber-bbn\/geistliche-hilfe\/#primaryimage\",\"url\":\"https:\/\/bbn1.bbnradio.org\/german\/wp-content\/uploads\/sites\/9\/2016\/08\/Spiritual-Guidance.jpg\",\"contentUrl\":\"https:\/\/bbn1.bbnradio.org\/german\/wp-content\/uploads\/sites\/9\/2016\/08\/Spiritual-Guidance.jpg\",\"width\":1200,\"height\":628,\"caption\":\"Spiritual Guidance\"},{\"@type\":\"BreadcrumbList\",\"@id\":\"https:\/\/bbn1.bbnradio.org\/german\/uber-bbn\/geistliche-hilfe\/#breadcrumb\",\"itemListElement\":[{\"@type\":\"ListItem\",\"position\":1,\"name\":\"Home\",\"item\":\"https:\/\/bbn1.bbnradio.org\/german\/home\/\"},{\"@type\":\"ListItem\",\"position\":2,\"name\":\"\u00dcber BBN\",\"item\":\"https:\/\/bbn1.bbnradio.org\/german\/uber-bbn\/\"},{\"@type\":\"ListItem\",\"position\":3,\"name\":\"Geistliche Hilfe\"}]},{\"@type\":\"WebSite\",\"@id\":\"https:\/\/bbn1.bbnradio.org\/german\/#website\",\"url\":\"https:\/\/bbn1.bbnradio.org\/german\/\",\"name\":\"BBN\",\"description\":\"BBN\",\"potentialAction\":[{\"@type\":\"SearchAction\",\"target\":{\"@type\":\"EntryPoint\",\"urlTemplate\":\"https:\/\/bbn1.bbnradio.org\/german\/?s={search_term_string}\"},\"query-input\":{\"@type\":\"PropertyValueSpecification\",\"valueRequired\":true,\"valueName\":\"search_term_string\"}}],\"inLanguage\":\"de\"}]}<\/script>\n<!-- \/ Yoast SEO Premium plugin. -->","yoast_head_json":{"title":"Geistliche Hilfe - BBN","robots":{"index":"index","follow":"follow","max-snippet":"max-snippet:-1","max-image-preview":"max-image-preview:large","max-video-preview":"max-video-preview:-1"},"canonical":"https:\/\/bbn1.bbnradio.org\/german\/uber-bbn\/geistliche-hilfe\/","og_locale":"de_DE","og_type":"article","og_title":"Geistliche Hilfe","og_url":"https:\/\/bbn1.bbnradio.org\/german\/uber-bbn\/geistliche-hilfe\/","og_site_name":"BBN","article_publisher":"https:\/\/www.facebook.com\/BBNGerman\/","article_modified_time":"2019-02-26T15:57:36+00:00","twitter_card":"summary_large_image","twitter_image":"https:\/\/bbn1.bbnradio.org\/english\/wp-content\/uploads\/sites\/2\/2016\/08\/Spiritual-Guidance.jpg","twitter_site":"@BBNDeutsch","twitter_misc":{"Gesch\u00e4tzte Lesezeit":"1\u00a0Minute"},"schema":{"@context":"https:\/\/schema.org","@graph":[{"@type":"WebPage","@id":"https:\/\/bbn1.bbnradio.org\/german\/uber-bbn\/geistliche-hilfe\/","url":"https:\/\/bbn1.bbnradio.org\/german\/uber-bbn\/geistliche-hilfe\/","name":"Geistliche Hilfe - BBN","isPartOf":{"@id":"https:\/\/bbn1.bbnradio.org\/german\/#website"},"primaryImageOfPage":{"@id":"https:\/\/bbn1.bbnradio.org\/german\/uber-bbn\/geistliche-hilfe\/#primaryimage"},"image":{"@id":"https:\/\/bbn1.bbnradio.org\/german\/uber-bbn\/geistliche-hilfe\/#primaryimage"},"thumbnailUrl":"https:\/\/bbn1.bbnradio.org\/german\/wp-content\/uploads\/sites\/9\/2016\/08\/Spiritual-Guidance.jpg","datePublished":"2016-01-12T17:56:48+00:00","dateModified":"2019-02-26T15:57:36+00:00","breadcrumb":{"@id":"https:\/\/bbn1.bbnradio.org\/german\/uber-bbn\/geistliche-hilfe\/#breadcrumb"},"inLanguage":"de","potentialAction":[{"@type":"ReadAction","target":["https:\/\/bbn1.bbnradio.org\/german\/uber-bbn\/geistliche-hilfe\/"]}]},{"@type":"ImageObject","inLanguage":"de","@id":"https:\/\/bbn1.bbnradio.org\/german\/uber-bbn\/geistliche-hilfe\/#primaryimage","url":"https:\/\/bbn1.bbnradio.org\/german\/wp-content\/uploads\/sites\/9\/2016\/08\/Spiritual-Guidance.jpg","contentUrl":"https:\/\/bbn1.bbnradio.org\/german\/wp-content\/uploads\/sites\/9\/2016\/08\/Spiritual-Guidance.jpg","width":1200,"height":628,"caption":"Spiritual Guidance"},{"@type":"BreadcrumbList","@id":"https:\/\/bbn1.bbnradio.org\/german\/uber-bbn\/geistliche-hilfe\/#breadcrumb","itemListElement":[{"@type":"ListItem","position":1,"name":"Home","item":"https:\/\/bbn1.bbnradio.org\/german\/home\/"},{"@type":"ListItem","position":2,"name":"\u00dcber BBN","item":"https:\/\/bbn1.bbnradio.org\/german\/uber-bbn\/"},{"@type":"ListItem","position":3,"name":"Geistliche Hilfe"}]},{"@type":"WebSite","@id":"https:\/\/bbn1.bbnradio.org\/german\/#website","url":"https:\/\/bbn1.bbnradio.org\/german\/","name":"BBN","description":"BBN","potentialAction":[{"@type":"SearchAction","target":{"@type":"EntryPoint","urlTemplate":"https:\/\/bbn1.bbnradio.org\/german\/?s={search_term_string}"},"query-input":{"@type":"PropertyValueSpecification","valueRequired":true,"valueName":"search_term_string"}}],"inLanguage":"de"}]}},"jetpack_sharing_enabled":true,"jetpack_shortlink":"https:\/\/wp.me\/PgZlJB-1tP","_links":{"self":[{"href":"https:\/\/bbn1.bbnradio.org\/german\/wp-json\/wp\/v2\/pages\/5693","targetHints":{"allow":["GET"]}}],"collection":[{"href":"https:\/\/bbn1.bbnradio.org\/german\/wp-json\/wp\/v2\/pages"}],"about":[{"href":"https:\/\/bbn1.bbnradio.org\/german\/wp-json\/wp\/v2\/types\/page"}],"author":[{"embeddable":true,"href":"https:\/\/bbn1.bbnradio.org\/german\/wp-json\/wp\/v2\/users\/27"}],"replies":[{"embeddable":true,"href":"https:\/\/bbn1.bbnradio.org\/german\/wp-json\/wp\/v2\/comments?post=5693"}],"version-history":[{"count":4,"href":"https:\/\/bbn1.bbnradio.org\/german\/wp-json\/wp\/v2\/pages\/5693\/revisions"}],"predecessor-version":[{"id":14689,"href":"https:\/\/bbn1.bbnradio.org\/german\/wp-json\/wp\/v2\/pages\/5693\/revisions\/14689"}],"up":[{"embeddable":true,"href":"https:\/\/bbn1.bbnradio.org\/german\/wp-json\/wp\/v2\/pages\/4092"}],"wp:featuredmedia":[{"embeddable":true,"href":"https:\/\/bbn1.bbnradio.org\/german\/wp-json\/wp\/v2\/media\/8335"}],"wp:attachment":[{"href":"https:\/\/bbn1.bbnradio.org\/german\/wp-json\/wp\/v2\/media?parent=5693"}],"wp:term":[{"taxonomy":"category","embeddable":true,"href":"https:\/\/bbn1.bbnradio.org\/german\/wp-json\/wp\/v2\/categories?post=5693"},{"taxonomy":"post_tag","embeddable":true,"href":"https:\/\/bbn1.bbnradio.org\/german\/wp-json\/wp\/v2\/tags?post=5693"}],"curies":[{"name":"wp","href":"https:\/\/api.w.org\/{rel}","templated":true}]}}