{"id":5709,"date":"2016-01-25T13:56:12","date_gmt":"2016-01-25T17:56:12","guid":{"rendered":"https:\/\/bbn1.bbnradio.org\/english\/?page_id=5709"},"modified":"2019-01-22T15:10:15","modified_gmt":"2019-01-22T20:10:15","slug":"wie-wird-bbn-finanziert","status":"publish","type":"page","link":"https:\/\/bbn1.bbnradio.org\/german\/uber-bbn\/wie-wird-bbn-finanziert\/","title":{"rendered":"Wie wird BBN finanziert?"},"content":{"rendered":"\n<style type=\"text\/css\" data-created_by=\"avia_inline_auto\" id=\"style-css-av-696wjh-8877811649953f58ee8de8d6253c4778\">\n.avia-image-container.av-696wjh-8877811649953f58ee8de8d6253c4778 img.avia_image{\nbox-shadow:none;\n}\n.avia-image-container.av-696wjh-8877811649953f58ee8de8d6253c4778 .av-image-caption-overlay-center{\ncolor:#ffffff;\n}\n<\/style>\n<div  class='avia-image-container av-696wjh-8877811649953f58ee8de8d6253c4778 av-styling- avia-align-center  avia-builder-el-0  el_before_av_textblock  avia-builder-el-first '   itemprop=\"image\" itemscope=\"itemscope\" itemtype=\"https:\/\/schema.org\/ImageObject\" ><div class=\"avia-image-container-inner\"><div class=\"avia-image-overlay-wrap\"><img decoding=\"async\" fetchpriority=\"high\" class='wp-image-10318 avia-img-lazy-loading-not-10318 avia_image ' src=\"https:\/\/bbn1.bbnradio.org\/german\/wp-content\/uploads\/sites\/9\/2017\/06\/Donation3.jpg\" alt='Donate' title='Donate'  height=\"250\" width=\"1150\"  itemprop=\"thumbnailUrl\"  \/><\/div><\/div><\/div>\n<section  class='av_textblock_section av-3r65vh-662969613ef488d965608c2c212f02d9 '   itemscope=\"itemscope\" itemtype=\"https:\/\/schema.org\/CreativeWork\" ><div class='avia_textblock'  itemprop=\"text\" ><p>BBN ist eine gemeinn\u00fctzige, nichtkommerzielle Organisation und wird zu 100% von unseren H\u00f6rern finanziert. Wir verkaufen nichts \u2013 auch keine Radiozeit f\u00fcr Werbezwecke. Wir versprechen nicht Reichtum oder Gesundheit. Wir bringen ganz einfach christliche Sendungen \u2013 rund um die Uhr.<\/p>\n<p>Einmal im Jahr veranstaltet BBN Deutsch einen mehrt\u00e4gigen Spendenaufruf, bei dem wir unsere Zuh\u00f6rer Fragen: &#8222;K\u00f6nnen wir auf Sie z\u00e4hlen?&#8220;. Sobald wir unser Spendenziel erreicht haben, beenden wir die Spendenaktion und senden wieder unser regul\u00e4res Programm. Wir sind st\u00e4ndig dabei im Dienst zu investieren (Radio-Programm, Bibel-Institut und Chat) und somit haben wir auch etliche finanzielle Kosten zu tragen. Aber gibt es eine bessere Investition als eine solche die, im Hinblick auf unseren Dienst, sofortige Ergebnisse erzielt und dann einen ewigen Gewinn einbringt?<\/p>\n<p>Das Prinzip ist einfach und biblisch. Helfen Sie Gottes Auserw\u00e4hlten und sie werden Ihnen helfen (Galater 6:6). Es funktioniert wirklich!<\/p>\n<\/div><\/section>\n<div  class='avia-button-wrap av-2fek0d-078cb385938875ed6c9dfa625118082e-wrap avia-button-center  avia-builder-el-2  el_after_av_textblock  avia-builder-el-last '><a href='https://\/\/bbn1.bbnradio.org\/german\/spenden\/?PHPSESSID=0wcLcn4dICsI0UitabXnZa6GEDsUzE5h'  class='avia-button av-2fek0d-078cb385938875ed6c9dfa625118082e av-link-btn avia-icon_select-no avia-size-x-large avia-position-center avia-color-theme-color'   aria-label=\"Jetzt spenden!\"><span class='avia_iconbox_title' >Jetzt spenden!<\/span><\/a><\/div>\n<!-- AddThis Advanced Settings generic via filter on the_content --><!-- AddThis Share Buttons generic via filter on the_content -->","protected":false},"excerpt":{"rendered":"<p><!-- AddThis Advanced Settings generic via filter on get_the_excerpt --><!-- AddThis Share Buttons generic via filter on get_the_excerpt --><\/p>\n","protected":false},"author":27,"featured_media":8319,"parent":4092,"menu_order":0,"comment_status":"closed","ping_status":"closed","template":"","meta":{"footnotes":""},"categories":[],"tags":[],"class_list":["post-5709","page","type-page","status-publish","has-post-thumbnail","hentry"],"yoast_head":"<!-- This site is optimized with the Yoast SEO Premium plugin v24.8 (Yoast SEO v24.8.1) - https:\/\/yoast.com\/wordpress\/plugins\/seo\/ -->\n<title>Wie wird BBN finanziert? - BBN<\/title>\n<meta name=\"robots\" content=\"index, follow, max-snippet:-1, max-image-preview:large, max-video-preview:-1\" \/>\n<link rel=\"canonical\" href=\"https:\/\/bbn1.bbnradio.org\/german\/uber-bbn\/wie-wird-bbn-finanziert\/\" \/>\n<meta property=\"og:locale\" content=\"de_DE\" \/>\n<meta property=\"og:type\" content=\"article\" \/>\n<meta property=\"og:title\" content=\"Wie wird BBN finanziert?\" \/>\n<meta property=\"og:url\" content=\"https:\/\/bbn1.bbnradio.org\/german\/uber-bbn\/wie-wird-bbn-finanziert\/\" \/>\n<meta property=\"og:site_name\" content=\"BBN\" \/>\n<meta property=\"article:publisher\" content=\"https:\/\/www.facebook.com\/BBNGerman\/\" \/>\n<meta property=\"article:modified_time\" content=\"2019-01-22T20:10:15+00:00\" \/>\n<meta name=\"twitter:card\" content=\"summary_large_image\" \/>\n<meta name=\"twitter:image\" content=\"https:\/\/bbn1.bbnradio.org\/english\/wp-content\/uploads\/sites\/2\/2016\/08\/How-is-BBN-funded.jpg\" \/>\n<meta name=\"twitter:site\" content=\"@BBNDeutsch\" \/>\n<meta name=\"twitter:label1\" content=\"Gesch\u00e4tzte Lesezeit\" \/>\n\t<meta name=\"twitter:data1\" content=\"1\u00a0Minute\" \/>\n<script type=\"application\/ld+json\" class=\"yoast-schema-graph\">{\"@context\":\"https:\/\/schema.org\",\"@graph\":[{\"@type\":\"WebPage\",\"@id\":\"https:\/\/bbn1.bbnradio.org\/german\/uber-bbn\/wie-wird-bbn-finanziert\/\",\"url\":\"https:\/\/bbn1.bbnradio.org\/german\/uber-bbn\/wie-wird-bbn-finanziert\/\",\"name\":\"Wie wird BBN finanziert? - BBN\",\"isPartOf\":{\"@id\":\"https:\/\/bbn1.bbnradio.org\/german\/#website\"},\"primaryImageOfPage\":{\"@id\":\"https:\/\/bbn1.bbnradio.org\/german\/uber-bbn\/wie-wird-bbn-finanziert\/#primaryimage\"},\"image\":{\"@id\":\"https:\/\/bbn1.bbnradio.org\/german\/uber-bbn\/wie-wird-bbn-finanziert\/#primaryimage\"},\"thumbnailUrl\":\"https:\/\/bbn1.bbnradio.org\/german\/wp-content\/uploads\/sites\/9\/2016\/08\/How-is-BBN-funded.jpg\",\"datePublished\":\"2016-01-25T17:56:12+00:00\",\"dateModified\":\"2019-01-22T20:10:15+00:00\",\"breadcrumb\":{\"@id\":\"https:\/\/bbn1.bbnradio.org\/german\/uber-bbn\/wie-wird-bbn-finanziert\/#breadcrumb\"},\"inLanguage\":\"de\",\"potentialAction\":[{\"@type\":\"ReadAction\",\"target\":[\"https:\/\/bbn1.bbnradio.org\/german\/uber-bbn\/wie-wird-bbn-finanziert\/\"]}]},{\"@type\":\"ImageObject\",\"inLanguage\":\"de\",\"@id\":\"https:\/\/bbn1.bbnradio.org\/german\/uber-bbn\/wie-wird-bbn-finanziert\/#primaryimage\",\"url\":\"https:\/\/bbn1.bbnradio.org\/german\/wp-content\/uploads\/sites\/9\/2016\/08\/How-is-BBN-funded.jpg\",\"contentUrl\":\"https:\/\/bbn1.bbnradio.org\/german\/wp-content\/uploads\/sites\/9\/2016\/08\/How-is-BBN-funded.jpg\",\"width\":1200,\"height\":628,\"caption\":\"How is BBN funded\"},{\"@type\":\"BreadcrumbList\",\"@id\":\"https:\/\/bbn1.bbnradio.org\/german\/uber-bbn\/wie-wird-bbn-finanziert\/#breadcrumb\",\"itemListElement\":[{\"@type\":\"ListItem\",\"position\":1,\"name\":\"Home\",\"item\":\"https:\/\/bbn1.bbnradio.org\/german\/home\/\"},{\"@type\":\"ListItem\",\"position\":2,\"name\":\"\u00dcber BBN\",\"item\":\"https:\/\/bbn1.bbnradio.org\/german\/uber-bbn\/\"},{\"@type\":\"ListItem\",\"position\":3,\"name\":\"Wie wird BBN finanziert?\"}]},{\"@type\":\"WebSite\",\"@id\":\"https:\/\/bbn1.bbnradio.org\/german\/#website\",\"url\":\"https:\/\/bbn1.bbnradio.org\/german\/\",\"name\":\"BBN\",\"description\":\"BBN\",\"potentialAction\":[{\"@type\":\"SearchAction\",\"target\":{\"@type\":\"EntryPoint\",\"urlTemplate\":\"https:\/\/bbn1.bbnradio.org\/german\/?s={search_term_string}\"},\"query-input\":{\"@type\":\"PropertyValueSpecification\",\"valueRequired\":true,\"valueName\":\"search_term_string\"}}],\"inLanguage\":\"de\"}]}<\/script>\n<!-- \/ Yoast SEO Premium plugin. -->","yoast_head_json":{"title":"Wie wird BBN finanziert? - BBN","robots":{"index":"index","follow":"follow","max-snippet":"max-snippet:-1","max-image-preview":"max-image-preview:large","max-video-preview":"max-video-preview:-1"},"canonical":"https:\/\/bbn1.bbnradio.org\/german\/uber-bbn\/wie-wird-bbn-finanziert\/","og_locale":"de_DE","og_type":"article","og_title":"Wie wird BBN finanziert?","og_url":"https:\/\/bbn1.bbnradio.org\/german\/uber-bbn\/wie-wird-bbn-finanziert\/","og_site_name":"BBN","article_publisher":"https:\/\/www.facebook.com\/BBNGerman\/","article_modified_time":"2019-01-22T20:10:15+00:00","twitter_card":"summary_large_image","twitter_image":"https:\/\/bbn1.bbnradio.org\/english\/wp-content\/uploads\/sites\/2\/2016\/08\/How-is-BBN-funded.jpg","twitter_site":"@BBNDeutsch","twitter_misc":{"Gesch\u00e4tzte Lesezeit":"1\u00a0Minute"},"schema":{"@context":"https:\/\/schema.org","@graph":[{"@type":"WebPage","@id":"https:\/\/bbn1.bbnradio.org\/german\/uber-bbn\/wie-wird-bbn-finanziert\/","url":"https:\/\/bbn1.bbnradio.org\/german\/uber-bbn\/wie-wird-bbn-finanziert\/","name":"Wie wird BBN finanziert? - BBN","isPartOf":{"@id":"https:\/\/bbn1.bbnradio.org\/german\/#website"},"primaryImageOfPage":{"@id":"https:\/\/bbn1.bbnradio.org\/german\/uber-bbn\/wie-wird-bbn-finanziert\/#primaryimage"},"image":{"@id":"https:\/\/bbn1.bbnradio.org\/german\/uber-bbn\/wie-wird-bbn-finanziert\/#primaryimage"},"thumbnailUrl":"https:\/\/bbn1.bbnradio.org\/german\/wp-content\/uploads\/sites\/9\/2016\/08\/How-is-BBN-funded.jpg","datePublished":"2016-01-25T17:56:12+00:00","dateModified":"2019-01-22T20:10:15+00:00","breadcrumb":{"@id":"https:\/\/bbn1.bbnradio.org\/german\/uber-bbn\/wie-wird-bbn-finanziert\/#breadcrumb"},"inLanguage":"de","potentialAction":[{"@type":"ReadAction","target":["https:\/\/bbn1.bbnradio.org\/german\/uber-bbn\/wie-wird-bbn-finanziert\/"]}]},{"@type":"ImageObject","inLanguage":"de","@id":"https:\/\/bbn1.bbnradio.org\/german\/uber-bbn\/wie-wird-bbn-finanziert\/#primaryimage","url":"https:\/\/bbn1.bbnradio.org\/german\/wp-content\/uploads\/sites\/9\/2016\/08\/How-is-BBN-funded.jpg","contentUrl":"https:\/\/bbn1.bbnradio.org\/german\/wp-content\/uploads\/sites\/9\/2016\/08\/How-is-BBN-funded.jpg","width":1200,"height":628,"caption":"How is BBN funded"},{"@type":"BreadcrumbList","@id":"https:\/\/bbn1.bbnradio.org\/german\/uber-bbn\/wie-wird-bbn-finanziert\/#breadcrumb","itemListElement":[{"@type":"ListItem","position":1,"name":"Home","item":"https:\/\/bbn1.bbnradio.org\/german\/home\/"},{"@type":"ListItem","position":2,"name":"\u00dcber BBN","item":"https:\/\/bbn1.bbnradio.org\/german\/uber-bbn\/"},{"@type":"ListItem","position":3,"name":"Wie wird BBN finanziert?"}]},{"@type":"WebSite","@id":"https:\/\/bbn1.bbnradio.org\/german\/#website","url":"https:\/\/bbn1.bbnradio.org\/german\/","name":"BBN","description":"BBN","potentialAction":[{"@type":"SearchAction","target":{"@type":"EntryPoint","urlTemplate":"https:\/\/bbn1.bbnradio.org\/german\/?s={search_term_string}"},"query-input":{"@type":"PropertyValueSpecification","valueRequired":true,"valueName":"search_term_string"}}],"inLanguage":"de"}]}},"jetpack_sharing_enabled":true,"jetpack_shortlink":"https:\/\/wp.me\/PgZlJB-1u5","_links":{"self":[{"href":"https:\/\/bbn1.bbnradio.org\/german\/wp-json\/wp\/v2\/pages\/5709","targetHints":{"allow":["GET"]}}],"collection":[{"href":"https:\/\/bbn1.bbnradio.org\/german\/wp-json\/wp\/v2\/pages"}],"about":[{"href":"https:\/\/bbn1.bbnradio.org\/german\/wp-json\/wp\/v2\/types\/page"}],"author":[{"embeddable":true,"href":"https:\/\/bbn1.bbnradio.org\/german\/wp-json\/wp\/v2\/users\/27"}],"replies":[{"embeddable":true,"href":"https:\/\/bbn1.bbnradio.org\/german\/wp-json\/wp\/v2\/comments?post=5709"}],"version-history":[{"count":3,"href":"https:\/\/bbn1.bbnradio.org\/german\/wp-json\/wp\/v2\/pages\/5709\/revisions"}],"predecessor-version":[{"id":15034,"href":"https:\/\/bbn1.bbnradio.org\/german\/wp-json\/wp\/v2\/pages\/5709\/revisions\/15034"}],"up":[{"embeddable":true,"href":"https:\/\/bbn1.bbnradio.org\/german\/wp-json\/wp\/v2\/pages\/4092"}],"wp:featuredmedia":[{"embeddable":true,"href":"https:\/\/bbn1.bbnradio.org\/german\/wp-json\/wp\/v2\/media\/8319"}],"wp:attachment":[{"href":"https:\/\/bbn1.bbnradio.org\/german\/wp-json\/wp\/v2\/media?parent=5709"}],"wp:term":[{"taxonomy":"category","embeddable":true,"href":"https:\/\/bbn1.bbnradio.org\/german\/wp-json\/wp\/v2\/categories?post=5709"},{"taxonomy":"post_tag","embeddable":true,"href":"https:\/\/bbn1.bbnradio.org\/german\/wp-json\/wp\/v2\/tags?post=5709"}],"curies":[{"name":"wp","href":"https:\/\/api.w.org\/{rel}","templated":true}]}}