{"id":5762,"date":"2016-01-26T13:57:54","date_gmt":"2016-01-26T17:57:54","guid":{"rendered":"https:\/\/bbn1.bbnradio.org\/english\/?page_id=5762"},"modified":"2019-01-29T13:15:31","modified_gmt":"2019-01-29T18:15:31","slug":"datenschutzrichtlinien","status":"publish","type":"page","link":"https:\/\/bbn1.bbnradio.org\/german\/uber-bbn\/datenschutzrichtlinien\/","title":{"rendered":"Datenschutzrichtlinien"},"content":{"rendered":"\n<style type=\"text\/css\" data-created_by=\"avia_inline_auto\" id=\"style-css-av-3wq4zm-e57c06d4ffd3339c2e526b2b1522ae51\">\n.avia-image-container.av-3wq4zm-e57c06d4ffd3339c2e526b2b1522ae51 img.avia_image{\nbox-shadow:none;\n}\n.avia-image-container.av-3wq4zm-e57c06d4ffd3339c2e526b2b1522ae51 .av-image-caption-overlay-center{\ncolor:#ffffff;\n}\n<\/style>\n<div  class='avia-image-container av-3wq4zm-e57c06d4ffd3339c2e526b2b1522ae51 av-styling- avia-align-center  avia-builder-el-0  el_before_av_textblock  avia-builder-el-first '   itemprop=\"image\" itemscope=\"itemscope\" itemtype=\"https:\/\/schema.org\/ImageObject\" ><div class=\"avia-image-container-inner\"><div class=\"avia-image-overlay-wrap\"><img decoding=\"async\" fetchpriority=\"high\" class='wp-image-8420 avia-img-lazy-loading-not-8420 avia_image ' src=\"https:\/\/bbn1.bbnradio.org\/german\/wp-content\/uploads\/sites\/9\/2016\/08\/Privacy-Policy.jpg\" alt='Privacy Policy' title='Privacy Policy'  height=\"628\" width=\"1200\"  itemprop=\"thumbnailUrl\"  \/><\/div><\/div><\/div>\n<section  class='av_textblock_section av-2jrvmq-bf68c7d988623db17a6f2d84c701a9d1 '   itemscope=\"itemscope\" itemtype=\"https:\/\/schema.org\/CreativeWork\" ><div class='avia_textblock'  itemprop=\"text\" ><p><strong>Automatisch gesammelte und gespeicherte Informationen<\/strong><br \/>\nWenn Sie die BBN Webseite besuchen und sich bei Ihrem Besuch nur auf der Webseite umschauen, Seiten lesen oder Informationen herunterladen, erfassen wir automatisch bestimmte Informationen \u00fcber Ihren Besuch und speichern sie. Diese Informationen weisen keine pers\u00f6nlichen Daten auf. Wir sammeln und speichern nur die folgenden generellen Informationen \u00fcber Ihren Besuch:<\/p>\n<ul>\n<li>die Seiten die Sie besucht haben,<\/li>\n<li>das Datum und die Zeit in der sie Zugriff auf unsere Seite hatten,<\/li>\n<li>den Namen der Domain von der aus Sie Zugriff auf das Internet haben (z.B. aol.com oder t-online.de),<\/li>\n<li>die Internetadresse der Webseite von der aus Sie zu unserer Seite gef\u00fchrt wurden, und<\/li>\n<li>Ihr Betriebssystem und Browser.<\/li>\n<\/ul>\n<p>Wir verwenden diese Information<\/p>\n<ul>\n<li>um die Zahl der Besucher in den verschiedenen Bereichen unserer Seite zu z\u00e4hlen,<\/li>\n<li>um unsere Seite zu verbessern<\/li>\n<li>zur Entwicklung und Programmierung von zufriedenstellenden Seiten, damit die meisten Leute in der Lage sind diese Seiten korrekt zu sehen.<\/li>\n<\/ul>\n<p><strong>Falls sie uns pers\u00f6nliche Informationen senden<\/strong><br \/>\nFalls Sie sich entschlie\u00dfen uns pers\u00f6nliche Informationen in einer E-mail oder beim Ausf\u00fcllen eines Formulars mitzuteilen, speichern wir Informationen zu Ihrer Frage sowie die E-mail Adresse nur so lange, um die eingesendete Frage zu beantworten und Ihnen eine Antwort per E-mail oder durch eine andere Form der Kommunikation zu senden. Falls Sie uns einen Kommentar zusenden, geben wir den Kommentar an unseren geeignetsten Mitarbeiter weiter. Wenn die gleiche Frage oder der gleiche Kommentar mehrfach bei uns eingeht, wird die Frage eventuell unserer Hilfe- oder FAQ-Seite beigef\u00fcgt, oder der Vorschag wird genutzt um das Design unserer Webseite zu verbessern. Sofern nicht anders gesetzlich vorgeschrieben, werden wir nicht \u00f6ffentlich aufzeigen wer Fragen oder Kommentare an unsere Webseite gesandt hat.<\/p>\n<p><strong>Privatsph\u00e4re von Kindern<\/strong><br \/>\nKinder unter 13 Jahren werden nicht unterst\u00fctzt oder aufgefordert mit BBN \u00fcber unsere Webseite in Kontakt zu treten. Wenn ein Kind unter 13 Jahren durch eine unaufgeforderte E-Mail mit BBN in Kontakt tritt oder unaufgefordert chattet, werden wir deren pers\u00f6nliche Informationen nicht speichern bzw. keine weitere Kommunikation aufrechterhalten die \u00fcber die dienstbezogenen Informationen hinausgeht, die angefragt wurden. Die Art unserer Antwort ist beschr\u00e4nkt auf die einmalige Beschaffung von dienstbezogener Information oder einer einmaligen Antwort. Wenn nicht anders gesetzlich vorgeschrieben, geben wir keine pers\u00f6nlichen Informationen an Dritte weiter.<\/p>\n<p>Wir w\u00fcrden niemals die Teilnahme eines Kindes an einer Aktivit\u00e4t gestatten, wenn das Kind weitere pers\u00f6nliche Informationen als die unbedingt notwendigen offenbaren m\u00fcsste, um an dieser Aktivit\u00e4t teilzunehmen. Alle als pers\u00f6nlich erkennbare Informationen, die wir f\u00fcr eine einmalige Resonanz erfassen, k\u00f6nnen nur von bevollm\u00e4chtigten BBN Mitarbeitern abgerufen werden, und nur diejenigen Personen die einen Zugriff ben\u00f6tigen k\u00f6nnen diese Informationen sehen. Wir wahren Vertraulichkeit, Sicherheit und Integrit\u00e4t dieser Informationen.<\/p>\n<p><strong>Aktualisierte BBN Newsletter per E-Mail<\/strong><br \/>\nFalls Sie den BBN Newsletter in irgendeiner Sprache abonnieren, wird BBN Ihre E-mail Adresse vertraulich behandeln und sie wird nicht ver\u00f6ffentlicht..<\/p>\n<p><strong>BBN Chat<\/strong><br \/>\nBBN Chats sind eher als \u201cinstant messaging\u201c anzusehen, als ein \u201echat room\u201c. Jede instant message-Sitzung findet mit einem BBN Mitarbeiter statt, oder mit einem Freiwilligen der alle Anforderungen unseres Trainingsprogramms erf\u00fcllt. Erkennbar pers\u00f6nliche Informationen werden niemals Dritten mitgeteilt, au\u00dfer wenn es durch das Gesetzt anders vorgeschrieben ist. Um die Verantwortung einzuhalten werden alle Chats live von verantwortlichen BBN Mitarbeitern \u00fcberwacht. Ebenso werden Kopien von allen Chats mindestens lange genug aufbewahrt, bis ein BBN Chat-Verantwortlicher die Konversation \u00fcberpr\u00fcft hat. Verantwortliche sind die einzigen, die in der Lage sind die Kopien zu \u00fcberpr\u00fcfen. Die \u00dcberpr\u00fcfungen sind einzig aus dem Grund der Einhaltung der Verantwortlichkeit und dem Aufrechterhalten der Integrit\u00e4t von BBN da. Zu keiner Zeit werden wir wissentlich mit Kindern unter 13 Jahren chatten. Warnungen werden auf dem Weg zum Instant Messaging gesendet, um Kinder unter 13 Jahren von der Teilnahme abzuraten. Ferner sind unsere Mitarbeiter und freiwilligen Helfer darauf trainiert h\u00f6flich Konversationen mit Kindern unter 13 Jahren zu beenden die sich daf\u00fcr entschieden haben die Warnungen zu ignorieren.<\/p>\n<p><strong>Auskunft<\/strong><br \/>\nBBN gibt keine pers\u00f6nlichen Informationen \u00fcber unsere Besucher weiter und verkauft oder \u00fcbertr\u00e4gt diese auch nicht, es sei denn es ist gesetzlich aus Gr\u00fcnden der Strafverfolgung oder des Gesetzes vorgeschrieben. Wir werden Informationen die als pers\u00f6nlich erkennbar sind nur zur Beantwortung oder zum Aus\u00fcben unserer Dienstpflicht verwenden. In diesen F\u00e4llen k\u00f6nnen verschiedene Personen Ihre pers\u00f6nlichen Informationen die Sie uns bereitgestellt haben sehen, um die Angelegenheit Ihrer Anfrage zu erkennen.<\/p>\n<p>Ebenso sind E-mails nicht unbedingt sicher vor \u00dcberwachung. Wenn Sie beunruhigt sind weil Ihre Mitteilung sehr sensibel ist oder pers\u00f6nliche Informationen beinhaltet, k\u00f6nnen Sie diese stattdessen auf dem Postweg an uns senden.<\/p>\n<p><strong>Haftungsausschlu\u00df &amp; Links zu anderen Webseiten<\/strong><br \/>\nUnsere Webseite hat Links zu vielen anderen Webseiten. Wenn Sie durch einen Link den wir anbieten Zugriff auf eine andere Seite erhalten, unterliegen Sie den Richtlinien des Datenschutzes der neuen Seite.<\/p>\n<p>Empfehlungen auf dieser Webseite bez\u00fcglich einiger besonderer Dienste, kommerziellen Produkte, Verfahren, Service, Hersteller oder Unternehmen stellen keine Bekr\u00e4ftigung oder Bef\u00fcrwortung durch BBN dar. BBN ist nicht verantwortlich f\u00fcr den Inhalt einer Webseite die durch einen Link von unserer Seite erreicht werden kann.<\/p>\n<p><strong>Erkennen von unbefugtem Eindringen<\/strong><br \/>\nAus Gr\u00fcnden der Sicherheit dieser Seite und um zu gew\u00e4hrleisten, dass diese Dienstleistung f\u00fcr alle Benutzer zur Verf\u00fcgung steht, verwenden wir Softwareprogramme die den Verkehr \u00fcberwachen und die Versuche von Unbefugten, Informationen hochzuladen oder zu ver\u00e4ndern oder anderweitigen Schaden anzurichten, identifiziert. Im Fall der Ermittlung von befugter Strafverfolgung und gem\u00e4\u00df der Erfordernis eines legalen Prozesses, k\u00f6nnen Informationen aus diesen Quellen benutzt werden um Personen zu identifizieren.<\/p>\n<p>Diese Webseite wird betrieben von:<\/p>\n<p>Bible Broadcasting Network<br \/>\n11530 Carmel Commons Blvd.<br \/>\nCharlotte, NC 28226<br \/>\n(704) 523-5555<br \/>\nUSA<\/p>\n<p>Besucher die 13 Jahre und \u00e4lter sind und aus irgendeinem Grund mit BBN Kontakt aufnehmen m\u00f6chten, benutzen bitte das Kontaktformular auf unserer Webseite..<\/p>\n<p><strong>Android Datenschutzrichtlinien<\/strong><\/p>\n<p>Information zum Ger\u00e4t<\/p>\n<ul>\n<li>Wir sammeln Ger\u00e4t-spezifische Information (wie Betriebssystem-Version und Informationen zum Mobilfunknetz). M\u00f6glicherweise verkn\u00fcpft Google Ihre Ger\u00e4terkennungen oder Ihre Telefonnummer mit Ihrem Google-Konto<\/li>\n<li>Es ist M\u00f6glich, dass wir Informationen lokal auf Ihrem Ger\u00e4t sammeln und speichern, und zwar unter Verwendung von Mechanismen wie Browser-Webspeicher (einschlie\u00dflich HTML 5) und Anwendungs-Datencaches.<\/li>\n<\/ul>\n<p>Wie wir Informationen, die gesammelt werden, verwenden<\/p>\n<ul>\n<li>Wir nutzen die Informationen, die wir aus all unseren Diensten sammeln, um sie bereitzustellen, zu pflegen, zu sch\u00fctzen und zu verbessern, um neue Anwendungen zu entwickeln. Wir verwenden diese Informationen auch, um Ihnen unser Streaming in der bestm\u00f6glichen Qualit\u00e4t anzubieten, abh\u00e4ngig von Ihrem spezifischen Ger\u00e4t.<\/li>\n<\/ul>\n<\/div><\/section>\n<!-- AddThis Advanced Settings generic via filter on the_content --><!-- AddThis Share Buttons generic via filter on the_content -->","protected":false},"excerpt":{"rendered":"<p><!-- AddThis Advanced Settings generic via filter on get_the_excerpt --><!-- AddThis Share Buttons generic via filter on get_the_excerpt --><\/p>\n","protected":false},"author":27,"featured_media":8420,"parent":4092,"menu_order":0,"comment_status":"closed","ping_status":"closed","template":"","meta":{"footnotes":""},"categories":[],"tags":[],"class_list":["post-5762","page","type-page","status-publish","has-post-thumbnail","hentry"],"yoast_head":"<!-- This site is optimized with the Yoast SEO Premium plugin v24.8 (Yoast SEO v24.8.1) - https:\/\/yoast.com\/wordpress\/plugins\/seo\/ -->\n<title>Datenschutzrichtlinien - BBN<\/title>\n<meta name=\"robots\" content=\"index, follow, max-snippet:-1, max-image-preview:large, max-video-preview:-1\" \/>\n<link rel=\"canonical\" href=\"https:\/\/bbn1.bbnradio.org\/german\/uber-bbn\/datenschutzrichtlinien\/\" \/>\n<meta property=\"og:locale\" content=\"de_DE\" \/>\n<meta property=\"og:type\" content=\"article\" \/>\n<meta property=\"og:title\" content=\"Datenschutzrichtlinien\" \/>\n<meta property=\"og:url\" content=\"https:\/\/bbn1.bbnradio.org\/german\/uber-bbn\/datenschutzrichtlinien\/\" \/>\n<meta property=\"og:site_name\" content=\"BBN\" \/>\n<meta property=\"article:publisher\" content=\"https:\/\/www.facebook.com\/BBNGerman\/\" \/>\n<meta property=\"article:modified_time\" content=\"2019-01-29T18:15:31+00:00\" \/>\n<meta name=\"twitter:card\" content=\"summary_large_image\" \/>\n<meta name=\"twitter:image\" content=\"https:\/\/bbn1.bbnradio.org\/english\/wp-content\/uploads\/sites\/2\/2016\/08\/Privacy-Policy.jpg\" \/>\n<meta name=\"twitter:site\" content=\"@BBNDeutsch\" \/>\n<meta name=\"twitter:label1\" content=\"Gesch\u00e4tzte Lesezeit\" \/>\n\t<meta name=\"twitter:data1\" content=\"6\u00a0Minuten\" \/>\n<script type=\"application\/ld+json\" class=\"yoast-schema-graph\">{\"@context\":\"https:\/\/schema.org\",\"@graph\":[{\"@type\":\"WebPage\",\"@id\":\"https:\/\/bbn1.bbnradio.org\/german\/uber-bbn\/datenschutzrichtlinien\/\",\"url\":\"https:\/\/bbn1.bbnradio.org\/german\/uber-bbn\/datenschutzrichtlinien\/\",\"name\":\"Datenschutzrichtlinien - BBN\",\"isPartOf\":{\"@id\":\"https:\/\/bbn1.bbnradio.org\/german\/#website\"},\"primaryImageOfPage\":{\"@id\":\"https:\/\/bbn1.bbnradio.org\/german\/uber-bbn\/datenschutzrichtlinien\/#primaryimage\"},\"image\":{\"@id\":\"https:\/\/bbn1.bbnradio.org\/german\/uber-bbn\/datenschutzrichtlinien\/#primaryimage\"},\"thumbnailUrl\":\"https:\/\/bbn1.bbnradio.org\/german\/wp-content\/uploads\/sites\/9\/2016\/08\/Privacy-Policy.jpg\",\"datePublished\":\"2016-01-26T17:57:54+00:00\",\"dateModified\":\"2019-01-29T18:15:31+00:00\",\"breadcrumb\":{\"@id\":\"https:\/\/bbn1.bbnradio.org\/german\/uber-bbn\/datenschutzrichtlinien\/#breadcrumb\"},\"inLanguage\":\"de\",\"potentialAction\":[{\"@type\":\"ReadAction\",\"target\":[\"https:\/\/bbn1.bbnradio.org\/german\/uber-bbn\/datenschutzrichtlinien\/\"]}]},{\"@type\":\"ImageObject\",\"inLanguage\":\"de\",\"@id\":\"https:\/\/bbn1.bbnradio.org\/german\/uber-bbn\/datenschutzrichtlinien\/#primaryimage\",\"url\":\"https:\/\/bbn1.bbnradio.org\/german\/wp-content\/uploads\/sites\/9\/2016\/08\/Privacy-Policy.jpg\",\"contentUrl\":\"https:\/\/bbn1.bbnradio.org\/german\/wp-content\/uploads\/sites\/9\/2016\/08\/Privacy-Policy.jpg\",\"width\":1200,\"height\":628,\"caption\":\"Privacy Policy\"},{\"@type\":\"BreadcrumbList\",\"@id\":\"https:\/\/bbn1.bbnradio.org\/german\/uber-bbn\/datenschutzrichtlinien\/#breadcrumb\",\"itemListElement\":[{\"@type\":\"ListItem\",\"position\":1,\"name\":\"Home\",\"item\":\"https:\/\/bbn1.bbnradio.org\/german\/home\/\"},{\"@type\":\"ListItem\",\"position\":2,\"name\":\"\u00dcber BBN\",\"item\":\"https:\/\/bbn1.bbnradio.org\/german\/uber-bbn\/\"},{\"@type\":\"ListItem\",\"position\":3,\"name\":\"Datenschutzrichtlinien\"}]},{\"@type\":\"WebSite\",\"@id\":\"https:\/\/bbn1.bbnradio.org\/german\/#website\",\"url\":\"https:\/\/bbn1.bbnradio.org\/german\/\",\"name\":\"BBN\",\"description\":\"BBN\",\"potentialAction\":[{\"@type\":\"SearchAction\",\"target\":{\"@type\":\"EntryPoint\",\"urlTemplate\":\"https:\/\/bbn1.bbnradio.org\/german\/?s={search_term_string}\"},\"query-input\":{\"@type\":\"PropertyValueSpecification\",\"valueRequired\":true,\"valueName\":\"search_term_string\"}}],\"inLanguage\":\"de\"}]}<\/script>\n<!-- \/ Yoast SEO Premium plugin. -->","yoast_head_json":{"title":"Datenschutzrichtlinien - BBN","robots":{"index":"index","follow":"follow","max-snippet":"max-snippet:-1","max-image-preview":"max-image-preview:large","max-video-preview":"max-video-preview:-1"},"canonical":"https:\/\/bbn1.bbnradio.org\/german\/uber-bbn\/datenschutzrichtlinien\/","og_locale":"de_DE","og_type":"article","og_title":"Datenschutzrichtlinien","og_url":"https:\/\/bbn1.bbnradio.org\/german\/uber-bbn\/datenschutzrichtlinien\/","og_site_name":"BBN","article_publisher":"https:\/\/www.facebook.com\/BBNGerman\/","article_modified_time":"2019-01-29T18:15:31+00:00","twitter_card":"summary_large_image","twitter_image":"https:\/\/bbn1.bbnradio.org\/english\/wp-content\/uploads\/sites\/2\/2016\/08\/Privacy-Policy.jpg","twitter_site":"@BBNDeutsch","twitter_misc":{"Gesch\u00e4tzte Lesezeit":"6\u00a0Minuten"},"schema":{"@context":"https:\/\/schema.org","@graph":[{"@type":"WebPage","@id":"https:\/\/bbn1.bbnradio.org\/german\/uber-bbn\/datenschutzrichtlinien\/","url":"https:\/\/bbn1.bbnradio.org\/german\/uber-bbn\/datenschutzrichtlinien\/","name":"Datenschutzrichtlinien - BBN","isPartOf":{"@id":"https:\/\/bbn1.bbnradio.org\/german\/#website"},"primaryImageOfPage":{"@id":"https:\/\/bbn1.bbnradio.org\/german\/uber-bbn\/datenschutzrichtlinien\/#primaryimage"},"image":{"@id":"https:\/\/bbn1.bbnradio.org\/german\/uber-bbn\/datenschutzrichtlinien\/#primaryimage"},"thumbnailUrl":"https:\/\/bbn1.bbnradio.org\/german\/wp-content\/uploads\/sites\/9\/2016\/08\/Privacy-Policy.jpg","datePublished":"2016-01-26T17:57:54+00:00","dateModified":"2019-01-29T18:15:31+00:00","breadcrumb":{"@id":"https:\/\/bbn1.bbnradio.org\/german\/uber-bbn\/datenschutzrichtlinien\/#breadcrumb"},"inLanguage":"de","potentialAction":[{"@type":"ReadAction","target":["https:\/\/bbn1.bbnradio.org\/german\/uber-bbn\/datenschutzrichtlinien\/"]}]},{"@type":"ImageObject","inLanguage":"de","@id":"https:\/\/bbn1.bbnradio.org\/german\/uber-bbn\/datenschutzrichtlinien\/#primaryimage","url":"https:\/\/bbn1.bbnradio.org\/german\/wp-content\/uploads\/sites\/9\/2016\/08\/Privacy-Policy.jpg","contentUrl":"https:\/\/bbn1.bbnradio.org\/german\/wp-content\/uploads\/sites\/9\/2016\/08\/Privacy-Policy.jpg","width":1200,"height":628,"caption":"Privacy Policy"},{"@type":"BreadcrumbList","@id":"https:\/\/bbn1.bbnradio.org\/german\/uber-bbn\/datenschutzrichtlinien\/#breadcrumb","itemListElement":[{"@type":"ListItem","position":1,"name":"Home","item":"https:\/\/bbn1.bbnradio.org\/german\/home\/"},{"@type":"ListItem","position":2,"name":"\u00dcber BBN","item":"https:\/\/bbn1.bbnradio.org\/german\/uber-bbn\/"},{"@type":"ListItem","position":3,"name":"Datenschutzrichtlinien"}]},{"@type":"WebSite","@id":"https:\/\/bbn1.bbnradio.org\/german\/#website","url":"https:\/\/bbn1.bbnradio.org\/german\/","name":"BBN","description":"BBN","potentialAction":[{"@type":"SearchAction","target":{"@type":"EntryPoint","urlTemplate":"https:\/\/bbn1.bbnradio.org\/german\/?s={search_term_string}"},"query-input":{"@type":"PropertyValueSpecification","valueRequired":true,"valueName":"search_term_string"}}],"inLanguage":"de"}]}},"jetpack_sharing_enabled":true,"jetpack_shortlink":"https:\/\/wp.me\/PgZlJB-1uW","_links":{"self":[{"href":"https:\/\/bbn1.bbnradio.org\/german\/wp-json\/wp\/v2\/pages\/5762","targetHints":{"allow":["GET"]}}],"collection":[{"href":"https:\/\/bbn1.bbnradio.org\/german\/wp-json\/wp\/v2\/pages"}],"about":[{"href":"https:\/\/bbn1.bbnradio.org\/german\/wp-json\/wp\/v2\/types\/page"}],"author":[{"embeddable":true,"href":"https:\/\/bbn1.bbnradio.org\/german\/wp-json\/wp\/v2\/users\/27"}],"replies":[{"embeddable":true,"href":"https:\/\/bbn1.bbnradio.org\/german\/wp-json\/wp\/v2\/comments?post=5762"}],"version-history":[{"count":4,"href":"https:\/\/bbn1.bbnradio.org\/german\/wp-json\/wp\/v2\/pages\/5762\/revisions"}],"predecessor-version":[{"id":13362,"href":"https:\/\/bbn1.bbnradio.org\/german\/wp-json\/wp\/v2\/pages\/5762\/revisions\/13362"}],"up":[{"embeddable":true,"href":"https:\/\/bbn1.bbnradio.org\/german\/wp-json\/wp\/v2\/pages\/4092"}],"wp:featuredmedia":[{"embeddable":true,"href":"https:\/\/bbn1.bbnradio.org\/german\/wp-json\/wp\/v2\/media\/8420"}],"wp:attachment":[{"href":"https:\/\/bbn1.bbnradio.org\/german\/wp-json\/wp\/v2\/media?parent=5762"}],"wp:term":[{"taxonomy":"category","embeddable":true,"href":"https:\/\/bbn1.bbnradio.org\/german\/wp-json\/wp\/v2\/categories?post=5762"},{"taxonomy":"post_tag","embeddable":true,"href":"https:\/\/bbn1.bbnradio.org\/german\/wp-json\/wp\/v2\/tags?post=5762"}],"curies":[{"name":"wp","href":"https:\/\/api.w.org\/{rel}","templated":true}]}}