{"id":6285,"date":"2016-02-16T10:24:51","date_gmt":"2016-02-16T15:24:51","guid":{"rendered":"https:\/\/bbn1.bbnradio.org\/english\/?page_id=6285"},"modified":"2019-03-14T11:25:12","modified_gmt":"2019-03-14T16:25:12","slug":"bbn-weiterempfehlen","status":"publish","type":"page","link":"https:\/\/bbn1.bbnradio.org\/german\/bbn-weiterempfehlen\/","title":{"rendered":"BBN weiterempfehlen"},"content":{"rendered":"\n<style type=\"text\/css\" data-created_by=\"avia_inline_auto\" id=\"style-css-av-amrhy5-6d907cd4e0b558981b5d5eba294870c7\">\n.avia-image-container.av-amrhy5-6d907cd4e0b558981b5d5eba294870c7 img.avia_image{\nbox-shadow:none;\n}\n.avia-image-container.av-amrhy5-6d907cd4e0b558981b5d5eba294870c7 .av-image-caption-overlay-center{\ncolor:#ffffff;\n}\n<\/style>\n<div  class='avia-image-container av-amrhy5-6d907cd4e0b558981b5d5eba294870c7 av-styling- avia-align-center  avia-builder-el-0  el_before_av_textblock  avia-builder-el-first '   itemprop=\"image\" itemscope=\"itemscope\" itemtype=\"https:\/\/schema.org\/ImageObject\" ><div class=\"avia-image-container-inner\"><div class=\"avia-image-overlay-wrap\"><img decoding=\"async\" fetchpriority=\"high\" class='wp-image-14900 avia-img-lazy-loading-not-14900 avia_image ' src=\"https:\/\/bbn1.bbnradio.org\/german\/wp-content\/uploads\/sites\/9\/2019\/03\/BBN-weiterempfehlen-1200x430.jpg\" alt='BBN weiterempfehlen' title='BBN weiterempfehlen'  height=\"430\" width=\"1200\"  itemprop=\"thumbnailUrl\"  \/><\/div><\/div><\/div>\n<section  class='av_textblock_section av-94qu8d-3d11ce370193b3f1f8333de6fd79f673 '   itemscope=\"itemscope\" itemtype=\"https:\/\/schema.org\/CreativeWork\" ><div class='avia_textblock'  itemprop=\"text\" ><p>Vielen Dank, dass Sie sich die Zeit nehmen mehr \u00fcber uns zu erfahren. In den untenstehenden Links finden Sie weitere Informationen \u00fcber den Dienst von BBN. Wenn Sie Fragen haben, kontaktieren Sie uns bitte. Gerne helfen wir Ihnen weiter.<\/p>\n<\/div><\/section>\n\n<style type=\"text\/css\" data-created_by=\"avia_inline_auto\" id=\"style-css-av-818ij1-f8951adf53097a235bbd0c69ec170b15\">\n#top .avia-icon-list-container.av-818ij1-f8951adf53097a235bbd0c69ec170b15 .iconlist_icon{\ncolor:#003800;\nbackground-color:#ffffff;\nborder:1px solid #003800;\n}\n#top .avia-icon-list-container.av-818ij1-f8951adf53097a235bbd0c69ec170b15 .iconlist_icon svg:first-child{\nstroke:#003800;\nfill:#003800;\n}\n<\/style>\n<div  class='avia-icon-list-container av-818ij1-f8951adf53097a235bbd0c69ec170b15  avia-builder-el-2  el_after_av_textblock  avia-builder-el-last '><ul class='avia-icon-list avia_animate_when_almost_visible avia-icon-list-left av-iconlist-big av-818ij1-f8951adf53097a235bbd0c69ec170b15 avia-iconlist-animate'>\n<li><a href='https://\/\/bbn1.bbnradio.org\/german\/bbn-weiterempfehlen\/bbn-an-jemanden-per-e-mail-weiterempfehlen\/?PHPSESSID=WFmkdgFHSoV6VWTYTOgT1RbPPkZOJE4D' title='Jemanden \u00fcber BBN erz\u00e4hlen'  class='iconlist_icon av-43dk7x-02323b35f892aaf67a2bd8d23b736c2c avia-font-entypo-fontello avia-iconfont avia-font-entypo-fontello'><span class='av-icon-char' data-av_icon='\ue80c' data-av_iconfont='entypo-fontello' aria-hidden=\"true\"><\/span><\/a><article class=\"article-icon-entry av-iconlist-empty\"  itemscope=\"itemscope\" itemtype=\"https:\/\/schema.org\/CreativeWork\" ><div class=\"iconlist_content_wrap\"><header class=\"entry-content-header\" aria-label=\"Icon: &lt;a href=&#039;https:\/\/bbn1.bbnradio.org\/german\/bbn-weiterempfehlen\/bbn-an-jemanden-per-e-mail-weiterempfehlen\/&#039; title=&#039;Jemanden \u00fcber BBN erz\u00e4hlen&#039;&gt;Jemanden \u00fcber BBN erz\u00e4hlen&lt;\/a&gt;\"><h4 class='av_iconlist_title iconlist_title  '  itemprop=\"headline\" ><a href='https://\/\/bbn1.bbnradio.org\/german\/bbn-weiterempfehlen\/bbn-an-jemanden-per-e-mail-weiterempfehlen\/?PHPSESSID=WFmkdgFHSoV6VWTYTOgT1RbPPkZOJE4D' title='Jemanden \u00fcber BBN erz\u00e4hlen'>Jemanden \u00fcber BBN erz\u00e4hlen<\/a><\/h4><\/header><div class='iconlist_content '  itemprop=\"text\" ><\/div><\/div><footer class=\"entry-footer\"><\/footer><\/article><div class=\"iconlist-timeline\"><\/div><\/li>\n<li><a href='https://\/\/bbn1.bbnradio.org\/german\/bbn-weiterempfehlen\/teilen-sie-jemanden-mit-wie-man-gerettet-werden-kann\/?PHPSESSID=WFmkdgFHSoV6VWTYTOgT1RbPPkZOJE4D' title='Jemanden mitteilen, wie man gerettet werden kann'  class='iconlist_icon av-bbsrx-8f9c96da77dbf0728a5b05a958c13d92 avia-font-entypo-fontello avia-iconfont avia-font-entypo-fontello'><span class='av-icon-char' data-av_icon='\ue8b9' data-av_iconfont='entypo-fontello' aria-hidden=\"true\"><\/span><\/a><article class=\"article-icon-entry av-iconlist-empty\"  itemscope=\"itemscope\" itemtype=\"https:\/\/schema.org\/CreativeWork\" ><div class=\"iconlist_content_wrap\"><header class=\"entry-content-header\" aria-label=\"Icon: &lt;a href=&#039;https:\/\/bbn1.bbnradio.org\/german\/bbn-weiterempfehlen\/teilen-sie-jemanden-mit-wie-man-gerettet-werden-kann\/&#039; title=&#039;Jemanden mitteilen, wie man gerettet werden kann&#039;&gt;Jemanden mitteilen, wie man gerettet werden kann&lt;\/a&gt;\"><h4 class='av_iconlist_title iconlist_title  '  itemprop=\"headline\" ><a href='https://\/\/bbn1.bbnradio.org\/german\/bbn-weiterempfehlen\/teilen-sie-jemanden-mit-wie-man-gerettet-werden-kann\/?PHPSESSID=WFmkdgFHSoV6VWTYTOgT1RbPPkZOJE4D' title='Jemanden mitteilen, wie man gerettet werden kann'>Jemanden mitteilen, wie man gerettet werden kann<\/a><\/h4><\/header><div class='iconlist_content '  itemprop=\"text\" ><\/div><\/div><footer class=\"entry-footer\"><\/footer><\/article><div class=\"iconlist-timeline\"><\/div><\/li>\n<\/ul><\/div>\n<!-- AddThis Advanced Settings generic via filter on the_content --><!-- AddThis Share Buttons generic via filter on the_content -->","protected":false},"excerpt":{"rendered":"<p><!-- AddThis Advanced Settings generic via filter on get_the_excerpt --><!-- AddThis Share Buttons generic via filter on get_the_excerpt --><\/p>\n","protected":false},"author":27,"featured_media":0,"parent":0,"menu_order":0,"comment_status":"open","ping_status":"closed","template":"","meta":{"footnotes":""},"categories":[],"tags":[],"class_list":["post-6285","page","type-page","status-publish","hentry"],"yoast_head":"<!-- This site is optimized with the Yoast SEO Premium plugin v24.8 (Yoast SEO v24.8.1) - https:\/\/yoast.com\/wordpress\/plugins\/seo\/ -->\n<title>BBN weiterempfehlen - BBN<\/title>\n<meta name=\"robots\" content=\"index, follow, max-snippet:-1, max-image-preview:large, max-video-preview:-1\" \/>\n<link rel=\"canonical\" href=\"https:\/\/bbn1.bbnradio.org\/german\/bbn-weiterempfehlen\/\" \/>\n<meta property=\"og:locale\" content=\"de_DE\" \/>\n<meta property=\"og:type\" content=\"article\" \/>\n<meta property=\"og:title\" content=\"BBN weiterempfehlen\" \/>\n<meta property=\"og:url\" content=\"https:\/\/bbn1.bbnradio.org\/german\/bbn-weiterempfehlen\/\" \/>\n<meta property=\"og:site_name\" content=\"BBN\" \/>\n<meta property=\"article:publisher\" content=\"https:\/\/www.facebook.com\/BBNGerman\/\" \/>\n<meta property=\"article:modified_time\" content=\"2019-03-14T16:25:12+00:00\" \/>\n<meta name=\"twitter:card\" content=\"summary_large_image\" \/>\n<meta name=\"twitter:site\" content=\"@BBNDeutsch\" \/>\n<meta name=\"twitter:label1\" content=\"Gesch\u00e4tzte Lesezeit\" \/>\n\t<meta name=\"twitter:data1\" content=\"1\u00a0Minute\" \/>\n<script type=\"application\/ld+json\" class=\"yoast-schema-graph\">{\"@context\":\"https:\/\/schema.org\",\"@graph\":[{\"@type\":\"WebPage\",\"@id\":\"https:\/\/bbn1.bbnradio.org\/german\/bbn-weiterempfehlen\/\",\"url\":\"https:\/\/bbn1.bbnradio.org\/german\/bbn-weiterempfehlen\/\",\"name\":\"BBN weiterempfehlen - BBN\",\"isPartOf\":{\"@id\":\"https:\/\/bbn1.bbnradio.org\/german\/#website\"},\"datePublished\":\"2016-02-16T15:24:51+00:00\",\"dateModified\":\"2019-03-14T16:25:12+00:00\",\"breadcrumb\":{\"@id\":\"https:\/\/bbn1.bbnradio.org\/german\/bbn-weiterempfehlen\/#breadcrumb\"},\"inLanguage\":\"de\",\"potentialAction\":[{\"@type\":\"ReadAction\",\"target\":[\"https:\/\/bbn1.bbnradio.org\/german\/bbn-weiterempfehlen\/\"]}]},{\"@type\":\"BreadcrumbList\",\"@id\":\"https:\/\/bbn1.bbnradio.org\/german\/bbn-weiterempfehlen\/#breadcrumb\",\"itemListElement\":[{\"@type\":\"ListItem\",\"position\":1,\"name\":\"Home\",\"item\":\"https:\/\/bbn1.bbnradio.org\/german\/home\/\"},{\"@type\":\"ListItem\",\"position\":2,\"name\":\"BBN weiterempfehlen\"}]},{\"@type\":\"WebSite\",\"@id\":\"https:\/\/bbn1.bbnradio.org\/german\/#website\",\"url\":\"https:\/\/bbn1.bbnradio.org\/german\/\",\"name\":\"BBN\",\"description\":\"BBN\",\"potentialAction\":[{\"@type\":\"SearchAction\",\"target\":{\"@type\":\"EntryPoint\",\"urlTemplate\":\"https:\/\/bbn1.bbnradio.org\/german\/?s={search_term_string}\"},\"query-input\":{\"@type\":\"PropertyValueSpecification\",\"valueRequired\":true,\"valueName\":\"search_term_string\"}}],\"inLanguage\":\"de\"}]}<\/script>\n<!-- \/ Yoast SEO Premium plugin. -->","yoast_head_json":{"title":"BBN weiterempfehlen - BBN","robots":{"index":"index","follow":"follow","max-snippet":"max-snippet:-1","max-image-preview":"max-image-preview:large","max-video-preview":"max-video-preview:-1"},"canonical":"https:\/\/bbn1.bbnradio.org\/german\/bbn-weiterempfehlen\/","og_locale":"de_DE","og_type":"article","og_title":"BBN weiterempfehlen","og_url":"https:\/\/bbn1.bbnradio.org\/german\/bbn-weiterempfehlen\/","og_site_name":"BBN","article_publisher":"https:\/\/www.facebook.com\/BBNGerman\/","article_modified_time":"2019-03-14T16:25:12+00:00","twitter_card":"summary_large_image","twitter_site":"@BBNDeutsch","twitter_misc":{"Gesch\u00e4tzte Lesezeit":"1\u00a0Minute"},"schema":{"@context":"https:\/\/schema.org","@graph":[{"@type":"WebPage","@id":"https:\/\/bbn1.bbnradio.org\/german\/bbn-weiterempfehlen\/","url":"https:\/\/bbn1.bbnradio.org\/german\/bbn-weiterempfehlen\/","name":"BBN weiterempfehlen - BBN","isPartOf":{"@id":"https:\/\/bbn1.bbnradio.org\/german\/#website"},"datePublished":"2016-02-16T15:24:51+00:00","dateModified":"2019-03-14T16:25:12+00:00","breadcrumb":{"@id":"https:\/\/bbn1.bbnradio.org\/german\/bbn-weiterempfehlen\/#breadcrumb"},"inLanguage":"de","potentialAction":[{"@type":"ReadAction","target":["https:\/\/bbn1.bbnradio.org\/german\/bbn-weiterempfehlen\/"]}]},{"@type":"BreadcrumbList","@id":"https:\/\/bbn1.bbnradio.org\/german\/bbn-weiterempfehlen\/#breadcrumb","itemListElement":[{"@type":"ListItem","position":1,"name":"Home","item":"https:\/\/bbn1.bbnradio.org\/german\/home\/"},{"@type":"ListItem","position":2,"name":"BBN weiterempfehlen"}]},{"@type":"WebSite","@id":"https:\/\/bbn1.bbnradio.org\/german\/#website","url":"https:\/\/bbn1.bbnradio.org\/german\/","name":"BBN","description":"BBN","potentialAction":[{"@type":"SearchAction","target":{"@type":"EntryPoint","urlTemplate":"https:\/\/bbn1.bbnradio.org\/german\/?s={search_term_string}"},"query-input":{"@type":"PropertyValueSpecification","valueRequired":true,"valueName":"search_term_string"}}],"inLanguage":"de"}]}},"jetpack_sharing_enabled":true,"jetpack_shortlink":"https:\/\/wp.me\/PgZlJB-1Dn","_links":{"self":[{"href":"https:\/\/bbn1.bbnradio.org\/german\/wp-json\/wp\/v2\/pages\/6285","targetHints":{"allow":["GET"]}}],"collection":[{"href":"https:\/\/bbn1.bbnradio.org\/german\/wp-json\/wp\/v2\/pages"}],"about":[{"href":"https:\/\/bbn1.bbnradio.org\/german\/wp-json\/wp\/v2\/types\/page"}],"author":[{"embeddable":true,"href":"https:\/\/bbn1.bbnradio.org\/german\/wp-json\/wp\/v2\/users\/27"}],"replies":[{"embeddable":true,"href":"https:\/\/bbn1.bbnradio.org\/german\/wp-json\/wp\/v2\/comments?post=6285"}],"version-history":[{"count":4,"href":"https:\/\/bbn1.bbnradio.org\/german\/wp-json\/wp\/v2\/pages\/6285\/revisions"}],"predecessor-version":[{"id":15091,"href":"https:\/\/bbn1.bbnradio.org\/german\/wp-json\/wp\/v2\/pages\/6285\/revisions\/15091"}],"wp:attachment":[{"href":"https:\/\/bbn1.bbnradio.org\/german\/wp-json\/wp\/v2\/media?parent=6285"}],"wp:term":[{"taxonomy":"category","embeddable":true,"href":"https:\/\/bbn1.bbnradio.org\/german\/wp-json\/wp\/v2\/categories?post=6285"},{"taxonomy":"post_tag","embeddable":true,"href":"https:\/\/bbn1.bbnradio.org\/german\/wp-json\/wp\/v2\/tags?post=6285"}],"curies":[{"name":"wp","href":"https:\/\/api.w.org\/{rel}","templated":true}]}}