{"id":6593,"date":"2016-02-19T14:32:07","date_gmt":"2016-02-19T19:32:07","guid":{"rendered":"https:\/\/bbn1.bbnradio.org\/english\/?page_id=6593"},"modified":"2019-01-18T15:04:38","modified_gmt":"2019-01-18T20:04:38","slug":"marco-siegel","status":"publish","type":"page","link":"https:\/\/bbn1.bbnradio.org\/german\/uber-bbn\/unsere-moderatoren\/marco-siegel\/","title":{"rendered":"Marco Siegel"},"content":{"rendered":"\n<style type=\"text\/css\" data-created_by=\"avia_inline_auto\" id=\"style-css-av-9t5ek1-594d7206bdc7fdfc1b194b76b2562730\">\n.flex_column.av-9t5ek1-594d7206bdc7fdfc1b194b76b2562730{\nborder-radius:0px 0px 0px 0px;\npadding:0px 0px 0px 0px;\n}\n<\/style>\n<div  class='flex_column av-9t5ek1-594d7206bdc7fdfc1b194b76b2562730 av_one_fourth  avia-builder-el-0  el_before_av_three_fourth  avia-builder-el-first  first flex_column_div av-zero-column-padding  '     ><p>\n<style type=\"text\/css\" data-created_by=\"avia_inline_auto\" id=\"style-css-av-89b5q9-f5496c7acf4d3c4191c2bc7afee38479\">\n#top .hr.hr-invisible.av-89b5q9-f5496c7acf4d3c4191c2bc7afee38479{\nheight:1px;\n}\n<\/style>\n<div  class='hr av-89b5q9-f5496c7acf4d3c4191c2bc7afee38479 hr-invisible  avia-builder-el-1  el_before_av_team_member  avia-builder-el-first '><span class='hr-inner '><span class=\"hr-inner-style\"><\/span><\/span><\/div><br \/>\n<section  class='avia-team-member av-5edqo1-5a4bb8d7b166d7833fe9ebebcb22e07f  avia-builder-el-2  el_after_av_hr  avia-builder-el-last '  itemscope=\"itemscope\" itemtype=\"https:\/\/schema.org\/Person\" ><div class=\"team-img-container\"><img decoding=\"async\" fetchpriority=\"high\" class='wp-image-12826 avia-img-lazy-loading-not-12826 avia_image avia_image_team' src=\"https:\/\/bbn1.bbnradio.org\/german\/wp-content\/uploads\/sites\/9\/2019\/01\/Marco-Siegel2.jpg\" alt='Marco Siegel'  itemprop=\"image\"   height=\"1538\" width=\"1168\" \/><\/div><h3 class='team-member-name '  itemprop=\"name\" >Marco Siegel<\/h3><div class='team-member-job-title '  itemprop=\"jobTitle\" >Moderator<\/div><span class='hidden team-member-affiliation'  itemprop=\"affiliation\" >BBN<\/span><\/section><\/p><\/div>\n\n<style type=\"text\/css\" data-created_by=\"avia_inline_auto\" id=\"style-css-av-4b0zkx-d68d13751f20186a1845877f7539bc14\">\n.flex_column.av-4b0zkx-d68d13751f20186a1845877f7539bc14{\nborder-radius:0px 0px 0px 0px;\npadding:0px 0px 0px 0px;\n}\n<\/style>\n<div  class='flex_column av-4b0zkx-d68d13751f20186a1845877f7539bc14 av_three_fourth  avia-builder-el-3  el_after_av_one_fourth  avia-builder-el-last  flex_column_div av-zero-column-padding  '     ><section  class='av_textblock_section av-270sht-5f657a3ca9989ec59f83fcb7d920972a '   itemscope=\"itemscope\" itemtype=\"https:\/\/schema.org\/CreativeWork\" ><div class='avia_textblock'  itemprop=\"text\" ><p>MEIN ZEUGNIS<\/p>\n<p>Ich hei\u00dfe Marco Siegel und bin in ein christliches Zuhause aufgewachsen, wo ich schon fr\u00fch das Wort Gottes geh\u00f6rt habe. Von klein auf f\u00fchrte ich ein religi\u00f6ses Leben, doch den Glauben an Christus hatte ich nicht. Ich kannte biblische Geschichten, nahm teil an Gemeindeveranstaltungen, dachte sogar an Jesus zu glauben, doch ich lebte immer nur f\u00fcr mich selbst und nicht f\u00fcr den Herrn Jesus.<br \/>\nAls ich dann 25 Jahre alt war, und schon seit einigen Jahren in offener Ablehnung zu Gott und Seinem Wort lebte, geriet ich in eine Lebenskrise. Gott benutzte diese Krise um mich zu Jesus Christus hin zu ziehen. In dieser Zeit hatte ich wieder angefangen die Bibel zu lesen und w\u00e4hrend ich Gottes Wort las, sp\u00fcrte ich wie der Herr zu mir sprach und mich meiner S\u00fcndhaftigkeit \u00fcberf\u00fchrte und mir zeigte, dass ich Seiner Verdammnis w\u00fcrdig und somit eines Erl\u00f6sers bed\u00fcrftig war. Durch Gottes Gnade verstand ich, dass Jesus Christus auch f\u00fcr mich als S\u00fchneopfer gestorben war. Ich tat Bu\u00dfe und vertraute dem Herrn Jesus.<br \/>\nSeit dieser Umkehr ist es mein Wunsch im Glauben an Christus zu leben, f\u00fcr Ihn und nicht mehr f\u00fcr mich selbst. Nachdem ich mich bekehrt hatte entschloss ich mich zur Bibelschule zu gehen, um Gott besser kennenzulernen und Seinen Willen f\u00fcr mich zu erkennen. Auf der Bibelschule lernte ich Suzana, meine zuk\u00fcnftige Frau kennen. Nachdem ich die theologische Ausbildung beendet hatte diente ich einige Jahre lang in meiner Gemeinde.<br \/>\nIm Jahr 2013 lernten wir BBN kennen. Wir wurden eingeladen BBN Portugiesisch als vollzeitliche Mitarbeiter zu unterst\u00fctzen. Ab 2019 unterst\u00fctze ich auch BBN Deutsch.<\/p>\n<\/div><\/section><\/div>\n<!-- AddThis Advanced Settings generic via filter on the_content --><!-- AddThis Share Buttons generic via filter on the_content -->","protected":false},"excerpt":{"rendered":"<p><!-- AddThis Advanced Settings generic via filter on get_the_excerpt --><!-- AddThis Share Buttons generic via filter on get_the_excerpt --><\/p>\n","protected":false},"author":27,"featured_media":0,"parent":6263,"menu_order":0,"comment_status":"closed","ping_status":"closed","template":"","meta":{"footnotes":""},"categories":[],"tags":[],"class_list":["post-6593","page","type-page","status-publish","hentry"],"yoast_head":"<!-- This site is optimized with the Yoast SEO Premium plugin v24.8 (Yoast SEO v24.8.1) - https:\/\/yoast.com\/wordpress\/plugins\/seo\/ -->\n<title>Marco Siegel<\/title>\n<meta name=\"robots\" content=\"index, follow, max-snippet:-1, max-image-preview:large, max-video-preview:-1\" \/>\n<link rel=\"canonical\" href=\"https:\/\/bbn1.bbnradio.org\/german\/uber-bbn\/unsere-moderatoren\/marco-siegel\/\" \/>\n<meta property=\"og:locale\" content=\"de_DE\" \/>\n<meta property=\"og:type\" content=\"article\" \/>\n<meta property=\"og:title\" content=\"Marco Siegel\" \/>\n<meta property=\"og:description\" content=\"Moderator\" \/>\n<meta property=\"og:url\" content=\"https:\/\/bbn1.bbnradio.org\/german\/uber-bbn\/unsere-moderatoren\/marco-siegel\/\" \/>\n<meta property=\"og:site_name\" content=\"BBN\" \/>\n<meta property=\"article:publisher\" content=\"https:\/\/www.facebook.com\/BBNGerman\/\" \/>\n<meta property=\"article:modified_time\" content=\"2019-01-18T20:04:38+00:00\" \/>\n<meta name=\"twitter:card\" content=\"summary_large_image\" \/>\n<meta name=\"twitter:title\" content=\"Marco Siegel\" \/>\n<meta name=\"twitter:description\" content=\"Moderator\" \/>\n<meta name=\"twitter:site\" content=\"@BBNDeutsch\" \/>\n<meta name=\"twitter:label1\" content=\"Gesch\u00e4tzte Lesezeit\" \/>\n\t<meta name=\"twitter:data1\" content=\"3\u00a0Minuten\" \/>\n<script type=\"application\/ld+json\" class=\"yoast-schema-graph\">{\"@context\":\"https:\/\/schema.org\",\"@graph\":[{\"@type\":\"WebPage\",\"@id\":\"https:\/\/bbn1.bbnradio.org\/german\/uber-bbn\/unsere-moderatoren\/marco-siegel\/\",\"url\":\"https:\/\/bbn1.bbnradio.org\/german\/uber-bbn\/unsere-moderatoren\/marco-siegel\/\",\"name\":\"Marco Siegel\",\"isPartOf\":{\"@id\":\"https:\/\/bbn1.bbnradio.org\/german\/#website\"},\"datePublished\":\"2016-02-19T19:32:07+00:00\",\"dateModified\":\"2019-01-18T20:04:38+00:00\",\"breadcrumb\":{\"@id\":\"https:\/\/bbn1.bbnradio.org\/german\/uber-bbn\/unsere-moderatoren\/marco-siegel\/#breadcrumb\"},\"inLanguage\":\"de\",\"potentialAction\":[{\"@type\":\"ReadAction\",\"target\":[\"https:\/\/bbn1.bbnradio.org\/german\/uber-bbn\/unsere-moderatoren\/marco-siegel\/\"]}]},{\"@type\":\"BreadcrumbList\",\"@id\":\"https:\/\/bbn1.bbnradio.org\/german\/uber-bbn\/unsere-moderatoren\/marco-siegel\/#breadcrumb\",\"itemListElement\":[{\"@type\":\"ListItem\",\"position\":1,\"name\":\"Home\",\"item\":\"https:\/\/bbn1.bbnradio.org\/german\/home\/\"},{\"@type\":\"ListItem\",\"position\":2,\"name\":\"\u00dcber BBN\",\"item\":\"https:\/\/bbn1.bbnradio.org\/german\/uber-bbn\/\"},{\"@type\":\"ListItem\",\"position\":3,\"name\":\"Unsere Moderatoren\",\"item\":\"https:\/\/bbn1.bbnradio.org\/german\/uber-bbn\/unsere-moderatoren\/\"},{\"@type\":\"ListItem\",\"position\":4,\"name\":\"Marco Siegel\"}]},{\"@type\":\"WebSite\",\"@id\":\"https:\/\/bbn1.bbnradio.org\/german\/#website\",\"url\":\"https:\/\/bbn1.bbnradio.org\/german\/\",\"name\":\"BBN\",\"description\":\"BBN\",\"potentialAction\":[{\"@type\":\"SearchAction\",\"target\":{\"@type\":\"EntryPoint\",\"urlTemplate\":\"https:\/\/bbn1.bbnradio.org\/german\/?s={search_term_string}\"},\"query-input\":{\"@type\":\"PropertyValueSpecification\",\"valueRequired\":true,\"valueName\":\"search_term_string\"}}],\"inLanguage\":\"de\"}]}<\/script>\n<!-- \/ Yoast SEO Premium plugin. -->","yoast_head_json":{"title":"Marco Siegel","robots":{"index":"index","follow":"follow","max-snippet":"max-snippet:-1","max-image-preview":"max-image-preview:large","max-video-preview":"max-video-preview:-1"},"canonical":"https:\/\/bbn1.bbnradio.org\/german\/uber-bbn\/unsere-moderatoren\/marco-siegel\/","og_locale":"de_DE","og_type":"article","og_title":"Marco Siegel","og_description":"Moderator","og_url":"https:\/\/bbn1.bbnradio.org\/german\/uber-bbn\/unsere-moderatoren\/marco-siegel\/","og_site_name":"BBN","article_publisher":"https:\/\/www.facebook.com\/BBNGerman\/","article_modified_time":"2019-01-18T20:04:38+00:00","twitter_card":"summary_large_image","twitter_title":"Marco Siegel","twitter_description":"Moderator","twitter_site":"@BBNDeutsch","twitter_misc":{"Gesch\u00e4tzte Lesezeit":"3\u00a0Minuten"},"schema":{"@context":"https:\/\/schema.org","@graph":[{"@type":"WebPage","@id":"https:\/\/bbn1.bbnradio.org\/german\/uber-bbn\/unsere-moderatoren\/marco-siegel\/","url":"https:\/\/bbn1.bbnradio.org\/german\/uber-bbn\/unsere-moderatoren\/marco-siegel\/","name":"Marco Siegel","isPartOf":{"@id":"https:\/\/bbn1.bbnradio.org\/german\/#website"},"datePublished":"2016-02-19T19:32:07+00:00","dateModified":"2019-01-18T20:04:38+00:00","breadcrumb":{"@id":"https:\/\/bbn1.bbnradio.org\/german\/uber-bbn\/unsere-moderatoren\/marco-siegel\/#breadcrumb"},"inLanguage":"de","potentialAction":[{"@type":"ReadAction","target":["https:\/\/bbn1.bbnradio.org\/german\/uber-bbn\/unsere-moderatoren\/marco-siegel\/"]}]},{"@type":"BreadcrumbList","@id":"https:\/\/bbn1.bbnradio.org\/german\/uber-bbn\/unsere-moderatoren\/marco-siegel\/#breadcrumb","itemListElement":[{"@type":"ListItem","position":1,"name":"Home","item":"https:\/\/bbn1.bbnradio.org\/german\/home\/"},{"@type":"ListItem","position":2,"name":"\u00dcber BBN","item":"https:\/\/bbn1.bbnradio.org\/german\/uber-bbn\/"},{"@type":"ListItem","position":3,"name":"Unsere Moderatoren","item":"https:\/\/bbn1.bbnradio.org\/german\/uber-bbn\/unsere-moderatoren\/"},{"@type":"ListItem","position":4,"name":"Marco Siegel"}]},{"@type":"WebSite","@id":"https:\/\/bbn1.bbnradio.org\/german\/#website","url":"https:\/\/bbn1.bbnradio.org\/german\/","name":"BBN","description":"BBN","potentialAction":[{"@type":"SearchAction","target":{"@type":"EntryPoint","urlTemplate":"https:\/\/bbn1.bbnradio.org\/german\/?s={search_term_string}"},"query-input":{"@type":"PropertyValueSpecification","valueRequired":true,"valueName":"search_term_string"}}],"inLanguage":"de"}]}},"jetpack_sharing_enabled":true,"jetpack_shortlink":"https:\/\/wp.me\/PgZlJB-1Il","_links":{"self":[{"href":"https:\/\/bbn1.bbnradio.org\/german\/wp-json\/wp\/v2\/pages\/6593","targetHints":{"allow":["GET"]}}],"collection":[{"href":"https:\/\/bbn1.bbnradio.org\/german\/wp-json\/wp\/v2\/pages"}],"about":[{"href":"https:\/\/bbn1.bbnradio.org\/german\/wp-json\/wp\/v2\/types\/page"}],"author":[{"embeddable":true,"href":"https:\/\/bbn1.bbnradio.org\/german\/wp-json\/wp\/v2\/users\/27"}],"replies":[{"embeddable":true,"href":"https:\/\/bbn1.bbnradio.org\/german\/wp-json\/wp\/v2\/comments?post=6593"}],"version-history":[{"count":3,"href":"https:\/\/bbn1.bbnradio.org\/german\/wp-json\/wp\/v2\/pages\/6593\/revisions"}],"predecessor-version":[{"id":13094,"href":"https:\/\/bbn1.bbnradio.org\/german\/wp-json\/wp\/v2\/pages\/6593\/revisions\/13094"}],"up":[{"embeddable":true,"href":"https:\/\/bbn1.bbnradio.org\/german\/wp-json\/wp\/v2\/pages\/6263"}],"wp:attachment":[{"href":"https:\/\/bbn1.bbnradio.org\/german\/wp-json\/wp\/v2\/media?parent=6593"}],"wp:term":[{"taxonomy":"category","embeddable":true,"href":"https:\/\/bbn1.bbnradio.org\/german\/wp-json\/wp\/v2\/categories?post=6593"},{"taxonomy":"post_tag","embeddable":true,"href":"https:\/\/bbn1.bbnradio.org\/german\/wp-json\/wp\/v2\/tags?post=6593"}],"curies":[{"name":"wp","href":"https:\/\/api.w.org\/{rel}","templated":true}]}}