{"id":7576,"date":"2016-04-04T15:48:53","date_gmt":"2016-04-04T19:48:53","guid":{"rendered":"https:\/\/bbn1.bbnradio.org\/english\/?page_id=7576"},"modified":"2019-02-07T15:53:18","modified_gmt":"2019-02-07T20:53:18","slug":"was-die-bibel-lehrt-die-bibel","status":"publish","type":"page","link":"https:\/\/bbn1.bbnradio.org\/german\/ressourcen\/was-die-bibel-lehrt\/was-die-bibel-lehrt-die-bibel\/","title":{"rendered":"Was die Bibel lehrt &#8211; DIE BIBEL"},"content":{"rendered":"<p><strong>DIE BIBEL<\/strong><\/p>\n<p><strong>I. EINF\u00dcHRUNG<\/strong><\/p>\n<p>Jemand hat die Bibel einmal \u201eGottes Bibliothek\u201c genannt, und das trifft auch zu. Obwohl wir die Bibel als ein Buch kennen, besteht sie tats\u00e4chlich aus 66 verschiedenen B\u00fcchern. Diese B\u00fccher, beginnend mit dem 1. Buch Mose (Genesis) und endend mit der Offenbarung, werden in zwei Hauptteile gegliedert. Der erste Hauptteil wird Altes Testament genannt und besteht aus 39 B\u00fcchern. Der zweite Teil der Bibel ist das Neue Testament, bestehend aus 27 B\u00fcchern. In fast allen Bibelausgaben findet sich vorn ein Verzeichnis der biblischen B\u00fccher mit der jeweiligen Seitenzahl.<\/p>\n<p><strong>II. WER SCHRIEB DIE BIBEL?<\/strong><\/p>\n<p>Aus menschlicher Sicht ist die Bibel ein Geschichtsbuch (im Englischen kann man \u201ehistory\u201c = Geschichte als \u201eHis story\u201c = \u201eSeine Geschichte\u201c lesen). Sie wurde von nicht weniger als 36 Autoren in einem Zeitraum von etwa 1600 Jahren verfasst. Besonders wichtig ist hier, dass diese Menschen unter der direkten Leitung Gottes standen. Das hei\u00dft, wir haben es hier mit einem von Gott eingegebenen Buch zu tun. Gott leitete die Verfasser bei ihrer Arbeit. Das ist es, was wir unter \u201eInspiration\u201c verstehen. Die nachstehenden Schriftstellen lehren klar und deutlich, dass die Bibel von Gott inspiriert ist.<\/p>\n<p>\u201eDenn es ist noch nie eine Weissagung durch menschlichen Willen ergangen, sondern, vom Heiligen Geist getrieben, haben Menschen von Gott geredet\u201c (2. Petrus 1,21). \u201eDenn alle Schrift, von Gott eingegeben, ist n\u00fctze zur Lehre, zur Ma\u00dfregelung, zur Besserung, zur Erziehung in der Gerechtigkeit, damit der Gottesmensch vollkommen sei, zu allem guten Werk t\u00fcchtig\u201c (2. Timotheus 3,16.17).<\/p>\n<p>Somit ist die Bibel Gottes Wort. Manche sagen, die Bibel enthalte Gottes Wort. Das w\u00fcrde bedeuten, dass einige Teile inspiriert sind, andere nicht. Wer aber sollte dann dar\u00fcber entscheiden, was inspiriert ist und was nicht? Nach vielen Jahren des Forschens sind wir davon \u00fcberzeugt, dass es keine menschliche Erkl\u00e4rung f\u00fcr dieses Buch gibt. Dieser Schluss ist nicht irdischer Meinung \u00fcberlassen; vielmehr k\u00f6nnen wir uns nur an das Wort Psalm 119,89 halten: \u201eAuf ewige Zeiten, o Herr, steht fest dein Wort im Himmel.\u201c<\/p>\n<p>Ein weiterer wichtiger Aspekt, den man nicht au\u00dfer acht lassen sollte, ist die Tatsache, dass die Bibel die einzige niedergeschriebene Offenbarung ist, die Gott dem Menschen gegeben hat. In ihr selbst warnt uns Gott dreimal davor, etwas hinzuzuf\u00fcgen oder wegzunehmen, das letzte Mal in Offenbarung 22,18.19.<\/p>\n<p><strong>III. WAS IST DER INHALT DER SCHRIFT?<\/strong><\/p>\n<p>Obgleich die Bibel aus 66 B\u00fcchern besteht, hat sie einen Hauptinhalt: Jesus Christus. Er ist das gro\u00dfe Zentralthema der Schrift. Das Alte Testament enth\u00e4lt viele prophetische Voraussagen im Hinblick auf Christus. Das Neue Testament berichtet von seinem Kommen als Erl\u00f6ser. Im Alten Testament ist er noch verborgen; im Neuen Testament offenbart er sich. Das Neue Testament berichtet auch von seinem Tod, seiner Grablegung, seiner Auferstehung und seiner Himmelfahrt. Es schlie\u00dft mit der Offenbarung der kommenden Ereignisse, die sich auf unserem Planeten Erde zutragen werden. Jesus Christus wird 1000 Jahre auf der Erde regieren. Dann folgt das Endgericht, \u201eder gro\u00dfe wei\u00dfe Thron\u201c. Zum Schluss werden \u201eein neuer Himmel und eine neue Erde\u201c erschaffen. Die Bibel gibt uns einen Einblick in die Abfolge der Zeitalter von der Sch\u00f6pfung bis zur Vollendung (Offenbarung 21 und 22).<\/p>\n<p><strong>IV. WIE IST DIE BIBEL UNTERTEILT?<\/strong><\/p>\n<p>Die Bibel ist die Geschichte der Welt vom Beginn der Zeit (Sch\u00f6pfung) bis zu ihrem Abschluss. Das 1. Buch Mose berichtet von der Erschaffung der Welt, vom Hineinkommen der S\u00fcnde in die Menschenwelt, von der Sintflut und von den Anf\u00e4ngen des Volkes Israel.Vom 2. Buch Mose (Exodus) bis zum Buch Esther liegt uns die Geschichte Israels bis etwa 400 Jahre vor der Geburt Christi vor. Die B\u00fccher Hiob bis Lied der Lieder (Hohelied) sind eine Sammlung wundersch\u00f6ner poetischer und Weisheitstexte. Der letzte Teil des Alten Testaments, von Jesaja bis Maleachi, ist Prophetie, d.h. diese B\u00fccher enthalten Botschaften Gottes an Israel im Blick auf seine aktuelle Situation und seinen k\u00fcnftigen Weg.<\/p>\n<p>Das Neue Testament beginnt mit den vier Evangelien, die das Leben des Herrn Jesus Christus erz\u00e4hlen. Die Apostelgeschichte ist der Bericht von den Anf\u00e4ngen des Christentums. Sie gibt uns Aufschluss \u00fcber das Werden der Gemeinde und ist zugleich ein pers\u00f6nliches Zeugnis von Begegnungen mit der Heilsbotschaft von Jesus Christus, einschlie\u00dflich der Bekehrung des gro\u00dfen Apostels Paulus. Vom R\u00f6merbrief an bis zum Buch Judas finden wir Briefe an Gemeinden sowie an Einzelpersonen. Hier geht es um die gro\u00dfen Wahrheiten des christlichen Glaubens und praktische Anweisungen f\u00fcr das Leben als Christ. Die Offenbarung schlie\u00dflich l\u00e4sst uns einen Blick in die Zukunft werfen, und zwar in das Geschehen, das sich noch im Himmel, auf der Erde und in der H\u00f6lle abspielen wird.<\/p>\n<p><strong>V. SCHLUSSFOLGERUNG<\/strong><\/p>\n<p>Die Bibel beschreibt das Wesen Gottes, den Stand des Menschen, den Weg der Erl\u00f6sung, das Endgeschick der S\u00fcnder und die Gl\u00fcckseligkeit der Gl\u00e4ubigen. Ihre Lehren sind heilig, ihre Vorschriften bindend, ihre Geschichten wahr und ihre Folgerungen unab\u00e4nderlich. Lesen Sie die Bibel, um weise zu sein, schenken Sie ihr Glauben, um gerettet zu werden, und leben Sie nach ihr, um heilig zu sein. Das Wort der Bibel ist Licht auf dem Weg, Speise zur St\u00e4rkung und Trost in allen Lebenslagen. Es ist die Landkarte des Wanderers, der Kompass des Steuermanns, das Schwert des Soldaten und das Grundgesetz des Christen. Hier ist das Paradies wiedergebracht, der Himmel aufgetan und die Pforten der H\u00f6lle blo\u00dfgelegt. Christus ist das gro\u00dfe Thema der Bibel, was uns zum Guten dient, ihr Anliegen und die Ehre Gottes ihr Ziel. Nehmen Sie sich Zeit f\u00fcr sie und lesen Sie sie regelm\u00e4\u00dfig und mit betendem Herzen. Sie erschlie\u00dft Sch\u00e4tze, ist ein Paradies an Herrlichkeit und ein Strom der Freude und Wonne. Sie ist voller Verhei\u00dfungen f\u00fcr die, die es ernst meinen, l\u00e4sst aber auch keinen Zweifel am Los derer, die sich leichtfertig \u00fcber ihr Wort hinwegsetzen. Sie ist das Buch der B\u00fccher &#8211; Gottes Buch, in dem sich Gott dem Menschen offenbart.<\/p>\n<!-- AddThis Advanced Settings generic via filter on the_content --><!-- AddThis Share Buttons generic via filter on the_content -->","protected":false},"excerpt":{"rendered":"<p>DIE BIBEL I. EINF\u00dcHRUNG Jemand hat die Bibel einmal \u201eGottes Bibliothek\u201c genannt, und das trifft auch zu. Obwohl wir die Bibel als ein Buch kennen, besteht sie tats\u00e4chlich aus 66 verschiedenen B\u00fcchern. Diese B\u00fccher, beginnend mit dem 1. Buch Mose (Genesis) und endend mit der Offenbarung, werden in zwei Hauptteile gegliedert. Der erste Hauptteil wird [&hellip;]<!-- AddThis Advanced Settings generic via filter on get_the_excerpt --><!-- AddThis Share Buttons generic via filter on get_the_excerpt --><\/p>\n","protected":false},"author":27,"featured_media":0,"parent":5034,"menu_order":0,"comment_status":"closed","ping_status":"closed","template":"","meta":{"footnotes":""},"categories":[],"tags":[],"class_list":["post-7576","page","type-page","status-publish","hentry"],"yoast_head":"<!-- This site is optimized with the Yoast SEO Premium plugin v24.8 (Yoast SEO v24.8.1) - https:\/\/yoast.com\/wordpress\/plugins\/seo\/ -->\n<title>Was die Bibel lehrt - DIE BIBEL - BBN<\/title>\n<meta name=\"robots\" content=\"index, follow, max-snippet:-1, max-image-preview:large, max-video-preview:-1\" \/>\n<link rel=\"canonical\" href=\"https:\/\/bbn1.bbnradio.org\/german\/ressourcen\/was-die-bibel-lehrt\/was-die-bibel-lehrt-die-bibel\/\" \/>\n<meta property=\"og:locale\" content=\"de_DE\" \/>\n<meta property=\"og:type\" content=\"article\" \/>\n<meta property=\"og:title\" content=\"Was die Bibel lehrt - DIE BIBEL\" \/>\n<meta property=\"og:description\" content=\"DIE BIBEL I. EINF\u00dcHRUNG Jemand hat die Bibel einmal \u201eGottes Bibliothek\u201c genannt, und das trifft auch zu. Obwohl wir die Bibel als ein Buch kennen, besteht sie tats\u00e4chlich aus 66 verschiedenen B\u00fcchern. Diese B\u00fccher, beginnend mit dem 1. Buch Mose (Genesis) und endend mit der Offenbarung, werden in zwei Hauptteile gegliedert. Der erste Hauptteil wird [&hellip;]\" \/>\n<meta property=\"og:url\" content=\"https:\/\/bbn1.bbnradio.org\/german\/ressourcen\/was-die-bibel-lehrt\/was-die-bibel-lehrt-die-bibel\/\" \/>\n<meta property=\"og:site_name\" content=\"BBN\" \/>\n<meta property=\"article:publisher\" content=\"https:\/\/www.facebook.com\/BBNGerman\/\" \/>\n<meta property=\"article:modified_time\" content=\"2019-02-07T20:53:18+00:00\" \/>\n<meta name=\"twitter:card\" content=\"summary_large_image\" \/>\n<meta name=\"twitter:site\" content=\"@BBNDeutsch\" \/>\n<meta name=\"twitter:label1\" content=\"Gesch\u00e4tzte Lesezeit\" \/>\n\t<meta name=\"twitter:data1\" content=\"5\u00a0Minuten\" \/>\n<script type=\"application\/ld+json\" class=\"yoast-schema-graph\">{\"@context\":\"https:\/\/schema.org\",\"@graph\":[{\"@type\":\"WebPage\",\"@id\":\"https:\/\/bbn1.bbnradio.org\/german\/ressourcen\/was-die-bibel-lehrt\/was-die-bibel-lehrt-die-bibel\/\",\"url\":\"https:\/\/bbn1.bbnradio.org\/german\/ressourcen\/was-die-bibel-lehrt\/was-die-bibel-lehrt-die-bibel\/\",\"name\":\"Was die Bibel lehrt - DIE BIBEL - BBN\",\"isPartOf\":{\"@id\":\"https:\/\/bbn1.bbnradio.org\/german\/#website\"},\"datePublished\":\"2016-04-04T19:48:53+00:00\",\"dateModified\":\"2019-02-07T20:53:18+00:00\",\"breadcrumb\":{\"@id\":\"https:\/\/bbn1.bbnradio.org\/german\/ressourcen\/was-die-bibel-lehrt\/was-die-bibel-lehrt-die-bibel\/#breadcrumb\"},\"inLanguage\":\"de\",\"potentialAction\":[{\"@type\":\"ReadAction\",\"target\":[\"https:\/\/bbn1.bbnradio.org\/german\/ressourcen\/was-die-bibel-lehrt\/was-die-bibel-lehrt-die-bibel\/\"]}]},{\"@type\":\"BreadcrumbList\",\"@id\":\"https:\/\/bbn1.bbnradio.org\/german\/ressourcen\/was-die-bibel-lehrt\/was-die-bibel-lehrt-die-bibel\/#breadcrumb\",\"itemListElement\":[{\"@type\":\"ListItem\",\"position\":1,\"name\":\"Home\",\"item\":\"https:\/\/bbn1.bbnradio.org\/german\/home\/\"},{\"@type\":\"ListItem\",\"position\":2,\"name\":\"Ressourcen\",\"item\":\"https:\/\/bbn1.bbnradio.org\/german\/ressourcen\/\"},{\"@type\":\"ListItem\",\"position\":3,\"name\":\"Was die Bibel lehrt\",\"item\":\"https:\/\/bbn1.bbnradio.org\/german\/ressourcen\/was-die-bibel-lehrt\/\"},{\"@type\":\"ListItem\",\"position\":4,\"name\":\"Was die Bibel lehrt &#8211; DIE BIBEL\"}]},{\"@type\":\"WebSite\",\"@id\":\"https:\/\/bbn1.bbnradio.org\/german\/#website\",\"url\":\"https:\/\/bbn1.bbnradio.org\/german\/\",\"name\":\"BBN\",\"description\":\"BBN\",\"potentialAction\":[{\"@type\":\"SearchAction\",\"target\":{\"@type\":\"EntryPoint\",\"urlTemplate\":\"https:\/\/bbn1.bbnradio.org\/german\/?s={search_term_string}\"},\"query-input\":{\"@type\":\"PropertyValueSpecification\",\"valueRequired\":true,\"valueName\":\"search_term_string\"}}],\"inLanguage\":\"de\"}]}<\/script>\n<!-- \/ Yoast SEO Premium plugin. -->","yoast_head_json":{"title":"Was die Bibel lehrt - DIE BIBEL - BBN","robots":{"index":"index","follow":"follow","max-snippet":"max-snippet:-1","max-image-preview":"max-image-preview:large","max-video-preview":"max-video-preview:-1"},"canonical":"https:\/\/bbn1.bbnradio.org\/german\/ressourcen\/was-die-bibel-lehrt\/was-die-bibel-lehrt-die-bibel\/","og_locale":"de_DE","og_type":"article","og_title":"Was die Bibel lehrt - DIE BIBEL","og_description":"DIE BIBEL I. EINF\u00dcHRUNG Jemand hat die Bibel einmal \u201eGottes Bibliothek\u201c genannt, und das trifft auch zu. Obwohl wir die Bibel als ein Buch kennen, besteht sie tats\u00e4chlich aus 66 verschiedenen B\u00fcchern. Diese B\u00fccher, beginnend mit dem 1. Buch Mose (Genesis) und endend mit der Offenbarung, werden in zwei Hauptteile gegliedert. Der erste Hauptteil wird [&hellip;]","og_url":"https:\/\/bbn1.bbnradio.org\/german\/ressourcen\/was-die-bibel-lehrt\/was-die-bibel-lehrt-die-bibel\/","og_site_name":"BBN","article_publisher":"https:\/\/www.facebook.com\/BBNGerman\/","article_modified_time":"2019-02-07T20:53:18+00:00","twitter_card":"summary_large_image","twitter_site":"@BBNDeutsch","twitter_misc":{"Gesch\u00e4tzte Lesezeit":"5\u00a0Minuten"},"schema":{"@context":"https:\/\/schema.org","@graph":[{"@type":"WebPage","@id":"https:\/\/bbn1.bbnradio.org\/german\/ressourcen\/was-die-bibel-lehrt\/was-die-bibel-lehrt-die-bibel\/","url":"https:\/\/bbn1.bbnradio.org\/german\/ressourcen\/was-die-bibel-lehrt\/was-die-bibel-lehrt-die-bibel\/","name":"Was die Bibel lehrt - DIE BIBEL - BBN","isPartOf":{"@id":"https:\/\/bbn1.bbnradio.org\/german\/#website"},"datePublished":"2016-04-04T19:48:53+00:00","dateModified":"2019-02-07T20:53:18+00:00","breadcrumb":{"@id":"https:\/\/bbn1.bbnradio.org\/german\/ressourcen\/was-die-bibel-lehrt\/was-die-bibel-lehrt-die-bibel\/#breadcrumb"},"inLanguage":"de","potentialAction":[{"@type":"ReadAction","target":["https:\/\/bbn1.bbnradio.org\/german\/ressourcen\/was-die-bibel-lehrt\/was-die-bibel-lehrt-die-bibel\/"]}]},{"@type":"BreadcrumbList","@id":"https:\/\/bbn1.bbnradio.org\/german\/ressourcen\/was-die-bibel-lehrt\/was-die-bibel-lehrt-die-bibel\/#breadcrumb","itemListElement":[{"@type":"ListItem","position":1,"name":"Home","item":"https:\/\/bbn1.bbnradio.org\/german\/home\/"},{"@type":"ListItem","position":2,"name":"Ressourcen","item":"https:\/\/bbn1.bbnradio.org\/german\/ressourcen\/"},{"@type":"ListItem","position":3,"name":"Was die Bibel lehrt","item":"https:\/\/bbn1.bbnradio.org\/german\/ressourcen\/was-die-bibel-lehrt\/"},{"@type":"ListItem","position":4,"name":"Was die Bibel lehrt &#8211; DIE BIBEL"}]},{"@type":"WebSite","@id":"https:\/\/bbn1.bbnradio.org\/german\/#website","url":"https:\/\/bbn1.bbnradio.org\/german\/","name":"BBN","description":"BBN","potentialAction":[{"@type":"SearchAction","target":{"@type":"EntryPoint","urlTemplate":"https:\/\/bbn1.bbnradio.org\/german\/?s={search_term_string}"},"query-input":{"@type":"PropertyValueSpecification","valueRequired":true,"valueName":"search_term_string"}}],"inLanguage":"de"}]}},"jetpack_sharing_enabled":true,"jetpack_shortlink":"https:\/\/wp.me\/PgZlJB-1Yc","_links":{"self":[{"href":"https:\/\/bbn1.bbnradio.org\/german\/wp-json\/wp\/v2\/pages\/7576","targetHints":{"allow":["GET"]}}],"collection":[{"href":"https:\/\/bbn1.bbnradio.org\/german\/wp-json\/wp\/v2\/pages"}],"about":[{"href":"https:\/\/bbn1.bbnradio.org\/german\/wp-json\/wp\/v2\/types\/page"}],"author":[{"embeddable":true,"href":"https:\/\/bbn1.bbnradio.org\/german\/wp-json\/wp\/v2\/users\/27"}],"replies":[{"embeddable":true,"href":"https:\/\/bbn1.bbnradio.org\/german\/wp-json\/wp\/v2\/comments?post=7576"}],"version-history":[{"count":3,"href":"https:\/\/bbn1.bbnradio.org\/german\/wp-json\/wp\/v2\/pages\/7576\/revisions"}],"predecessor-version":[{"id":13600,"href":"https:\/\/bbn1.bbnradio.org\/german\/wp-json\/wp\/v2\/pages\/7576\/revisions\/13600"}],"up":[{"embeddable":true,"href":"https:\/\/bbn1.bbnradio.org\/german\/wp-json\/wp\/v2\/pages\/5034"}],"wp:attachment":[{"href":"https:\/\/bbn1.bbnradio.org\/german\/wp-json\/wp\/v2\/media?parent=7576"}],"wp:term":[{"taxonomy":"category","embeddable":true,"href":"https:\/\/bbn1.bbnradio.org\/german\/wp-json\/wp\/v2\/categories?post=7576"},{"taxonomy":"post_tag","embeddable":true,"href":"https:\/\/bbn1.bbnradio.org\/german\/wp-json\/wp\/v2\/tags?post=7576"}],"curies":[{"name":"wp","href":"https:\/\/api.w.org\/{rel}","templated":true}]}}