{"id":7578,"date":"2016-04-04T15:50:33","date_gmt":"2016-04-04T19:50:33","guid":{"rendered":"https:\/\/bbn1.bbnradio.org\/english\/?page_id=7578"},"modified":"2019-02-08T11:38:30","modified_gmt":"2019-02-08T16:38:30","slug":"was-die-bibel-lehrt-gott","status":"publish","type":"page","link":"https:\/\/bbn1.bbnradio.org\/german\/ressourcen\/was-die-bibel-lehrt\/was-die-bibel-lehrt-gott\/","title":{"rendered":"Was die Bibel lehrt &#8211; GOTT"},"content":{"rendered":"<p style=\"font-weight: 400\"><strong>GOTT<\/strong><\/p>\n<p style=\"font-weight: 400\">Nichts kann den menschlichen Verstand\u00a0\u00a0mehr besch\u00e4ftigen als das <em>Studium<\/em> Gottes und das Verhalten des Menschen zu ihm.<\/p>\n<p><strong>I.\u00a0DIE EXISTENZ GOTTES\u00a0\u00a0<\/strong><\/p>\n<p>A. Viele Systeme mit falschen Lehren leugnen die Existenz Gottes.<\/p>\n<ol>\n<li style=\"font-weight: 400\">Deismus:\u00a0\u00a0dieses System best\u00e4tigt, dass es einen Gott gibt, bestreitet aber, dass dieser Gott f\u00fcr die Sch\u00f6pfung verantwortlich ist.<\/li>\n<li style=\"font-weight: 400\">Atheismus:\u00a0\u00a0Ohne Erkl\u00e4rung einer Wirkung und ohne Grund behauptet diese Gruppe, dass kein Gott existiert.<\/li>\n<li style=\"font-weight: 400\">Skeptizismus:\u00a0\u00a0Sie bezweifeln und glauben nicht an die Existenz Gottes, besonders einen Gott der Offenbarung.<\/li>\n<li style=\"font-weight: 400\">Agnostizismus:\u00a0\u00a0diese Schule streitet zwar Gott nicht ab, leugnet jedoch, dass man Gewissheit dar\u00fcber haben kann.<\/li>\n<li style=\"font-weight: 400\">Pantheismus:\u00a0\u00a0Alles ist Gott und Gott ist alles.<\/li>\n<li style=\"font-weight: 400\">Tritheismus: Lehrt die Existenz von 3 unterschiedlichen G\u00f6ttern.<\/li>\n<li style=\"font-weight: 400\">Dualismus:\u00a0\u00a0Der Glaube an 2 G\u00f6tter \u2013 ein Gott der gut ist und ein Gott, der \u00fcbel ist. Beide sind jedoch gleichwertig.<\/li>\n<li style=\"font-weight: 400\">Monotheismus:\u00a0\u00a0ist die Lehre von einem Gott.\u00a0\u00a0Christen glauben an diesen Gott und sogar der Teufel (Jakobus 2,19).<\/li>\n<\/ol>\n<p>B. Die Bibel braucht die Existenz Gottes nicht zu beweisen.\u00a0\u00a0Diese Tatsache best\u00e4tigt sich \u00fcberall in der Bibel.\u00a0\u00a0Bevor etwas beginnen konnte, war er, \u201eder am Anfang war Gott.\u201c\u00a0 Der erste Vers der Bibel beginnt mit der Anerkennung\u00a0\u00a0seiner Pre-Existenz. \u201eAm Anfang schuf Gott die Himmel und die Erde.\u201c\u00a0 Gottes Existenz wird als Behauptung einer Tatsache\u00a0\u00a0pr\u00e4sentiert, die keine Beweise braucht. Jemand, der sagt, dass Gott nicht existiere, wird in Psalm 14, 1 als Narr bezeichnet. Diesen Vers m\u00fcssen wir gleichzeitig mit Johannes 1,1-5 in Verbindung bringen, denn hier wird auf die ewige Existenz Jesu Christi ganz klar hingewiesen und macht gleichzeitig seine \u201eewige Sohnschaft\u201c g\u00fcltig. An der Sch\u00f6pfung war auch der Heilige Geist beteiligt.\u00a0 \u201e..und der Geist Gottes schwebte \u00fcber den Wassern\u201c\u00a0 (1. Mose 1:2). Der Dreieinige Gott erschuf die Himmel und die Erde.<\/p>\n<p>C. Wie dem auch sei, auch au\u00dferhalb der Bibel zeigen uns bestimmte Beweise die Existenz Gottes auf.<\/p>\n<ol>\n<li style=\"font-weight: 400\">Die Menschheit glaubte schon immer an ein weltumfassendes Wesen.<\/li>\n<li style=\"font-weight: 400\">Die Sch\u00f6pfung braucht einen Sch\u00f6pfer. Das Universum konnte unm\u00f6glich ohne Ursache entstehen.<\/li>\n<li style=\"font-weight: 400\">Die wunderbare Gestaltung, die wir in der Sch\u00f6pfung finden, best\u00e4tigt einen unendlichen Gestalter.<\/li>\n<li style=\"font-weight: 400\">Weil das Gute und das B\u00f6se in der Welt existieren, m\u00fcssen wir annehmen, dass es ein Sittengesetz gibt, das das Gute vom B\u00f6sen unterscheidet.\u00a0\u00a0Und weil es ein Sittengesetz gibt, muss es auch einen Gesetzgeber geben.<\/li>\n<li style=\"font-weight: 400\">Weil der Mensch ein sittliches, intelligentes Wesen ist, muss sein Sch\u00f6pfer von einer h\u00f6heren Ordnung sein, um ihn erschaffen zu haben.<\/li>\n<\/ol>\n<p><strong>II. GOTTES NATUR<\/strong><\/p>\n<p>A. Gott ist Geist (Johannes, 4, 24). Das bedeutet, dass Gott k\u00f6rperlos und unsichtbar ist.\u00a0\u00a0Trotzdem kann er sich dem Menschen in sehbarer Form offenbaren.\u00a0\u00a0In der Person Jesus Christus zeigte sich Gott der Welt in einem fleischlichen K\u00f6rper.<\/p>\n<p>B. Gott ist Licht. \u201e\u2026Gott ist Licht, und in ihm ist keine Finsternis\u201c (1. Johannes. 1,5).<\/p>\n<p>C. Gott ist Liebe.\u00a0 \u201e\u2026Wer nicht liebt, der hat Gott\u00a0\u00a0nicht erkannt; denn Gott ist Liebe\u201c (1.Johannes. 4,8).<\/p>\n<p>D. Gott ist ein verzehrendes Feuer.\u00a0 \u201e\u2026Denn unser Gott ist ein verzehrendes Feuer\u201c (Hebr\u00e4er 12,29).<\/p>\n<p>E. Gott hasst.\u00a0 \u201e\u2026\u00a0Diese sechs Dinge hasst der Herr, diese sieben sind ihm ein Gr\u00e4uel\u201c (Spr\u00fcche 6, 16).<\/p>\n<p>F. Gott h\u00f6rt.\u00a0 \u201e\u2026Die Augen des Herrn sehen uns und seine Ohren sind offen f\u00fcr unsere Gebete.\u201c<\/p>\n<p>G.\u00a0Gott ist eine Person.\u00a0Pers\u00f6nliche Namen, die auf ihn hinweisen, werden benutzt (2. Moses 3, 14 \/Matth\u00e4us 11, 25). Er hat einen Charakter:\u00a0Eigenschaften sind ihm zugeschrieben, wie (1) Weisheit (Jesaja 55, 9-10),\u00a0(2) Gef\u00fchle (1. Mose 6,6) und (3) Willen (Josua 3,10).<\/p>\n<p style=\"font-weight: 400\">H. Gott ist Einheit.\u00a0\u00a0Das Wort Gottes lehrt ganz klar und deutlich die Existenz Gottes\u00a0 (1. Timotheus 2, 5).\u00a0 Die falsche Lehre, dass es mehrere G\u00f6tter gibt, verst\u00f6\u00dft gegen alle Regeln der Vernunft.\u00a0\u00a0Es kann nur ein h\u00f6chstes Wesen geben.<\/p>\n<p style=\"font-weight: 400\">I. Gott ist Dreiheit.\u00a0\u00a0Die Bibel lehrt nicht nur, dass es nur einen Gott gibt, sondern auch, dass die Gottheit aus 3 Personen besteht, -Vater, Sohn und Heiliger Geist.\u00a0\u00a0F\u00fcr den menschlichen Verstand ist das unerkl\u00e4rlich. Aber auch, wenn es unverst\u00e4ndlich und unerkl\u00e4rlich ist, ist es glaubhaft, denn das Wort Gottes best\u00e4tigt\u00a0\u00a0das. Das Wort Dreiheit, oder Dreieinigkeit ist in der Bibel unauffindbar, aber die Wahrheit dar\u00fcber findet man in den folgenden Passagen:\u00a0\u00a0(1)\u00a0\u00a0Jesu Taufe (Matth\u00e4us 3,16-17);\u00a0 (2) Die Aussendung der Apostel (Matth\u00e4us 28,19); (3) Die Segnung (2. Korinther 13,14). Im R\u00f6merbrief 1,7 wird Gott &#8211; Vater &#8211; genannt. Im Hebr\u00e4erbrief wird\u00a0\u00a0der Sohn &#8211; Gott &#8211; genannt. Auch der Heilige Geist wird in der Apostelgeschichte 5, 3-4 als Gott bezeichnet.<\/p>\n<p style=\"font-weight: 400\"><strong>III. GOTTES ATTRIBUTE<br \/>\n<\/strong><\/p>\n<p style=\"font-weight: 400\">Es ist schwierig Gott zu definieren. Einer der besten Wege ist die Beschreibung bestimmter Qualit\u00e4ten und Eigenschaften (Attribute) Gottes.\u00a0 Bei dem Versuch, eine unbekannte Person zu beschreiben, weisen wir oft\u00a0\u00a0auf das Haar, die Augenfarbe, die Gr\u00f6\u00dfe und andere Charakteristiken hin. So gibt uns auch die Bibel Aufschluss \u00fcber Gott.\u00a0\u00a0Hier sind nun einige Eigenschaften Gottes.<\/p>\n<p style=\"font-weight: 400\">A. Gott ist allgegenw\u00e4rtig.\u00a0\u00a0Das bedeutet, dass Gott \u00fcberall zur gleichen Zeit ist (Jeremia 23,24).<\/p>\n<p style=\"font-weight: 400\">B. Gott\u00a0\u00a0ist allwissend; in andern Worten: er wei\u00df alle Dinge. Er kennt jeden menschlichen Gedanken und jede menschliche Tat\u00a0(Spr\u00fcche 15,3). Er kennt jeden Vorgang und jeden Ort in der Natur, sogar der Tod eines Spatzen entgeht ihm nicht (Matth\u00e4us 10,29).\u00a0Und obwohl das Weltall grenzenlos und pr\u00e4chtig ist, kennt Gott die ewige Geschichte eines jeden Sandkorns.<\/p>\n<p style=\"font-weight: 400\">C. Gott ist allm\u00e4chtig.\u00a0\u00a0Alle Macht ist in ihm und von ihm.\u00a0\u00a0Er schuf den Kosmos und kontrolliert ihn mit seiner Macht.\u00a0\u00a0Es gibt nichts, dass Gott nicht tun kann (Matth\u00e4us 19,26).<\/p>\n<p style=\"font-weight: 400\">D. Gott ist ewig.\u00a0\u00a0F\u00fcr ihn existiert weder Anfang noch Ende. Als Moses ihn fragte \u201eWas\u00a0\u00a0ist sein Name? Was soll ich sagen?\u201c\u00a0 Gott antwortete: \u201eIch bin, der ich bin!\u201c Er ist der ewige \u201eIch bin\u201c (2. Mose 3,13-14).<\/p>\n<p style=\"font-weight: 400\">E. Gott ist unver\u00e4nderlich. \u201eDenn ich, der Herr, ver\u00e4ndere\u00a0\u00a0mich nicht\u201c (Maleachi\u00a0\u00a03;6).<\/p>\n<p style=\"font-weight: 400\">F. Gott ist heilig. Er ist absolut heilig und frei von S\u00fcnde. Er liebt Gerechtigkeit und hasst die S\u00fcnde ( Spr\u00fcche 15, 9-26).\u00a0 Er muss sich von S\u00fcndern absondern und die S\u00fcnde bestrafen (Jesaja 59,1-2).<\/p>\n<p style=\"font-weight: 400\">G. Gott ist gerecht.\u00a0\u00a0Alles was er tut ist gerecht und richtig.\u00a0\u00a0Er erf\u00fcllt alle seine Verhei\u00dfungen ( Psalm 119,137).<\/p>\n<p style=\"font-weight: 400\">H. Gott ist Liebe.\u00a0\u00a0Obwohl\u00a0\u00a0Gott die S\u00fcnde hasst, liebt er die S\u00fcnder ( Johannes 3,16).<\/p>\n<p style=\"font-weight: 400\"><strong>Anmerkung:\u00a0<\/strong>\u00a0Wenn wir im Gebet mit Gott sprechen, benutzen wir Worte die Ehrfurcht und Respekt f\u00fcr Gott ausdr\u00fccken.\u00a0\u00a0Es w\u00e4re nicht richtig, mit Gott wie mit unseresgleichen zu sprechen.\u00a0\u00a0Lasst uns niemals vergessen, dass, wenn wir beten wir jedes Mal in die Gegenwart des K\u00f6nigs der K\u00f6nige treten.<\/p>\n<!-- AddThis Advanced Settings generic via filter on the_content --><!-- AddThis Share Buttons generic via filter on the_content -->","protected":false},"excerpt":{"rendered":"<p>GOTT Nichts kann den menschlichen Verstand\u00a0\u00a0mehr besch\u00e4ftigen als das Studium Gottes und das Verhalten des Menschen zu ihm. I.\u00a0DIE EXISTENZ GOTTES\u00a0\u00a0 A. Viele Systeme mit falschen Lehren leugnen die Existenz Gottes. Deismus:\u00a0\u00a0dieses System best\u00e4tigt, dass es einen Gott gibt, bestreitet aber, dass dieser Gott f\u00fcr die Sch\u00f6pfung verantwortlich ist. Atheismus:\u00a0\u00a0Ohne Erkl\u00e4rung einer Wirkung und ohne [&hellip;]<!-- AddThis Advanced Settings generic via filter on get_the_excerpt --><!-- AddThis Share Buttons generic via filter on get_the_excerpt --><\/p>\n","protected":false},"author":27,"featured_media":0,"parent":5034,"menu_order":0,"comment_status":"closed","ping_status":"closed","template":"","meta":{"footnotes":""},"categories":[],"tags":[],"class_list":["post-7578","page","type-page","status-publish","hentry"],"yoast_head":"<!-- This site is optimized with the Yoast SEO Premium plugin v24.8 (Yoast SEO v24.8.1) - https:\/\/yoast.com\/wordpress\/plugins\/seo\/ -->\n<title>Was die Bibel lehrt - GOTT - BBN<\/title>\n<meta name=\"robots\" content=\"index, follow, max-snippet:-1, max-image-preview:large, max-video-preview:-1\" \/>\n<link rel=\"canonical\" href=\"https:\/\/bbn1.bbnradio.org\/german\/ressourcen\/was-die-bibel-lehrt\/was-die-bibel-lehrt-gott\/\" \/>\n<meta property=\"og:locale\" content=\"de_DE\" \/>\n<meta property=\"og:type\" content=\"article\" \/>\n<meta property=\"og:title\" content=\"Was die Bibel lehrt - GOTT\" \/>\n<meta property=\"og:description\" content=\"GOTT Nichts kann den menschlichen Verstand\u00a0\u00a0mehr besch\u00e4ftigen als das Studium Gottes und das Verhalten des Menschen zu ihm. I.\u00a0DIE EXISTENZ GOTTES\u00a0\u00a0 A. Viele Systeme mit falschen Lehren leugnen die Existenz Gottes. Deismus:\u00a0\u00a0dieses System best\u00e4tigt, dass es einen Gott gibt, bestreitet aber, dass dieser Gott f\u00fcr die Sch\u00f6pfung verantwortlich ist. Atheismus:\u00a0\u00a0Ohne Erkl\u00e4rung einer Wirkung und ohne [&hellip;]\" \/>\n<meta property=\"og:url\" content=\"https:\/\/bbn1.bbnradio.org\/german\/ressourcen\/was-die-bibel-lehrt\/was-die-bibel-lehrt-gott\/\" \/>\n<meta property=\"og:site_name\" content=\"BBN\" \/>\n<meta property=\"article:publisher\" content=\"https:\/\/www.facebook.com\/BBNGerman\/\" \/>\n<meta property=\"article:modified_time\" content=\"2019-02-08T16:38:30+00:00\" \/>\n<meta name=\"twitter:card\" content=\"summary_large_image\" \/>\n<meta name=\"twitter:site\" content=\"@BBNDeutsch\" \/>\n<meta name=\"twitter:label1\" content=\"Gesch\u00e4tzte Lesezeit\" \/>\n\t<meta name=\"twitter:data1\" content=\"5\u00a0Minuten\" \/>\n<script type=\"application\/ld+json\" class=\"yoast-schema-graph\">{\"@context\":\"https:\/\/schema.org\",\"@graph\":[{\"@type\":\"WebPage\",\"@id\":\"https:\/\/bbn1.bbnradio.org\/german\/ressourcen\/was-die-bibel-lehrt\/was-die-bibel-lehrt-gott\/\",\"url\":\"https:\/\/bbn1.bbnradio.org\/german\/ressourcen\/was-die-bibel-lehrt\/was-die-bibel-lehrt-gott\/\",\"name\":\"Was die Bibel lehrt - GOTT - BBN\",\"isPartOf\":{\"@id\":\"https:\/\/bbn1.bbnradio.org\/german\/#website\"},\"datePublished\":\"2016-04-04T19:50:33+00:00\",\"dateModified\":\"2019-02-08T16:38:30+00:00\",\"breadcrumb\":{\"@id\":\"https:\/\/bbn1.bbnradio.org\/german\/ressourcen\/was-die-bibel-lehrt\/was-die-bibel-lehrt-gott\/#breadcrumb\"},\"inLanguage\":\"de\",\"potentialAction\":[{\"@type\":\"ReadAction\",\"target\":[\"https:\/\/bbn1.bbnradio.org\/german\/ressourcen\/was-die-bibel-lehrt\/was-die-bibel-lehrt-gott\/\"]}]},{\"@type\":\"BreadcrumbList\",\"@id\":\"https:\/\/bbn1.bbnradio.org\/german\/ressourcen\/was-die-bibel-lehrt\/was-die-bibel-lehrt-gott\/#breadcrumb\",\"itemListElement\":[{\"@type\":\"ListItem\",\"position\":1,\"name\":\"Home\",\"item\":\"https:\/\/bbn1.bbnradio.org\/german\/home\/\"},{\"@type\":\"ListItem\",\"position\":2,\"name\":\"Ressourcen\",\"item\":\"https:\/\/bbn1.bbnradio.org\/german\/ressourcen\/\"},{\"@type\":\"ListItem\",\"position\":3,\"name\":\"Was die Bibel lehrt\",\"item\":\"https:\/\/bbn1.bbnradio.org\/german\/ressourcen\/was-die-bibel-lehrt\/\"},{\"@type\":\"ListItem\",\"position\":4,\"name\":\"Was die Bibel lehrt &#8211; GOTT\"}]},{\"@type\":\"WebSite\",\"@id\":\"https:\/\/bbn1.bbnradio.org\/german\/#website\",\"url\":\"https:\/\/bbn1.bbnradio.org\/german\/\",\"name\":\"BBN\",\"description\":\"BBN\",\"potentialAction\":[{\"@type\":\"SearchAction\",\"target\":{\"@type\":\"EntryPoint\",\"urlTemplate\":\"https:\/\/bbn1.bbnradio.org\/german\/?s={search_term_string}\"},\"query-input\":{\"@type\":\"PropertyValueSpecification\",\"valueRequired\":true,\"valueName\":\"search_term_string\"}}],\"inLanguage\":\"de\"}]}<\/script>\n<!-- \/ Yoast SEO Premium plugin. -->","yoast_head_json":{"title":"Was die Bibel lehrt - GOTT - BBN","robots":{"index":"index","follow":"follow","max-snippet":"max-snippet:-1","max-image-preview":"max-image-preview:large","max-video-preview":"max-video-preview:-1"},"canonical":"https:\/\/bbn1.bbnradio.org\/german\/ressourcen\/was-die-bibel-lehrt\/was-die-bibel-lehrt-gott\/","og_locale":"de_DE","og_type":"article","og_title":"Was die Bibel lehrt - GOTT","og_description":"GOTT Nichts kann den menschlichen Verstand\u00a0\u00a0mehr besch\u00e4ftigen als das Studium Gottes und das Verhalten des Menschen zu ihm. I.\u00a0DIE EXISTENZ GOTTES\u00a0\u00a0 A. Viele Systeme mit falschen Lehren leugnen die Existenz Gottes. Deismus:\u00a0\u00a0dieses System best\u00e4tigt, dass es einen Gott gibt, bestreitet aber, dass dieser Gott f\u00fcr die Sch\u00f6pfung verantwortlich ist. Atheismus:\u00a0\u00a0Ohne Erkl\u00e4rung einer Wirkung und ohne [&hellip;]","og_url":"https:\/\/bbn1.bbnradio.org\/german\/ressourcen\/was-die-bibel-lehrt\/was-die-bibel-lehrt-gott\/","og_site_name":"BBN","article_publisher":"https:\/\/www.facebook.com\/BBNGerman\/","article_modified_time":"2019-02-08T16:38:30+00:00","twitter_card":"summary_large_image","twitter_site":"@BBNDeutsch","twitter_misc":{"Gesch\u00e4tzte Lesezeit":"5\u00a0Minuten"},"schema":{"@context":"https:\/\/schema.org","@graph":[{"@type":"WebPage","@id":"https:\/\/bbn1.bbnradio.org\/german\/ressourcen\/was-die-bibel-lehrt\/was-die-bibel-lehrt-gott\/","url":"https:\/\/bbn1.bbnradio.org\/german\/ressourcen\/was-die-bibel-lehrt\/was-die-bibel-lehrt-gott\/","name":"Was die Bibel lehrt - GOTT - BBN","isPartOf":{"@id":"https:\/\/bbn1.bbnradio.org\/german\/#website"},"datePublished":"2016-04-04T19:50:33+00:00","dateModified":"2019-02-08T16:38:30+00:00","breadcrumb":{"@id":"https:\/\/bbn1.bbnradio.org\/german\/ressourcen\/was-die-bibel-lehrt\/was-die-bibel-lehrt-gott\/#breadcrumb"},"inLanguage":"de","potentialAction":[{"@type":"ReadAction","target":["https:\/\/bbn1.bbnradio.org\/german\/ressourcen\/was-die-bibel-lehrt\/was-die-bibel-lehrt-gott\/"]}]},{"@type":"BreadcrumbList","@id":"https:\/\/bbn1.bbnradio.org\/german\/ressourcen\/was-die-bibel-lehrt\/was-die-bibel-lehrt-gott\/#breadcrumb","itemListElement":[{"@type":"ListItem","position":1,"name":"Home","item":"https:\/\/bbn1.bbnradio.org\/german\/home\/"},{"@type":"ListItem","position":2,"name":"Ressourcen","item":"https:\/\/bbn1.bbnradio.org\/german\/ressourcen\/"},{"@type":"ListItem","position":3,"name":"Was die Bibel lehrt","item":"https:\/\/bbn1.bbnradio.org\/german\/ressourcen\/was-die-bibel-lehrt\/"},{"@type":"ListItem","position":4,"name":"Was die Bibel lehrt &#8211; GOTT"}]},{"@type":"WebSite","@id":"https:\/\/bbn1.bbnradio.org\/german\/#website","url":"https:\/\/bbn1.bbnradio.org\/german\/","name":"BBN","description":"BBN","potentialAction":[{"@type":"SearchAction","target":{"@type":"EntryPoint","urlTemplate":"https:\/\/bbn1.bbnradio.org\/german\/?s={search_term_string}"},"query-input":{"@type":"PropertyValueSpecification","valueRequired":true,"valueName":"search_term_string"}}],"inLanguage":"de"}]}},"jetpack_sharing_enabled":true,"jetpack_shortlink":"https:\/\/wp.me\/PgZlJB-1Ye","_links":{"self":[{"href":"https:\/\/bbn1.bbnradio.org\/german\/wp-json\/wp\/v2\/pages\/7578","targetHints":{"allow":["GET"]}}],"collection":[{"href":"https:\/\/bbn1.bbnradio.org\/german\/wp-json\/wp\/v2\/pages"}],"about":[{"href":"https:\/\/bbn1.bbnradio.org\/german\/wp-json\/wp\/v2\/types\/page"}],"author":[{"embeddable":true,"href":"https:\/\/bbn1.bbnradio.org\/german\/wp-json\/wp\/v2\/users\/27"}],"replies":[{"embeddable":true,"href":"https:\/\/bbn1.bbnradio.org\/german\/wp-json\/wp\/v2\/comments?post=7578"}],"version-history":[{"count":3,"href":"https:\/\/bbn1.bbnradio.org\/german\/wp-json\/wp\/v2\/pages\/7578\/revisions"}],"predecessor-version":[{"id":13623,"href":"https:\/\/bbn1.bbnradio.org\/german\/wp-json\/wp\/v2\/pages\/7578\/revisions\/13623"}],"up":[{"embeddable":true,"href":"https:\/\/bbn1.bbnradio.org\/german\/wp-json\/wp\/v2\/pages\/5034"}],"wp:attachment":[{"href":"https:\/\/bbn1.bbnradio.org\/german\/wp-json\/wp\/v2\/media?parent=7578"}],"wp:term":[{"taxonomy":"category","embeddable":true,"href":"https:\/\/bbn1.bbnradio.org\/german\/wp-json\/wp\/v2\/categories?post=7578"},{"taxonomy":"post_tag","embeddable":true,"href":"https:\/\/bbn1.bbnradio.org\/german\/wp-json\/wp\/v2\/tags?post=7578"}],"curies":[{"name":"wp","href":"https:\/\/api.w.org\/{rel}","templated":true}]}}