{"id":7584,"date":"2016-04-04T15:53:08","date_gmt":"2016-04-04T19:53:08","guid":{"rendered":"https:\/\/bbn1.bbnradio.org\/english\/?page_id=7584"},"modified":"2019-02-08T11:24:25","modified_gmt":"2019-02-08T16:24:25","slug":"was-die-bibel-lehrt-der-mensch","status":"publish","type":"page","link":"https:\/\/bbn1.bbnradio.org\/german\/ressourcen\/was-die-bibel-lehrt\/was-die-bibel-lehrt-der-mensch\/","title":{"rendered":"Was die Bibel lehrt &#8211; DER MENSCH"},"content":{"rendered":"<p><strong>DER MENSCH<\/strong><\/p>\n<p>Wenn wir die Wahrheit \u00fcber den Menschen erfahren wollen, dann m\u00fcssen wir nur die Bibel aufschlagen: \u201eWahrheit ist das, was Gott \u00fcber irgend etwas sagt.\u201c Die Bibel berichtet uns von der Sch\u00f6pfung des Menschen, seiner Natur und seiner Beziehung zu anderen Gesch\u00f6pfen. Der Mensch ist der zentrale Punkt der Sch\u00f6pfung. Die ganze Erde ist ihm untertan (1. Mose 1,26).<br \/>\nDoch um den Menschen wirklich zu verstehen, m\u00fcssen wir von Gottes Sicht ausgehen, nicht von der Vorstellung, die der Mensch von sich selbst hat.<\/p>\n<p><strong>I. DER URSPRUNG DES MENSCHEN<\/strong><\/p>\n<p>Es ist nur allzu nat\u00fcrlich, dass der Mensch im Hinblick auf seinen Ursprung neugierig ist, und das seit eh und je. Es gibt diverse Theorien, die sich Philosophen zu verschiedenen Zeiten ausgedacht haben. Die modernste ist die Evolutionstheorie, nach der der Mensch von niederen Tieren abstammen soll. Nichts deutet jedoch darauf hin, dass der Urmensch in irgendeiner Weise anders war als der moderne Mensch. Die Tatsache, dass das menschliche Blut auf der ganzen Welt einheitlich ist, beweist, dass es sich hier nicht um einen Entwicklungsprozess handeln kann (Apostelgeschichte 17,26). Tierblut ist nicht zur \u00dcbertragung auf Menschen geeignet. Unser Blut kann nicht mit dem Blut von Tieren vermischt werden. Von den Fischen \u00fcber die V\u00f6gel und sonstige Lebewesen bis zum Menschen hat Gott alles nach seiner Art geschaffen (1. Mose 1,24-25).<\/p>\n<p>Der Mensch ist insofern grundlegend anders, als dass er nach dem Bilde Gottes geschaffen wurde. \u201eUnd Gott sprach: Lasst uns Menschen machen zu unserem Bild, das uns gleich sei\u201c (1. Mose 1,26.27).<\/p>\n<p>Gott hat den ersten Menschen aus Erde vom Acker geschaffen (1. Mose 2,7).<br \/>\nDoch der Lauf der Geschichte zeigt, dass Gott Menschen auch auf andere Art und Weise erschafft:<br \/>\n<strong>(A )<\/strong> Durch zweigeschlechtliche Fortpflanzung (Mann und Frau).<br \/>\n<strong>(B)<\/strong> Ohne Zuhilfenahme einer Frau \u2013 wie bei Eva.<br \/>\n<strong>(C)<\/strong> Ohne einen Mann und eine Frau \u2013 wie bei Adam.<br \/>\n<strong>(D)<\/strong> Ohne Mann durch eine Frau \u2013 wie bei Christus. Hier haben wir einen weiteren Hinweis auf Gottes Sch\u00f6pferkraft.<\/p>\n<p>Gott spricht von seinen Menschen: \u201e&#8230; die ich zu meiner Ehre geschaffen und zubereitet und gemacht habe\u201c (Jesaja 43,7). So bleibt die Frage: \u201eWas ist die eigentliche Bestimmung des Menschen?\u201c Die Antwort ist schlicht und einfach: \u201eDie Bestimmung des Menschen ist es, Gott zu verherrlichen.\u201c<\/p>\n<p><strong>II. DIE NATUR DES MENSCHEN<\/strong><\/p>\n<p>Jeder, der an einem Sterbebett gestanden hat, kommt nicht an der Erkenntnis vorbei, dass der Mensch einen stofflichen Leib hat und ebenso eine Seele und einen Geist. Im Augenblick ist der Mensch noch am Leben &#8230; und in der n\u00e4chsten Sekunde ist er schon nicht mehr da. Doch sein Leib ist noch da. Aber das eigentliche Leben hat den Leib verlassen, der jetzt als sterbliche H\u00fclle zur\u00fcckbleibt.<\/p>\n<p>Die Bibel lehrt uns, dass der Mensch ein dreifaches Wesen ist: Leib, Seele und Geist (1. Thessalonicher 5,23). Obwohl es f\u00fcr uns Menschen nicht leicht ist, zwischen Seele und Geist zu unterscheiden, zumal beide im Gegensatz zum physischen Leib stehen, zeigt uns die Bibel, dass es Unterscheidungsmerkmale gibt. Eine Pflanze ist ein K\u00f6rper ohne Seele und Geist. Ein Tier hat einen K\u00f6rper und eine Seele, aber keinen Geist. Der Mensch ist K\u00f6rper, Seele und Geist. Die Seele unterscheidet ein lebendiges Wesen von einem toten, aber der Geist unterscheidet den Menschen vom Tier. Der Geist erm\u00f6glicht dem Menschen Zwiesprache und Gemeinschaft mit Gott.<\/p>\n<p>Der Mensch ist das einzige Lebewesen, das betet. Das Gebet ist eine universelle Praxis. Vom heidnischsten Stamm bis zum aufgekl\u00e4rtesten Menschen \u2013 wir beten. Warum? Haben Sie jemals einen Affen gesehen, der Gott f\u00fcr seine Bananen dankt? Auch ist der Mensch das einzige Wesen mit einem Gewissen. Haben Sie je einen Affen gesehen, der sich schuldig f\u00fchlt, wenn er einem anderen Affen die Kokosnuss gestohlen oder Ehebruch begangen hat? Die Annalen der Geschichte sind voll mit Beispielen von Menschen, die sich der Erkenntnis stellen mussten, falsch gehandelt zu haben (R\u00f6mer 1,18-32). Tiere treffen Entscheidungen aufgrund ihres Instinkts. Nur der Mensch kann mittels seines Verstands Entscheidungen f\u00e4llen.<\/p>\n<p>Wenn der gefallene Mensch Christ wird, dann empf\u00e4ngt er den innewohnenden Heiligen Geist. Durch den Fall Satans haben wir die alte Natur erhalten, die dieser durch den Fall Adams in die menschliche Rasse eingebracht hat. Wenn wir Ihn durch den Glauben als unseren pers\u00f6nlichen Heiland annehmen, dann wird er buchst\u00e4blich, in der Person des Heiligen Geistes, in unserem Leben Wohnung nehmen. Da erhalten wir eine neue Natur, was soviel bedeutet wie \u201eChristus in euch, die Hoffnung der Herrlichkeit\u201c (Kolosser 1,27).<\/p>\n<p>Die Seele ist der Sitz der Gef\u00fchle und Leidenschaften. Der Terminus \u201eGeist\u201c schlie\u00dft unsere Wissens- und Vernunftbegabung mit ein. Der Mensch ist Gott gegen\u00fcber verantwortlich, und es ist seine gr\u00f6\u00dfte Aufgabe, herauszufinden, was Gott von ihm m\u00f6chte \u2013 und es dann auch zu tun.<br \/>\nDiese beiden Naturen, das Fleisch und der Geist, befinden sich in einem inneren Kampf, den wir als Christen ein ganzes Leben lang auszutragen haben. (Mehr dazu unter \u201eErl\u00f6sung\u201c.)<\/p>\n<p><strong>III. DER FREIE WILLE DES MENSCHEN<\/strong><\/p>\n<p>Es gibt auch noch andere von Gott erschaffene Wesenheiten. Das sind Engel oder Geister. Sie haben keine menschlichen K\u00f6rper oder eine menschliche Seele. Sie sind st\u00e4rker als wir. Sie wurden ebenfalls geschaffen, um Gott zu dienen, haben aber wie der Mensch einen freien Willen. Manche von ihnen fielen in die S\u00fcnde des Ungehorsams (Jesaja 14,12-15).<\/p>\n<p>Gott h\u00e4tte durchaus eine Art Maschinenwesen erschaffen k\u00f6nnen, die seinen Willen mechanisch ausf\u00fchren. Stattdessen entschied er sich f\u00fcr Wesen, die, wenn sie denn wollten, ihm freiwillig dienen und ihn aus freien St\u00fccken lieben konnten. Wir k\u00f6nnen letzten Endes nicht verstehen, warum er es so wollte, aber die Weltgeschichte lehrt es unmissverst\u00e4ndlich: Der Mensch trifft seine Wahl, und Gott handelt entsprechend &#8211; mit allen Konsequenzen.<\/p>\n<p><strong>IV. DIE S\u00dcNDE DES MENSCHEN\u00a0<\/strong><\/p>\n<p>Als Gott freie Wesen schuf, die f\u00e4hig waren, seinen Willen zu tun oder zu missachten, muss ihm bewusst gewesen sein, dass einige den falschen Weg w\u00e4hlen w\u00fcrden. Und so kam es denn auch. Ein gro\u00dfer Engel namens Luzifer, nunmehr als Satan bekannt, entschied sich, seinen Willen dem Willen Gottes entgegenzusetzen. Die erste S\u00fcnde wurde also nicht auf der Erde, sondern im Himmel begangen. So wurde Satan sofort des Himmels verwiesen. Viele andere Engel folgten Satan und wurden mit ihm hinausgeworfen. Seitdem sucht Satan in jeder nur m\u00f6glichen Weise die Pl\u00e4ne Gottes zu vereiteln. Als der Mensch mit einem freien Willen geschaffen wurde, nahm Satan sich sofort vor, ihn \u00fcber die Versuchung vom Pfad des Gehorsams abzubringen. Gott hatte den Menschen gewarnt, aber Satan verstand es nur zu gut, auch ihn in die S\u00fcnde hineinzuziehen. Die wohlbekannte Geschichte finden wir in 1. Mose 3.<\/p>\n<p>Nun kann Gott als heilige Majest\u00e4t in seiner Gegenwart kein Wesen dulden, das sich absichtlich seinen Geboten widersetzt. Das ist auch der Grund daf\u00fcr, dass Satan aus dem Himmel gest\u00fcrzt wurde, als er Gottes Willen Trotz bot. Die gleiche Konsequenz war auch im Hinblick auf den Menschen notwendig, und so wurde Adam aus dem Garten Eden, der physischen Gegenwart Gottes, gewiesen (1. Mose 3,23-24).<\/p>\n<p>Die S\u00fcnde war in das Menschengeschlecht gekommen, und Adams Natur wird seitdem an jeden Menschen weitergegeben. \u201eDeshalb, wie durch einen Menschen die S\u00fcnde in die Welt gekommen ist und der Tod durch die S\u00fcnde, so ist der Tod zu allen Menschen durchgedrungen, weil sie alle ges\u00fcndigt haben\u201c (R\u00f6mer 5,12). Wir sind alle mit der Tendenz zur S\u00fcnde geboren. Diese unsere Natur spricht auf Versuchung von au\u00dfen an, und so geben wir ihr nach und s\u00fcndigen in fataler Weise gegen den heiligen Gott.<\/p>\n<p><strong>V. DIE ZUKUNFT DES MENSCHEN<\/strong><\/p>\n<p>So wie die Bibel uns vom Ursprung des Menschen aus der Hand Gottes, von dem sch\u00e4ndlichen Fall des Menschen und von der zwangsl\u00e4ufigen Trennung von Gott berichtet, so sagt sie uns genauso unumwunden, dass jeder Mann, jede Frau und jedes Kind eines Tages vor Gott als Richter stehen wird.<br \/>\n\u201eSo wird nun jeder von uns f\u00fcr sich selbst Gott Rechenschaft geben\u201c (R\u00f6mer 14,12). Der Tod ist eine so landl\u00e4ufige Tatsache, dass jeder um ihn als das unausweichliche Ende aller Menschen wei\u00df. Aber die Bibel f\u00fcgt hier hinzu: \u201eEs ist den Menschen bestimmt, einmal zu sterben, danach aber das Gericht\u201c (Hebr\u00e4er 9,27). Gott hat den Menschen geschaffen und ihm durch sein Wort seinen Willen geoffenbart. Gott wird jeden Menschen f\u00fcr alles, was er getan hat, in die Verantwortung nehmen. Dieses Leben ist in erster Linie eine Vorbereitung f\u00fcr das k\u00fcnftige Leben. Der Mensch stirbt nicht so wie das Tier. Der Geist des Menschen geht zu Gott, seinem Sch\u00f6pfer und Richter.<\/p>\n<!-- AddThis Advanced Settings generic via filter on the_content --><!-- AddThis Share Buttons generic via filter on the_content -->","protected":false},"excerpt":{"rendered":"<p>DER MENSCH Wenn wir die Wahrheit \u00fcber den Menschen erfahren wollen, dann m\u00fcssen wir nur die Bibel aufschlagen: \u201eWahrheit ist das, was Gott \u00fcber irgend etwas sagt.\u201c Die Bibel berichtet uns von der Sch\u00f6pfung des Menschen, seiner Natur und seiner Beziehung zu anderen Gesch\u00f6pfen. Der Mensch ist der zentrale Punkt der Sch\u00f6pfung. Die ganze Erde [&hellip;]<!-- AddThis Advanced Settings generic via filter on get_the_excerpt --><!-- AddThis Share Buttons generic via filter on get_the_excerpt --><\/p>\n","protected":false},"author":27,"featured_media":0,"parent":5034,"menu_order":0,"comment_status":"closed","ping_status":"closed","template":"","meta":{"footnotes":""},"categories":[],"tags":[],"class_list":["post-7584","page","type-page","status-publish","hentry"],"yoast_head":"<!-- This site is optimized with the Yoast SEO Premium plugin v24.8 (Yoast SEO v24.8.1) - https:\/\/yoast.com\/wordpress\/plugins\/seo\/ -->\n<title>Was die Bibel lehrt - DER MENSCH - BBN<\/title>\n<meta name=\"robots\" content=\"index, follow, max-snippet:-1, max-image-preview:large, max-video-preview:-1\" \/>\n<link rel=\"canonical\" href=\"https:\/\/bbn1.bbnradio.org\/german\/ressourcen\/was-die-bibel-lehrt\/was-die-bibel-lehrt-der-mensch\/\" \/>\n<meta property=\"og:locale\" content=\"de_DE\" \/>\n<meta property=\"og:type\" content=\"article\" \/>\n<meta property=\"og:title\" content=\"Was die Bibel lehrt - DER MENSCH\" \/>\n<meta property=\"og:description\" content=\"DER MENSCH Wenn wir die Wahrheit \u00fcber den Menschen erfahren wollen, dann m\u00fcssen wir nur die Bibel aufschlagen: \u201eWahrheit ist das, was Gott \u00fcber irgend etwas sagt.\u201c Die Bibel berichtet uns von der Sch\u00f6pfung des Menschen, seiner Natur und seiner Beziehung zu anderen Gesch\u00f6pfen. Der Mensch ist der zentrale Punkt der Sch\u00f6pfung. Die ganze Erde [&hellip;]\" \/>\n<meta property=\"og:url\" content=\"https:\/\/bbn1.bbnradio.org\/german\/ressourcen\/was-die-bibel-lehrt\/was-die-bibel-lehrt-der-mensch\/\" \/>\n<meta property=\"og:site_name\" content=\"BBN\" \/>\n<meta property=\"article:publisher\" content=\"https:\/\/www.facebook.com\/BBNGerman\/\" \/>\n<meta property=\"article:modified_time\" content=\"2019-02-08T16:24:25+00:00\" \/>\n<meta name=\"twitter:card\" content=\"summary_large_image\" \/>\n<meta name=\"twitter:site\" content=\"@BBNDeutsch\" \/>\n<meta name=\"twitter:label1\" content=\"Gesch\u00e4tzte Lesezeit\" \/>\n\t<meta name=\"twitter:data1\" content=\"7\u00a0Minuten\" \/>\n<script type=\"application\/ld+json\" class=\"yoast-schema-graph\">{\"@context\":\"https:\/\/schema.org\",\"@graph\":[{\"@type\":\"WebPage\",\"@id\":\"https:\/\/bbn1.bbnradio.org\/german\/ressourcen\/was-die-bibel-lehrt\/was-die-bibel-lehrt-der-mensch\/\",\"url\":\"https:\/\/bbn1.bbnradio.org\/german\/ressourcen\/was-die-bibel-lehrt\/was-die-bibel-lehrt-der-mensch\/\",\"name\":\"Was die Bibel lehrt - DER MENSCH - BBN\",\"isPartOf\":{\"@id\":\"https:\/\/bbn1.bbnradio.org\/german\/#website\"},\"datePublished\":\"2016-04-04T19:53:08+00:00\",\"dateModified\":\"2019-02-08T16:24:25+00:00\",\"breadcrumb\":{\"@id\":\"https:\/\/bbn1.bbnradio.org\/german\/ressourcen\/was-die-bibel-lehrt\/was-die-bibel-lehrt-der-mensch\/#breadcrumb\"},\"inLanguage\":\"de\",\"potentialAction\":[{\"@type\":\"ReadAction\",\"target\":[\"https:\/\/bbn1.bbnradio.org\/german\/ressourcen\/was-die-bibel-lehrt\/was-die-bibel-lehrt-der-mensch\/\"]}]},{\"@type\":\"BreadcrumbList\",\"@id\":\"https:\/\/bbn1.bbnradio.org\/german\/ressourcen\/was-die-bibel-lehrt\/was-die-bibel-lehrt-der-mensch\/#breadcrumb\",\"itemListElement\":[{\"@type\":\"ListItem\",\"position\":1,\"name\":\"Home\",\"item\":\"https:\/\/bbn1.bbnradio.org\/german\/home\/\"},{\"@type\":\"ListItem\",\"position\":2,\"name\":\"Ressourcen\",\"item\":\"https:\/\/bbn1.bbnradio.org\/german\/ressourcen\/\"},{\"@type\":\"ListItem\",\"position\":3,\"name\":\"Was die Bibel lehrt\",\"item\":\"https:\/\/bbn1.bbnradio.org\/german\/ressourcen\/was-die-bibel-lehrt\/\"},{\"@type\":\"ListItem\",\"position\":4,\"name\":\"Was die Bibel lehrt &#8211; DER MENSCH\"}]},{\"@type\":\"WebSite\",\"@id\":\"https:\/\/bbn1.bbnradio.org\/german\/#website\",\"url\":\"https:\/\/bbn1.bbnradio.org\/german\/\",\"name\":\"BBN\",\"description\":\"BBN\",\"potentialAction\":[{\"@type\":\"SearchAction\",\"target\":{\"@type\":\"EntryPoint\",\"urlTemplate\":\"https:\/\/bbn1.bbnradio.org\/german\/?s={search_term_string}\"},\"query-input\":{\"@type\":\"PropertyValueSpecification\",\"valueRequired\":true,\"valueName\":\"search_term_string\"}}],\"inLanguage\":\"de\"}]}<\/script>\n<!-- \/ Yoast SEO Premium plugin. -->","yoast_head_json":{"title":"Was die Bibel lehrt - DER MENSCH - BBN","robots":{"index":"index","follow":"follow","max-snippet":"max-snippet:-1","max-image-preview":"max-image-preview:large","max-video-preview":"max-video-preview:-1"},"canonical":"https:\/\/bbn1.bbnradio.org\/german\/ressourcen\/was-die-bibel-lehrt\/was-die-bibel-lehrt-der-mensch\/","og_locale":"de_DE","og_type":"article","og_title":"Was die Bibel lehrt - DER MENSCH","og_description":"DER MENSCH Wenn wir die Wahrheit \u00fcber den Menschen erfahren wollen, dann m\u00fcssen wir nur die Bibel aufschlagen: \u201eWahrheit ist das, was Gott \u00fcber irgend etwas sagt.\u201c Die Bibel berichtet uns von der Sch\u00f6pfung des Menschen, seiner Natur und seiner Beziehung zu anderen Gesch\u00f6pfen. Der Mensch ist der zentrale Punkt der Sch\u00f6pfung. Die ganze Erde [&hellip;]","og_url":"https:\/\/bbn1.bbnradio.org\/german\/ressourcen\/was-die-bibel-lehrt\/was-die-bibel-lehrt-der-mensch\/","og_site_name":"BBN","article_publisher":"https:\/\/www.facebook.com\/BBNGerman\/","article_modified_time":"2019-02-08T16:24:25+00:00","twitter_card":"summary_large_image","twitter_site":"@BBNDeutsch","twitter_misc":{"Gesch\u00e4tzte Lesezeit":"7\u00a0Minuten"},"schema":{"@context":"https:\/\/schema.org","@graph":[{"@type":"WebPage","@id":"https:\/\/bbn1.bbnradio.org\/german\/ressourcen\/was-die-bibel-lehrt\/was-die-bibel-lehrt-der-mensch\/","url":"https:\/\/bbn1.bbnradio.org\/german\/ressourcen\/was-die-bibel-lehrt\/was-die-bibel-lehrt-der-mensch\/","name":"Was die Bibel lehrt - DER MENSCH - BBN","isPartOf":{"@id":"https:\/\/bbn1.bbnradio.org\/german\/#website"},"datePublished":"2016-04-04T19:53:08+00:00","dateModified":"2019-02-08T16:24:25+00:00","breadcrumb":{"@id":"https:\/\/bbn1.bbnradio.org\/german\/ressourcen\/was-die-bibel-lehrt\/was-die-bibel-lehrt-der-mensch\/#breadcrumb"},"inLanguage":"de","potentialAction":[{"@type":"ReadAction","target":["https:\/\/bbn1.bbnradio.org\/german\/ressourcen\/was-die-bibel-lehrt\/was-die-bibel-lehrt-der-mensch\/"]}]},{"@type":"BreadcrumbList","@id":"https:\/\/bbn1.bbnradio.org\/german\/ressourcen\/was-die-bibel-lehrt\/was-die-bibel-lehrt-der-mensch\/#breadcrumb","itemListElement":[{"@type":"ListItem","position":1,"name":"Home","item":"https:\/\/bbn1.bbnradio.org\/german\/home\/"},{"@type":"ListItem","position":2,"name":"Ressourcen","item":"https:\/\/bbn1.bbnradio.org\/german\/ressourcen\/"},{"@type":"ListItem","position":3,"name":"Was die Bibel lehrt","item":"https:\/\/bbn1.bbnradio.org\/german\/ressourcen\/was-die-bibel-lehrt\/"},{"@type":"ListItem","position":4,"name":"Was die Bibel lehrt &#8211; DER MENSCH"}]},{"@type":"WebSite","@id":"https:\/\/bbn1.bbnradio.org\/german\/#website","url":"https:\/\/bbn1.bbnradio.org\/german\/","name":"BBN","description":"BBN","potentialAction":[{"@type":"SearchAction","target":{"@type":"EntryPoint","urlTemplate":"https:\/\/bbn1.bbnradio.org\/german\/?s={search_term_string}"},"query-input":{"@type":"PropertyValueSpecification","valueRequired":true,"valueName":"search_term_string"}}],"inLanguage":"de"}]}},"jetpack_sharing_enabled":true,"jetpack_shortlink":"https:\/\/wp.me\/PgZlJB-1Yk","_links":{"self":[{"href":"https:\/\/bbn1.bbnradio.org\/german\/wp-json\/wp\/v2\/pages\/7584","targetHints":{"allow":["GET"]}}],"collection":[{"href":"https:\/\/bbn1.bbnradio.org\/german\/wp-json\/wp\/v2\/pages"}],"about":[{"href":"https:\/\/bbn1.bbnradio.org\/german\/wp-json\/wp\/v2\/types\/page"}],"author":[{"embeddable":true,"href":"https:\/\/bbn1.bbnradio.org\/german\/wp-json\/wp\/v2\/users\/27"}],"replies":[{"embeddable":true,"href":"https:\/\/bbn1.bbnradio.org\/german\/wp-json\/wp\/v2\/comments?post=7584"}],"version-history":[{"count":2,"href":"https:\/\/bbn1.bbnradio.org\/german\/wp-json\/wp\/v2\/pages\/7584\/revisions"}],"predecessor-version":[{"id":13610,"href":"https:\/\/bbn1.bbnradio.org\/german\/wp-json\/wp\/v2\/pages\/7584\/revisions\/13610"}],"up":[{"embeddable":true,"href":"https:\/\/bbn1.bbnradio.org\/german\/wp-json\/wp\/v2\/pages\/5034"}],"wp:attachment":[{"href":"https:\/\/bbn1.bbnradio.org\/german\/wp-json\/wp\/v2\/media?parent=7584"}],"wp:term":[{"taxonomy":"category","embeddable":true,"href":"https:\/\/bbn1.bbnradio.org\/german\/wp-json\/wp\/v2\/categories?post=7584"},{"taxonomy":"post_tag","embeddable":true,"href":"https:\/\/bbn1.bbnradio.org\/german\/wp-json\/wp\/v2\/tags?post=7584"}],"curies":[{"name":"wp","href":"https:\/\/api.w.org\/{rel}","templated":true}]}}