{"id":7592,"date":"2016-04-04T15:58:21","date_gmt":"2016-04-04T19:58:21","guid":{"rendered":"https:\/\/bbn1.bbnradio.org\/english\/?page_id=7592"},"modified":"2019-02-08T11:17:44","modified_gmt":"2019-02-08T16:17:44","slug":"was-die-bibel-lehrt-busse-und-umkehr","status":"publish","type":"page","link":"https:\/\/bbn1.bbnradio.org\/german\/ressourcen\/was-die-bibel-lehrt\/was-die-bibel-lehrt-busse-und-umkehr\/","title":{"rendered":"Was die Bibel lehrt &#8211; BUSSE UND UMKEHR"},"content":{"rendered":"<p><strong>BUSSE UND UMKEHR<\/strong><\/p>\n<p><strong>A.<\/strong> Bu\u00dfe bedeutet nicht \u201eBesserung\u201c.<\/p>\n<p>Sie ist ein innerer Vorgang, der die Umkehr des Sinnes, des Herzens und der gesamten Lebensrichtung eines Menschen umfasst. Viele Menschen verstehen darunter eine Abkehr von ihren S\u00fcnden, aber nur in dem Sinne, sich zu bessern. Bu\u00dfe hei\u00dft nicht, etwas zu tun. Man kann sich von seinen S\u00fcnden abwenden, ohne deshalb ein Christ zu sein.<\/p>\n<p><strong>B.<\/strong> Bu\u00dfe ist nicht mit Bu\u00dfleistung zu verwechseln.<\/p>\n<p>Mit einer Bu\u00dfleistung will der Mensch, dem die S\u00fcnde leid tut, f\u00fcr diese bezahlen. Dies dr\u00fcckt sich in verschiedenen Religionen auf vielerlei Weise aus. Menschen bringen Opfer dar, kasteien sich, zahlen Geld an religi\u00f6se Instanzen, um f\u00fcr sich beten zu lassen, beten selbst ellenlange Gebete, wiederholen Gebete mit Gebetsperlen (Rosenkranz), gehen zur Beichte und unterziehen sich religi\u00f6sen Ritualen &#8211; alles in der Hoffnung, ihrer S\u00fcnden ledig zu werden.<\/p>\n<p><strong>C.<\/strong> Bu\u00dfe ist nicht Reum\u00fctigkeit.<\/p>\n<p>Damit meinen wir, dass die Bu\u00dfe kein Bedauern \u00fcber unsere S\u00fcnden ist, auf das die Vergebung folgt. Viele Menschen im Gef\u00e4ngnis bereuen, was sie getan haben, aber das macht ihre Tat nicht ungeschehen. Wohl schlie\u00dft wirkliche Bu\u00dfe die Reue mit ein, aber das ist noch keine Umkehr, obgleich sie zur Umkehr f\u00fchren kann. \u201eDenn die g\u00f6ttliche Traurigkeit wirkt zur Seligkeit eine Reue, die niemand bereut; die Traurigkeit der Welt aber wirkt den Tod\u201c (2. Korinther 7,10).<\/p>\n<p><strong>D.<\/strong> Bu\u00dfe ist ein Sinneswandel, keine blo\u00dfe Meinungs\u00e4nderung.<\/p>\n<p>Wirkliche Bu\u00dfe ist eine Sinnes\u00e4nderung, die zu einer Verhaltens\u00e4nderung f\u00fchrt. Dabei sollten wir dessen eingedenk sein, dass eine Verhaltens\u00e4nderung auch ohne Sinnes\u00e4nderung m\u00f6glich ist. Matth\u00e4us 21,28-30 ist ein gutes Beispiel hierf\u00fcr. Ehe jemand gerettet werden kann, muss es bei ihm zu einem Umdenken \u00fcber viele Dinge, zum Beispiel die S\u00fcnde, das eigene Ich, Gott und Jesus Christus, kommen. Mit der Umkehr beziehen wir Stellung gegen unser \u201ealtes Ich\u201c und stellen uns auf die Seite Gottes.<\/p>\n<p><strong>E.<\/strong> Bu\u00dfe ist ein Werk Gottes.<\/p>\n<p>Bu\u00dfe ist \u00dcberzeugungsarbeit Gottes an uns dahingehend, dass wir wegen unserer S\u00fcndenlast einen Heiland brauchen. Gott beginnt an unserem Gewissen zu arbeiten, und wir erkennen, dass eine Wahl getroffen werden muss. Wir entscheiden uns entweder daf\u00fcr, Ihm zu folgen, oder wir setzen unseren alten Weg fort. Um unsere Richtung zu \u00e4ndern, m\u00fcssen wir in uns gehen und Gott mit der Bitte anrufen, uns zu erretten. Diese Entscheidung f\u00fchrt zu einem Sinneswandel im Hinblick auf unsere Beziehung zu Gott. Es gibt vier Merkmale wahrer Bu\u00dfe: eine \u00c4nderung des Denkens, eine \u00c4nderung der Gef\u00fchle, eine \u00c4nderung des Willens und eine \u00c4nderung des Verhaltens.<\/p>\n<p>Ein Mensch, der verloren und verwirrt die Stra\u00dfe des Lebens entlangl\u00e4uft und nach Wegweisung Ausschau h\u00e4lt, ist ein gutes Bild f\u00fcr echte Bu\u00dfe. Pl\u00f6tzlich zieht etwas seine Aufmerksamkeit auf sich. Er h\u00f6rt Gottes Wort, h\u00e4lt inne und erkennt, dass er auf dem verkehrten Weg ist. Er steht nun vor der Wahl, weiterzugehen wie bisher oder aber umzukehren und damit den anderen Weg zu gehen. Wer Bu\u00dfe tut, entscheidet sich daf\u00fcr, Gottes Weg zu gehen.<\/p>\n<!-- AddThis Advanced Settings generic via filter on the_content --><!-- AddThis Share Buttons generic via filter on the_content -->","protected":false},"excerpt":{"rendered":"<p>BUSSE UND UMKEHR A. Bu\u00dfe bedeutet nicht \u201eBesserung\u201c. Sie ist ein innerer Vorgang, der die Umkehr des Sinnes, des Herzens und der gesamten Lebensrichtung eines Menschen umfasst. Viele Menschen verstehen darunter eine Abkehr von ihren S\u00fcnden, aber nur in dem Sinne, sich zu bessern. Bu\u00dfe hei\u00dft nicht, etwas zu tun. Man kann sich von seinen [&hellip;]<!-- AddThis Advanced Settings generic via filter on get_the_excerpt --><!-- AddThis Share Buttons generic via filter on get_the_excerpt --><\/p>\n","protected":false},"author":27,"featured_media":0,"parent":5034,"menu_order":0,"comment_status":"closed","ping_status":"closed","template":"","meta":{"footnotes":""},"categories":[],"tags":[],"class_list":["post-7592","page","type-page","status-publish","hentry"],"yoast_head":"<!-- This site is optimized with the Yoast SEO Premium plugin v24.8 (Yoast SEO v24.8.1) - https:\/\/yoast.com\/wordpress\/plugins\/seo\/ -->\n<title>Was die Bibel lehrt - BUSSE UND UMKEHR - BBN<\/title>\n<meta name=\"robots\" content=\"index, follow, max-snippet:-1, max-image-preview:large, max-video-preview:-1\" \/>\n<link rel=\"canonical\" href=\"https:\/\/bbn1.bbnradio.org\/german\/ressourcen\/was-die-bibel-lehrt\/was-die-bibel-lehrt-busse-und-umkehr\/\" \/>\n<meta property=\"og:locale\" content=\"de_DE\" \/>\n<meta property=\"og:type\" content=\"article\" \/>\n<meta property=\"og:title\" content=\"Was die Bibel lehrt - BUSSE UND UMKEHR\" \/>\n<meta property=\"og:description\" content=\"BUSSE UND UMKEHR A. Bu\u00dfe bedeutet nicht \u201eBesserung\u201c. Sie ist ein innerer Vorgang, der die Umkehr des Sinnes, des Herzens und der gesamten Lebensrichtung eines Menschen umfasst. Viele Menschen verstehen darunter eine Abkehr von ihren S\u00fcnden, aber nur in dem Sinne, sich zu bessern. Bu\u00dfe hei\u00dft nicht, etwas zu tun. Man kann sich von seinen [&hellip;]\" \/>\n<meta property=\"og:url\" content=\"https:\/\/bbn1.bbnradio.org\/german\/ressourcen\/was-die-bibel-lehrt\/was-die-bibel-lehrt-busse-und-umkehr\/\" \/>\n<meta property=\"og:site_name\" content=\"BBN\" \/>\n<meta property=\"article:publisher\" content=\"https:\/\/www.facebook.com\/BBNGerman\/\" \/>\n<meta property=\"article:modified_time\" content=\"2019-02-08T16:17:44+00:00\" \/>\n<meta name=\"twitter:card\" content=\"summary_large_image\" \/>\n<meta name=\"twitter:site\" content=\"@BBNDeutsch\" \/>\n<meta name=\"twitter:label1\" content=\"Gesch\u00e4tzte Lesezeit\" \/>\n\t<meta name=\"twitter:data1\" content=\"3\u00a0Minuten\" \/>\n<script type=\"application\/ld+json\" class=\"yoast-schema-graph\">{\"@context\":\"https:\/\/schema.org\",\"@graph\":[{\"@type\":\"WebPage\",\"@id\":\"https:\/\/bbn1.bbnradio.org\/german\/ressourcen\/was-die-bibel-lehrt\/was-die-bibel-lehrt-busse-und-umkehr\/\",\"url\":\"https:\/\/bbn1.bbnradio.org\/german\/ressourcen\/was-die-bibel-lehrt\/was-die-bibel-lehrt-busse-und-umkehr\/\",\"name\":\"Was die Bibel lehrt - BUSSE UND UMKEHR - BBN\",\"isPartOf\":{\"@id\":\"https:\/\/bbn1.bbnradio.org\/german\/#website\"},\"datePublished\":\"2016-04-04T19:58:21+00:00\",\"dateModified\":\"2019-02-08T16:17:44+00:00\",\"breadcrumb\":{\"@id\":\"https:\/\/bbn1.bbnradio.org\/german\/ressourcen\/was-die-bibel-lehrt\/was-die-bibel-lehrt-busse-und-umkehr\/#breadcrumb\"},\"inLanguage\":\"de\",\"potentialAction\":[{\"@type\":\"ReadAction\",\"target\":[\"https:\/\/bbn1.bbnradio.org\/german\/ressourcen\/was-die-bibel-lehrt\/was-die-bibel-lehrt-busse-und-umkehr\/\"]}]},{\"@type\":\"BreadcrumbList\",\"@id\":\"https:\/\/bbn1.bbnradio.org\/german\/ressourcen\/was-die-bibel-lehrt\/was-die-bibel-lehrt-busse-und-umkehr\/#breadcrumb\",\"itemListElement\":[{\"@type\":\"ListItem\",\"position\":1,\"name\":\"Home\",\"item\":\"https:\/\/bbn1.bbnradio.org\/german\/home\/\"},{\"@type\":\"ListItem\",\"position\":2,\"name\":\"Ressourcen\",\"item\":\"https:\/\/bbn1.bbnradio.org\/german\/ressourcen\/\"},{\"@type\":\"ListItem\",\"position\":3,\"name\":\"Was die Bibel lehrt\",\"item\":\"https:\/\/bbn1.bbnradio.org\/german\/ressourcen\/was-die-bibel-lehrt\/\"},{\"@type\":\"ListItem\",\"position\":4,\"name\":\"Was die Bibel lehrt &#8211; BUSSE UND UMKEHR\"}]},{\"@type\":\"WebSite\",\"@id\":\"https:\/\/bbn1.bbnradio.org\/german\/#website\",\"url\":\"https:\/\/bbn1.bbnradio.org\/german\/\",\"name\":\"BBN\",\"description\":\"BBN\",\"potentialAction\":[{\"@type\":\"SearchAction\",\"target\":{\"@type\":\"EntryPoint\",\"urlTemplate\":\"https:\/\/bbn1.bbnradio.org\/german\/?s={search_term_string}\"},\"query-input\":{\"@type\":\"PropertyValueSpecification\",\"valueRequired\":true,\"valueName\":\"search_term_string\"}}],\"inLanguage\":\"de\"}]}<\/script>\n<!-- \/ Yoast SEO Premium plugin. -->","yoast_head_json":{"title":"Was die Bibel lehrt - BUSSE UND UMKEHR - BBN","robots":{"index":"index","follow":"follow","max-snippet":"max-snippet:-1","max-image-preview":"max-image-preview:large","max-video-preview":"max-video-preview:-1"},"canonical":"https:\/\/bbn1.bbnradio.org\/german\/ressourcen\/was-die-bibel-lehrt\/was-die-bibel-lehrt-busse-und-umkehr\/","og_locale":"de_DE","og_type":"article","og_title":"Was die Bibel lehrt - BUSSE UND UMKEHR","og_description":"BUSSE UND UMKEHR A. Bu\u00dfe bedeutet nicht \u201eBesserung\u201c. Sie ist ein innerer Vorgang, der die Umkehr des Sinnes, des Herzens und der gesamten Lebensrichtung eines Menschen umfasst. Viele Menschen verstehen darunter eine Abkehr von ihren S\u00fcnden, aber nur in dem Sinne, sich zu bessern. Bu\u00dfe hei\u00dft nicht, etwas zu tun. Man kann sich von seinen [&hellip;]","og_url":"https:\/\/bbn1.bbnradio.org\/german\/ressourcen\/was-die-bibel-lehrt\/was-die-bibel-lehrt-busse-und-umkehr\/","og_site_name":"BBN","article_publisher":"https:\/\/www.facebook.com\/BBNGerman\/","article_modified_time":"2019-02-08T16:17:44+00:00","twitter_card":"summary_large_image","twitter_site":"@BBNDeutsch","twitter_misc":{"Gesch\u00e4tzte Lesezeit":"3\u00a0Minuten"},"schema":{"@context":"https:\/\/schema.org","@graph":[{"@type":"WebPage","@id":"https:\/\/bbn1.bbnradio.org\/german\/ressourcen\/was-die-bibel-lehrt\/was-die-bibel-lehrt-busse-und-umkehr\/","url":"https:\/\/bbn1.bbnradio.org\/german\/ressourcen\/was-die-bibel-lehrt\/was-die-bibel-lehrt-busse-und-umkehr\/","name":"Was die Bibel lehrt - BUSSE UND UMKEHR - BBN","isPartOf":{"@id":"https:\/\/bbn1.bbnradio.org\/german\/#website"},"datePublished":"2016-04-04T19:58:21+00:00","dateModified":"2019-02-08T16:17:44+00:00","breadcrumb":{"@id":"https:\/\/bbn1.bbnradio.org\/german\/ressourcen\/was-die-bibel-lehrt\/was-die-bibel-lehrt-busse-und-umkehr\/#breadcrumb"},"inLanguage":"de","potentialAction":[{"@type":"ReadAction","target":["https:\/\/bbn1.bbnradio.org\/german\/ressourcen\/was-die-bibel-lehrt\/was-die-bibel-lehrt-busse-und-umkehr\/"]}]},{"@type":"BreadcrumbList","@id":"https:\/\/bbn1.bbnradio.org\/german\/ressourcen\/was-die-bibel-lehrt\/was-die-bibel-lehrt-busse-und-umkehr\/#breadcrumb","itemListElement":[{"@type":"ListItem","position":1,"name":"Home","item":"https:\/\/bbn1.bbnradio.org\/german\/home\/"},{"@type":"ListItem","position":2,"name":"Ressourcen","item":"https:\/\/bbn1.bbnradio.org\/german\/ressourcen\/"},{"@type":"ListItem","position":3,"name":"Was die Bibel lehrt","item":"https:\/\/bbn1.bbnradio.org\/german\/ressourcen\/was-die-bibel-lehrt\/"},{"@type":"ListItem","position":4,"name":"Was die Bibel lehrt &#8211; BUSSE UND UMKEHR"}]},{"@type":"WebSite","@id":"https:\/\/bbn1.bbnradio.org\/german\/#website","url":"https:\/\/bbn1.bbnradio.org\/german\/","name":"BBN","description":"BBN","potentialAction":[{"@type":"SearchAction","target":{"@type":"EntryPoint","urlTemplate":"https:\/\/bbn1.bbnradio.org\/german\/?s={search_term_string}"},"query-input":{"@type":"PropertyValueSpecification","valueRequired":true,"valueName":"search_term_string"}}],"inLanguage":"de"}]}},"jetpack_sharing_enabled":true,"jetpack_shortlink":"https:\/\/wp.me\/PgZlJB-1Ys","_links":{"self":[{"href":"https:\/\/bbn1.bbnradio.org\/german\/wp-json\/wp\/v2\/pages\/7592","targetHints":{"allow":["GET"]}}],"collection":[{"href":"https:\/\/bbn1.bbnradio.org\/german\/wp-json\/wp\/v2\/pages"}],"about":[{"href":"https:\/\/bbn1.bbnradio.org\/german\/wp-json\/wp\/v2\/types\/page"}],"author":[{"embeddable":true,"href":"https:\/\/bbn1.bbnradio.org\/german\/wp-json\/wp\/v2\/users\/27"}],"replies":[{"embeddable":true,"href":"https:\/\/bbn1.bbnradio.org\/german\/wp-json\/wp\/v2\/comments?post=7592"}],"version-history":[{"count":2,"href":"https:\/\/bbn1.bbnradio.org\/german\/wp-json\/wp\/v2\/pages\/7592\/revisions"}],"predecessor-version":[{"id":13606,"href":"https:\/\/bbn1.bbnradio.org\/german\/wp-json\/wp\/v2\/pages\/7592\/revisions\/13606"}],"up":[{"embeddable":true,"href":"https:\/\/bbn1.bbnradio.org\/german\/wp-json\/wp\/v2\/pages\/5034"}],"wp:attachment":[{"href":"https:\/\/bbn1.bbnradio.org\/german\/wp-json\/wp\/v2\/media?parent=7592"}],"wp:term":[{"taxonomy":"category","embeddable":true,"href":"https:\/\/bbn1.bbnradio.org\/german\/wp-json\/wp\/v2\/categories?post=7592"},{"taxonomy":"post_tag","embeddable":true,"href":"https:\/\/bbn1.bbnradio.org\/german\/wp-json\/wp\/v2\/tags?post=7592"}],"curies":[{"name":"wp","href":"https:\/\/api.w.org\/{rel}","templated":true}]}}