{"id":7596,"date":"2016-04-04T16:16:39","date_gmt":"2016-04-04T20:16:39","guid":{"rendered":"https:\/\/bbn1.bbnradio.org\/english\/?page_id=7596"},"modified":"2019-02-08T13:06:51","modified_gmt":"2019-02-08T18:06:51","slug":"was-die-bibel-lehrt-glaube-und-erlosung","status":"publish","type":"page","link":"https:\/\/bbn1.bbnradio.org\/german\/ressourcen\/was-die-bibel-lehrt\/was-die-bibel-lehrt-glaube-und-erlosung\/","title":{"rendered":"Was die Bibel lehrt &#8211; GLAUBE UND ERL\u00d6SUNG"},"content":{"rendered":"<p>GLAUBE UND ERL\u00d6SUNG<\/p>\n<p>Zum Verst\u00e4ndnis der Bedeutung des Glaubens bedarf es keines sehr langen Bibelstudiums. Ein S\u00fcnder kann ohne Glauben nicht gerettet werden (Epheser 2,8.9). \u201eDas Evangelium von Christus &#8230; ist eine Kraft Gottes zur Rettung f\u00fcr jeden, der daran glaubt &#8230; Denn darin wird offenbart die Gerechtigkeit, die vor Gott gilt, welche kommt aus Glauben in Glauben; wie geschrieben steht (Habakuk 2,4): \u201aDer Gerechte wird aus Glauben leben\u2019\u201c (R\u00f6mer 1,16.17).<br \/>\nDaher ist es wichtig, dass wir ergr\u00fcnden, was dieses Wort bedeutet.<\/p>\n<p>I. WAS IST GLAUBE?<\/p>\n<p>Der Glaube als Oberbegriff beinhaltet Dreierlei: Wissen, Glauben im Sinne von f\u00fcr wahr halten und Vertrauen. Glaube ist pers\u00f6nliches Vertrauen. Wir gebrauchen dieses Wort in der t\u00e4glichen Kommunikation im Sinne von \u201eIch habe v\u00f6lliges Vertrauen in meinen Arzt.\u201c Wir meinen damit, dass wir uns ihm in unserer Angelegenheit ganz anvertrauen. So ist Glaube nach der Bibel dieses pers\u00f6nliche Gottvertrauen. Das bedeutet, dass wir glauben, was er sagt, und die Zuversicht haben, dass er uns errettet und erh\u00e4lt.<\/p>\n<p>II. WO FINDEN WIR GLAUBEN?<\/p>\n<p>Wenn wir uns in der Welt umsehen, dann erkennen wir, dass manche Menschen keinen Glauben an Gott haben und somit nicht gerettet sind. Das l\u00e4sst uns nach der Quelle des Glaubens fragen. In einem sehr realen Sinne ist dieser Glaube ein Geschenk Gottes (Johannes 3,27). Gott bef\u00e4higt Menschen, an ihn zu glauben.<\/p>\n<p>Aber wie empf\u00e4ngt man den Glauben? Die Antwort finden wir in R\u00f6mer 10,17: \u201eSo kommt der Glaube aus dem H\u00f6ren, das H\u00f6ren aber durch das Wort Christi.\u201c Wenn also ein Mensch nicht an Gott glaubt, dann sollte er die Bibel lesen. Und wenn er liest, dann sollte er etwa so beten: \u201eGott, wenn dieses Buch Dein Wort ist, wenn Jesus Christus Dein Sohn ist, und wenn Er f\u00fcr mich gestorben ist, dann zeige es mir beim Bibellesen.\u201c Gott hat versprochen, dass jeder, der seinen Willen tun will, die Wahrheit erkennen wird (Johannes 7,17).<\/p>\n<p>III. WAS IST DAS WAHRE OBJEKT DES GLAUBENS?<\/p>\n<p>Der Glaube muss sich auf ein Objekt, einen \u201eGegenstand\u201c beziehen. Dieser mag eine Person, etwa ein Verwandter, ein Freund usw., oder eine unbelebte Sache, wie ein Flugzeug oder ein Aufzug, sein. Es gen\u00fcgt nicht, Glauben \u201eim luftleeren Raum\u201c zu haben. Er muss auf etwas Vertrauensw\u00fcrdiges gerichtet sein. Sie m\u00f6gen glauben, dass ein Flugzeug Sie von einer Stadt in eine andere bringen kann. Sie m\u00f6gen glauben, dass dieses Flugzeug fliegen wird. Sie m\u00f6gen glauben, dass die Piloten das Flugzeug fliegen k\u00f6nnen und sie Sie dorthin bringen werden, wo Sie hin m\u00f6chten. Sie m\u00f6gen sogar glauben, dass es Spa\u00df macht, diese Reise zu unternehmen. Das einzige, was also f\u00fcr Sie noch zu tun bleibt, ist, Ihren Platz im Flugzeug einzunehmen. Nur dann haben Sie auch den Glauben ausge\u00fcbt. Bis dahin haben Sie dar\u00fcber gesprochen, zu anderen davon geredet, ihn voller \u00dcberzeugung im Mund gef\u00fchrt. Aber erst dann, wenn Sie an Bord gegangen sind, haben Sie den Glauben praktiziert. Wahrer Glaube erfordert Handeln. Die Bibel sagt: \u201eSo ist auch der Glaube, wenn er nicht Werke hat, tot in sich selber\u201c (Jakobus 2,17.18).<\/p>\n<p>Die Bibel zeigt uns den Herrn Jesus Christus als das wahre Objekt des Glaubens (Apostelgeschichte 20,21). Wichtig ist nicht, wie viel Glaube ein Mensch hat oder welche Art Glaube er besitzt, sondern dass sich sein Glaube auf Jesus Christus richtet, wenn er erl\u00f6st werden will. Wenn der Glaube einen Heiligen, die Jungfrau Maria, ein Idol, eine Kirche, eine Religion, gute Werke oder die Taufe zum Gegenstand hat, dann l\u00e4sst die Bibel keinen Zweifel daran, dass auf diesem Weg keine biblische Erl\u00f6sung zu finden ist. Man kann allerdings alles glauben, was in der Bibel \u00fcber Christus steht, und doch keinen Glauben an ihn haben. Sie m\u00f6gen glauben, dass ein bestimmter Zug den Bahnhof um 11 Uhr morgens verl\u00e4sst und am Nachmittag um 17 Uhr in einer entfernten Stadt ankommt. Sie m\u00f6gen alles glauben, was mit diesem Zug zusammenh\u00e4ngt. Aber Sie haben erst dann wirklich Ihr Vertrauen in diesen Zug gesetzt, wenn Sie einsteigen und die Zuversicht haben, dass der Zug Sie an Ihr Ziel bringen wird.<\/p>\n<p>Sie m\u00f6gen durchaus glauben, dass Christus in Bethlehem von einer Jungfrau geboren wurde sowie auf Golgatha gestorben, wieder auferstanden und gen Himmel aufgefahren ist. Sie m\u00f6gen sogar glauben, dass die Bibel Gottes Wort ist. Aber Sie haben noch nicht wirklich Ihr Vertrauen in Ihn gesetzt, bis Sie Ihn glaubensvoll bitten, dass er Sie von Ihren S\u00fcnden errettet und Sie zum Himmelserben macht.<\/p>\n<p>IV: BEISPIELE DES GLAUBENS<\/p>\n<p>Die Schrift ist voller Beispiele des Glaubens. Das elfte Kapitel des Hebr\u00e4erbriefes wird das \u201eHohelied des Glaubens\u201c genannt, weil hier herausragende M\u00e4nner und Frauen des Glaubens &#8211; die \u201eGlaubenshelden\u201c &#8211; aufgef\u00fchrt sind.<\/p>\n<p>Zwei weitere Beispiele sollen nicht unerw\u00e4hnt bleiben. Das erste ist der Glaube des Hauptmanns in Matth\u00e4us 8,5-10. Dieser glaubte, dass Christus seinen Knecht heilen k\u00f6nne, indem er nur ein Wort spr\u00e4che. Das andere ist der Glaube der kanaan\u00e4ischen Frau, Matth\u00e4us 15,22-28. Sie machte geltend, dass das dem auserw\u00e4hlten j\u00fcdischen Volk vorbehaltene Brot ihr, einer Heidin, gegeben werden solle. Ihr Glaube war dem\u00fctig und beharrlich.<\/p>\n<p>V. DER LOHN DES GLAUBENS<\/p>\n<p>Wahrer Glaube bleibt nie ohne Belohnung. Niemand hat Gott je vergebens vertraut. Vergessen wir nicht die dreifache Auspr\u00e4gung des Glaubens, die auch Vertrauen umfasst. Jeder suchende S\u00fcnder, der von seinen S\u00fcnden umgekehrt ist und sein Vertrauen auf den Herrn Jesus Christus gesetzt hat, hat ohne Wenn und Aber Rettung gefunden. Der Heiland sagt: \u201eWer zu mir kommt, den werde ich nicht hinaussto\u00dfen\u201c (Johannes 6,37).<\/p>\n<!-- AddThis Advanced Settings generic via filter on the_content --><!-- AddThis Share Buttons generic via filter on the_content -->","protected":false},"excerpt":{"rendered":"<p>GLAUBE UND ERL\u00d6SUNG Zum Verst\u00e4ndnis der Bedeutung des Glaubens bedarf es keines sehr langen Bibelstudiums. Ein S\u00fcnder kann ohne Glauben nicht gerettet werden (Epheser 2,8.9). \u201eDas Evangelium von Christus &#8230; ist eine Kraft Gottes zur Rettung f\u00fcr jeden, der daran glaubt &#8230; Denn darin wird offenbart die Gerechtigkeit, die vor Gott gilt, welche kommt aus [&hellip;]<!-- AddThis Advanced Settings generic via filter on get_the_excerpt --><!-- AddThis Share Buttons generic via filter on get_the_excerpt --><\/p>\n","protected":false},"author":27,"featured_media":0,"parent":5034,"menu_order":0,"comment_status":"closed","ping_status":"closed","template":"","meta":{"footnotes":""},"categories":[],"tags":[],"class_list":["post-7596","page","type-page","status-publish","hentry"],"yoast_head":"<!-- This site is optimized with the Yoast SEO Premium plugin v24.8 (Yoast SEO v24.8.1) - https:\/\/yoast.com\/wordpress\/plugins\/seo\/ -->\n<title>Was die Bibel lehrt - GLAUBE UND ERL\u00d6SUNG - BBN<\/title>\n<meta name=\"robots\" content=\"index, follow, max-snippet:-1, max-image-preview:large, max-video-preview:-1\" \/>\n<link rel=\"canonical\" href=\"https:\/\/bbn1.bbnradio.org\/german\/ressourcen\/was-die-bibel-lehrt\/was-die-bibel-lehrt-glaube-und-erlosung\/\" \/>\n<meta property=\"og:locale\" content=\"de_DE\" \/>\n<meta property=\"og:type\" content=\"article\" \/>\n<meta property=\"og:title\" content=\"Was die Bibel lehrt - GLAUBE UND ERL\u00d6SUNG\" \/>\n<meta property=\"og:description\" content=\"GLAUBE UND ERL\u00d6SUNG Zum Verst\u00e4ndnis der Bedeutung des Glaubens bedarf es keines sehr langen Bibelstudiums. Ein S\u00fcnder kann ohne Glauben nicht gerettet werden (Epheser 2,8.9). \u201eDas Evangelium von Christus &#8230; ist eine Kraft Gottes zur Rettung f\u00fcr jeden, der daran glaubt &#8230; Denn darin wird offenbart die Gerechtigkeit, die vor Gott gilt, welche kommt aus [&hellip;]\" \/>\n<meta property=\"og:url\" content=\"https:\/\/bbn1.bbnradio.org\/german\/ressourcen\/was-die-bibel-lehrt\/was-die-bibel-lehrt-glaube-und-erlosung\/\" \/>\n<meta property=\"og:site_name\" content=\"BBN\" \/>\n<meta property=\"article:publisher\" content=\"https:\/\/www.facebook.com\/BBNGerman\/\" \/>\n<meta property=\"article:modified_time\" content=\"2019-02-08T18:06:51+00:00\" \/>\n<meta name=\"twitter:card\" content=\"summary_large_image\" \/>\n<meta name=\"twitter:site\" content=\"@BBNDeutsch\" \/>\n<meta name=\"twitter:label1\" content=\"Gesch\u00e4tzte Lesezeit\" \/>\n\t<meta name=\"twitter:data1\" content=\"5\u00a0Minuten\" \/>\n<script type=\"application\/ld+json\" class=\"yoast-schema-graph\">{\"@context\":\"https:\/\/schema.org\",\"@graph\":[{\"@type\":\"WebPage\",\"@id\":\"https:\/\/bbn1.bbnradio.org\/german\/ressourcen\/was-die-bibel-lehrt\/was-die-bibel-lehrt-glaube-und-erlosung\/\",\"url\":\"https:\/\/bbn1.bbnradio.org\/german\/ressourcen\/was-die-bibel-lehrt\/was-die-bibel-lehrt-glaube-und-erlosung\/\",\"name\":\"Was die Bibel lehrt - GLAUBE UND ERL\u00d6SUNG - BBN\",\"isPartOf\":{\"@id\":\"https:\/\/bbn1.bbnradio.org\/german\/#website\"},\"datePublished\":\"2016-04-04T20:16:39+00:00\",\"dateModified\":\"2019-02-08T18:06:51+00:00\",\"breadcrumb\":{\"@id\":\"https:\/\/bbn1.bbnradio.org\/german\/ressourcen\/was-die-bibel-lehrt\/was-die-bibel-lehrt-glaube-und-erlosung\/#breadcrumb\"},\"inLanguage\":\"de\",\"potentialAction\":[{\"@type\":\"ReadAction\",\"target\":[\"https:\/\/bbn1.bbnradio.org\/german\/ressourcen\/was-die-bibel-lehrt\/was-die-bibel-lehrt-glaube-und-erlosung\/\"]}]},{\"@type\":\"BreadcrumbList\",\"@id\":\"https:\/\/bbn1.bbnradio.org\/german\/ressourcen\/was-die-bibel-lehrt\/was-die-bibel-lehrt-glaube-und-erlosung\/#breadcrumb\",\"itemListElement\":[{\"@type\":\"ListItem\",\"position\":1,\"name\":\"Home\",\"item\":\"https:\/\/bbn1.bbnradio.org\/german\/home\/\"},{\"@type\":\"ListItem\",\"position\":2,\"name\":\"Ressourcen\",\"item\":\"https:\/\/bbn1.bbnradio.org\/german\/ressourcen\/\"},{\"@type\":\"ListItem\",\"position\":3,\"name\":\"Was die Bibel lehrt\",\"item\":\"https:\/\/bbn1.bbnradio.org\/german\/ressourcen\/was-die-bibel-lehrt\/\"},{\"@type\":\"ListItem\",\"position\":4,\"name\":\"Was die Bibel lehrt &#8211; GLAUBE UND ERL\u00d6SUNG\"}]},{\"@type\":\"WebSite\",\"@id\":\"https:\/\/bbn1.bbnradio.org\/german\/#website\",\"url\":\"https:\/\/bbn1.bbnradio.org\/german\/\",\"name\":\"BBN\",\"description\":\"BBN\",\"potentialAction\":[{\"@type\":\"SearchAction\",\"target\":{\"@type\":\"EntryPoint\",\"urlTemplate\":\"https:\/\/bbn1.bbnradio.org\/german\/?s={search_term_string}\"},\"query-input\":{\"@type\":\"PropertyValueSpecification\",\"valueRequired\":true,\"valueName\":\"search_term_string\"}}],\"inLanguage\":\"de\"}]}<\/script>\n<!-- \/ Yoast SEO Premium plugin. -->","yoast_head_json":{"title":"Was die Bibel lehrt - GLAUBE UND ERL\u00d6SUNG - BBN","robots":{"index":"index","follow":"follow","max-snippet":"max-snippet:-1","max-image-preview":"max-image-preview:large","max-video-preview":"max-video-preview:-1"},"canonical":"https:\/\/bbn1.bbnradio.org\/german\/ressourcen\/was-die-bibel-lehrt\/was-die-bibel-lehrt-glaube-und-erlosung\/","og_locale":"de_DE","og_type":"article","og_title":"Was die Bibel lehrt - GLAUBE UND ERL\u00d6SUNG","og_description":"GLAUBE UND ERL\u00d6SUNG Zum Verst\u00e4ndnis der Bedeutung des Glaubens bedarf es keines sehr langen Bibelstudiums. Ein S\u00fcnder kann ohne Glauben nicht gerettet werden (Epheser 2,8.9). \u201eDas Evangelium von Christus &#8230; ist eine Kraft Gottes zur Rettung f\u00fcr jeden, der daran glaubt &#8230; Denn darin wird offenbart die Gerechtigkeit, die vor Gott gilt, welche kommt aus [&hellip;]","og_url":"https:\/\/bbn1.bbnradio.org\/german\/ressourcen\/was-die-bibel-lehrt\/was-die-bibel-lehrt-glaube-und-erlosung\/","og_site_name":"BBN","article_publisher":"https:\/\/www.facebook.com\/BBNGerman\/","article_modified_time":"2019-02-08T18:06:51+00:00","twitter_card":"summary_large_image","twitter_site":"@BBNDeutsch","twitter_misc":{"Gesch\u00e4tzte Lesezeit":"5\u00a0Minuten"},"schema":{"@context":"https:\/\/schema.org","@graph":[{"@type":"WebPage","@id":"https:\/\/bbn1.bbnradio.org\/german\/ressourcen\/was-die-bibel-lehrt\/was-die-bibel-lehrt-glaube-und-erlosung\/","url":"https:\/\/bbn1.bbnradio.org\/german\/ressourcen\/was-die-bibel-lehrt\/was-die-bibel-lehrt-glaube-und-erlosung\/","name":"Was die Bibel lehrt - GLAUBE UND ERL\u00d6SUNG - BBN","isPartOf":{"@id":"https:\/\/bbn1.bbnradio.org\/german\/#website"},"datePublished":"2016-04-04T20:16:39+00:00","dateModified":"2019-02-08T18:06:51+00:00","breadcrumb":{"@id":"https:\/\/bbn1.bbnradio.org\/german\/ressourcen\/was-die-bibel-lehrt\/was-die-bibel-lehrt-glaube-und-erlosung\/#breadcrumb"},"inLanguage":"de","potentialAction":[{"@type":"ReadAction","target":["https:\/\/bbn1.bbnradio.org\/german\/ressourcen\/was-die-bibel-lehrt\/was-die-bibel-lehrt-glaube-und-erlosung\/"]}]},{"@type":"BreadcrumbList","@id":"https:\/\/bbn1.bbnradio.org\/german\/ressourcen\/was-die-bibel-lehrt\/was-die-bibel-lehrt-glaube-und-erlosung\/#breadcrumb","itemListElement":[{"@type":"ListItem","position":1,"name":"Home","item":"https:\/\/bbn1.bbnradio.org\/german\/home\/"},{"@type":"ListItem","position":2,"name":"Ressourcen","item":"https:\/\/bbn1.bbnradio.org\/german\/ressourcen\/"},{"@type":"ListItem","position":3,"name":"Was die Bibel lehrt","item":"https:\/\/bbn1.bbnradio.org\/german\/ressourcen\/was-die-bibel-lehrt\/"},{"@type":"ListItem","position":4,"name":"Was die Bibel lehrt &#8211; GLAUBE UND ERL\u00d6SUNG"}]},{"@type":"WebSite","@id":"https:\/\/bbn1.bbnradio.org\/german\/#website","url":"https:\/\/bbn1.bbnradio.org\/german\/","name":"BBN","description":"BBN","potentialAction":[{"@type":"SearchAction","target":{"@type":"EntryPoint","urlTemplate":"https:\/\/bbn1.bbnradio.org\/german\/?s={search_term_string}"},"query-input":{"@type":"PropertyValueSpecification","valueRequired":true,"valueName":"search_term_string"}}],"inLanguage":"de"}]}},"jetpack_sharing_enabled":true,"jetpack_shortlink":"https:\/\/wp.me\/PgZlJB-1Yw","_links":{"self":[{"href":"https:\/\/bbn1.bbnradio.org\/german\/wp-json\/wp\/v2\/pages\/7596","targetHints":{"allow":["GET"]}}],"collection":[{"href":"https:\/\/bbn1.bbnradio.org\/german\/wp-json\/wp\/v2\/pages"}],"about":[{"href":"https:\/\/bbn1.bbnradio.org\/german\/wp-json\/wp\/v2\/types\/page"}],"author":[{"embeddable":true,"href":"https:\/\/bbn1.bbnradio.org\/german\/wp-json\/wp\/v2\/users\/27"}],"replies":[{"embeddable":true,"href":"https:\/\/bbn1.bbnradio.org\/german\/wp-json\/wp\/v2\/comments?post=7596"}],"version-history":[{"count":2,"href":"https:\/\/bbn1.bbnradio.org\/german\/wp-json\/wp\/v2\/pages\/7596\/revisions"}],"predecessor-version":[{"id":13633,"href":"https:\/\/bbn1.bbnradio.org\/german\/wp-json\/wp\/v2\/pages\/7596\/revisions\/13633"}],"up":[{"embeddable":true,"href":"https:\/\/bbn1.bbnradio.org\/german\/wp-json\/wp\/v2\/pages\/5034"}],"wp:attachment":[{"href":"https:\/\/bbn1.bbnradio.org\/german\/wp-json\/wp\/v2\/media?parent=7596"}],"wp:term":[{"taxonomy":"category","embeddable":true,"href":"https:\/\/bbn1.bbnradio.org\/german\/wp-json\/wp\/v2\/categories?post=7596"},{"taxonomy":"post_tag","embeddable":true,"href":"https:\/\/bbn1.bbnradio.org\/german\/wp-json\/wp\/v2\/tags?post=7596"}],"curies":[{"name":"wp","href":"https:\/\/api.w.org\/{rel}","templated":true}]}}