{"id":7602,"date":"2016-04-04T16:19:38","date_gmt":"2016-04-04T20:19:38","guid":{"rendered":"https:\/\/bbn1.bbnradio.org\/english\/?page_id=7602"},"modified":"2019-02-08T11:14:48","modified_gmt":"2019-02-08T16:14:48","slug":"was-die-bibel-lehrt-auferstehung-des-leibes","status":"publish","type":"page","link":"https:\/\/bbn1.bbnradio.org\/german\/ressourcen\/was-die-bibel-lehrt\/was-die-bibel-lehrt-auferstehung-des-leibes\/","title":{"rendered":"Was die Bibel lehrt &#8211; AUFERSTEHUNG DES LEIBES"},"content":{"rendered":"<p><strong>AUFERSTEHUNG DES LEIBES<\/strong><\/p>\n<p>Die Bibel spricht viel \u00fcber leibliche Auferstehung. An verschiedenen Stellen lesen wir, dass Tote auferweckt wurden. Das waren wunderhafte Zeugnisse der Macht Gottes \u00fcber den Tod. Aber da sie letztlich doch wieder starben, handelte es sich nicht um eine Auferstehung, sondern vielmehr um eine Wiederbelebung. Lazarus ist ein gutes Beispiel hierf\u00fcr (Johannes 11,39-44).<\/p>\n<p>Das erste Beispiel von Tod und leiblicher Auferstehung ist Jesus Christus. Christus ist die Erstlingsfrucht von den Toten. \u201eNun aber ist Christus auferstanden von den Toten und der Erstling unter denen, die entschlafen sind\u201c (1. Korinther 15,20). Die Bibel spricht vom Tod eines Gl\u00e4ubigen stets als \u201eEntschlafen\u201c und nicht als \u201eSterben\u201c. Die Erstlingsfrucht der Auferweckung Christi von den Toten war Gottes Angeld auf die verhei\u00dfene volle Ernte.<\/p>\n<p>Der Leib Christi, die wahre Kirche, wird eine leibliche Auferstehung eigener Art haben. \u201eZuerst werden die Toten in Christus auferstehen\u201c (1. Thessalonicher 4,16). Das ist die Auferstehung des Leibes aller derer, die in Christus gestorben sind. Sie werden mit ihrer Seele und ihrem Geist wiedervereint werden und zum Himmel emporsteigen, um ihre Stellung als Braut Christi einzunehmen. Das wird die \u201eEntr\u00fcckung\u201c der Gemeinde genannt. Darauf werden wir noch n\u00e4her eingehen.<\/p>\n<p>\u00dcber 500 Menschen bezeugten die Erscheinung Christi nach seiner leiblichen Auferstehung. Ihre Berichte als Augenzeugen bieten dem Leugnen derer, die nicht glauben wollen, Paroli. Vor Gericht gelten vielerorts sieben Augenzeugen als ausreichende H\u00f6chstzahl. Im Neuen Testament ist eine hohe Zahl Zeugnisse von Menschen, die Christus pers\u00f6nlich gesehen haben, dokumentiert. \u00dcber 500 sahen ihn mit seinem Auferstehungsleib. Andere, die ihn sahen, bezeugten, dass er lebendig sei. Sie sprachen mit ihm, a\u00dfen mit ihm und hatten Gemeinschaft mit ihm, wenn er, der nach der grausamen Kreuzigung und drei Tagen in einem bewachten Felsengrab dem Tod die Stirn geboten hatte, bei ihnen war. Es gibt eine F\u00fclle klarer Beweise daf\u00fcr, dass Jesus Christus tats\u00e4chlich gestorben und leiblich von den Toten auferstanden ist.<\/p>\n<p>Ohne den auferstandenen Christus g\u00e4be es weder die 27 B\u00fccher des Neuen Testaments noch die Gemeinde. Der Bau der Gemeinde setzte sofort ein, als die Apostel in Jerusalem, wo er gekreuzigt und begraben worden war, zu predigen begannen. Dreitausend wurden an einem Tag gerettet. Wo immer sie hinkamen, verk\u00fcndeten sie, dass Jesus lebt und von den Toten auferstanden ist. Sie d\u00fcrfen mir glauben: Wenn das alles nicht wahr gewesen w\u00e4re, dann h\u00e4tte der Feind mit einem toten K\u00f6rper aufgewartet und damit die junge Gemeinde mit allem, was sie vorbrachte, zum Schweigen gebracht. Tatsache ist aber, dass Christus drei Tage nach seiner Kreuzigung leiblich von den Toten auferstanden ist. Er ist lebendig, und weil er lebt, sollen auch wir leben.<\/p>\n<!-- AddThis Advanced Settings generic via filter on the_content --><!-- AddThis Share Buttons generic via filter on the_content -->","protected":false},"excerpt":{"rendered":"<p>AUFERSTEHUNG DES LEIBES Die Bibel spricht viel \u00fcber leibliche Auferstehung. An verschiedenen Stellen lesen wir, dass Tote auferweckt wurden. Das waren wunderhafte Zeugnisse der Macht Gottes \u00fcber den Tod. Aber da sie letztlich doch wieder starben, handelte es sich nicht um eine Auferstehung, sondern vielmehr um eine Wiederbelebung. Lazarus ist ein gutes Beispiel hierf\u00fcr (Johannes [&hellip;]<!-- AddThis Advanced Settings generic via filter on get_the_excerpt --><!-- AddThis Share Buttons generic via filter on get_the_excerpt --><\/p>\n","protected":false},"author":27,"featured_media":0,"parent":5034,"menu_order":0,"comment_status":"closed","ping_status":"closed","template":"","meta":{"footnotes":""},"categories":[],"tags":[],"class_list":["post-7602","page","type-page","status-publish","hentry"],"yoast_head":"<!-- This site is optimized with the Yoast SEO Premium plugin v24.8 (Yoast SEO v24.8.1) - https:\/\/yoast.com\/wordpress\/plugins\/seo\/ -->\n<title>Was die Bibel lehrt - AUFERSTEHUNG DES LEIBES - BBN<\/title>\n<meta name=\"robots\" content=\"index, follow, max-snippet:-1, max-image-preview:large, max-video-preview:-1\" \/>\n<link rel=\"canonical\" href=\"https:\/\/bbn1.bbnradio.org\/german\/ressourcen\/was-die-bibel-lehrt\/was-die-bibel-lehrt-auferstehung-des-leibes\/\" \/>\n<meta property=\"og:locale\" content=\"de_DE\" \/>\n<meta property=\"og:type\" content=\"article\" \/>\n<meta property=\"og:title\" content=\"Was die Bibel lehrt - AUFERSTEHUNG DES LEIBES\" \/>\n<meta property=\"og:description\" content=\"AUFERSTEHUNG DES LEIBES Die Bibel spricht viel \u00fcber leibliche Auferstehung. An verschiedenen Stellen lesen wir, dass Tote auferweckt wurden. Das waren wunderhafte Zeugnisse der Macht Gottes \u00fcber den Tod. Aber da sie letztlich doch wieder starben, handelte es sich nicht um eine Auferstehung, sondern vielmehr um eine Wiederbelebung. Lazarus ist ein gutes Beispiel hierf\u00fcr (Johannes [&hellip;]\" \/>\n<meta property=\"og:url\" content=\"https:\/\/bbn1.bbnradio.org\/german\/ressourcen\/was-die-bibel-lehrt\/was-die-bibel-lehrt-auferstehung-des-leibes\/\" \/>\n<meta property=\"og:site_name\" content=\"BBN\" \/>\n<meta property=\"article:publisher\" content=\"https:\/\/www.facebook.com\/BBNGerman\/\" \/>\n<meta property=\"article:modified_time\" content=\"2019-02-08T16:14:48+00:00\" \/>\n<meta name=\"twitter:card\" content=\"summary_large_image\" \/>\n<meta name=\"twitter:site\" content=\"@BBNDeutsch\" \/>\n<meta name=\"twitter:label1\" content=\"Gesch\u00e4tzte Lesezeit\" \/>\n\t<meta name=\"twitter:data1\" content=\"2\u00a0Minuten\" \/>\n<script type=\"application\/ld+json\" class=\"yoast-schema-graph\">{\"@context\":\"https:\/\/schema.org\",\"@graph\":[{\"@type\":\"WebPage\",\"@id\":\"https:\/\/bbn1.bbnradio.org\/german\/ressourcen\/was-die-bibel-lehrt\/was-die-bibel-lehrt-auferstehung-des-leibes\/\",\"url\":\"https:\/\/bbn1.bbnradio.org\/german\/ressourcen\/was-die-bibel-lehrt\/was-die-bibel-lehrt-auferstehung-des-leibes\/\",\"name\":\"Was die Bibel lehrt - AUFERSTEHUNG DES LEIBES - BBN\",\"isPartOf\":{\"@id\":\"https:\/\/bbn1.bbnradio.org\/german\/#website\"},\"datePublished\":\"2016-04-04T20:19:38+00:00\",\"dateModified\":\"2019-02-08T16:14:48+00:00\",\"breadcrumb\":{\"@id\":\"https:\/\/bbn1.bbnradio.org\/german\/ressourcen\/was-die-bibel-lehrt\/was-die-bibel-lehrt-auferstehung-des-leibes\/#breadcrumb\"},\"inLanguage\":\"de\",\"potentialAction\":[{\"@type\":\"ReadAction\",\"target\":[\"https:\/\/bbn1.bbnradio.org\/german\/ressourcen\/was-die-bibel-lehrt\/was-die-bibel-lehrt-auferstehung-des-leibes\/\"]}]},{\"@type\":\"BreadcrumbList\",\"@id\":\"https:\/\/bbn1.bbnradio.org\/german\/ressourcen\/was-die-bibel-lehrt\/was-die-bibel-lehrt-auferstehung-des-leibes\/#breadcrumb\",\"itemListElement\":[{\"@type\":\"ListItem\",\"position\":1,\"name\":\"Home\",\"item\":\"https:\/\/bbn1.bbnradio.org\/german\/home\/\"},{\"@type\":\"ListItem\",\"position\":2,\"name\":\"Ressourcen\",\"item\":\"https:\/\/bbn1.bbnradio.org\/german\/ressourcen\/\"},{\"@type\":\"ListItem\",\"position\":3,\"name\":\"Was die Bibel lehrt\",\"item\":\"https:\/\/bbn1.bbnradio.org\/german\/ressourcen\/was-die-bibel-lehrt\/\"},{\"@type\":\"ListItem\",\"position\":4,\"name\":\"Was die Bibel lehrt &#8211; AUFERSTEHUNG DES LEIBES\"}]},{\"@type\":\"WebSite\",\"@id\":\"https:\/\/bbn1.bbnradio.org\/german\/#website\",\"url\":\"https:\/\/bbn1.bbnradio.org\/german\/\",\"name\":\"BBN\",\"description\":\"BBN\",\"potentialAction\":[{\"@type\":\"SearchAction\",\"target\":{\"@type\":\"EntryPoint\",\"urlTemplate\":\"https:\/\/bbn1.bbnradio.org\/german\/?s={search_term_string}\"},\"query-input\":{\"@type\":\"PropertyValueSpecification\",\"valueRequired\":true,\"valueName\":\"search_term_string\"}}],\"inLanguage\":\"de\"}]}<\/script>\n<!-- \/ Yoast SEO Premium plugin. -->","yoast_head_json":{"title":"Was die Bibel lehrt - AUFERSTEHUNG DES LEIBES - BBN","robots":{"index":"index","follow":"follow","max-snippet":"max-snippet:-1","max-image-preview":"max-image-preview:large","max-video-preview":"max-video-preview:-1"},"canonical":"https:\/\/bbn1.bbnradio.org\/german\/ressourcen\/was-die-bibel-lehrt\/was-die-bibel-lehrt-auferstehung-des-leibes\/","og_locale":"de_DE","og_type":"article","og_title":"Was die Bibel lehrt - AUFERSTEHUNG DES LEIBES","og_description":"AUFERSTEHUNG DES LEIBES Die Bibel spricht viel \u00fcber leibliche Auferstehung. An verschiedenen Stellen lesen wir, dass Tote auferweckt wurden. Das waren wunderhafte Zeugnisse der Macht Gottes \u00fcber den Tod. Aber da sie letztlich doch wieder starben, handelte es sich nicht um eine Auferstehung, sondern vielmehr um eine Wiederbelebung. Lazarus ist ein gutes Beispiel hierf\u00fcr (Johannes [&hellip;]","og_url":"https:\/\/bbn1.bbnradio.org\/german\/ressourcen\/was-die-bibel-lehrt\/was-die-bibel-lehrt-auferstehung-des-leibes\/","og_site_name":"BBN","article_publisher":"https:\/\/www.facebook.com\/BBNGerman\/","article_modified_time":"2019-02-08T16:14:48+00:00","twitter_card":"summary_large_image","twitter_site":"@BBNDeutsch","twitter_misc":{"Gesch\u00e4tzte Lesezeit":"2\u00a0Minuten"},"schema":{"@context":"https:\/\/schema.org","@graph":[{"@type":"WebPage","@id":"https:\/\/bbn1.bbnradio.org\/german\/ressourcen\/was-die-bibel-lehrt\/was-die-bibel-lehrt-auferstehung-des-leibes\/","url":"https:\/\/bbn1.bbnradio.org\/german\/ressourcen\/was-die-bibel-lehrt\/was-die-bibel-lehrt-auferstehung-des-leibes\/","name":"Was die Bibel lehrt - AUFERSTEHUNG DES LEIBES - BBN","isPartOf":{"@id":"https:\/\/bbn1.bbnradio.org\/german\/#website"},"datePublished":"2016-04-04T20:19:38+00:00","dateModified":"2019-02-08T16:14:48+00:00","breadcrumb":{"@id":"https:\/\/bbn1.bbnradio.org\/german\/ressourcen\/was-die-bibel-lehrt\/was-die-bibel-lehrt-auferstehung-des-leibes\/#breadcrumb"},"inLanguage":"de","potentialAction":[{"@type":"ReadAction","target":["https:\/\/bbn1.bbnradio.org\/german\/ressourcen\/was-die-bibel-lehrt\/was-die-bibel-lehrt-auferstehung-des-leibes\/"]}]},{"@type":"BreadcrumbList","@id":"https:\/\/bbn1.bbnradio.org\/german\/ressourcen\/was-die-bibel-lehrt\/was-die-bibel-lehrt-auferstehung-des-leibes\/#breadcrumb","itemListElement":[{"@type":"ListItem","position":1,"name":"Home","item":"https:\/\/bbn1.bbnradio.org\/german\/home\/"},{"@type":"ListItem","position":2,"name":"Ressourcen","item":"https:\/\/bbn1.bbnradio.org\/german\/ressourcen\/"},{"@type":"ListItem","position":3,"name":"Was die Bibel lehrt","item":"https:\/\/bbn1.bbnradio.org\/german\/ressourcen\/was-die-bibel-lehrt\/"},{"@type":"ListItem","position":4,"name":"Was die Bibel lehrt &#8211; AUFERSTEHUNG DES LEIBES"}]},{"@type":"WebSite","@id":"https:\/\/bbn1.bbnradio.org\/german\/#website","url":"https:\/\/bbn1.bbnradio.org\/german\/","name":"BBN","description":"BBN","potentialAction":[{"@type":"SearchAction","target":{"@type":"EntryPoint","urlTemplate":"https:\/\/bbn1.bbnradio.org\/german\/?s={search_term_string}"},"query-input":{"@type":"PropertyValueSpecification","valueRequired":true,"valueName":"search_term_string"}}],"inLanguage":"de"}]}},"jetpack_sharing_enabled":true,"jetpack_shortlink":"https:\/\/wp.me\/PgZlJB-1YC","_links":{"self":[{"href":"https:\/\/bbn1.bbnradio.org\/german\/wp-json\/wp\/v2\/pages\/7602","targetHints":{"allow":["GET"]}}],"collection":[{"href":"https:\/\/bbn1.bbnradio.org\/german\/wp-json\/wp\/v2\/pages"}],"about":[{"href":"https:\/\/bbn1.bbnradio.org\/german\/wp-json\/wp\/v2\/types\/page"}],"author":[{"embeddable":true,"href":"https:\/\/bbn1.bbnradio.org\/german\/wp-json\/wp\/v2\/users\/27"}],"replies":[{"embeddable":true,"href":"https:\/\/bbn1.bbnradio.org\/german\/wp-json\/wp\/v2\/comments?post=7602"}],"version-history":[{"count":2,"href":"https:\/\/bbn1.bbnradio.org\/german\/wp-json\/wp\/v2\/pages\/7602\/revisions"}],"predecessor-version":[{"id":13604,"href":"https:\/\/bbn1.bbnradio.org\/german\/wp-json\/wp\/v2\/pages\/7602\/revisions\/13604"}],"up":[{"embeddable":true,"href":"https:\/\/bbn1.bbnradio.org\/german\/wp-json\/wp\/v2\/pages\/5034"}],"wp:attachment":[{"href":"https:\/\/bbn1.bbnradio.org\/german\/wp-json\/wp\/v2\/media?parent=7602"}],"wp:term":[{"taxonomy":"category","embeddable":true,"href":"https:\/\/bbn1.bbnradio.org\/german\/wp-json\/wp\/v2\/categories?post=7602"},{"taxonomy":"post_tag","embeddable":true,"href":"https:\/\/bbn1.bbnradio.org\/german\/wp-json\/wp\/v2\/tags?post=7602"}],"curies":[{"name":"wp","href":"https:\/\/api.w.org\/{rel}","templated":true}]}}