{"id":7604,"date":"2016-04-04T16:20:34","date_gmt":"2016-04-04T20:20:34","guid":{"rendered":"https:\/\/bbn1.bbnradio.org\/english\/?page_id=7604"},"modified":"2019-02-08T13:27:44","modified_gmt":"2019-02-08T18:27:44","slug":"was-sagt-die-bibel-uber-die-holle","status":"publish","type":"page","link":"https:\/\/bbn1.bbnradio.org\/german\/ressourcen\/was-die-bibel-lehrt\/was-sagt-die-bibel-uber-die-holle\/","title":{"rendered":"Was sagt die Bibel \u00fcber die H\u00f6lle"},"content":{"rendered":"<p>WAS SAGT DIE BIBEL \u00dcBER DIE H\u00d6LLE?<\/p>\n<p>Wie wir bereits festgestellt haben, treten der Geist und die Seele eines Ungl\u00e4ubigen bei Eintritt des Todes den Weg zur H\u00f6lle an. Diese ist ein Ort des bewussten Straferleidens. Von der Seele in der H\u00f6lle wird als von einer Person gesprochen, die Augen, Ohren, Finger, eine Zunge und ein Ged\u00e4chtnis besitzt. \u00dcber die Bedingungen in der H\u00f6lle werden wir nicht in Unkenntnis gelassen (Lukas 16,23-25 &#8211; Anmerkung des \u00dcbersetzers: Im griechischen Text spricht Vers 23 vom <em>Hades<\/em> [hebr\u00e4isch <em>Scheol<\/em>], gemeinhin mit \u201eTotenreich\u201c \u00fcbersetzt). Hier wird kein Gleichnis erz\u00e4hlt, denn Gleichnisse (Parabeln) nennen ja keine pers\u00f6nlichen Namen. Hier haben wir es mit einem tats\u00e4chlichen Vorgang zu tun.<\/p>\n<p>Dann spricht die Bibel von dem endg\u00fcltigen Ort der Qual im Zusammenhang mit dem Endgericht. Dieser Ort wird der \u201eFeuersee\u201c genannt. Beim Gericht vor dem Gro\u00dfen Wei\u00dfen Thron werden die Seelen der Unseligen mit ihren wieder aus den Gr\u00e4bern hervorgehenden Leibern vereint. Christus wird dann \u00fcber die unerretteten Toten das letzte Gerichtsurteil sprechen, und sie werden in den Feuersee geworfen werden, den ewigen Aufenthaltsort der Verlorenen (Offenbarung 20,11-15). Das in manchen Bibel\u00fcbersetzungen mit \u201eH\u00f6lle\u201c wiedergegebene Totenreich (Lukas 16,23) kann man somit mit einem Untersuchungsgef\u00e4ngnis vergleichen, in dem die Gefangenen auf den Urteilspruch warten; sie werden von dort aus dem Richter vorgef\u00fchrt. In Offenbarung 20,9-15 lesen wir vom Gro\u00dfen Wei\u00dfen Thron, dem Gericht Satans und aller derer, die Christus abgelehnt haben und Satan gefolgt sind.<br \/>\nDer Feuersee wiederum kann mit einem Gef\u00e4ngnis verglichen werden, in dem die Verurteilten die Ewigkeit zubringen. Wenn unser Herr die H\u00f6lle beschreibt, dann spricht er von dem Wurm, der nicht stirbt, und dem Feuer, das nicht verl\u00f6scht. (Markus 9,43-48). Sie ist ein Ort bewusst erlittener Pein, ein Ort mit buchst\u00e4blichem Feuer, die ewige Strafe der S\u00fcnde.<\/p>\n<p>Das Buch Offenbarung gebraucht die Aussage \u201evon Ewigkeit zu Ewigkeit\u201c, um die Tragik der Verlorenen zu beschreiben (Offenbarung 14,11). Kann ein Gott der Liebe Menschen zur H\u00f6lle fahren lassen?<\/p>\n<p>A. Gott will nicht, dass Menschen verloren gehen. Himmel und H\u00f6lle sind beides eine pers\u00f6nliche Wahl, die jeder einzelne w\u00e4hrend seines Erdenlebens trifft. Gott hat durch das Werk seines Sohnes am Kreuz von Golgatha die Erl\u00f6sung der Menschen geschaffen (R\u00f6mer 5,6-8). Wenn die Menschen den Erl\u00f6ser ablehnen, dann gehen sie aufgrund ihrer eigenen Entscheidung in die H\u00f6lle. Jemand hat einmal gesagt, dass Gott die S\u00fcnder so sehr liebt, dass er ihnen, wenn sie sich daf\u00fcr entscheiden, lieber in die H\u00f6lle zu gehen als in den Himmel, diese Wahl zugesteht und sie gehen l\u00e4sst. Wir m\u00fcssen also festhalten, dass der einzelne selbst die Wahl trifft.<\/p>\n<p>B. Gott ist ein Gott der Liebe (1. Johannes 4,8), aber er ist auch heilig (1. Petrus 1,16). Er muss die S\u00fcnde bestrafen. Wenn er zulie\u00dfe, dass S\u00fcnde in den Himmel gelangt, dann w\u00fcrde diese alles zerst\u00f6ren, was er zur Errettung der Menschheit getan hat. Satan hat seine Wahl im Garten Eden getroffen. Der Mensch trifft seine Wahl w\u00e4hrend seiner Lebenszeit. Beim Tod liegt die ewige Bestimmung bereits fest. Es gibt kein Fegefeuer oder einen Zwischenort. Die Bibel lehrt klar und deutlich, dass es nur zwei Orte gibt. Matth\u00e4us 25,46: \u201eUnd diese werden in die ewige Strafe gehen, aber die Gerechten in das ewige Leben.\u201c<\/p>\n<p>C. Wenn Kranke ins Krankenhaus, Kriminelle ins Gef\u00e4ngnis und Tote zum Friedhof gebracht werden m\u00fcssen, bedeutet das keinen Mangel an Liebe seitens derer, denen dies obliegt. Was aber ist mit den Heiden, die noch nie das Evangelium geh\u00f6rt haben? Sie sind wie der Rest der Menschheit verlorene S\u00fcnder, die nur Christus retten kann. Dass es einen Gott gibt, sagen ihnen die Sch\u00f6pfungswerke (R\u00f6mer 1,20; Psalm 19,1). Auch ihr Gewissen gibt ihnen Zeugnis (R\u00f6mer 2,15). Wenn sie dem Licht gem\u00e4\u00df leben, das ihnen bereits geschenkt ist, dann wird Gott ihnen mehr Licht geben (man denke hier an den Hauptmann Cornelius, Apostelgeschichte 10 und 11).<\/p>\n<!-- AddThis Advanced Settings generic via filter on the_content --><!-- AddThis Share Buttons generic via filter on the_content -->","protected":false},"excerpt":{"rendered":"<p>WAS SAGT DIE BIBEL \u00dcBER DIE H\u00d6LLE? Wie wir bereits festgestellt haben, treten der Geist und die Seele eines Ungl\u00e4ubigen bei Eintritt des Todes den Weg zur H\u00f6lle an. Diese ist ein Ort des bewussten Straferleidens. Von der Seele in der H\u00f6lle wird als von einer Person gesprochen, die Augen, Ohren, Finger, eine Zunge und [&hellip;]<!-- AddThis Advanced Settings generic via filter on get_the_excerpt --><!-- AddThis Share Buttons generic via filter on get_the_excerpt --><\/p>\n","protected":false},"author":27,"featured_media":0,"parent":5034,"menu_order":0,"comment_status":"closed","ping_status":"closed","template":"","meta":{"footnotes":""},"categories":[],"tags":[],"class_list":["post-7604","page","type-page","status-publish","hentry"],"yoast_head":"<!-- This site is optimized with the Yoast SEO Premium plugin v24.8 (Yoast SEO v24.8.1) - https:\/\/yoast.com\/wordpress\/plugins\/seo\/ -->\n<title>Was sagt die Bibel \u00fcber die H\u00f6lle - BBN<\/title>\n<meta name=\"robots\" content=\"index, follow, max-snippet:-1, max-image-preview:large, max-video-preview:-1\" \/>\n<link rel=\"canonical\" href=\"https:\/\/bbn1.bbnradio.org\/german\/ressourcen\/was-die-bibel-lehrt\/was-sagt-die-bibel-uber-die-holle\/\" \/>\n<meta property=\"og:locale\" content=\"de_DE\" \/>\n<meta property=\"og:type\" content=\"article\" \/>\n<meta property=\"og:title\" content=\"Was sagt die Bibel \u00fcber die H\u00f6lle\" \/>\n<meta property=\"og:description\" content=\"WAS SAGT DIE BIBEL \u00dcBER DIE H\u00d6LLE? Wie wir bereits festgestellt haben, treten der Geist und die Seele eines Ungl\u00e4ubigen bei Eintritt des Todes den Weg zur H\u00f6lle an. Diese ist ein Ort des bewussten Straferleidens. Von der Seele in der H\u00f6lle wird als von einer Person gesprochen, die Augen, Ohren, Finger, eine Zunge und [&hellip;]\" \/>\n<meta property=\"og:url\" content=\"https:\/\/bbn1.bbnradio.org\/german\/ressourcen\/was-die-bibel-lehrt\/was-sagt-die-bibel-uber-die-holle\/\" \/>\n<meta property=\"og:site_name\" content=\"BBN\" \/>\n<meta property=\"article:publisher\" content=\"https:\/\/www.facebook.com\/BBNGerman\/\" \/>\n<meta property=\"article:modified_time\" content=\"2019-02-08T18:27:44+00:00\" \/>\n<meta name=\"twitter:card\" content=\"summary_large_image\" \/>\n<meta name=\"twitter:site\" content=\"@BBNDeutsch\" \/>\n<meta name=\"twitter:label1\" content=\"Gesch\u00e4tzte Lesezeit\" \/>\n\t<meta name=\"twitter:data1\" content=\"3\u00a0Minuten\" \/>\n<script type=\"application\/ld+json\" class=\"yoast-schema-graph\">{\"@context\":\"https:\/\/schema.org\",\"@graph\":[{\"@type\":\"WebPage\",\"@id\":\"https:\/\/bbn1.bbnradio.org\/german\/ressourcen\/was-die-bibel-lehrt\/was-sagt-die-bibel-uber-die-holle\/\",\"url\":\"https:\/\/bbn1.bbnradio.org\/german\/ressourcen\/was-die-bibel-lehrt\/was-sagt-die-bibel-uber-die-holle\/\",\"name\":\"Was sagt die Bibel \u00fcber die H\u00f6lle - BBN\",\"isPartOf\":{\"@id\":\"https:\/\/bbn1.bbnradio.org\/german\/#website\"},\"datePublished\":\"2016-04-04T20:20:34+00:00\",\"dateModified\":\"2019-02-08T18:27:44+00:00\",\"breadcrumb\":{\"@id\":\"https:\/\/bbn1.bbnradio.org\/german\/ressourcen\/was-die-bibel-lehrt\/was-sagt-die-bibel-uber-die-holle\/#breadcrumb\"},\"inLanguage\":\"de\",\"potentialAction\":[{\"@type\":\"ReadAction\",\"target\":[\"https:\/\/bbn1.bbnradio.org\/german\/ressourcen\/was-die-bibel-lehrt\/was-sagt-die-bibel-uber-die-holle\/\"]}]},{\"@type\":\"BreadcrumbList\",\"@id\":\"https:\/\/bbn1.bbnradio.org\/german\/ressourcen\/was-die-bibel-lehrt\/was-sagt-die-bibel-uber-die-holle\/#breadcrumb\",\"itemListElement\":[{\"@type\":\"ListItem\",\"position\":1,\"name\":\"Home\",\"item\":\"https:\/\/bbn1.bbnradio.org\/german\/home\/\"},{\"@type\":\"ListItem\",\"position\":2,\"name\":\"Ressourcen\",\"item\":\"https:\/\/bbn1.bbnradio.org\/german\/ressourcen\/\"},{\"@type\":\"ListItem\",\"position\":3,\"name\":\"Was die Bibel lehrt\",\"item\":\"https:\/\/bbn1.bbnradio.org\/german\/ressourcen\/was-die-bibel-lehrt\/\"},{\"@type\":\"ListItem\",\"position\":4,\"name\":\"Was sagt die Bibel \u00fcber die H\u00f6lle\"}]},{\"@type\":\"WebSite\",\"@id\":\"https:\/\/bbn1.bbnradio.org\/german\/#website\",\"url\":\"https:\/\/bbn1.bbnradio.org\/german\/\",\"name\":\"BBN\",\"description\":\"BBN\",\"potentialAction\":[{\"@type\":\"SearchAction\",\"target\":{\"@type\":\"EntryPoint\",\"urlTemplate\":\"https:\/\/bbn1.bbnradio.org\/german\/?s={search_term_string}\"},\"query-input\":{\"@type\":\"PropertyValueSpecification\",\"valueRequired\":true,\"valueName\":\"search_term_string\"}}],\"inLanguage\":\"de\"}]}<\/script>\n<!-- \/ Yoast SEO Premium plugin. -->","yoast_head_json":{"title":"Was sagt die Bibel \u00fcber die H\u00f6lle - BBN","robots":{"index":"index","follow":"follow","max-snippet":"max-snippet:-1","max-image-preview":"max-image-preview:large","max-video-preview":"max-video-preview:-1"},"canonical":"https:\/\/bbn1.bbnradio.org\/german\/ressourcen\/was-die-bibel-lehrt\/was-sagt-die-bibel-uber-die-holle\/","og_locale":"de_DE","og_type":"article","og_title":"Was sagt die Bibel \u00fcber die H\u00f6lle","og_description":"WAS SAGT DIE BIBEL \u00dcBER DIE H\u00d6LLE? Wie wir bereits festgestellt haben, treten der Geist und die Seele eines Ungl\u00e4ubigen bei Eintritt des Todes den Weg zur H\u00f6lle an. Diese ist ein Ort des bewussten Straferleidens. Von der Seele in der H\u00f6lle wird als von einer Person gesprochen, die Augen, Ohren, Finger, eine Zunge und [&hellip;]","og_url":"https:\/\/bbn1.bbnradio.org\/german\/ressourcen\/was-die-bibel-lehrt\/was-sagt-die-bibel-uber-die-holle\/","og_site_name":"BBN","article_publisher":"https:\/\/www.facebook.com\/BBNGerman\/","article_modified_time":"2019-02-08T18:27:44+00:00","twitter_card":"summary_large_image","twitter_site":"@BBNDeutsch","twitter_misc":{"Gesch\u00e4tzte Lesezeit":"3\u00a0Minuten"},"schema":{"@context":"https:\/\/schema.org","@graph":[{"@type":"WebPage","@id":"https:\/\/bbn1.bbnradio.org\/german\/ressourcen\/was-die-bibel-lehrt\/was-sagt-die-bibel-uber-die-holle\/","url":"https:\/\/bbn1.bbnradio.org\/german\/ressourcen\/was-die-bibel-lehrt\/was-sagt-die-bibel-uber-die-holle\/","name":"Was sagt die Bibel \u00fcber die H\u00f6lle - BBN","isPartOf":{"@id":"https:\/\/bbn1.bbnradio.org\/german\/#website"},"datePublished":"2016-04-04T20:20:34+00:00","dateModified":"2019-02-08T18:27:44+00:00","breadcrumb":{"@id":"https:\/\/bbn1.bbnradio.org\/german\/ressourcen\/was-die-bibel-lehrt\/was-sagt-die-bibel-uber-die-holle\/#breadcrumb"},"inLanguage":"de","potentialAction":[{"@type":"ReadAction","target":["https:\/\/bbn1.bbnradio.org\/german\/ressourcen\/was-die-bibel-lehrt\/was-sagt-die-bibel-uber-die-holle\/"]}]},{"@type":"BreadcrumbList","@id":"https:\/\/bbn1.bbnradio.org\/german\/ressourcen\/was-die-bibel-lehrt\/was-sagt-die-bibel-uber-die-holle\/#breadcrumb","itemListElement":[{"@type":"ListItem","position":1,"name":"Home","item":"https:\/\/bbn1.bbnradio.org\/german\/home\/"},{"@type":"ListItem","position":2,"name":"Ressourcen","item":"https:\/\/bbn1.bbnradio.org\/german\/ressourcen\/"},{"@type":"ListItem","position":3,"name":"Was die Bibel lehrt","item":"https:\/\/bbn1.bbnradio.org\/german\/ressourcen\/was-die-bibel-lehrt\/"},{"@type":"ListItem","position":4,"name":"Was sagt die Bibel \u00fcber die H\u00f6lle"}]},{"@type":"WebSite","@id":"https:\/\/bbn1.bbnradio.org\/german\/#website","url":"https:\/\/bbn1.bbnradio.org\/german\/","name":"BBN","description":"BBN","potentialAction":[{"@type":"SearchAction","target":{"@type":"EntryPoint","urlTemplate":"https:\/\/bbn1.bbnradio.org\/german\/?s={search_term_string}"},"query-input":{"@type":"PropertyValueSpecification","valueRequired":true,"valueName":"search_term_string"}}],"inLanguage":"de"}]}},"jetpack_sharing_enabled":true,"jetpack_shortlink":"https:\/\/wp.me\/PgZlJB-1YE","_links":{"self":[{"href":"https:\/\/bbn1.bbnradio.org\/german\/wp-json\/wp\/v2\/pages\/7604","targetHints":{"allow":["GET"]}}],"collection":[{"href":"https:\/\/bbn1.bbnradio.org\/german\/wp-json\/wp\/v2\/pages"}],"about":[{"href":"https:\/\/bbn1.bbnradio.org\/german\/wp-json\/wp\/v2\/types\/page"}],"author":[{"embeddable":true,"href":"https:\/\/bbn1.bbnradio.org\/german\/wp-json\/wp\/v2\/users\/27"}],"replies":[{"embeddable":true,"href":"https:\/\/bbn1.bbnradio.org\/german\/wp-json\/wp\/v2\/comments?post=7604"}],"version-history":[{"count":2,"href":"https:\/\/bbn1.bbnradio.org\/german\/wp-json\/wp\/v2\/pages\/7604\/revisions"}],"predecessor-version":[{"id":13644,"href":"https:\/\/bbn1.bbnradio.org\/german\/wp-json\/wp\/v2\/pages\/7604\/revisions\/13644"}],"up":[{"embeddable":true,"href":"https:\/\/bbn1.bbnradio.org\/german\/wp-json\/wp\/v2\/pages\/5034"}],"wp:attachment":[{"href":"https:\/\/bbn1.bbnradio.org\/german\/wp-json\/wp\/v2\/media?parent=7604"}],"wp:term":[{"taxonomy":"category","embeddable":true,"href":"https:\/\/bbn1.bbnradio.org\/german\/wp-json\/wp\/v2\/categories?post=7604"},{"taxonomy":"post_tag","embeddable":true,"href":"https:\/\/bbn1.bbnradio.org\/german\/wp-json\/wp\/v2\/tags?post=7604"}],"curies":[{"name":"wp","href":"https:\/\/api.w.org\/{rel}","templated":true}]}}