{"id":7608,"date":"2016-04-04T16:22:24","date_gmt":"2016-04-04T20:22:24","guid":{"rendered":"https:\/\/bbn1.bbnradio.org\/english\/?page_id=7608"},"modified":"2019-02-08T13:01:53","modified_gmt":"2019-02-08T18:01:53","slug":"was-die-bibel-lehrt-zukunftige-ereignisse","status":"publish","type":"page","link":"https:\/\/bbn1.bbnradio.org\/german\/ressourcen\/was-die-bibel-lehrt\/was-die-bibel-lehrt-zukunftige-ereignisse\/","title":{"rendered":"Was die Bibel lehrt &#8211; ZUK\u00dcNFTIGE EREIGNISSE"},"content":{"rendered":"<p>ZUK\u00dcNFTIGE EREIGNISSE<\/p>\n<p>Jeder, der die Bibel studiert, ist davon fasziniert, was sie \u00fcber noch in der Zukunft liegende Ereignisse sagt. Einzig und allein in der Bibel wird die Zukunft vor uns aufgetan. Schauen wir uns einmal einige dieser Ereignisse in ihrer Abfolge an.<\/p>\n<p>I. CHRISTUS KOMMT, UM SEINE HEILIGEN HEIMZUHOLEN<\/p>\n<p>Das n\u00e4chste Ereignis in \u201eGottes Terminplan\u201c ist das Kommen Christi mit dem Ziel, die Seinen zu sich in den Himmel zu holen (1. Thessalonicher 4,13-18). Das ist die so genannte \u201eEntr\u00fcckung\u201c der Gemeinde. Christus wird vom Himmel herabkommen, die Posaune wird erschallen, und die Leiber der verstorbenen Gl\u00e4ubigen werden auferweckt werden. Dann werden die noch lebenden Gl\u00e4ubigen zusammen mit ihnen dem Herrn entgegen in die Luft emporger\u00fcckt.<\/p>\n<p>Das wird in \u201eeinem Augenblick\u201c geschehen. Diese Schriftstelle ist der Handlungsablauf des Geschehens. Lesen Sie sie einmal langsam und sehr genau durch, denn es geht um Sie, wenn Sie Jesus Christus schon als Ihren Retter kennen (1. Korinther 15,51-58). Vielleicht geschieht es schon heute!<\/p>\n<p>Halten wir die folgenden Fakten \u00fcber das Kommen Christi fest:<\/p>\n<p>A. Es kann von einem Augenblick zum anderen geschehen (Offenbarung 22,7).<br \/>\nB. Nur die, die wirklich errettet sind, werden daran teilhaben (1. Korinther 15,23)<br \/>\nC. Nicht alle Gl\u00e4ubigen werden sterben, aber alle werden verwandelt werden (1. Korinther 15,51).<br \/>\nD. Die Gl\u00e4ubigen werden ihm gleich sein (1. Johannes 3,2; R\u00f6mer 8,16-25).<\/p>\n<p>II. DIE GROSSE TR\u00dcBSAL<\/p>\n<p>Matth\u00e4us 24,5-31 und ein Gro\u00dfteil des Buches Offenbarung deckt diese Epoche der Weltgeschichte ab. Nach der Entr\u00fcckung wird die Erde eine Zeit gro\u00dfen Leidens und Kummers erleben, die als die Gro\u00dfe Tr\u00fcbsal bezeichnet wird. Zu dieser Zeit wird das j\u00fcdische Volk im Stand des Unglaubens nach Pal\u00e4stina zur\u00fcckkehren. Ein gro\u00dfer b\u00f6ser Herrscher wird auftreten, \u201eAntichrist\u201c genannt (was so viel hei\u00dft wie \u201egegen Christus\u201c oder \u201eanstatt Christus\u201c). Er wird von den Menschen verlangen, ihn anzubeten, und er wird Israel t\u00e4uschen. Es wird eine so notvolle Zeit sein, dass, wenn die Tage nicht verk\u00fcrzt w\u00fcrden, niemand am Leben bleiben k\u00f6nnte. Gott aber wird diejenigen seines auserw\u00e4hlten Volkes, die ihm treu waren, bewahren.<\/p>\n<p>III. ANTRITT DER HERRSCHAFT CHRISTI<\/p>\n<p>In den ersten dreieinhalb Jahren der Tr\u00fcbsal wird der Antichrist den Juden einreden, dass er ihr Freund sei, und sich dem Anschauen nach f\u00fcr ihren Schutz einsetzen. In der Mitte der sieben Jahre wird er sich gegen sie kehren und offenbaren, wer er wirklich ist. Dann wird es gro\u00dfe Verfolgungen und K\u00e4mpfe geben, wie sie die Geschichte noch nie gekannt hat; an deren Ende steht die Schlacht von Harmagedon.<\/p>\n<p>Maleachi 3,19-21 (Anmerkung des \u00dcbersetzers: In der deutschen Bibel weicht an dieser Stelle die Kapitel- und Versz\u00e4hlung von der englischen Bibel (dortselbst Malachi 4:1-3) ab). Am Ende der Tr\u00fcbsalszeit wird der Herr Jesus Christus mit den \u201eHeeren im Himmel\u201c mit gro\u00dfer Macht und Herrlichkeit zur Erde zur\u00fcckkehren, und die Seinen werden mit ihm regieren. Er wird seine Feinde sowie den Antichristen besiegen und die Nationen richten, die die Getreuen des j\u00fcdischen Volkes verfolgt haben. Der Satan wird auf 1000 Jahre gefesselt in den Abgrund geworfen werden (Offenbarung 20,1-3).<\/p>\n<p>IV. DAS TAUSENDJ\u00c4HRIGE REICH<\/p>\n<p>Jesaja 32,1; 35,1-7; 65, 17-25: Wenn Christi Gerichtswerk vollendet ist, wird er sein Reich auf der Erde errichten. Jerusalem wird seine Hauptstadt sein. Er wird 1000 Jahre auf der Erde regieren. Diese Epoche wird als \u201etausendj\u00e4hriges Reich\u201c bezeichnet. Es wird eine \u00c4ra von Frieden und Gl\u00fcck sein. Wir lesen, dass gar die Natur v\u00f6llig anders sein wird, denn der L\u00f6we wird neben dem Lamm liegen. Die W\u00fcste wird bl\u00fchen wie eine Rose. Die Menschen werden ein sehr hohes Alter erreichen. Es wird eine Zeit gro\u00dfen Wohlstands und ohne Kriege sein. Die S\u00fcnde wird zwar nicht ganz abwesend sein, doch wenn sie vorkommt, wird sie auf der Stelle geahndet.<\/p>\n<p>V. DAS GERICHT DES GROSSEN WEISSEN THRONES<\/p>\n<p>Offenbarung 20,11-15. Am Ende der 1000-j\u00e4hrigen Regentschaft Christi wird das Weltgericht stattfinden. Dies ist das Gericht \u00fcber die gottlosen Toten. Es betrifft niemanden, der gerettet ist. Die Gr\u00e4ber werden die Leiber der ungl\u00e4ubigen Menschen hergeben und der Hades bzw. die H\u00f6lle deren Seelen. Sie werden dann vor Christus stehen, um gerichtet zu werden. B\u00fccher werden aufgetan (Offenbarung 20,11-15). Alle werden nach ihren Werken gerichtet. Da ihre Namen nicht im Lebensbuch des Lammes zu finden sind, werden sie schlie\u00dflich als schuldig erfunden und zum Feuersee verurteilt, wo sie bei vollem Bewusstsein ewige Strafe erleiden.<\/p>\n<p>VI. DIE EWIGKEIT<\/p>\n<p>Offenbarung 21,1-8. Das Finale der Zukunft ist die Ewigkeit. Die Erde, wie wir sie kennen, wird vom Feuer zerst\u00f6rt worden sein. Zeit, wie wir sie kennen, gibt es nicht mehr. Alle wahren Gl\u00e4ubigen werden sich ohne Ende des Gl\u00fcckes des Himmels erfreuen. Alle, die den Erretter abgelehnt haben, m\u00fcssen in der \u201edunklen Finsternis\u201c auf immer und ewig leiden. Die letztg\u00fcltige Frage, die sich uns allen stellt und die jeder von uns zum Ende des ersten Teils von \u201eWas die Bibel lehrt\u201c beantworten muss, lautet: \u201eWo werde ich die Ewigkeit verbringen?\u201c<\/p>\n<!-- AddThis Advanced Settings generic via filter on the_content --><!-- AddThis Share Buttons generic via filter on the_content -->","protected":false},"excerpt":{"rendered":"<p>ZUK\u00dcNFTIGE EREIGNISSE Jeder, der die Bibel studiert, ist davon fasziniert, was sie \u00fcber noch in der Zukunft liegende Ereignisse sagt. Einzig und allein in der Bibel wird die Zukunft vor uns aufgetan. Schauen wir uns einmal einige dieser Ereignisse in ihrer Abfolge an. I. CHRISTUS KOMMT, UM SEINE HEILIGEN HEIMZUHOLEN Das n\u00e4chste Ereignis in \u201eGottes [&hellip;]<!-- AddThis Advanced Settings generic via filter on get_the_excerpt --><!-- AddThis Share Buttons generic via filter on get_the_excerpt --><\/p>\n","protected":false},"author":27,"featured_media":0,"parent":5034,"menu_order":0,"comment_status":"closed","ping_status":"closed","template":"","meta":{"footnotes":""},"categories":[],"tags":[],"class_list":["post-7608","page","type-page","status-publish","hentry"],"yoast_head":"<!-- This site is optimized with the Yoast SEO Premium plugin v24.8 (Yoast SEO v24.8.1) - https:\/\/yoast.com\/wordpress\/plugins\/seo\/ -->\n<title>Was die Bibel lehrt - ZUK\u00dcNFTIGE EREIGNISSE - BBN<\/title>\n<meta name=\"robots\" content=\"index, follow, max-snippet:-1, max-image-preview:large, max-video-preview:-1\" \/>\n<link rel=\"canonical\" href=\"https:\/\/bbn1.bbnradio.org\/german\/ressourcen\/was-die-bibel-lehrt\/was-die-bibel-lehrt-zukunftige-ereignisse\/\" \/>\n<meta property=\"og:locale\" content=\"de_DE\" \/>\n<meta property=\"og:type\" content=\"article\" \/>\n<meta property=\"og:title\" content=\"Was die Bibel lehrt - ZUK\u00dcNFTIGE EREIGNISSE\" \/>\n<meta property=\"og:description\" content=\"ZUK\u00dcNFTIGE EREIGNISSE Jeder, der die Bibel studiert, ist davon fasziniert, was sie \u00fcber noch in der Zukunft liegende Ereignisse sagt. Einzig und allein in der Bibel wird die Zukunft vor uns aufgetan. Schauen wir uns einmal einige dieser Ereignisse in ihrer Abfolge an. I. CHRISTUS KOMMT, UM SEINE HEILIGEN HEIMZUHOLEN Das n\u00e4chste Ereignis in \u201eGottes [&hellip;]\" \/>\n<meta property=\"og:url\" content=\"https:\/\/bbn1.bbnradio.org\/german\/ressourcen\/was-die-bibel-lehrt\/was-die-bibel-lehrt-zukunftige-ereignisse\/\" \/>\n<meta property=\"og:site_name\" content=\"BBN\" \/>\n<meta property=\"article:publisher\" content=\"https:\/\/www.facebook.com\/BBNGerman\/\" \/>\n<meta property=\"article:modified_time\" content=\"2019-02-08T18:01:53+00:00\" \/>\n<meta name=\"twitter:card\" content=\"summary_large_image\" \/>\n<meta name=\"twitter:site\" content=\"@BBNDeutsch\" \/>\n<meta name=\"twitter:label1\" content=\"Gesch\u00e4tzte Lesezeit\" \/>\n\t<meta name=\"twitter:data1\" content=\"4\u00a0Minuten\" \/>\n<script type=\"application\/ld+json\" class=\"yoast-schema-graph\">{\"@context\":\"https:\/\/schema.org\",\"@graph\":[{\"@type\":\"WebPage\",\"@id\":\"https:\/\/bbn1.bbnradio.org\/german\/ressourcen\/was-die-bibel-lehrt\/was-die-bibel-lehrt-zukunftige-ereignisse\/\",\"url\":\"https:\/\/bbn1.bbnradio.org\/german\/ressourcen\/was-die-bibel-lehrt\/was-die-bibel-lehrt-zukunftige-ereignisse\/\",\"name\":\"Was die Bibel lehrt - ZUK\u00dcNFTIGE EREIGNISSE - BBN\",\"isPartOf\":{\"@id\":\"https:\/\/bbn1.bbnradio.org\/german\/#website\"},\"datePublished\":\"2016-04-04T20:22:24+00:00\",\"dateModified\":\"2019-02-08T18:01:53+00:00\",\"breadcrumb\":{\"@id\":\"https:\/\/bbn1.bbnradio.org\/german\/ressourcen\/was-die-bibel-lehrt\/was-die-bibel-lehrt-zukunftige-ereignisse\/#breadcrumb\"},\"inLanguage\":\"de\",\"potentialAction\":[{\"@type\":\"ReadAction\",\"target\":[\"https:\/\/bbn1.bbnradio.org\/german\/ressourcen\/was-die-bibel-lehrt\/was-die-bibel-lehrt-zukunftige-ereignisse\/\"]}]},{\"@type\":\"BreadcrumbList\",\"@id\":\"https:\/\/bbn1.bbnradio.org\/german\/ressourcen\/was-die-bibel-lehrt\/was-die-bibel-lehrt-zukunftige-ereignisse\/#breadcrumb\",\"itemListElement\":[{\"@type\":\"ListItem\",\"position\":1,\"name\":\"Home\",\"item\":\"https:\/\/bbn1.bbnradio.org\/german\/home\/\"},{\"@type\":\"ListItem\",\"position\":2,\"name\":\"Ressourcen\",\"item\":\"https:\/\/bbn1.bbnradio.org\/german\/ressourcen\/\"},{\"@type\":\"ListItem\",\"position\":3,\"name\":\"Was die Bibel lehrt\",\"item\":\"https:\/\/bbn1.bbnradio.org\/german\/ressourcen\/was-die-bibel-lehrt\/\"},{\"@type\":\"ListItem\",\"position\":4,\"name\":\"Was die Bibel lehrt &#8211; ZUK\u00dcNFTIGE EREIGNISSE\"}]},{\"@type\":\"WebSite\",\"@id\":\"https:\/\/bbn1.bbnradio.org\/german\/#website\",\"url\":\"https:\/\/bbn1.bbnradio.org\/german\/\",\"name\":\"BBN\",\"description\":\"BBN\",\"potentialAction\":[{\"@type\":\"SearchAction\",\"target\":{\"@type\":\"EntryPoint\",\"urlTemplate\":\"https:\/\/bbn1.bbnradio.org\/german\/?s={search_term_string}\"},\"query-input\":{\"@type\":\"PropertyValueSpecification\",\"valueRequired\":true,\"valueName\":\"search_term_string\"}}],\"inLanguage\":\"de\"}]}<\/script>\n<!-- \/ Yoast SEO Premium plugin. -->","yoast_head_json":{"title":"Was die Bibel lehrt - ZUK\u00dcNFTIGE EREIGNISSE - BBN","robots":{"index":"index","follow":"follow","max-snippet":"max-snippet:-1","max-image-preview":"max-image-preview:large","max-video-preview":"max-video-preview:-1"},"canonical":"https:\/\/bbn1.bbnradio.org\/german\/ressourcen\/was-die-bibel-lehrt\/was-die-bibel-lehrt-zukunftige-ereignisse\/","og_locale":"de_DE","og_type":"article","og_title":"Was die Bibel lehrt - ZUK\u00dcNFTIGE EREIGNISSE","og_description":"ZUK\u00dcNFTIGE EREIGNISSE Jeder, der die Bibel studiert, ist davon fasziniert, was sie \u00fcber noch in der Zukunft liegende Ereignisse sagt. Einzig und allein in der Bibel wird die Zukunft vor uns aufgetan. Schauen wir uns einmal einige dieser Ereignisse in ihrer Abfolge an. I. CHRISTUS KOMMT, UM SEINE HEILIGEN HEIMZUHOLEN Das n\u00e4chste Ereignis in \u201eGottes [&hellip;]","og_url":"https:\/\/bbn1.bbnradio.org\/german\/ressourcen\/was-die-bibel-lehrt\/was-die-bibel-lehrt-zukunftige-ereignisse\/","og_site_name":"BBN","article_publisher":"https:\/\/www.facebook.com\/BBNGerman\/","article_modified_time":"2019-02-08T18:01:53+00:00","twitter_card":"summary_large_image","twitter_site":"@BBNDeutsch","twitter_misc":{"Gesch\u00e4tzte Lesezeit":"4\u00a0Minuten"},"schema":{"@context":"https:\/\/schema.org","@graph":[{"@type":"WebPage","@id":"https:\/\/bbn1.bbnradio.org\/german\/ressourcen\/was-die-bibel-lehrt\/was-die-bibel-lehrt-zukunftige-ereignisse\/","url":"https:\/\/bbn1.bbnradio.org\/german\/ressourcen\/was-die-bibel-lehrt\/was-die-bibel-lehrt-zukunftige-ereignisse\/","name":"Was die Bibel lehrt - ZUK\u00dcNFTIGE EREIGNISSE - BBN","isPartOf":{"@id":"https:\/\/bbn1.bbnradio.org\/german\/#website"},"datePublished":"2016-04-04T20:22:24+00:00","dateModified":"2019-02-08T18:01:53+00:00","breadcrumb":{"@id":"https:\/\/bbn1.bbnradio.org\/german\/ressourcen\/was-die-bibel-lehrt\/was-die-bibel-lehrt-zukunftige-ereignisse\/#breadcrumb"},"inLanguage":"de","potentialAction":[{"@type":"ReadAction","target":["https:\/\/bbn1.bbnradio.org\/german\/ressourcen\/was-die-bibel-lehrt\/was-die-bibel-lehrt-zukunftige-ereignisse\/"]}]},{"@type":"BreadcrumbList","@id":"https:\/\/bbn1.bbnradio.org\/german\/ressourcen\/was-die-bibel-lehrt\/was-die-bibel-lehrt-zukunftige-ereignisse\/#breadcrumb","itemListElement":[{"@type":"ListItem","position":1,"name":"Home","item":"https:\/\/bbn1.bbnradio.org\/german\/home\/"},{"@type":"ListItem","position":2,"name":"Ressourcen","item":"https:\/\/bbn1.bbnradio.org\/german\/ressourcen\/"},{"@type":"ListItem","position":3,"name":"Was die Bibel lehrt","item":"https:\/\/bbn1.bbnradio.org\/german\/ressourcen\/was-die-bibel-lehrt\/"},{"@type":"ListItem","position":4,"name":"Was die Bibel lehrt &#8211; ZUK\u00dcNFTIGE EREIGNISSE"}]},{"@type":"WebSite","@id":"https:\/\/bbn1.bbnradio.org\/german\/#website","url":"https:\/\/bbn1.bbnradio.org\/german\/","name":"BBN","description":"BBN","potentialAction":[{"@type":"SearchAction","target":{"@type":"EntryPoint","urlTemplate":"https:\/\/bbn1.bbnradio.org\/german\/?s={search_term_string}"},"query-input":{"@type":"PropertyValueSpecification","valueRequired":true,"valueName":"search_term_string"}}],"inLanguage":"de"}]}},"jetpack_sharing_enabled":true,"jetpack_shortlink":"https:\/\/wp.me\/PgZlJB-1YI","_links":{"self":[{"href":"https:\/\/bbn1.bbnradio.org\/german\/wp-json\/wp\/v2\/pages\/7608","targetHints":{"allow":["GET"]}}],"collection":[{"href":"https:\/\/bbn1.bbnradio.org\/german\/wp-json\/wp\/v2\/pages"}],"about":[{"href":"https:\/\/bbn1.bbnradio.org\/german\/wp-json\/wp\/v2\/types\/page"}],"author":[{"embeddable":true,"href":"https:\/\/bbn1.bbnradio.org\/german\/wp-json\/wp\/v2\/users\/27"}],"replies":[{"embeddable":true,"href":"https:\/\/bbn1.bbnradio.org\/german\/wp-json\/wp\/v2\/comments?post=7608"}],"version-history":[{"count":3,"href":"https:\/\/bbn1.bbnradio.org\/german\/wp-json\/wp\/v2\/pages\/7608\/revisions"}],"predecessor-version":[{"id":13631,"href":"https:\/\/bbn1.bbnradio.org\/german\/wp-json\/wp\/v2\/pages\/7608\/revisions\/13631"}],"up":[{"embeddable":true,"href":"https:\/\/bbn1.bbnradio.org\/german\/wp-json\/wp\/v2\/pages\/5034"}],"wp:attachment":[{"href":"https:\/\/bbn1.bbnradio.org\/german\/wp-json\/wp\/v2\/media?parent=7608"}],"wp:term":[{"taxonomy":"category","embeddable":true,"href":"https:\/\/bbn1.bbnradio.org\/german\/wp-json\/wp\/v2\/categories?post=7608"},{"taxonomy":"post_tag","embeddable":true,"href":"https:\/\/bbn1.bbnradio.org\/german\/wp-json\/wp\/v2\/tags?post=7608"}],"curies":[{"name":"wp","href":"https:\/\/api.w.org\/{rel}","templated":true}]}}