{"id":7612,"date":"2016-04-04T16:24:21","date_gmt":"2016-04-04T20:24:21","guid":{"rendered":"https:\/\/bbn1.bbnradio.org\/english\/?page_id=7612"},"modified":"2019-02-08T13:11:40","modified_gmt":"2019-02-08T18:11:40","slug":"was-die-bibel-lehrt-christliche-lebensfuhrung","status":"publish","type":"page","link":"https:\/\/bbn1.bbnradio.org\/german\/ressourcen\/was-die-bibel-lehrt\/was-die-bibel-lehrt-christliche-lebensfuhrung\/","title":{"rendered":"Was die Bibel lehrt &#8211; CHRISTLICHE LEBENSF\u00dcHRUNG"},"content":{"rendered":"<p>CHRISTLICHE LEBENSF\u00dcHRUNG<\/p>\n<p>Wie kann ein Christ wissen, was er tun darf oder nicht? Ist es z.B. f\u00fcr einen Gl\u00e4ubigen in Ordnung, zum Tanz oder ins Theater zu gehen, Karten zu spielen, zu rauchen, zu trinken, Rockmusik zu h\u00f6ren oder bei anderen weltlichen Vergn\u00fcgungen und Am\u00fcsements mitzumachen? \u201eHabt nicht lieb die Welt!\u201c (1. Johannes 2,15).<\/p>\n<p>Viele Jungbekehrte werden von diesen und \u00e4hnlichen Fragen umhergetrieben. Sie sehen, dass bestimmte Dinge in der Bibel eindeutig verurteilt werden, dass es aber auch noch viele andere gibt, die gar nicht erw\u00e4hnt werden. Es ist die Absicht dieses Kapitels, dem Leser eine Anzahl von Regeln mit auf den Weg zu geben, die ihm bei der Frage helfen k\u00f6nnen, wie er sich im Zweifelsfalle verhalten soll. Eine Frage, die Sie sich stellen sollten, ist: \u201eW\u00fcrde Jesus es tun?\u201c<\/p>\n<p>A. Zun\u00e4chst sollte man sich fragen, ob es vom Herrn her f\u00fcr Gl\u00e4ubige von heute ausdr\u00fccklich verboten ist.<\/p>\n<p>Wenn das der Fall ist, meiden Sie es wie die Pest. Wenn Sie sich unsicher sind, dann lassen Sie es, bis Sie Klarheit dar\u00fcber haben (1. Thessalonicher 5,22).<\/p>\n<p>B. Eine weitere Frage: Wird Gott damit geehrt?<\/p>\n<p>In 1. Korinther 10,31 lesen wir schlicht und einfach: \u201eWas ihr auch tut, das tut alles zu Gottes Ehre.\u201c Bevor Sie sich auf die fragliche Sache einlassen, fragen Sie sich selbst, ob Sie guten Gewissens den Segen Gottes daf\u00fcr erbeten k\u00f6nnen, und zwar in dem Glauben, dass er dadurch geehrt wird.<\/p>\n<p>C. Weiterhin gilt es zu fragen: ist es \u201evon der Welt\u201c? Wenn dies der Fall ist, dann ist es nicht \u201evon Christus\u201c.<\/p>\n<p>Er sagte bez\u00fcglich seiner J\u00fcnger: \u201eSie sind nicht von der Welt, wie auch ich nicht von der Welt bin\u201c (Johannes 17,16). Christus war in keinerlei Hinsicht \u201evon der Welt\u201c. Er war in ihr, aber nicht von ihr (1. Johannes 2,15-17).<\/p>\n<p>D. Weiterhin: H\u00e4tte der Herr das getan? Er hat uns ein Vorbild gelassen, dass wir seinen Fu\u00dfstapfen nachfolgen sollen (1. Petrus 2,21).<\/p>\n<p>E. M\u00f6chten Sie dabei angetroffen werden, wenn der Herr wiederkommt?<\/p>\n<p>Jemand hat einmal sehr weise angemerkt: \u201eTue nichts, sage nichts und meide alles, was dich beim Kommen des Herrn schamrot werden lie\u00dfe\u201c (1. Johannes 2,28).<\/p>\n<p>F. F\u00fchlen Sie sich frei dazu, wenn Sie daran denken, dass der Heilige Geist in Ihnen wohnt?<\/p>\n<p>\u201eWisst ihr nicht, da\u00df euer Leib ein Tempel des heiligen Geistes ist, der in euch ist, welchen ihr von Gott habt, und seid nicht euer eigen?\u201c (1. Korinther 6,19; vgl. auch Epheser 4,30).<\/p>\n<p>G. Ist es ein angemessenes Verhalten f\u00fcr ein Kind Gottes?<\/p>\n<p>Wenn ein K\u00f6nigssohn in unw\u00fcrdiger Weise lebt, bringt er Schande auf seinen Vater. Nicht anders ist es bei dem Christen, wenn er sich unschicklich verh\u00e4lt (R\u00f6mer 2,24; Kolosser 1,10).<\/p>\n<p>H. Welche Wirkung wird Ihre Lebensf\u00fchrung auf andere haben?<\/p>\n<p>Wird sie ein gutes Zeugnis gegen\u00fcber Ungeretteten sein, oder werden sie daraus schlie\u00dfen, dass wirklich kein Unterschied zwischen einem Christen und einem Nichtchristen besteht? (2. Korinther 5,17). Weiter stellt sich die Frage, ob das Verhalten jemandem, der jung im Glauben ist, Anlass zum Straucheln gibt. Der Apostel Paulus warnt uns mit folgenden Worten: \u201eRichtet darauf euren Sinn, dass niemand seinem Bruder einen Ansto\u00df oder \u00c4rgernis bereite.\u201c (R\u00f6mer 14,13).<\/p>\n<p>I. Schlie\u00dflich kann es eine Hilfe sein, sich zu fragen, ob noch ein letztes F\u00fcnkchen Zweifel dar\u00fcber besteht.<\/p>\n<p>Wenn ja, dann sollten wir es lassen, denn \u201ewer zweifelt &#8230;, der ist gerichtet &#8230; Was aber nicht aus dem Glauben kommt, das ist S\u00fcnde\u201c (R\u00f6mer 14,23).<\/p>\n<p>Im Zusammenhang damit, was ein Christ darf oder nicht darf, ist es gut, sich daran zu erinnern, dass \u201ewir nicht unter dem Gesetz sind, sondern unter der Gnade\u201c (R\u00f6mer 6,15). Das hei\u00dft nun wiederum nicht, dass wir tun und lassen k\u00f6nnen, was wir wollen, sondern es bedeutet vielmehr, dass wir wollen, was Gott will, weil er so viel f\u00fcr uns getan hat. Wir meiden keine weltlichen Vergn\u00fcgungen und Am\u00fcsements, weil wir es m\u00fcssen, sondern weil wir es wollen. Der Grund daf\u00fcr ist: Christus ist f\u00fcr uns gestorben, und nun ist es unser Verlangen, so zu leben, wie es ihm gef\u00e4llt (2. Korinther 5,14-15). Gott sagt nicht: \u201eWenn ihr euch von s\u00fcndigen Vergn\u00fcgungen fern haltet, dann seid ihr Christen.\u201c Er sagt vielmehr: \u201eIhr seid Christen! Lebt nun eurer hohen Berufung w\u00fcrdig\u201c (Epheser 4,1).<br \/>\nEs ist nicht von der Hand zu weisen, dass ein Christ seine besondere Stellung vergessen und sich auf die Dinge der Welt einlassen kann. In einem solchen Falle wird Gott ihn durch liebevolle Korrektur zur\u00fcckbringen, genau so, wie ein Hirte ein irrendes Schaf wieder zur\u00fcckf\u00fchrt, indem er ihm den gekr\u00fcmmten oberen Teil des Hirtenstabs um den Hals legt. Wenn somit bei einem Gl\u00e4ubigen Gottes Gnade in Vergessenheit ger\u00e4t, wird Sein Walten ihn wieder zurechtbringen.<\/p>\n<!-- AddThis Advanced Settings generic via filter on the_content --><!-- AddThis Share Buttons generic via filter on the_content -->","protected":false},"excerpt":{"rendered":"<p>CHRISTLICHE LEBENSF\u00dcHRUNG Wie kann ein Christ wissen, was er tun darf oder nicht? Ist es z.B. f\u00fcr einen Gl\u00e4ubigen in Ordnung, zum Tanz oder ins Theater zu gehen, Karten zu spielen, zu rauchen, zu trinken, Rockmusik zu h\u00f6ren oder bei anderen weltlichen Vergn\u00fcgungen und Am\u00fcsements mitzumachen? \u201eHabt nicht lieb die Welt!\u201c (1. Johannes 2,15). Viele [&hellip;]<!-- AddThis Advanced Settings generic via filter on get_the_excerpt --><!-- AddThis Share Buttons generic via filter on get_the_excerpt --><\/p>\n","protected":false},"author":27,"featured_media":0,"parent":5034,"menu_order":0,"comment_status":"closed","ping_status":"closed","template":"","meta":{"footnotes":""},"categories":[],"tags":[],"class_list":["post-7612","page","type-page","status-publish","hentry"],"yoast_head":"<!-- This site is optimized with the Yoast SEO Premium plugin v24.8 (Yoast SEO v24.8.1) - https:\/\/yoast.com\/wordpress\/plugins\/seo\/ -->\n<title>Was die Bibel lehrt - CHRISTLICHE LEBENSF\u00dcHRUNG - BBN<\/title>\n<meta name=\"robots\" content=\"index, follow, max-snippet:-1, max-image-preview:large, max-video-preview:-1\" \/>\n<link rel=\"canonical\" href=\"https:\/\/bbn1.bbnradio.org\/german\/ressourcen\/was-die-bibel-lehrt\/was-die-bibel-lehrt-christliche-lebensfuhrung\/\" \/>\n<meta property=\"og:locale\" content=\"de_DE\" \/>\n<meta property=\"og:type\" content=\"article\" \/>\n<meta property=\"og:title\" content=\"Was die Bibel lehrt - CHRISTLICHE LEBENSF\u00dcHRUNG\" \/>\n<meta property=\"og:description\" content=\"CHRISTLICHE LEBENSF\u00dcHRUNG Wie kann ein Christ wissen, was er tun darf oder nicht? Ist es z.B. f\u00fcr einen Gl\u00e4ubigen in Ordnung, zum Tanz oder ins Theater zu gehen, Karten zu spielen, zu rauchen, zu trinken, Rockmusik zu h\u00f6ren oder bei anderen weltlichen Vergn\u00fcgungen und Am\u00fcsements mitzumachen? \u201eHabt nicht lieb die Welt!\u201c (1. Johannes 2,15). Viele [&hellip;]\" \/>\n<meta property=\"og:url\" content=\"https:\/\/bbn1.bbnradio.org\/german\/ressourcen\/was-die-bibel-lehrt\/was-die-bibel-lehrt-christliche-lebensfuhrung\/\" \/>\n<meta property=\"og:site_name\" content=\"BBN\" \/>\n<meta property=\"article:publisher\" content=\"https:\/\/www.facebook.com\/BBNGerman\/\" \/>\n<meta property=\"article:modified_time\" content=\"2019-02-08T18:11:40+00:00\" \/>\n<meta name=\"twitter:card\" content=\"summary_large_image\" \/>\n<meta name=\"twitter:site\" content=\"@BBNDeutsch\" \/>\n<meta name=\"twitter:label1\" content=\"Gesch\u00e4tzte Lesezeit\" \/>\n\t<meta name=\"twitter:data1\" content=\"4\u00a0Minuten\" \/>\n<script type=\"application\/ld+json\" class=\"yoast-schema-graph\">{\"@context\":\"https:\/\/schema.org\",\"@graph\":[{\"@type\":\"WebPage\",\"@id\":\"https:\/\/bbn1.bbnradio.org\/german\/ressourcen\/was-die-bibel-lehrt\/was-die-bibel-lehrt-christliche-lebensfuhrung\/\",\"url\":\"https:\/\/bbn1.bbnradio.org\/german\/ressourcen\/was-die-bibel-lehrt\/was-die-bibel-lehrt-christliche-lebensfuhrung\/\",\"name\":\"Was die Bibel lehrt - CHRISTLICHE LEBENSF\u00dcHRUNG - BBN\",\"isPartOf\":{\"@id\":\"https:\/\/bbn1.bbnradio.org\/german\/#website\"},\"datePublished\":\"2016-04-04T20:24:21+00:00\",\"dateModified\":\"2019-02-08T18:11:40+00:00\",\"breadcrumb\":{\"@id\":\"https:\/\/bbn1.bbnradio.org\/german\/ressourcen\/was-die-bibel-lehrt\/was-die-bibel-lehrt-christliche-lebensfuhrung\/#breadcrumb\"},\"inLanguage\":\"de\",\"potentialAction\":[{\"@type\":\"ReadAction\",\"target\":[\"https:\/\/bbn1.bbnradio.org\/german\/ressourcen\/was-die-bibel-lehrt\/was-die-bibel-lehrt-christliche-lebensfuhrung\/\"]}]},{\"@type\":\"BreadcrumbList\",\"@id\":\"https:\/\/bbn1.bbnradio.org\/german\/ressourcen\/was-die-bibel-lehrt\/was-die-bibel-lehrt-christliche-lebensfuhrung\/#breadcrumb\",\"itemListElement\":[{\"@type\":\"ListItem\",\"position\":1,\"name\":\"Home\",\"item\":\"https:\/\/bbn1.bbnradio.org\/german\/home\/\"},{\"@type\":\"ListItem\",\"position\":2,\"name\":\"Ressourcen\",\"item\":\"https:\/\/bbn1.bbnradio.org\/german\/ressourcen\/\"},{\"@type\":\"ListItem\",\"position\":3,\"name\":\"Was die Bibel lehrt\",\"item\":\"https:\/\/bbn1.bbnradio.org\/german\/ressourcen\/was-die-bibel-lehrt\/\"},{\"@type\":\"ListItem\",\"position\":4,\"name\":\"Was die Bibel lehrt &#8211; CHRISTLICHE LEBENSF\u00dcHRUNG\"}]},{\"@type\":\"WebSite\",\"@id\":\"https:\/\/bbn1.bbnradio.org\/german\/#website\",\"url\":\"https:\/\/bbn1.bbnradio.org\/german\/\",\"name\":\"BBN\",\"description\":\"BBN\",\"potentialAction\":[{\"@type\":\"SearchAction\",\"target\":{\"@type\":\"EntryPoint\",\"urlTemplate\":\"https:\/\/bbn1.bbnradio.org\/german\/?s={search_term_string}\"},\"query-input\":{\"@type\":\"PropertyValueSpecification\",\"valueRequired\":true,\"valueName\":\"search_term_string\"}}],\"inLanguage\":\"de\"}]}<\/script>\n<!-- \/ Yoast SEO Premium plugin. -->","yoast_head_json":{"title":"Was die Bibel lehrt - CHRISTLICHE LEBENSF\u00dcHRUNG - BBN","robots":{"index":"index","follow":"follow","max-snippet":"max-snippet:-1","max-image-preview":"max-image-preview:large","max-video-preview":"max-video-preview:-1"},"canonical":"https:\/\/bbn1.bbnradio.org\/german\/ressourcen\/was-die-bibel-lehrt\/was-die-bibel-lehrt-christliche-lebensfuhrung\/","og_locale":"de_DE","og_type":"article","og_title":"Was die Bibel lehrt - CHRISTLICHE LEBENSF\u00dcHRUNG","og_description":"CHRISTLICHE LEBENSF\u00dcHRUNG Wie kann ein Christ wissen, was er tun darf oder nicht? Ist es z.B. f\u00fcr einen Gl\u00e4ubigen in Ordnung, zum Tanz oder ins Theater zu gehen, Karten zu spielen, zu rauchen, zu trinken, Rockmusik zu h\u00f6ren oder bei anderen weltlichen Vergn\u00fcgungen und Am\u00fcsements mitzumachen? \u201eHabt nicht lieb die Welt!\u201c (1. Johannes 2,15). Viele [&hellip;]","og_url":"https:\/\/bbn1.bbnradio.org\/german\/ressourcen\/was-die-bibel-lehrt\/was-die-bibel-lehrt-christliche-lebensfuhrung\/","og_site_name":"BBN","article_publisher":"https:\/\/www.facebook.com\/BBNGerman\/","article_modified_time":"2019-02-08T18:11:40+00:00","twitter_card":"summary_large_image","twitter_site":"@BBNDeutsch","twitter_misc":{"Gesch\u00e4tzte Lesezeit":"4\u00a0Minuten"},"schema":{"@context":"https:\/\/schema.org","@graph":[{"@type":"WebPage","@id":"https:\/\/bbn1.bbnradio.org\/german\/ressourcen\/was-die-bibel-lehrt\/was-die-bibel-lehrt-christliche-lebensfuhrung\/","url":"https:\/\/bbn1.bbnradio.org\/german\/ressourcen\/was-die-bibel-lehrt\/was-die-bibel-lehrt-christliche-lebensfuhrung\/","name":"Was die Bibel lehrt - CHRISTLICHE LEBENSF\u00dcHRUNG - BBN","isPartOf":{"@id":"https:\/\/bbn1.bbnradio.org\/german\/#website"},"datePublished":"2016-04-04T20:24:21+00:00","dateModified":"2019-02-08T18:11:40+00:00","breadcrumb":{"@id":"https:\/\/bbn1.bbnradio.org\/german\/ressourcen\/was-die-bibel-lehrt\/was-die-bibel-lehrt-christliche-lebensfuhrung\/#breadcrumb"},"inLanguage":"de","potentialAction":[{"@type":"ReadAction","target":["https:\/\/bbn1.bbnradio.org\/german\/ressourcen\/was-die-bibel-lehrt\/was-die-bibel-lehrt-christliche-lebensfuhrung\/"]}]},{"@type":"BreadcrumbList","@id":"https:\/\/bbn1.bbnradio.org\/german\/ressourcen\/was-die-bibel-lehrt\/was-die-bibel-lehrt-christliche-lebensfuhrung\/#breadcrumb","itemListElement":[{"@type":"ListItem","position":1,"name":"Home","item":"https:\/\/bbn1.bbnradio.org\/german\/home\/"},{"@type":"ListItem","position":2,"name":"Ressourcen","item":"https:\/\/bbn1.bbnradio.org\/german\/ressourcen\/"},{"@type":"ListItem","position":3,"name":"Was die Bibel lehrt","item":"https:\/\/bbn1.bbnradio.org\/german\/ressourcen\/was-die-bibel-lehrt\/"},{"@type":"ListItem","position":4,"name":"Was die Bibel lehrt &#8211; CHRISTLICHE LEBENSF\u00dcHRUNG"}]},{"@type":"WebSite","@id":"https:\/\/bbn1.bbnradio.org\/german\/#website","url":"https:\/\/bbn1.bbnradio.org\/german\/","name":"BBN","description":"BBN","potentialAction":[{"@type":"SearchAction","target":{"@type":"EntryPoint","urlTemplate":"https:\/\/bbn1.bbnradio.org\/german\/?s={search_term_string}"},"query-input":{"@type":"PropertyValueSpecification","valueRequired":true,"valueName":"search_term_string"}}],"inLanguage":"de"}]}},"jetpack_sharing_enabled":true,"jetpack_shortlink":"https:\/\/wp.me\/PgZlJB-1YM","_links":{"self":[{"href":"https:\/\/bbn1.bbnradio.org\/german\/wp-json\/wp\/v2\/pages\/7612","targetHints":{"allow":["GET"]}}],"collection":[{"href":"https:\/\/bbn1.bbnradio.org\/german\/wp-json\/wp\/v2\/pages"}],"about":[{"href":"https:\/\/bbn1.bbnradio.org\/german\/wp-json\/wp\/v2\/types\/page"}],"author":[{"embeddable":true,"href":"https:\/\/bbn1.bbnradio.org\/german\/wp-json\/wp\/v2\/users\/27"}],"replies":[{"embeddable":true,"href":"https:\/\/bbn1.bbnradio.org\/german\/wp-json\/wp\/v2\/comments?post=7612"}],"version-history":[{"count":2,"href":"https:\/\/bbn1.bbnradio.org\/german\/wp-json\/wp\/v2\/pages\/7612\/revisions"}],"predecessor-version":[{"id":13635,"href":"https:\/\/bbn1.bbnradio.org\/german\/wp-json\/wp\/v2\/pages\/7612\/revisions\/13635"}],"up":[{"embeddable":true,"href":"https:\/\/bbn1.bbnradio.org\/german\/wp-json\/wp\/v2\/pages\/5034"}],"wp:attachment":[{"href":"https:\/\/bbn1.bbnradio.org\/german\/wp-json\/wp\/v2\/media?parent=7612"}],"wp:term":[{"taxonomy":"category","embeddable":true,"href":"https:\/\/bbn1.bbnradio.org\/german\/wp-json\/wp\/v2\/categories?post=7612"},{"taxonomy":"post_tag","embeddable":true,"href":"https:\/\/bbn1.bbnradio.org\/german\/wp-json\/wp\/v2\/tags?post=7612"}],"curies":[{"name":"wp","href":"https:\/\/api.w.org\/{rel}","templated":true}]}}