{"id":7614,"date":"2016-04-04T16:25:19","date_gmt":"2016-04-04T20:25:19","guid":{"rendered":"https:\/\/bbn1.bbnradio.org\/english\/?page_id=7614"},"modified":"2019-02-08T13:18:37","modified_gmt":"2019-02-08T18:18:37","slug":"was-die-bibel-lehrt-die-bedeutung-der-taufe","status":"publish","type":"page","link":"https:\/\/bbn1.bbnradio.org\/german\/ressourcen\/was-die-bibel-lehrt\/was-die-bibel-lehrt-die-bedeutung-der-taufe\/","title":{"rendered":"Was die Bibel lehrt &#8211; DIE BEDEUTUNG DER TAUFE"},"content":{"rendered":"<p>DIE BEDEUTUNG DER TAUFE<\/p>\n<p>Was ist die Taufe, und wer soll sich taufen lassen? Ehe der Herr Jesus zum Himmel auffuhr, gab er seinen J\u00fcngern den Missionsbefehl: \u201eDarum gehet hin und lehret alle V\u00f6lker: Taufet sie auf den Namen des Vaters und des Sohnes und des heiligen Geistes und lehret sie halten alles, was ich euch befohlen habe. Und siehe, ich bin bei euch alle Tage bis an das Ende der Welt\u201c (Matth\u00e4us 28,19-20).<\/p>\n<p>Es war somit der Wille des Herrn, dass seine J\u00fcnger bei ihrer weltweiten Sendung diejenigen taufen sollten, die die Botschaft annahmen. Die Taufe ist eine Verordnung des Herrn selbst. Das wirft zwei Fragen auf. Erstens: wie wird diese Verordnung ausgef\u00fchrt? Zweitens: was bedeutet die Taufe?<\/p>\n<p>Um eine treffende Antwort auf die erste Frage zu finden, schlagen wir Apostelgeschichte 8,26-39 auf. Hier sehen wir einen hochgestellten Diener der \u00e4thiopischen K\u00f6nigin Kandaze, der in seiner Kutsche unterwegs ist und dabei Kapitel 53 des Buches Jesaja im Alten Testament liest. Dieser Mann war ein aufrichtiger Sucher der Wahrheit, und so wies Gott seinen Knecht Philippus an, mit ihm zu reden. Philippus erz\u00e4hlte ihm, wie der Herr Jesus auf Golgatha gestorben war, um S\u00fcnder zu retten. Der Reisende kam zum Glauben an Jesus Christus und fragte alsbald Philippus, ob er getauft werden k\u00f6nne. Als Philippus sah, dass der Mann von ganzem Herzen glaubte, sah er keine Hinderungsgr\u00fcnde f\u00fcr diesen Schritt, und so hielt der Wagen an einer Wasserstelle an. Den Versen 38 und 39 des obigen Kapitels 8 der Apostelgeschichte gilt nun besonderes Augenmerk: \u201eUnd sie stiegen beide, Philippus und der K\u00e4mmerer, in das Wasser hinab, und er taufte ihn. Als sie aber aus dem Wasser heraufgestiegen waren, entr\u00fcckte der Geist des Herrn den Philippus, und der K\u00e4mmerer sah ihn nicht mehr; er zog aber seine Stra\u00dfe fr\u00f6hlich.\u201c<\/p>\n<p>Was ist nun die eigentliche Bedeutung dieser Handlung, die vor vielen Jahren auf einer einsamen Stra\u00dfe in so schlichter Weise ausge\u00fcbt wurde und bis zum heutigen Tag fortbesteht?<\/p>\n<p>A. Zun\u00e4chst einmal war sie ein Akt des Gehorsams gegen\u00fcber dem ausdr\u00fccklichen Willen des Herrn Jesus (Matth\u00e4us 28,19).<\/p>\n<p>Ihr Zweck ist nicht, den Schmutz am Fleisch zu beseitigen, sondern vielmehr, dem Christen ein gutes Gewissen gegen\u00fcber Gott zu geben, und zwar in dem Wissen, dem Willen Gottes entsprochen zu haben. (1. Petrus 3,21). Nur die, die h\u00f6ren und glauben, sollen getauft werden (Apostelgeschichte 18,8).<\/p>\n<p>B. Zweitens lesen wir im R\u00f6merbrief (6,3-5), dass die Taufe ein Symbol oder Bild f\u00fcr eine geistliche Wahrheit ist.<\/p>\n<p>(1) Das Wasser ist ein Bild f\u00fcr Gericht und Tod.<br \/>\n(2) Als Christus starb, kamen die Fluten des Gerichts und des Todes \u00fcber ihn &#8211; um unserer S\u00fcnden willen (Hebr\u00e4er 9:26).<br \/>\n(3) Da Christus stellvertretend f\u00fcr den Gl\u00e4ubigen starb, so ist es gleicherweise wahr, dass der Gl\u00e4ubige mit dem Herrn Jesus starb. Mit anderen Worten: als Christus starb, starb auch ich. Als er begraben wurde, wurde ich begraben. Als er auferstand, auferstand auch ich.<br \/>\n(4) Der Christ ist der S\u00fcnde, der Welt und sich selbst gestorben. Er ist tot f\u00fcr alles, was er von Natur aus mitbringt, und von nun an sieht Gott ihn nicht mehr in seinen S\u00fcnden, sondern er sieht ihn in Christus, von den Toten erstanden und im Besitz des Auferstehungslebens Christi (Galater 2,20).<br \/>\n(5) Wenn somit ein Christ getauft wird, bekennt er \u00f6ffentlich, dass er seinen Platz mit Christus in dessen Tod und Begr\u00e4bnis eingenommen hat und er nun danach trachtet, allen zu zeigen, dass er in Christus neues Leben hat (Kolosser 2,12; 3,1.2).<\/p>\n<p>C. Durch die Taufe wird nicht nur ein Akt mit Wasser als solchem vollzogen, sondern das Leben des Getauften zeigt, dass das \u201eFleisch\u201c, also die alte Natur, in den Tod gegeben wurde. Die Taufe muss also sowohl eine Herzenssache als auch ein Bekenntnis nach au\u00dfen sein.<\/p>\n<p>In den Tagen der Urchristenheit wurden Gl\u00e4ubige, die sich taufen lie\u00dfen, oft binnen kurzem verfolgt und get\u00f6tet. Doch wo immer andere gerettet wurden, traten sie mit empfangener Taufe nach vorn, um die Reihen der M\u00e4rtyrer wieder aufzuf\u00fcllen (1. Korinther 15,29). Auch noch heute kann die Taufe in nichtchristlichen L\u00e4ndern das Ausl\u00f6sesignal f\u00fcr schreckliche Verfolgungen sein. In vielen L\u00e4ndern wird ein Gl\u00e4ubiger toleriert, solange er Christus nur mit den Lippen bekennt. Aber wenn er dies \u00f6ffentlich mit der Taufe tut, dann lassen die Aktionen der Feinde des Kreuzes nicht lange auf sich warten.<br \/>\nWie hoch der Preis auch sein mag: jeder Getaufte teilt die Erfahrung des \u00e4thiopischen Hofbeamten, von dem es hei\u00dft: \u201eEr zog seine Stra\u00dfe fr\u00f6hlich\u201c (Apostelgeschichte 8,39).<\/p>\n<!-- AddThis Advanced Settings generic via filter on the_content --><!-- AddThis Share Buttons generic via filter on the_content -->","protected":false},"excerpt":{"rendered":"<p>DIE BEDEUTUNG DER TAUFE Was ist die Taufe, und wer soll sich taufen lassen? Ehe der Herr Jesus zum Himmel auffuhr, gab er seinen J\u00fcngern den Missionsbefehl: \u201eDarum gehet hin und lehret alle V\u00f6lker: Taufet sie auf den Namen des Vaters und des Sohnes und des heiligen Geistes und lehret sie halten alles, was ich [&hellip;]<!-- AddThis Advanced Settings generic via filter on get_the_excerpt --><!-- AddThis Share Buttons generic via filter on get_the_excerpt --><\/p>\n","protected":false},"author":27,"featured_media":0,"parent":5034,"menu_order":0,"comment_status":"closed","ping_status":"closed","template":"","meta":{"footnotes":""},"categories":[],"tags":[],"class_list":["post-7614","page","type-page","status-publish","hentry"],"yoast_head":"<!-- This site is optimized with the Yoast SEO Premium plugin v24.8 (Yoast SEO v24.8.1) - https:\/\/yoast.com\/wordpress\/plugins\/seo\/ -->\n<title>Was die Bibel lehrt - DIE BEDEUTUNG DER TAUFE - BBN<\/title>\n<meta name=\"robots\" content=\"index, follow, max-snippet:-1, max-image-preview:large, max-video-preview:-1\" \/>\n<link rel=\"canonical\" href=\"https:\/\/bbn1.bbnradio.org\/german\/ressourcen\/was-die-bibel-lehrt\/was-die-bibel-lehrt-die-bedeutung-der-taufe\/\" \/>\n<meta property=\"og:locale\" content=\"de_DE\" \/>\n<meta property=\"og:type\" content=\"article\" \/>\n<meta property=\"og:title\" content=\"Was die Bibel lehrt - DIE BEDEUTUNG DER TAUFE\" \/>\n<meta property=\"og:description\" content=\"DIE BEDEUTUNG DER TAUFE Was ist die Taufe, und wer soll sich taufen lassen? Ehe der Herr Jesus zum Himmel auffuhr, gab er seinen J\u00fcngern den Missionsbefehl: \u201eDarum gehet hin und lehret alle V\u00f6lker: Taufet sie auf den Namen des Vaters und des Sohnes und des heiligen Geistes und lehret sie halten alles, was ich [&hellip;]\" \/>\n<meta property=\"og:url\" content=\"https:\/\/bbn1.bbnradio.org\/german\/ressourcen\/was-die-bibel-lehrt\/was-die-bibel-lehrt-die-bedeutung-der-taufe\/\" \/>\n<meta property=\"og:site_name\" content=\"BBN\" \/>\n<meta property=\"article:publisher\" content=\"https:\/\/www.facebook.com\/BBNGerman\/\" \/>\n<meta property=\"article:modified_time\" content=\"2019-02-08T18:18:37+00:00\" \/>\n<meta name=\"twitter:card\" content=\"summary_large_image\" \/>\n<meta name=\"twitter:site\" content=\"@BBNDeutsch\" \/>\n<meta name=\"twitter:label1\" content=\"Gesch\u00e4tzte Lesezeit\" \/>\n\t<meta name=\"twitter:data1\" content=\"4\u00a0Minuten\" \/>\n<script type=\"application\/ld+json\" class=\"yoast-schema-graph\">{\"@context\":\"https:\/\/schema.org\",\"@graph\":[{\"@type\":\"WebPage\",\"@id\":\"https:\/\/bbn1.bbnradio.org\/german\/ressourcen\/was-die-bibel-lehrt\/was-die-bibel-lehrt-die-bedeutung-der-taufe\/\",\"url\":\"https:\/\/bbn1.bbnradio.org\/german\/ressourcen\/was-die-bibel-lehrt\/was-die-bibel-lehrt-die-bedeutung-der-taufe\/\",\"name\":\"Was die Bibel lehrt - DIE BEDEUTUNG DER TAUFE - BBN\",\"isPartOf\":{\"@id\":\"https:\/\/bbn1.bbnradio.org\/german\/#website\"},\"datePublished\":\"2016-04-04T20:25:19+00:00\",\"dateModified\":\"2019-02-08T18:18:37+00:00\",\"breadcrumb\":{\"@id\":\"https:\/\/bbn1.bbnradio.org\/german\/ressourcen\/was-die-bibel-lehrt\/was-die-bibel-lehrt-die-bedeutung-der-taufe\/#breadcrumb\"},\"inLanguage\":\"de\",\"potentialAction\":[{\"@type\":\"ReadAction\",\"target\":[\"https:\/\/bbn1.bbnradio.org\/german\/ressourcen\/was-die-bibel-lehrt\/was-die-bibel-lehrt-die-bedeutung-der-taufe\/\"]}]},{\"@type\":\"BreadcrumbList\",\"@id\":\"https:\/\/bbn1.bbnradio.org\/german\/ressourcen\/was-die-bibel-lehrt\/was-die-bibel-lehrt-die-bedeutung-der-taufe\/#breadcrumb\",\"itemListElement\":[{\"@type\":\"ListItem\",\"position\":1,\"name\":\"Home\",\"item\":\"https:\/\/bbn1.bbnradio.org\/german\/home\/\"},{\"@type\":\"ListItem\",\"position\":2,\"name\":\"Ressourcen\",\"item\":\"https:\/\/bbn1.bbnradio.org\/german\/ressourcen\/\"},{\"@type\":\"ListItem\",\"position\":3,\"name\":\"Was die Bibel lehrt\",\"item\":\"https:\/\/bbn1.bbnradio.org\/german\/ressourcen\/was-die-bibel-lehrt\/\"},{\"@type\":\"ListItem\",\"position\":4,\"name\":\"Was die Bibel lehrt &#8211; DIE BEDEUTUNG DER TAUFE\"}]},{\"@type\":\"WebSite\",\"@id\":\"https:\/\/bbn1.bbnradio.org\/german\/#website\",\"url\":\"https:\/\/bbn1.bbnradio.org\/german\/\",\"name\":\"BBN\",\"description\":\"BBN\",\"potentialAction\":[{\"@type\":\"SearchAction\",\"target\":{\"@type\":\"EntryPoint\",\"urlTemplate\":\"https:\/\/bbn1.bbnradio.org\/german\/?s={search_term_string}\"},\"query-input\":{\"@type\":\"PropertyValueSpecification\",\"valueRequired\":true,\"valueName\":\"search_term_string\"}}],\"inLanguage\":\"de\"}]}<\/script>\n<!-- \/ Yoast SEO Premium plugin. -->","yoast_head_json":{"title":"Was die Bibel lehrt - DIE BEDEUTUNG DER TAUFE - BBN","robots":{"index":"index","follow":"follow","max-snippet":"max-snippet:-1","max-image-preview":"max-image-preview:large","max-video-preview":"max-video-preview:-1"},"canonical":"https:\/\/bbn1.bbnradio.org\/german\/ressourcen\/was-die-bibel-lehrt\/was-die-bibel-lehrt-die-bedeutung-der-taufe\/","og_locale":"de_DE","og_type":"article","og_title":"Was die Bibel lehrt - DIE BEDEUTUNG DER TAUFE","og_description":"DIE BEDEUTUNG DER TAUFE Was ist die Taufe, und wer soll sich taufen lassen? Ehe der Herr Jesus zum Himmel auffuhr, gab er seinen J\u00fcngern den Missionsbefehl: \u201eDarum gehet hin und lehret alle V\u00f6lker: Taufet sie auf den Namen des Vaters und des Sohnes und des heiligen Geistes und lehret sie halten alles, was ich [&hellip;]","og_url":"https:\/\/bbn1.bbnradio.org\/german\/ressourcen\/was-die-bibel-lehrt\/was-die-bibel-lehrt-die-bedeutung-der-taufe\/","og_site_name":"BBN","article_publisher":"https:\/\/www.facebook.com\/BBNGerman\/","article_modified_time":"2019-02-08T18:18:37+00:00","twitter_card":"summary_large_image","twitter_site":"@BBNDeutsch","twitter_misc":{"Gesch\u00e4tzte Lesezeit":"4\u00a0Minuten"},"schema":{"@context":"https:\/\/schema.org","@graph":[{"@type":"WebPage","@id":"https:\/\/bbn1.bbnradio.org\/german\/ressourcen\/was-die-bibel-lehrt\/was-die-bibel-lehrt-die-bedeutung-der-taufe\/","url":"https:\/\/bbn1.bbnradio.org\/german\/ressourcen\/was-die-bibel-lehrt\/was-die-bibel-lehrt-die-bedeutung-der-taufe\/","name":"Was die Bibel lehrt - DIE BEDEUTUNG DER TAUFE - BBN","isPartOf":{"@id":"https:\/\/bbn1.bbnradio.org\/german\/#website"},"datePublished":"2016-04-04T20:25:19+00:00","dateModified":"2019-02-08T18:18:37+00:00","breadcrumb":{"@id":"https:\/\/bbn1.bbnradio.org\/german\/ressourcen\/was-die-bibel-lehrt\/was-die-bibel-lehrt-die-bedeutung-der-taufe\/#breadcrumb"},"inLanguage":"de","potentialAction":[{"@type":"ReadAction","target":["https:\/\/bbn1.bbnradio.org\/german\/ressourcen\/was-die-bibel-lehrt\/was-die-bibel-lehrt-die-bedeutung-der-taufe\/"]}]},{"@type":"BreadcrumbList","@id":"https:\/\/bbn1.bbnradio.org\/german\/ressourcen\/was-die-bibel-lehrt\/was-die-bibel-lehrt-die-bedeutung-der-taufe\/#breadcrumb","itemListElement":[{"@type":"ListItem","position":1,"name":"Home","item":"https:\/\/bbn1.bbnradio.org\/german\/home\/"},{"@type":"ListItem","position":2,"name":"Ressourcen","item":"https:\/\/bbn1.bbnradio.org\/german\/ressourcen\/"},{"@type":"ListItem","position":3,"name":"Was die Bibel lehrt","item":"https:\/\/bbn1.bbnradio.org\/german\/ressourcen\/was-die-bibel-lehrt\/"},{"@type":"ListItem","position":4,"name":"Was die Bibel lehrt &#8211; DIE BEDEUTUNG DER TAUFE"}]},{"@type":"WebSite","@id":"https:\/\/bbn1.bbnradio.org\/german\/#website","url":"https:\/\/bbn1.bbnradio.org\/german\/","name":"BBN","description":"BBN","potentialAction":[{"@type":"SearchAction","target":{"@type":"EntryPoint","urlTemplate":"https:\/\/bbn1.bbnradio.org\/german\/?s={search_term_string}"},"query-input":{"@type":"PropertyValueSpecification","valueRequired":true,"valueName":"search_term_string"}}],"inLanguage":"de"}]}},"jetpack_sharing_enabled":true,"jetpack_shortlink":"https:\/\/wp.me\/PgZlJB-1YO","_links":{"self":[{"href":"https:\/\/bbn1.bbnradio.org\/german\/wp-json\/wp\/v2\/pages\/7614","targetHints":{"allow":["GET"]}}],"collection":[{"href":"https:\/\/bbn1.bbnradio.org\/german\/wp-json\/wp\/v2\/pages"}],"about":[{"href":"https:\/\/bbn1.bbnradio.org\/german\/wp-json\/wp\/v2\/types\/page"}],"author":[{"embeddable":true,"href":"https:\/\/bbn1.bbnradio.org\/german\/wp-json\/wp\/v2\/users\/27"}],"replies":[{"embeddable":true,"href":"https:\/\/bbn1.bbnradio.org\/german\/wp-json\/wp\/v2\/comments?post=7614"}],"version-history":[{"count":2,"href":"https:\/\/bbn1.bbnradio.org\/german\/wp-json\/wp\/v2\/pages\/7614\/revisions"}],"predecessor-version":[{"id":13639,"href":"https:\/\/bbn1.bbnradio.org\/german\/wp-json\/wp\/v2\/pages\/7614\/revisions\/13639"}],"up":[{"embeddable":true,"href":"https:\/\/bbn1.bbnradio.org\/german\/wp-json\/wp\/v2\/pages\/5034"}],"wp:attachment":[{"href":"https:\/\/bbn1.bbnradio.org\/german\/wp-json\/wp\/v2\/media?parent=7614"}],"wp:term":[{"taxonomy":"category","embeddable":true,"href":"https:\/\/bbn1.bbnradio.org\/german\/wp-json\/wp\/v2\/categories?post=7614"},{"taxonomy":"post_tag","embeddable":true,"href":"https:\/\/bbn1.bbnradio.org\/german\/wp-json\/wp\/v2\/tags?post=7614"}],"curies":[{"name":"wp","href":"https:\/\/api.w.org\/{rel}","templated":true}]}}