{"id":7616,"date":"2016-04-04T16:26:30","date_gmt":"2016-04-04T20:26:30","guid":{"rendered":"https:\/\/bbn1.bbnradio.org\/english\/?page_id=7616"},"modified":"2019-02-08T13:15:53","modified_gmt":"2019-02-08T18:15:53","slug":"was-die-bibel-lehrt-die-wahl-der-gemeinde","status":"publish","type":"page","link":"https:\/\/bbn1.bbnradio.org\/german\/ressourcen\/was-die-bibel-lehrt\/was-die-bibel-lehrt-die-wahl-der-gemeinde\/","title":{"rendered":"Was die Bibel lehrt &#8211; DIE WAHL DER GEMEINDE"},"content":{"rendered":"<p>WIE WAHL DER GEMEINDE<\/p>\n<p>Wie wei\u00df ein Christ, welcher Gemeinde bzw. Kirche er sich anschlie\u00dfen soll? Halten wir einleitend fest, dass ein Mensch im Augenblick seiner Bekehrung bereits Mitglied der wahren Kirche geworden ist. Diese besteht aus allen wahrhaft an den Herrn Jesus Christus Gl\u00e4ubigen, ungeachtet der Rasse, Hautfarbe oder Kultur. Glieder dieser Kirche finden sich auf der ganzen Welt, auch wenn sich noch nie alle gemeinsam an einem Ort versammelt haben.<\/p>\n<p>Dennoch k\u00f6nnen Christen an vielen Orten als Mitglieder einer Ortsgemeinde zusammen kommen und als vollg\u00fcltige Gemeinde nach der Schrift leben und wirken. Diese Ortsgemeinde ist ein Zweig der weltweiten Kirche aller Gl\u00e4ubigen. Ihre Versammlung soll am ersten Tag der Woche (Sonntag) stattfinden, nicht etwa am Sabbat, bei dem es sich um ein j\u00fcdisches Gebot des Alten Testaments handelt. In den Tagen der Urchristenheit trafen sich die Heiligen in ihren H\u00e4usern (R\u00f6mer 16,5; Philemon 2). Wir lesen in Apostelgeschichte 2,42: \u201eSie blieben aber best\u00e4ndig in der Lehre der Apostel und in der Gemeinschaft und im Brotbrechen und im Gebet.\u201c Hier wird deutlich, dass es des Herrn Wille ist, dass Christen sich regelm\u00e4\u00dfig als Glieder der Gemeinde treffen. Hebr\u00e4er 10,25 warnt davor \u201eunsere Versammlungen zu verlassen, wie das bei einigen Gewohnheit ist.\u201c Weiterhin sind gro\u00dfe Teile des Neuen Testaments der Belehrung der Gl\u00e4ubigen \u00fcber ihre Vorrechte und Aufgaben als Glieder des Leibes Christi im Rahmen einer Ortsgemeinde gewidmet (1. Korinther 12).<\/p>\n<p>Doch ist es heute nicht ganz unproblematisch f\u00fcr einen Neubekehrten, eine geistliche Heimat zu finden. Es gibt so viele verschiedene Gruppen von Christen und eine enorm breite Palette unterschiedlicher Lehrmeinungen.<\/p>\n<p>Die folgende Auflistung soll jungen Christen helfen, den rechten Platz zu finden. Zugleich sei betont, dass diese Frage Gegenstand ernsten Gebets um klare Erkenntnis des Willens Gottes sein soll. Unser Verst\u00e4ndnis von Gemeinde soll einzig und allein aus dem Wort Gottes kommen. Traditionen und Br\u00e4uche der Menschen m\u00fcssen daran gepr\u00fcft werden, was sie hier\u00fcber lehren (Jesaja 8,20). Wir sollten bedenken, dass mit einer F\u00e4lschung die gr\u00f6\u00dftm\u00f6gliche N\u00e4he zum Original erzielt werden soll, doch die Kenntnis der echten Sache macht es m\u00f6glich, sie von der F\u00e4lschung zu unterscheiden. Gott wird Sie leiten, wenn Sie die Echtheit anhand des Wortes Gottes pr\u00fcfen und so alle Kirchen und Gemeinden an seinen Ma\u00dfst\u00e4ben messen.<\/p>\n<p>A. Achten Sie darauf, dass die Gemeinde oder Gemeinschaft, in der Sie Ihre geistliche Heimat finden, die Bibel als inspiriertes, unfehlbares Wort Gottes anerkennt und sich der Schrift als der h\u00f6chsten Autorit\u00e4t f\u00fcr Glauben und Leben beugt. Es reicht nicht aus, zu sagen, dass die Bibel Gottes Wort enth\u00e4lt. Sie ist das Wort Gottes. Daher ist sie absolut wahr, und ihr geb\u00fchrt unser Glaube und Gehorsam (2. Timotheus 3,16.17).<\/p>\n<p>B. Achten Sie ferner darauf, dass die, mit denen Sie Gemeinschaft haben, ein klares Verst\u00e4ndnis von Jesus Christus haben. Viele r\u00e4umen durchaus ein, dass Christus ein gro\u00dfer F\u00fchrer, ein gro\u00dfer Lehrer und m\u00f6glicherweise auch der gro\u00dfartigste Mensch war, der je gelebt hat. Sie m\u00f6gen sogar das Wort \u201eg\u00f6ttlich\u201c im Mund f\u00fchren, um sein Wesen zu beschreiben. Aber die gro\u00dfe Wahrheit im Hinblick auf unseren Heiland ist, dass er Gott ist \u2013 nichts weniger (Kolosser 2,9).<\/p>\n<p>C. Ein dritter wichtiger Punkt: achten Sie auf die \u201eheilsame\u201c Lehre im Hinblick auf das Werk Christi. Die Schrift lehrt, dass der Herr Jesus ein s\u00fcndloses Leben f\u00fchrte, dass er aus freien St\u00fccken am Kreuz von Golgatha f\u00fcr unsere S\u00fcnden starb, dass er ins Grab gelegt wurde, und dass er auferstanden und zum Himmel aufgefahren ist, wo er nun zur Rechten Gottes sitzt (1. Korinther 15,1-4). Erl\u00f6sung wird allein durch den Glauben an Jesus erlangt, und zwar ohne irgendwelche Werke oder menschlichen Verdienst (Galater 2:16). H\u00f6ren Sie heraus, was \u00fcber das kostbare Blut Jesu gelehrt wird. Ohne dieses Blut gibt es keine Vergebung der S\u00fcnden. \u00dcber die drei obigen Hauptpunkte hinaus sollten Sie sich vergewissern, dass die Ortsgemeinde, der Sie sich anschlie\u00dfen m\u00f6chten, in Wort und Praxis keiner der nachstehenden wichtigen Wahrheiten im Hinblick auf die Gemeinde Jesu widerspricht:<\/p>\n<p>BIBLISCHE GEMEINDEORDNUNG<\/p>\n<p>A. Christus ist das Haupt der Gemeinde (Kolosser 1,18.19; Epheser 1,22.23): Niemand darf sich diese Stellung anma\u00dfen. Wo Christus als Haupt anerkannt wird, schaut die Gemeinde zu ihm und nur zu ihm auf, um Weisung und Leitung zu empfangen.<\/p>\n<p>B. Alle Gl\u00e4ubigen sind Glieder des Leibes Christi (1. Korinther 12,12.13). Alle wahren Kinder Gottes sollten von daher Glieder einer Gemeinde sein. (Es gibt allerdings zwei Ausnahmen von dieser Regel: Wer nicht die \u201eheilsame Lehre\u201c vertritt (2. Johannes 10) und wer in S\u00fcnde lebt (1. Korinther 5,13) soll ausgeschlossen werden, bis er wieder zurechtgefunden hat.) Kein Ungl\u00e4ubiger soll wissentlich in die Gemeinschaft der Gl\u00e4ubigen aufgenommen werden.<\/p>\n<p>C. Alle Gl\u00e4ubigen sind Priester (1. Petrus 2,5-9). Im Neuen Testament gibt es keine Unterscheidung zwischen Priestern und dem Kirchenvolk. Im Alten Testament war ein Priester jemand, der zwischen Gott und den Menschen stand, um ihrethalben ein Opfer darzubringen. Doch beim Tod Christi zerriss der Vorhang, und jeder Gl\u00e4ubige hat nun jederzeit direkten Zugang zu Gott (Markus 15,27-38). Wir sind alle vor ihm Priester geworden (Offenbarung 1,5.6).<br \/>\nAlle Gl\u00e4ubigen k\u00f6nnen nun durch den Glauben in die Gegenwart Gottes treten und Opfer des Lobpreises, der Anbetung und des Dienstes bringen. In der urchristlichen Gemeinde waren alle Mitglieder Sch\u00fcler des Wortes, alle waren Seelengewinner, alle waren t\u00e4tig f\u00fcr Gott. Das sollte auch die Gemeinde heute kennzeichnen.<\/p>\n<p>D. Die Autorit\u00e4t des Heiligen Geistes sollte anerkannt werden. Ob es nun um Anbetung und Gottesdienst geht, um das geistliche Amt oder um Zucht \u2013 in allen diesen Dingen ist der Leitung des Heiligen Geistes Raum zu geben.<br \/>\nSeine Leitung und Autorit\u00e4t darf in keiner Weise durch menschliche Zeremonien oder durch menschliche Organisation eingeschr\u00e4nkt werden (2. Korinther 3,17; Epheser 4,3). Um es also zusammenzufassen: wer jung im Glauben ist sollte Gemeinschaft haben mit Menschen, die die Bibel als einzige Richtschnur anerkennen, die die rechte Stellung gegen\u00fcber Person und Werk Christi haben und die bestrebt sind, die Lehren des Neuen Testaments im Hinblick auf die Gemeinde und ihre Verantwortung in dieser Welt umzusetzen.<\/p>\n<!-- AddThis Advanced Settings generic via filter on the_content --><!-- AddThis Share Buttons generic via filter on the_content -->","protected":false},"excerpt":{"rendered":"<p>WIE WAHL DER GEMEINDE Wie wei\u00df ein Christ, welcher Gemeinde bzw. Kirche er sich anschlie\u00dfen soll? Halten wir einleitend fest, dass ein Mensch im Augenblick seiner Bekehrung bereits Mitglied der wahren Kirche geworden ist. Diese besteht aus allen wahrhaft an den Herrn Jesus Christus Gl\u00e4ubigen, ungeachtet der Rasse, Hautfarbe oder Kultur. Glieder dieser Kirche finden [&hellip;]<!-- AddThis Advanced Settings generic via filter on get_the_excerpt --><!-- AddThis Share Buttons generic via filter on get_the_excerpt --><\/p>\n","protected":false},"author":27,"featured_media":0,"parent":5034,"menu_order":0,"comment_status":"closed","ping_status":"closed","template":"","meta":{"footnotes":""},"categories":[],"tags":[],"class_list":["post-7616","page","type-page","status-publish","hentry"],"yoast_head":"<!-- This site is optimized with the Yoast SEO Premium plugin v24.8 (Yoast SEO v24.8.1) - https:\/\/yoast.com\/wordpress\/plugins\/seo\/ -->\n<title>Was die Bibel lehrt - DIE WAHL DER GEMEINDE - BBN<\/title>\n<meta name=\"robots\" content=\"index, follow, max-snippet:-1, max-image-preview:large, max-video-preview:-1\" \/>\n<link rel=\"canonical\" href=\"https:\/\/bbn1.bbnradio.org\/german\/ressourcen\/was-die-bibel-lehrt\/was-die-bibel-lehrt-die-wahl-der-gemeinde\/\" \/>\n<meta property=\"og:locale\" content=\"de_DE\" \/>\n<meta property=\"og:type\" content=\"article\" \/>\n<meta property=\"og:title\" content=\"Was die Bibel lehrt - DIE WAHL DER GEMEINDE\" \/>\n<meta property=\"og:description\" content=\"WIE WAHL DER GEMEINDE Wie wei\u00df ein Christ, welcher Gemeinde bzw. Kirche er sich anschlie\u00dfen soll? Halten wir einleitend fest, dass ein Mensch im Augenblick seiner Bekehrung bereits Mitglied der wahren Kirche geworden ist. Diese besteht aus allen wahrhaft an den Herrn Jesus Christus Gl\u00e4ubigen, ungeachtet der Rasse, Hautfarbe oder Kultur. Glieder dieser Kirche finden [&hellip;]\" \/>\n<meta property=\"og:url\" content=\"https:\/\/bbn1.bbnradio.org\/german\/ressourcen\/was-die-bibel-lehrt\/was-die-bibel-lehrt-die-wahl-der-gemeinde\/\" \/>\n<meta property=\"og:site_name\" content=\"BBN\" \/>\n<meta property=\"article:publisher\" content=\"https:\/\/www.facebook.com\/BBNGerman\/\" \/>\n<meta property=\"article:modified_time\" content=\"2019-02-08T18:15:53+00:00\" \/>\n<meta name=\"twitter:card\" content=\"summary_large_image\" \/>\n<meta name=\"twitter:site\" content=\"@BBNDeutsch\" \/>\n<meta name=\"twitter:label1\" content=\"Gesch\u00e4tzte Lesezeit\" \/>\n\t<meta name=\"twitter:data1\" content=\"5\u00a0Minuten\" \/>\n<script type=\"application\/ld+json\" class=\"yoast-schema-graph\">{\"@context\":\"https:\/\/schema.org\",\"@graph\":[{\"@type\":\"WebPage\",\"@id\":\"https:\/\/bbn1.bbnradio.org\/german\/ressourcen\/was-die-bibel-lehrt\/was-die-bibel-lehrt-die-wahl-der-gemeinde\/\",\"url\":\"https:\/\/bbn1.bbnradio.org\/german\/ressourcen\/was-die-bibel-lehrt\/was-die-bibel-lehrt-die-wahl-der-gemeinde\/\",\"name\":\"Was die Bibel lehrt - DIE WAHL DER GEMEINDE - BBN\",\"isPartOf\":{\"@id\":\"https:\/\/bbn1.bbnradio.org\/german\/#website\"},\"datePublished\":\"2016-04-04T20:26:30+00:00\",\"dateModified\":\"2019-02-08T18:15:53+00:00\",\"breadcrumb\":{\"@id\":\"https:\/\/bbn1.bbnradio.org\/german\/ressourcen\/was-die-bibel-lehrt\/was-die-bibel-lehrt-die-wahl-der-gemeinde\/#breadcrumb\"},\"inLanguage\":\"de\",\"potentialAction\":[{\"@type\":\"ReadAction\",\"target\":[\"https:\/\/bbn1.bbnradio.org\/german\/ressourcen\/was-die-bibel-lehrt\/was-die-bibel-lehrt-die-wahl-der-gemeinde\/\"]}]},{\"@type\":\"BreadcrumbList\",\"@id\":\"https:\/\/bbn1.bbnradio.org\/german\/ressourcen\/was-die-bibel-lehrt\/was-die-bibel-lehrt-die-wahl-der-gemeinde\/#breadcrumb\",\"itemListElement\":[{\"@type\":\"ListItem\",\"position\":1,\"name\":\"Home\",\"item\":\"https:\/\/bbn1.bbnradio.org\/german\/home\/\"},{\"@type\":\"ListItem\",\"position\":2,\"name\":\"Ressourcen\",\"item\":\"https:\/\/bbn1.bbnradio.org\/german\/ressourcen\/\"},{\"@type\":\"ListItem\",\"position\":3,\"name\":\"Was die Bibel lehrt\",\"item\":\"https:\/\/bbn1.bbnradio.org\/german\/ressourcen\/was-die-bibel-lehrt\/\"},{\"@type\":\"ListItem\",\"position\":4,\"name\":\"Was die Bibel lehrt &#8211; DIE WAHL DER GEMEINDE\"}]},{\"@type\":\"WebSite\",\"@id\":\"https:\/\/bbn1.bbnradio.org\/german\/#website\",\"url\":\"https:\/\/bbn1.bbnradio.org\/german\/\",\"name\":\"BBN\",\"description\":\"BBN\",\"potentialAction\":[{\"@type\":\"SearchAction\",\"target\":{\"@type\":\"EntryPoint\",\"urlTemplate\":\"https:\/\/bbn1.bbnradio.org\/german\/?s={search_term_string}\"},\"query-input\":{\"@type\":\"PropertyValueSpecification\",\"valueRequired\":true,\"valueName\":\"search_term_string\"}}],\"inLanguage\":\"de\"}]}<\/script>\n<!-- \/ Yoast SEO Premium plugin. -->","yoast_head_json":{"title":"Was die Bibel lehrt - DIE WAHL DER GEMEINDE - BBN","robots":{"index":"index","follow":"follow","max-snippet":"max-snippet:-1","max-image-preview":"max-image-preview:large","max-video-preview":"max-video-preview:-1"},"canonical":"https:\/\/bbn1.bbnradio.org\/german\/ressourcen\/was-die-bibel-lehrt\/was-die-bibel-lehrt-die-wahl-der-gemeinde\/","og_locale":"de_DE","og_type":"article","og_title":"Was die Bibel lehrt - DIE WAHL DER GEMEINDE","og_description":"WIE WAHL DER GEMEINDE Wie wei\u00df ein Christ, welcher Gemeinde bzw. Kirche er sich anschlie\u00dfen soll? Halten wir einleitend fest, dass ein Mensch im Augenblick seiner Bekehrung bereits Mitglied der wahren Kirche geworden ist. Diese besteht aus allen wahrhaft an den Herrn Jesus Christus Gl\u00e4ubigen, ungeachtet der Rasse, Hautfarbe oder Kultur. Glieder dieser Kirche finden [&hellip;]","og_url":"https:\/\/bbn1.bbnradio.org\/german\/ressourcen\/was-die-bibel-lehrt\/was-die-bibel-lehrt-die-wahl-der-gemeinde\/","og_site_name":"BBN","article_publisher":"https:\/\/www.facebook.com\/BBNGerman\/","article_modified_time":"2019-02-08T18:15:53+00:00","twitter_card":"summary_large_image","twitter_site":"@BBNDeutsch","twitter_misc":{"Gesch\u00e4tzte Lesezeit":"5\u00a0Minuten"},"schema":{"@context":"https:\/\/schema.org","@graph":[{"@type":"WebPage","@id":"https:\/\/bbn1.bbnradio.org\/german\/ressourcen\/was-die-bibel-lehrt\/was-die-bibel-lehrt-die-wahl-der-gemeinde\/","url":"https:\/\/bbn1.bbnradio.org\/german\/ressourcen\/was-die-bibel-lehrt\/was-die-bibel-lehrt-die-wahl-der-gemeinde\/","name":"Was die Bibel lehrt - DIE WAHL DER GEMEINDE - BBN","isPartOf":{"@id":"https:\/\/bbn1.bbnradio.org\/german\/#website"},"datePublished":"2016-04-04T20:26:30+00:00","dateModified":"2019-02-08T18:15:53+00:00","breadcrumb":{"@id":"https:\/\/bbn1.bbnradio.org\/german\/ressourcen\/was-die-bibel-lehrt\/was-die-bibel-lehrt-die-wahl-der-gemeinde\/#breadcrumb"},"inLanguage":"de","potentialAction":[{"@type":"ReadAction","target":["https:\/\/bbn1.bbnradio.org\/german\/ressourcen\/was-die-bibel-lehrt\/was-die-bibel-lehrt-die-wahl-der-gemeinde\/"]}]},{"@type":"BreadcrumbList","@id":"https:\/\/bbn1.bbnradio.org\/german\/ressourcen\/was-die-bibel-lehrt\/was-die-bibel-lehrt-die-wahl-der-gemeinde\/#breadcrumb","itemListElement":[{"@type":"ListItem","position":1,"name":"Home","item":"https:\/\/bbn1.bbnradio.org\/german\/home\/"},{"@type":"ListItem","position":2,"name":"Ressourcen","item":"https:\/\/bbn1.bbnradio.org\/german\/ressourcen\/"},{"@type":"ListItem","position":3,"name":"Was die Bibel lehrt","item":"https:\/\/bbn1.bbnradio.org\/german\/ressourcen\/was-die-bibel-lehrt\/"},{"@type":"ListItem","position":4,"name":"Was die Bibel lehrt &#8211; DIE WAHL DER GEMEINDE"}]},{"@type":"WebSite","@id":"https:\/\/bbn1.bbnradio.org\/german\/#website","url":"https:\/\/bbn1.bbnradio.org\/german\/","name":"BBN","description":"BBN","potentialAction":[{"@type":"SearchAction","target":{"@type":"EntryPoint","urlTemplate":"https:\/\/bbn1.bbnradio.org\/german\/?s={search_term_string}"},"query-input":{"@type":"PropertyValueSpecification","valueRequired":true,"valueName":"search_term_string"}}],"inLanguage":"de"}]}},"jetpack_sharing_enabled":true,"jetpack_shortlink":"https:\/\/wp.me\/PgZlJB-1YQ","_links":{"self":[{"href":"https:\/\/bbn1.bbnradio.org\/german\/wp-json\/wp\/v2\/pages\/7616","targetHints":{"allow":["GET"]}}],"collection":[{"href":"https:\/\/bbn1.bbnradio.org\/german\/wp-json\/wp\/v2\/pages"}],"about":[{"href":"https:\/\/bbn1.bbnradio.org\/german\/wp-json\/wp\/v2\/types\/page"}],"author":[{"embeddable":true,"href":"https:\/\/bbn1.bbnradio.org\/german\/wp-json\/wp\/v2\/users\/27"}],"replies":[{"embeddable":true,"href":"https:\/\/bbn1.bbnradio.org\/german\/wp-json\/wp\/v2\/comments?post=7616"}],"version-history":[{"count":2,"href":"https:\/\/bbn1.bbnradio.org\/german\/wp-json\/wp\/v2\/pages\/7616\/revisions"}],"predecessor-version":[{"id":13637,"href":"https:\/\/bbn1.bbnradio.org\/german\/wp-json\/wp\/v2\/pages\/7616\/revisions\/13637"}],"up":[{"embeddable":true,"href":"https:\/\/bbn1.bbnradio.org\/german\/wp-json\/wp\/v2\/pages\/5034"}],"wp:attachment":[{"href":"https:\/\/bbn1.bbnradio.org\/german\/wp-json\/wp\/v2\/media?parent=7616"}],"wp:term":[{"taxonomy":"category","embeddable":true,"href":"https:\/\/bbn1.bbnradio.org\/german\/wp-json\/wp\/v2\/categories?post=7616"},{"taxonomy":"post_tag","embeddable":true,"href":"https:\/\/bbn1.bbnradio.org\/german\/wp-json\/wp\/v2\/tags?post=7616"}],"curies":[{"name":"wp","href":"https:\/\/api.w.org\/{rel}","templated":true}]}}