{"id":7620,"date":"2016-04-04T16:28:49","date_gmt":"2016-04-04T20:28:49","guid":{"rendered":"https:\/\/bbn1.bbnradio.org\/english\/?page_id=7620"},"modified":"2019-02-08T11:19:21","modified_gmt":"2019-02-08T16:19:21","slug":"was-lehrt-die-bibel-das-gebetsleben","status":"publish","type":"page","link":"https:\/\/bbn1.bbnradio.org\/german\/ressourcen\/was-die-bibel-lehrt\/was-lehrt-die-bibel-das-gebetsleben\/","title":{"rendered":"Was lehrt die Bibel &#8211; DAS GEBETSLEBEN"},"content":{"rendered":"<p>DAS GEBETSLEBEN<\/p>\n<p>Was lehrt die Bibel \u00fcber das Gebet? In keinem Bereich des christlichen Lebens kann es Fortschritt ohne Gebet geben. Es ist daher f\u00fcr den jungen Gl\u00e4ubigen wichtig zu wissen, was die Bibel hier\u00fcber lehrt.<\/p>\n<p>A. Warum sollen wir beten?<\/p>\n<p>Weil die Bibel es gebietet (1. Timotheus 2,8). Der Herr Jesus war ein Mann des Gebets. Wenn schon er die Notwendigkeit des Gebets empfand, wie viel mehr sollten wir es! (1. Thessalonicher 5,17.18; Epheser 6,18)<\/p>\n<p>B. Wie oft sollen wir beten?<\/p>\n<p>Wir sollten zu festen Zeiten des Tages beten und auch zwischendurch. Es ist ein guter Vorsatz, den Tag mit Gebet zu beginnen und mit Gebet zu beenden. Auch w\u00e4hrend des Tages sollten wir zum Herrn aufblicken, wenn Probleme auftreten, wenn wir Hilfe oder Weisheit brauchen oder ihm einfach f\u00fcr etwas danken m\u00f6chten. Nehemia lie\u00df im Kampf um die Wiedererrichtung der Mauern Jerusalems immer wieder Gebete zum Himmel emporsteigen. Ganz gewiss sollte jeder Christ vor einer Mahlzeit sein Haupt neigen und beten, sei es in der \u00d6ffentlichkeit oder zu Hause.<\/p>\n<p>C. In welcher Haltung sollen wir beten?<\/p>\n<p>Daniel kniete nieder, wenn er betete (Daniel 6,10). So tat es auch Jesus (Lukas 22,41). Nehemia andererseits betete, w\u00e4hrend er vor dem K\u00f6nig stand (Nehemia 2,4). Christen beten zu Hause im allgemeinen auf Knien, aber es ist nichtsdestoweniger auch ihr Vorrecht, unterwegs oder w\u00e4hrend ihrer allt\u00e4glichen Gesch\u00e4fte mit Gott zu sprechen.<\/p>\n<p>D. Wof\u00fcr beten wir?<\/p>\n<p>Unter den Schriftstellen, die auf diese Frage eine Antwort geben, sind Philipper 4,6; 1. Timotheus 2,1-3 und Matth\u00e4us 9,38 zu nennen. Es gibt nichts, was zu klein oder zu gro\u00df w\u00e4re f\u00fcr das Gebet. Viele Gl\u00e4ubige finden es hilfreich, eine Gebetsliste zu f\u00fchren, auf der etwa nachstehende Anliegen stehen:<br \/>\n(1) Namen von unerretteten Verwandten und Bekannten.<br \/>\n(2) Namen von Kranken und von Menschen in Not<br \/>\n(3) Namen von Menschen im Dienst des Herrn: Missionare, Evangelisten und Lehrer.<\/p>\n<p>Vergessen wir nicht, auch den Lobpreis f\u00fcr den Herrn mit in unser Gebet hineinzunehmen und unser Hauptaugenmerk darauf zu richten, den Herrn zu ehren. Wenn wir ganz konkret beten, wird Gott ganz konkret antworten. Wenn wir aber ganz allgemein f\u00fcr Menschen beten, ohne sie mit Namen zu nennen, dann fragt sich, wie wir je erfahren sollen, ob unsere Gebete erh\u00f6rt worden sind.<\/p>\n<p>E. Voraussetzungen f\u00fcr erh\u00f6rliches Gebet<\/p>\n<p>Wenn wir in Christus bleiben, dann werden unsere Bitten erh\u00f6rt (Johannes 15,7). In Christus bleiben hei\u00dft, seine Gebote zu halten (1. Johannes 3,22).<\/p>\n<p>(1) Unsere Gebete sollen Gottes Willen entsprechen (1. Johannes 5,14). Da uns die Bibel \u00fcber die Grundz\u00fcge des Willens Gottes nicht im unklaren l\u00e4sst, sollen unsere Bitten schriftgem\u00e4\u00df sein. Daher beten wir auch in der Sprache der Bibel.<\/p>\n<p>(2) Unsere Bitten sollen im Namen Jesu vorgebracht werden (Johannes 14,13; 16,23). Wenn wir wahrhaft in seinem Namen beten, dann ist es nicht anders, als wenn er selbst die Bitte vorbringen w\u00fcrde.<\/p>\n<p>(3) Unsere Motive m\u00fcssen rein sein (Jakobus 4,3). Wenn unsere Motive selbsts\u00fcchtig und s\u00fcndig sind, dann k\u00f6nnen wir keine Erh\u00f6rung erwarten.<\/p>\n<p>F. Die Sprache des Gebets<\/p>\n<p>Wir sollen Gott ehrfurchtsvoll anreden. Dem steht das kindliche \u201eDu\u201c nicht entgegen.<\/p>\n<p>G. Die Gefahren und Klippen beim Beten<\/p>\n<p>(1) Beten Sie nie, um gesehen zu werden (Matth\u00e4us 6,5.6).<br \/>\n(2) Bitten Sie Gott nicht um etwas, das Sie selbst tun k\u00f6nnen. Kein vern\u00fcnftiger Mensch l\u00e4uft vor ein herannahendes Auto und bittet dann Gott, ihm auf den B\u00fcrgersteig zur\u00fcckzuhelfen. Daf\u00fcr hat Gott uns Beine gegeben.<br \/>\n(3) Bitten Sie nie um etwas, von dem Sie wissen, dass Sie es nicht haben sollten. Gott gew\u00e4hrt uns mitunter solche Bitten, was uns aber schwer im Magen liegen kann (Psalm 106,15).<br \/>\n(4) Wortreiche Wiederholungen gilt es zu vermeiden (Matth\u00e4us 6,7; Prediger 5,2).<\/p>\n<p>H. Weitere Hinweise<\/p>\n<p>(1) Wenn die Gedanken abschweifen, w\u00e4hrend Sie auf den Knien sind, dann versuchen Sie, laut zu beten. Das wird eine gro\u00dfe Konzentrationshilfe sein.<br \/>\n(2) Seien Sie nicht entmutigt, wenn ihre Gebete nicht sofort erh\u00f6rt werden.<br \/>\nGottes Antworten sind nie zu fr\u00fch, sonst w\u00fcrden wir des Segens des Wartens verlustig gehen, und nie zu sp\u00e4t, dass wir meinten, umsonst vertraut zu haben.<br \/>\n(3) Wenn Gottes Antwort nicht genauso ausf\u00e4llt, wie Sie es erwartet haben, dann seien Sie dessen eingedenk: Gott beh\u00e4lt sich das Recht vor, uns etwas Besseres als das Erbetene zu geben. Wir wissen nicht, was f\u00fcr uns am besten ist, aber Gott wei\u00df es, und so geht das, was er uns gibt, weit \u00fcber das hinaus, was wir je erbitten oder erdenken k\u00f6nnten (2. Korinther 12,8.9).<\/p>\n<!-- AddThis Advanced Settings generic via filter on the_content --><!-- AddThis Share Buttons generic via filter on the_content -->","protected":false},"excerpt":{"rendered":"<p>DAS GEBETSLEBEN Was lehrt die Bibel \u00fcber das Gebet? In keinem Bereich des christlichen Lebens kann es Fortschritt ohne Gebet geben. Es ist daher f\u00fcr den jungen Gl\u00e4ubigen wichtig zu wissen, was die Bibel hier\u00fcber lehrt. A. Warum sollen wir beten? Weil die Bibel es gebietet (1. Timotheus 2,8). Der Herr Jesus war ein Mann [&hellip;]<!-- AddThis Advanced Settings generic via filter on get_the_excerpt --><!-- AddThis Share Buttons generic via filter on get_the_excerpt --><\/p>\n","protected":false},"author":27,"featured_media":0,"parent":5034,"menu_order":0,"comment_status":"closed","ping_status":"closed","template":"","meta":{"footnotes":""},"categories":[],"tags":[],"class_list":["post-7620","page","type-page","status-publish","hentry"],"yoast_head":"<!-- This site is optimized with the Yoast SEO Premium plugin v24.8 (Yoast SEO v24.8.1) - https:\/\/yoast.com\/wordpress\/plugins\/seo\/ -->\n<title>Was lehrt die Bibel - DAS GEBETSLEBEN - BBN<\/title>\n<meta name=\"robots\" content=\"index, follow, max-snippet:-1, max-image-preview:large, max-video-preview:-1\" \/>\n<link rel=\"canonical\" href=\"https:\/\/bbn1.bbnradio.org\/german\/ressourcen\/was-die-bibel-lehrt\/was-lehrt-die-bibel-das-gebetsleben\/\" \/>\n<meta property=\"og:locale\" content=\"de_DE\" \/>\n<meta property=\"og:type\" content=\"article\" \/>\n<meta property=\"og:title\" content=\"Was lehrt die Bibel - DAS GEBETSLEBEN\" \/>\n<meta property=\"og:description\" content=\"DAS GEBETSLEBEN Was lehrt die Bibel \u00fcber das Gebet? In keinem Bereich des christlichen Lebens kann es Fortschritt ohne Gebet geben. Es ist daher f\u00fcr den jungen Gl\u00e4ubigen wichtig zu wissen, was die Bibel hier\u00fcber lehrt. A. Warum sollen wir beten? Weil die Bibel es gebietet (1. Timotheus 2,8). Der Herr Jesus war ein Mann [&hellip;]\" \/>\n<meta property=\"og:url\" content=\"https:\/\/bbn1.bbnradio.org\/german\/ressourcen\/was-die-bibel-lehrt\/was-lehrt-die-bibel-das-gebetsleben\/\" \/>\n<meta property=\"og:site_name\" content=\"BBN\" \/>\n<meta property=\"article:publisher\" content=\"https:\/\/www.facebook.com\/BBNGerman\/\" \/>\n<meta property=\"article:modified_time\" content=\"2019-02-08T16:19:21+00:00\" \/>\n<meta name=\"twitter:card\" content=\"summary_large_image\" \/>\n<meta name=\"twitter:site\" content=\"@BBNDeutsch\" \/>\n<meta name=\"twitter:label1\" content=\"Gesch\u00e4tzte Lesezeit\" \/>\n\t<meta name=\"twitter:data1\" content=\"4\u00a0Minuten\" \/>\n<script type=\"application\/ld+json\" class=\"yoast-schema-graph\">{\"@context\":\"https:\/\/schema.org\",\"@graph\":[{\"@type\":\"WebPage\",\"@id\":\"https:\/\/bbn1.bbnradio.org\/german\/ressourcen\/was-die-bibel-lehrt\/was-lehrt-die-bibel-das-gebetsleben\/\",\"url\":\"https:\/\/bbn1.bbnradio.org\/german\/ressourcen\/was-die-bibel-lehrt\/was-lehrt-die-bibel-das-gebetsleben\/\",\"name\":\"Was lehrt die Bibel - DAS GEBETSLEBEN - BBN\",\"isPartOf\":{\"@id\":\"https:\/\/bbn1.bbnradio.org\/german\/#website\"},\"datePublished\":\"2016-04-04T20:28:49+00:00\",\"dateModified\":\"2019-02-08T16:19:21+00:00\",\"breadcrumb\":{\"@id\":\"https:\/\/bbn1.bbnradio.org\/german\/ressourcen\/was-die-bibel-lehrt\/was-lehrt-die-bibel-das-gebetsleben\/#breadcrumb\"},\"inLanguage\":\"de\",\"potentialAction\":[{\"@type\":\"ReadAction\",\"target\":[\"https:\/\/bbn1.bbnradio.org\/german\/ressourcen\/was-die-bibel-lehrt\/was-lehrt-die-bibel-das-gebetsleben\/\"]}]},{\"@type\":\"BreadcrumbList\",\"@id\":\"https:\/\/bbn1.bbnradio.org\/german\/ressourcen\/was-die-bibel-lehrt\/was-lehrt-die-bibel-das-gebetsleben\/#breadcrumb\",\"itemListElement\":[{\"@type\":\"ListItem\",\"position\":1,\"name\":\"Home\",\"item\":\"https:\/\/bbn1.bbnradio.org\/german\/home\/\"},{\"@type\":\"ListItem\",\"position\":2,\"name\":\"Ressourcen\",\"item\":\"https:\/\/bbn1.bbnradio.org\/german\/ressourcen\/\"},{\"@type\":\"ListItem\",\"position\":3,\"name\":\"Was die Bibel lehrt\",\"item\":\"https:\/\/bbn1.bbnradio.org\/german\/ressourcen\/was-die-bibel-lehrt\/\"},{\"@type\":\"ListItem\",\"position\":4,\"name\":\"Was lehrt die Bibel &#8211; DAS GEBETSLEBEN\"}]},{\"@type\":\"WebSite\",\"@id\":\"https:\/\/bbn1.bbnradio.org\/german\/#website\",\"url\":\"https:\/\/bbn1.bbnradio.org\/german\/\",\"name\":\"BBN\",\"description\":\"BBN\",\"potentialAction\":[{\"@type\":\"SearchAction\",\"target\":{\"@type\":\"EntryPoint\",\"urlTemplate\":\"https:\/\/bbn1.bbnradio.org\/german\/?s={search_term_string}\"},\"query-input\":{\"@type\":\"PropertyValueSpecification\",\"valueRequired\":true,\"valueName\":\"search_term_string\"}}],\"inLanguage\":\"de\"}]}<\/script>\n<!-- \/ Yoast SEO Premium plugin. -->","yoast_head_json":{"title":"Was lehrt die Bibel - DAS GEBETSLEBEN - BBN","robots":{"index":"index","follow":"follow","max-snippet":"max-snippet:-1","max-image-preview":"max-image-preview:large","max-video-preview":"max-video-preview:-1"},"canonical":"https:\/\/bbn1.bbnradio.org\/german\/ressourcen\/was-die-bibel-lehrt\/was-lehrt-die-bibel-das-gebetsleben\/","og_locale":"de_DE","og_type":"article","og_title":"Was lehrt die Bibel - DAS GEBETSLEBEN","og_description":"DAS GEBETSLEBEN Was lehrt die Bibel \u00fcber das Gebet? In keinem Bereich des christlichen Lebens kann es Fortschritt ohne Gebet geben. Es ist daher f\u00fcr den jungen Gl\u00e4ubigen wichtig zu wissen, was die Bibel hier\u00fcber lehrt. A. Warum sollen wir beten? Weil die Bibel es gebietet (1. Timotheus 2,8). Der Herr Jesus war ein Mann [&hellip;]","og_url":"https:\/\/bbn1.bbnradio.org\/german\/ressourcen\/was-die-bibel-lehrt\/was-lehrt-die-bibel-das-gebetsleben\/","og_site_name":"BBN","article_publisher":"https:\/\/www.facebook.com\/BBNGerman\/","article_modified_time":"2019-02-08T16:19:21+00:00","twitter_card":"summary_large_image","twitter_site":"@BBNDeutsch","twitter_misc":{"Gesch\u00e4tzte Lesezeit":"4\u00a0Minuten"},"schema":{"@context":"https:\/\/schema.org","@graph":[{"@type":"WebPage","@id":"https:\/\/bbn1.bbnradio.org\/german\/ressourcen\/was-die-bibel-lehrt\/was-lehrt-die-bibel-das-gebetsleben\/","url":"https:\/\/bbn1.bbnradio.org\/german\/ressourcen\/was-die-bibel-lehrt\/was-lehrt-die-bibel-das-gebetsleben\/","name":"Was lehrt die Bibel - DAS GEBETSLEBEN - BBN","isPartOf":{"@id":"https:\/\/bbn1.bbnradio.org\/german\/#website"},"datePublished":"2016-04-04T20:28:49+00:00","dateModified":"2019-02-08T16:19:21+00:00","breadcrumb":{"@id":"https:\/\/bbn1.bbnradio.org\/german\/ressourcen\/was-die-bibel-lehrt\/was-lehrt-die-bibel-das-gebetsleben\/#breadcrumb"},"inLanguage":"de","potentialAction":[{"@type":"ReadAction","target":["https:\/\/bbn1.bbnradio.org\/german\/ressourcen\/was-die-bibel-lehrt\/was-lehrt-die-bibel-das-gebetsleben\/"]}]},{"@type":"BreadcrumbList","@id":"https:\/\/bbn1.bbnradio.org\/german\/ressourcen\/was-die-bibel-lehrt\/was-lehrt-die-bibel-das-gebetsleben\/#breadcrumb","itemListElement":[{"@type":"ListItem","position":1,"name":"Home","item":"https:\/\/bbn1.bbnradio.org\/german\/home\/"},{"@type":"ListItem","position":2,"name":"Ressourcen","item":"https:\/\/bbn1.bbnradio.org\/german\/ressourcen\/"},{"@type":"ListItem","position":3,"name":"Was die Bibel lehrt","item":"https:\/\/bbn1.bbnradio.org\/german\/ressourcen\/was-die-bibel-lehrt\/"},{"@type":"ListItem","position":4,"name":"Was lehrt die Bibel &#8211; DAS GEBETSLEBEN"}]},{"@type":"WebSite","@id":"https:\/\/bbn1.bbnradio.org\/german\/#website","url":"https:\/\/bbn1.bbnradio.org\/german\/","name":"BBN","description":"BBN","potentialAction":[{"@type":"SearchAction","target":{"@type":"EntryPoint","urlTemplate":"https:\/\/bbn1.bbnradio.org\/german\/?s={search_term_string}"},"query-input":{"@type":"PropertyValueSpecification","valueRequired":true,"valueName":"search_term_string"}}],"inLanguage":"de"}]}},"jetpack_sharing_enabled":true,"jetpack_shortlink":"https:\/\/wp.me\/PgZlJB-1YU","_links":{"self":[{"href":"https:\/\/bbn1.bbnradio.org\/german\/wp-json\/wp\/v2\/pages\/7620","targetHints":{"allow":["GET"]}}],"collection":[{"href":"https:\/\/bbn1.bbnradio.org\/german\/wp-json\/wp\/v2\/pages"}],"about":[{"href":"https:\/\/bbn1.bbnradio.org\/german\/wp-json\/wp\/v2\/types\/page"}],"author":[{"embeddable":true,"href":"https:\/\/bbn1.bbnradio.org\/german\/wp-json\/wp\/v2\/users\/27"}],"replies":[{"embeddable":true,"href":"https:\/\/bbn1.bbnradio.org\/german\/wp-json\/wp\/v2\/comments?post=7620"}],"version-history":[{"count":2,"href":"https:\/\/bbn1.bbnradio.org\/german\/wp-json\/wp\/v2\/pages\/7620\/revisions"}],"predecessor-version":[{"id":13608,"href":"https:\/\/bbn1.bbnradio.org\/german\/wp-json\/wp\/v2\/pages\/7620\/revisions\/13608"}],"up":[{"embeddable":true,"href":"https:\/\/bbn1.bbnradio.org\/german\/wp-json\/wp\/v2\/pages\/5034"}],"wp:attachment":[{"href":"https:\/\/bbn1.bbnradio.org\/german\/wp-json\/wp\/v2\/media?parent=7620"}],"wp:term":[{"taxonomy":"category","embeddable":true,"href":"https:\/\/bbn1.bbnradio.org\/german\/wp-json\/wp\/v2\/categories?post=7620"},{"taxonomy":"post_tag","embeddable":true,"href":"https:\/\/bbn1.bbnradio.org\/german\/wp-json\/wp\/v2\/tags?post=7620"}],"curies":[{"name":"wp","href":"https:\/\/api.w.org\/{rel}","templated":true}]}}