{"id":7622,"date":"2016-04-04T16:29:41","date_gmt":"2016-04-04T20:29:41","guid":{"rendered":"https:\/\/bbn1.bbnradio.org\/english\/?page_id=7622"},"modified":"2019-02-07T14:52:22","modified_gmt":"2019-02-07T19:52:22","slug":"was-die-bibel-lehrt-zeugnis-geben-und-seelen-gewinnen","status":"publish","type":"page","link":"https:\/\/bbn1.bbnradio.org\/german\/ressourcen\/was-die-bibel-lehrt\/was-die-bibel-lehrt-zeugnis-geben-und-seelen-gewinnen\/","title":{"rendered":"Was die Bibel lehrt &#8211; ZEUGNIS GEBEN UND SEELEN GEWINNEN"},"content":{"rendered":"<p><strong>ZEUGNIS GEBEN UND SEELEN GEWINNEN<\/strong><\/p>\n<p>Wie kann ein Christ andere Menschen zu Christus f\u00fchren? Seelen f\u00fcr Christus zu gewinnen ist eine der gr\u00f6\u00dften Aufgaben unserer Zeit. \u201eWer Seelen gewinnt, ist weise\u201c (Spr\u00fcche 11,30 &#8211; nach dem Wortlaut der englischen Bibel\u00fcbersetzung).<\/p>\n<p>Obgleich es keine definitiven oder feste Regeln f\u00fcr Erfolg auf diesem Gebiet gibt, so k\u00f6nnen doch einige allgemeine Prinzipien von gro\u00dfem Wert sein. Wenn wir Zeugnis ablegen, dann geht es um geistliche Kampff\u00fchrung. Ehe es in den Kampf geht, gilt es St\u00fcck f\u00fcr St\u00fcck die volle Waffenr\u00fcstung Gottes anzulegen (Epheser 6,11-18).<\/p>\n<p><strong>A.<\/strong> Es ist von gr\u00f6\u00dfter Bedeutung, dass der Seelegewinner selbst geistlich gesund ist. Er muss sich best\u00e4ndig aus dem Wort n\u00e4hren. Er muss viel Zeit im Gebet verbringen. Er muss Gott hingegeben sein. Er muss jegliche S\u00fcnde, der er huldigt, bekennen und lassen. Indem er so im Geist wandelt, wird er erfahren, dass der Herr M\u00f6glichkeiten f\u00fcr ein wirkungsvolles Zeugnis schenken wird. Die Goldene Regel f\u00fcr das Seelengewinnen ist zweifelsohne \u201eLebe nahe bei Gott!\u201c (Matth\u00e4us 4,19). Vergessen Sie nicht, dass Ihr Leben ein best\u00e4ndiges Zeugnis ist \u2013 sei es nun gut, schlecht oder \u201egerade so\u201c.<\/p>\n<p><strong>B.<\/strong> Es ist gut, den Tag mit der Bitte zu beginnen, dass Gott uns mit denen zusammenf\u00fchrt, die wir ansprechen sollen. Es ist offensichtlich, dass wir nicht mit jedem sprechen k\u00f6nnen, dem wir begegnen. Es ist auch klar, dass wir von uns selbst aus nicht wissen k\u00f6nnen, wer \u201ereif\u201c f\u00fcr die Errettung ist. Aber wenn wir uns vom Herrn f\u00fchren lassen, dann werden wir effektiver arbeiten und mehr Frucht f\u00fcr ihn ernten.<\/p>\n<p><strong>C.<\/strong> Im Verlauf des Tages sollten wir Gelegenheiten nutzen, um etwas von Jesus zu sagen. Wenn z.B. Kollegen auf der Arbeit den Namen Gottes verunehren, ergibt sich oft die M\u00f6glichkeit, in taktvoller und liebevoller Weise ein Wort des Zeugnisses zu sagen. In Gespr\u00e4chen kommen h\u00e4ufig auch religi\u00f6se Themen auf. Hier sollten wir einhaken. Und wir sollten auch nicht immer nur auf Gelegenheiten warten; wir k\u00f6nnen sie auch herbeif\u00fchren. Weltmenschen sprechen ganz selbstverst\u00e4ndlich \u00fcber Politik, das Wetter und Sport. Warum sollten wir dann nicht von Christus, unserem Erl\u00f6ser, sprechen?<\/p>\n<p><strong>D.<\/strong> Zitieren Sie das Wort Gottes so oft wie m\u00f6glich. Noch besser ist es, wenn wir es die Menschen lesen lassen. Es ist ein lebendiges Wort! Es ist das Schwert des Geistes (Hebr\u00e4er 4,12). Es hat Kraft, Seelen zu erreichen, weit \u00fcber jedes Wort hinaus, das wir je sagen k\u00f6nnten. Jeder gute Soldat Jesu Christi sollte diese gr\u00f6\u00dfte aller Waffen gebrauchen. Unerrettete Menschen werden alles in ihrer Macht Stehende tun, Sie davon abzubringen, die Schrift zu zitieren. Aber h\u00f6ren Sie damit nicht auf. Wenn sie sagen dass sie nicht an die Bibel glauben, dann zitieren Sie umso mehr. Die Bibel lehrt das S\u00e4en und Ernten. Es gibt eine Zeit zu s\u00e4en und eine Zeit zu ernten. Es ist Gott, der die Ernte schenkt. Wenn Sie nicht s\u00e4en, dann kann es auch keine Ernte geben. Sein Wort ist das Saatgut, das wir breitw\u00fcrfig ausstreuen sollen (Matth\u00e4us 13,4-8).<\/p>\n<p><strong>E.<\/strong> Bauen Sie den Kontakt aus: Einmaliges H\u00f6ren des Evangeliums reicht gew\u00f6hnlich nicht aus; vielmehr m\u00fcssen die Menschen weitere Male angesprochen werden. Begegnen Sie ihnen mit Freundlichkeit. \u00dcberreichen Sie ihnen gute evangelistische Literatur. Laden Sie sie zu evangelistischen Veranstaltungen ein. Beten Sie vor allem viel f\u00fcr sie. Lassen Sie sich nicht durch Feindseligkeit entmutigen. Bei manchen Menschen ist opponierendes Verhalten nicht selten ein Zeichen daf\u00fcr, dass sie vom Heiligen Geist ber\u00fchrt werden, w\u00e4hrend Gleichg\u00fcltigkeit so gut wie nicht beizukommen ist.<\/p>\n<p><strong>F.<\/strong> Dr\u00e4ngen Sie niemals jemanden zu einer schnellen Entscheidung. Eine falsche \u00dcbergabe an Jesus ist nicht nur wertlos, sondern sie kann auch f\u00fcr den Betreffenden selbst tr\u00fcgerisch sein und der Sache Jesu uns\u00e4glich schaden. Seien Sie treu im Auss\u00e4en der Saat \u2013 und Gott wird treu sein und \u201eWachstum und Gedeihen\u201c schenken (Johannes 4,35-38).<\/p>\n<p><strong>G.<\/strong> Wenn Sie sich schwer tun, mit anderen \u00fcber Jesus zu sprechen, dann sagen Sie es dem Herrn und bitten Sie ihn um Kraft und Mut zum Zeugnisgeben. Wenn Sie es wirklich wollen, wird er Sie damit beschenken (Matth\u00e4us 10,32).<\/p>\n<p><strong>H.<\/strong> Haben Sie immer ein gutes Sortiment evangelistischer Literatur dabei. Traktate kann man nicht nur direkt weitergeben, sondern auch in Stra\u00dfenbahnen oder Bussen sowie in Restaurants und an fast jedem \u00f6ffentlichen Platz zur\u00fccklassen.<\/p>\n<p>Der Lohn f\u00fcr das Seelengewinnen ist enorm: (1) Die Freude, einen Menschen zu Jesus zu f\u00fchren, ist unbeschreiblich! Siehe Lukas 15,10. (2) Wie viel gr\u00f6\u00dfer wird die Freude im Himmel sein, wenn jemand Sie mit den Worten begr\u00fc\u00dft \u201eDu hast mich damals eingeladen!\u201c (3) Schlie\u00dflich: wie unvorstellbar wird es sein, wenn der Herr Jesus Christus Sie vor den versammelten himmlischen Heerscharen bekennt (Matth\u00e4us 10,32).<\/p>\n<p>Angesichts alles dessen sollten wir best\u00e4ndig beten:<\/p>\n<p>Lass mich die Menschen so sehen, wie Jesus es tat,<br \/>\nbis meine Augen tr\u00e4nennass werden.<br \/>\nLass mich mit tiefem Mitgef\u00fchl<br \/>\ndie irrenden Schafe sehen<br \/>\nund sie um Seiner Liebe willen lieben<br \/>\n(Matth\u00e4us 9,36).<\/p>\n<!-- AddThis Advanced Settings generic via filter on the_content --><!-- AddThis Share Buttons generic via filter on the_content -->","protected":false},"excerpt":{"rendered":"<p>ZEUGNIS GEBEN UND SEELEN GEWINNEN Wie kann ein Christ andere Menschen zu Christus f\u00fchren? Seelen f\u00fcr Christus zu gewinnen ist eine der gr\u00f6\u00dften Aufgaben unserer Zeit. \u201eWer Seelen gewinnt, ist weise\u201c (Spr\u00fcche 11,30 &#8211; nach dem Wortlaut der englischen Bibel\u00fcbersetzung). Obgleich es keine definitiven oder feste Regeln f\u00fcr Erfolg auf diesem Gebiet gibt, so k\u00f6nnen [&hellip;]<!-- AddThis Advanced Settings generic via filter on get_the_excerpt --><!-- AddThis Share Buttons generic via filter on get_the_excerpt --><\/p>\n","protected":false},"author":27,"featured_media":0,"parent":5034,"menu_order":0,"comment_status":"closed","ping_status":"closed","template":"","meta":{"footnotes":""},"categories":[],"tags":[],"class_list":["post-7622","page","type-page","status-publish","hentry"],"yoast_head":"<!-- This site is optimized with the Yoast SEO Premium plugin v24.8 (Yoast SEO v24.8.1) - https:\/\/yoast.com\/wordpress\/plugins\/seo\/ -->\n<title>Was die Bibel lehrt - ZEUGNIS GEBEN UND SEELEN GEWINNEN - BBN<\/title>\n<meta name=\"robots\" content=\"index, follow, max-snippet:-1, max-image-preview:large, max-video-preview:-1\" \/>\n<link rel=\"canonical\" href=\"https:\/\/bbn1.bbnradio.org\/german\/ressourcen\/was-die-bibel-lehrt\/was-die-bibel-lehrt-zeugnis-geben-und-seelen-gewinnen\/\" \/>\n<meta property=\"og:locale\" content=\"de_DE\" \/>\n<meta property=\"og:type\" content=\"article\" \/>\n<meta property=\"og:title\" content=\"Was die Bibel lehrt - ZEUGNIS GEBEN UND SEELEN GEWINNEN\" \/>\n<meta property=\"og:description\" content=\"ZEUGNIS GEBEN UND SEELEN GEWINNEN Wie kann ein Christ andere Menschen zu Christus f\u00fchren? Seelen f\u00fcr Christus zu gewinnen ist eine der gr\u00f6\u00dften Aufgaben unserer Zeit. \u201eWer Seelen gewinnt, ist weise\u201c (Spr\u00fcche 11,30 &#8211; nach dem Wortlaut der englischen Bibel\u00fcbersetzung). Obgleich es keine definitiven oder feste Regeln f\u00fcr Erfolg auf diesem Gebiet gibt, so k\u00f6nnen [&hellip;]\" \/>\n<meta property=\"og:url\" content=\"https:\/\/bbn1.bbnradio.org\/german\/ressourcen\/was-die-bibel-lehrt\/was-die-bibel-lehrt-zeugnis-geben-und-seelen-gewinnen\/\" \/>\n<meta property=\"og:site_name\" content=\"BBN\" \/>\n<meta property=\"article:publisher\" content=\"https:\/\/www.facebook.com\/BBNGerman\/\" \/>\n<meta property=\"article:modified_time\" content=\"2019-02-07T19:52:22+00:00\" \/>\n<meta name=\"twitter:card\" content=\"summary_large_image\" \/>\n<meta name=\"twitter:site\" content=\"@BBNDeutsch\" \/>\n<meta name=\"twitter:label1\" content=\"Gesch\u00e4tzte Lesezeit\" \/>\n\t<meta name=\"twitter:data1\" content=\"4\u00a0Minuten\" \/>\n<script type=\"application\/ld+json\" class=\"yoast-schema-graph\">{\"@context\":\"https:\/\/schema.org\",\"@graph\":[{\"@type\":\"WebPage\",\"@id\":\"https:\/\/bbn1.bbnradio.org\/german\/ressourcen\/was-die-bibel-lehrt\/was-die-bibel-lehrt-zeugnis-geben-und-seelen-gewinnen\/\",\"url\":\"https:\/\/bbn1.bbnradio.org\/german\/ressourcen\/was-die-bibel-lehrt\/was-die-bibel-lehrt-zeugnis-geben-und-seelen-gewinnen\/\",\"name\":\"Was die Bibel lehrt - ZEUGNIS GEBEN UND SEELEN GEWINNEN - BBN\",\"isPartOf\":{\"@id\":\"https:\/\/bbn1.bbnradio.org\/german\/#website\"},\"datePublished\":\"2016-04-04T20:29:41+00:00\",\"dateModified\":\"2019-02-07T19:52:22+00:00\",\"breadcrumb\":{\"@id\":\"https:\/\/bbn1.bbnradio.org\/german\/ressourcen\/was-die-bibel-lehrt\/was-die-bibel-lehrt-zeugnis-geben-und-seelen-gewinnen\/#breadcrumb\"},\"inLanguage\":\"de\",\"potentialAction\":[{\"@type\":\"ReadAction\",\"target\":[\"https:\/\/bbn1.bbnradio.org\/german\/ressourcen\/was-die-bibel-lehrt\/was-die-bibel-lehrt-zeugnis-geben-und-seelen-gewinnen\/\"]}]},{\"@type\":\"BreadcrumbList\",\"@id\":\"https:\/\/bbn1.bbnradio.org\/german\/ressourcen\/was-die-bibel-lehrt\/was-die-bibel-lehrt-zeugnis-geben-und-seelen-gewinnen\/#breadcrumb\",\"itemListElement\":[{\"@type\":\"ListItem\",\"position\":1,\"name\":\"Home\",\"item\":\"https:\/\/bbn1.bbnradio.org\/german\/home\/\"},{\"@type\":\"ListItem\",\"position\":2,\"name\":\"Ressourcen\",\"item\":\"https:\/\/bbn1.bbnradio.org\/german\/ressourcen\/\"},{\"@type\":\"ListItem\",\"position\":3,\"name\":\"Was die Bibel lehrt\",\"item\":\"https:\/\/bbn1.bbnradio.org\/german\/ressourcen\/was-die-bibel-lehrt\/\"},{\"@type\":\"ListItem\",\"position\":4,\"name\":\"Was die Bibel lehrt &#8211; ZEUGNIS GEBEN UND SEELEN GEWINNEN\"}]},{\"@type\":\"WebSite\",\"@id\":\"https:\/\/bbn1.bbnradio.org\/german\/#website\",\"url\":\"https:\/\/bbn1.bbnradio.org\/german\/\",\"name\":\"BBN\",\"description\":\"BBN\",\"potentialAction\":[{\"@type\":\"SearchAction\",\"target\":{\"@type\":\"EntryPoint\",\"urlTemplate\":\"https:\/\/bbn1.bbnradio.org\/german\/?s={search_term_string}\"},\"query-input\":{\"@type\":\"PropertyValueSpecification\",\"valueRequired\":true,\"valueName\":\"search_term_string\"}}],\"inLanguage\":\"de\"}]}<\/script>\n<!-- \/ Yoast SEO Premium plugin. -->","yoast_head_json":{"title":"Was die Bibel lehrt - ZEUGNIS GEBEN UND SEELEN GEWINNEN - BBN","robots":{"index":"index","follow":"follow","max-snippet":"max-snippet:-1","max-image-preview":"max-image-preview:large","max-video-preview":"max-video-preview:-1"},"canonical":"https:\/\/bbn1.bbnradio.org\/german\/ressourcen\/was-die-bibel-lehrt\/was-die-bibel-lehrt-zeugnis-geben-und-seelen-gewinnen\/","og_locale":"de_DE","og_type":"article","og_title":"Was die Bibel lehrt - ZEUGNIS GEBEN UND SEELEN GEWINNEN","og_description":"ZEUGNIS GEBEN UND SEELEN GEWINNEN Wie kann ein Christ andere Menschen zu Christus f\u00fchren? Seelen f\u00fcr Christus zu gewinnen ist eine der gr\u00f6\u00dften Aufgaben unserer Zeit. \u201eWer Seelen gewinnt, ist weise\u201c (Spr\u00fcche 11,30 &#8211; nach dem Wortlaut der englischen Bibel\u00fcbersetzung). Obgleich es keine definitiven oder feste Regeln f\u00fcr Erfolg auf diesem Gebiet gibt, so k\u00f6nnen [&hellip;]","og_url":"https:\/\/bbn1.bbnradio.org\/german\/ressourcen\/was-die-bibel-lehrt\/was-die-bibel-lehrt-zeugnis-geben-und-seelen-gewinnen\/","og_site_name":"BBN","article_publisher":"https:\/\/www.facebook.com\/BBNGerman\/","article_modified_time":"2019-02-07T19:52:22+00:00","twitter_card":"summary_large_image","twitter_site":"@BBNDeutsch","twitter_misc":{"Gesch\u00e4tzte Lesezeit":"4\u00a0Minuten"},"schema":{"@context":"https:\/\/schema.org","@graph":[{"@type":"WebPage","@id":"https:\/\/bbn1.bbnradio.org\/german\/ressourcen\/was-die-bibel-lehrt\/was-die-bibel-lehrt-zeugnis-geben-und-seelen-gewinnen\/","url":"https:\/\/bbn1.bbnradio.org\/german\/ressourcen\/was-die-bibel-lehrt\/was-die-bibel-lehrt-zeugnis-geben-und-seelen-gewinnen\/","name":"Was die Bibel lehrt - ZEUGNIS GEBEN UND SEELEN GEWINNEN - BBN","isPartOf":{"@id":"https:\/\/bbn1.bbnradio.org\/german\/#website"},"datePublished":"2016-04-04T20:29:41+00:00","dateModified":"2019-02-07T19:52:22+00:00","breadcrumb":{"@id":"https:\/\/bbn1.bbnradio.org\/german\/ressourcen\/was-die-bibel-lehrt\/was-die-bibel-lehrt-zeugnis-geben-und-seelen-gewinnen\/#breadcrumb"},"inLanguage":"de","potentialAction":[{"@type":"ReadAction","target":["https:\/\/bbn1.bbnradio.org\/german\/ressourcen\/was-die-bibel-lehrt\/was-die-bibel-lehrt-zeugnis-geben-und-seelen-gewinnen\/"]}]},{"@type":"BreadcrumbList","@id":"https:\/\/bbn1.bbnradio.org\/german\/ressourcen\/was-die-bibel-lehrt\/was-die-bibel-lehrt-zeugnis-geben-und-seelen-gewinnen\/#breadcrumb","itemListElement":[{"@type":"ListItem","position":1,"name":"Home","item":"https:\/\/bbn1.bbnradio.org\/german\/home\/"},{"@type":"ListItem","position":2,"name":"Ressourcen","item":"https:\/\/bbn1.bbnradio.org\/german\/ressourcen\/"},{"@type":"ListItem","position":3,"name":"Was die Bibel lehrt","item":"https:\/\/bbn1.bbnradio.org\/german\/ressourcen\/was-die-bibel-lehrt\/"},{"@type":"ListItem","position":4,"name":"Was die Bibel lehrt &#8211; ZEUGNIS GEBEN UND SEELEN GEWINNEN"}]},{"@type":"WebSite","@id":"https:\/\/bbn1.bbnradio.org\/german\/#website","url":"https:\/\/bbn1.bbnradio.org\/german\/","name":"BBN","description":"BBN","potentialAction":[{"@type":"SearchAction","target":{"@type":"EntryPoint","urlTemplate":"https:\/\/bbn1.bbnradio.org\/german\/?s={search_term_string}"},"query-input":{"@type":"PropertyValueSpecification","valueRequired":true,"valueName":"search_term_string"}}],"inLanguage":"de"}]}},"jetpack_sharing_enabled":true,"jetpack_shortlink":"https:\/\/wp.me\/PgZlJB-1YW","_links":{"self":[{"href":"https:\/\/bbn1.bbnradio.org\/german\/wp-json\/wp\/v2\/pages\/7622","targetHints":{"allow":["GET"]}}],"collection":[{"href":"https:\/\/bbn1.bbnradio.org\/german\/wp-json\/wp\/v2\/pages"}],"about":[{"href":"https:\/\/bbn1.bbnradio.org\/german\/wp-json\/wp\/v2\/types\/page"}],"author":[{"embeddable":true,"href":"https:\/\/bbn1.bbnradio.org\/german\/wp-json\/wp\/v2\/users\/27"}],"replies":[{"embeddable":true,"href":"https:\/\/bbn1.bbnradio.org\/german\/wp-json\/wp\/v2\/comments?post=7622"}],"version-history":[{"count":2,"href":"https:\/\/bbn1.bbnradio.org\/german\/wp-json\/wp\/v2\/pages\/7622\/revisions"}],"predecessor-version":[{"id":13589,"href":"https:\/\/bbn1.bbnradio.org\/german\/wp-json\/wp\/v2\/pages\/7622\/revisions\/13589"}],"up":[{"embeddable":true,"href":"https:\/\/bbn1.bbnradio.org\/german\/wp-json\/wp\/v2\/pages\/5034"}],"wp:attachment":[{"href":"https:\/\/bbn1.bbnradio.org\/german\/wp-json\/wp\/v2\/media?parent=7622"}],"wp:term":[{"taxonomy":"category","embeddable":true,"href":"https:\/\/bbn1.bbnradio.org\/german\/wp-json\/wp\/v2\/categories?post=7622"},{"taxonomy":"post_tag","embeddable":true,"href":"https:\/\/bbn1.bbnradio.org\/german\/wp-json\/wp\/v2\/tags?post=7622"}],"curies":[{"name":"wp","href":"https:\/\/api.w.org\/{rel}","templated":true}]}}