{"id":7624,"date":"2016-04-04T16:30:50","date_gmt":"2016-04-04T20:30:50","guid":{"rendered":"https:\/\/bbn1.bbnradio.org\/english\/?page_id=7624"},"modified":"2019-02-07T14:29:25","modified_gmt":"2019-02-07T19:29:25","slug":"was-die-bibel-lehrt-in-der-schrift-forschen","status":"publish","type":"page","link":"https:\/\/bbn1.bbnradio.org\/german\/ressourcen\/was-die-bibel-lehrt\/was-die-bibel-lehrt-in-der-schrift-forschen\/","title":{"rendered":"Was die Bibel lehrt &#8211; IN DER SCHRIFT FORSCHEN"},"content":{"rendered":"<p><strong>IN DER SCHRIFT FORSCHEN<\/strong><\/p>\n<p>Was sollte ein Christ \u00fcber die Bibel wissen? Das Bibellesen muss in v\u00f6lliger Abh\u00e4ngigkeit vom Heiligen Geist geschehen. Er ist unser Lehrer, und wir sollten best\u00e4ndig seine Leitung suchen (Johannes 14,26; 16,13).<\/p>\n<p>Es gibt keinen schnellen und leichten Weg des Bibelstudiums. Es verlangt gro\u00dfe M\u00fche von jedem einzelnen. Doch sollten wir dabei niemals vergessen, dass der Autor der Schrift allezeit gegenw\u00e4rtig ist \u2013 und wer wei\u00df mehr \u00fcber das Geschriebene als der Schreiber selbst? Wenn Sie etwas nicht verstehen, dann beten Sie und bitten Sie ihn, Ihnen das Verst\u00e4ndnis daf\u00fcr zu \u00f6ffnen (Johannes 14,26).<\/p>\n<p><strong>A.<\/strong> Zun\u00e4chst gilt es eine feste Zeit am Tag f\u00fcr das Bibellesen einzuplanen.<\/p>\n<p>Es ist gut, mit dem Matth\u00e4usevangelium zu beginnen und dann durch das ganze Neue Testament zu gehen. Dann k\u00f6nnen Sie mit dem 1. Buch Mose beginnen und die ganze Bibel durchlesen. Lesen Sie die Bibel nicht um des Durchlesens willen, sondern mit dem Gedanken, zu erfahren, was in ihr steht.<\/p>\n<p><strong>B.<\/strong> Wenn Sie ein nicht gel\u00e4ufiges Wort lesen, schlagen Sie es in einem W\u00f6rterbuch nach.<\/p>\n<p>Wenn Sie auf eine Stelle sto\u00dfen, die Sie nicht verstehen, dann versuchen Sie zun\u00e4chst, sie durch sorgf\u00e4ltiges Studium zu erarbeiten Wenn Sie damit nicht weiterkommen, notieren Sie sich die Frage und schauen bei Gelegenheit in einem Kommentar nach.<\/p>\n<p><strong>C.<\/strong> Vergleichen Sie Schrift mit Schrift.<\/p>\n<p>Versuchen Sie nicht, aus einem Vers eine Lehre zu zimmern. Finden Sie die Gesamtaussage der Bibel zu Ihrem Problem bzw. zu einer bestimmten Thematik heraus. \u201eWahrheit widerspricht nicht Wahrheit.\u201c<\/p>\n<p><strong>D.<\/strong> Sie werden reich belohnt, wenn Sie die einzelnen Kapitel schriftlich nachbereiten und sich dabei nachstehende Fragen stellen:<\/p>\n<p>(1) Was habe ich \u00fcber Christus gelernt? (Auch im Alten Testament finden wir schon Hinweise auf Jesus.)<br \/>\n(2) Was ist die Hauptaussage dieses Kapitels?<br \/>\n(3) Welche kostbare Verhei\u00dfung kann ich f\u00fcr mich in Anspruch nehmen?<br \/>\n(4) Was ist der zentrale Vers?<br \/>\n(5) Welche zu meidende S\u00fcnde wird hier angesprochen?<br \/>\n(6) Welches Beispiel gibt es, dem ich folgen sollte?<br \/>\n(7) Welches sind die schwierigen Verse?<\/p>\n<p><strong>E.<\/strong> Sie sollten anstreben, im Laufe des Tages das, was Sie gelesen haben, mit jemandem zu besprechen.<\/p>\n<p>Damit wird zweierlei bewirkt: Es wird helfen, das Gelesene in Kopf und Herz zu verankern, und der andere erh\u00e4lt die M\u00f6glichkeit, an dem Segen, den Sie aus dem Bibelstudium empfangen haben, teilzuhaben (Maleachi 3,16).<\/p>\n<p><strong>F.<\/strong> Versuchen Sie, jede Woche zwei oder drei Verse auswendig zu lernen.<\/p>\n<p>Beginnen Sie mit den bekanntesten Evangeliumsversen, wie: Johannes 1,12; Johannes 3,16; Johannes 3,36; Johannes 5,24; R\u00f6mer 10,9 usw. Wiederholen Sie best\u00e4ndig alle gelernten Verse, bis Sie sie wirklich in Kopf und Herz haben. Schreiben Sie sie auf visitenkartengro\u00dfe K\u00e4rtchen und tragen Sie sie bei sich, um sie w\u00e4hrend des Tages immer wieder durchzugehen. Sie werden es als Bereicherung f\u00fcr ihre Leben erfahren, und es wird Sie besser bef\u00e4higen, mit Menschen Gespr\u00e4che zu f\u00fchren.<\/p>\n<p><strong>G.<\/strong> Das gro\u00dfe Ziel des Bibelstudiums ist es nat\u00fcrlich, dass Sie das, was Sie gelernt haben, auch umsetzen.<\/p>\n<p>Wir sollten uns vom Wort zurechtweisen, korrigieren und dem Herrn Jesus \u00e4hnlicher machen lassen (Jeremia 15,16). Vergessen wir nicht: wenn wir die Bibel lesen, lesen wir in einem ewigen Buch. Alles, was wir hier von ihr lernen, kommt uns eine ganze Ewigkeit lang zugute. So wollen wir unser ganzes Herz in sie hineinlegen.<\/p>\n<!-- AddThis Advanced Settings generic via filter on the_content --><!-- AddThis Share Buttons generic via filter on the_content -->","protected":false},"excerpt":{"rendered":"<p>IN DER SCHRIFT FORSCHEN Was sollte ein Christ \u00fcber die Bibel wissen? Das Bibellesen muss in v\u00f6lliger Abh\u00e4ngigkeit vom Heiligen Geist geschehen. Er ist unser Lehrer, und wir sollten best\u00e4ndig seine Leitung suchen (Johannes 14,26; 16,13). Es gibt keinen schnellen und leichten Weg des Bibelstudiums. Es verlangt gro\u00dfe M\u00fche von jedem einzelnen. Doch sollten wir [&hellip;]<!-- AddThis Advanced Settings generic via filter on get_the_excerpt --><!-- AddThis Share Buttons generic via filter on get_the_excerpt --><\/p>\n","protected":false},"author":27,"featured_media":0,"parent":5034,"menu_order":0,"comment_status":"closed","ping_status":"closed","template":"","meta":{"footnotes":""},"categories":[],"tags":[],"class_list":["post-7624","page","type-page","status-publish","hentry"],"yoast_head":"<!-- This site is optimized with the Yoast SEO Premium plugin v24.8 (Yoast SEO v24.8.1) - https:\/\/yoast.com\/wordpress\/plugins\/seo\/ -->\n<title>Was die Bibel lehrt - IN DER SCHRIFT FORSCHEN - BBN<\/title>\n<meta name=\"robots\" content=\"index, follow, max-snippet:-1, max-image-preview:large, max-video-preview:-1\" \/>\n<link rel=\"canonical\" href=\"https:\/\/bbn1.bbnradio.org\/german\/ressourcen\/was-die-bibel-lehrt\/was-die-bibel-lehrt-in-der-schrift-forschen\/\" \/>\n<meta property=\"og:locale\" content=\"de_DE\" \/>\n<meta property=\"og:type\" content=\"article\" \/>\n<meta property=\"og:title\" content=\"Was die Bibel lehrt - IN DER SCHRIFT FORSCHEN\" \/>\n<meta property=\"og:description\" content=\"IN DER SCHRIFT FORSCHEN Was sollte ein Christ \u00fcber die Bibel wissen? Das Bibellesen muss in v\u00f6lliger Abh\u00e4ngigkeit vom Heiligen Geist geschehen. Er ist unser Lehrer, und wir sollten best\u00e4ndig seine Leitung suchen (Johannes 14,26; 16,13). Es gibt keinen schnellen und leichten Weg des Bibelstudiums. Es verlangt gro\u00dfe M\u00fche von jedem einzelnen. Doch sollten wir [&hellip;]\" \/>\n<meta property=\"og:url\" content=\"https:\/\/bbn1.bbnradio.org\/german\/ressourcen\/was-die-bibel-lehrt\/was-die-bibel-lehrt-in-der-schrift-forschen\/\" \/>\n<meta property=\"og:site_name\" content=\"BBN\" \/>\n<meta property=\"article:publisher\" content=\"https:\/\/www.facebook.com\/BBNGerman\/\" \/>\n<meta property=\"article:modified_time\" content=\"2019-02-07T19:29:25+00:00\" \/>\n<meta name=\"twitter:card\" content=\"summary_large_image\" \/>\n<meta name=\"twitter:site\" content=\"@BBNDeutsch\" \/>\n<meta name=\"twitter:label1\" content=\"Gesch\u00e4tzte Lesezeit\" \/>\n\t<meta name=\"twitter:data1\" content=\"3\u00a0Minuten\" \/>\n<script type=\"application\/ld+json\" class=\"yoast-schema-graph\">{\"@context\":\"https:\/\/schema.org\",\"@graph\":[{\"@type\":\"WebPage\",\"@id\":\"https:\/\/bbn1.bbnradio.org\/german\/ressourcen\/was-die-bibel-lehrt\/was-die-bibel-lehrt-in-der-schrift-forschen\/\",\"url\":\"https:\/\/bbn1.bbnradio.org\/german\/ressourcen\/was-die-bibel-lehrt\/was-die-bibel-lehrt-in-der-schrift-forschen\/\",\"name\":\"Was die Bibel lehrt - IN DER SCHRIFT FORSCHEN - BBN\",\"isPartOf\":{\"@id\":\"https:\/\/bbn1.bbnradio.org\/german\/#website\"},\"datePublished\":\"2016-04-04T20:30:50+00:00\",\"dateModified\":\"2019-02-07T19:29:25+00:00\",\"breadcrumb\":{\"@id\":\"https:\/\/bbn1.bbnradio.org\/german\/ressourcen\/was-die-bibel-lehrt\/was-die-bibel-lehrt-in-der-schrift-forschen\/#breadcrumb\"},\"inLanguage\":\"de\",\"potentialAction\":[{\"@type\":\"ReadAction\",\"target\":[\"https:\/\/bbn1.bbnradio.org\/german\/ressourcen\/was-die-bibel-lehrt\/was-die-bibel-lehrt-in-der-schrift-forschen\/\"]}]},{\"@type\":\"BreadcrumbList\",\"@id\":\"https:\/\/bbn1.bbnradio.org\/german\/ressourcen\/was-die-bibel-lehrt\/was-die-bibel-lehrt-in-der-schrift-forschen\/#breadcrumb\",\"itemListElement\":[{\"@type\":\"ListItem\",\"position\":1,\"name\":\"Home\",\"item\":\"https:\/\/bbn1.bbnradio.org\/german\/home\/\"},{\"@type\":\"ListItem\",\"position\":2,\"name\":\"Ressourcen\",\"item\":\"https:\/\/bbn1.bbnradio.org\/german\/ressourcen\/\"},{\"@type\":\"ListItem\",\"position\":3,\"name\":\"Was die Bibel lehrt\",\"item\":\"https:\/\/bbn1.bbnradio.org\/german\/ressourcen\/was-die-bibel-lehrt\/\"},{\"@type\":\"ListItem\",\"position\":4,\"name\":\"Was die Bibel lehrt &#8211; IN DER SCHRIFT FORSCHEN\"}]},{\"@type\":\"WebSite\",\"@id\":\"https:\/\/bbn1.bbnradio.org\/german\/#website\",\"url\":\"https:\/\/bbn1.bbnradio.org\/german\/\",\"name\":\"BBN\",\"description\":\"BBN\",\"potentialAction\":[{\"@type\":\"SearchAction\",\"target\":{\"@type\":\"EntryPoint\",\"urlTemplate\":\"https:\/\/bbn1.bbnradio.org\/german\/?s={search_term_string}\"},\"query-input\":{\"@type\":\"PropertyValueSpecification\",\"valueRequired\":true,\"valueName\":\"search_term_string\"}}],\"inLanguage\":\"de\"}]}<\/script>\n<!-- \/ Yoast SEO Premium plugin. -->","yoast_head_json":{"title":"Was die Bibel lehrt - IN DER SCHRIFT FORSCHEN - BBN","robots":{"index":"index","follow":"follow","max-snippet":"max-snippet:-1","max-image-preview":"max-image-preview:large","max-video-preview":"max-video-preview:-1"},"canonical":"https:\/\/bbn1.bbnradio.org\/german\/ressourcen\/was-die-bibel-lehrt\/was-die-bibel-lehrt-in-der-schrift-forschen\/","og_locale":"de_DE","og_type":"article","og_title":"Was die Bibel lehrt - IN DER SCHRIFT FORSCHEN","og_description":"IN DER SCHRIFT FORSCHEN Was sollte ein Christ \u00fcber die Bibel wissen? Das Bibellesen muss in v\u00f6lliger Abh\u00e4ngigkeit vom Heiligen Geist geschehen. Er ist unser Lehrer, und wir sollten best\u00e4ndig seine Leitung suchen (Johannes 14,26; 16,13). Es gibt keinen schnellen und leichten Weg des Bibelstudiums. Es verlangt gro\u00dfe M\u00fche von jedem einzelnen. Doch sollten wir [&hellip;]","og_url":"https:\/\/bbn1.bbnradio.org\/german\/ressourcen\/was-die-bibel-lehrt\/was-die-bibel-lehrt-in-der-schrift-forschen\/","og_site_name":"BBN","article_publisher":"https:\/\/www.facebook.com\/BBNGerman\/","article_modified_time":"2019-02-07T19:29:25+00:00","twitter_card":"summary_large_image","twitter_site":"@BBNDeutsch","twitter_misc":{"Gesch\u00e4tzte Lesezeit":"3\u00a0Minuten"},"schema":{"@context":"https:\/\/schema.org","@graph":[{"@type":"WebPage","@id":"https:\/\/bbn1.bbnradio.org\/german\/ressourcen\/was-die-bibel-lehrt\/was-die-bibel-lehrt-in-der-schrift-forschen\/","url":"https:\/\/bbn1.bbnradio.org\/german\/ressourcen\/was-die-bibel-lehrt\/was-die-bibel-lehrt-in-der-schrift-forschen\/","name":"Was die Bibel lehrt - IN DER SCHRIFT FORSCHEN - BBN","isPartOf":{"@id":"https:\/\/bbn1.bbnradio.org\/german\/#website"},"datePublished":"2016-04-04T20:30:50+00:00","dateModified":"2019-02-07T19:29:25+00:00","breadcrumb":{"@id":"https:\/\/bbn1.bbnradio.org\/german\/ressourcen\/was-die-bibel-lehrt\/was-die-bibel-lehrt-in-der-schrift-forschen\/#breadcrumb"},"inLanguage":"de","potentialAction":[{"@type":"ReadAction","target":["https:\/\/bbn1.bbnradio.org\/german\/ressourcen\/was-die-bibel-lehrt\/was-die-bibel-lehrt-in-der-schrift-forschen\/"]}]},{"@type":"BreadcrumbList","@id":"https:\/\/bbn1.bbnradio.org\/german\/ressourcen\/was-die-bibel-lehrt\/was-die-bibel-lehrt-in-der-schrift-forschen\/#breadcrumb","itemListElement":[{"@type":"ListItem","position":1,"name":"Home","item":"https:\/\/bbn1.bbnradio.org\/german\/home\/"},{"@type":"ListItem","position":2,"name":"Ressourcen","item":"https:\/\/bbn1.bbnradio.org\/german\/ressourcen\/"},{"@type":"ListItem","position":3,"name":"Was die Bibel lehrt","item":"https:\/\/bbn1.bbnradio.org\/german\/ressourcen\/was-die-bibel-lehrt\/"},{"@type":"ListItem","position":4,"name":"Was die Bibel lehrt &#8211; IN DER SCHRIFT FORSCHEN"}]},{"@type":"WebSite","@id":"https:\/\/bbn1.bbnradio.org\/german\/#website","url":"https:\/\/bbn1.bbnradio.org\/german\/","name":"BBN","description":"BBN","potentialAction":[{"@type":"SearchAction","target":{"@type":"EntryPoint","urlTemplate":"https:\/\/bbn1.bbnradio.org\/german\/?s={search_term_string}"},"query-input":{"@type":"PropertyValueSpecification","valueRequired":true,"valueName":"search_term_string"}}],"inLanguage":"de"}]}},"jetpack_sharing_enabled":true,"jetpack_shortlink":"https:\/\/wp.me\/PgZlJB-1YY","_links":{"self":[{"href":"https:\/\/bbn1.bbnradio.org\/german\/wp-json\/wp\/v2\/pages\/7624","targetHints":{"allow":["GET"]}}],"collection":[{"href":"https:\/\/bbn1.bbnradio.org\/german\/wp-json\/wp\/v2\/pages"}],"about":[{"href":"https:\/\/bbn1.bbnradio.org\/german\/wp-json\/wp\/v2\/types\/page"}],"author":[{"embeddable":true,"href":"https:\/\/bbn1.bbnradio.org\/german\/wp-json\/wp\/v2\/users\/27"}],"replies":[{"embeddable":true,"href":"https:\/\/bbn1.bbnradio.org\/german\/wp-json\/wp\/v2\/comments?post=7624"}],"version-history":[{"count":2,"href":"https:\/\/bbn1.bbnradio.org\/german\/wp-json\/wp\/v2\/pages\/7624\/revisions"}],"predecessor-version":[{"id":13579,"href":"https:\/\/bbn1.bbnradio.org\/german\/wp-json\/wp\/v2\/pages\/7624\/revisions\/13579"}],"up":[{"embeddable":true,"href":"https:\/\/bbn1.bbnradio.org\/german\/wp-json\/wp\/v2\/pages\/5034"}],"wp:attachment":[{"href":"https:\/\/bbn1.bbnradio.org\/german\/wp-json\/wp\/v2\/media?parent=7624"}],"wp:term":[{"taxonomy":"category","embeddable":true,"href":"https:\/\/bbn1.bbnradio.org\/german\/wp-json\/wp\/v2\/categories?post=7624"},{"taxonomy":"post_tag","embeddable":true,"href":"https:\/\/bbn1.bbnradio.org\/german\/wp-json\/wp\/v2\/tags?post=7624"}],"curies":[{"name":"wp","href":"https:\/\/api.w.org\/{rel}","templated":true}]}}