{"id":7629,"date":"2016-04-04T16:37:59","date_gmt":"2016-04-04T20:37:59","guid":{"rendered":"https:\/\/bbn1.bbnradio.org\/english\/?page_id=7629"},"modified":"2019-02-07T15:01:47","modified_gmt":"2019-02-07T20:01:47","slug":"was-die-bibel-lehrt-leben-das-zaehlt","status":"publish","type":"page","link":"https:\/\/bbn1.bbnradio.org\/german\/ressourcen\/was-die-bibel-lehrt\/was-die-bibel-lehrt-leben-das-zaehlt\/","title":{"rendered":"Was die Bibel lehrt &#8211; LEBEN, DAS Z\u00c4HLT"},"content":{"rendered":"<p><span style=\"font-family: Verdana;font-size: small\"><strong>LEBEN, DAS Z\u00c4HLT<\/strong><\/span><\/p>\n<p>Wie kann ein Christ es bewerkstelligen, dass sein Leben z\u00e4hlt? Wenn auch ein Gl\u00e4ubiger seiner Erl\u00f6sung nicht verlustig gehen kann, so steht doch fest, dass er sein Leben vertun kann, so dass es f\u00fcr die Ewigkeit nicht z\u00e4hlt. Es stimmt, was jemand gesagt hat: \u201eEin Tor ist ein Mensch, dessen Pl\u00e4ne wie die Zeit verrinnen.\u201c Um uns die Tragik eines verschwendeten Lebens zu ersparen, gibt uns die Bibel wichtige Hinweise:<\/p>\n<p><strong>A.<\/strong> \u00dcberschlagen Sie die Kosten der Nachfolge Jesu. Alle Gl\u00e4ubigen sind Kinder Gottes, aber nicht alle sind J\u00fcnger. Der Begriff J\u00fcngerschaft wird in Matth\u00e4us 10,16-42 sowie in Lukas 14,25-35 n\u00e4her erl\u00e4utert. Ein J\u00fcnger zu sein hei\u00dft, auf Annehmlichkeiten und irdische Sicherheit zu verzichten.Es bedeutet ein Leben der Selbstverleugnung. Es bedeutet Feindschaft und Verachtung seitens der Welt. Und schlie\u00dflich bedeutet J\u00fcngerschaft, dass ich alles andere lasse, um dem Herrn Jesus zu folgen.<\/p>\n<p><strong>B.<\/strong> Stellen Sie Ihr Leben willentlich dem Herrn zur Verf\u00fcgung (R\u00f6mer 12,1). Gelangen Sie an den entscheidenden Punkt, an dem Sie Ihren Leib als lebendiges Opfer Gott darbringen. Das ist die alleinige Antwort auf das, was ER f\u00fcr uns getan hat. Der gro\u00dfe Missionar C.T. Studd hat einmal gesagt: \u201eWenn Jesus Christus Gott ist und f\u00fcr mich gestorben ist, dann kann mir kein Opfer zu gro\u00df sein, um es f\u00fcr ihn zu bringen.\u201c<\/p>\n<p><strong>C.<\/strong> Lassen Sie Ihr eigenes Leben f\u00fcr Christus los. Der Heiland sagt: \u201eWer sein Leben verliert um meinetwillen, der wird es finden\u201c (Matth\u00e4us 16,25). Mit anderen Worten: Wenn Sie die ganze Freude und das Gl\u00fcck des Lebens kennenlernen m\u00f6chten, dann sollten Sie nur dem Herrn und nicht sich selbst zu Gefallen leben. Wer nur sich selbst lebt, ist ein elender und ungl\u00fccklicher Mensch.<\/p>\n<p><strong>D.<\/strong> Brechen Sie die Br\u00fccken hinter sich ab. \u201eBindet das Opfer an die H\u00f6rner des Altars!\u201c (Psalm 118,27b &#8211; nach dem Wortlaut der englischen Bibel\u00fcbersetzung). Machen Sie es sich selbst so schwer wie m\u00f6glich, wieder den R\u00fcckweg anzutreten, indem Sie alle Beziehungen kappen, die Sie von einem Leben des vollen Gehorsams und der Hingabe an Gott abhalten w\u00fcrden (Lukas 9,23).<\/p>\n<p><strong>E.<\/strong> Lassen Sie sich nicht vom Weg abbringen. Viele fangen gut an, verlieren dann aber das Ziel aus den Augen und fallen in altes Verhalten zur\u00fcck. Gutbezahlte Berufe, Materialismus, interessante Karrieren und unz\u00e4hlige Versuchungen auf sittlicher Ebene wollen Sie in eine andere Richtung locken. Unweise Eheschlie\u00dfungen haben zum Fall vieler M\u00f6chtegernj\u00fcnger gef\u00fchrt. Der Teufel wird alles daransetzen, Sie von Ihrem Pfad abzubringen. Der Herr Jesus sagte: \u201eNiemand, der seine Hand an den Pflug legt und zur\u00fccksieht, ist f\u00fcr das Reich Gottes tauglich\u201c ( Lukas 9,62).<\/p>\n<p><strong>F.<\/strong> Leben Sie, um zu dienen. \u201eDer Menschensohn ist nicht gekommen, um sich dienen zu lassen, sondern um zu dienen\u201c (Matth\u00e4us 20,28). Wahre Gr\u00f6\u00dfe liegt darin, anderen zu dienen. Seien Sie nicht einseitig ein Nehmender. \u201eGeben ist seliger als Nehmen\u201c (Apostelgeschichte 20,35).<\/p>\n<p><strong>G.<\/strong> Kr\u00f6nen Sie Ihn zum Herrn aller Dinge! Wenn Christus in Ihrem Leben regiert, dann wird jeder Tag tats\u00e4chlich f\u00fcr die Ewigkeit z\u00e4hlen. Christsein ist \u201ekein angenehmer Zeitvertreib, sondern ein leidenschaftliches Trachten\u201c. Es ist kein leichtes Leben, sondern ein Kampf. Es kostet nichts, Christ zu werden, aber es kostet alles, es zu sein. Es bedeutet nicht Popularit\u00e4t, sondern Verfolgung, nicht Annehmlichkeit, sondern Kreuz. Aber es ist das bestm\u00f6gliche Leben. Sie dienen dem besten aller Herren. Ihr Lohn ist der bestm\u00f6gliche, wobei Ihnen Ihre Arbeit noch mehr bedeutet als Ihr Lohn. Ihre Belohnung ist herrlich, sowohl hier als auch in der Ewigkeit.<\/p>\n<p>Wir bitten Sie daher inst\u00e4ndig, Ihr Leben Christus zu \u00fcbergeben. Geben Sie Ihm Ihr Bestes. Halten Sie nichts zur\u00fcck. M\u00f6ge es f\u00fcr Sie die allergr\u00f6\u00dfte Freude sein, Ihn letztendlich sagen zu h\u00f6ren: \u201eRecht so, du guter und treuer Knecht &#8230; gehe ein in die Freude deines Herrn!\u201c (Matth\u00e4us 25,21).<\/p>\n<p>Dieses Buch wurde speziell f\u00fcr Sie vom Bible Broadcasting Network in Charlotte, North Carolina, USA, erstellt. Es soll Ihnen in zweierlei Hinsicht von Hilfe sein. Erstens: \u201eBem\u00fche dich darum, vor Gott als bew\u00e4hrter Arbeiter dazustehen, der sich nicht zu sch\u00e4men braucht, weil er mit dem Wort der Wahrheit recht umgeht\u201c (2. Timotheus 2,15) . Zweitens: \u201eLeide mit als ein guter Streiter Jesu Christi. Kein Kriegsmann gibt sich mit den Gesch\u00e4ften des t\u00e4glichen Lebens ab, weil sonst der, der ihn in Dienst genommen hat, kein Gefallen an ihm hat. Wenn jemand auch k\u00e4mpft, wird er doch nicht gekr\u00f6nt, es sei denn er k\u00e4mpft ordnungsgem\u00e4\u00df\u201c (2. Timotheus 2,3-5).<\/p>\n<!-- AddThis Advanced Settings generic via filter on the_content --><!-- AddThis Share Buttons generic via filter on the_content -->","protected":false},"excerpt":{"rendered":"<p>LEBEN, DAS Z\u00c4HLT Wie kann ein Christ es bewerkstelligen, dass sein Leben z\u00e4hlt? Wenn auch ein Gl\u00e4ubiger seiner Erl\u00f6sung nicht verlustig gehen kann, so steht doch fest, dass er sein Leben vertun kann, so dass es f\u00fcr die Ewigkeit nicht z\u00e4hlt. Es stimmt, was jemand gesagt hat: \u201eEin Tor ist ein Mensch, dessen Pl\u00e4ne wie [&hellip;]<!-- AddThis Advanced Settings generic via filter on get_the_excerpt --><!-- AddThis Share Buttons generic via filter on get_the_excerpt --><\/p>\n","protected":false},"author":27,"featured_media":0,"parent":5034,"menu_order":0,"comment_status":"closed","ping_status":"closed","template":"","meta":{"footnotes":""},"categories":[],"tags":[],"class_list":["post-7629","page","type-page","status-publish","hentry"],"yoast_head":"<!-- This site is optimized with the Yoast SEO Premium plugin v24.8 (Yoast SEO v24.8.1) - https:\/\/yoast.com\/wordpress\/plugins\/seo\/ -->\n<title>Was die Bibel lehrt - LEBEN, DAS Z\u00c4HLT - BBN<\/title>\n<meta name=\"robots\" content=\"index, follow, max-snippet:-1, max-image-preview:large, max-video-preview:-1\" \/>\n<link rel=\"canonical\" href=\"https:\/\/bbn1.bbnradio.org\/german\/ressourcen\/was-die-bibel-lehrt\/was-die-bibel-lehrt-leben-das-zaehlt\/\" \/>\n<meta property=\"og:locale\" content=\"de_DE\" \/>\n<meta property=\"og:type\" content=\"article\" \/>\n<meta property=\"og:title\" content=\"Was die Bibel lehrt - LEBEN, DAS Z\u00c4HLT\" \/>\n<meta property=\"og:description\" content=\"LEBEN, DAS Z\u00c4HLT Wie kann ein Christ es bewerkstelligen, dass sein Leben z\u00e4hlt? Wenn auch ein Gl\u00e4ubiger seiner Erl\u00f6sung nicht verlustig gehen kann, so steht doch fest, dass er sein Leben vertun kann, so dass es f\u00fcr die Ewigkeit nicht z\u00e4hlt. Es stimmt, was jemand gesagt hat: \u201eEin Tor ist ein Mensch, dessen Pl\u00e4ne wie [&hellip;]\" \/>\n<meta property=\"og:url\" content=\"https:\/\/bbn1.bbnradio.org\/german\/ressourcen\/was-die-bibel-lehrt\/was-die-bibel-lehrt-leben-das-zaehlt\/\" \/>\n<meta property=\"og:site_name\" content=\"BBN\" \/>\n<meta property=\"article:publisher\" content=\"https:\/\/www.facebook.com\/BBNGerman\/\" \/>\n<meta property=\"article:modified_time\" content=\"2019-02-07T20:01:47+00:00\" \/>\n<meta name=\"twitter:card\" content=\"summary_large_image\" \/>\n<meta name=\"twitter:site\" content=\"@BBNDeutsch\" \/>\n<meta name=\"twitter:label1\" content=\"Gesch\u00e4tzte Lesezeit\" \/>\n\t<meta name=\"twitter:data1\" content=\"4\u00a0Minuten\" \/>\n<script type=\"application\/ld+json\" class=\"yoast-schema-graph\">{\"@context\":\"https:\/\/schema.org\",\"@graph\":[{\"@type\":\"WebPage\",\"@id\":\"https:\/\/bbn1.bbnradio.org\/german\/ressourcen\/was-die-bibel-lehrt\/was-die-bibel-lehrt-leben-das-zaehlt\/\",\"url\":\"https:\/\/bbn1.bbnradio.org\/german\/ressourcen\/was-die-bibel-lehrt\/was-die-bibel-lehrt-leben-das-zaehlt\/\",\"name\":\"Was die Bibel lehrt - LEBEN, DAS Z\u00c4HLT - BBN\",\"isPartOf\":{\"@id\":\"https:\/\/bbn1.bbnradio.org\/german\/#website\"},\"datePublished\":\"2016-04-04T20:37:59+00:00\",\"dateModified\":\"2019-02-07T20:01:47+00:00\",\"breadcrumb\":{\"@id\":\"https:\/\/bbn1.bbnradio.org\/german\/ressourcen\/was-die-bibel-lehrt\/was-die-bibel-lehrt-leben-das-zaehlt\/#breadcrumb\"},\"inLanguage\":\"de\",\"potentialAction\":[{\"@type\":\"ReadAction\",\"target\":[\"https:\/\/bbn1.bbnradio.org\/german\/ressourcen\/was-die-bibel-lehrt\/was-die-bibel-lehrt-leben-das-zaehlt\/\"]}]},{\"@type\":\"BreadcrumbList\",\"@id\":\"https:\/\/bbn1.bbnradio.org\/german\/ressourcen\/was-die-bibel-lehrt\/was-die-bibel-lehrt-leben-das-zaehlt\/#breadcrumb\",\"itemListElement\":[{\"@type\":\"ListItem\",\"position\":1,\"name\":\"Home\",\"item\":\"https:\/\/bbn1.bbnradio.org\/german\/home\/\"},{\"@type\":\"ListItem\",\"position\":2,\"name\":\"Ressourcen\",\"item\":\"https:\/\/bbn1.bbnradio.org\/german\/ressourcen\/\"},{\"@type\":\"ListItem\",\"position\":3,\"name\":\"Was die Bibel lehrt\",\"item\":\"https:\/\/bbn1.bbnradio.org\/german\/ressourcen\/was-die-bibel-lehrt\/\"},{\"@type\":\"ListItem\",\"position\":4,\"name\":\"Was die Bibel lehrt &#8211; LEBEN, DAS Z\u00c4HLT\"}]},{\"@type\":\"WebSite\",\"@id\":\"https:\/\/bbn1.bbnradio.org\/german\/#website\",\"url\":\"https:\/\/bbn1.bbnradio.org\/german\/\",\"name\":\"BBN\",\"description\":\"BBN\",\"potentialAction\":[{\"@type\":\"SearchAction\",\"target\":{\"@type\":\"EntryPoint\",\"urlTemplate\":\"https:\/\/bbn1.bbnradio.org\/german\/?s={search_term_string}\"},\"query-input\":{\"@type\":\"PropertyValueSpecification\",\"valueRequired\":true,\"valueName\":\"search_term_string\"}}],\"inLanguage\":\"de\"}]}<\/script>\n<!-- \/ Yoast SEO Premium plugin. -->","yoast_head_json":{"title":"Was die Bibel lehrt - LEBEN, DAS Z\u00c4HLT - BBN","robots":{"index":"index","follow":"follow","max-snippet":"max-snippet:-1","max-image-preview":"max-image-preview:large","max-video-preview":"max-video-preview:-1"},"canonical":"https:\/\/bbn1.bbnradio.org\/german\/ressourcen\/was-die-bibel-lehrt\/was-die-bibel-lehrt-leben-das-zaehlt\/","og_locale":"de_DE","og_type":"article","og_title":"Was die Bibel lehrt - LEBEN, DAS Z\u00c4HLT","og_description":"LEBEN, DAS Z\u00c4HLT Wie kann ein Christ es bewerkstelligen, dass sein Leben z\u00e4hlt? Wenn auch ein Gl\u00e4ubiger seiner Erl\u00f6sung nicht verlustig gehen kann, so steht doch fest, dass er sein Leben vertun kann, so dass es f\u00fcr die Ewigkeit nicht z\u00e4hlt. Es stimmt, was jemand gesagt hat: \u201eEin Tor ist ein Mensch, dessen Pl\u00e4ne wie [&hellip;]","og_url":"https:\/\/bbn1.bbnradio.org\/german\/ressourcen\/was-die-bibel-lehrt\/was-die-bibel-lehrt-leben-das-zaehlt\/","og_site_name":"BBN","article_publisher":"https:\/\/www.facebook.com\/BBNGerman\/","article_modified_time":"2019-02-07T20:01:47+00:00","twitter_card":"summary_large_image","twitter_site":"@BBNDeutsch","twitter_misc":{"Gesch\u00e4tzte Lesezeit":"4\u00a0Minuten"},"schema":{"@context":"https:\/\/schema.org","@graph":[{"@type":"WebPage","@id":"https:\/\/bbn1.bbnradio.org\/german\/ressourcen\/was-die-bibel-lehrt\/was-die-bibel-lehrt-leben-das-zaehlt\/","url":"https:\/\/bbn1.bbnradio.org\/german\/ressourcen\/was-die-bibel-lehrt\/was-die-bibel-lehrt-leben-das-zaehlt\/","name":"Was die Bibel lehrt - LEBEN, DAS Z\u00c4HLT - BBN","isPartOf":{"@id":"https:\/\/bbn1.bbnradio.org\/german\/#website"},"datePublished":"2016-04-04T20:37:59+00:00","dateModified":"2019-02-07T20:01:47+00:00","breadcrumb":{"@id":"https:\/\/bbn1.bbnradio.org\/german\/ressourcen\/was-die-bibel-lehrt\/was-die-bibel-lehrt-leben-das-zaehlt\/#breadcrumb"},"inLanguage":"de","potentialAction":[{"@type":"ReadAction","target":["https:\/\/bbn1.bbnradio.org\/german\/ressourcen\/was-die-bibel-lehrt\/was-die-bibel-lehrt-leben-das-zaehlt\/"]}]},{"@type":"BreadcrumbList","@id":"https:\/\/bbn1.bbnradio.org\/german\/ressourcen\/was-die-bibel-lehrt\/was-die-bibel-lehrt-leben-das-zaehlt\/#breadcrumb","itemListElement":[{"@type":"ListItem","position":1,"name":"Home","item":"https:\/\/bbn1.bbnradio.org\/german\/home\/"},{"@type":"ListItem","position":2,"name":"Ressourcen","item":"https:\/\/bbn1.bbnradio.org\/german\/ressourcen\/"},{"@type":"ListItem","position":3,"name":"Was die Bibel lehrt","item":"https:\/\/bbn1.bbnradio.org\/german\/ressourcen\/was-die-bibel-lehrt\/"},{"@type":"ListItem","position":4,"name":"Was die Bibel lehrt &#8211; LEBEN, DAS Z\u00c4HLT"}]},{"@type":"WebSite","@id":"https:\/\/bbn1.bbnradio.org\/german\/#website","url":"https:\/\/bbn1.bbnradio.org\/german\/","name":"BBN","description":"BBN","potentialAction":[{"@type":"SearchAction","target":{"@type":"EntryPoint","urlTemplate":"https:\/\/bbn1.bbnradio.org\/german\/?s={search_term_string}"},"query-input":{"@type":"PropertyValueSpecification","valueRequired":true,"valueName":"search_term_string"}}],"inLanguage":"de"}]}},"jetpack_sharing_enabled":true,"jetpack_shortlink":"https:\/\/wp.me\/PgZlJB-1Z3","_links":{"self":[{"href":"https:\/\/bbn1.bbnradio.org\/german\/wp-json\/wp\/v2\/pages\/7629","targetHints":{"allow":["GET"]}}],"collection":[{"href":"https:\/\/bbn1.bbnradio.org\/german\/wp-json\/wp\/v2\/pages"}],"about":[{"href":"https:\/\/bbn1.bbnradio.org\/german\/wp-json\/wp\/v2\/types\/page"}],"author":[{"embeddable":true,"href":"https:\/\/bbn1.bbnradio.org\/german\/wp-json\/wp\/v2\/users\/27"}],"replies":[{"embeddable":true,"href":"https:\/\/bbn1.bbnradio.org\/german\/wp-json\/wp\/v2\/comments?post=7629"}],"version-history":[{"count":3,"href":"https:\/\/bbn1.bbnradio.org\/german\/wp-json\/wp\/v2\/pages\/7629\/revisions"}],"predecessor-version":[{"id":13594,"href":"https:\/\/bbn1.bbnradio.org\/german\/wp-json\/wp\/v2\/pages\/7629\/revisions\/13594"}],"up":[{"embeddable":true,"href":"https:\/\/bbn1.bbnradio.org\/german\/wp-json\/wp\/v2\/pages\/5034"}],"wp:attachment":[{"href":"https:\/\/bbn1.bbnradio.org\/german\/wp-json\/wp\/v2\/media?parent=7629"}],"wp:term":[{"taxonomy":"category","embeddable":true,"href":"https:\/\/bbn1.bbnradio.org\/german\/wp-json\/wp\/v2\/categories?post=7629"},{"taxonomy":"post_tag","embeddable":true,"href":"https:\/\/bbn1.bbnradio.org\/german\/wp-json\/wp\/v2\/tags?post=7629"}],"curies":[{"name":"wp","href":"https:\/\/api.w.org\/{rel}","templated":true}]}}