{"id":7649,"date":"2016-04-05T07:07:58","date_gmt":"2016-04-05T11:07:58","guid":{"rendered":"https:\/\/bbn1.bbnradio.org\/english\/?page_id=7649"},"modified":"2019-02-12T14:57:55","modified_gmt":"2019-02-12T19:57:55","slug":"die-ehefrau-das-herz-des-hauses","status":"publish","type":"page","link":"https:\/\/bbn1.bbnradio.org\/german\/ressourcen\/das-christliche-familienleben\/die-ehefrau-das-herz-des-hauses\/","title":{"rendered":"DIE EHEFRAU &#8211; DAS HERZ DES HAUSES"},"content":{"rendered":"\n<style type=\"text\/css\" data-created_by=\"avia_inline_auto\" id=\"style-css-av-44w15d-e5d16e576b838e1885ab2952b7e2e036\">\n.avia-image-container.av-44w15d-e5d16e576b838e1885ab2952b7e2e036 img.avia_image{\nbox-shadow:none;\n}\n.avia-image-container.av-44w15d-e5d16e576b838e1885ab2952b7e2e036 .av-image-caption-overlay-center{\ncolor:#ffffff;\n}\n<\/style>\n<div  class='avia-image-container av-44w15d-e5d16e576b838e1885ab2952b7e2e036 av-styling- avia-align-center  avia-builder-el-0  el_before_av_textblock  avia-builder-el-first '   itemprop=\"image\" itemscope=\"itemscope\" itemtype=\"https:\/\/schema.org\/ImageObject\" ><div class=\"avia-image-container-inner\"><div class=\"avia-image-overlay-wrap\"><img decoding=\"async\" fetchpriority=\"high\" class='wp-image-8618 avia-img-lazy-loading-not-8618 avia_image ' src=\"https:\/\/bbn1.bbnradio.org\/german\/wp-content\/uploads\/sites\/9\/2016\/04\/A-Christian-Home-Wife-The-Heart-of-the-Home.jpg\" alt='A Christian Home \u2013 Children \u2013 The Fruit of the Home' title='A Christian Home \u2013 Children \u2013 The Fruit of the Home'  height=\"321\" width=\"613\"  itemprop=\"thumbnailUrl\"  \/><\/div><\/div><\/div>\n<section  class='av_textblock_section av-2ejy41-b48300799a195f602f7463cca6456fe2 '   itemscope=\"itemscope\" itemtype=\"https:\/\/schema.org\/CreativeWork\" ><div class='avia_textblock'  itemprop=\"text\" ><p><b>DIE FRAU &#8211; DAS HERZ DES HAUSES<\/b><\/p>\n<p>Falls Sie als Frau dies lesen und Ihre Rolle in der Ehe verstehen m\u00f6chten, dann halten Sie hier inne und schlagen in Ihrer Bibel Spr\u00fcche 31 auf (lesen Sie betend die Verse 10 bis 31). Dieser Bibeltext wird Ihnen Ihren Part in der Ehe vor Augen stellen. Die n\u00e4chsten Zeilen sollen Ihnen helfen, ganz praktisch auf diesem Bibeltext aufzubauen, um Ihnen die Sch\u00f6nheit der Ehebeziehung vor Augen zu f\u00fchren, wie sie Gott von Anfang im Sinn hatte.<br \/>\nJede Frau kann so ihre gro\u00dfe Bedeutung f\u00fcr ihren k\u00fcnftigen Mann erkennen.<br \/>\nIn Spr\u00fcche 31,10 hei\u00dft es, dass der Preis der Frau weit \u00fcber dem kostbarster Juwelen liegt. Wenn ein Mann um ihre Hand anh\u00e4lt, dann hat er sie vor allen Frauen der Welt erkoren. Dies bringt Pflichten und M\u00f6glichkeiten mit sich, deren sogar die Engel gerne teilhaftig w\u00e4ren (Vgl. 1. Petrus 1,12c). Die Lebenslinie und Entfaltung ihres Mannes und ihrer Kinder liegen weit mehr in ihrer Hand, als sie sich dessen bewusst ist. Niemand au\u00dfer ihr hat einen solchen Einfluss auf das Geschick und die Entwicklung ihres Mannes und ihrer Familie. Man h\u00f6rt oft: \u201eKinder sind das Produkt ihres Elternhauses\u201c. Beide Eltern dr\u00fccken dem Heim ihren Stempel auf, aber der Einfluss der Mutter ist von ungemein gr\u00f6\u00dferem Gewicht, da sie mehr Zeit mit den Kindern verbringt und damit in weit gr\u00f6\u00dferem Ma\u00dfe auf Gewohnheiten, Charakter und Denken der Kinder einwirkt (Spr\u00fcche 31,28).<\/p>\n<p>Das englische Wort f\u00fcr Ehefrau (wife) bedeutet soviel wie \u201eWeberin\u201c (weaver). Sie \u201ewebt\u201c gleichsam Haus und Familie nach einem wundersch\u00f6nen Muster. Die F\u00e4den erg\u00e4nzen und bedingen einander. Das von einer gl\u00e4ubigen Frau und Mutter gefertigte \u201eGewebe\u201c bringt die Gnade und Sch\u00f6nheit zum Ausdruck, die in allen t\u00e4glichen Verrichtungen sowie im Leben von Mann und Kindern das Werk des Heiligen Geistes widerspiegelt. \u201eIhre S\u00f6hne stehen auf und preisen sie selig; ihr Mann lobt sie: Viele T\u00f6chter halten sich tugendsam; du aber \u00fcbertriffst sie alle\u201c (Spr\u00fcche 31,29).<\/p>\n<p>Das Haus ist der Palast der Familie. So wie der Herr Jesus Christus das Haupt der Gemeinde ist und der Heilige Geist der allzeit Gegenw\u00e4rtige, der f\u00fchrt, Einfluss aus\u00fcbt, leitet, lehrt und die Regeln des Wortes Gottes zur Geltung bringt, so entspricht die Wirksamkeit der Frau und Mutter im Haus dem Wirken des Heiligen Geistes in der Gemeinde. Sie leitet, lehrt, tr\u00f6stet, ermutigt und ist gro\u00dfz\u00fcgig und einf\u00fchlsam, wobei sie stets die F\u00f6rderung ihres Mannes und ihrer Kinder im Glauben vor Augen hat.<\/p>\n<p>Ein Schriftsteller hat vor Jahren einmal eine Beschreibung einer guten Frau gegeben: \u201eEine gute Frau ist des Himmels edelste Gabe f\u00fcr den Mann, sein Engel und seine Gehilfin zu unz\u00e4hligen Gnaden, sein Edelstein vieler Tugenden. Ihre Stimme ist die sch\u00f6nste Musik, ihr L\u00e4cheln wie ein heller Tag. Ihr Kuss ist der H\u00fcter seiner Unschuld, ihre Arme umfangen ihn einer Einfriedung gleich. Ihr Flei\u00df ist sein Reichtum, ihre Sparsamkeit der Garant seiner wirtschaftlichen Sicherheit. Ihre Lippen sind sein bester Berater, ihr Busen ist das sanfteste Kissen f\u00fcr seine Sorgen und N\u00f6te; ihr Gebetsdienst l\u00e4sst des Himmels Segen \u00fcber ihn kommen.\u201c<\/p>\n<p>Wenn das die Beschreibung der idealen Frau ist, dann sind gegebenenfalls einige Fragen angebracht, ehe man den Ehebund mit einem Mann eingeht. Da die Frau das Herz des Hauses ist, sollte sie sich fragen, ob sie den Kriterien einer gottgef\u00e4lligen Frau und Mutter gerecht zu werden vermag. Was f\u00fcr eine Frau muss ich sein, um eine gute und treue Ehefrau zu werden?<br \/>\nIst dies das Leben, das ich begehre? Nachstehend sind einige die Rolle der Frau betreffende Merkmale einer christlichen Ehe aufgef\u00fchrt.<\/p>\n<p><b>Partnerschaft<\/b><\/p>\n<p>Ich verwende hier das Wort in einem weiteren Sinne. Lesen Sie noch einmal die Beschreibung einer guten Frau im Buch der Spr\u00fcche. \u201eIhres Mannes Herz darf sich auf sie verlassen\u201c (Spr\u00fcche 31,11). Er wei\u00df, dass sie ihm ganz zugewandt und allein sein ist. Er wei\u00df, dass sie ganz zu seinen Interessen und Absichten steht, und das darf umgekehrt nicht anders sein. Sie nimmt seine Bed\u00fcrfnisse und Zukunftspl\u00e4ne ernst. Sie steht ihm zur Seite und tr\u00e4umt seine Tr\u00e4ume mit. Niemand kann auf seine Bed\u00fcrfnisse so eingehen und seine Vision, seine Ziele, seine Zukunft und das, wof\u00fcr er sich einsetzt, so mitgestalten wie die wunderbare Frau, die er geheiratet hat.<\/p>\n<p><b>Haushaltsf\u00fchrung<\/b><\/p>\n<p>Es ist unbestreitbar, dass M\u00e4nner und Frauen viele Dinge gleich gut k\u00f6nnen, und so liegen heute M\u00e4nner und Frauen auf dem Arbeitsmarkt miteinander im Wettstreit. Wir fragen uns, was die eigentlichen Motive hierf\u00fcr sind. Hier w\u00e4ren Macht, Geld, das Ego, Akzeptanz, Anerkennung, Rechte, Materialismus und sonstige Dinge zu nennen, die an sich nicht einfach als gut oder schlecht zu bezeichnen sind. Die Frau redet sich ein, dass wenn sie eine zeitlang arbeiten geht, sie sich durch den Einkommenszuwachs notwendige Dinge, wie ein sch\u00f6neres und gr\u00f6\u00dferes Haus, ein neueres Auto, bessere Bildung und so weiter und so fort, leisten k\u00f6nnen. Umfragen zeigen jedoch, dass auch dann nie der ertr\u00e4umte Lebensstandard erreicht wird, weil das h\u00f6here Einkommen immer mehr W\u00fcnsche weckt. Wenn Eheleute einmal ihren Lebensstandard an zwei Einkommen festgemacht haben, dann werden sie nur in seltenen F\u00e4llen zum Alleinverdienerniveau zur\u00fcckkehren. An dieser Stelle haben beide den Blick f\u00fcr die klare biblische Lehre verloren.<\/p>\n<p>Aus biblischer Sicht ist zu fragen, ob das wirklich Gottes Absicht f\u00fcr eine Frau ist, besonders wenn Kinder im Haus sind? Nach der biblischen Lehre sollen \u00e4ltere Frauen \u201edie jungen Frauen anleiten, ihre M\u00e4nner zu lieben, ihre Kinder zu lieben, besonnen, keusch und h\u00e4uslich zu sein, g\u00fctig zu sein und sich ihren Ehem\u00e4nnern unterzuordnen, damit das Wort Gottes nicht verl\u00e4stert werde\u201c (Titus 2,4.5).<\/p>\n<p>Wenn Haus und Herd den von Gott zugedachten Stellenwert haben, dann muss auch die h\u00e4usliche Ordnung der biblischen Lehre entsprechen. Es war Gottes Plan f\u00fcr die Frau, ihre Erf\u00fcllung darin zu finden, dass sie f\u00fcr das Zuhause und die Kinder Sorge tr\u00e4gt, indem sie den Haushalt f\u00fchrt, die Kinder mit Liebe umgibt und das Heim zu einer Oase f\u00fcr ihre Familie macht. Wenn sie den Haushalt nicht f\u00fchren kann und dies auch nicht erlernen kann oder will, dann muss das jemand anders f\u00fcr sie tun. Ein ordentliches und gut gef\u00fchrtes Hauswesen ist f\u00fcr ein gl\u00fcckliches Eheleben absolut unabdingbar.<\/p>\n<p>Dies mag einem jungen Paar unromantisch erscheinen, aber das macht es nicht weniger wahr. Viele gl\u00fcckliche Ehen sind der Vielgesch\u00e4ftigkeit beider zum Opfer gefallen, insbesondere wenn Fu\u00dfb\u00f6den nicht sauber gehalten werden, Mahlzeiten nicht zubereitet werden, die Kinder vernachl\u00e4ssigt werden und in der Wohnung alles herumliegt. Der Ehemann kommt von der Arbeit, wo alles durchorganisiert ist, nach Hause. In der Firma ist es jedermanns Sache, den Arbeitsplatz in Ordnung zu halten und die Arbeitsabl\u00e4ufe effizient zu gestalten. Was im Gesch\u00e4ftsleben die Voraussetzung f\u00fcr Erfolg ist, gilt zu Hause umso mehr.<\/p>\n<p>Der Ehemann mag ein sehr geduldiger Mensch sein, aber wenn er st\u00e4ndig einen schmutzigen und unaufger\u00e4umten Haushalt vorfindet, in dem sich nichts an seinem Platz befindet, dann leidet die h\u00e4usliche Atmosph\u00e4re und Harmonie. Unsauberkeit und Unordnung f\u00fchren zu Spannungen im Haus, und die Romanze ist schnell verflogen.<\/p>\n<p>Wenn Sie als Frau die liebende Beziehung lebendig halten wollen, dann gestalten Sie das Heim f\u00fcr Ihren Mann als Ruheort, wo er sich vom Arbeitstag erholen und abschalten kann. Versetzen Sie sich in seine Lage &#8211; wie h\u00e4tten Sie es gerne, wenn Sie nach Hause kommen? Liebe und Achtung sollen die Bande sein, die die Beziehung umschlie\u00dfen. Allerdings ist es die Haushaltsf\u00fchrung, die die Atmosph\u00e4re bestimmt, sei es positiv oder negativ. Wie alle Beziehungen ben\u00f6tigt auch die Ehe ein Fundament, und einer der wichtigsten Grundsteine hierf\u00fcr ist ein gutes Hauswesen.<\/p>\n<p><b>Gemeinsames Gespr\u00e4ch<\/b><\/p>\n<p>Das gemeinsame Gespr\u00e4ch muss von beiden Partnern ausgehen und alles und jedes umfassen. Zwischen Ehegatten sollte es kein Tabuthema geben. Zugleich muss alles, was einander anvertraut wird, vertraulich behandelt werden. Jeder Vertrauensbruch ist eine schwere Belastung der Beziehung. Die Frau, die sich im Vertrauen ganz ihrem Mann \u00f6ffnet, nichts vor ihm verbirgt und keine Geheimnisse vor ihm hat, soll auf der anderen Seite sehr sorgf\u00e4ltig bedenken, was sie drau\u00dfen \u00fcber Haus und Familie sagt.<\/p>\n<p>Gelinde gesagt muten M\u00e4nner ihren Frauen oft viel zu. Er hat Fehler, die sie \u00e4rgern und mitunter auch schmerzen. In dieser oder jener Hinsicht versagt er auch. Eine weise Frau spricht au\u00dferhalb des Hauses nicht \u00fcber diese Dinge und im Haus auch nicht vor den Kindern. Sie spricht nur mit ihrem Mann und ihrem Heiland dar\u00fcber. In ihrem st\u00e4ndigen Bem\u00fchen, ihrem Mann hier weiterzuhelfen, soll sie doch geduldig und liebevoll sein und das Problem im Herzen bewegen. Spr\u00fcche 31 ist ein besonderes Kapitel der Bibel f\u00fcr die gottgef\u00e4llige Frau. Ein besonderer Vers, den es zu Herzen zu nehmen gilt, lautet: \u201eSie tut ihren Mund auf mit Weisheit, und auf ihrer Zunge liegt freundliche Unterweisung\u201c (Vers 26).<\/p>\n<p>Hier wird mitunter ein verh\u00e4ngnisvoller Fehler gemacht. Frauen ziehen im Gespr\u00e4ch mit anderen Frauen \u00fcber ihre M\u00e4nner und deren Fehler her. Manchmal reden sie sogar mit anderen M\u00e4nnern \u00fcber eine bestimmte Sache und vergessen dabei, dass Liebe \u00fcber Fehler und M\u00e4ngel hinwegsieht. Der Mann, mit dem sie \u00fcber die Fehler ihres eigenen Mannes spricht, mag sich fragen, was der arme Mann einst an einer Frau, die so redet, gefunden hat, und so bringt sie Missachtung \u00fcber sich selbst. Achten Sie auf Ihr Herz und Ihre Worte, wenn Sie mit anderen \u00fcber Ihre Familie und Ihr Haus sprechen.<\/p>\n<p><b>Selbstdarstellung &#8211; K\u00f6rper und Geist<\/b><\/p>\n<p>Heute, in unserer Zeit der Werbeindustrie, wird Sch\u00f6nheit als Sex-Appeal vermarktet. Viele Frauen haben sich die Vorstellung der Welt zu eigen gemacht, dass Sch\u00f6nheit Ehegl\u00fcck und Erfolg bringt, nur um feststellen zu m\u00fcssen, dass dies gar nicht stimmt. Nachdem das Ehegel\u00fcbde abgelegt ist und das gemeinsame Leben begonnen hat, kommt der wahre Mensch zum Vorschein. Auch hier hat Gottes Wort wieder etwas zu sagen: \u201eAnmut ist tr\u00fcgerisch, und Sch\u00f6nheit vergeht, aber eine gottesf\u00fcrchtige Frau soll man loben\u201c (Spr\u00fcche 31,30).<\/p>\n<p>Es hat einmal jemand gesagt: \u201eSch\u00f6nheit liegt im Auge des Betrachters\u201c. Wahre Sch\u00f6nheit l\u00e4sst sich nicht durch Gewichtsabnahme, modische Kleidung, Make-up oder Sonstiges erreichen, das man nach Meinung der Welt braucht, um sch\u00f6n zu sein. \u201eUnd die Sch\u00f6nheit (Herrlichkeit) Gottes sei \u00fcber uns; sie f\u00f6rdere das Werk unserer H\u00e4nde bei uns. Ja, das Werk unserer H\u00e4nde wollest du f\u00f6rdern\u201c (Psalm 90,17). Wirkliche und bleibende Sch\u00f6nheit ist nicht \u00e4u\u00dferlich, sondern inwendig. Vielleicht ist Ihnen schon einmal ein \u00e4lteres Ehepaar begegnet, das noch so richtig verliebt war. Es ist durchaus m\u00f6glich, dass eine Frau f\u00fcr ihren Mann immer begehrenswerter wird. Die dahineilenden Jahre m\u00f6gen das Rot ihrer Wangen verblassen lassen, die Stimme mag nicht mehr so melodisch sein, aber ihr liebes und anmutiges Wesen l\u00e4sst sie f\u00fcr ihren Mann nicht weniger liebenswert sein. Hierzu wird sie jedoch alles Anst\u00f6\u00dfige lassen und sich beflei\u00dfigen, eine Frau zu sein, die st\u00e4ndig mit allem, was liebenswert, fraulich, anmutig und gottgef\u00e4llig ist, an sich arbeitet.<\/p>\n<p>So l\u00e4sst sich alles auf den Charakter &#8211; das eigentliche Selbst &#8211; reduzieren. Eine gute Ehefrau setzt eine gute Frau voraus und dies wiederum eine gottesf\u00fcrchtige christliche Herzensgesinnung. Die Ehe stellt gro\u00dfe Anforderungen sowohl an den Mann als auch an die Frau. Sie erfordert harte Disziplin, und hier liegt ein guter Teil ihres Wertes. Die Pflichten einer Ehefrau sind dergestalt, dass praktisch nur eine Christin ihnen wirklich gerecht werden kann. Anfechtungen und Verlegenheiten, Leiden und Entt\u00e4uschungen sowie Sorgen und \u00c4ngste werden nicht ausbleiben, und ohne Christus im Herzen w\u00e4re es um die Tragkraft schlecht bestellt. \u201eO selig Haus, wo man dich aufgenommen, du wahrer Seelenfreund, Herr Jesu Christ.\u201c<\/p>\n<\/div><\/section>\n<!-- AddThis Advanced Settings generic via filter on the_content --><!-- AddThis Share Buttons generic via filter on the_content -->","protected":false},"excerpt":{"rendered":"<p><!-- AddThis Advanced Settings generic via filter on get_the_excerpt --><!-- AddThis Share Buttons generic via filter on get_the_excerpt --><\/p>\n","protected":false},"author":27,"featured_media":8618,"parent":4940,"menu_order":0,"comment_status":"closed","ping_status":"closed","template":"","meta":{"footnotes":""},"categories":[],"tags":[],"class_list":["post-7649","page","type-page","status-publish","has-post-thumbnail","hentry"],"yoast_head":"<!-- This site is optimized with the Yoast SEO Premium plugin v24.8 (Yoast SEO v24.8.1) - https:\/\/yoast.com\/wordpress\/plugins\/seo\/ -->\n<title>DIE EHEFRAU - DAS HERZ DES HAUSES - BBN<\/title>\n<meta name=\"robots\" content=\"index, follow, max-snippet:-1, max-image-preview:large, max-video-preview:-1\" \/>\n<link rel=\"canonical\" href=\"https:\/\/bbn1.bbnradio.org\/german\/ressourcen\/das-christliche-familienleben\/die-ehefrau-das-herz-des-hauses\/\" \/>\n<meta property=\"og:locale\" content=\"de_DE\" \/>\n<meta property=\"og:type\" content=\"article\" \/>\n<meta property=\"og:title\" content=\"DIE EHEFRAU - DAS HERZ DES HAUSES\" \/>\n<meta property=\"og:url\" content=\"https:\/\/bbn1.bbnradio.org\/german\/ressourcen\/das-christliche-familienleben\/die-ehefrau-das-herz-des-hauses\/\" \/>\n<meta property=\"og:site_name\" content=\"BBN\" \/>\n<meta property=\"article:publisher\" content=\"https:\/\/www.facebook.com\/BBNGerman\/\" \/>\n<meta property=\"article:modified_time\" content=\"2019-02-12T19:57:55+00:00\" \/>\n<meta name=\"twitter:card\" content=\"summary_large_image\" \/>\n<meta name=\"twitter:image\" content=\"https:\/\/bbn1.bbnradio.org\/english\/wp-content\/uploads\/sites\/2\/2016\/04\/A-Christian-Home-Wife-The-Heart-of-the-Home.jpg\" \/>\n<meta name=\"twitter:site\" content=\"@BBNDeutsch\" \/>\n<meta name=\"twitter:label1\" content=\"Gesch\u00e4tzte Lesezeit\" \/>\n\t<meta name=\"twitter:data1\" content=\"11\u00a0Minuten\" \/>\n<script type=\"application\/ld+json\" class=\"yoast-schema-graph\">{\"@context\":\"https:\/\/schema.org\",\"@graph\":[{\"@type\":\"WebPage\",\"@id\":\"https:\/\/bbn1.bbnradio.org\/german\/ressourcen\/das-christliche-familienleben\/die-ehefrau-das-herz-des-hauses\/\",\"url\":\"https:\/\/bbn1.bbnradio.org\/german\/ressourcen\/das-christliche-familienleben\/die-ehefrau-das-herz-des-hauses\/\",\"name\":\"DIE EHEFRAU - DAS HERZ DES HAUSES - BBN\",\"isPartOf\":{\"@id\":\"https:\/\/bbn1.bbnradio.org\/german\/#website\"},\"primaryImageOfPage\":{\"@id\":\"https:\/\/bbn1.bbnradio.org\/german\/ressourcen\/das-christliche-familienleben\/die-ehefrau-das-herz-des-hauses\/#primaryimage\"},\"image\":{\"@id\":\"https:\/\/bbn1.bbnradio.org\/german\/ressourcen\/das-christliche-familienleben\/die-ehefrau-das-herz-des-hauses\/#primaryimage\"},\"thumbnailUrl\":\"https:\/\/bbn1.bbnradio.org\/german\/wp-content\/uploads\/sites\/9\/2016\/04\/A-Christian-Home-Wife-The-Heart-of-the-Home.jpg\",\"datePublished\":\"2016-04-05T11:07:58+00:00\",\"dateModified\":\"2019-02-12T19:57:55+00:00\",\"breadcrumb\":{\"@id\":\"https:\/\/bbn1.bbnradio.org\/german\/ressourcen\/das-christliche-familienleben\/die-ehefrau-das-herz-des-hauses\/#breadcrumb\"},\"inLanguage\":\"de\",\"potentialAction\":[{\"@type\":\"ReadAction\",\"target\":[\"https:\/\/bbn1.bbnradio.org\/german\/ressourcen\/das-christliche-familienleben\/die-ehefrau-das-herz-des-hauses\/\"]}]},{\"@type\":\"ImageObject\",\"inLanguage\":\"de\",\"@id\":\"https:\/\/bbn1.bbnradio.org\/german\/ressourcen\/das-christliche-familienleben\/die-ehefrau-das-herz-des-hauses\/#primaryimage\",\"url\":\"https:\/\/bbn1.bbnradio.org\/german\/wp-content\/uploads\/sites\/9\/2016\/04\/A-Christian-Home-Wife-The-Heart-of-the-Home.jpg\",\"contentUrl\":\"https:\/\/bbn1.bbnradio.org\/german\/wp-content\/uploads\/sites\/9\/2016\/04\/A-Christian-Home-Wife-The-Heart-of-the-Home.jpg\",\"width\":1200,\"height\":628,\"caption\":\"A Christian Home \u2013 Children \u2013 The Fruit of the Home\"},{\"@type\":\"BreadcrumbList\",\"@id\":\"https:\/\/bbn1.bbnradio.org\/german\/ressourcen\/das-christliche-familienleben\/die-ehefrau-das-herz-des-hauses\/#breadcrumb\",\"itemListElement\":[{\"@type\":\"ListItem\",\"position\":1,\"name\":\"Home\",\"item\":\"https:\/\/bbn1.bbnradio.org\/german\/home\/\"},{\"@type\":\"ListItem\",\"position\":2,\"name\":\"Ressourcen\",\"item\":\"https:\/\/bbn1.bbnradio.org\/german\/ressourcen\/\"},{\"@type\":\"ListItem\",\"position\":3,\"name\":\"Das christliche Familienleben\",\"item\":\"https:\/\/bbn1.bbnradio.org\/german\/ressourcen\/das-christliche-familienleben\/\"},{\"@type\":\"ListItem\",\"position\":4,\"name\":\"DIE EHEFRAU &#8211; DAS HERZ DES HAUSES\"}]},{\"@type\":\"WebSite\",\"@id\":\"https:\/\/bbn1.bbnradio.org\/german\/#website\",\"url\":\"https:\/\/bbn1.bbnradio.org\/german\/\",\"name\":\"BBN\",\"description\":\"BBN\",\"potentialAction\":[{\"@type\":\"SearchAction\",\"target\":{\"@type\":\"EntryPoint\",\"urlTemplate\":\"https:\/\/bbn1.bbnradio.org\/german\/?s={search_term_string}\"},\"query-input\":{\"@type\":\"PropertyValueSpecification\",\"valueRequired\":true,\"valueName\":\"search_term_string\"}}],\"inLanguage\":\"de\"}]}<\/script>\n<!-- \/ Yoast SEO Premium plugin. -->","yoast_head_json":{"title":"DIE EHEFRAU - DAS HERZ DES HAUSES - BBN","robots":{"index":"index","follow":"follow","max-snippet":"max-snippet:-1","max-image-preview":"max-image-preview:large","max-video-preview":"max-video-preview:-1"},"canonical":"https:\/\/bbn1.bbnradio.org\/german\/ressourcen\/das-christliche-familienleben\/die-ehefrau-das-herz-des-hauses\/","og_locale":"de_DE","og_type":"article","og_title":"DIE EHEFRAU - DAS HERZ DES HAUSES","og_url":"https:\/\/bbn1.bbnradio.org\/german\/ressourcen\/das-christliche-familienleben\/die-ehefrau-das-herz-des-hauses\/","og_site_name":"BBN","article_publisher":"https:\/\/www.facebook.com\/BBNGerman\/","article_modified_time":"2019-02-12T19:57:55+00:00","twitter_card":"summary_large_image","twitter_image":"https:\/\/bbn1.bbnradio.org\/english\/wp-content\/uploads\/sites\/2\/2016\/04\/A-Christian-Home-Wife-The-Heart-of-the-Home.jpg","twitter_site":"@BBNDeutsch","twitter_misc":{"Gesch\u00e4tzte Lesezeit":"11\u00a0Minuten"},"schema":{"@context":"https:\/\/schema.org","@graph":[{"@type":"WebPage","@id":"https:\/\/bbn1.bbnradio.org\/german\/ressourcen\/das-christliche-familienleben\/die-ehefrau-das-herz-des-hauses\/","url":"https:\/\/bbn1.bbnradio.org\/german\/ressourcen\/das-christliche-familienleben\/die-ehefrau-das-herz-des-hauses\/","name":"DIE EHEFRAU - DAS HERZ DES HAUSES - BBN","isPartOf":{"@id":"https:\/\/bbn1.bbnradio.org\/german\/#website"},"primaryImageOfPage":{"@id":"https:\/\/bbn1.bbnradio.org\/german\/ressourcen\/das-christliche-familienleben\/die-ehefrau-das-herz-des-hauses\/#primaryimage"},"image":{"@id":"https:\/\/bbn1.bbnradio.org\/german\/ressourcen\/das-christliche-familienleben\/die-ehefrau-das-herz-des-hauses\/#primaryimage"},"thumbnailUrl":"https:\/\/bbn1.bbnradio.org\/german\/wp-content\/uploads\/sites\/9\/2016\/04\/A-Christian-Home-Wife-The-Heart-of-the-Home.jpg","datePublished":"2016-04-05T11:07:58+00:00","dateModified":"2019-02-12T19:57:55+00:00","breadcrumb":{"@id":"https:\/\/bbn1.bbnradio.org\/german\/ressourcen\/das-christliche-familienleben\/die-ehefrau-das-herz-des-hauses\/#breadcrumb"},"inLanguage":"de","potentialAction":[{"@type":"ReadAction","target":["https:\/\/bbn1.bbnradio.org\/german\/ressourcen\/das-christliche-familienleben\/die-ehefrau-das-herz-des-hauses\/"]}]},{"@type":"ImageObject","inLanguage":"de","@id":"https:\/\/bbn1.bbnradio.org\/german\/ressourcen\/das-christliche-familienleben\/die-ehefrau-das-herz-des-hauses\/#primaryimage","url":"https:\/\/bbn1.bbnradio.org\/german\/wp-content\/uploads\/sites\/9\/2016\/04\/A-Christian-Home-Wife-The-Heart-of-the-Home.jpg","contentUrl":"https:\/\/bbn1.bbnradio.org\/german\/wp-content\/uploads\/sites\/9\/2016\/04\/A-Christian-Home-Wife-The-Heart-of-the-Home.jpg","width":1200,"height":628,"caption":"A Christian Home \u2013 Children \u2013 The Fruit of the Home"},{"@type":"BreadcrumbList","@id":"https:\/\/bbn1.bbnradio.org\/german\/ressourcen\/das-christliche-familienleben\/die-ehefrau-das-herz-des-hauses\/#breadcrumb","itemListElement":[{"@type":"ListItem","position":1,"name":"Home","item":"https:\/\/bbn1.bbnradio.org\/german\/home\/"},{"@type":"ListItem","position":2,"name":"Ressourcen","item":"https:\/\/bbn1.bbnradio.org\/german\/ressourcen\/"},{"@type":"ListItem","position":3,"name":"Das christliche Familienleben","item":"https:\/\/bbn1.bbnradio.org\/german\/ressourcen\/das-christliche-familienleben\/"},{"@type":"ListItem","position":4,"name":"DIE EHEFRAU &#8211; DAS HERZ DES HAUSES"}]},{"@type":"WebSite","@id":"https:\/\/bbn1.bbnradio.org\/german\/#website","url":"https:\/\/bbn1.bbnradio.org\/german\/","name":"BBN","description":"BBN","potentialAction":[{"@type":"SearchAction","target":{"@type":"EntryPoint","urlTemplate":"https:\/\/bbn1.bbnradio.org\/german\/?s={search_term_string}"},"query-input":{"@type":"PropertyValueSpecification","valueRequired":true,"valueName":"search_term_string"}}],"inLanguage":"de"}]}},"jetpack_sharing_enabled":true,"jetpack_shortlink":"https:\/\/wp.me\/PgZlJB-1Zn","_links":{"self":[{"href":"https:\/\/bbn1.bbnradio.org\/german\/wp-json\/wp\/v2\/pages\/7649","targetHints":{"allow":["GET"]}}],"collection":[{"href":"https:\/\/bbn1.bbnradio.org\/german\/wp-json\/wp\/v2\/pages"}],"about":[{"href":"https:\/\/bbn1.bbnradio.org\/german\/wp-json\/wp\/v2\/types\/page"}],"author":[{"embeddable":true,"href":"https:\/\/bbn1.bbnradio.org\/german\/wp-json\/wp\/v2\/users\/27"}],"replies":[{"embeddable":true,"href":"https:\/\/bbn1.bbnradio.org\/german\/wp-json\/wp\/v2\/comments?post=7649"}],"version-history":[{"count":3,"href":"https:\/\/bbn1.bbnradio.org\/german\/wp-json\/wp\/v2\/pages\/7649\/revisions"}],"predecessor-version":[{"id":13745,"href":"https:\/\/bbn1.bbnradio.org\/german\/wp-json\/wp\/v2\/pages\/7649\/revisions\/13745"}],"up":[{"embeddable":true,"href":"https:\/\/bbn1.bbnradio.org\/german\/wp-json\/wp\/v2\/pages\/4940"}],"wp:featuredmedia":[{"embeddable":true,"href":"https:\/\/bbn1.bbnradio.org\/german\/wp-json\/wp\/v2\/media\/8618"}],"wp:attachment":[{"href":"https:\/\/bbn1.bbnradio.org\/german\/wp-json\/wp\/v2\/media?parent=7649"}],"wp:term":[{"taxonomy":"category","embeddable":true,"href":"https:\/\/bbn1.bbnradio.org\/german\/wp-json\/wp\/v2\/categories?post=7649"},{"taxonomy":"post_tag","embeddable":true,"href":"https:\/\/bbn1.bbnradio.org\/german\/wp-json\/wp\/v2\/tags?post=7649"}],"curies":[{"name":"wp","href":"https:\/\/api.w.org\/{rel}","templated":true}]}}