{"id":7651,"date":"2016-04-05T07:09:05","date_gmt":"2016-04-05T11:09:05","guid":{"rendered":"https:\/\/bbn1.bbnradio.org\/english\/?page_id=7651"},"modified":"2019-02-12T13:46:18","modified_gmt":"2019-02-12T18:46:18","slug":"kinder-ein-segen-gottes","status":"publish","type":"page","link":"https:\/\/bbn1.bbnradio.org\/german\/ressourcen\/das-christliche-familienleben\/kinder-ein-segen-gottes\/","title":{"rendered":"KINDER &#8211; EIN SEGEN GOTTES"},"content":{"rendered":"\n<style type=\"text\/css\" data-created_by=\"avia_inline_auto\" id=\"style-css-av-3oejer-ba043348ec96fed5561851e5377286aa\">\n.avia-image-container.av-3oejer-ba043348ec96fed5561851e5377286aa img.avia_image{\nbox-shadow:none;\n}\n.avia-image-container.av-3oejer-ba043348ec96fed5561851e5377286aa .av-image-caption-overlay-center{\ncolor:#ffffff;\n}\n<\/style>\n<div  class='avia-image-container av-3oejer-ba043348ec96fed5561851e5377286aa av-styling- avia-align-center  avia-builder-el-0  el_before_av_textblock  avia-builder-el-first '   itemprop=\"image\" itemscope=\"itemscope\" itemtype=\"https:\/\/schema.org\/ImageObject\" ><div class=\"avia-image-container-inner\"><div class=\"avia-image-overlay-wrap\"><img decoding=\"async\" fetchpriority=\"high\" class='wp-image-8615 avia-img-lazy-loading-not-8615 avia_image ' src=\"https:\/\/bbn1.bbnradio.org\/german\/wp-content\/uploads\/sites\/9\/2016\/04\/A-Christian-Home-Children-The-Fruit-of-the-Home.jpg\" alt='' title='A Christian Home \u2013 Children \u2013 The Fruit of the Home'  height=\"321\" width=\"613\"  itemprop=\"thumbnailUrl\"  \/><\/div><\/div><\/div>\n<section  class='av_textblock_section av-2xrtir-b36b9f925beed58aa8bf0048e6af31e3 '   itemscope=\"itemscope\" itemtype=\"https:\/\/schema.org\/CreativeWork\" ><div class='avia_textblock'  itemprop=\"text\" ><p><b>KINDER \u2013 EIN SEGEN GOTTES<\/b><\/p>\n<p>Charles Lamb hat gesagt, dass er alles auf der Welt geben w\u00fcrde, wenn er noch einmal seine verstorbene Mutter zur\u00fcckholen und sie auf Knien um Vergebung f\u00fcr alles bitten k\u00f6nnte, womit er sie jemals betr\u00fcbt hat. Sicherlich empfindet jedes nachdenkliche Kind mit den Jahren so und erkennt, was seine Eltern f\u00fcr es getan haben.<\/p>\n<p>Niemand sage, ein Kind sei zu klein, um in der Familie eine wesentliche Rolle zu spielen. Die R\u00e4dchen in meiner Armbanduhr sind klein &#8211; manche gar winzig, aber sie sind alle wichtig f\u00fcr das Funktionieren des Uhrwerks. Ein kleines Kind kann so \u00fcbelgelaunt und ungezogen sein, dass es das ganze Familienleben durcheinander bringt, oder aber so liebreizend und strahlend, dass es das Haus mit Frieden und Freude f\u00fcllt.<\/p>\n<p><b>Gehorsam<\/b><\/p>\n<p>Eltern obliegen drei Dinge: Liebe, Zucht, Unterweisung. Doch was sind die Aufgaben der Kinder im Haus? Was ist ihr Teil?<\/p>\n<p>Die Bibel sagt nicht: \u201eIhr Kinder, gehorcht euren Eltern, wenn sie Recht haben\u201c. Vielmehr sagt sie: \u201eIhr Kinder, gehorcht euren Eltern im Herrn, denn das ist recht\u201c &#8230; auch wenn sie nicht im Recht sind (Epheser 6,1). Manche machen geltend, dass wir nichts \u00fcber die jungen Jahre Jesu wissen. Nur wenig ist uns hier \u00fcberliefert, aber dies Wenige sagt viel aus. Es gibt keine sch\u00f6neren Worte als die, die \u00fcber ihn berichten: \u201eEr ging hinunter nach Nazareth und war ihnen untertan\u201c (n\u00e4mlich seiner Mutter und seinem Adoptivvater). Und wer war Jesus? Wer war dieses gehorsame Kind? Es war der ewige Sohn Gottes. Es war der Sch\u00f6pfer des gesamten Alls, \u201edenn durch ihn sind alle Dinge, und ohne ihn ist nichts gemacht, was gemacht ist.\u201c Er war der Herr und Meister aller himmlischen Heere. Was f\u00fcr ein Lehrst\u00fcck in puncto Gehorsam!<\/p>\n<p>\u201eUnd ihr V\u00e4ter, reizt eure Kinder nicht zum Zorn, sondern erzieht sie in der Zucht und Ermahnung des Herrn\u201c (Epheser 6,4). Viele junge Menschen haben die Vorstellung, ihren Eltern zu gehorchen und sich ihnen unterzuordnen sei eine Dem\u00fctigung, eine Art selbstauferlegter, sie einengende Einschr\u00e4nkung. Hat sich das so auf Jesus ausgewirkt? Wir wissen, dass dies nicht der Fall war. Kein Kind wird durch gewissenhafte Befolgung der Worte seiner gl\u00e4ubigen Eltern eingeengt oder einen verkehrten Weg gef\u00fchrt. Noch nie wurde ein junger Mensch durch seinen Gehorsam gegen\u00fcber seinen in der Nachfolge Jesu stehenden Eltern in seiner Entfaltung gehemmt, verbogen oder verletzt. Jesus gehorchte seinen irdischen Eltern bis er drei\u00dfig Jahre alt war &#8211; bis er von zu Hause wegging, um seine ihm von Gott verordnete Aufgabe zu erf\u00fcllen.<\/p>\n<p>Der Gehorsam soll absolut sein und sich sowohl auf Angenehmes als auch auf Unangenehmes erstrecken. Nur ein Schl\u00fcsselmerkmal sei genannt: \u201ein dem Herrn\u201c. Hierzu sind Kinder anzuhalten. Vater oder Mutter m\u00f6gen einmal etwas verlangen, was falsch zu sein scheint, aber das Kind muss gehorchen. \u201eIhr Kinder, seid gehorsam den Eltern in allen Dingen, denn das ist dem Herrn wohlgef\u00e4llig\u201c (Kolosser 3,20). Bei allem aber sollten wir nicht vergessen, dass auch Eltern fehlbar sind.<br \/>\nKeine menschliche Autorit\u00e4t, wie immer sie auch hei\u00dfen mag, hat das Recht, jemanden dazu aufzufordern, auch nur eines von Gottes Geboten zu \u00fcbertreten. Wenn ungl\u00e4ubige Eltern \u2013 bzw. Vater oder Mutter \u2013 von ihrem Kind verlangen, das Wort Gottes nicht zu befolgen, so tragen die Eltern die Folgen. Die Bibel sagt: \u201eUnd wer einen dieser Kleinen, die an mich glauben, zum Abfall verf\u00fchrt, f\u00fcr den w\u00e4re es besser, dass ihm ein M\u00fchlstein an den Hals geh\u00e4ngt und er ins Meer geworfen w\u00fcrde\u201c (Markus 9,42).<\/p>\n<p><b>Liebe und Achtung gegen\u00fcber den Eltern<\/b><\/p>\n<p>Bei alledem ist es f\u00fcr uns selbstverst\u00e4ndlich, dass sich Eltern nicht \u00fcber das hinwegsetzen, was untrennbar zu \u201eIhr Kinder, gehorcht euren Eltern in dem Herrn\u201c geh\u00f6rt, n\u00e4mlich \u201eIhr Eltern, reizt eure Kinder nicht zum Zorn\u201c. Dies sind die beiden Seiten ein und derselben Medaille. Wenn ein ungl\u00e4ubiger Elternteil von seinen Kindern verlangt, den Herrn zu verleugnen, dann bleibt das f\u00fcr alle nicht ohne Folgen.<\/p>\n<p>Ich w\u00fcsste nichts, was manchen unserer jungen Leuten deutlicher gesagt werden m\u00fcsste. Nehmen wir ein junges M\u00e4dchen, das sich seiner Mutter sch\u00e4mt. Sie sieht die dahinwelkende Sch\u00f6nheit ihrer Mutter. Diese kleidet sich nicht mehr so elegant wie fr\u00fcher; ihre H\u00e4nde sind rot und abgearbeitet Die Tochter sch\u00e4mt sich ihrer und m\u00f6chte sie am liebsten vor ihren Freundinnen verbergen. Diese ihre Haltung kann auch dem Vater gelten, dessen gebeugter R\u00fccken, wettergegerbtes Gesicht und schwielige H\u00e4nde beredt von einem harten Arbeitsleben zeugen, das er auf sich genommen hat, um seinen Kindern ein besseres Leben zu erm\u00f6glichen. So mag es dem M\u00e4dchen oder dem jungen Mann peinlich sein, wenn ihren Freundinnen oder Freunden mit ihrer ausgefallenen und modischen Kleidung der \u201eAlte\u201c \u00fcber den Weg l\u00e4uft.<\/p>\n<p>Diese Beispiele sind nicht an den Haaren herbeigezogen. Wir alle kennen derartige F\u00e4lle. Die jungen Leute sollten wissen, dass diese Spuren von Arbeit, Alter, Sorgen und Entbehrung Zeugnis f\u00fcr die Liebe ihrer Eltern ablegen, denen kein Opfer f\u00fcr ihre Kinder zu gro\u00df war.<\/p>\n<p>W\u00fcrdest du dich eines Menschen sch\u00e4men, der nur ein Auge hat, weil er das andere verloren hat, um dein Leben zu retten? Nun, dein Vater und deine Mutter haben weit mehr f\u00fcr dich getan.<br \/>\nSie hatten durchwachte N\u00e4chte und sorgenvolle Tage. In Krankheitstagen waren sie um euch. Sie hatten nicht ihr eigenes Wohlergehen und Vergn\u00fcgen im Auge, sondern versagten sich manches, um euch das eine oder andere zukommen lassen zu k\u00f6nnen. Sie sind fr\u00fch aufgestanden und haben lange gearbeitet, um euch das Studium zu erm\u00f6glichen und euren Platz in der Welt finden zu lassen. Daher r\u00fchren die Schwielen eurer Eltern. Es sind heilige Zeichen, und ihr wollt euch ihrer sch\u00e4men?<\/p>\n<p>Ein Handelsmann in einer Stadt des Mittleren Westens sandte seinen Jungen aufs College. Um ihm dies zu erm\u00f6glichen, hatte er sein Gesch\u00e4ft mit einer Hypothek belasten m\u00fcssen. Er und seine Frau lebten sparsam und bescheiden, damit es ihrem Sohn im Kreise seiner Mitstudenten an nichts fehle. Nachdem einige Monate ins Land gegangen waren, \u00fcberkam die beiden alten Leute eine unwiderstehliche Sehnsucht nach ihrem Sohn. Sie spannten ihr altes Pferd an (auf ein Auto hatten sie verzichtet, um f\u00fcr ihren Sohn zu sparen) und machten sich auf den Weg in die 20 Meilen entfernte Universit\u00e4tsstadt. Sie kamen gerade zum Ende der Vorlesung und sahen ihren Sohn Harry mit einer Gruppe von Freunden daherkommen. Als einige von ihnen des altersschwachen Fuhrwerks und der sch\u00e4bigen Kleider der beiden alten Leute ansichtig wurden, brachen sie in sp\u00f6ttisches Gel\u00e4chter aus. Harry hielt inne, schaute kurz seinen Vater und seine Mutter an, wurde rot im Gesicht, wandte sich ab und eilte davon, als w\u00fcrde er die beiden nicht kennen. Mit gebrochenem Herzen machten sich die beiden braven Leutchen auf den traurigen Heimweg. In derselben Nacht verstarb die alte Mutter.<\/p>\n<p>Junges M\u00e4dchen, junger Mann, ich lege euch ans Herz, euch niemals so zu verhalten wie Harry. Wenn dein Vater und deine Mutter &#8211; oder einer von beiden &#8211; noch leben, dann gehe hin, umarme sie und sage ihnen, dass du sie liebst und ihnen f\u00fcr alles dankbar bist, was sie f\u00fcr dich getan haben. Wenn du sie nicht aufsuchen kannst, dann greife auf der Stelle zu Feder und Papier! Schreibe ihnen einen langen Brief voller Liebe, Wertsch\u00e4tzung und Anerkennung.<\/p>\n<p>Ein Kind wird niemals so alt, als dass es nicht mehr das Kind seiner Eltern w\u00e4re. Deshalb ist diesen ihr ganzes Leben lang kindliche Liebe und Achtung entgegenzubringen. Im Leben gibt es nur wenige Dinge, die sch\u00f6ner sind als die hingebungsvolle Liebe, die erwachsene Kinder ihren alten Eltern entgegenbringen. Das ist dem Herzen Gottes sehr wohlgef\u00e4llig.<\/p>\n<p>Wenn unsere Eltern alt werden, dann tauschen sie die Pl\u00e4tze mit uns: einst ern\u00e4hrten sie uns, und nun ist es unser Vorrecht und eine gro\u00dfe Ehre, f\u00fcr sie zu sorgen. Einst boten sie zu unserem Schutz dem Sturm die Stirn. Nun ist es an uns, f\u00fcr sie da zu sein, denn jetzt sind wir stark, und sie sind gebrechlich. Welch eine Gelegenheit, einen Teil der Liebesschuld abzutragen! Es wird immer nur ein Bruchteil sein; kein Kind wird je in der Lage sein, seinen gl\u00e4ubigen Eltern das zur\u00fcckzuerstatten, was es von ihnen an Liebe und F\u00fcrsorge erfahren hat.<\/p>\n<p>Kaum etwas im Leben ist begl\u00fcckender als das Bewusstsein, seinen alten und hilfsbed\u00fcrftigen Eltern mit Liebe, Treue und Freundlichkeit begegnet zu sein. Es verleiht der Seele Frieden und l\u00e4sst das Herz in der Vorfreude auf den Himmel und das Wiedersehen h\u00f6her schlagen. Was f\u00fcr ein Segen ist es, von seinen Eltern Abschied nehmen zu k\u00f6nnen, ohne Vers\u00e4umnisse beklagen zu m\u00fcssen.<\/p>\n<\/div><\/section>\n<!-- AddThis Advanced Settings generic via filter on the_content --><!-- AddThis Share Buttons generic via filter on the_content -->","protected":false},"excerpt":{"rendered":"<p><!-- AddThis Advanced Settings generic via filter on get_the_excerpt --><!-- AddThis Share Buttons generic via filter on get_the_excerpt --><\/p>\n","protected":false},"author":27,"featured_media":8615,"parent":4940,"menu_order":0,"comment_status":"closed","ping_status":"closed","template":"","meta":{"footnotes":""},"categories":[],"tags":[],"class_list":["post-7651","page","type-page","status-publish","has-post-thumbnail","hentry"],"yoast_head":"<!-- This site is optimized with the Yoast SEO Premium plugin v24.8 (Yoast SEO v24.8.1) - https:\/\/yoast.com\/wordpress\/plugins\/seo\/ -->\n<title>KINDER - EIN SEGEN GOTTES - BBN<\/title>\n<meta name=\"robots\" content=\"index, follow, max-snippet:-1, max-image-preview:large, max-video-preview:-1\" \/>\n<link rel=\"canonical\" href=\"https:\/\/bbn1.bbnradio.org\/german\/ressourcen\/das-christliche-familienleben\/kinder-ein-segen-gottes\/\" \/>\n<meta property=\"og:locale\" content=\"de_DE\" \/>\n<meta property=\"og:type\" content=\"article\" \/>\n<meta property=\"og:title\" content=\"KINDER - EIN SEGEN GOTTES\" \/>\n<meta property=\"og:url\" content=\"https:\/\/bbn1.bbnradio.org\/german\/ressourcen\/das-christliche-familienleben\/kinder-ein-segen-gottes\/\" \/>\n<meta property=\"og:site_name\" content=\"BBN\" \/>\n<meta property=\"article:publisher\" content=\"https:\/\/www.facebook.com\/BBNGerman\/\" \/>\n<meta property=\"article:modified_time\" content=\"2019-02-12T18:46:18+00:00\" \/>\n<meta name=\"twitter:card\" content=\"summary_large_image\" \/>\n<meta name=\"twitter:image\" content=\"https:\/\/bbn1.bbnradio.org\/english\/wp-content\/uploads\/sites\/2\/2016\/04\/A-Christian-Home-Children-The-Fruit-of-the-Home.jpg\" \/>\n<meta name=\"twitter:site\" content=\"@BBNDeutsch\" \/>\n<meta name=\"twitter:label1\" content=\"Gesch\u00e4tzte Lesezeit\" \/>\n\t<meta name=\"twitter:data1\" content=\"8\u00a0Minuten\" \/>\n<script type=\"application\/ld+json\" class=\"yoast-schema-graph\">{\"@context\":\"https:\/\/schema.org\",\"@graph\":[{\"@type\":\"WebPage\",\"@id\":\"https:\/\/bbn1.bbnradio.org\/german\/ressourcen\/das-christliche-familienleben\/kinder-ein-segen-gottes\/\",\"url\":\"https:\/\/bbn1.bbnradio.org\/german\/ressourcen\/das-christliche-familienleben\/kinder-ein-segen-gottes\/\",\"name\":\"KINDER - EIN SEGEN GOTTES - BBN\",\"isPartOf\":{\"@id\":\"https:\/\/bbn1.bbnradio.org\/german\/#website\"},\"primaryImageOfPage\":{\"@id\":\"https:\/\/bbn1.bbnradio.org\/german\/ressourcen\/das-christliche-familienleben\/kinder-ein-segen-gottes\/#primaryimage\"},\"image\":{\"@id\":\"https:\/\/bbn1.bbnradio.org\/german\/ressourcen\/das-christliche-familienleben\/kinder-ein-segen-gottes\/#primaryimage\"},\"thumbnailUrl\":\"https:\/\/bbn1.bbnradio.org\/german\/wp-content\/uploads\/sites\/9\/2016\/04\/A-Christian-Home-Children-The-Fruit-of-the-Home.jpg\",\"datePublished\":\"2016-04-05T11:09:05+00:00\",\"dateModified\":\"2019-02-12T18:46:18+00:00\",\"breadcrumb\":{\"@id\":\"https:\/\/bbn1.bbnradio.org\/german\/ressourcen\/das-christliche-familienleben\/kinder-ein-segen-gottes\/#breadcrumb\"},\"inLanguage\":\"de\",\"potentialAction\":[{\"@type\":\"ReadAction\",\"target\":[\"https:\/\/bbn1.bbnradio.org\/german\/ressourcen\/das-christliche-familienleben\/kinder-ein-segen-gottes\/\"]}]},{\"@type\":\"ImageObject\",\"inLanguage\":\"de\",\"@id\":\"https:\/\/bbn1.bbnradio.org\/german\/ressourcen\/das-christliche-familienleben\/kinder-ein-segen-gottes\/#primaryimage\",\"url\":\"https:\/\/bbn1.bbnradio.org\/german\/wp-content\/uploads\/sites\/9\/2016\/04\/A-Christian-Home-Children-The-Fruit-of-the-Home.jpg\",\"contentUrl\":\"https:\/\/bbn1.bbnradio.org\/german\/wp-content\/uploads\/sites\/9\/2016\/04\/A-Christian-Home-Children-The-Fruit-of-the-Home.jpg\",\"width\":1200,\"height\":628},{\"@type\":\"BreadcrumbList\",\"@id\":\"https:\/\/bbn1.bbnradio.org\/german\/ressourcen\/das-christliche-familienleben\/kinder-ein-segen-gottes\/#breadcrumb\",\"itemListElement\":[{\"@type\":\"ListItem\",\"position\":1,\"name\":\"Home\",\"item\":\"https:\/\/bbn1.bbnradio.org\/german\/home\/\"},{\"@type\":\"ListItem\",\"position\":2,\"name\":\"Ressourcen\",\"item\":\"https:\/\/bbn1.bbnradio.org\/german\/ressourcen\/\"},{\"@type\":\"ListItem\",\"position\":3,\"name\":\"Das christliche Familienleben\",\"item\":\"https:\/\/bbn1.bbnradio.org\/german\/ressourcen\/das-christliche-familienleben\/\"},{\"@type\":\"ListItem\",\"position\":4,\"name\":\"KINDER &#8211; EIN SEGEN GOTTES\"}]},{\"@type\":\"WebSite\",\"@id\":\"https:\/\/bbn1.bbnradio.org\/german\/#website\",\"url\":\"https:\/\/bbn1.bbnradio.org\/german\/\",\"name\":\"BBN\",\"description\":\"BBN\",\"potentialAction\":[{\"@type\":\"SearchAction\",\"target\":{\"@type\":\"EntryPoint\",\"urlTemplate\":\"https:\/\/bbn1.bbnradio.org\/german\/?s={search_term_string}\"},\"query-input\":{\"@type\":\"PropertyValueSpecification\",\"valueRequired\":true,\"valueName\":\"search_term_string\"}}],\"inLanguage\":\"de\"}]}<\/script>\n<!-- \/ Yoast SEO Premium plugin. -->","yoast_head_json":{"title":"KINDER - EIN SEGEN GOTTES - BBN","robots":{"index":"index","follow":"follow","max-snippet":"max-snippet:-1","max-image-preview":"max-image-preview:large","max-video-preview":"max-video-preview:-1"},"canonical":"https:\/\/bbn1.bbnradio.org\/german\/ressourcen\/das-christliche-familienleben\/kinder-ein-segen-gottes\/","og_locale":"de_DE","og_type":"article","og_title":"KINDER - EIN SEGEN GOTTES","og_url":"https:\/\/bbn1.bbnradio.org\/german\/ressourcen\/das-christliche-familienleben\/kinder-ein-segen-gottes\/","og_site_name":"BBN","article_publisher":"https:\/\/www.facebook.com\/BBNGerman\/","article_modified_time":"2019-02-12T18:46:18+00:00","twitter_card":"summary_large_image","twitter_image":"https:\/\/bbn1.bbnradio.org\/english\/wp-content\/uploads\/sites\/2\/2016\/04\/A-Christian-Home-Children-The-Fruit-of-the-Home.jpg","twitter_site":"@BBNDeutsch","twitter_misc":{"Gesch\u00e4tzte Lesezeit":"8\u00a0Minuten"},"schema":{"@context":"https:\/\/schema.org","@graph":[{"@type":"WebPage","@id":"https:\/\/bbn1.bbnradio.org\/german\/ressourcen\/das-christliche-familienleben\/kinder-ein-segen-gottes\/","url":"https:\/\/bbn1.bbnradio.org\/german\/ressourcen\/das-christliche-familienleben\/kinder-ein-segen-gottes\/","name":"KINDER - EIN SEGEN GOTTES - BBN","isPartOf":{"@id":"https:\/\/bbn1.bbnradio.org\/german\/#website"},"primaryImageOfPage":{"@id":"https:\/\/bbn1.bbnradio.org\/german\/ressourcen\/das-christliche-familienleben\/kinder-ein-segen-gottes\/#primaryimage"},"image":{"@id":"https:\/\/bbn1.bbnradio.org\/german\/ressourcen\/das-christliche-familienleben\/kinder-ein-segen-gottes\/#primaryimage"},"thumbnailUrl":"https:\/\/bbn1.bbnradio.org\/german\/wp-content\/uploads\/sites\/9\/2016\/04\/A-Christian-Home-Children-The-Fruit-of-the-Home.jpg","datePublished":"2016-04-05T11:09:05+00:00","dateModified":"2019-02-12T18:46:18+00:00","breadcrumb":{"@id":"https:\/\/bbn1.bbnradio.org\/german\/ressourcen\/das-christliche-familienleben\/kinder-ein-segen-gottes\/#breadcrumb"},"inLanguage":"de","potentialAction":[{"@type":"ReadAction","target":["https:\/\/bbn1.bbnradio.org\/german\/ressourcen\/das-christliche-familienleben\/kinder-ein-segen-gottes\/"]}]},{"@type":"ImageObject","inLanguage":"de","@id":"https:\/\/bbn1.bbnradio.org\/german\/ressourcen\/das-christliche-familienleben\/kinder-ein-segen-gottes\/#primaryimage","url":"https:\/\/bbn1.bbnradio.org\/german\/wp-content\/uploads\/sites\/9\/2016\/04\/A-Christian-Home-Children-The-Fruit-of-the-Home.jpg","contentUrl":"https:\/\/bbn1.bbnradio.org\/german\/wp-content\/uploads\/sites\/9\/2016\/04\/A-Christian-Home-Children-The-Fruit-of-the-Home.jpg","width":1200,"height":628},{"@type":"BreadcrumbList","@id":"https:\/\/bbn1.bbnradio.org\/german\/ressourcen\/das-christliche-familienleben\/kinder-ein-segen-gottes\/#breadcrumb","itemListElement":[{"@type":"ListItem","position":1,"name":"Home","item":"https:\/\/bbn1.bbnradio.org\/german\/home\/"},{"@type":"ListItem","position":2,"name":"Ressourcen","item":"https:\/\/bbn1.bbnradio.org\/german\/ressourcen\/"},{"@type":"ListItem","position":3,"name":"Das christliche Familienleben","item":"https:\/\/bbn1.bbnradio.org\/german\/ressourcen\/das-christliche-familienleben\/"},{"@type":"ListItem","position":4,"name":"KINDER &#8211; EIN SEGEN GOTTES"}]},{"@type":"WebSite","@id":"https:\/\/bbn1.bbnradio.org\/german\/#website","url":"https:\/\/bbn1.bbnradio.org\/german\/","name":"BBN","description":"BBN","potentialAction":[{"@type":"SearchAction","target":{"@type":"EntryPoint","urlTemplate":"https:\/\/bbn1.bbnradio.org\/german\/?s={search_term_string}"},"query-input":{"@type":"PropertyValueSpecification","valueRequired":true,"valueName":"search_term_string"}}],"inLanguage":"de"}]}},"jetpack_sharing_enabled":true,"jetpack_shortlink":"https:\/\/wp.me\/PgZlJB-1Zp","_links":{"self":[{"href":"https:\/\/bbn1.bbnradio.org\/german\/wp-json\/wp\/v2\/pages\/7651","targetHints":{"allow":["GET"]}}],"collection":[{"href":"https:\/\/bbn1.bbnradio.org\/german\/wp-json\/wp\/v2\/pages"}],"about":[{"href":"https:\/\/bbn1.bbnradio.org\/german\/wp-json\/wp\/v2\/types\/page"}],"author":[{"embeddable":true,"href":"https:\/\/bbn1.bbnradio.org\/german\/wp-json\/wp\/v2\/users\/27"}],"replies":[{"embeddable":true,"href":"https:\/\/bbn1.bbnradio.org\/german\/wp-json\/wp\/v2\/comments?post=7651"}],"version-history":[{"count":3,"href":"https:\/\/bbn1.bbnradio.org\/german\/wp-json\/wp\/v2\/pages\/7651\/revisions"}],"predecessor-version":[{"id":13733,"href":"https:\/\/bbn1.bbnradio.org\/german\/wp-json\/wp\/v2\/pages\/7651\/revisions\/13733"}],"up":[{"embeddable":true,"href":"https:\/\/bbn1.bbnradio.org\/german\/wp-json\/wp\/v2\/pages\/4940"}],"wp:featuredmedia":[{"embeddable":true,"href":"https:\/\/bbn1.bbnradio.org\/german\/wp-json\/wp\/v2\/media\/8615"}],"wp:attachment":[{"href":"https:\/\/bbn1.bbnradio.org\/german\/wp-json\/wp\/v2\/media?parent=7651"}],"wp:term":[{"taxonomy":"category","embeddable":true,"href":"https:\/\/bbn1.bbnradio.org\/german\/wp-json\/wp\/v2\/categories?post=7651"},{"taxonomy":"post_tag","embeddable":true,"href":"https:\/\/bbn1.bbnradio.org\/german\/wp-json\/wp\/v2\/tags?post=7651"}],"curies":[{"name":"wp","href":"https:\/\/api.w.org\/{rel}","templated":true}]}}