{"id":7653,"date":"2016-04-05T07:10:20","date_gmt":"2016-04-05T11:10:20","guid":{"rendered":"https:\/\/bbn1.bbnradio.org\/english\/?page_id=7653"},"modified":"2019-02-12T13:54:32","modified_gmt":"2019-02-12T18:54:32","slug":"kinder-beziehungen-aufbauen-und-fordern","status":"publish","type":"page","link":"https:\/\/bbn1.bbnradio.org\/german\/ressourcen\/das-christliche-familienleben\/kinder-beziehungen-aufbauen-und-fordern\/","title":{"rendered":"KINDER &#8211; BEZIEHUNGEN AUFBAUEN UND F\u00d6RDERN"},"content":{"rendered":"\n<style type=\"text\/css\" data-created_by=\"avia_inline_auto\" id=\"style-css-av-40v53p-c666542ab042132d759dc83965ad0a4a\">\n.avia-image-container.av-40v53p-c666542ab042132d759dc83965ad0a4a img.avia_image{\nbox-shadow:none;\n}\n.avia-image-container.av-40v53p-c666542ab042132d759dc83965ad0a4a .av-image-caption-overlay-center{\ncolor:#ffffff;\n}\n<\/style>\n<div  class='avia-image-container av-40v53p-c666542ab042132d759dc83965ad0a4a av-styling- avia-align-center  avia-builder-el-0  el_before_av_textblock  avia-builder-el-first '   itemprop=\"image\" itemscope=\"itemscope\" itemtype=\"https:\/\/schema.org\/ImageObject\" ><div class=\"avia-image-container-inner\"><div class=\"avia-image-overlay-wrap\"><img decoding=\"async\" fetchpriority=\"high\" class='wp-image-8604 avia-img-lazy-loading-not-8604 avia_image ' src=\"https:\/\/bbn1.bbnradio.org\/german\/wp-content\/uploads\/sites\/9\/2016\/09\/A-Christian-Home-Children-in-the-Home-Building-Bonds.jpg\" alt='A Christian Home \u2013 Children in the Home \u2013 Building Bonds' title='A Christian Home \u2013 Children in the Home \u2013 Building Bonds'  height=\"321\" width=\"613\"  itemprop=\"thumbnailUrl\"  \/><\/div><\/div><\/div>\n<section  class='av_textblock_section av-25isv9-3642c1950355a6672524d1ee52f2e4d7 '   itemscope=\"itemscope\" itemtype=\"https:\/\/schema.org\/CreativeWork\" ><div class='avia_textblock'  itemprop=\"text\" ><p><b>KINDER \u2013 BEZIEHUNGEN AUFBAUEN UND F\u00d6RDERN<\/b><\/p>\n<p>\u201eKinder sind eine Gabe des Herrn\u201c (Psalm 127,3). Nichts ist entz\u00fcckender als der Anblick eines Neugeborenen, das Gott uns anvertraut hat. Es ist eine verantwortungsvolle Aufgabe, die Gott in die H\u00e4nde der Eltern gelegt hat. Ihnen obliegt es, das Kind zu unterweisen und es durch Vorbild und Beispiel zu formen. Nichts ist sch\u00f6ner, als ein Kind, das sich Schritt f\u00fcr Schritt die Welt mit ihren Freuden und Leiden erobert, lachen, singen und auch weinen zu h\u00f6ren. Untersuchungen haben gezeigt, dass das Kind zu 85% vom Elternhaus gepr\u00e4gt wird. Das besagt schon der Begriff \u201eKinderstube\u201c. Sowohl durch die Unterweisung seitens der Eltern als auch durch ihre Lebensweise werden Kinder an Gott und sein Wort herangef\u00fchrt. Man kann durchaus sagen, dass ihr zeitliches und ewiges Geschick in den H\u00e4nden der Eltern liegt. Auf der Gebetsliste m\u00fcssen sie ganz oben stehen.<\/p>\n<p>Es geht nicht ohne Herzeleid ab, denn Kinder haben ihren eigenen Willen. So bleibt es nicht aus, dass sie Entscheidungen treffen, die ihren Eltern viel Kummer verursachen. Sollten sie in die Irre gehen, dann erinnern Sie sich an die Geschichte vom verlorenen Sohn in Lukas 15, 11-24. Sicherlich hat der Vater viele schlaflose N\u00e4chte im Gebet und in der Sorge um seinen Sohn in der Fremde verbracht.<br \/>\nImmer wieder hielt er Ausschau nach ihm. Als er endlich heimkehrte, war das Herz des Vaters mit dem Geist der Vergebung erf\u00fcllt, so dass er seinem Sohn den Mund verschloss, als dieser sagte, wie leid es ihm tue. Das ist wahre christliche Elternliebe.<\/p>\n<p>Es gibt die Geschichte von einem Mann, der eines seiner \u00fcber 20 Jahre alten Farmgeb\u00e4ude abriss. \u00dcbrig blieb ein \u00f6der h\u00e4sslicher Fleck, aber als es April wurde und der Platz von der Sonne beschienen und vom Regen getr\u00e4nkt wurde, spross zum Erstaunen des Besitzers eine Unzahl von Blumen empor. Deren Samen waren offenbar all die Jahre da gewesen, hatten aber mangels Sonne und Regen nicht aufgehen k\u00f6nnen. In wie vielen H\u00e4usern gibt es entsprechende Beispiele nicht entfalteter Sch\u00f6nheit!<\/p>\n<p><b>Familienbande kn\u00fcpfen<\/b><\/p>\n<p>Bei uns zu Hause galt die Regel, dass die Kinder jederzeit mit allen ihren Fragen kommen konnten. Ja, wir ermunterten sie, alles auszusprechen, auch das, womit sie nicht einverstanden waren. Doch auch der andere Grundsatz galt: \u201eAlles ist diskutierbar, aber nicht alles ist verhandelbar.\u201c Als meine Kinder \u00e4lter wurden, gab es heftige Diskussionen um die Bibel. Wir wussten, dass dies sie zum eigenen Denken f\u00fchren w\u00fcrde. Es machte ihnen deutlich, was wir glauben und was die Bibel lehrt Wir hielten es mit unseren Kindern so, dass wir stets Zeit f\u00fcr sie hatten, wenn sie uns sprechen wollten. Oft hatten sie eine Frage, wenn Schlafenszeit war. Es ist durchaus m\u00f6glich, dass dies f\u00fcr sie ein Vorwand war, noch nicht zu Bett gehen zu m\u00fcssen. Wir nutzten jedenfalls stets diese Zeit; sie wollten reden, und wir lie\u00dfen es uns angelegen sein, ihnen zuzuh\u00f6ren.<\/p>\n<p>Eine der gr\u00f6\u00dften Tragiken, die sich in Familien abspielen, ist der Umstand, dass Eltern nicht mit ihren Kindern im Gespr\u00e4ch sind. Allzu oft suchen diese nicht im Elternhaus Rat, sondern bei ihren engsten Freunden. Manchmal haben sie Fragen, auf die sie zu Hause keine Antwort finden, oder sie scheuen sich einfach, diese Fragen zu stellen. Fragen sie aber ihre Freunde oder Freundinnen, besteht die Gefahr, falsche Antworten zu erhalten. Was fasziniert sie so an Freundschaften au\u00dferhalb des Familienkreises? Oft ist es so, dass das Familienleben, das sich ja in enger und nahezu st\u00e4ndiger Gemeinschaft abspielt, etwas von seiner Frische verliert und auch nicht mehr so interessant erscheint. Dennoch m\u00fcssen Kinder erkennen, dass ihre eigenen Geschwister ihre besten Freunde sind. Freunde kommen und gehen, aber die Familie bleibt.<\/p>\n<p>Wie eng eine Freundschaft mit anderen Kindern auch sein mag, sie kann doch nie so tief und echt sein wie die Beziehung zwischen Geschwistern. \u201eBlut ist dickfl\u00fcssiger als Wasser\u201c, lautet ein altes Sprichwort. Viele Eltern sehen Liebe und Zuneigung innerhalb der Familie als etwas Naturgegebenes an, das sich von selbst entwickelt und entfaltet. Nichts ist irriger als diese Auffassung. Es muss vielmehr bei den Eltern sichtbar sein. Opferbereitschaft, Disziplin, Selbstlosigkeit und Anteilnahme aneinander sind auch zu Hause Bande, die Herzen miteinander verkn\u00fcpfen. Miteinander verkn\u00fcpfte Herzen m\u00fcssen noch lange nicht liebende Herzen sein, es sei denn, dies wird in der Familie gelehrt und vorgelebt. Worte der Eltern wie \u201eTut mir leid!\u201c, \u201eVergib mir!\u201c und \u201eIch habe dich lieb!\u201c sind Verhaltensregeln, die sie ein Leben lang nicht vergessen werden.<\/p>\n<p><b>Der Bruder als Besch\u00fctzer seiner Schwester<\/b><\/p>\n<p>Die Geschichte von Charles und Mary Lamb ist eine bekannte Familiengeschichte. Sie handelt von Mary Lamb, die in einem Anfall geistiger Umnachtung ihre eigene Mutter t\u00f6tete. Ab diesem Tag hatte sie immer wieder Wahnsinnsanf\u00e4lle, einhergehend mit Gewaltvorstellungen. Die Anf\u00e4lle pflegten sich durch Warnsignale anzuk\u00fcndigen, und wenn diese wahrgenommen wurden, gingen Charles und Mary Hand in Hand zur Klinik, deren geschlossene Abteilung sie einige Zeit aufnahm. Einer ihrer Freunde berichtet, wie er einmal Charles und Mary bitterlich weinen sah, als sie den schmalen Waldweg zur Klinik hinabschritten. Es war eine harte Pr\u00fcfung, die auf Charles lastete, und das nicht nur f\u00fcr ein oder zwei Jahre, sondern f\u00fcnfunddrei\u00dfig Jahre lang &#8211; in gro\u00dfer Liebe und Geduld. Es stimmt: ein Bruder soll der Besch\u00fctzer seiner Schwester sein!<\/p>\n<p>Auch in anderer Hinsicht erweist sich dieser Schutz als notwendig, n\u00e4mlich vor den jungen M\u00e4nnern, deren Gedanken und Wege von nichts Gutem bestimmt sind. Ein rechter Bruder sieht nicht zu, wie seine unber\u00fchrte Schwester einen solchen Menschen zum Freund nimmt, sondern warnt sie vor seinem verdorbenen Charakter. Die Schwester wird gut daran tun, mit ihrem Bruder \u00fcber den Mann zu sprechen, mit dem sie eine enge Beziehung eingehen m\u00f6chte, und auf ihn zu h\u00f6ren. Gleicherweise wird der Bruder gut daran tun, mit seiner Schwester vertrauensvoll und offen \u00fcber die junge Frau zu sprechen, mit der er gehen m\u00f6chte. M\u00e4dchen kennen ihresgleichen, junge M\u00e4nner ebenso. Eine Schwester wird erkennen, ob ein junges M\u00e4dchen die Richtige f\u00fcr ihren Bruder ist oder ob sie ihren wahren Charakter mit ihren weiblichen Reizen verdeckt. Wenn sie eine rechte Schwester ist, durchschaut sie es und sagt es ihrem Bruder, dieser umgekehrt seiner Schwester.<\/p>\n<p><b>Schwester und Bruder achten aufeinander<\/b><\/p>\n<p>Die gr\u00f6\u00dfte Herausforderung f\u00fcr einen jungen Mann oder eine junge Frau heute ist, sich zu bewahren. Von allen Seiten h\u00f6ren sie: \u201eAlle tun es!\u201c Das ist eine L\u00fcge! Nehmen wir einmal an, es hie\u00dfe, dass jeder Drogen nimmt. Ist Drogenkonsum deshalb in Ordnung? Nein! F\u00fcr jeden jungen Mann und jede junge Frau ist es schwer, ein reines und sittlich einwandfreies Leben durchzuhalten, aber sie haben keine andere Wahl. Von allen Seiten dr\u00e4ngen Versuchungen auf sie ein, denen es standzuhalten gilt.<br \/>\nGott sagt: \u201eStellt auch eure Glieder nicht als Werkzeuge der Ungerechtigkeit in den Dienst der S\u00fcnde, sondern gebt euch selbst Gott hin als solche, die tot waren und nun lebendig sind, und eure Glieder Gott als Werkzeuge der Gerechtigkeit\u201c (R\u00f6mer 6,13).<\/p>\n<p>Versuchungen stellen einen jungen Mann auf die Probe, und zwar subtiler und ungest\u00fcmer, als dies f\u00fcr junge Frauen gilt. Hier gibt es jedoch einen hilfreichen Bibelvers (1. Korinther 10,13), der auswendig gelernt werden sollte: \u201eBisher hat euch noch keine als menschliche Versuchung betroffen. Aber Gott ist treu, der euch nicht \u00fcber eure Kraft versuchen l\u00e4sst, sondern macht, dass die Versuchung so ein Ende nimmt, dass ihr&#8217;s ertragen k\u00f6nnt.\u201c<\/p>\n<p>Eine rechte Schwester hat hier die M\u00f6glichkeit, ihrem Bruder eine Hilfe zu sein. Er wird ihr vorbildliches Leben und Wirken, gepaart mit Liebreiz, als Bild im Herzen tragen, wohin er auch gehen mag, und dieses Bild wird ihn als Schutzschild begleiten. Wenn ihn das B\u00f6se versucht, wird ihm das Bild seiner Schwester vor Augen stehen und ihn Abscheu vor der Verf\u00fchrerin empfinden lassen. Es ist etwas Gro\u00dfes f\u00fcr ein junges M\u00e4dchen, nach diesem bleibenden Einfluss auf das Leben ihres Bruders zu trachten. Sie kann Tugend f\u00fcr ihren Bruder so attraktiv machen, dass er dem Laster stets widerstehen kann. Es k\u00f6nnte ihr kein gr\u00f6\u00dferes Lob zuteil werden, als dass ihr Bruder sagt, dass er gerne eine Frau mit dem Charakter seiner Schwester heiraten w\u00fcrde. \u201eWer kann eine tugendsame Frau finden? Denn sie ist viel wertvoller als Perlen\u201c (Spr\u00fcche 31,10).<\/p>\n<p>Ein rechter Bruder steht seiner Schwester als Beispiel f\u00fcr lautere, reine und edle M\u00e4nnlichkeit vor Augen. Sein Charakter und seine Sprache, gepaart mit seinem christlichen Zeugnis, sollen ihr als Ma\u00dfstab f\u00fcr die Eigenschaften eines Mannes vor Augen stehen. \u201eEin guter Mensch bringt aus dem guten Schatz seines Herzens Gutes hervor, ein b\u00f6ser Mensch B\u00f6ses aus dem b\u00f6sen Schatz seines Herzens. Denn wes das Herz voll ist, des geht der Mund \u00fcber\u201c (Lukas 6,45). So wird sein Beispiel sie leiten, wenn sie vor der Wahl eines Ehemannes steht. Aufgrund der Lebensf\u00fchrung und des Charakters ihres Bruders wird sie so hohe Ma\u00dfst\u00e4be anlegen, dass nur der, der es wert ist, hoffen kann, sie f\u00fcr sich zu gewinnen. So bleibt sie bewahrt.<\/p>\n<p>Das Wort \u201eBewahrung\u201c muss wieder einen ganz neuen Stellenwert bekommen. Immer mehr Normen werden durch Pornographie ausgeh\u00f6hlt, so z.B. im Fernsehen, in Printmedien und im Internet. In vielen anderen Bereichen des \u00f6ffentlichen Lebens ist ein verh\u00e4ngnisvoll niedriges sittliches Niveau zu beklagen. \u201eIm \u00fcbrigen, liebe Br\u00fcder: was wahrhaftig ist, was ehrbar, was gerecht, was rein, was liebenswert, was einen guten Ruf hat, sei es eine Tugend, sei es ein Lob, darauf seid bedacht\u201c (Philipper 4,8). Viele junge M\u00e4dchen sind sich ihrer gro\u00dfen M\u00f6glichkeiten und Verantwortung nicht bewusst. Ein Volk kann nicht hochstehender sein als seine Frauen, und M\u00e4nner k\u00f6nnen nur so gut sein, wie Frauen es ihnen vorzeichnen. Ohne den Frauen ein ungeb\u00fchrendes Ma\u00df an Verantwortung aufb\u00fcrden zu wollen, gilt doch: \u201eOb M\u00e4nner auch die gro\u00dfen Zeiten bauen, es steht und f\u00e4llt ein Volk mit seinen Frauen.\u201c<\/p>\n<p>Br\u00fcder und Schwestern sollten sich ihre geschwisterliche Liebe bewahren, auch wenn die Jahre ins Land gehen. Man entfernt sich schnell voneinander. Wohnsitzwechsel, gr\u00f6\u00dfer werdende eigene Familien und unterschiedliche Interessen und Aufgabenbereiche machen es nicht leicht, die Bande fest gekn\u00fcpft zu halten. Es ist aber nicht unm\u00f6glich. Noch nie in der Weltgeschichte hatten wir so viele M\u00f6glichkeiten direkter Kommunikation &#8211; E-Mails, Telefon, Mobilfunk. Bei Anliegen irgendwelcher Art sollte es selbstverst\u00e4ndlich sein, einander um Rat zu fragen. In vielen christlichen Familien wird das auch so gehandhabt. Geschwister mit ihrem gemeinsamen Erbe, ihren gegenseitigen Liebeserzeigungen und ihren gemeinsamen Kindheitserinnerungen sollten zusammenhalten. Die Familie ist eine von Gott gestiftete Einheit, die nicht nur in dieser Welt Bestand hat, sondern auch in der kommenden von Bedeutung ist. So wollen wir das Leben hier mit Verantwortungsbewusstsein und Liebe, gepaart mit gegenseitiger Geduld und Hilfsbereitschaft, f\u00fchren, um f\u00fcr das Leben dort besser vorbereitet zu sein.<\/p>\n<p>Wenn Ihre Familienbande nicht mehr so fest sind, wenn K\u00e4lte und Gleichg\u00fcltigkeit oder Missverstehen und Kritik sich in einstmals enge Beziehungen eingeschlichen haben, lege ich Ihnen sehr ans Herz, das Ihnen M\u00f6gliche zu tun, um die Beziehung wiederherzustellen. Ein Anruf, ein Brief oder eine E-Mail k\u00f6nnen der erste Schritt zu erneuter Festigung alter Bande sein. Es lohnt sich, hier\u00fcber nachzudenken.<\/p>\n<\/div><\/section>\n<!-- AddThis Advanced Settings generic via filter on the_content --><!-- AddThis Share Buttons generic via filter on the_content -->","protected":false},"excerpt":{"rendered":"<p><!-- AddThis Advanced Settings generic via filter on get_the_excerpt --><!-- AddThis Share Buttons generic via filter on get_the_excerpt --><\/p>\n","protected":false},"author":27,"featured_media":8604,"parent":4940,"menu_order":0,"comment_status":"closed","ping_status":"closed","template":"","meta":{"footnotes":""},"categories":[],"tags":[],"class_list":["post-7653","page","type-page","status-publish","has-post-thumbnail","hentry"],"yoast_head":"<!-- This site is optimized with the Yoast SEO Premium plugin v24.8 (Yoast SEO v24.8.1) - https:\/\/yoast.com\/wordpress\/plugins\/seo\/ -->\n<title>KINDER - BEZIEHUNGEN AUFBAUEN UND F\u00d6RDERN - BBN<\/title>\n<meta name=\"robots\" content=\"index, follow, max-snippet:-1, max-image-preview:large, max-video-preview:-1\" \/>\n<link rel=\"canonical\" href=\"https:\/\/bbn1.bbnradio.org\/german\/ressourcen\/das-christliche-familienleben\/kinder-beziehungen-aufbauen-und-fordern\/\" \/>\n<meta property=\"og:locale\" content=\"de_DE\" \/>\n<meta property=\"og:type\" content=\"article\" \/>\n<meta property=\"og:title\" content=\"KINDER - BEZIEHUNGEN AUFBAUEN UND F\u00d6RDERN\" \/>\n<meta property=\"og:url\" content=\"https:\/\/bbn1.bbnradio.org\/german\/ressourcen\/das-christliche-familienleben\/kinder-beziehungen-aufbauen-und-fordern\/\" \/>\n<meta property=\"og:site_name\" content=\"BBN\" \/>\n<meta property=\"article:publisher\" content=\"https:\/\/www.facebook.com\/BBNGerman\/\" \/>\n<meta property=\"article:modified_time\" content=\"2019-02-12T18:54:32+00:00\" \/>\n<meta name=\"twitter:card\" content=\"summary_large_image\" \/>\n<meta name=\"twitter:image\" content=\"https:\/\/bbn1.bbnradio.org\/english\/wp-content\/uploads\/sites\/2\/2016\/09\/A-Christian-Home-Children-in-the-Home-Building-Bonds.jpg\" \/>\n<meta name=\"twitter:site\" content=\"@BBNDeutsch\" \/>\n<meta name=\"twitter:label1\" content=\"Gesch\u00e4tzte Lesezeit\" \/>\n\t<meta name=\"twitter:data1\" content=\"10\u00a0Minuten\" \/>\n<script type=\"application\/ld+json\" class=\"yoast-schema-graph\">{\"@context\":\"https:\/\/schema.org\",\"@graph\":[{\"@type\":\"WebPage\",\"@id\":\"https:\/\/bbn1.bbnradio.org\/german\/ressourcen\/das-christliche-familienleben\/kinder-beziehungen-aufbauen-und-fordern\/\",\"url\":\"https:\/\/bbn1.bbnradio.org\/german\/ressourcen\/das-christliche-familienleben\/kinder-beziehungen-aufbauen-und-fordern\/\",\"name\":\"KINDER - BEZIEHUNGEN AUFBAUEN UND F\u00d6RDERN - BBN\",\"isPartOf\":{\"@id\":\"https:\/\/bbn1.bbnradio.org\/german\/#website\"},\"primaryImageOfPage\":{\"@id\":\"https:\/\/bbn1.bbnradio.org\/german\/ressourcen\/das-christliche-familienleben\/kinder-beziehungen-aufbauen-und-fordern\/#primaryimage\"},\"image\":{\"@id\":\"https:\/\/bbn1.bbnradio.org\/german\/ressourcen\/das-christliche-familienleben\/kinder-beziehungen-aufbauen-und-fordern\/#primaryimage\"},\"thumbnailUrl\":\"https:\/\/bbn1.bbnradio.org\/german\/wp-content\/uploads\/sites\/9\/2016\/09\/A-Christian-Home-Children-in-the-Home-Building-Bonds.jpg\",\"datePublished\":\"2016-04-05T11:10:20+00:00\",\"dateModified\":\"2019-02-12T18:54:32+00:00\",\"breadcrumb\":{\"@id\":\"https:\/\/bbn1.bbnradio.org\/german\/ressourcen\/das-christliche-familienleben\/kinder-beziehungen-aufbauen-und-fordern\/#breadcrumb\"},\"inLanguage\":\"de\",\"potentialAction\":[{\"@type\":\"ReadAction\",\"target\":[\"https:\/\/bbn1.bbnradio.org\/german\/ressourcen\/das-christliche-familienleben\/kinder-beziehungen-aufbauen-und-fordern\/\"]}]},{\"@type\":\"ImageObject\",\"inLanguage\":\"de\",\"@id\":\"https:\/\/bbn1.bbnradio.org\/german\/ressourcen\/das-christliche-familienleben\/kinder-beziehungen-aufbauen-und-fordern\/#primaryimage\",\"url\":\"https:\/\/bbn1.bbnradio.org\/german\/wp-content\/uploads\/sites\/9\/2016\/09\/A-Christian-Home-Children-in-the-Home-Building-Bonds.jpg\",\"contentUrl\":\"https:\/\/bbn1.bbnradio.org\/german\/wp-content\/uploads\/sites\/9\/2016\/09\/A-Christian-Home-Children-in-the-Home-Building-Bonds.jpg\",\"width\":1200,\"height\":628,\"caption\":\"A Christian Home \u2013 Children in the Home \u2013 Building Bonds\"},{\"@type\":\"BreadcrumbList\",\"@id\":\"https:\/\/bbn1.bbnradio.org\/german\/ressourcen\/das-christliche-familienleben\/kinder-beziehungen-aufbauen-und-fordern\/#breadcrumb\",\"itemListElement\":[{\"@type\":\"ListItem\",\"position\":1,\"name\":\"Home\",\"item\":\"https:\/\/bbn1.bbnradio.org\/german\/home\/\"},{\"@type\":\"ListItem\",\"position\":2,\"name\":\"Ressourcen\",\"item\":\"https:\/\/bbn1.bbnradio.org\/german\/ressourcen\/\"},{\"@type\":\"ListItem\",\"position\":3,\"name\":\"Das christliche Familienleben\",\"item\":\"https:\/\/bbn1.bbnradio.org\/german\/ressourcen\/das-christliche-familienleben\/\"},{\"@type\":\"ListItem\",\"position\":4,\"name\":\"KINDER &#8211; BEZIEHUNGEN AUFBAUEN UND F\u00d6RDERN\"}]},{\"@type\":\"WebSite\",\"@id\":\"https:\/\/bbn1.bbnradio.org\/german\/#website\",\"url\":\"https:\/\/bbn1.bbnradio.org\/german\/\",\"name\":\"BBN\",\"description\":\"BBN\",\"potentialAction\":[{\"@type\":\"SearchAction\",\"target\":{\"@type\":\"EntryPoint\",\"urlTemplate\":\"https:\/\/bbn1.bbnradio.org\/german\/?s={search_term_string}\"},\"query-input\":{\"@type\":\"PropertyValueSpecification\",\"valueRequired\":true,\"valueName\":\"search_term_string\"}}],\"inLanguage\":\"de\"}]}<\/script>\n<!-- \/ Yoast SEO Premium plugin. -->","yoast_head_json":{"title":"KINDER - BEZIEHUNGEN AUFBAUEN UND F\u00d6RDERN - BBN","robots":{"index":"index","follow":"follow","max-snippet":"max-snippet:-1","max-image-preview":"max-image-preview:large","max-video-preview":"max-video-preview:-1"},"canonical":"https:\/\/bbn1.bbnradio.org\/german\/ressourcen\/das-christliche-familienleben\/kinder-beziehungen-aufbauen-und-fordern\/","og_locale":"de_DE","og_type":"article","og_title":"KINDER - BEZIEHUNGEN AUFBAUEN UND F\u00d6RDERN","og_url":"https:\/\/bbn1.bbnradio.org\/german\/ressourcen\/das-christliche-familienleben\/kinder-beziehungen-aufbauen-und-fordern\/","og_site_name":"BBN","article_publisher":"https:\/\/www.facebook.com\/BBNGerman\/","article_modified_time":"2019-02-12T18:54:32+00:00","twitter_card":"summary_large_image","twitter_image":"https:\/\/bbn1.bbnradio.org\/english\/wp-content\/uploads\/sites\/2\/2016\/09\/A-Christian-Home-Children-in-the-Home-Building-Bonds.jpg","twitter_site":"@BBNDeutsch","twitter_misc":{"Gesch\u00e4tzte Lesezeit":"10\u00a0Minuten"},"schema":{"@context":"https:\/\/schema.org","@graph":[{"@type":"WebPage","@id":"https:\/\/bbn1.bbnradio.org\/german\/ressourcen\/das-christliche-familienleben\/kinder-beziehungen-aufbauen-und-fordern\/","url":"https:\/\/bbn1.bbnradio.org\/german\/ressourcen\/das-christliche-familienleben\/kinder-beziehungen-aufbauen-und-fordern\/","name":"KINDER - BEZIEHUNGEN AUFBAUEN UND F\u00d6RDERN - BBN","isPartOf":{"@id":"https:\/\/bbn1.bbnradio.org\/german\/#website"},"primaryImageOfPage":{"@id":"https:\/\/bbn1.bbnradio.org\/german\/ressourcen\/das-christliche-familienleben\/kinder-beziehungen-aufbauen-und-fordern\/#primaryimage"},"image":{"@id":"https:\/\/bbn1.bbnradio.org\/german\/ressourcen\/das-christliche-familienleben\/kinder-beziehungen-aufbauen-und-fordern\/#primaryimage"},"thumbnailUrl":"https:\/\/bbn1.bbnradio.org\/german\/wp-content\/uploads\/sites\/9\/2016\/09\/A-Christian-Home-Children-in-the-Home-Building-Bonds.jpg","datePublished":"2016-04-05T11:10:20+00:00","dateModified":"2019-02-12T18:54:32+00:00","breadcrumb":{"@id":"https:\/\/bbn1.bbnradio.org\/german\/ressourcen\/das-christliche-familienleben\/kinder-beziehungen-aufbauen-und-fordern\/#breadcrumb"},"inLanguage":"de","potentialAction":[{"@type":"ReadAction","target":["https:\/\/bbn1.bbnradio.org\/german\/ressourcen\/das-christliche-familienleben\/kinder-beziehungen-aufbauen-und-fordern\/"]}]},{"@type":"ImageObject","inLanguage":"de","@id":"https:\/\/bbn1.bbnradio.org\/german\/ressourcen\/das-christliche-familienleben\/kinder-beziehungen-aufbauen-und-fordern\/#primaryimage","url":"https:\/\/bbn1.bbnradio.org\/german\/wp-content\/uploads\/sites\/9\/2016\/09\/A-Christian-Home-Children-in-the-Home-Building-Bonds.jpg","contentUrl":"https:\/\/bbn1.bbnradio.org\/german\/wp-content\/uploads\/sites\/9\/2016\/09\/A-Christian-Home-Children-in-the-Home-Building-Bonds.jpg","width":1200,"height":628,"caption":"A Christian Home \u2013 Children in the Home \u2013 Building Bonds"},{"@type":"BreadcrumbList","@id":"https:\/\/bbn1.bbnradio.org\/german\/ressourcen\/das-christliche-familienleben\/kinder-beziehungen-aufbauen-und-fordern\/#breadcrumb","itemListElement":[{"@type":"ListItem","position":1,"name":"Home","item":"https:\/\/bbn1.bbnradio.org\/german\/home\/"},{"@type":"ListItem","position":2,"name":"Ressourcen","item":"https:\/\/bbn1.bbnradio.org\/german\/ressourcen\/"},{"@type":"ListItem","position":3,"name":"Das christliche Familienleben","item":"https:\/\/bbn1.bbnradio.org\/german\/ressourcen\/das-christliche-familienleben\/"},{"@type":"ListItem","position":4,"name":"KINDER &#8211; BEZIEHUNGEN AUFBAUEN UND F\u00d6RDERN"}]},{"@type":"WebSite","@id":"https:\/\/bbn1.bbnradio.org\/german\/#website","url":"https:\/\/bbn1.bbnradio.org\/german\/","name":"BBN","description":"BBN","potentialAction":[{"@type":"SearchAction","target":{"@type":"EntryPoint","urlTemplate":"https:\/\/bbn1.bbnradio.org\/german\/?s={search_term_string}"},"query-input":{"@type":"PropertyValueSpecification","valueRequired":true,"valueName":"search_term_string"}}],"inLanguage":"de"}]}},"jetpack_sharing_enabled":true,"jetpack_shortlink":"https:\/\/wp.me\/PgZlJB-1Zr","_links":{"self":[{"href":"https:\/\/bbn1.bbnradio.org\/german\/wp-json\/wp\/v2\/pages\/7653","targetHints":{"allow":["GET"]}}],"collection":[{"href":"https:\/\/bbn1.bbnradio.org\/german\/wp-json\/wp\/v2\/pages"}],"about":[{"href":"https:\/\/bbn1.bbnradio.org\/german\/wp-json\/wp\/v2\/types\/page"}],"author":[{"embeddable":true,"href":"https:\/\/bbn1.bbnradio.org\/german\/wp-json\/wp\/v2\/users\/27"}],"replies":[{"embeddable":true,"href":"https:\/\/bbn1.bbnradio.org\/german\/wp-json\/wp\/v2\/comments?post=7653"}],"version-history":[{"count":3,"href":"https:\/\/bbn1.bbnradio.org\/german\/wp-json\/wp\/v2\/pages\/7653\/revisions"}],"predecessor-version":[{"id":13735,"href":"https:\/\/bbn1.bbnradio.org\/german\/wp-json\/wp\/v2\/pages\/7653\/revisions\/13735"}],"up":[{"embeddable":true,"href":"https:\/\/bbn1.bbnradio.org\/german\/wp-json\/wp\/v2\/pages\/4940"}],"wp:featuredmedia":[{"embeddable":true,"href":"https:\/\/bbn1.bbnradio.org\/german\/wp-json\/wp\/v2\/media\/8604"}],"wp:attachment":[{"href":"https:\/\/bbn1.bbnradio.org\/german\/wp-json\/wp\/v2\/media?parent=7653"}],"wp:term":[{"taxonomy":"category","embeddable":true,"href":"https:\/\/bbn1.bbnradio.org\/german\/wp-json\/wp\/v2\/categories?post=7653"},{"taxonomy":"post_tag","embeddable":true,"href":"https:\/\/bbn1.bbnradio.org\/german\/wp-json\/wp\/v2\/tags?post=7653"}],"curies":[{"name":"wp","href":"https:\/\/api.w.org\/{rel}","templated":true}]}}