{"id":7655,"date":"2016-04-05T07:11:50","date_gmt":"2016-04-05T11:11:50","guid":{"rendered":"https:\/\/bbn1.bbnradio.org\/english\/?page_id=7655"},"modified":"2019-02-15T15:48:45","modified_gmt":"2019-02-15T20:48:45","slug":"das-zuhause-pragende-erinnerungen","status":"publish","type":"page","link":"https:\/\/bbn1.bbnradio.org\/german\/ressourcen\/das-christliche-familienleben\/das-zuhause-pragende-erinnerungen\/","title":{"rendered":"DAS ZUHAUSE &#8211; PR\u00c4GENDE ERINNERUNGEN"},"content":{"rendered":"\n<style type=\"text\/css\" data-created_by=\"avia_inline_auto\" id=\"style-css-av-3ur0pz-c1f705ff1f2d21a53935cb2e99227035\">\n.avia-image-container.av-3ur0pz-c1f705ff1f2d21a53935cb2e99227035 img.avia_image{\nbox-shadow:none;\n}\n.avia-image-container.av-3ur0pz-c1f705ff1f2d21a53935cb2e99227035 .av-image-caption-overlay-center{\ncolor:#ffffff;\n}\n<\/style>\n<div  class='avia-image-container av-3ur0pz-c1f705ff1f2d21a53935cb2e99227035 av-styling- avia-align-center  avia-builder-el-0  el_before_av_textblock  avia-builder-el-first '   itemprop=\"image\" itemscope=\"itemscope\" itemtype=\"https:\/\/schema.org\/ImageObject\" ><div class=\"avia-image-container-inner\"><div class=\"avia-image-overlay-wrap\"><img decoding=\"async\" fetchpriority=\"high\" class='wp-image-8610 avia-img-lazy-loading-not-8610 avia_image ' src=\"https:\/\/bbn1.bbnradio.org\/german\/wp-content\/uploads\/sites\/9\/2016\/04\/A-Christian-Home-The-Memories-of-Home.jpg\" alt='A Christian Home \u2013 The Memories of Home' title='A Christian Home \u2013 The Memories of Home'  height=\"321\" width=\"613\"  itemprop=\"thumbnailUrl\"  \/><\/div><\/div><\/div>\n<section  class='av_textblock_section av-1v6adj-a6eeaef2b691ca13bc63fa63c7b538fc '   itemscope=\"itemscope\" itemtype=\"https:\/\/schema.org\/CreativeWork\" ><div class='avia_textblock'  itemprop=\"text\" ><p><b>DIE ERINNERUNGEN AN DAS ZUHAUSE<\/b><\/p>\n<p>Jeder Tag unseres Lebens bringt uns Erinnerungen. Aus den Tag f\u00fcr Tag neu hinzukommenden formt sich allm\u00e4hlich das Gesamtbild der Lebenserinnerungen. Oft sitzen wir stundenlang mit unseren Kindern und Enkeln zusammen und sprechen \u00fcber Kindheit und fr\u00fchere Zeiten. Wenn wir zusammen sind, lachen und weinen wir und preisen den Herrn f\u00fcr das gro\u00dfartige Zuhause, das er uns geschenkt hat. Unweigerlich sagt jemand: \u201eWei\u00dft du noch&#8230;?\u201c Was ein Zuhause ausmacht, sehen wir an Christus, dessen Leiden hier auf Erden zum Teil damit zusammenh\u00e4ngt, dass er w\u00e4hrend dieser Zeit das Vaterhaus entbehren musste. Bei aller Liebe zu den Menschenkindern vermisste er doch die Herrlichkeit und Freude, die er beim Vater hatte und die ein St\u00fcck vom Himmel ist. Wir gewinnen fortlaufend Erinnerungen, und der Stoff, aus dem diese sind, wirkt sich unmittelbar auf unser Leben aus. Unsere Erinnerungen lassen uns im Alter gl\u00fccklich oder ungl\u00fccklich sein. Eine solche Bedeutung haben sie also! Unsere liebsten Erinnerungen &#8211; unsere eigenen und die unserer Kinder &#8211; sollten die an das Familienleben in einem christlichen Haus sein.<\/p>\n<p>Die Erinnerungen an das Zuhause sollen auch die Mahlzeiten, die Gebetszeiten und gemeinsame Spiele umfassen. Hierzu z\u00e4hlen weiter gemeinsam unternommenen Reisen, Haustiere, Freud und Leid. Konflikte sind selbstredend nicht ausgeblieben, und auch sie haben wir gemeinsam durchlebt. Als Familie leben und erleben wir jeden Tag der Woche ganz bewusst, denn es kann von einem Augenblick zum andern alles anders sein. Angesichts der Unsicherheit des Lebens wissen wir nie, wann wir das letzte Mal gemeinsam essen, miteinander reden oder zusammen einen Spaziergang machen. Ich kenne eine Familie, bei der jedes Telefongespr\u00e4ch, jede E-Mail, jede Mitteilung und jedes Abschiednehmen mit \u201eIch habe dich lieb!\u201c schlie\u00dft. Gehen Sie morgens nie aus dem Haus, wenn Missverst\u00e4ndnisse, harte und lieblose Worte oder t\u00f6dliches Schweigen zur\u00fcckbleiben, da hieraus lebenslange bittere Erinnerungen erwachsen k\u00f6nnen. Der beste Schutzschild sind jene drei besonderen S\u00e4tze, die wir zu Beginn genannt haben: \u201eEs tut mir leid!\u201c, \u201eVergib mir!\u201c und \u201eIch liebe dich!\u201c \u201eEine linde Antwort stillt den Zorn, aber ein hartes Wort ruft Grimm hervor\u201c (Spr\u00fcche 15,1).<\/p>\n<p>Es gibt die traurige Geschichte eines liebenswerten und freundlichen jungen Mannes, der am Morgen wie gewohnt zur Arbeit ging. Noch keine Stunde sp\u00e4ter lag er auf der Totenbahre, denn das Ger\u00fcst, auf dem er arbeitete, war eingest\u00fcrzt. Zur Trauer der Familie kam bei einer seiner Schwestern ein weiteres gro\u00dfes Herzeleid hinzu. Sie konnte es nur in die Worte fassen: \u201eIch war nicht lieb zu ihm, als er heute morgen das Haus verlie\u00df.\u201c<\/p>\n<p>Erinnerungen! Sie sind bleibend und k\u00f6nnen nicht wieder r\u00fcckg\u00e4ngig gemacht werden!<\/p>\n<p>Auch Kinder tragen Erinnerungen mit sich<\/p>\n<p>Bei meinen Reisen in viele gro\u00dfe St\u00e4dte beobachte ich immer wieder die Menschen, wie sie durch die Stra\u00dfen dr\u00e4ngen, Geb\u00e4ude betreten und verlassen oder eiligen Schrittes in diese oder jene Richtung streben. Jedes Mal werde ich dann daran erinnert, dass jeder einzelne in seinem Herzen und Leben das mit sich tr\u00e4gt, was er von zu Hause mitbekommen hat.<\/p>\n<p>Welche Erinnerungen werden Ihre Kinder einmal mitnehmen? Werden es Erinnerungen an Eltern sein, die den Herrn Jesus liebten und in der Bibel nach Weisungen f\u00fcr ihr Leben suchten? Werden sie mit einer sonnigen Kindheit, mit inspirierenden und ermutigenden Erfahrungen sowie mit Segnungen verbunden sein, oder sind es Erinnerungen, die in schmerzlicher oder bitterer Weise das Leben \u00fcberschatten? Wir sollten uns dieser Frage offen und ehrlich in dem vollen Wissen stellen, dass die Kinder, die wir in die Welt entlassen, niemals ganz die Erinnerungen und Pr\u00e4gungen des Elternhauses hinter sich lassen k\u00f6nnen. Eine Kindheit, die diesen Namen wirklich verdient, geht als Segen durch das ganze Leben mit.<\/p>\n<p>\u201eDie S\u00fcnde mag wie ein verheerendes Feuer \u00fcber die Seele hinwegfegen, Kummer und Sorge jede Freude und Hoffnung ersticken, aber die Erinnerung an ein liebevolles und segensreiches Elternhaus wird unausl\u00f6schlich wie ein Stern in der Nacht leuchten. Und selbst in einem Leben der S\u00fcnde und Schande wird sie immer wieder wie ein vor\u00fcberhuschendes Traumbild vor Augen stehen.\u201c<\/p>\n<p>Hier ist das Zeugnis eines Mannes aus seiner Kindheit: \u201eIch erinnere mich an so manchen Abend, an dem ich in meiner Dachkammer vor dem Einschlafen friedlich im Bett lag. Dann kamen leise Schritte die Treppe hoch, die T\u00fcr \u00f6ffnete sich ger\u00e4uschlos, und eine wohlvertraute Gestalt trat durch das Dunkel an mein Bett. Zun\u00e4chst fragte sie liebevoll nach meinem Ergehen, um dann allm\u00e4hlich auch auf Lebensfragen zu sprechen zu kommen. Dann brachte sie auf Knien &#8211; ihr Kopf nah an meinem &#8211; ihre tiefsten Herzensanliegen vor Gottes Thron. Mit welcher Inbrunst kann eine Mutter f\u00fcr ihr Kind beten! Ihre Tr\u00e4nen sagten nicht weniger als ihre Worte. Ich meine sie noch da zu sp\u00fcren, wo sie mitunter auf mein Gesicht herabtropften. Nach einem Gute-Nacht-Kuss entschwand sie wieder.\u201c<\/p>\n<p>Erinnerungen wie diese sind das gr\u00f6\u00dfte Geschenk, das ein Kind von seinem Vater oder seiner Mutter empfangen kann. Sie werden ein Bollwerk zum Schutz gegen Versuchung und S\u00fcnde sein. Sie erweisen sich als fester Anker in den St\u00fcrmen des Lebens. Ist es nicht lohnenswert, das Leben eines Kindes mit solchen Erinnerungen zu bereichern? Wie gedankenlos wir Eltern doch sein k\u00f6nnen! Wie tr\u00e4ge, wie nachl\u00e4ssig! Gott vergebe uns und helfe uns!<\/p>\n<p>Noch ein Wort zum Thema Sorgen. Diese bleiben auch in einem christlichen Haus nicht aus, m\u00fcssen aber nicht alles verdunkeln. Sie k\u00f6nnen die Familie noch n\u00e4her zu Gott ziehen, sie noch mehr zu einem Hort der Liebe und des Verst\u00e4ndnisses werden lassen. Geheiligte Sorge verwandelt ein Heim und vertieft die Erfahrung der Gegenwart Gottes. Es geschieht nicht selten, dass die gemeinsame Erfahrung von Kummer und Sorge sich als das zarteste und festeste Band erweist, das die Familie zusammenh\u00e4lt.<\/p>\n<p>Wenn wir nun zum Schluss kommen, gilt es noch auf einige Dinge hinzuweisen, die wir nicht aus dem Auge verlieren d\u00fcrfen. Wir m\u00fcssen Christus in unseren H\u00e4usern haben, wenn unsere Erinnerungen das sein sollen, wovon wir ein Leben lang zehren k\u00f6nnen. Es sollte einen Familienaltar geben, an dem sich die Familie t\u00e4glich zu einer gewissen Zeit zusammenfindet, um gemeinsam Gottes Wort zu h\u00f6ren und zu beten. Unser 21. Jahrhundert ist eine \u00e4u\u00dferst schnelllebige Zeit. Schon bald werden unsere Lebenserinnerungen alles sein, was bleibt. Der beste Grund, der dauerhafte Stabilit\u00e4t, Orientierung und Sinnhaftigkeit f\u00fcr unser Leben sicherstellt, ist ein christliches Heim (1. Korinther 3,11-13).<\/p>\n<p>Von Mozart wird eine bewegende Geschichte erz\u00e4hlt. Sein letztes musikalisches Werk war das Requiem, das sich nach Tagen der Krankheit und m\u00fchevoller Arbeit der Vollendung n\u00e4herte. Als er gerade die letzten Noten zu Papier brachte, trat seine bezaubernde Tochter Emilie ins Zimmer. Mit den Worten \u201eHier, meine wundersch\u00f6ne Emilie, es ist fertig; mein Requiem ist zum Ende gekommen, und auch mein Ende ist da\u201c \u00fcberreichte er ihr das Manuskript.<\/p>\n<p>\u201eNicht doch, lieber Vater\u201c, sagte die zartf\u00fchlende Emilie, \u201eheute siehst du wieder besser aus\u201c.<\/p>\n<p>\u201eIch werde nicht mehr aufkommen\u201c, erwiderte ihr Vater, aber sieh mal, Emilie, setze dich doch ans Klavier und spiele diese Noten und singe die Hymnen von der seligen Mutter dazu.\u201c<\/p>\n<p>Emilie gehorchte und sang mit einer gef\u00fchlvollen Stimme ohnegleichen.<\/p>\n<p>Als sie ihr Spiel beendet hatte, wandte sie sich zum Vater in Erwartung seines zunickenden L\u00e4chelns, doch ihre Augen sahen nur sein friedvolles Antlitz. Auf den Fl\u00fcgeln seines eigenen Requiems war er heimgetragen worden.<\/p>\n<p>Halten wir uns vor Augen: in unserer letzten Stunde wird uns kein Requiem so s\u00fc\u00df erklingen wie das Requiem gesegneter und geheiligter Erinnerungen. Es wird im Herzen weitaus lieblicher ert\u00f6nen als der sch\u00f6nste Engelgesang. M\u00f6ge Gott uns helfen, zu Hause so zu leben. Eines der besten G\u00fcter unseres Lebens f\u00fcr Zeit und Ewigkeit sind unsere Kinder, Kindeskinder und k\u00fcnftige Generationen, f\u00fcr die unser christliches Heim, in dem Jesus Christus der stets willkommene Gast und sein kostbares Wort Richtschnur und Leitstern war, Vorbildcharakter hatte. Machen wir unser Haus zu einem Ort, an dem sie \u201eSch\u00e4tze sammeln als einen guten Grund f\u00fcr die Zukunft, damit sie das wahre Leben ergreifen\u201c (1. Timotheus 6,19).<\/p>\n<p>Mag \u201edes Lebens Zweck und Ziel\u201c hieran ausgerichtet sein. Nichts ist dem Himmel n\u00e4her als ein Heim, das f\u00fcr die Familie eine St\u00e4tte des Segens ist.<\/p>\n<\/div><\/section>\n<!-- AddThis Advanced Settings generic via filter on the_content --><!-- AddThis Share Buttons generic via filter on the_content -->","protected":false},"excerpt":{"rendered":"<p><!-- AddThis Advanced Settings generic via filter on get_the_excerpt --><!-- AddThis Share Buttons generic via filter on get_the_excerpt --><\/p>\n","protected":false},"author":27,"featured_media":8610,"parent":4940,"menu_order":0,"comment_status":"closed","ping_status":"closed","template":"","meta":{"footnotes":""},"categories":[],"tags":[],"class_list":["post-7655","page","type-page","status-publish","has-post-thumbnail","hentry"],"yoast_head":"<!-- This site is optimized with the Yoast SEO Premium plugin v24.8 (Yoast SEO v24.8.1) - https:\/\/yoast.com\/wordpress\/plugins\/seo\/ -->\n<title>DAS ZUHAUSE - PR\u00c4GENDE ERINNERUNGEN - BBN<\/title>\n<meta name=\"description\" content=\"Welche Erinnerungen werden Ihre Kinder einmal mitnehmen?\" \/>\n<meta name=\"robots\" content=\"index, follow, max-snippet:-1, max-image-preview:large, max-video-preview:-1\" \/>\n<link rel=\"canonical\" href=\"https:\/\/bbn1.bbnradio.org\/german\/ressourcen\/das-christliche-familienleben\/das-zuhause-pragende-erinnerungen\/\" \/>\n<meta property=\"og:locale\" content=\"de_DE\" \/>\n<meta property=\"og:type\" content=\"article\" \/>\n<meta property=\"og:title\" content=\"DAS ZUHAUSE - PR\u00c4GENDE ERINNERUNGEN\" \/>\n<meta property=\"og:description\" content=\"Welche Erinnerungen werden Ihre Kinder einmal mitnehmen?\" \/>\n<meta property=\"og:url\" content=\"https:\/\/bbn1.bbnradio.org\/german\/ressourcen\/das-christliche-familienleben\/das-zuhause-pragende-erinnerungen\/\" \/>\n<meta property=\"og:site_name\" content=\"BBN\" \/>\n<meta property=\"article:publisher\" content=\"https:\/\/www.facebook.com\/BBNGerman\/\" \/>\n<meta property=\"article:modified_time\" content=\"2019-02-15T20:48:45+00:00\" \/>\n<meta name=\"twitter:card\" content=\"summary_large_image\" \/>\n<meta name=\"twitter:image\" content=\"https:\/\/bbn1.bbnradio.org\/english\/wp-content\/uploads\/sites\/2\/2016\/04\/A-Christian-Home-The-Memories-of-Home.jpg\" \/>\n<meta name=\"twitter:site\" content=\"@BBNDeutsch\" \/>\n<meta name=\"twitter:label1\" content=\"Gesch\u00e4tzte Lesezeit\" \/>\n\t<meta name=\"twitter:data1\" content=\"7\u00a0Minuten\" \/>\n<script type=\"application\/ld+json\" class=\"yoast-schema-graph\">{\"@context\":\"https:\/\/schema.org\",\"@graph\":[{\"@type\":\"WebPage\",\"@id\":\"https:\/\/bbn1.bbnradio.org\/german\/ressourcen\/das-christliche-familienleben\/das-zuhause-pragende-erinnerungen\/\",\"url\":\"https:\/\/bbn1.bbnradio.org\/german\/ressourcen\/das-christliche-familienleben\/das-zuhause-pragende-erinnerungen\/\",\"name\":\"DAS ZUHAUSE - PR\u00c4GENDE ERINNERUNGEN - BBN\",\"isPartOf\":{\"@id\":\"https:\/\/bbn1.bbnradio.org\/german\/#website\"},\"primaryImageOfPage\":{\"@id\":\"https:\/\/bbn1.bbnradio.org\/german\/ressourcen\/das-christliche-familienleben\/das-zuhause-pragende-erinnerungen\/#primaryimage\"},\"image\":{\"@id\":\"https:\/\/bbn1.bbnradio.org\/german\/ressourcen\/das-christliche-familienleben\/das-zuhause-pragende-erinnerungen\/#primaryimage\"},\"thumbnailUrl\":\"https:\/\/bbn1.bbnradio.org\/german\/wp-content\/uploads\/sites\/9\/2016\/04\/A-Christian-Home-The-Memories-of-Home.jpg\",\"datePublished\":\"2016-04-05T11:11:50+00:00\",\"dateModified\":\"2019-02-15T20:48:45+00:00\",\"description\":\"Welche Erinnerungen werden Ihre Kinder einmal mitnehmen?\",\"breadcrumb\":{\"@id\":\"https:\/\/bbn1.bbnradio.org\/german\/ressourcen\/das-christliche-familienleben\/das-zuhause-pragende-erinnerungen\/#breadcrumb\"},\"inLanguage\":\"de\",\"potentialAction\":[{\"@type\":\"ReadAction\",\"target\":[\"https:\/\/bbn1.bbnradio.org\/german\/ressourcen\/das-christliche-familienleben\/das-zuhause-pragende-erinnerungen\/\"]}]},{\"@type\":\"ImageObject\",\"inLanguage\":\"de\",\"@id\":\"https:\/\/bbn1.bbnradio.org\/german\/ressourcen\/das-christliche-familienleben\/das-zuhause-pragende-erinnerungen\/#primaryimage\",\"url\":\"https:\/\/bbn1.bbnradio.org\/german\/wp-content\/uploads\/sites\/9\/2016\/04\/A-Christian-Home-The-Memories-of-Home.jpg\",\"contentUrl\":\"https:\/\/bbn1.bbnradio.org\/german\/wp-content\/uploads\/sites\/9\/2016\/04\/A-Christian-Home-The-Memories-of-Home.jpg\",\"width\":1200,\"height\":628,\"caption\":\"A Christian Home \u2013 The Memories of Home\"},{\"@type\":\"BreadcrumbList\",\"@id\":\"https:\/\/bbn1.bbnradio.org\/german\/ressourcen\/das-christliche-familienleben\/das-zuhause-pragende-erinnerungen\/#breadcrumb\",\"itemListElement\":[{\"@type\":\"ListItem\",\"position\":1,\"name\":\"Home\",\"item\":\"https:\/\/bbn1.bbnradio.org\/german\/home\/\"},{\"@type\":\"ListItem\",\"position\":2,\"name\":\"Ressourcen\",\"item\":\"https:\/\/bbn1.bbnradio.org\/german\/ressourcen\/\"},{\"@type\":\"ListItem\",\"position\":3,\"name\":\"Das christliche Familienleben\",\"item\":\"https:\/\/bbn1.bbnradio.org\/german\/ressourcen\/das-christliche-familienleben\/\"},{\"@type\":\"ListItem\",\"position\":4,\"name\":\"DAS ZUHAUSE &#8211; PR\u00c4GENDE ERINNERUNGEN\"}]},{\"@type\":\"WebSite\",\"@id\":\"https:\/\/bbn1.bbnradio.org\/german\/#website\",\"url\":\"https:\/\/bbn1.bbnradio.org\/german\/\",\"name\":\"BBN\",\"description\":\"BBN\",\"potentialAction\":[{\"@type\":\"SearchAction\",\"target\":{\"@type\":\"EntryPoint\",\"urlTemplate\":\"https:\/\/bbn1.bbnradio.org\/german\/?s={search_term_string}\"},\"query-input\":{\"@type\":\"PropertyValueSpecification\",\"valueRequired\":true,\"valueName\":\"search_term_string\"}}],\"inLanguage\":\"de\"}]}<\/script>\n<!-- \/ Yoast SEO Premium plugin. -->","yoast_head_json":{"title":"DAS ZUHAUSE - PR\u00c4GENDE ERINNERUNGEN - BBN","description":"Welche Erinnerungen werden Ihre Kinder einmal mitnehmen?","robots":{"index":"index","follow":"follow","max-snippet":"max-snippet:-1","max-image-preview":"max-image-preview:large","max-video-preview":"max-video-preview:-1"},"canonical":"https:\/\/bbn1.bbnradio.org\/german\/ressourcen\/das-christliche-familienleben\/das-zuhause-pragende-erinnerungen\/","og_locale":"de_DE","og_type":"article","og_title":"DAS ZUHAUSE - PR\u00c4GENDE ERINNERUNGEN","og_description":"Welche Erinnerungen werden Ihre Kinder einmal mitnehmen?","og_url":"https:\/\/bbn1.bbnradio.org\/german\/ressourcen\/das-christliche-familienleben\/das-zuhause-pragende-erinnerungen\/","og_site_name":"BBN","article_publisher":"https:\/\/www.facebook.com\/BBNGerman\/","article_modified_time":"2019-02-15T20:48:45+00:00","twitter_card":"summary_large_image","twitter_image":"https:\/\/bbn1.bbnradio.org\/english\/wp-content\/uploads\/sites\/2\/2016\/04\/A-Christian-Home-The-Memories-of-Home.jpg","twitter_site":"@BBNDeutsch","twitter_misc":{"Gesch\u00e4tzte Lesezeit":"7\u00a0Minuten"},"schema":{"@context":"https:\/\/schema.org","@graph":[{"@type":"WebPage","@id":"https:\/\/bbn1.bbnradio.org\/german\/ressourcen\/das-christliche-familienleben\/das-zuhause-pragende-erinnerungen\/","url":"https:\/\/bbn1.bbnradio.org\/german\/ressourcen\/das-christliche-familienleben\/das-zuhause-pragende-erinnerungen\/","name":"DAS ZUHAUSE - PR\u00c4GENDE ERINNERUNGEN - BBN","isPartOf":{"@id":"https:\/\/bbn1.bbnradio.org\/german\/#website"},"primaryImageOfPage":{"@id":"https:\/\/bbn1.bbnradio.org\/german\/ressourcen\/das-christliche-familienleben\/das-zuhause-pragende-erinnerungen\/#primaryimage"},"image":{"@id":"https:\/\/bbn1.bbnradio.org\/german\/ressourcen\/das-christliche-familienleben\/das-zuhause-pragende-erinnerungen\/#primaryimage"},"thumbnailUrl":"https:\/\/bbn1.bbnradio.org\/german\/wp-content\/uploads\/sites\/9\/2016\/04\/A-Christian-Home-The-Memories-of-Home.jpg","datePublished":"2016-04-05T11:11:50+00:00","dateModified":"2019-02-15T20:48:45+00:00","description":"Welche Erinnerungen werden Ihre Kinder einmal mitnehmen?","breadcrumb":{"@id":"https:\/\/bbn1.bbnradio.org\/german\/ressourcen\/das-christliche-familienleben\/das-zuhause-pragende-erinnerungen\/#breadcrumb"},"inLanguage":"de","potentialAction":[{"@type":"ReadAction","target":["https:\/\/bbn1.bbnradio.org\/german\/ressourcen\/das-christliche-familienleben\/das-zuhause-pragende-erinnerungen\/"]}]},{"@type":"ImageObject","inLanguage":"de","@id":"https:\/\/bbn1.bbnradio.org\/german\/ressourcen\/das-christliche-familienleben\/das-zuhause-pragende-erinnerungen\/#primaryimage","url":"https:\/\/bbn1.bbnradio.org\/german\/wp-content\/uploads\/sites\/9\/2016\/04\/A-Christian-Home-The-Memories-of-Home.jpg","contentUrl":"https:\/\/bbn1.bbnradio.org\/german\/wp-content\/uploads\/sites\/9\/2016\/04\/A-Christian-Home-The-Memories-of-Home.jpg","width":1200,"height":628,"caption":"A Christian Home \u2013 The Memories of Home"},{"@type":"BreadcrumbList","@id":"https:\/\/bbn1.bbnradio.org\/german\/ressourcen\/das-christliche-familienleben\/das-zuhause-pragende-erinnerungen\/#breadcrumb","itemListElement":[{"@type":"ListItem","position":1,"name":"Home","item":"https:\/\/bbn1.bbnradio.org\/german\/home\/"},{"@type":"ListItem","position":2,"name":"Ressourcen","item":"https:\/\/bbn1.bbnradio.org\/german\/ressourcen\/"},{"@type":"ListItem","position":3,"name":"Das christliche Familienleben","item":"https:\/\/bbn1.bbnradio.org\/german\/ressourcen\/das-christliche-familienleben\/"},{"@type":"ListItem","position":4,"name":"DAS ZUHAUSE &#8211; PR\u00c4GENDE ERINNERUNGEN"}]},{"@type":"WebSite","@id":"https:\/\/bbn1.bbnradio.org\/german\/#website","url":"https:\/\/bbn1.bbnradio.org\/german\/","name":"BBN","description":"BBN","potentialAction":[{"@type":"SearchAction","target":{"@type":"EntryPoint","urlTemplate":"https:\/\/bbn1.bbnradio.org\/german\/?s={search_term_string}"},"query-input":{"@type":"PropertyValueSpecification","valueRequired":true,"valueName":"search_term_string"}}],"inLanguage":"de"}]}},"jetpack_sharing_enabled":true,"jetpack_shortlink":"https:\/\/wp.me\/PgZlJB-1Zt","_links":{"self":[{"href":"https:\/\/bbn1.bbnradio.org\/german\/wp-json\/wp\/v2\/pages\/7655","targetHints":{"allow":["GET"]}}],"collection":[{"href":"https:\/\/bbn1.bbnradio.org\/german\/wp-json\/wp\/v2\/pages"}],"about":[{"href":"https:\/\/bbn1.bbnradio.org\/german\/wp-json\/wp\/v2\/types\/page"}],"author":[{"embeddable":true,"href":"https:\/\/bbn1.bbnradio.org\/german\/wp-json\/wp\/v2\/users\/27"}],"replies":[{"embeddable":true,"href":"https:\/\/bbn1.bbnradio.org\/german\/wp-json\/wp\/v2\/comments?post=7655"}],"version-history":[{"count":3,"href":"https:\/\/bbn1.bbnradio.org\/german\/wp-json\/wp\/v2\/pages\/7655\/revisions"}],"predecessor-version":[{"id":13880,"href":"https:\/\/bbn1.bbnradio.org\/german\/wp-json\/wp\/v2\/pages\/7655\/revisions\/13880"}],"up":[{"embeddable":true,"href":"https:\/\/bbn1.bbnradio.org\/german\/wp-json\/wp\/v2\/pages\/4940"}],"wp:featuredmedia":[{"embeddable":true,"href":"https:\/\/bbn1.bbnradio.org\/german\/wp-json\/wp\/v2\/media\/8610"}],"wp:attachment":[{"href":"https:\/\/bbn1.bbnradio.org\/german\/wp-json\/wp\/v2\/media?parent=7655"}],"wp:term":[{"taxonomy":"category","embeddable":true,"href":"https:\/\/bbn1.bbnradio.org\/german\/wp-json\/wp\/v2\/categories?post=7655"},{"taxonomy":"post_tag","embeddable":true,"href":"https:\/\/bbn1.bbnradio.org\/german\/wp-json\/wp\/v2\/tags?post=7655"}],"curies":[{"name":"wp","href":"https:\/\/api.w.org\/{rel}","templated":true}]}}