{"id":103,"date":"2017-01-16T15:14:19","date_gmt":"2017-01-16T20:14:19","guid":{"rendered":"http:\/\/bbn1.bbnradio.org\/portuguese\/?page_id=103"},"modified":"2018-07-24T15:18:11","modified_gmt":"2018-07-24T20:18:11","slug":"contribua-atraves-de-debito-bancario","status":"publish","type":"page","link":"https:\/\/bbn1.bbnradio.org\/portuguese\/contribua-atraves-de-debito-bancario\/","title":{"rendered":"Contribua atrav\u00e9s de d\u00e9bito banc\u00e1rio"},"content":{"rendered":"\n<style type=\"text\/css\" data-created_by=\"avia_inline_auto\" id=\"style-css-av-av_one_half-6126cab7d8fab8d08143dd2dacdf673c\">\n.flex_column.av-av_one_half-6126cab7d8fab8d08143dd2dacdf673c{\nborder-radius:0px 0px 0px 0px;\npadding:0px 0px 0px 0px;\n}\n<\/style>\n<div  class='flex_column av-av_one_half-6126cab7d8fab8d08143dd2dacdf673c av_one_half  avia-builder-el-0  avia-builder-el-no-sibling  first flex_column_div av-zero-column-padding  '     ><section  class='av_textblock_section av-av_textblock-d090f73c8d286e285614e4c561d5e736 '   itemscope=\"itemscope\" itemtype=\"https:\/\/schema.org\/CreativeWork\" ><div class='avia_textblock'  itemprop=\"text\" >\n<div class=\"wpcf7 no-js\" id=\"wpcf7-f102-o1\" lang=\"en-US\" dir=\"ltr\">\n<div class=\"screen-reader-response\"><p role=\"status\" aria-live=\"polite\" aria-atomic=\"true\"><\/p> <ul><\/ul><\/div>\n<form action=\"\/portuguese\/wp-json\/wp\/v2\/pages\/103#wpcf7-f102-o1\" method=\"post\" class=\"wpcf7-form init\" aria-label=\"Contact form\" novalidate=\"novalidate\" data-status=\"init\">\n<div style=\"display: none;\">\n<input type=\"hidden\" name=\"_wpcf7\" value=\"102\" \/>\n<input type=\"hidden\" name=\"_wpcf7_version\" value=\"5.7.6\" \/>\n<input type=\"hidden\" name=\"_wpcf7_locale\" value=\"en_US\" \/>\n<input type=\"hidden\" name=\"_wpcf7_unit_tag\" value=\"wpcf7-f102-o1\" \/>\n<input type=\"hidden\" name=\"_wpcf7_container_post\" value=\"0\" \/>\n<input type=\"hidden\" name=\"_wpcf7_posted_data_hash\" value=\"\" \/>\n<\/div>\n<p>S\u00f3 aceitamos ofertas com \u201echeque eletr\u00f4nico\u201c de contas banc\u00e1rias nos Estados Unidos. Use para isto um cheque em branco. Com um deposito banc\u00e1rio n\u00e3o ser\u00e1 poss\u00edvel fazer a transa\u00e7\u00e3o.\n<\/p>\n<p>* Indica que esta informa\u00e7\u00e3o \u00e9 necess\u00e1ria\n<\/p>\n<p>Seu endere\u00e7o eletr\u00f4nico (e-mail)*\n<\/p>\n<p><span class=\"wpcf7-form-control-wrap\" data-name=\"your-email\"><input size=\"40\" class=\"wpcf7-form-control wpcf7-text wpcf7-email wpcf7-validates-as-required wpcf7-validates-as-email\" aria-required=\"true\" aria-invalid=\"false\" value=\"\" type=\"email\" name=\"your-email\" \/><\/span>\n<\/p>\n<p>Por favor, digite o seu email novamente.*\n<\/p>\n<p><span class=\"wpcf7-form-control-wrap\" data-name=\"your-email-again\"><input size=\"40\" class=\"wpcf7-form-control wpcf7-text wpcf7-email wpcf7-validates-as-required wpcf7-validates-as-email\" aria-required=\"true\" aria-invalid=\"false\" value=\"\" type=\"email\" name=\"your-email-again\" \/><\/span>\n<\/p>\n<p>Nome Completo*\n<\/p>\n<p><span class=\"wpcf7-form-control-wrap\" data-name=\"your-name\"><input size=\"40\" maxlength=\"25\" class=\"wpcf7-form-control wpcf7-text wpcf7-validates-as-required\" aria-required=\"true\" aria-invalid=\"false\" value=\"\" type=\"text\" name=\"your-name\" \/><\/span>\n<\/p>\n<p>Endere\u00e7o - incluindo a cidade, o estado e CEP*\n<\/p>\n<p><span class=\"wpcf7-form-control-wrap\" data-name=\"your-address\"><textarea cols=\"40\" rows=\"10\" class=\"wpcf7-form-control wpcf7-textarea wpcf7-validates-as-required\" aria-required=\"true\" aria-invalid=\"false\" name=\"your-address\"><\/textarea><\/span>\n<\/p>\n<p>Telefone*\n<\/p>\n<p><span class=\"wpcf7-form-control-wrap\" data-name=\"your-phone\"><input size=\"40\" class=\"wpcf7-form-control wpcf7-text wpcf7-validates-as-required\" aria-required=\"true\" aria-invalid=\"false\" value=\"\" type=\"text\" name=\"your-phone\" \/><\/span>\n<\/p>\n<p>N\u00famero do cheque*\n<\/p>\n<p><span class=\"wpcf7-form-control-wrap\" data-name=\"check-number\"><input size=\"40\" class=\"wpcf7-form-control wpcf7-text wpcf7-validates-as-required\" aria-required=\"true\" aria-invalid=\"false\" value=\"\" type=\"text\" name=\"check-number\" \/><\/span>\n<\/p>\n<p>Data*\n<\/p>\n<p><span class=\"wpcf7-form-control-wrap\" data-name=\"date\"><input size=\"40\" class=\"wpcf7-form-control wpcf7-text wpcf7-validates-as-required\" aria-required=\"true\" aria-invalid=\"false\" value=\"\" type=\"text\" name=\"date\" \/><\/span>\n<\/p>\n<p>Valor $US*\n<\/p>\n<p><span class=\"wpcf7-form-control-wrap\" data-name=\"gift-amount\"><input size=\"40\" class=\"wpcf7-form-control wpcf7-text wpcf7-validates-as-required\" aria-required=\"true\" aria-invalid=\"false\" value=\"\" type=\"text\" name=\"gift-amount\" \/><\/span>\n<\/p>\n<p>XXXX e XX\/100*\n<\/p>\n<p><span class=\"wpcf7-form-control-wrap\" data-name=\"gift-amount-written\"><input size=\"40\" class=\"wpcf7-form-control wpcf7-text wpcf7-validates-as-required\" aria-required=\"true\" aria-invalid=\"false\" value=\"\" type=\"text\" name=\"gift-amount-written\" \/><\/span>\n<\/p>\n<p>Nome do Banco ou institui\u00e7\u00e3o de Cr\u00e9dito e o n\u00famero do telefone, caso dispon\u00edvel.*\n<\/p>\n<p><span class=\"wpcf7-form-control-wrap\" data-name=\"bank\"><input size=\"40\" class=\"wpcf7-form-control wpcf7-text wpcf7-validates-as-required\" aria-required=\"true\" aria-invalid=\"false\" value=\"\" type=\"text\" name=\"bank\" \/><\/span>\n<\/p>\n<p>N\u00famero de roteamento de ag\u00eancias banc\u00e1rias com 9 d\u00edgitos*\n<\/p>\n<p><span class=\"wpcf7-form-control-wrap\" data-name=\"routing-number\"><input size=\"40\" class=\"wpcf7-form-control wpcf7-text wpcf7-validates-as-required\" aria-required=\"true\" aria-invalid=\"false\" value=\"\" type=\"text\" name=\"routing-number\" \/><\/span>\n<\/p>\n<p>N\u00famero da sua conta banc\u00e1ria*\n<\/p>\n<p><span class=\"wpcf7-form-control-wrap\" data-name=\"account-number\"><input size=\"40\" class=\"wpcf7-form-control wpcf7-text wpcf7-validates-as-required\" aria-required=\"true\" aria-invalid=\"false\" value=\"\" type=\"text\" name=\"account-number\" \/><\/span>\n<\/p>\n<p>Por favor, selecione a op\u00e7\u00e3o de acordo com a sua doa\u00e7\u00e3o*<br \/>\n<span class=\"wpcf7-form-control-wrap\" data-name=\"menu-140\"><select class=\"wpcf7-form-control wpcf7-select\" aria-invalid=\"false\" name=\"menu-140\"><option value=\"\">&#8212;Please choose an option&#8212;<\/option><option value=\"Oferta \u00fanica - one-time\">Oferta \u00fanica - one-time<\/option><option value=\"Mensalmente at\u00e9 eu notificar para parar - monthly\">Mensalmente at\u00e9 eu notificar para parar - monthly<\/option><\/select><\/span>\n<\/p>\n<p>Dia do m\u00eas para debitar oferta mensal - Voc\u00ea pode pedir para que a sua oferta seja debitada mensalmente em 6 diferentes dias do m\u00eas. Indique o dia da sua prefer\u00eancia, para que a sua oferta seja processada.<br \/>\n<span class=\"wpcf7-form-control-wrap\" data-name=\"menu-141\"><select class=\"wpcf7-form-control wpcf7-select\" aria-invalid=\"false\" name=\"menu-141\"><option value=\"\">&#8212;Please choose an option&#8212;<\/option><option value=\"Esta \u00e9 uma contribui\u00e7\u00e3o \u00fanica. Processe a qualquer hora. - one time\">Esta \u00e9 uma contribui\u00e7\u00e3o \u00fanica. Processe a qualquer hora. - one time<\/option><option value=\"Descontar a minha contribui\u00e7\u00e3o mensal no dia 5 de cada m\u00eas. - 5th\">Descontar a minha contribui\u00e7\u00e3o mensal no dia 5 de cada m\u00eas. - 5th<\/option><option value=\"Descontar a minha contribui\u00e7\u00e3o mensal no dia 10 de cada m\u00eas. - 10th\">Descontar a minha contribui\u00e7\u00e3o mensal no dia 10 de cada m\u00eas. - 10th<\/option><option value=\"Descontar a minha contribui\u00e7\u00e3o mensal no dia 15 de cada m\u00eas. - 15th\">Descontar a minha contribui\u00e7\u00e3o mensal no dia 15 de cada m\u00eas. - 15th<\/option><option value=\"Descontar a minha contribui\u00e7\u00e3o mensal no dia 20 de cada m\u00eas. - 20th\">Descontar a minha contribui\u00e7\u00e3o mensal no dia 20 de cada m\u00eas. - 20th<\/option><option value=\"Descontar a minha contribui\u00e7\u00e3o mensal no dia 25 de cada m\u00eas. - 25th\">Descontar a minha contribui\u00e7\u00e3o mensal no dia 25 de cada m\u00eas. - 25th<\/option><option value=\"Descontar a minha contribui\u00e7\u00e3o mensal no dia 30 de cada m\u00eas. - 30th\">Descontar a minha contribui\u00e7\u00e3o mensal no dia 30 de cada m\u00eas. - 30th<\/option><\/select><\/span>\n<\/p>\n<p>Coment\u00e1rios:\n<\/p>\n<p><span class=\"wpcf7-form-control-wrap\" data-name=\"your-comments\"><textarea cols=\"40\" rows=\"10\" class=\"wpcf7-form-control wpcf7-textarea\" aria-invalid=\"false\" name=\"your-comments\"><\/textarea><\/span>\n<\/p>\n<p><span id=\"wpcf7-69eee80b3311d-wrapper\" class=\"wpcf7-form-control-wrap honeypot-595-wrap\" ><label for=\"wpcf7-69eee80b3311d-field\" class=\"hp-message\">Please leave this field empty.<\/label><input id=\"wpcf7-69eee80b3311d-field\"  class=\"wpcf7-form-control wpcf7-text\" type=\"text\" name=\"honeypot-595\" value=\"\" size=\"40\" tabindex=\"-1\" autocomplete=\"new-password\" \/><\/span>\n<\/p>\n<p><input class=\"wpcf7-form-control has-spinner wpcf7-submit\" type=\"submit\" value=\"Enviar doa\u00e7\u00e3o\" \/>\n<\/p><p style=\"display: none !important;\" class=\"akismet-fields-container\" data-prefix=\"_wpcf7_ak_\"><label>&#916;<textarea name=\"_wpcf7_ak_hp_textarea\" cols=\"45\" rows=\"8\" maxlength=\"100\"><\/textarea><\/label><input type=\"hidden\" id=\"ak_js_1\" name=\"_wpcf7_ak_js\" value=\"193\"\/><script>document.getElementById( \"ak_js_1\" ).setAttribute( \"value\", ( new Date() ).getTime() );<\/script><\/p><div class=\"wpcf7-response-output\" aria-hidden=\"true\"><\/div>\n<\/form>\n<\/div>\n\n<\/div><\/section><\/div>\n<!-- AddThis Advanced Settings generic via filter on the_content --><!-- AddThis Share Buttons generic via filter on the_content -->","protected":false},"excerpt":{"rendered":"<p><!-- AddThis Advanced Settings generic via filter on get_the_excerpt --><!-- AddThis Share Buttons generic via filter on get_the_excerpt --><\/p>\n","protected":false},"author":3,"featured_media":0,"parent":0,"menu_order":0,"comment_status":"closed","ping_status":"closed","template":"","meta":{"jetpack_post_was_ever_published":false,"footnotes":""},"class_list":["post-103","page","type-page","status-publish","hentry"],"yoast_head":"<!-- This site is optimized with the Yoast SEO Premium plugin v24.8 (Yoast SEO v24.8.1) - https:\/\/yoast.com\/wordpress\/plugins\/seo\/ -->\n<title>Contribua atrav\u00e9s de d\u00e9bito banc\u00e1rio - BBN<\/title>\n<meta name=\"robots\" content=\"index, follow, max-snippet:-1, max-image-preview:large, max-video-preview:-1\" \/>\n<link rel=\"canonical\" href=\"https:\/\/bbn1.bbnradio.org\/portuguese\/contribua-atraves-de-debito-bancario\/\" \/>\n<meta property=\"og:locale\" content=\"pt_BR\" \/>\n<meta property=\"og:type\" content=\"article\" \/>\n<meta property=\"og:title\" content=\"Contribua atrav\u00e9s de d\u00e9bito banc\u00e1rio\" \/>\n<meta property=\"og:url\" content=\"https:\/\/bbn1.bbnradio.org\/portuguese\/contribua-atraves-de-debito-bancario\/\" \/>\n<meta property=\"og:site_name\" content=\"BBN\" \/>\n<meta property=\"article:publisher\" content=\"https:\/\/www.facebook.com\/BBNPortugues\" \/>\n<meta property=\"article:modified_time\" content=\"2018-07-24T20:18:11+00:00\" \/>\n<meta name=\"twitter:card\" content=\"summary_large_image\" \/>\n<meta name=\"twitter:site\" content=\"@BBNPortugues\" \/>\n<meta name=\"twitter:label1\" content=\"Est. tempo de leitura\" \/>\n\t<meta name=\"twitter:data1\" content=\"1 minuto\" \/>\n<script type=\"application\/ld+json\" class=\"yoast-schema-graph\">{\"@context\":\"https:\/\/schema.org\",\"@graph\":[{\"@type\":\"WebPage\",\"@id\":\"https:\/\/bbn1.bbnradio.org\/portuguese\/contribua-atraves-de-debito-bancario\/\",\"url\":\"https:\/\/bbn1.bbnradio.org\/portuguese\/contribua-atraves-de-debito-bancario\/\",\"name\":\"Contribua atrav\u00e9s de d\u00e9bito banc\u00e1rio - BBN\",\"isPartOf\":{\"@id\":\"https:\/\/bbn1.bbnradio.org\/portuguese\/#website\"},\"datePublished\":\"2017-01-16T20:14:19+00:00\",\"dateModified\":\"2018-07-24T20:18:11+00:00\",\"breadcrumb\":{\"@id\":\"https:\/\/bbn1.bbnradio.org\/portuguese\/contribua-atraves-de-debito-bancario\/#breadcrumb\"},\"inLanguage\":\"pt-BR\",\"potentialAction\":[{\"@type\":\"ReadAction\",\"target\":[\"https:\/\/bbn1.bbnradio.org\/portuguese\/contribua-atraves-de-debito-bancario\/\"]}]},{\"@type\":\"BreadcrumbList\",\"@id\":\"https:\/\/bbn1.bbnradio.org\/portuguese\/contribua-atraves-de-debito-bancario\/#breadcrumb\",\"itemListElement\":[{\"@type\":\"ListItem\",\"position\":1,\"name\":\"Home\",\"item\":\"https:\/\/bbn1.bbnradio.org\/portuguese\/inicio\/\"},{\"@type\":\"ListItem\",\"position\":2,\"name\":\"Contribua atrav\u00e9s de d\u00e9bito banc\u00e1rio\"}]},{\"@type\":\"WebSite\",\"@id\":\"https:\/\/bbn1.bbnradio.org\/portuguese\/#website\",\"url\":\"https:\/\/bbn1.bbnradio.org\/portuguese\/\",\"name\":\"BBN Portuguese\",\"description\":\"BBN\",\"potentialAction\":[{\"@type\":\"SearchAction\",\"target\":{\"@type\":\"EntryPoint\",\"urlTemplate\":\"https:\/\/bbn1.bbnradio.org\/portuguese\/?s={search_term_string}\"},\"query-input\":{\"@type\":\"PropertyValueSpecification\",\"valueRequired\":true,\"valueName\":\"search_term_string\"}}],\"inLanguage\":\"pt-BR\"}]}<\/script>\n<!-- \/ Yoast SEO Premium plugin. -->","yoast_head_json":{"title":"Contribua atrav\u00e9s de d\u00e9bito banc\u00e1rio - BBN","robots":{"index":"index","follow":"follow","max-snippet":"max-snippet:-1","max-image-preview":"max-image-preview:large","max-video-preview":"max-video-preview:-1"},"canonical":"https:\/\/bbn1.bbnradio.org\/portuguese\/contribua-atraves-de-debito-bancario\/","og_locale":"pt_BR","og_type":"article","og_title":"Contribua atrav\u00e9s de d\u00e9bito banc\u00e1rio","og_url":"https:\/\/bbn1.bbnradio.org\/portuguese\/contribua-atraves-de-debito-bancario\/","og_site_name":"BBN","article_publisher":"https:\/\/www.facebook.com\/BBNPortugues","article_modified_time":"2018-07-24T20:18:11+00:00","twitter_card":"summary_large_image","twitter_site":"@BBNPortugues","twitter_misc":{"Est. tempo de leitura":"1 minuto"},"schema":{"@context":"https:\/\/schema.org","@graph":[{"@type":"WebPage","@id":"https:\/\/bbn1.bbnradio.org\/portuguese\/contribua-atraves-de-debito-bancario\/","url":"https:\/\/bbn1.bbnradio.org\/portuguese\/contribua-atraves-de-debito-bancario\/","name":"Contribua atrav\u00e9s de d\u00e9bito banc\u00e1rio - BBN","isPartOf":{"@id":"https:\/\/bbn1.bbnradio.org\/portuguese\/#website"},"datePublished":"2017-01-16T20:14:19+00:00","dateModified":"2018-07-24T20:18:11+00:00","breadcrumb":{"@id":"https:\/\/bbn1.bbnradio.org\/portuguese\/contribua-atraves-de-debito-bancario\/#breadcrumb"},"inLanguage":"pt-BR","potentialAction":[{"@type":"ReadAction","target":["https:\/\/bbn1.bbnradio.org\/portuguese\/contribua-atraves-de-debito-bancario\/"]}]},{"@type":"BreadcrumbList","@id":"https:\/\/bbn1.bbnradio.org\/portuguese\/contribua-atraves-de-debito-bancario\/#breadcrumb","itemListElement":[{"@type":"ListItem","position":1,"name":"Home","item":"https:\/\/bbn1.bbnradio.org\/portuguese\/inicio\/"},{"@type":"ListItem","position":2,"name":"Contribua atrav\u00e9s de d\u00e9bito banc\u00e1rio"}]},{"@type":"WebSite","@id":"https:\/\/bbn1.bbnradio.org\/portuguese\/#website","url":"https:\/\/bbn1.bbnradio.org\/portuguese\/","name":"BBN Portuguese","description":"BBN","potentialAction":[{"@type":"SearchAction","target":{"@type":"EntryPoint","urlTemplate":"https:\/\/bbn1.bbnradio.org\/portuguese\/?s={search_term_string}"},"query-input":{"@type":"PropertyValueSpecification","valueRequired":true,"valueName":"search_term_string"}}],"inLanguage":"pt-BR"}]}},"jetpack_sharing_enabled":true,"jetpack_shortlink":"https:\/\/wp.me\/P85nO0-1F","_links":{"self":[{"href":"https:\/\/bbn1.bbnradio.org\/portuguese\/wp-json\/wp\/v2\/pages\/103","targetHints":{"allow":["GET"]}}],"collection":[{"href":"https:\/\/bbn1.bbnradio.org\/portuguese\/wp-json\/wp\/v2\/pages"}],"about":[{"href":"https:\/\/bbn1.bbnradio.org\/portuguese\/wp-json\/wp\/v2\/types\/page"}],"author":[{"embeddable":true,"href":"https:\/\/bbn1.bbnradio.org\/portuguese\/wp-json\/wp\/v2\/users\/3"}],"replies":[{"embeddable":true,"href":"https:\/\/bbn1.bbnradio.org\/portuguese\/wp-json\/wp\/v2\/comments?post=103"}],"version-history":[{"count":3,"href":"https:\/\/bbn1.bbnradio.org\/portuguese\/wp-json\/wp\/v2\/pages\/103\/revisions"}],"predecessor-version":[{"id":13679,"href":"https:\/\/bbn1.bbnradio.org\/portuguese\/wp-json\/wp\/v2\/pages\/103\/revisions\/13679"}],"wp:attachment":[{"href":"https:\/\/bbn1.bbnradio.org\/portuguese\/wp-json\/wp\/v2\/media?parent=103"}],"curies":[{"name":"wp","href":"https:\/\/api.w.org\/{rel}","templated":true}]}}