{"id":11535,"date":"2017-12-14T15:22:46","date_gmt":"2017-12-14T20:22:46","guid":{"rendered":"http:\/\/bbn1.bbnradio.org\/portuguese\/?page_id=11535"},"modified":"2020-01-02T18:32:25","modified_gmt":"2020-01-02T21:32:25","slug":"verdade-biblica-pastor-leandro-tarrataca","status":"publish","type":"page","link":"https:\/\/bbn1.bbnradio.org\/portuguese\/inicio\/todos-os-programas\/verdade-biblica-pastor-leandro-tarrataca\/","title":{"rendered":"Verdade B\u00edblica &#8211; Pr. Leandro Tarrataca"},"content":{"rendered":"<div id='layer_slider_1'  class='avia-layerslider main_color avia-shadow  avia-builder-el-0  el_before_av_three_fifth  avia-builder-el-first  container_wrap sidebar_right'  style='height: 201px;'  ><\/div><div id='after_layer_slider_1'  class='main_color av_default_container_wrap container_wrap sidebar_right'  ><div class='container av-section-cont-open' ><div class='template-page content  av-content-small alpha units'><div class='post-entry post-entry-type-page post-entry-11535'><div class='entry-content-wrapper clearfix'>\n<div  class='flex_column av-892tyq7-69fa972e92998ae92ab36e8e2671fe08 av_three_fifth  avia-builder-el-1  el_after_av_layerslider  el_before_av_two_fifth  avia-builder-el-first  first flex_column_div  '     ><p>\n<style type=\"text\/css\" data-created_by=\"avia_inline_auto\" id=\"style-css-av-7sx7lv3-03929105efaf7040143ee901165018a1\">\n#top .av-special-heading.av-7sx7lv3-03929105efaf7040143ee901165018a1{\npadding-bottom:10px;\n}\nbody .av-special-heading.av-7sx7lv3-03929105efaf7040143ee901165018a1 .av-special-heading-tag .heading-char{\nfont-size:25px;\n}\n.av-special-heading.av-7sx7lv3-03929105efaf7040143ee901165018a1 .av-subheading{\nfont-size:10px;\n}\n<\/style>\n<div  class='av-special-heading av-7sx7lv3-03929105efaf7040143ee901165018a1 av-special-heading-h3  avia-builder-el-2  el_before_av_image  avia-builder-el-first '><h3 class='av-special-heading-tag '  itemprop=\"headline\"  >Verdade B\u00edblica<\/h3><div class=\"special-heading-border\"><div class=\"special-heading-inner-border\"><\/div><\/div><\/div><br \/>\n\n<style type=\"text\/css\" data-created_by=\"avia_inline_auto\" id=\"style-css-av-7067nu7-eb2cb75e6f0e3fb89b25bfe3d0ad58c2\">\n.avia-image-container.av-7067nu7-eb2cb75e6f0e3fb89b25bfe3d0ad58c2 img.avia_image{\nbox-shadow:none;\n}\n.avia-image-container.av-7067nu7-eb2cb75e6f0e3fb89b25bfe3d0ad58c2 .av-image-caption-overlay-center{\ncolor:#ffffff;\n}\n<\/style>\n<div  class='avia-image-container av-7067nu7-eb2cb75e6f0e3fb89b25bfe3d0ad58c2 av-styling-no-styling avia_animated_image av-animated-when-visible-95 right-to-left avia-align-left  avia-builder-el-3  el_after_av_heading  el_before_av_textblock '   itemprop=\"image\" itemscope=\"itemscope\" itemtype=\"https:\/\/schema.org\/ImageObject\" ><div class=\"avia-image-container-inner\"><div class=\"avia-image-overlay-wrap\"><img decoding=\"async\" fetchpriority=\"high\" class='wp-image-13270 avia-img-lazy-loading-not-13270 avia_image ' src=\"https:\/\/bbn1.bbnradio.org\/portuguese\/wp-content\/uploads\/sites\/6\/2018\/07\/Verdade-Bi\u0301blica-1.jpg\" alt='Verdade B\u00edblica' title='Verdade Bi\u0301blica (1)'  height=\"628\" width=\"1200\"  itemprop=\"thumbnailUrl\"  \/><\/div><\/div><\/div><br \/>\n<section  class='av_textblock_section av-6nvo5vz-0eb00a6cee6538e2327f5bdfa667ab44 '   itemscope=\"itemscope\" itemtype=\"https:\/\/schema.org\/CreativeWork\" ><div class='avia_textblock'  itemprop=\"text\" ><p>Pr. Leandro Tarrataca<\/p>\n<\/div><\/section><\/p><\/div>\n\n<style type=\"text\/css\" data-created_by=\"avia_inline_auto\" id=\"style-css-av-6bf46q7-f6157e864c837c749272e686864475fc\">\n.flex_column.av-6bf46q7-f6157e864c837c749272e686864475fc{\nborder-radius:0px 0px 0px 0px;\npadding:0px 0px 0px 0px;\n}\n<\/style>\n<div  class='flex_column av-6bf46q7-f6157e864c837c749272e686864475fc av_two_fifth  avia-builder-el-5  el_after_av_three_fifth  el_before_av_heading  flex_column_div av-zero-column-padding  '     ><p>\n<style type=\"text\/css\" data-created_by=\"avia_inline_auto\" id=\"style-css-av-k4x8wvm7-2b587317d48af4e5bd28ca5af9ea9824\">\n#top .av-special-heading.av-k4x8wvm7-2b587317d48af4e5bd28ca5af9ea9824{\npadding-bottom:10px;\n}\nbody .av-special-heading.av-k4x8wvm7-2b587317d48af4e5bd28ca5af9ea9824 .av-special-heading-tag .heading-char{\nfont-size:25px;\n}\n.av-special-heading.av-k4x8wvm7-2b587317d48af4e5bd28ca5af9ea9824 .av-subheading{\nfont-size:15px;\n}\n<\/style>\n<div  class='av-special-heading av-k4x8wvm7-2b587317d48af4e5bd28ca5af9ea9824 av-special-heading-h3 blockquote modern-quote  avia-builder-el-6  el_before_av_hr  avia-builder-el-first '><h3 class='av-special-heading-tag '  itemprop=\"headline\"  >Hor\u00e1rio de transmiss\u00e3o<\/h3><div class='av-subheading av-subheading_below'><p>De segunda a sexta: 2:33, 11:30, 17:30<\/p>\n<\/div><div class=\"special-heading-border\"><div class=\"special-heading-inner-border\"><\/div><\/div><\/div><br \/>\n\n<style type=\"text\/css\" data-created_by=\"avia_inline_auto\" id=\"style-css-av-5fdmzbj-c8934ebdbbe87aee537aa69507e9f57a\">\n#top .hr.av-5fdmzbj-c8934ebdbbe87aee537aa69507e9f57a{\nmargin-top:0px;\nmargin-bottom:0px;\n}\n.hr.av-5fdmzbj-c8934ebdbbe87aee537aa69507e9f57a .hr-inner{\nwidth:100%;\n}\n<\/style>\n<div  class='hr av-5fdmzbj-c8934ebdbbe87aee537aa69507e9f57a hr-custom  avia-builder-el-7  el_after_av_heading  el_before_av_textblock  hr-center hr-icon-no'><span class='hr-inner inner-border-av-border-thin'><span class=\"hr-inner-style\"><\/span><\/span><\/div><br \/>\n\n<style type=\"text\/css\" data-created_by=\"avia_inline_auto\" id=\"style-css-av-4o93swf-468a6edfa988b0a421f8ce26c1fb0ec5\">\n#top .av_textblock_section.av-4o93swf-468a6edfa988b0a421f8ce26c1fb0ec5 .avia_textblock{\nfont-size:20px;\n}\n<\/style>\n<section  class='av_textblock_section av-4o93swf-468a6edfa988b0a421f8ce26c1fb0ec5 '   itemscope=\"itemscope\" itemtype=\"https:\/\/schema.org\/CreativeWork\" ><div class='avia_textblock'  itemprop=\"text\" ><div style=\"text-align: center\">No ar:<\/div>\n<div style=\"text-align: center\"><span id=\"BBN_now_playing\"><\/span><\/div>\n<\/div><\/section><br \/>\n\n<style type=\"text\/css\" data-created_by=\"avia_inline_auto\" id=\"style-css-av-4kcli4v-3c94f06090ec60fceaf5487426f9013c\">\n#top .hr.hr-invisible.av-4kcli4v-3c94f06090ec60fceaf5487426f9013c{\nheight:20px;\n}\n<\/style>\n<div  class='hr av-4kcli4v-3c94f06090ec60fceaf5487426f9013c hr-invisible  avia-builder-el-9  el_after_av_textblock  el_before_av_button_big  avia-builder-el-last '><span class='hr-inner '><span class=\"hr-inner-style\"><\/span><\/span><\/div><br \/>\n<div  class='avia-button-wrap avia-button-center  avia-builder-el-10  el_after_av_hr  avia-builder-el-last '>\n<style type=\"text\/css\" data-created_by=\"avia_inline_auto\" id=\"style-css-av-3s1htyn-069ded7dc6bd835a6498c49f5772a039\">\n#top #wrap_all .avia-button.av-3s1htyn-069ded7dc6bd835a6498c49f5772a039{\ncolor:#ffffff;\ntransition:all 0.4s ease-in-out;\n}\n#top #wrap_all .avia-button.av-3s1htyn-069ded7dc6bd835a6498c49f5772a039:hover{\nbackground-color:green;\ncolor:#ffffff;\ntransition:all 0.4s ease-in-out;\n}\n#top #wrap_all .avia-button.av-3s1htyn-069ded7dc6bd835a6498c49f5772a039 .avia-svg-icon svg:first-child{\nfill:#ffffff;\nstroke:#ffffff;\n}\n#top #wrap_all .avia-button.av-3s1htyn-069ded7dc6bd835a6498c49f5772a039:hover .avia-svg-icon svg:first-child{\nfill:#ffffff;\nstroke:#ffffff;\n}\n<\/style>\n<a href='https://\/\/bbn1.bbnradio.org\/portuguese\/ouca-agora\/?PHPSESSID=0E9rUs%2C2A%2COx2WMYMeihh3RUYcLfNv3U' class='avia-color-theme-color avia-button avia-button-fullwidth av-3s1htyn-069ded7dc6bd835a6498c49f5772a039 avia-icon_select-no avia-color-theme-color'  target=\"_blank\"  rel=\"noopener noreferrer\"  aria-label=\"Ou\u00e7a a BBN\"><span class='avia_iconbox_title' >Ou\u00e7a a BBN<\/span><\/a><\/div><\/p><\/div>\n<style type=\"text\/css\" data-created_by=\"avia_inline_auto\" id=\"style-css-av-av_heading-d7b0c1b3ab3cf2191ad4cc79968a037c\">\n#top .av-special-heading.av-av_heading-d7b0c1b3ab3cf2191ad4cc79968a037c{\npadding-bottom:10px;\n}\nbody .av-special-heading.av-av_heading-d7b0c1b3ab3cf2191ad4cc79968a037c .av-special-heading-tag .heading-char{\nfont-size:25px;\n}\n.av-special-heading.av-av_heading-d7b0c1b3ab3cf2191ad4cc79968a037c .av-subheading{\nfont-size:15px;\n}\n<\/style>\n<div  class='av-special-heading av-av_heading-d7b0c1b3ab3cf2191ad4cc79968a037c av-special-heading-h3 blockquote modern-quote  avia-builder-el-11  el_after_av_two_fifth  el_before_av_textblock '><h3 class='av-special-heading-tag '  itemprop=\"headline\"  >Informa\u00e7\u00f5es sobre o programa<\/h3><div class=\"special-heading-border\"><div class=\"special-heading-inner-border\"><\/div><\/div><\/div>\n<section  class='av_textblock_section av-319cgxb-dc99c85853b95711e6cc6a4652784b6a '   itemscope=\"itemscope\" itemtype=\"https:\/\/schema.org\/CreativeWork\" ><div class='avia_textblock'  itemprop=\"text\" ><p>Este \u00e9 um programa de ensinamento B\u00edblico ministrado pelo Pastor Leandro Tarrataca, doutor em Teologia, fundador e diretor do Minist\u00e9rio Verdade B\u00edblica.<\/p>\n<h3><\/h3>\n<\/div><\/section>\n\n<style type=\"text\/css\" data-created_by=\"avia_inline_auto\" id=\"style-css-av-av_heading-a71039f60c5125a7e6e29a2c3f47e2dd\">\n#top .av-special-heading.av-av_heading-a71039f60c5125a7e6e29a2c3f47e2dd{\npadding-bottom:10px;\n}\nbody .av-special-heading.av-av_heading-a71039f60c5125a7e6e29a2c3f47e2dd .av-special-heading-tag .heading-char{\nfont-size:25px;\n}\n.av-special-heading.av-av_heading-a71039f60c5125a7e6e29a2c3f47e2dd .av-subheading{\nfont-size:15px;\n}\n<\/style>\n<div  class='av-special-heading av-av_heading-a71039f60c5125a7e6e29a2c3f47e2dd av-special-heading-h3 blockquote modern-quote  avia-builder-el-13  el_after_av_textblock  el_before_av_textblock '><h3 class='av-special-heading-tag '  itemprop=\"headline\"  >A BBN transmite Verdade B\u00edblica sem qualquer custo financeiro para a produtora deste programa.<\/h3><div class=\"special-heading-border\"><div class=\"special-heading-inner-border\"><\/div><\/div><\/div>\n<section  class='av_textblock_section av-qfw5r-436d02e6a63895a22137925391144df5 '   itemscope=\"itemscope\" itemtype=\"https:\/\/schema.org\/CreativeWork\" ><div class='avia_textblock'  itemprop=\"text\" ><p>Deus supre as necessidades financeiras da BBN atrav\u00e9s da generosa contribui\u00e7\u00e3o dos ouvintes que compreendem o princ\u00edpio b\u00edblico de Gal\u00e1tas 6:6. Isso possibilita a BBN transmitir os programas sem custo algum para os programadores. Contribuindo agora, voc\u00ea nos ajuda a pregar o evangelho atrav\u00e9s de excelentes programas como este.<\/p>\n<\/div><\/section>\n<div  class='avia-button-wrap av-1u36je7-915e9f328d708a4d9d25e0fa7e333cf4-wrap avia-button-left  avia-builder-el-15  el_after_av_textblock  el_before_av_heading '><a href='https://\/\/bbn1.bbnradio.org\/portuguese\/contribua\/?PHPSESSID=0E9rUs%2C2A%2COx2WMYMeihh3RUYcLfNv3U'  class='avia-button av-1u36je7-915e9f328d708a4d9d25e0fa7e333cf4 av-link-btn avia-icon_select-no avia-size-x-large avia-position-left avia-color-theme-color'   aria-label=\"Contribua com a BBN\"><span class='avia_iconbox_title' >Contribua com a BBN<\/span><\/a><\/div>\n\n<style type=\"text\/css\" data-created_by=\"avia_inline_auto\" id=\"style-css-av-av_heading-81600da16234682f59f48776a2b4cd17\">\n#top .av-special-heading.av-av_heading-81600da16234682f59f48776a2b4cd17{\npadding-bottom:10px;\n}\nbody .av-special-heading.av-av_heading-81600da16234682f59f48776a2b4cd17 .av-special-heading-tag .heading-char{\nfont-size:25px;\n}\n.av-special-heading.av-av_heading-81600da16234682f59f48776a2b4cd17 .av-subheading{\nfont-size:10px;\n}\n<\/style>\n<div  class='av-special-heading av-av_heading-81600da16234682f59f48776a2b4cd17 av-special-heading-h3 blockquote modern-quote  avia-builder-el-16  el_after_av_button  el_before_av_textblock '><h3 class='av-special-heading-tag '  itemprop=\"headline\"  >Recursos relacionados<\/h3><div class=\"special-heading-border\"><div class=\"special-heading-inner-border\"><\/div><\/div><\/div>\n<section  class='av_textblock_section av-oyfcr3-8b0fee5ec4f5739d34feb55213873b34 '   itemscope=\"itemscope\" itemtype=\"https:\/\/schema.org\/CreativeWork\" ><div class='avia_textblock'  itemprop=\"text\" ><p>Cursos com o Pr. Leandro Tarrataca no Instituto B\u00edblico da BBN:<\/p>\n<ul>\n<li><a id=\"dnn_ctr4972_ViewLoad__ctl0_DataListDivisions__ctl4_DataListCoursesInDivisions__ctl8_HyperlinkCoursesInDivisionsTitle\" class=\"Normal\" href=\"http:\/\/www.bbnradio.org\/wcm4\/bbnbiportuguese\/InstitutoB%c3%adblico\/CursosDispon%c3%adveis\/Divis%c3%b5esDispon%c3%adveis\/tabid\/2569\/CourseID\/982\/Default.aspx\">21600 Sobrevivendo Crises Financeiras<\/a><\/li>\n<li><a id=\"dnn_ctr4972_ViewLoad__ctl0_DataListDivisions__ctl6_DataListCoursesInDivisions__ctl0_HyperlinkCoursesInDivisionsTitle\" class=\"Normal\" href=\"http:\/\/www.bbnradio.org\/wcm4\/bbnbiportuguese\/InstitutoB%c3%adblico\/CursosDispon%c3%adveis\/Divis%c3%b5esDispon%c3%adveis\/tabid\/2569\/CourseID\/452\/Default.aspx\">30200 O Evangelho de Jo\u00e3o<\/a><\/li>\n<\/ul>\n<\/div><\/section>\n<!-- AddThis Advanced Settings generic via filter on the_content --><!-- AddThis Share Buttons generic via filter on the_content -->","protected":false},"excerpt":{"rendered":"<p><!-- AddThis Advanced Settings generic via filter on get_the_excerpt --><!-- AddThis Share Buttons generic via filter on get_the_excerpt --><\/p>\n","protected":false},"author":10,"featured_media":13270,"parent":4541,"menu_order":0,"comment_status":"closed","ping_status":"closed","template":"","meta":{"jetpack_post_was_ever_published":false,"footnotes":""},"categories":[2,8],"tags":[],"class_list":["post-11535","page","type-page","status-publish","has-post-thumbnail","hentry","category-bbn-program-main-page","category-program-category-bible-teaching"],"yoast_head":"<!-- This site is optimized with the Yoast SEO Premium plugin v24.8 (Yoast SEO v24.8.1) - https:\/\/yoast.com\/wordpress\/plugins\/seo\/ -->\n<title>Verdade B\u00edblica - Pr. Leandro Tarrataca<\/title>\n<meta name=\"description\" content=\"Este \u00e9 um programa de ensinamento B\u00edblico ministrado pelo Pastor Leandro Tarrataca, doutor em Teologia, fundador e diretor do Minist\u00e9rio Verdade B\u00edblica.\" \/>\n<meta name=\"robots\" content=\"index, follow, max-snippet:-1, max-image-preview:large, max-video-preview:-1\" \/>\n<link rel=\"canonical\" href=\"https:\/\/bbn1.bbnradio.org\/portuguese\/inicio\/todos-os-programas\/verdade-biblica-pastor-leandro-tarrataca\/\" \/>\n<meta property=\"og:locale\" content=\"pt_BR\" \/>\n<meta property=\"og:type\" content=\"article\" \/>\n<meta property=\"og:title\" content=\"Verdade B\u00edblica - Pr. Leandro Tarrataca\" \/>\n<meta property=\"og:description\" content=\"Este \u00e9 um programa de ensinamento B\u00edblico ministrado pelo Pastor Leandro Tarrataca, doutor em Teologia, fundador e diretor do Minist\u00e9rio Verdade B\u00edblica.\" \/>\n<meta property=\"og:url\" content=\"https:\/\/bbn1.bbnradio.org\/portuguese\/inicio\/todos-os-programas\/verdade-biblica-pastor-leandro-tarrataca\/\" \/>\n<meta property=\"og:site_name\" content=\"BBN\" \/>\n<meta property=\"article:publisher\" content=\"https:\/\/www.facebook.com\/BBNPortugues\" \/>\n<meta property=\"article:modified_time\" content=\"2020-01-02T21:32:25+00:00\" \/>\n<meta property=\"og:image\" content=\"https:\/\/bbn1.bbnradio.org\/portuguese\/wp-content\/uploads\/sites\/6\/2018\/07\/Verdade-Bi\u0301blica-1.jpg\" \/>\n\t<meta property=\"og:image:width\" content=\"1200\" \/>\n\t<meta property=\"og:image:height\" content=\"628\" \/>\n\t<meta property=\"og:image:type\" content=\"image\/jpeg\" \/>\n<meta name=\"twitter:card\" content=\"summary_large_image\" \/>\n<meta name=\"twitter:title\" content=\"Verdade B\u00edblica - Pr. Leandro Tarrataca\" \/>\n<meta name=\"twitter:description\" content=\"Este \u00e9 um programa de ensinamento B\u00edblico ministrado pelo Pastor Leandro Tarrataca, doutor em Teologia, fundador e diretor do Minist\u00e9rio Verdade B\u00edblica.\" \/>\n<meta name=\"twitter:image\" content=\"https:\/\/bbn1.bbnradio.org\/portuguese\/wp-content\/uploads\/sites\/6\/2018\/07\/Verdade-Bi\u0301blica-1.jpg\" \/>\n<meta name=\"twitter:site\" content=\"@BBNPortugues\" \/>\n<meta name=\"twitter:label1\" content=\"Est. tempo de leitura\" \/>\n\t<meta name=\"twitter:data1\" content=\"5 minutos\" \/>\n<script type=\"application\/ld+json\" class=\"yoast-schema-graph\">{\"@context\":\"https:\/\/schema.org\",\"@graph\":[{\"@type\":\"WebPage\",\"@id\":\"https:\/\/bbn1.bbnradio.org\/portuguese\/inicio\/todos-os-programas\/verdade-biblica-pastor-leandro-tarrataca\/\",\"url\":\"https:\/\/bbn1.bbnradio.org\/portuguese\/inicio\/todos-os-programas\/verdade-biblica-pastor-leandro-tarrataca\/\",\"name\":\"Verdade B\u00edblica - Pr. Leandro Tarrataca\",\"isPartOf\":{\"@id\":\"https:\/\/bbn1.bbnradio.org\/portuguese\/#website\"},\"primaryImageOfPage\":{\"@id\":\"https:\/\/bbn1.bbnradio.org\/portuguese\/inicio\/todos-os-programas\/verdade-biblica-pastor-leandro-tarrataca\/#primaryimage\"},\"image\":{\"@id\":\"https:\/\/bbn1.bbnradio.org\/portuguese\/inicio\/todos-os-programas\/verdade-biblica-pastor-leandro-tarrataca\/#primaryimage\"},\"thumbnailUrl\":\"https:\/\/bbn1.bbnradio.org\/portuguese\/wp-content\/uploads\/sites\/6\/2018\/07\/Verdade-Bi\u0301blica-1.jpg\",\"datePublished\":\"2017-12-14T20:22:46+00:00\",\"dateModified\":\"2020-01-02T21:32:25+00:00\",\"description\":\"Este \u00e9 um programa de ensinamento B\u00edblico ministrado pelo Pastor Leandro Tarrataca, doutor em Teologia, fundador e diretor do Minist\u00e9rio Verdade B\u00edblica.\",\"breadcrumb\":{\"@id\":\"https:\/\/bbn1.bbnradio.org\/portuguese\/inicio\/todos-os-programas\/verdade-biblica-pastor-leandro-tarrataca\/#breadcrumb\"},\"inLanguage\":\"pt-BR\",\"potentialAction\":[{\"@type\":\"ReadAction\",\"target\":[\"https:\/\/bbn1.bbnradio.org\/portuguese\/inicio\/todos-os-programas\/verdade-biblica-pastor-leandro-tarrataca\/\"]}]},{\"@type\":\"ImageObject\",\"inLanguage\":\"pt-BR\",\"@id\":\"https:\/\/bbn1.bbnradio.org\/portuguese\/inicio\/todos-os-programas\/verdade-biblica-pastor-leandro-tarrataca\/#primaryimage\",\"url\":\"https:\/\/bbn1.bbnradio.org\/portuguese\/wp-content\/uploads\/sites\/6\/2018\/07\/Verdade-Bi\u0301blica-1.jpg\",\"contentUrl\":\"https:\/\/bbn1.bbnradio.org\/portuguese\/wp-content\/uploads\/sites\/6\/2018\/07\/Verdade-Bi\u0301blica-1.jpg\",\"width\":1200,\"height\":628,\"caption\":\"Verdade B\u00edblica\"},{\"@type\":\"BreadcrumbList\",\"@id\":\"https:\/\/bbn1.bbnradio.org\/portuguese\/inicio\/todos-os-programas\/verdade-biblica-pastor-leandro-tarrataca\/#breadcrumb\",\"itemListElement\":[{\"@type\":\"ListItem\",\"position\":1,\"name\":\"Home\",\"item\":\"https:\/\/bbn1.bbnradio.org\/portuguese\/inicio\/\"},{\"@type\":\"ListItem\",\"position\":2,\"name\":\"In\u00edcio\",\"item\":\"https:\/\/bbn1.bbnradio.org\/portuguese\/inicio\/\"},{\"@type\":\"ListItem\",\"position\":3,\"name\":\"Todos os Programas\",\"item\":\"https:\/\/bbn1.bbnradio.org\/portuguese\/inicio\/todos-os-programas\/\"},{\"@type\":\"ListItem\",\"position\":4,\"name\":\"Verdade B\u00edblica &#8211; Pr. Leandro Tarrataca\"}]},{\"@type\":\"WebSite\",\"@id\":\"https:\/\/bbn1.bbnradio.org\/portuguese\/#website\",\"url\":\"https:\/\/bbn1.bbnradio.org\/portuguese\/\",\"name\":\"BBN Portuguese\",\"description\":\"BBN\",\"potentialAction\":[{\"@type\":\"SearchAction\",\"target\":{\"@type\":\"EntryPoint\",\"urlTemplate\":\"https:\/\/bbn1.bbnradio.org\/portuguese\/?s={search_term_string}\"},\"query-input\":{\"@type\":\"PropertyValueSpecification\",\"valueRequired\":true,\"valueName\":\"search_term_string\"}}],\"inLanguage\":\"pt-BR\"}]}<\/script>\n<!-- \/ Yoast SEO Premium plugin. -->","yoast_head_json":{"title":"Verdade B\u00edblica - Pr. Leandro Tarrataca","description":"Este \u00e9 um programa de ensinamento B\u00edblico ministrado pelo Pastor Leandro Tarrataca, doutor em Teologia, fundador e diretor do Minist\u00e9rio Verdade B\u00edblica.","robots":{"index":"index","follow":"follow","max-snippet":"max-snippet:-1","max-image-preview":"max-image-preview:large","max-video-preview":"max-video-preview:-1"},"canonical":"https:\/\/bbn1.bbnradio.org\/portuguese\/inicio\/todos-os-programas\/verdade-biblica-pastor-leandro-tarrataca\/","og_locale":"pt_BR","og_type":"article","og_title":"Verdade B\u00edblica - Pr. Leandro Tarrataca","og_description":"Este \u00e9 um programa de ensinamento B\u00edblico ministrado pelo Pastor Leandro Tarrataca, doutor em Teologia, fundador e diretor do Minist\u00e9rio Verdade B\u00edblica.","og_url":"https:\/\/bbn1.bbnradio.org\/portuguese\/inicio\/todos-os-programas\/verdade-biblica-pastor-leandro-tarrataca\/","og_site_name":"BBN","article_publisher":"https:\/\/www.facebook.com\/BBNPortugues","article_modified_time":"2020-01-02T21:32:25+00:00","og_image":[{"width":1200,"height":628,"url":"https:\/\/bbn1.bbnradio.org\/portuguese\/wp-content\/uploads\/sites\/6\/2018\/07\/Verdade-Bi\u0301blica-1.jpg","type":"image\/jpeg"}],"twitter_card":"summary_large_image","twitter_title":"Verdade B\u00edblica - Pr. Leandro Tarrataca","twitter_description":"Este \u00e9 um programa de ensinamento B\u00edblico ministrado pelo Pastor Leandro Tarrataca, doutor em Teologia, fundador e diretor do Minist\u00e9rio Verdade B\u00edblica.","twitter_image":"https:\/\/bbn1.bbnradio.org\/portuguese\/wp-content\/uploads\/sites\/6\/2018\/07\/Verdade-Bi\u0301blica-1.jpg","twitter_site":"@BBNPortugues","twitter_misc":{"Est. tempo de leitura":"5 minutos"},"schema":{"@context":"https:\/\/schema.org","@graph":[{"@type":"WebPage","@id":"https:\/\/bbn1.bbnradio.org\/portuguese\/inicio\/todos-os-programas\/verdade-biblica-pastor-leandro-tarrataca\/","url":"https:\/\/bbn1.bbnradio.org\/portuguese\/inicio\/todos-os-programas\/verdade-biblica-pastor-leandro-tarrataca\/","name":"Verdade B\u00edblica - Pr. Leandro Tarrataca","isPartOf":{"@id":"https:\/\/bbn1.bbnradio.org\/portuguese\/#website"},"primaryImageOfPage":{"@id":"https:\/\/bbn1.bbnradio.org\/portuguese\/inicio\/todos-os-programas\/verdade-biblica-pastor-leandro-tarrataca\/#primaryimage"},"image":{"@id":"https:\/\/bbn1.bbnradio.org\/portuguese\/inicio\/todos-os-programas\/verdade-biblica-pastor-leandro-tarrataca\/#primaryimage"},"thumbnailUrl":"https:\/\/bbn1.bbnradio.org\/portuguese\/wp-content\/uploads\/sites\/6\/2018\/07\/Verdade-Bi\u0301blica-1.jpg","datePublished":"2017-12-14T20:22:46+00:00","dateModified":"2020-01-02T21:32:25+00:00","description":"Este \u00e9 um programa de ensinamento B\u00edblico ministrado pelo Pastor Leandro Tarrataca, doutor em Teologia, fundador e diretor do Minist\u00e9rio Verdade B\u00edblica.","breadcrumb":{"@id":"https:\/\/bbn1.bbnradio.org\/portuguese\/inicio\/todos-os-programas\/verdade-biblica-pastor-leandro-tarrataca\/#breadcrumb"},"inLanguage":"pt-BR","potentialAction":[{"@type":"ReadAction","target":["https:\/\/bbn1.bbnradio.org\/portuguese\/inicio\/todos-os-programas\/verdade-biblica-pastor-leandro-tarrataca\/"]}]},{"@type":"ImageObject","inLanguage":"pt-BR","@id":"https:\/\/bbn1.bbnradio.org\/portuguese\/inicio\/todos-os-programas\/verdade-biblica-pastor-leandro-tarrataca\/#primaryimage","url":"https:\/\/bbn1.bbnradio.org\/portuguese\/wp-content\/uploads\/sites\/6\/2018\/07\/Verdade-Bi\u0301blica-1.jpg","contentUrl":"https:\/\/bbn1.bbnradio.org\/portuguese\/wp-content\/uploads\/sites\/6\/2018\/07\/Verdade-Bi\u0301blica-1.jpg","width":1200,"height":628,"caption":"Verdade B\u00edblica"},{"@type":"BreadcrumbList","@id":"https:\/\/bbn1.bbnradio.org\/portuguese\/inicio\/todos-os-programas\/verdade-biblica-pastor-leandro-tarrataca\/#breadcrumb","itemListElement":[{"@type":"ListItem","position":1,"name":"Home","item":"https:\/\/bbn1.bbnradio.org\/portuguese\/inicio\/"},{"@type":"ListItem","position":2,"name":"In\u00edcio","item":"https:\/\/bbn1.bbnradio.org\/portuguese\/inicio\/"},{"@type":"ListItem","position":3,"name":"Todos os Programas","item":"https:\/\/bbn1.bbnradio.org\/portuguese\/inicio\/todos-os-programas\/"},{"@type":"ListItem","position":4,"name":"Verdade B\u00edblica &#8211; Pr. Leandro Tarrataca"}]},{"@type":"WebSite","@id":"https:\/\/bbn1.bbnradio.org\/portuguese\/#website","url":"https:\/\/bbn1.bbnradio.org\/portuguese\/","name":"BBN Portuguese","description":"BBN","potentialAction":[{"@type":"SearchAction","target":{"@type":"EntryPoint","urlTemplate":"https:\/\/bbn1.bbnradio.org\/portuguese\/?s={search_term_string}"},"query-input":{"@type":"PropertyValueSpecification","valueRequired":true,"valueName":"search_term_string"}}],"inLanguage":"pt-BR"}]}},"jetpack_sharing_enabled":true,"jetpack_shortlink":"https:\/\/wp.me\/P85nO0-303","_links":{"self":[{"href":"https:\/\/bbn1.bbnradio.org\/portuguese\/wp-json\/wp\/v2\/pages\/11535","targetHints":{"allow":["GET"]}}],"collection":[{"href":"https:\/\/bbn1.bbnradio.org\/portuguese\/wp-json\/wp\/v2\/pages"}],"about":[{"href":"https:\/\/bbn1.bbnradio.org\/portuguese\/wp-json\/wp\/v2\/types\/page"}],"author":[{"embeddable":true,"href":"https:\/\/bbn1.bbnradio.org\/portuguese\/wp-json\/wp\/v2\/users\/10"}],"replies":[{"embeddable":true,"href":"https:\/\/bbn1.bbnradio.org\/portuguese\/wp-json\/wp\/v2\/comments?post=11535"}],"version-history":[{"count":5,"href":"https:\/\/bbn1.bbnradio.org\/portuguese\/wp-json\/wp\/v2\/pages\/11535\/revisions"}],"predecessor-version":[{"id":16508,"href":"https:\/\/bbn1.bbnradio.org\/portuguese\/wp-json\/wp\/v2\/pages\/11535\/revisions\/16508"}],"up":[{"embeddable":true,"href":"https:\/\/bbn1.bbnradio.org\/portuguese\/wp-json\/wp\/v2\/pages\/4541"}],"wp:featuredmedia":[{"embeddable":true,"href":"https:\/\/bbn1.bbnradio.org\/portuguese\/wp-json\/wp\/v2\/media\/13270"}],"wp:attachment":[{"href":"https:\/\/bbn1.bbnradio.org\/portuguese\/wp-json\/wp\/v2\/media?parent=11535"}],"wp:term":[{"taxonomy":"category","embeddable":true,"href":"https:\/\/bbn1.bbnradio.org\/portuguese\/wp-json\/wp\/v2\/categories?post=11535"},{"taxonomy":"post_tag","embeddable":true,"href":"https:\/\/bbn1.bbnradio.org\/portuguese\/wp-json\/wp\/v2\/tags?post=11535"}],"curies":[{"name":"wp","href":"https:\/\/api.w.org\/{rel}","templated":true}]}}