{"id":12217,"date":"2018-02-28T09:04:01","date_gmt":"2018-02-28T14:04:01","guid":{"rendered":"http:\/\/bbn1.bbnradio.org\/portuguese\/?page_id=12217"},"modified":"2019-03-12T13:16:35","modified_gmt":"2019-03-12T16:16:35","slug":"adobe-flash-disabled-page-mozilla-firefox","status":"publish","type":"page","link":"https:\/\/bbn1.bbnradio.org\/portuguese\/adobe-flash-disabled-page-mozilla-firefox\/","title":{"rendered":"Adobe Flash est\u00e1 desabilitado para esta p\u00e1gina no Mozilla Firefox"},"content":{"rendered":"<section  class='av_textblock_section av-5yvlnd-97dbc91144147d9305c57a69d43aa010 '   itemscope=\"itemscope\" itemtype=\"https:\/\/schema.org\/CreativeWork\" ><div class='avia_textblock'  itemprop=\"text\" ><p>Se aparecer uma mensagem que menciona &#8220;html5&#8221; e diz para instalar o Adobe Flash, isto significa que voc\u00ea est\u00e1 usando uma vers\u00e3o antiga do Firefox. Atualizar para a vers\u00e3o mais recente resolver\u00e1 o problema.<\/p>\n<\/div><\/section>\n<!-- AddThis Advanced Settings generic via filter on the_content --><!-- AddThis Share Buttons generic via filter on the_content -->","protected":false},"excerpt":{"rendered":"<p><!-- AddThis Advanced Settings generic via filter on get_the_excerpt --><!-- AddThis Share Buttons generic via filter on get_the_excerpt --><\/p>\n","protected":false},"author":3,"featured_media":0,"parent":0,"menu_order":0,"comment_status":"closed","ping_status":"closed","template":"","meta":{"jetpack_post_was_ever_published":false,"footnotes":""},"categories":[],"tags":[],"class_list":["post-12217","page","type-page","status-publish","hentry"],"yoast_head":"<!-- This site is optimized with the Yoast SEO Premium plugin v24.8 (Yoast SEO v24.8.1) - https:\/\/yoast.com\/wordpress\/plugins\/seo\/ -->\n<title>Adobe Flash est\u00e1 desabilitado para esta p\u00e1gina no Mozilla Firefox<\/title>\n<meta name=\"description\" content=\"Se aparecer uma mensagem que menciona &quot;html5&quot; e diz para instalar o Adobe Flash, isto significa que voc\u00ea est\u00e1 usando uma vers\u00e3o antiga do Firefox. Atualizar para a vers\u00e3o mais recente resolver\u00e1 o problema.\" \/>\n<meta name=\"robots\" content=\"index, follow, max-snippet:-1, max-image-preview:large, max-video-preview:-1\" \/>\n<link rel=\"canonical\" href=\"https:\/\/bbn1.bbnradio.org\/portuguese\/adobe-flash-disabled-page-mozilla-firefox\/\" \/>\n<meta property=\"og:locale\" content=\"pt_BR\" \/>\n<meta property=\"og:type\" content=\"article\" \/>\n<meta property=\"og:title\" content=\"Adobe Flash est\u00e1 desabilitado para esta p\u00e1gina no Mozilla Firefox\" \/>\n<meta property=\"og:description\" content=\"edit + x Clone Element Se aparecer uma mensagem que menciona &quot;html5&quot; e diz para instalar o Adobe Flash, isto significa que voc\u00ea est\u00e1 usando uma vers\u00e3o antiga do Firefox. Atualizar para a vers\u00e3o mais recente resolver\u00e1 o problema.\" \/>\n<meta property=\"og:url\" content=\"https:\/\/bbn1.bbnradio.org\/portuguese\/adobe-flash-disabled-page-mozilla-firefox\/\" \/>\n<meta property=\"og:site_name\" content=\"BBN\" \/>\n<meta property=\"article:publisher\" content=\"https:\/\/www.facebook.com\/BBNPortugues\" \/>\n<meta property=\"article:modified_time\" content=\"2019-03-12T16:16:35+00:00\" \/>\n<meta name=\"twitter:card\" content=\"summary_large_image\" \/>\n<meta name=\"twitter:title\" content=\"Adobe Flash est\u00e1 desabilitado para esta p\u00e1gina no Mozilla Firefox\" \/>\n<meta name=\"twitter:description\" content=\"edit + x Clone Element Se aparecer uma mensagem que menciona &quot;html5&quot; e diz para instalar o Adobe Flash, isto significa que voc\u00ea est\u00e1 usando uma vers\u00e3o antiga do Firefox. Atualizar para a vers\u00e3o mais recente resolver\u00e1 o problema.\" \/>\n<meta name=\"twitter:site\" content=\"@BBNPortugues\" \/>\n<script type=\"application\/ld+json\" class=\"yoast-schema-graph\">{\"@context\":\"https:\/\/schema.org\",\"@graph\":[{\"@type\":\"WebPage\",\"@id\":\"https:\/\/bbn1.bbnradio.org\/portuguese\/adobe-flash-disabled-page-mozilla-firefox\/\",\"url\":\"https:\/\/bbn1.bbnradio.org\/portuguese\/adobe-flash-disabled-page-mozilla-firefox\/\",\"name\":\"Adobe Flash est\u00e1 desabilitado para esta p\u00e1gina no Mozilla Firefox\",\"isPartOf\":{\"@id\":\"https:\/\/bbn1.bbnradio.org\/portuguese\/#website\"},\"datePublished\":\"2018-02-28T14:04:01+00:00\",\"dateModified\":\"2019-03-12T16:16:35+00:00\",\"description\":\"Se aparecer uma mensagem que menciona \\\"html5\\\" e diz para instalar o Adobe Flash, isto significa que voc\u00ea est\u00e1 usando uma vers\u00e3o antiga do Firefox. Atualizar para a vers\u00e3o mais recente resolver\u00e1 o problema.\",\"breadcrumb\":{\"@id\":\"https:\/\/bbn1.bbnradio.org\/portuguese\/adobe-flash-disabled-page-mozilla-firefox\/#breadcrumb\"},\"inLanguage\":\"pt-BR\",\"potentialAction\":[{\"@type\":\"ReadAction\",\"target\":[\"https:\/\/bbn1.bbnradio.org\/portuguese\/adobe-flash-disabled-page-mozilla-firefox\/\"]}]},{\"@type\":\"BreadcrumbList\",\"@id\":\"https:\/\/bbn1.bbnradio.org\/portuguese\/adobe-flash-disabled-page-mozilla-firefox\/#breadcrumb\",\"itemListElement\":[{\"@type\":\"ListItem\",\"position\":1,\"name\":\"Home\",\"item\":\"https:\/\/bbn1.bbnradio.org\/portuguese\/inicio\/\"},{\"@type\":\"ListItem\",\"position\":2,\"name\":\"Adobe Flash est\u00e1 desabilitado para esta p\u00e1gina no Mozilla Firefox\"}]},{\"@type\":\"WebSite\",\"@id\":\"https:\/\/bbn1.bbnradio.org\/portuguese\/#website\",\"url\":\"https:\/\/bbn1.bbnradio.org\/portuguese\/\",\"name\":\"BBN Portuguese\",\"description\":\"BBN\",\"potentialAction\":[{\"@type\":\"SearchAction\",\"target\":{\"@type\":\"EntryPoint\",\"urlTemplate\":\"https:\/\/bbn1.bbnradio.org\/portuguese\/?s={search_term_string}\"},\"query-input\":{\"@type\":\"PropertyValueSpecification\",\"valueRequired\":true,\"valueName\":\"search_term_string\"}}],\"inLanguage\":\"pt-BR\"}]}<\/script>\n<!-- \/ Yoast SEO Premium plugin. -->","yoast_head_json":{"title":"Adobe Flash est\u00e1 desabilitado para esta p\u00e1gina no Mozilla Firefox","description":"Se aparecer uma mensagem que menciona \"html5\" e diz para instalar o Adobe Flash, isto significa que voc\u00ea est\u00e1 usando uma vers\u00e3o antiga do Firefox. Atualizar para a vers\u00e3o mais recente resolver\u00e1 o problema.","robots":{"index":"index","follow":"follow","max-snippet":"max-snippet:-1","max-image-preview":"max-image-preview:large","max-video-preview":"max-video-preview:-1"},"canonical":"https:\/\/bbn1.bbnradio.org\/portuguese\/adobe-flash-disabled-page-mozilla-firefox\/","og_locale":"pt_BR","og_type":"article","og_title":"Adobe Flash est\u00e1 desabilitado para esta p\u00e1gina no Mozilla Firefox","og_description":"edit + x Clone Element Se aparecer uma mensagem que menciona \"html5\" e diz para instalar o Adobe Flash, isto significa que voc\u00ea est\u00e1 usando uma vers\u00e3o antiga do Firefox. Atualizar para a vers\u00e3o mais recente resolver\u00e1 o problema.","og_url":"https:\/\/bbn1.bbnradio.org\/portuguese\/adobe-flash-disabled-page-mozilla-firefox\/","og_site_name":"BBN","article_publisher":"https:\/\/www.facebook.com\/BBNPortugues","article_modified_time":"2019-03-12T16:16:35+00:00","twitter_card":"summary_large_image","twitter_title":"Adobe Flash est\u00e1 desabilitado para esta p\u00e1gina no Mozilla Firefox","twitter_description":"edit + x Clone Element Se aparecer uma mensagem que menciona \"html5\" e diz para instalar o Adobe Flash, isto significa que voc\u00ea est\u00e1 usando uma vers\u00e3o antiga do Firefox. Atualizar para a vers\u00e3o mais recente resolver\u00e1 o problema.","twitter_site":"@BBNPortugues","schema":{"@context":"https:\/\/schema.org","@graph":[{"@type":"WebPage","@id":"https:\/\/bbn1.bbnradio.org\/portuguese\/adobe-flash-disabled-page-mozilla-firefox\/","url":"https:\/\/bbn1.bbnradio.org\/portuguese\/adobe-flash-disabled-page-mozilla-firefox\/","name":"Adobe Flash est\u00e1 desabilitado para esta p\u00e1gina no Mozilla Firefox","isPartOf":{"@id":"https:\/\/bbn1.bbnradio.org\/portuguese\/#website"},"datePublished":"2018-02-28T14:04:01+00:00","dateModified":"2019-03-12T16:16:35+00:00","description":"Se aparecer uma mensagem que menciona \"html5\" e diz para instalar o Adobe Flash, isto significa que voc\u00ea est\u00e1 usando uma vers\u00e3o antiga do Firefox. Atualizar para a vers\u00e3o mais recente resolver\u00e1 o problema.","breadcrumb":{"@id":"https:\/\/bbn1.bbnradio.org\/portuguese\/adobe-flash-disabled-page-mozilla-firefox\/#breadcrumb"},"inLanguage":"pt-BR","potentialAction":[{"@type":"ReadAction","target":["https:\/\/bbn1.bbnradio.org\/portuguese\/adobe-flash-disabled-page-mozilla-firefox\/"]}]},{"@type":"BreadcrumbList","@id":"https:\/\/bbn1.bbnradio.org\/portuguese\/adobe-flash-disabled-page-mozilla-firefox\/#breadcrumb","itemListElement":[{"@type":"ListItem","position":1,"name":"Home","item":"https:\/\/bbn1.bbnradio.org\/portuguese\/inicio\/"},{"@type":"ListItem","position":2,"name":"Adobe Flash est\u00e1 desabilitado para esta p\u00e1gina no Mozilla Firefox"}]},{"@type":"WebSite","@id":"https:\/\/bbn1.bbnradio.org\/portuguese\/#website","url":"https:\/\/bbn1.bbnradio.org\/portuguese\/","name":"BBN Portuguese","description":"BBN","potentialAction":[{"@type":"SearchAction","target":{"@type":"EntryPoint","urlTemplate":"https:\/\/bbn1.bbnradio.org\/portuguese\/?s={search_term_string}"},"query-input":{"@type":"PropertyValueSpecification","valueRequired":true,"valueName":"search_term_string"}}],"inLanguage":"pt-BR"}]}},"jetpack_sharing_enabled":true,"jetpack_shortlink":"https:\/\/wp.me\/P85nO0-3b3","_links":{"self":[{"href":"https:\/\/bbn1.bbnradio.org\/portuguese\/wp-json\/wp\/v2\/pages\/12217","targetHints":{"allow":["GET"]}}],"collection":[{"href":"https:\/\/bbn1.bbnradio.org\/portuguese\/wp-json\/wp\/v2\/pages"}],"about":[{"href":"https:\/\/bbn1.bbnradio.org\/portuguese\/wp-json\/wp\/v2\/types\/page"}],"author":[{"embeddable":true,"href":"https:\/\/bbn1.bbnradio.org\/portuguese\/wp-json\/wp\/v2\/users\/3"}],"replies":[{"embeddable":true,"href":"https:\/\/bbn1.bbnradio.org\/portuguese\/wp-json\/wp\/v2\/comments?post=12217"}],"version-history":[{"count":4,"href":"https:\/\/bbn1.bbnradio.org\/portuguese\/wp-json\/wp\/v2\/pages\/12217\/revisions"}],"predecessor-version":[{"id":14315,"href":"https:\/\/bbn1.bbnradio.org\/portuguese\/wp-json\/wp\/v2\/pages\/12217\/revisions\/14315"}],"wp:attachment":[{"href":"https:\/\/bbn1.bbnradio.org\/portuguese\/wp-json\/wp\/v2\/media?parent=12217"}],"wp:term":[{"taxonomy":"category","embeddable":true,"href":"https:\/\/bbn1.bbnradio.org\/portuguese\/wp-json\/wp\/v2\/categories?post=12217"},{"taxonomy":"post_tag","embeddable":true,"href":"https:\/\/bbn1.bbnradio.org\/portuguese\/wp-json\/wp\/v2\/tags?post=12217"}],"curies":[{"name":"wp","href":"https:\/\/api.w.org\/{rel}","templated":true}]}}