{"id":14,"date":"2016-02-10T21:05:06","date_gmt":"2016-02-10T21:05:06","guid":{"rendered":"http:\/\/bbn1.bbnradio.org\/portuguese\/?page_id=14"},"modified":"2024-05-29T16:27:05","modified_gmt":"2024-05-29T19:27:05","slug":"os-5-cursos-mais-acessados","status":"publish","type":"page","link":"https:\/\/bbn1.bbnradio.org\/portuguese\/os-5-cursos-mais-acessados\/","title":{"rendered":"Os 5 cursos mais acessados"},"content":{"rendered":"<div  class='avia-button-wrap av-6dltu-e32c8a10c34492af7425355cf9bc46a1-wrap avia-button-left  avia-builder-el-0  el_before_av_hr  avia-builder-el-first '><a href='https:\/\/bbn1.bbnradio.org\/portuguese\/semana-do-desafio\/'  class='avia-button av-6dltu-e32c8a10c34492af7425355cf9bc46a1 av-link-btn avia-icon_select-yes-left-icon avia-size-large avia-position-left avia-color-theme-color'   aria-label=\"Voltar\"><span class='avia_button_icon avia_button_icon_left avia-iconfont avia-font-entypo-fontello' data-av_icon='\ue874' data-av_iconfont='entypo-fontello' ><\/span><span class='avia_iconbox_title' >Voltar<\/span><\/a><\/div>\n\n<style type=\"text\/css\" data-created_by=\"avia_inline_auto\" id=\"style-css-av-5ld32-e97533f800967ea1e30632b46483186b\">\n#top .hr.hr-invisible.av-5ld32-e97533f800967ea1e30632b46483186b{\nheight:25px;\n}\n<\/style>\n<div  class='hr av-5ld32-e97533f800967ea1e30632b46483186b hr-invisible  avia-builder-el-1  el_after_av_button  el_before_av_one_full '><span class='hr-inner '><span class=\"hr-inner-style\"><\/span><\/span><\/div>\n\n<style type=\"text\/css\" data-created_by=\"avia_inline_auto\" id=\"style-css-av-59tce-06f5c1e933c6cfc43c30e7137e99fd0a\">\n.flex_column.av-59tce-06f5c1e933c6cfc43c30e7137e99fd0a{\nborder-radius:0px 0px 0px 0px;\npadding:0px 0px 0px 0px;\n}\n<\/style>\n<div  class='flex_column av-59tce-06f5c1e933c6cfc43c30e7137e99fd0a av_one_full  avia-builder-el-2  el_after_av_hr  avia-builder-el-last  first flex_column_div av-zero-column-padding  '     ><p>\n<style type=\"text\/css\" data-created_by=\"avia_inline_auto\" id=\"style-css-av-3qory-c862f442c9b8613742c0dc3478703179\">\n#top .av-special-heading.av-3qory-c862f442c9b8613742c0dc3478703179{\npadding-bottom:10px;\n}\nbody .av-special-heading.av-3qory-c862f442c9b8613742c0dc3478703179 .av-special-heading-tag .heading-char{\nfont-size:25px;\n}\n.av-special-heading.av-3qory-c862f442c9b8613742c0dc3478703179 .av-subheading{\nfont-size:15px;\n}\n<\/style>\n<div  class='av-special-heading av-3qory-c862f442c9b8613742c0dc3478703179 av-special-heading-h1 blockquote modern-quote  avia-builder-el-3  el_before_av_iconlist  avia-builder-el-first '><h1 class='av-special-heading-tag '  itemprop=\"headline\"  >5 cursos favoritos<\/h1><div class=\"special-heading-border\"><div class=\"special-heading-inner-border\"><\/div><\/div><\/div><br \/>\n\n<style type=\"text\/css\" data-created_by=\"avia_inline_auto\" id=\"style-css-av-41n7y-91dbb6febf2eb167aa82e45721f17484\">\n#top .avia-icon-list-container.av-41n7y-91dbb6febf2eb167aa82e45721f17484 .iconlist_icon{\ncolor:#003800;\nbackground-color:#ffffff;\nborder:1px solid #003800;\n}\n#top .avia-icon-list-container.av-41n7y-91dbb6febf2eb167aa82e45721f17484 .iconlist_icon svg:first-child{\nstroke:#003800;\nfill:#003800;\n}\n<\/style>\n<div  class='avia-icon-list-container av-41n7y-91dbb6febf2eb167aa82e45721f17484  avia-builder-el-4  el_after_av_heading  avia-builder-el-last '><ul class='avia-icon-list avia_animate_when_almost_visible avia-icon-list-left av-iconlist-big av-41n7y-91dbb6febf2eb167aa82e45721f17484 avia-iconlist-animate'>\n<li><a href='https:\/\/www.bbnradio.org\/WCM4\/InstitutoB%c3%adblico\/CursosDispon%c3%adveis\/Divis%c3%b5esDispon%c3%adveis\/tabid\/2569\/CourseID\/977\/Default.aspx' title='15400 Doutrinas B\u00e1sicas'  target=\"_blank\"  rel=\"noopener noreferrer\" class='iconlist_icon av-382y2-11dd9073da8c176f42e79020e3940061 avia-font-entypo-fontello avia-iconfont avia-font-entypo-fontello'><span class='av-icon-char' data-av_icon='\ue832' data-av_iconfont='entypo-fontello' aria-hidden=\"true\"><\/span><\/a><article class=\"article-icon-entry \"  itemscope=\"itemscope\" itemtype=\"https:\/\/schema.org\/CreativeWork\" ><div class=\"iconlist_content_wrap\"><header class=\"entry-content-header\" aria-label=\"Icon: &lt;a href=&#039;https:\/\/www.bbnradio.org\/WCM4\/InstitutoB%c3%adblico\/CursosDispon%c3%adveis\/Divis%c3%b5esDispon%c3%adveis\/tabid\/2569\/CourseID\/977\/Default.aspx&#039; title=&#039;15400 Doutrinas B\u00e1sicas&#039; target=&quot;_blank&quot;  rel=&quot;noopener noreferrer&quot;&gt;15400 Doutrinas B\u00e1sicas&lt;\/a&gt;\"><h4 class='av_iconlist_title iconlist_title  '  itemprop=\"headline\" ><a href='https:\/\/www.bbnradio.org\/WCM4\/InstitutoB%c3%adblico\/CursosDispon%c3%adveis\/Divis%c3%b5esDispon%c3%adveis\/tabid\/2569\/CourseID\/977\/Default.aspx' title='15400 Doutrinas B\u00e1sicas' target=\"_blank\"  rel=\"noopener noreferrer\">15400 Doutrinas B\u00e1sicas<\/a><\/h4><\/header><div class='iconlist_content '  itemprop=\"text\" ><p><span id=\"dnn_ctr4972_ViewLoad__ctl0_LabelDescription\" class=\"Normal\">Este \u00e9 um curso de 8 importantes li\u00e7\u00f5es que aborda o que a B\u00edblia ensina a respeito das doutrinas b\u00e1sicas da f\u00e9 crist\u00e3. Este material foi colocado \u00e0 disposi\u00e7\u00e3o pela BBN com o fim de ajudar o estudante a compreender as verdades fundamentais ensinadas na B\u00edblia.<br \/>\n<\/span><\/p>\n<\/div><\/div><footer class=\"entry-footer\"><\/footer><\/article><div class=\"iconlist-timeline\"><\/div><\/li>\n<li><a href='https:\/\/www.bbnradio.org\/WCM4\/InstitutoB%c3%adblico\/CursosDispon%c3%adveis\/Divis%c3%b5esDispon%c3%adveis\/tabid\/2569\/CourseID\/976\/Default.aspx' title='15300 O Novo Nascimento'  target=\"_blank\"  rel=\"noopener noreferrer\" class='iconlist_icon av-2wk1y-fd7a121bb4a01c35ecb24ddf5fc096c3 avia-font-entypo-fontello avia-iconfont avia-font-entypo-fontello'><span class='av-icon-char' data-av_icon='\ue832' data-av_iconfont='entypo-fontello' aria-hidden=\"true\"><\/span><\/a><article class=\"article-icon-entry \"  itemscope=\"itemscope\" itemtype=\"https:\/\/schema.org\/CreativeWork\" ><div class=\"iconlist_content_wrap\"><header class=\"entry-content-header\" aria-label=\"Icon: &lt;a href=&#039;https:\/\/www.bbnradio.org\/WCM4\/InstitutoB%c3%adblico\/CursosDispon%c3%adveis\/Divis%c3%b5esDispon%c3%adveis\/tabid\/2569\/CourseID\/976\/Default.aspx&#039; title=&#039;15300 O Novo Nascimento&#039; target=&quot;_blank&quot;  rel=&quot;noopener noreferrer&quot;&gt;15300 O Novo Nascimento&lt;\/a&gt;\"><h4 class='av_iconlist_title iconlist_title  '  itemprop=\"headline\" ><a href='https:\/\/www.bbnradio.org\/WCM4\/InstitutoB%c3%adblico\/CursosDispon%c3%adveis\/Divis%c3%b5esDispon%c3%adveis\/tabid\/2569\/CourseID\/976\/Default.aspx' title='15300 O Novo Nascimento' target=\"_blank\"  rel=\"noopener noreferrer\">15300 O Novo Nascimento<\/a><\/h4><\/header><div class='iconlist_content '  itemprop=\"text\" ><p><span id=\"dnn_ctr4972_ViewLoad__ctl0_LabelDescription\" class=\"Normal\">O que \u00e9 nascer de novo? Por que nascer de novo? O que fazer para nascer de novo? Como escapar do inferno? Como posso ter certeza de que vou para o c\u00e9u quando morrer? Posso perder a salva\u00e7\u00e3o? Estas perguntas s\u00e3o respondidas pelo Dr. Stephen Davey no curso sobre o Novo Nascimento em 3 vitais li\u00e7\u00f5es, baseadas na conversa de Nicodemos com Jesus em Jo\u00e3o 3. O Dr. Stephen Davey \u00e9 pastor, presidente do Sheperd\u2019s Seminary e autor de um programa de r\u00e1dio na BBN-Ingl\u00eas.<\/span><\/p>\n<\/div><\/div><footer class=\"entry-footer\"><\/footer><\/article><div class=\"iconlist-timeline\"><\/div><\/li>\n<li><a href='https:\/\/www.bbnradio.org\/WCM4\/InstitutoB%c3%adblico\/CursosDispon%c3%adveis\/Divis%c3%b5esDispon%c3%adveis\/tabid\/2569\/CourseID\/821\/Default.aspx' title='00400 Como Estudar a B\u00edblia'  target=\"_blank\"  rel=\"noopener noreferrer\" class='iconlist_icon av-2310i-f1734f780d5876a51231b22d63d51aac avia-font-entypo-fontello avia-iconfont avia-font-entypo-fontello'><span class='av-icon-char' data-av_icon='\ue832' data-av_iconfont='entypo-fontello' aria-hidden=\"true\"><\/span><\/a><article class=\"article-icon-entry \"  itemscope=\"itemscope\" itemtype=\"https:\/\/schema.org\/CreativeWork\" ><div class=\"iconlist_content_wrap\"><header class=\"entry-content-header\" aria-label=\"Icon: &lt;a href=&#039;https:\/\/www.bbnradio.org\/WCM4\/InstitutoB%c3%adblico\/CursosDispon%c3%adveis\/Divis%c3%b5esDispon%c3%adveis\/tabid\/2569\/CourseID\/821\/Default.aspx&#039; title=&#039;00400 Como Estudar a B\u00edblia&#039; target=&quot;_blank&quot;  rel=&quot;noopener noreferrer&quot;&gt;00400 Como Estudar a B\u00edblia&lt;\/a&gt;\"><h4 class='av_iconlist_title iconlist_title  '  itemprop=\"headline\" ><a href='https:\/\/www.bbnradio.org\/WCM4\/InstitutoB%c3%adblico\/CursosDispon%c3%adveis\/Divis%c3%b5esDispon%c3%adveis\/tabid\/2569\/CourseID\/821\/Default.aspx' title='00400 Como Estudar a B\u00edblia' target=\"_blank\"  rel=\"noopener noreferrer\">00400 Como Estudar a B\u00edblia<\/a><\/h4><\/header><div class='iconlist_content '  itemprop=\"text\" ><p><span id=\"dnn_ctr4972_ViewLoad__ctl0_LabelDescription\" class=\"Normal\">Como devo ler a B\u00edblia? Por onde devo come\u00e7ar? Como aplicar a B\u00edblia no meu dia a dia? Este curso foi preparado pensando justamente em voc\u00ea que deseja come\u00e7ar a ler a B\u00edblia ou que deseja aproveitar melhor a sua leitura. Em 3 pr\u00e1ticas li\u00e7\u00f5es voc\u00ea receber\u00e1 no\u00e7\u00f5es b\u00e1sicas para desfrutar do estudo da Palavra de Deus e aplicar as suas verdades ao seu dia a dia.<\/span><\/p>\n<\/div><\/div><footer class=\"entry-footer\"><\/footer><\/article><div class=\"iconlist-timeline\"><\/div><\/li>\n<li><a href='https:\/\/www.bbnradio.org\/WCM4\/InstitutoB%c3%adblico\/CursosDispon%c3%adveis\/Divis%c3%b5esDispon%c3%adveis\/tabid\/2569\/CourseID\/982\/Default.aspx' title='21600 Sobrevivendo Crises Financeiras'  target=\"_blank\"  rel=\"noopener noreferrer\" class='iconlist_icon av-1b5ru-715272b5f3e8efd9de42e5c4aeb93fb3 avia-font-entypo-fontello avia-iconfont avia-font-entypo-fontello'><span class='av-icon-char' data-av_icon='\ue832' data-av_iconfont='entypo-fontello' aria-hidden=\"true\"><\/span><\/a><article class=\"article-icon-entry \"  itemscope=\"itemscope\" itemtype=\"https:\/\/schema.org\/CreativeWork\" ><div class=\"iconlist_content_wrap\"><header class=\"entry-content-header\" aria-label=\"Icon: &lt;a href=&#039;https:\/\/www.bbnradio.org\/WCM4\/InstitutoB%c3%adblico\/CursosDispon%c3%adveis\/Divis%c3%b5esDispon%c3%adveis\/tabid\/2569\/CourseID\/982\/Default.aspx&#039; title=&#039;21600 Sobrevivendo Crises Financeiras&#039; target=&quot;_blank&quot;  rel=&quot;noopener noreferrer&quot;&gt;21600 Sobrevivendo Crises Financeiras&lt;\/a&gt;\"><h4 class='av_iconlist_title iconlist_title  '  itemprop=\"headline\" ><a href='https:\/\/www.bbnradio.org\/WCM4\/InstitutoB%c3%adblico\/CursosDispon%c3%adveis\/Divis%c3%b5esDispon%c3%adveis\/tabid\/2569\/CourseID\/982\/Default.aspx' title='21600 Sobrevivendo Crises Financeiras' target=\"_blank\"  rel=\"noopener noreferrer\">21600 Sobrevivendo Crises Financeiras<\/a><\/h4><\/header><div class='iconlist_content '  itemprop=\"text\" ><p>Voc\u00ea sabia que Jesus falou mais a respeito de posses materiais, uso do tempo e talento do que qualquer outro assunto? Nestas 9 motivadoras li\u00e7\u00f5es, o professor Leandro Tarrataca nos mostra o que a B\u00edblia diz sobre como podemos vencer crises financeiras. O Pr. Leandro Tarrataca \u00e9 escritor, professor e est\u00e1 ativamente envolvido no minist\u00e9rio de divulga\u00e7\u00e3o da Palavra de Deus atrav\u00e9s da m\u00eddia.<\/p>\n<\/div><\/div><footer class=\"entry-footer\"><\/footer><\/article><div class=\"iconlist-timeline\"><\/div><\/li>\n<li><a href='https:\/\/www.bbnradio.org\/WCM4\/InstitutoB%c3%adblico\/CursosDispon%c3%adveis\/Divis%c3%b5esDispon%c3%adveis\/tabid\/2569\/CourseID\/930\/Default.aspx' title='53700 Ci\u00eancia e F\u00e9'  target=\"_blank\"  rel=\"noopener noreferrer\" class='iconlist_icon av-zv26-29da94e0c26ea54c943078d61b4a1758 avia-font-entypo-fontello avia-iconfont avia-font-entypo-fontello'><span class='av-icon-char' data-av_icon='\ue832' data-av_iconfont='entypo-fontello' aria-hidden=\"true\"><\/span><\/a><article class=\"article-icon-entry \"  itemscope=\"itemscope\" itemtype=\"https:\/\/schema.org\/CreativeWork\" ><div class=\"iconlist_content_wrap\"><header class=\"entry-content-header\" aria-label=\"Icon: &lt;a href=&#039;https:\/\/www.bbnradio.org\/WCM4\/InstitutoB%c3%adblico\/CursosDispon%c3%adveis\/Divis%c3%b5esDispon%c3%adveis\/tabid\/2569\/CourseID\/930\/Default.aspx&#039; title=&#039;53700 Ci\u00eancia e F\u00e9&#039; target=&quot;_blank&quot;  rel=&quot;noopener noreferrer&quot;&gt;53700 Ci\u00eancia e F\u00e9&lt;\/a&gt;\"><h4 class='av_iconlist_title iconlist_title  '  itemprop=\"headline\" ><a href='https:\/\/www.bbnradio.org\/WCM4\/InstitutoB%c3%adblico\/CursosDispon%c3%adveis\/Divis%c3%b5esDispon%c3%adveis\/tabid\/2569\/CourseID\/930\/Default.aspx' title='53700 Ci\u00eancia e F\u00e9' target=\"_blank\"  rel=\"noopener noreferrer\">53700 Ci\u00eancia e F\u00e9<\/a><\/h4><\/header><div class='iconlist_content '  itemprop=\"text\" ><p><span id=\"dnn_ctr4972_ViewLoad__ctl0_LabelDescription\" class=\"Normal\">Este curso de 6 importantes li\u00e7\u00f5es foi extra\u00eddo e compilado de uma s\u00e9rie de palestras para jovens que o professor Adauto Louren\u00e7o realizou em 2007. O tema \u00e9 &#8220;Ci\u00eancia e F\u00e9&#8221;. O preletor aborda v\u00e1rias quest\u00f5es relacionadas \u00e0 origem do universo, \u00e0 origem da vida e ao catastrofismo. Nas li\u00e7\u00f5es deste curso o ouvinte ser\u00e1 levado a refletir sobre duas teorias que tratam da origem de tudo: a teoria da evolu\u00e7\u00e3o e a teoria da cria\u00e7\u00e3o. O professor Adauto Louren\u00e7o tem mestrado em f\u00edsica, participou de v\u00e1rias pesquisas cient\u00edficas na Europa, nos Estados Unidos e no Brasil. Ele tamb\u00e9m tem forma\u00e7\u00e3o teol\u00f3gica. H\u00e1 v\u00e1rios anos, Adauto Louren\u00e7o tem realizado palestras sobre a teoria criacionista em confer\u00eancias, acampamentos, institui\u00e7\u00f5es cient\u00edficas e faculdades.<\/span><\/p>\n<\/div><\/div><footer class=\"entry-footer\"><\/footer><\/article><div class=\"iconlist-timeline\"><\/div><\/li>\n<\/ul><\/div><\/p><\/div>\n<!-- AddThis Advanced Settings generic via filter on the_content --><!-- AddThis Share Buttons generic via filter on the_content -->","protected":false},"excerpt":{"rendered":"<p><!-- AddThis Advanced Settings generic via filter on get_the_excerpt --><!-- AddThis Share Buttons generic via filter on get_the_excerpt --><\/p>\n","protected":false},"author":3,"featured_media":0,"parent":0,"menu_order":0,"comment_status":"closed","ping_status":"closed","template":"","meta":{"jetpack_post_was_ever_published":false,"footnotes":""},"categories":[],"tags":[],"class_list":["post-14","page","type-page","status-publish","hentry"],"yoast_head":"<!-- This site is optimized with the Yoast SEO Premium plugin v24.8 (Yoast SEO v24.8.1) - https:\/\/yoast.com\/wordpress\/plugins\/seo\/ -->\n<title>Os 5 cursos mais acessados - BBN<\/title>\n<meta name=\"description\" content=\"5 cursos mais acessados pelos alunos do Instituo B\u00edblico online da BBN\" \/>\n<meta name=\"robots\" content=\"index, follow, max-snippet:-1, max-image-preview:large, max-video-preview:-1\" \/>\n<link rel=\"canonical\" href=\"https:\/\/bbn1.bbnradio.org\/portuguese\/os-5-cursos-mais-acessados\/\" \/>\n<meta property=\"og:locale\" content=\"pt_BR\" \/>\n<meta property=\"og:type\" content=\"article\" \/>\n<meta property=\"og:title\" content=\"DESAFIO do Instituto B\u00edblico da BBN\" \/>\n<meta property=\"og:description\" content=\"Complete um curso at\u00e9 12 de junho! Estas s\u00e3o 5 sugest\u00f5es de curso da equipe.\" \/>\n<meta property=\"og:url\" content=\"https:\/\/bbn1.bbnradio.org\/portuguese\/os-5-cursos-mais-acessados\/\" \/>\n<meta property=\"og:site_name\" content=\"BBN\" \/>\n<meta property=\"article:publisher\" content=\"https:\/\/www.facebook.com\/BBNPortugues\" \/>\n<meta property=\"article:modified_time\" content=\"2024-05-29T19:27:05+00:00\" \/>\n<meta name=\"twitter:card\" content=\"summary_large_image\" \/>\n<meta name=\"twitter:title\" content=\"DESAFIO do Instituto B\u00edblico da BBN\" \/>\n<meta name=\"twitter:description\" content=\"Complete um curso at\u00e9 12 de junho! Estas s\u00e3o 5 sugest\u00f5es de curso da equipe.\" \/>\n<meta name=\"twitter:site\" content=\"@BBNPortugues\" \/>\n<meta name=\"twitter:label1\" content=\"Est. tempo de leitura\" \/>\n\t<meta name=\"twitter:data1\" content=\"2 minutos\" \/>\n<script type=\"application\/ld+json\" class=\"yoast-schema-graph\">{\"@context\":\"https:\/\/schema.org\",\"@graph\":[{\"@type\":\"WebPage\",\"@id\":\"https:\/\/bbn1.bbnradio.org\/portuguese\/os-5-cursos-mais-acessados\/\",\"url\":\"https:\/\/bbn1.bbnradio.org\/portuguese\/os-5-cursos-mais-acessados\/\",\"name\":\"Os 5 cursos mais acessados - BBN\",\"isPartOf\":{\"@id\":\"https:\/\/bbn1.bbnradio.org\/portuguese\/#website\"},\"datePublished\":\"2016-02-10T21:05:06+00:00\",\"dateModified\":\"2024-05-29T19:27:05+00:00\",\"description\":\"5 cursos mais acessados pelos alunos do Instituo B\u00edblico online da BBN\",\"breadcrumb\":{\"@id\":\"https:\/\/bbn1.bbnradio.org\/portuguese\/os-5-cursos-mais-acessados\/#breadcrumb\"},\"inLanguage\":\"pt-BR\",\"potentialAction\":[{\"@type\":\"ReadAction\",\"target\":[\"https:\/\/bbn1.bbnradio.org\/portuguese\/os-5-cursos-mais-acessados\/\"]}]},{\"@type\":\"BreadcrumbList\",\"@id\":\"https:\/\/bbn1.bbnradio.org\/portuguese\/os-5-cursos-mais-acessados\/#breadcrumb\",\"itemListElement\":[{\"@type\":\"ListItem\",\"position\":1,\"name\":\"Home\",\"item\":\"https:\/\/bbn1.bbnradio.org\/portuguese\/inicio\/\"},{\"@type\":\"ListItem\",\"position\":2,\"name\":\"Os 5 cursos mais acessados\"}]},{\"@type\":\"WebSite\",\"@id\":\"https:\/\/bbn1.bbnradio.org\/portuguese\/#website\",\"url\":\"https:\/\/bbn1.bbnradio.org\/portuguese\/\",\"name\":\"BBN Portuguese\",\"description\":\"BBN\",\"potentialAction\":[{\"@type\":\"SearchAction\",\"target\":{\"@type\":\"EntryPoint\",\"urlTemplate\":\"https:\/\/bbn1.bbnradio.org\/portuguese\/?s={search_term_string}\"},\"query-input\":{\"@type\":\"PropertyValueSpecification\",\"valueRequired\":true,\"valueName\":\"search_term_string\"}}],\"inLanguage\":\"pt-BR\"}]}<\/script>\n<!-- \/ Yoast SEO Premium plugin. -->","yoast_head_json":{"title":"Os 5 cursos mais acessados - BBN","description":"5 cursos mais acessados pelos alunos do Instituo B\u00edblico online da BBN","robots":{"index":"index","follow":"follow","max-snippet":"max-snippet:-1","max-image-preview":"max-image-preview:large","max-video-preview":"max-video-preview:-1"},"canonical":"https:\/\/bbn1.bbnradio.org\/portuguese\/os-5-cursos-mais-acessados\/","og_locale":"pt_BR","og_type":"article","og_title":"DESAFIO do Instituto B\u00edblico da BBN","og_description":"Complete um curso at\u00e9 12 de junho! Estas s\u00e3o 5 sugest\u00f5es de curso da equipe.","og_url":"https:\/\/bbn1.bbnradio.org\/portuguese\/os-5-cursos-mais-acessados\/","og_site_name":"BBN","article_publisher":"https:\/\/www.facebook.com\/BBNPortugues","article_modified_time":"2024-05-29T19:27:05+00:00","twitter_card":"summary_large_image","twitter_title":"DESAFIO do Instituto B\u00edblico da BBN","twitter_description":"Complete um curso at\u00e9 12 de junho! Estas s\u00e3o 5 sugest\u00f5es de curso da equipe.","twitter_site":"@BBNPortugues","twitter_misc":{"Est. tempo de leitura":"2 minutos"},"schema":{"@context":"https:\/\/schema.org","@graph":[{"@type":"WebPage","@id":"https:\/\/bbn1.bbnradio.org\/portuguese\/os-5-cursos-mais-acessados\/","url":"https:\/\/bbn1.bbnradio.org\/portuguese\/os-5-cursos-mais-acessados\/","name":"Os 5 cursos mais acessados - BBN","isPartOf":{"@id":"https:\/\/bbn1.bbnradio.org\/portuguese\/#website"},"datePublished":"2016-02-10T21:05:06+00:00","dateModified":"2024-05-29T19:27:05+00:00","description":"5 cursos mais acessados pelos alunos do Instituo B\u00edblico online da BBN","breadcrumb":{"@id":"https:\/\/bbn1.bbnradio.org\/portuguese\/os-5-cursos-mais-acessados\/#breadcrumb"},"inLanguage":"pt-BR","potentialAction":[{"@type":"ReadAction","target":["https:\/\/bbn1.bbnradio.org\/portuguese\/os-5-cursos-mais-acessados\/"]}]},{"@type":"BreadcrumbList","@id":"https:\/\/bbn1.bbnradio.org\/portuguese\/os-5-cursos-mais-acessados\/#breadcrumb","itemListElement":[{"@type":"ListItem","position":1,"name":"Home","item":"https:\/\/bbn1.bbnradio.org\/portuguese\/inicio\/"},{"@type":"ListItem","position":2,"name":"Os 5 cursos mais acessados"}]},{"@type":"WebSite","@id":"https:\/\/bbn1.bbnradio.org\/portuguese\/#website","url":"https:\/\/bbn1.bbnradio.org\/portuguese\/","name":"BBN Portuguese","description":"BBN","potentialAction":[{"@type":"SearchAction","target":{"@type":"EntryPoint","urlTemplate":"https:\/\/bbn1.bbnradio.org\/portuguese\/?s={search_term_string}"},"query-input":{"@type":"PropertyValueSpecification","valueRequired":true,"valueName":"search_term_string"}}],"inLanguage":"pt-BR"}]}},"jetpack_sharing_enabled":true,"jetpack_shortlink":"https:\/\/wp.me\/P85nO0-e","_links":{"self":[{"href":"https:\/\/bbn1.bbnradio.org\/portuguese\/wp-json\/wp\/v2\/pages\/14","targetHints":{"allow":["GET"]}}],"collection":[{"href":"https:\/\/bbn1.bbnradio.org\/portuguese\/wp-json\/wp\/v2\/pages"}],"about":[{"href":"https:\/\/bbn1.bbnradio.org\/portuguese\/wp-json\/wp\/v2\/types\/page"}],"author":[{"embeddable":true,"href":"https:\/\/bbn1.bbnradio.org\/portuguese\/wp-json\/wp\/v2\/users\/3"}],"replies":[{"embeddable":true,"href":"https:\/\/bbn1.bbnradio.org\/portuguese\/wp-json\/wp\/v2\/comments?post=14"}],"version-history":[{"count":2,"href":"https:\/\/bbn1.bbnradio.org\/portuguese\/wp-json\/wp\/v2\/pages\/14\/revisions"}],"predecessor-version":[{"id":16201,"href":"https:\/\/bbn1.bbnradio.org\/portuguese\/wp-json\/wp\/v2\/pages\/14\/revisions\/16201"}],"wp:attachment":[{"href":"https:\/\/bbn1.bbnradio.org\/portuguese\/wp-json\/wp\/v2\/media?parent=14"}],"wp:term":[{"taxonomy":"category","embeddable":true,"href":"https:\/\/bbn1.bbnradio.org\/portuguese\/wp-json\/wp\/v2\/categories?post=14"},{"taxonomy":"post_tag","embeddable":true,"href":"https:\/\/bbn1.bbnradio.org\/portuguese\/wp-json\/wp\/v2\/tags?post=14"}],"curies":[{"name":"wp","href":"https:\/\/api.w.org\/{rel}","templated":true}]}}