{"id":172,"date":"2017-02-20T10:30:25","date_gmt":"2017-02-20T15:30:25","guid":{"rendered":"http:\/\/bbn1.bbnradio.org\/portuguese\/?page_id=172"},"modified":"2021-03-03T18:30:23","modified_gmt":"2021-03-03T21:30:23","slug":"lowell-davey-terminou-com-vitoria","status":"publish","type":"page","link":"https:\/\/bbn1.bbnradio.org\/portuguese\/lowell-davey-terminou-com-vitoria\/","title":{"rendered":"Lowell Davey &#8211; terminou com vit\u00f3ria"},"content":{"rendered":"\n<style type=\"text\/css\" data-created_by=\"avia_inline_auto\" id=\"style-css-av-1939ms-756eeca28b0873b321abad74052c7875\">\n.avia-section.av-1939ms-756eeca28b0873b321abad74052c7875{\nbackground-color:#003800;\nbackground-image:unset;\n}\n<\/style>\n<div id='av_section_1'  class='avia-section av-1939ms-756eeca28b0873b321abad74052c7875 main_color avia-section-default avia-no-shadow  avia-builder-el-0  el_before_av_textblock  avia-builder-el-first  avia-bg-style-scroll container_wrap sidebar_right'  ><div class='container av-section-cont-open' ><main  role=\"main\" itemprop=\"mainContentOfPage\"  class='template-page content  av-content-small alpha units'><div class='post-entry post-entry-type-page post-entry-172'><div class='entry-content-wrapper clearfix'>\n\n<style type=\"text\/css\" data-created_by=\"avia_inline_auto\" id=\"style-css-av-118sng-976babaed7dce1b0be9b4808aeae374e\">\n.avia-image-container.av-118sng-976babaed7dce1b0be9b4808aeae374e img.avia_image{\nbox-shadow:none;\n}\n.avia-image-container.av-118sng-976babaed7dce1b0be9b4808aeae374e .av-image-caption-overlay-center{\ncolor:#ffffff;\n}\n<\/style>\n<div  class='avia-image-container av-118sng-976babaed7dce1b0be9b4808aeae374e av-styling- avia-align-center  avia-builder-el-1  el_before_av_heading  avia-builder-el-first '   itemprop=\"image\" itemscope=\"itemscope\" itemtype=\"https:\/\/schema.org\/ImageObject\" ><div class=\"avia-image-container-inner\"><div class=\"avia-image-overlay-wrap\"><img decoding=\"async\" fetchpriority=\"high\" class='wp-image-174 avia-img-lazy-loading-not-174 avia_image ' src=\"https:\/\/bbn1.bbnradio.org\/portuguese\/wp-content\/uploads\/sites\/6\/2017\/02\/Lowell-WYFI-sign-on-1.jpg\" alt='' title='Lowell-WYFI-sign-on (1)'  height=\"398\" width=\"799\"  itemprop=\"thumbnailUrl\"  \/><\/div><\/div><\/div>\n\n<style type=\"text\/css\" data-created_by=\"avia_inline_auto\" id=\"style-css-av-yqvro-c9f4db08194f48ba177c09bb71c76c19\">\n#top .av-special-heading.av-yqvro-c9f4db08194f48ba177c09bb71c76c19{\npadding-bottom:10px;\ncolor:#ffffff;\n}\nbody .av-special-heading.av-yqvro-c9f4db08194f48ba177c09bb71c76c19 .av-special-heading-tag .heading-char{\nfont-size:25px;\n}\n.av-special-heading.av-yqvro-c9f4db08194f48ba177c09bb71c76c19 .special-heading-inner-border{\nborder-color:#ffffff;\n}\n.av-special-heading.av-yqvro-c9f4db08194f48ba177c09bb71c76c19 .av-subheading{\nfont-size:20px;\n}\n<\/style>\n<div  class='av-special-heading av-yqvro-c9f4db08194f48ba177c09bb71c76c19 av-special-heading-h3 custom-color-heading blockquote modern-quote modern-centered  avia-builder-el-2  el_after_av_image  avia-builder-el-last '><h3 class='av-special-heading-tag '  itemprop=\"headline\"  >Dr. Lowell Davey<\/h3><div class='av_custom_color av-subheading av-subheading_below'><p>22 de julho de 1933 &#8211; 18 de fevereiro de 2017<\/p>\n<\/div><div class=\"special-heading-border\"><div class=\"special-heading-inner-border\"><\/div><\/div><\/div>\n<\/div><\/div><\/main><!-- close content main element --><\/div><\/div><div id='after_section_1'  class='main_color av_default_container_wrap container_wrap sidebar_right'  ><div class='container av-section-cont-open' ><div class='template-page content  av-content-small alpha units'><div class='post-entry post-entry-type-page post-entry-172'><div class='entry-content-wrapper clearfix'>\n<section  class='av_textblock_section av-sa7zw-a0fd24bad578a2cb47c4c4ec7a4a1870 '   itemscope=\"itemscope\" itemtype=\"https:\/\/schema.org\/CreativeWork\" ><div class='avia_textblock'  itemprop=\"text\" ><blockquote>\n<p>&#8220;Tendo por certo isto mesmo, que aquele que em v\u00f3s come\u00e7ou a boa obra a aperfei\u00e7oar\u00e1 at\u00e9 ao dia de Jesus Cristo&#8230;&#8221;<br \/>\nFilipenses 1:6<\/p>\n<\/blockquote>\n<p>No dia 18 de fevereiro de 2017, o Dr. Lowell Davey, fundador e presidente da BBN, entrou na presen\u00e7a de seu amado Senhor e Salvador Jesus Cristo, com a idade de 83 anos. Todos n\u00f3s aqui na BBN ficamos muito tristes por esta perda aqui na Terra, contudo, nos regozijamos por saber que ele se encontrou face a face com o seu Salvador, a quem muito amou e serviu fielmente por tantas d\u00e9cadas.<\/p>\n<p>Ao deixar esta Terra, o Dr. Davey nos deixou o testemunho de um bom e fiel servo de Deus. Sua fidelidade, com a qual serviu ao Senhor e motivou outros a O servirem tamb\u00e9m, deixou um legado impressionante. As verdadeiras grandes realiza\u00e7\u00f5es n\u00e3o se medem em anos, mas sim pelo impacto causado na eternidade. Ao ver a Boa Obra que o Senhor come\u00e7ou na vida de Lowell Davey, percebemos que tudo foi obra de Deus. A Gl\u00f3ria \u00e9 toda de Deus, as b\u00ean\u00e7\u00e3os s\u00e3o nossas.<\/p>\n<p>Pedimos que ore por Georgie, sua esposa, por sua fam\u00edlia, e por toda a equipe da BBN. Sabemos que Deus ainda n\u00e3o terminou Sua obra em n\u00f3s. Ainda h\u00e1 muito mais a fazer. Contudo, mesmo em meio \u00e0 nossa saudade, podemos dizer com muita confian\u00e7a: \u201cA Deus seja a gl\u00f3ria, grandes coisas Ele tem feito!\u201d<\/p>\n<\/div><\/section>\n<section  class='av_textblock_section av-jjffo-ce0472da1a1e6acfa76895de96dcc0ae '   itemscope=\"itemscope\" itemtype=\"https:\/\/schema.org\/CreativeWork\" ><div class='avia_textblock'  itemprop=\"text\" ><p>Agradecemos por continuar orando pela fam\u00edlia do Dr. Davey e por todos n\u00f3s aqui na BBN.<\/p>\n<\/div><\/section>\n\n<style type=\"text\/css\" data-created_by=\"avia_inline_auto\" id=\"style-css-av-ddj0c-4114c80b140bf5d00c346d0410240a23\">\n#top .hr.hr-invisible.av-ddj0c-4114c80b140bf5d00c346d0410240a23{\nheight:50px;\n}\n<\/style>\n<div  class='hr av-ddj0c-4114c80b140bf5d00c346d0410240a23 hr-invisible  avia-builder-el-5  el_after_av_textblock  el_before_av_image '><span class='hr-inner '><span class=\"hr-inner-style\"><\/span><\/span><\/div>\n\n<style type=\"text\/css\" data-created_by=\"avia_inline_auto\" id=\"style-css-av-74hxg-01abc758ab219a11e4e1a7398e5fbe9a\">\n.avia-image-container.av-74hxg-01abc758ab219a11e4e1a7398e5fbe9a img.avia_image{\nbox-shadow:none;\n}\n.avia-image-container.av-74hxg-01abc758ab219a11e4e1a7398e5fbe9a .av-image-caption-overlay-center{\ncolor:#ffffff;\n}\n<\/style>\n<div  class='avia-image-container av-74hxg-01abc758ab219a11e4e1a7398e5fbe9a av-styling- avia-align-center  avia-builder-el-6  el_after_av_hr  avia-builder-el-last '   itemprop=\"image\" itemscope=\"itemscope\" itemtype=\"https:\/\/schema.org\/ImageObject\" ><div class=\"avia-image-container-inner\"><div class=\"avia-image-overlay-wrap\"><img decoding=\"async\" fetchpriority=\"high\" class='wp-image-175 avia-img-lazy-loading-not-175 avia_image ' src=\"https:\/\/bbn1.bbnradio.org\/portuguese\/wp-content\/uploads\/sites\/6\/2017\/02\/Lowell_and_Georgie.jpg\" alt='' title='Lowell_and_Georgie'  height=\"731\" width=\"1024\"  itemprop=\"thumbnailUrl\"  \/><\/div><\/div><\/div>\n<!-- AddThis Advanced Settings generic via filter on the_content --><!-- AddThis Share Buttons generic via filter on the_content -->","protected":false},"excerpt":{"rendered":"<p><!-- AddThis Advanced Settings generic via filter on get_the_excerpt --><!-- AddThis Share Buttons generic via filter on get_the_excerpt --><\/p>\n","protected":false},"author":3,"featured_media":174,"parent":0,"menu_order":0,"comment_status":"closed","ping_status":"closed","template":"","meta":{"jetpack_post_was_ever_published":false,"footnotes":""},"categories":[],"tags":[],"class_list":["post-172","page","type-page","status-publish","has-post-thumbnail","hentry"],"yoast_head":"<!-- This site is optimized with the Yoast SEO Premium plugin v24.8 (Yoast SEO v24.8.1) - https:\/\/yoast.com\/wordpress\/plugins\/seo\/ -->\n<title>Lowell Davey - terminou com vit\u00f3ria - BBN<\/title>\n<meta name=\"robots\" content=\"index, follow, max-snippet:-1, max-image-preview:large, max-video-preview:-1\" \/>\n<link rel=\"canonical\" href=\"https:\/\/bbn1.bbnradio.org\/portuguese\/lowell-davey-terminou-com-vitoria\/\" \/>\n<meta property=\"og:locale\" content=\"pt_BR\" \/>\n<meta property=\"og:type\" content=\"article\" \/>\n<meta property=\"og:title\" content=\"Terminou com vit\u00f3ria\" \/>\n<meta property=\"og:description\" content=\"No dia 18 de fevereiro, \u00e0s 7:05 da manh\u00e3 (hor\u00e1rio de Bras\u00edlia) nosso fundador e presidente, o Dr. Lowell Davey, entrou na presen\u00e7a de seu amado Senhor e Salvador, Jesus Cristo com a idade de 83 anos. Todos n\u00f3s aqui na BBN estamos sensibilizados por esta perda aqui na Terra, contudo, nos regozijamos juntamente com ele por saber que ele se encontrou face a face com o seu Salvador, a quem amou e serviu por tantos anos.\" \/>\n<meta property=\"og:url\" content=\"https:\/\/bbn1.bbnradio.org\/portuguese\/lowell-davey-terminou-com-vitoria\/\" \/>\n<meta property=\"og:site_name\" content=\"BBN\" \/>\n<meta property=\"article:publisher\" content=\"https:\/\/www.facebook.com\/BBNPortugues\" \/>\n<meta property=\"article:modified_time\" content=\"2021-03-03T21:30:23+00:00\" \/>\n<meta property=\"og:image\" content=\"https:\/\/bbn1.bbnradio.org\/portuguese\/wp-content\/uploads\/sites\/6\/2017\/02\/Lowell-WYFI-sign-on-1.jpg\" \/>\n\t<meta property=\"og:image:width\" content=\"799\" \/>\n\t<meta property=\"og:image:height\" content=\"398\" \/>\n\t<meta property=\"og:image:type\" content=\"image\/jpeg\" \/>\n<meta name=\"twitter:card\" content=\"summary_large_image\" \/>\n<meta name=\"twitter:title\" content=\"Terminou com vit\u00f3ria\" \/>\n<meta name=\"twitter:description\" content=\"No s\u00e1bado, \u00e0s 7:05 da manh\u00e3 (hor\u00e1rio de Bras\u00edlia), o Dr. Lowell Davey, fundador e presidente da BBN, entrou na presen\u00e7a de Deus, aos 83 anos de idade.\" \/>\n<meta name=\"twitter:image\" content=\"https:\/\/bbn1.bbnradio.org\/portuguese\/wp-content\/uploads\/sites\/6\/2017\/02\/Lowell-WYFI-sign-on-1.jpg\" \/>\n<meta name=\"twitter:site\" content=\"@BBNPortugues\" \/>\n<meta name=\"twitter:label1\" content=\"Est. tempo de leitura\" \/>\n\t<meta name=\"twitter:data1\" content=\"3 minutos\" \/>\n<script type=\"application\/ld+json\" class=\"yoast-schema-graph\">{\"@context\":\"https:\/\/schema.org\",\"@graph\":[{\"@type\":\"WebPage\",\"@id\":\"https:\/\/bbn1.bbnradio.org\/portuguese\/lowell-davey-terminou-com-vitoria\/\",\"url\":\"https:\/\/bbn1.bbnradio.org\/portuguese\/lowell-davey-terminou-com-vitoria\/\",\"name\":\"Lowell Davey - terminou com vit\u00f3ria - BBN\",\"isPartOf\":{\"@id\":\"https:\/\/bbn1.bbnradio.org\/portuguese\/#website\"},\"primaryImageOfPage\":{\"@id\":\"https:\/\/bbn1.bbnradio.org\/portuguese\/lowell-davey-terminou-com-vitoria\/#primaryimage\"},\"image\":{\"@id\":\"https:\/\/bbn1.bbnradio.org\/portuguese\/lowell-davey-terminou-com-vitoria\/#primaryimage\"},\"thumbnailUrl\":\"https:\/\/bbn1.bbnradio.org\/portuguese\/wp-content\/uploads\/sites\/6\/2017\/02\/Lowell-WYFI-sign-on-1.jpg\",\"datePublished\":\"2017-02-20T15:30:25+00:00\",\"dateModified\":\"2021-03-03T21:30:23+00:00\",\"breadcrumb\":{\"@id\":\"https:\/\/bbn1.bbnradio.org\/portuguese\/lowell-davey-terminou-com-vitoria\/#breadcrumb\"},\"inLanguage\":\"pt-BR\",\"potentialAction\":[{\"@type\":\"ReadAction\",\"target\":[\"https:\/\/bbn1.bbnradio.org\/portuguese\/lowell-davey-terminou-com-vitoria\/\"]}]},{\"@type\":\"ImageObject\",\"inLanguage\":\"pt-BR\",\"@id\":\"https:\/\/bbn1.bbnradio.org\/portuguese\/lowell-davey-terminou-com-vitoria\/#primaryimage\",\"url\":\"https:\/\/bbn1.bbnradio.org\/portuguese\/wp-content\/uploads\/sites\/6\/2017\/02\/Lowell-WYFI-sign-on-1.jpg\",\"contentUrl\":\"https:\/\/bbn1.bbnradio.org\/portuguese\/wp-content\/uploads\/sites\/6\/2017\/02\/Lowell-WYFI-sign-on-1.jpg\",\"width\":799,\"height\":398},{\"@type\":\"BreadcrumbList\",\"@id\":\"https:\/\/bbn1.bbnradio.org\/portuguese\/lowell-davey-terminou-com-vitoria\/#breadcrumb\",\"itemListElement\":[{\"@type\":\"ListItem\",\"position\":1,\"name\":\"Home\",\"item\":\"https:\/\/bbn1.bbnradio.org\/portuguese\/inicio\/\"},{\"@type\":\"ListItem\",\"position\":2,\"name\":\"Lowell Davey &#8211; terminou com vit\u00f3ria\"}]},{\"@type\":\"WebSite\",\"@id\":\"https:\/\/bbn1.bbnradio.org\/portuguese\/#website\",\"url\":\"https:\/\/bbn1.bbnradio.org\/portuguese\/\",\"name\":\"BBN Portuguese\",\"description\":\"BBN\",\"potentialAction\":[{\"@type\":\"SearchAction\",\"target\":{\"@type\":\"EntryPoint\",\"urlTemplate\":\"https:\/\/bbn1.bbnradio.org\/portuguese\/?s={search_term_string}\"},\"query-input\":{\"@type\":\"PropertyValueSpecification\",\"valueRequired\":true,\"valueName\":\"search_term_string\"}}],\"inLanguage\":\"pt-BR\"}]}<\/script>\n<!-- \/ Yoast SEO Premium plugin. -->","yoast_head_json":{"title":"Lowell Davey - terminou com vit\u00f3ria - BBN","robots":{"index":"index","follow":"follow","max-snippet":"max-snippet:-1","max-image-preview":"max-image-preview:large","max-video-preview":"max-video-preview:-1"},"canonical":"https:\/\/bbn1.bbnradio.org\/portuguese\/lowell-davey-terminou-com-vitoria\/","og_locale":"pt_BR","og_type":"article","og_title":"Terminou com vit\u00f3ria","og_description":"No dia 18 de fevereiro, \u00e0s 7:05 da manh\u00e3 (hor\u00e1rio de Bras\u00edlia) nosso fundador e presidente, o Dr. Lowell Davey, entrou na presen\u00e7a de seu amado Senhor e Salvador, Jesus Cristo com a idade de 83 anos. Todos n\u00f3s aqui na BBN estamos sensibilizados por esta perda aqui na Terra, contudo, nos regozijamos juntamente com ele por saber que ele se encontrou face a face com o seu Salvador, a quem amou e serviu por tantos anos.","og_url":"https:\/\/bbn1.bbnradio.org\/portuguese\/lowell-davey-terminou-com-vitoria\/","og_site_name":"BBN","article_publisher":"https:\/\/www.facebook.com\/BBNPortugues","article_modified_time":"2021-03-03T21:30:23+00:00","og_image":[{"width":799,"height":398,"url":"https:\/\/bbn1.bbnradio.org\/portuguese\/wp-content\/uploads\/sites\/6\/2017\/02\/Lowell-WYFI-sign-on-1.jpg","type":"image\/jpeg"}],"twitter_card":"summary_large_image","twitter_title":"Terminou com vit\u00f3ria","twitter_description":"No s\u00e1bado, \u00e0s 7:05 da manh\u00e3 (hor\u00e1rio de Bras\u00edlia), o Dr. Lowell Davey, fundador e presidente da BBN, entrou na presen\u00e7a de Deus, aos 83 anos de idade.","twitter_image":"https:\/\/bbn1.bbnradio.org\/portuguese\/wp-content\/uploads\/sites\/6\/2017\/02\/Lowell-WYFI-sign-on-1.jpg","twitter_site":"@BBNPortugues","twitter_misc":{"Est. tempo de leitura":"3 minutos"},"schema":{"@context":"https:\/\/schema.org","@graph":[{"@type":"WebPage","@id":"https:\/\/bbn1.bbnradio.org\/portuguese\/lowell-davey-terminou-com-vitoria\/","url":"https:\/\/bbn1.bbnradio.org\/portuguese\/lowell-davey-terminou-com-vitoria\/","name":"Lowell Davey - terminou com vit\u00f3ria - BBN","isPartOf":{"@id":"https:\/\/bbn1.bbnradio.org\/portuguese\/#website"},"primaryImageOfPage":{"@id":"https:\/\/bbn1.bbnradio.org\/portuguese\/lowell-davey-terminou-com-vitoria\/#primaryimage"},"image":{"@id":"https:\/\/bbn1.bbnradio.org\/portuguese\/lowell-davey-terminou-com-vitoria\/#primaryimage"},"thumbnailUrl":"https:\/\/bbn1.bbnradio.org\/portuguese\/wp-content\/uploads\/sites\/6\/2017\/02\/Lowell-WYFI-sign-on-1.jpg","datePublished":"2017-02-20T15:30:25+00:00","dateModified":"2021-03-03T21:30:23+00:00","breadcrumb":{"@id":"https:\/\/bbn1.bbnradio.org\/portuguese\/lowell-davey-terminou-com-vitoria\/#breadcrumb"},"inLanguage":"pt-BR","potentialAction":[{"@type":"ReadAction","target":["https:\/\/bbn1.bbnradio.org\/portuguese\/lowell-davey-terminou-com-vitoria\/"]}]},{"@type":"ImageObject","inLanguage":"pt-BR","@id":"https:\/\/bbn1.bbnradio.org\/portuguese\/lowell-davey-terminou-com-vitoria\/#primaryimage","url":"https:\/\/bbn1.bbnradio.org\/portuguese\/wp-content\/uploads\/sites\/6\/2017\/02\/Lowell-WYFI-sign-on-1.jpg","contentUrl":"https:\/\/bbn1.bbnradio.org\/portuguese\/wp-content\/uploads\/sites\/6\/2017\/02\/Lowell-WYFI-sign-on-1.jpg","width":799,"height":398},{"@type":"BreadcrumbList","@id":"https:\/\/bbn1.bbnradio.org\/portuguese\/lowell-davey-terminou-com-vitoria\/#breadcrumb","itemListElement":[{"@type":"ListItem","position":1,"name":"Home","item":"https:\/\/bbn1.bbnradio.org\/portuguese\/inicio\/"},{"@type":"ListItem","position":2,"name":"Lowell Davey &#8211; terminou com vit\u00f3ria"}]},{"@type":"WebSite","@id":"https:\/\/bbn1.bbnradio.org\/portuguese\/#website","url":"https:\/\/bbn1.bbnradio.org\/portuguese\/","name":"BBN Portuguese","description":"BBN","potentialAction":[{"@type":"SearchAction","target":{"@type":"EntryPoint","urlTemplate":"https:\/\/bbn1.bbnradio.org\/portuguese\/?s={search_term_string}"},"query-input":{"@type":"PropertyValueSpecification","valueRequired":true,"valueName":"search_term_string"}}],"inLanguage":"pt-BR"}]}},"jetpack_sharing_enabled":true,"jetpack_shortlink":"https:\/\/wp.me\/P85nO0-2M","_links":{"self":[{"href":"https:\/\/bbn1.bbnradio.org\/portuguese\/wp-json\/wp\/v2\/pages\/172","targetHints":{"allow":["GET"]}}],"collection":[{"href":"https:\/\/bbn1.bbnradio.org\/portuguese\/wp-json\/wp\/v2\/pages"}],"about":[{"href":"https:\/\/bbn1.bbnradio.org\/portuguese\/wp-json\/wp\/v2\/types\/page"}],"author":[{"embeddable":true,"href":"https:\/\/bbn1.bbnradio.org\/portuguese\/wp-json\/wp\/v2\/users\/3"}],"replies":[{"embeddable":true,"href":"https:\/\/bbn1.bbnradio.org\/portuguese\/wp-json\/wp\/v2\/comments?post=172"}],"version-history":[{"count":3,"href":"https:\/\/bbn1.bbnradio.org\/portuguese\/wp-json\/wp\/v2\/pages\/172\/revisions"}],"predecessor-version":[{"id":15035,"href":"https:\/\/bbn1.bbnradio.org\/portuguese\/wp-json\/wp\/v2\/pages\/172\/revisions\/15035"}],"wp:featuredmedia":[{"embeddable":true,"href":"https:\/\/bbn1.bbnradio.org\/portuguese\/wp-json\/wp\/v2\/media\/174"}],"wp:attachment":[{"href":"https:\/\/bbn1.bbnradio.org\/portuguese\/wp-json\/wp\/v2\/media?parent=172"}],"wp:term":[{"taxonomy":"category","embeddable":true,"href":"https:\/\/bbn1.bbnradio.org\/portuguese\/wp-json\/wp\/v2\/categories?post=172"},{"taxonomy":"post_tag","embeddable":true,"href":"https:\/\/bbn1.bbnradio.org\/portuguese\/wp-json\/wp\/v2\/tags?post=172"}],"curies":[{"name":"wp","href":"https:\/\/api.w.org\/{rel}","templated":true}]}}