{"id":3419,"date":"2015-04-28T12:06:59","date_gmt":"2015-04-28T16:06:59","guid":{"rendered":"https:\/\/bbn1.bbnradio.org\/english\/?page_id=3419"},"modified":"2018-06-26T14:11:30","modified_gmt":"2018-06-26T19:11:30","slug":"problemas-com-a-transmissao-ao-vivo","status":"publish","type":"page","link":"https:\/\/bbn1.bbnradio.org\/portuguese\/fale-conosco\/relate-um-problema\/problemas-com-a-transmissao-ao-vivo\/","title":{"rendered":"Problemas com a transmiss\u00e3o ao vivo"},"content":{"rendered":"<section  class='av_textblock_section av-av_textblock-0366cc7376be6c9e82a3e9cc8987b64f '   itemscope=\"itemscope\" itemtype=\"https:\/\/schema.org\/CreativeWork\" ><div class='avia_textblock'  itemprop=\"text\" >\n<div class=\"wpcf7 no-js\" id=\"wpcf7-f3953-o1\" lang=\"en-US\" dir=\"ltr\">\n<div class=\"screen-reader-response\"><p role=\"status\" aria-live=\"polite\" aria-atomic=\"true\"><\/p> <ul><\/ul><\/div>\n<form action=\"\/portuguese\/wp-json\/wp\/v2\/pages\/3419#wpcf7-f3953-o1\" method=\"post\" class=\"wpcf7-form init\" aria-label=\"Contact form\" novalidate=\"novalidate\" data-status=\"init\">\n<div style=\"display: none;\">\n<input type=\"hidden\" name=\"_wpcf7\" value=\"3953\" \/>\n<input type=\"hidden\" name=\"_wpcf7_version\" value=\"5.7.6\" \/>\n<input type=\"hidden\" name=\"_wpcf7_locale\" value=\"en_US\" \/>\n<input type=\"hidden\" name=\"_wpcf7_unit_tag\" value=\"wpcf7-f3953-o1\" \/>\n<input type=\"hidden\" name=\"_wpcf7_container_post\" value=\"0\" \/>\n<input type=\"hidden\" name=\"_wpcf7_posted_data_hash\" value=\"\" \/>\n<\/div>\n<p>Nome (Obrigat\u00f3rio)\n<\/p>\n<p><span class=\"wpcf7-form-control-wrap\" data-name=\"your-name\"><input size=\"40\" maxlength=\"25\" class=\"wpcf7-form-control wpcf7-text wpcf7-validates-as-required\" aria-required=\"true\" aria-invalid=\"false\" value=\"\" type=\"text\" name=\"your-name\" \/><\/span>\n<\/p>\n<p>E-mail (Obrigat\u00f3rio)\n<\/p>\n<p><span class=\"wpcf7-form-control-wrap\" data-name=\"your-email\"><input size=\"40\" class=\"wpcf7-form-control wpcf7-text wpcf7-email wpcf7-validates-as-required wpcf7-validates-as-email\" aria-required=\"true\" aria-invalid=\"false\" value=\"\" type=\"email\" name=\"your-email\" \/><\/span>\n<\/p>\n<p>Assunto - Resumido em uma linha\n<\/p>\n<p><span class=\"wpcf7-form-control-wrap\" data-name=\"your-subject\"><input size=\"40\" class=\"wpcf7-form-control wpcf7-text\" aria-invalid=\"false\" value=\"\" type=\"text\" name=\"your-subject\" \/><\/span>\n<\/p>\n<p>Sua mensagem relacionada a transmiss\u00e3o ao vivo\n<\/p>\n<p><span class=\"wpcf7-form-control-wrap\" data-name=\"your-message\"><textarea cols=\"40\" rows=\"10\" class=\"wpcf7-form-control wpcf7-textarea\" aria-invalid=\"false\" name=\"your-message\"><\/textarea><\/span>\n<\/p>\n<p>Qual o reprodutor que voc\u00ea est\u00e1 usando ou tentando usar?<br \/>\n<span class=\"wpcf7-form-control-wrap\" data-name=\"menu-579\"><select class=\"wpcf7-form-control wpcf7-select\" aria-invalid=\"false\" name=\"menu-579\"><option value=\"\">&#8212;Please choose an option&#8212;<\/option><option value=\"N\u00e3o Aplic\u00e1vel\">N\u00e3o Aplic\u00e1vel<\/option><option value=\"PC: Ou\u00e7a a p\u00e1gina ou o Pop-up Player\">PC: Ou\u00e7a a p\u00e1gina ou o Pop-up Player<\/option><option value=\"PC: aplicativo do Google Chrome\">PC: aplicativo do Google Chrome<\/option><option value=\"PC:  aplicativo da BBN para Windows\">PC:  aplicativo da BBN para Windows<\/option><option value=\"Celular: aplicativo da BBN para iPhone\">Celular: aplicativo da BBN para iPhone<\/option><option value=\"Celular: aplicativo  da BBN para Android ou Kindle\">Celular: aplicativo  da BBN para Android ou Kindle<\/option><option value=\"Celular: aplicativo da BBN para Windows\">Celular: aplicativo da BBN para Windows<\/option><option value=\"Celular: do site da BBN, mas sem usar um aplicativo da BBN\">Celular: do site da BBN, mas sem usar um aplicativo da BBN<\/option><option value=\"Celular: ouvir por chamada telef\u00f4nica\">Celular: ouvir por chamada telef\u00f4nica<\/option><option value=\"Alto-falante inteligente: Dispositivo Alexa da Amazon\">Alto-falante inteligente: Dispositivo Alexa da Amazon<\/option><option value=\"TV: atrav\u00e9s Amazon Fire TV\">TV: atrav\u00e9s Amazon Fire TV<\/option><option value=\"TV: atrav\u00e9s da Android TV\">TV: atrav\u00e9s da Android TV<\/option><option value=\"TV: atrav\u00e9s da Apple TV\">TV: atrav\u00e9s da Apple TV<\/option><option value=\"TV: atrav\u00e9s do Roku\">TV: atrav\u00e9s do Roku<\/option><option value=\"Atrav\u00e9s do Google Chromecast\">Atrav\u00e9s do Google Chromecast<\/option><option value=\"R\u00e1dio online\">R\u00e1dio online<\/option><option value=\"Sonos\">Sonos<\/option><option value=\"De um site que n\u00e3o \u00e9 da BBN\">De um site que n\u00e3o \u00e9 da BBN<\/option><\/select><\/span>\n<\/p>\n<p>\n\t<font color=\"red\">\n\t<\/font>\n<\/p>\n<H4>Ap\u00f3s o envio, des\u00e7a a tela para ver o status de entrega.\n<\/h4>\n<p><span id=\"wpcf7-69d270e53b6c7-wrapper\" class=\"wpcf7-form-control-wrap honeypot-996-wrap\" ><label for=\"wpcf7-69d270e53b6c7-field\" class=\"hp-message\">Please leave this field empty.<\/label><input id=\"wpcf7-69d270e53b6c7-field\"  class=\"wpcf7-form-control wpcf7-text\" type=\"text\" name=\"honeypot-996\" value=\"\" size=\"40\" tabindex=\"-1\" autocomplete=\"new-password\" \/><\/span>\n<\/p>\n<p><input class=\"wpcf7-form-control has-spinner wpcf7-submit\" type=\"submit\" value=\"Enviar\" \/>\n<\/p><p style=\"display: none !important;\" class=\"akismet-fields-container\" data-prefix=\"_wpcf7_ak_\"><label>&#916;<textarea name=\"_wpcf7_ak_hp_textarea\" cols=\"45\" rows=\"8\" maxlength=\"100\"><\/textarea><\/label><input type=\"hidden\" id=\"ak_js_1\" name=\"_wpcf7_ak_js\" value=\"124\"\/><script>document.getElementById( \"ak_js_1\" ).setAttribute( \"value\", ( new Date() ).getTime() );<\/script><\/p><div class=\"wpcf7-response-output\" aria-hidden=\"true\"><\/div>\n<\/form>\n<\/div>\n\n<\/div><\/section>\n<!-- AddThis Advanced Settings generic via filter on the_content --><!-- AddThis Share Buttons generic via filter on the_content -->","protected":false},"excerpt":{"rendered":"<p><!-- AddThis Advanced Settings generic via filter on get_the_excerpt --><!-- AddThis Share Buttons generic via filter on get_the_excerpt --><\/p>\n","protected":false},"author":22,"featured_media":0,"parent":4024,"menu_order":0,"comment_status":"open","ping_status":"open","template":"","meta":{"jetpack_post_was_ever_published":false,"footnotes":""},"class_list":["post-3419","page","type-page","status-publish","hentry"],"yoast_head":"<!-- This site is optimized with the Yoast SEO Premium plugin v24.8 (Yoast SEO v24.8.1) - https:\/\/yoast.com\/wordpress\/plugins\/seo\/ -->\n<title>Problemas com a transmiss\u00e3o ao vivo<\/title>\n<meta name=\"description\" content=\"Est\u00e1 tendo problemas com a transmiss\u00e3o ao vivo? Entre em contato conosco e iremos tratar do problema.\" \/>\n<meta name=\"robots\" content=\"index, follow, max-snippet:-1, max-image-preview:large, max-video-preview:-1\" \/>\n<link rel=\"canonical\" href=\"https:\/\/bbn1.bbnradio.org\/portuguese\/fale-conosco\/relate-um-problema\/problemas-com-a-transmissao-ao-vivo\/\" \/>\n<meta property=\"og:locale\" content=\"pt_BR\" \/>\n<meta property=\"og:type\" content=\"article\" \/>\n<meta property=\"og:title\" content=\"Problemas com a transmiss\u00e3o ao vivo\" \/>\n<meta property=\"og:description\" content=\"Est\u00e1 tendo problemas com a transmiss\u00e3o ao vivo? Entre em contato conosco e iremos tratar do problema.\" \/>\n<meta property=\"og:url\" content=\"https:\/\/bbn1.bbnradio.org\/portuguese\/fale-conosco\/relate-um-problema\/problemas-com-a-transmissao-ao-vivo\/\" \/>\n<meta property=\"og:site_name\" content=\"BBN\" \/>\n<meta property=\"article:publisher\" content=\"https:\/\/www.facebook.com\/BBNPortugues\" \/>\n<meta property=\"article:modified_time\" content=\"2018-06-26T19:11:30+00:00\" \/>\n<meta name=\"twitter:card\" content=\"summary_large_image\" \/>\n<meta name=\"twitter:title\" content=\"Problemas com a transmiss\u00e3o ao vivo\" \/>\n<meta name=\"twitter:site\" content=\"@BBNPortugues\" \/>\n<script type=\"application\/ld+json\" class=\"yoast-schema-graph\">{\"@context\":\"https:\/\/schema.org\",\"@graph\":[{\"@type\":\"WebPage\",\"@id\":\"https:\/\/bbn1.bbnradio.org\/portuguese\/fale-conosco\/relate-um-problema\/problemas-com-a-transmissao-ao-vivo\/\",\"url\":\"https:\/\/bbn1.bbnradio.org\/portuguese\/fale-conosco\/relate-um-problema\/problemas-com-a-transmissao-ao-vivo\/\",\"name\":\"Problemas com a transmiss\u00e3o ao vivo\",\"isPartOf\":{\"@id\":\"https:\/\/bbn1.bbnradio.org\/portuguese\/#website\"},\"datePublished\":\"2015-04-28T16:06:59+00:00\",\"dateModified\":\"2018-06-26T19:11:30+00:00\",\"description\":\"Est\u00e1 tendo problemas com a transmiss\u00e3o ao vivo? Entre em contato conosco e iremos tratar do problema.\",\"breadcrumb\":{\"@id\":\"https:\/\/bbn1.bbnradio.org\/portuguese\/fale-conosco\/relate-um-problema\/problemas-com-a-transmissao-ao-vivo\/#breadcrumb\"},\"inLanguage\":\"pt-BR\",\"potentialAction\":[{\"@type\":\"ReadAction\",\"target\":[\"https:\/\/bbn1.bbnradio.org\/portuguese\/fale-conosco\/relate-um-problema\/problemas-com-a-transmissao-ao-vivo\/\"]}]},{\"@type\":\"BreadcrumbList\",\"@id\":\"https:\/\/bbn1.bbnradio.org\/portuguese\/fale-conosco\/relate-um-problema\/problemas-com-a-transmissao-ao-vivo\/#breadcrumb\",\"itemListElement\":[{\"@type\":\"ListItem\",\"position\":1,\"name\":\"Home\",\"item\":\"https:\/\/bbn1.bbnradio.org\/portuguese\/inicio\/\"},{\"@type\":\"ListItem\",\"position\":2,\"name\":\"Fale Conosco\",\"item\":\"https:\/\/bbn1.bbnradio.org\/portuguese\/fale-conosco\/\"},{\"@type\":\"ListItem\",\"position\":3,\"name\":\"Relate um Problema\",\"item\":\"https:\/\/bbn1.bbnradio.org\/portuguese\/fale-conosco\/relate-um-problema\/\"},{\"@type\":\"ListItem\",\"position\":4,\"name\":\"Problemas com a transmiss\u00e3o ao vivo\"}]},{\"@type\":\"WebSite\",\"@id\":\"https:\/\/bbn1.bbnradio.org\/portuguese\/#website\",\"url\":\"https:\/\/bbn1.bbnradio.org\/portuguese\/\",\"name\":\"BBN Portuguese\",\"description\":\"BBN\",\"potentialAction\":[{\"@type\":\"SearchAction\",\"target\":{\"@type\":\"EntryPoint\",\"urlTemplate\":\"https:\/\/bbn1.bbnradio.org\/portuguese\/?s={search_term_string}\"},\"query-input\":{\"@type\":\"PropertyValueSpecification\",\"valueRequired\":true,\"valueName\":\"search_term_string\"}}],\"inLanguage\":\"pt-BR\"}]}<\/script>\n<!-- \/ Yoast SEO Premium plugin. -->","yoast_head_json":{"title":"Problemas com a transmiss\u00e3o ao vivo","description":"Est\u00e1 tendo problemas com a transmiss\u00e3o ao vivo? Entre em contato conosco e iremos tratar do problema.","robots":{"index":"index","follow":"follow","max-snippet":"max-snippet:-1","max-image-preview":"max-image-preview:large","max-video-preview":"max-video-preview:-1"},"canonical":"https:\/\/bbn1.bbnradio.org\/portuguese\/fale-conosco\/relate-um-problema\/problemas-com-a-transmissao-ao-vivo\/","og_locale":"pt_BR","og_type":"article","og_title":"Problemas com a transmiss\u00e3o ao vivo","og_description":"Est\u00e1 tendo problemas com a transmiss\u00e3o ao vivo? Entre em contato conosco e iremos tratar do problema.","og_url":"https:\/\/bbn1.bbnradio.org\/portuguese\/fale-conosco\/relate-um-problema\/problemas-com-a-transmissao-ao-vivo\/","og_site_name":"BBN","article_publisher":"https:\/\/www.facebook.com\/BBNPortugues","article_modified_time":"2018-06-26T19:11:30+00:00","twitter_card":"summary_large_image","twitter_title":"Problemas com a transmiss\u00e3o ao vivo","twitter_site":"@BBNPortugues","schema":{"@context":"https:\/\/schema.org","@graph":[{"@type":"WebPage","@id":"https:\/\/bbn1.bbnradio.org\/portuguese\/fale-conosco\/relate-um-problema\/problemas-com-a-transmissao-ao-vivo\/","url":"https:\/\/bbn1.bbnradio.org\/portuguese\/fale-conosco\/relate-um-problema\/problemas-com-a-transmissao-ao-vivo\/","name":"Problemas com a transmiss\u00e3o ao vivo","isPartOf":{"@id":"https:\/\/bbn1.bbnradio.org\/portuguese\/#website"},"datePublished":"2015-04-28T16:06:59+00:00","dateModified":"2018-06-26T19:11:30+00:00","description":"Est\u00e1 tendo problemas com a transmiss\u00e3o ao vivo? Entre em contato conosco e iremos tratar do problema.","breadcrumb":{"@id":"https:\/\/bbn1.bbnradio.org\/portuguese\/fale-conosco\/relate-um-problema\/problemas-com-a-transmissao-ao-vivo\/#breadcrumb"},"inLanguage":"pt-BR","potentialAction":[{"@type":"ReadAction","target":["https:\/\/bbn1.bbnradio.org\/portuguese\/fale-conosco\/relate-um-problema\/problemas-com-a-transmissao-ao-vivo\/"]}]},{"@type":"BreadcrumbList","@id":"https:\/\/bbn1.bbnradio.org\/portuguese\/fale-conosco\/relate-um-problema\/problemas-com-a-transmissao-ao-vivo\/#breadcrumb","itemListElement":[{"@type":"ListItem","position":1,"name":"Home","item":"https:\/\/bbn1.bbnradio.org\/portuguese\/inicio\/"},{"@type":"ListItem","position":2,"name":"Fale Conosco","item":"https:\/\/bbn1.bbnradio.org\/portuguese\/fale-conosco\/"},{"@type":"ListItem","position":3,"name":"Relate um Problema","item":"https:\/\/bbn1.bbnradio.org\/portuguese\/fale-conosco\/relate-um-problema\/"},{"@type":"ListItem","position":4,"name":"Problemas com a transmiss\u00e3o ao vivo"}]},{"@type":"WebSite","@id":"https:\/\/bbn1.bbnradio.org\/portuguese\/#website","url":"https:\/\/bbn1.bbnradio.org\/portuguese\/","name":"BBN Portuguese","description":"BBN","potentialAction":[{"@type":"SearchAction","target":{"@type":"EntryPoint","urlTemplate":"https:\/\/bbn1.bbnradio.org\/portuguese\/?s={search_term_string}"},"query-input":{"@type":"PropertyValueSpecification","valueRequired":true,"valueName":"search_term_string"}}],"inLanguage":"pt-BR"}]}},"jetpack_sharing_enabled":true,"jetpack_shortlink":"https:\/\/wp.me\/P85nO0-T9","_links":{"self":[{"href":"https:\/\/bbn1.bbnradio.org\/portuguese\/wp-json\/wp\/v2\/pages\/3419","targetHints":{"allow":["GET"]}}],"collection":[{"href":"https:\/\/bbn1.bbnradio.org\/portuguese\/wp-json\/wp\/v2\/pages"}],"about":[{"href":"https:\/\/bbn1.bbnradio.org\/portuguese\/wp-json\/wp\/v2\/types\/page"}],"author":[{"embeddable":true,"href":"https:\/\/bbn1.bbnradio.org\/portuguese\/wp-json\/wp\/v2\/users\/22"}],"replies":[{"embeddable":true,"href":"https:\/\/bbn1.bbnradio.org\/portuguese\/wp-json\/wp\/v2\/comments?post=3419"}],"version-history":[{"count":2,"href":"https:\/\/bbn1.bbnradio.org\/portuguese\/wp-json\/wp\/v2\/pages\/3419\/revisions"}],"predecessor-version":[{"id":12907,"href":"https:\/\/bbn1.bbnradio.org\/portuguese\/wp-json\/wp\/v2\/pages\/3419\/revisions\/12907"}],"up":[{"embeddable":true,"href":"https:\/\/bbn1.bbnradio.org\/portuguese\/wp-json\/wp\/v2\/pages\/4024"}],"wp:attachment":[{"href":"https:\/\/bbn1.bbnradio.org\/portuguese\/wp-json\/wp\/v2\/media?parent=3419"}],"curies":[{"name":"wp","href":"https:\/\/api.w.org\/{rel}","templated":true}]}}