{"id":4011,"date":"2015-06-25T14:38:23","date_gmt":"2015-06-25T18:38:23","guid":{"rendered":"https:\/\/bbn1.bbnradio.org\/english\/?page_id=4011"},"modified":"2019-07-29T11:29:09","modified_gmt":"2019-07-29T14:29:09","slug":"pedidos-de-material","status":"publish","type":"page","link":"https:\/\/bbn1.bbnradio.org\/portuguese\/fale-conosco\/pedidos-de-material\/","title":{"rendered":"Pedidos de Material"},"content":{"rendered":"\n<style type=\"text\/css\" data-created_by=\"avia_inline_auto\" id=\"style-css-av-g1smjf-028b0e9184a1372c7b8a15b2086dc1f0\">\n.avia-image-container.av-g1smjf-028b0e9184a1372c7b8a15b2086dc1f0 img.avia_image{\nbox-shadow:none;\n}\n.avia-image-container.av-g1smjf-028b0e9184a1372c7b8a15b2086dc1f0 .av-image-caption-overlay-center{\ncolor:#ffffff;\n}\n<\/style>\n<div  class='avia-image-container av-g1smjf-028b0e9184a1372c7b8a15b2086dc1f0 av-styling- avia-align-center  avia-builder-el-0  el_before_av_one_half  avia-builder-el-first '   itemprop=\"image\" itemscope=\"itemscope\" itemtype=\"https:\/\/schema.org\/ImageObject\" ><div class=\"avia-image-container-inner\"><div class=\"avia-image-overlay-wrap\"><img decoding=\"async\" fetchpriority=\"high\" class='wp-image-8371 avia-img-lazy-loading-not-8371 avia_image ' src=\"https:\/\/bbn1.bbnradio.org\/portuguese\/wp-content\/uploads\/sites\/6\/2016\/02\/Questions.jpg\" alt='Questions' title='Questions'  height=\"321\" width=\"613\"  itemprop=\"thumbnailUrl\"  \/><\/div><\/div><\/div>\n\n<style type=\"text\/css\" data-created_by=\"avia_inline_auto\" id=\"style-css-av-eo3kob-bd078e02d80990e0f25695e49ad08bd8\">\n.flex_column.av-eo3kob-bd078e02d80990e0f25695e49ad08bd8{\nborder-radius:0px 0px 0px 0px;\npadding:0px 0px 0px 0px;\n}\n<\/style>\n<div  class='flex_column av-eo3kob-bd078e02d80990e0f25695e49ad08bd8 av_one_half  avia-builder-el-1  el_after_av_image  el_before_av_one_half  first flex_column_div av-zero-column-padding  '     ><style type=\"text\/css\" data-created_by=\"avia_inline_auto\" id=\"style-css-av-clcdyj-f4ffa7b36749add9ff634c78c5701c2a\">\n#top .avia-icon-list-container.av-clcdyj-f4ffa7b36749add9ff634c78c5701c2a .iconlist_icon{\ncolor:#0e80f7;\nbackground-color:#ffffff;\nborder:1px solid #0e80f7;\n}\n#top .avia-icon-list-container.av-clcdyj-f4ffa7b36749add9ff634c78c5701c2a .iconlist_icon svg:first-child{\nstroke:#0e80f7;\nfill:#0e80f7;\n}\n<\/style>\n<div  class='avia-icon-list-container av-clcdyj-f4ffa7b36749add9ff634c78c5701c2a  avia-builder-el-2  avia-builder-el-no-sibling '><ul class='avia-icon-list avia_animate_when_almost_visible avia-icon-list-left av-iconlist-big av-clcdyj-f4ffa7b36749add9ff634c78c5701c2a avia-iconlist-animate'>\n<li><a href='https://\/\/bbn1.bbnradio.org\/portuguese\/contribua\/?PHPSESSID=zt7OEuYTyXf3CD4EvKObfdK1xSQ7KZe4' title='Informa\u00e7\u00f5es Sobre Contribui\u00e7\u00e3o'  class='iconlist_icon av-av_iconlist_item-2cf2edc25810f517d31bea3be90b6393 avia-font-bank avia-iconfont avia-font-bank'><span class='av-icon-char' data-av_icon='\ue800' data-av_iconfont='bank' aria-hidden=\"true\"><\/span><\/a><article class=\"article-icon-entry \"  itemscope=\"itemscope\" itemtype=\"https:\/\/schema.org\/CreativeWork\" ><div class=\"iconlist_content_wrap\"><header class=\"entry-content-header\" aria-label=\"Icon: &lt;a href=&#039;https:\/\/bbn1.bbnradio.org\/portuguese\/contribua\/&#039; title=&#039;Informa\u00e7\u00f5es Sobre Contribui\u00e7\u00e3o&#039;&gt;Informa\u00e7\u00f5es Sobre Contribui\u00e7\u00e3o&lt;\/a&gt;\"><h4 class='av_iconlist_title iconlist_title  '  itemprop=\"headline\" ><a href='https://\/\/bbn1.bbnradio.org\/portuguese\/contribua\/?PHPSESSID=zt7OEuYTyXf3CD4EvKObfdK1xSQ7KZe4' title='Informa\u00e7\u00f5es Sobre Contribui\u00e7\u00e3o'>Informa\u00e7\u00f5es Sobre Contribui\u00e7\u00e3o<\/a><\/h4><\/header><div class='iconlist_content '  itemprop=\"text\" ><p>Tem uma pergunta sobre como contribuir financeiramente com a BBN? N\u00f3s podemos lhe ajudar!<\/p>\n<\/div><\/div><footer class=\"entry-footer\"><\/footer><\/article><div class=\"iconlist-timeline\"><\/div><\/li>\n<li><a href='https://\/\/bbn1.bbnradio.org\/portuguese\/bbn-global-o-informativo-da-bbn\/?PHPSESSID=zt7OEuYTyXf3CD4EvKObfdK1xSQ7KZe4' title='E-mails do BBN Global'  class='iconlist_icon av-8ijr1n-46f7186708d64aea1787560ebcbbcf34 avia-font-entypo-fontello avia-iconfont avia-font-entypo-fontello'><span class='av-icon-char' data-av_icon='\ue840' data-av_iconfont='entypo-fontello' aria-hidden=\"true\"><\/span><\/a><article class=\"article-icon-entry \"  itemscope=\"itemscope\" itemtype=\"https:\/\/schema.org\/CreativeWork\" ><div class=\"iconlist_content_wrap\"><header class=\"entry-content-header\" aria-label=\"Icon: &lt;a href=&#039;https:\/\/bbn1.bbnradio.org\/portuguese\/bbn-global-o-informativo-da-bbn\/&#039; title=&#039;E-mails do BBN Global&#039;&gt;E-mails do BBN Global&lt;\/a&gt;\"><h4 class='av_iconlist_title iconlist_title  '  itemprop=\"headline\" ><a href='https://\/\/bbn1.bbnradio.org\/portuguese\/bbn-global-o-informativo-da-bbn\/?PHPSESSID=zt7OEuYTyXf3CD4EvKObfdK1xSQ7KZe4' title='E-mails do BBN Global'>E-mails do BBN Global<\/a><\/h4><\/header><div class='iconlist_content '  itemprop=\"text\" ><p>Informa\u00e7\u00f5es quinzenais sobre a BBN enviadas por e-mail.<\/p>\n<\/div><\/div><footer class=\"entry-footer\"><\/footer><\/article><div class=\"iconlist-timeline\"><\/div><\/li>\n<\/ul><\/div><\/div>\n<style type=\"text\/css\" data-created_by=\"avia_inline_auto\" id=\"style-css-av-7lmwq3-7c9778fd2ba083a23bf6421a96f3f64a\">\n.flex_column.av-7lmwq3-7c9778fd2ba083a23bf6421a96f3f64a{\nborder-radius:0px 0px 0px 0px;\npadding:0px 0px 0px 0px;\n}\n<\/style>\n<div  class='flex_column av-7lmwq3-7c9778fd2ba083a23bf6421a96f3f64a av_one_half  avia-builder-el-3  el_after_av_one_half  avia-builder-el-last  flex_column_div av-zero-column-padding  '     ><style type=\"text\/css\" data-created_by=\"avia_inline_auto\" id=\"style-css-av-655jqz-0ff6ca6b5dbfaeef76f7309cc2ce6399\">\n#top .avia-icon-list-container.av-655jqz-0ff6ca6b5dbfaeef76f7309cc2ce6399 .iconlist_icon{\ncolor:#0e80f7;\nbackground-color:#ffffff;\nborder:1px solid #0e80f7;\n}\n#top .avia-icon-list-container.av-655jqz-0ff6ca6b5dbfaeef76f7309cc2ce6399 .iconlist_icon svg:first-child{\nstroke:#0e80f7;\nfill:#0e80f7;\n}\n<\/style>\n<div  class='avia-icon-list-container av-655jqz-0ff6ca6b5dbfaeef76f7309cc2ce6399  avia-builder-el-4  avia-builder-el-no-sibling '><ul class='avia-icon-list avia_animate_when_almost_visible avia-icon-list-left av-iconlist-big av-655jqz-0ff6ca6b5dbfaeef76f7309cc2ce6399 avia-iconlist-animate'>\n<li><a href='https://\/\/bbn1.bbnradio.org\/portuguese\/fale-conosco\/pedidos-de-material\/cartoes-convite\/?PHPSESSID=zt7OEuYTyXf3CD4EvKObfdK1xSQ7KZe4' title='Cart\u00f5es Convites'  class='iconlist_icon av-1u2ziz-eede32cf543b5b4be813a36baa34937c avia-font-entypo-fontello avia-iconfont avia-font-entypo-fontello'><span class='av-icon-char' data-av_icon='\ue849' data-av_iconfont='entypo-fontello' aria-hidden=\"true\"><\/span><\/a><article class=\"article-icon-entry \"  itemscope=\"itemscope\" itemtype=\"https:\/\/schema.org\/CreativeWork\" ><div class=\"iconlist_content_wrap\"><header class=\"entry-content-header\" aria-label=\"Icon: &lt;a href=&#039;https:\/\/bbn1.bbnradio.org\/portuguese\/fale-conosco\/pedidos-de-material\/cartoes-convite\/&#039; title=&#039;Cart\u00f5es Convites&#039;&gt;Cart\u00f5es Convites&lt;\/a&gt;\"><h4 class='av_iconlist_title iconlist_title  '  itemprop=\"headline\" ><a href='https://\/\/bbn1.bbnradio.org\/portuguese\/fale-conosco\/pedidos-de-material\/cartoes-convite\/?PHPSESSID=zt7OEuYTyXf3CD4EvKObfdK1xSQ7KZe4' title='Cart\u00f5es Convites'>Cart\u00f5es Convites<\/a><\/h4><\/header><div class='iconlist_content '  itemprop=\"text\" ><p>Uma excelente maneira de convidar amigos e outras pessoas a ouvir a BBN!<\/p>\n<\/div><\/div><footer class=\"entry-footer\"><\/footer><\/article><div class=\"iconlist-timeline\"><\/div><\/li>\n<li><a href='https://\/\/bbn1.bbnradio.org\/portuguese\/fale-conosco\/pedidos-de-material\/outros-materiais\/?PHPSESSID=zt7OEuYTyXf3CD4EvKObfdK1xSQ7KZe4' title='Outros Materiais'  class='iconlist_icon av-av_iconlist_item-30cef3ec2d54c1f009746a682db08e06 avia-font-entypo-fontello avia-iconfont avia-font-entypo-fontello'><span class='av-icon-char' data-av_icon='\ue84e' data-av_iconfont='entypo-fontello' aria-hidden=\"true\"><\/span><\/a><article class=\"article-icon-entry \"  itemscope=\"itemscope\" itemtype=\"https:\/\/schema.org\/CreativeWork\" ><div class=\"iconlist_content_wrap\"><header class=\"entry-content-header\" aria-label=\"Icon: &lt;a href=&#039;https:\/\/bbn1.bbnradio.org\/portuguese\/fale-conosco\/pedidos-de-material\/outros-materiais\/&#039; title=&#039;Outros Materiais&#039;&gt;Outros Materiais&lt;\/a&gt;\"><h4 class='av_iconlist_title iconlist_title  '  itemprop=\"headline\" ><a href='https://\/\/bbn1.bbnradio.org\/portuguese\/fale-conosco\/pedidos-de-material\/outros-materiais\/?PHPSESSID=zt7OEuYTyXf3CD4EvKObfdK1xSQ7KZe4' title='Outros Materiais'>Outros Materiais<\/a><\/h4><\/header><div class='iconlist_content '  itemprop=\"text\" ><p>Grade de Programa\u00e7\u00e3o, Livreto de Atividades para Crian\u00e7as e mais<\/p>\n<\/div><\/div><footer class=\"entry-footer\"><\/footer><\/article><div class=\"iconlist-timeline\"><\/div><\/li>\n<li><a href='https://\/\/bbn1.bbnradio.org\/portuguese\/fale-conosco\/pedidos-de-material\/oracao\/?PHPSESSID=zt7OEuYTyXf3CD4EvKObfdK1xSQ7KZe4' title='Ora\u00e7\u00e3o'  class='iconlist_icon av-2e52wb-3a22d18011ace34df6daec757367377c avia-font-entypo-fontello avia-iconfont avia-font-entypo-fontello'><span class='av-icon-char' data-av_icon='\ue8b1' data-av_iconfont='entypo-fontello' aria-hidden=\"true\"><\/span><\/a><article class=\"article-icon-entry \"  itemscope=\"itemscope\" itemtype=\"https:\/\/schema.org\/CreativeWork\" ><div class=\"iconlist_content_wrap\"><header class=\"entry-content-header\" aria-label=\"Icon: &lt;a href=&#039;https:\/\/bbn1.bbnradio.org\/portuguese\/fale-conosco\/pedidos-de-material\/oracao\/&#039; title=&#039;Ora\u00e7\u00e3o&#039;&gt;Ora\u00e7\u00e3o&lt;\/a&gt;\"><h4 class='av_iconlist_title iconlist_title  '  itemprop=\"headline\" ><a href='https://\/\/bbn1.bbnradio.org\/portuguese\/fale-conosco\/pedidos-de-material\/oracao\/?PHPSESSID=zt7OEuYTyXf3CD4EvKObfdK1xSQ7KZe4' title='Ora\u00e7\u00e3o'>Ora\u00e7\u00e3o<\/a><\/h4><\/header><div class='iconlist_content '  itemprop=\"text\" ><p>Pedidos para o Programa Ora\u00e7\u00e3o em Fam\u00edlia<\/p>\n<\/div><\/div><footer class=\"entry-footer\"><\/footer><\/article><div class=\"iconlist-timeline\"><\/div><\/li>\n<\/ul><\/div><\/div>\n<!-- AddThis Advanced Settings generic via filter on the_content --><!-- AddThis Share Buttons generic via filter on the_content -->","protected":false},"excerpt":{"rendered":"<p><!-- AddThis Advanced Settings generic via filter on get_the_excerpt --><!-- AddThis Share Buttons generic via filter on get_the_excerpt --><\/p>\n","protected":false},"author":22,"featured_media":0,"parent":3427,"menu_order":0,"comment_status":"open","ping_status":"open","template":"","meta":{"jetpack_post_was_ever_published":false,"footnotes":""},"categories":[],"tags":[],"class_list":["post-4011","page","type-page","status-publish","hentry"],"yoast_head":"<!-- This site is optimized with the Yoast SEO Premium plugin v24.8 (Yoast SEO v24.8.1) - https:\/\/yoast.com\/wordpress\/plugins\/seo\/ -->\n<title>Pedidos de Material<\/title>\n<meta name=\"robots\" content=\"index, follow, max-snippet:-1, max-image-preview:large, max-video-preview:-1\" \/>\n<link rel=\"canonical\" href=\"https:\/\/bbn1.bbnradio.org\/portuguese\/fale-conosco\/pedidos-de-material\/\" \/>\n<meta property=\"og:locale\" content=\"pt_BR\" \/>\n<meta property=\"og:type\" content=\"article\" \/>\n<meta property=\"og:title\" content=\"Pedidos de Material\" \/>\n<meta property=\"og:url\" content=\"https:\/\/bbn1.bbnradio.org\/portuguese\/fale-conosco\/pedidos-de-material\/\" \/>\n<meta property=\"og:site_name\" content=\"BBN\" \/>\n<meta property=\"article:publisher\" content=\"https:\/\/www.facebook.com\/BBNPortugues\" \/>\n<meta property=\"article:modified_time\" content=\"2019-07-29T14:29:09+00:00\" \/>\n<meta name=\"twitter:card\" content=\"summary_large_image\" \/>\n<meta name=\"twitter:title\" content=\"Pedidos de Material\" \/>\n<meta name=\"twitter:site\" content=\"@BBNPortugues\" \/>\n<meta name=\"twitter:label1\" content=\"Est. tempo de leitura\" \/>\n\t<meta name=\"twitter:data1\" content=\"2 minutos\" \/>\n<script type=\"application\/ld+json\" class=\"yoast-schema-graph\">{\"@context\":\"https:\/\/schema.org\",\"@graph\":[{\"@type\":\"WebPage\",\"@id\":\"https:\/\/bbn1.bbnradio.org\/portuguese\/fale-conosco\/pedidos-de-material\/\",\"url\":\"https:\/\/bbn1.bbnradio.org\/portuguese\/fale-conosco\/pedidos-de-material\/\",\"name\":\"Pedidos de Material\",\"isPartOf\":{\"@id\":\"https:\/\/bbn1.bbnradio.org\/portuguese\/#website\"},\"datePublished\":\"2015-06-25T18:38:23+00:00\",\"dateModified\":\"2019-07-29T14:29:09+00:00\",\"breadcrumb\":{\"@id\":\"https:\/\/bbn1.bbnradio.org\/portuguese\/fale-conosco\/pedidos-de-material\/#breadcrumb\"},\"inLanguage\":\"pt-BR\",\"potentialAction\":[{\"@type\":\"ReadAction\",\"target\":[\"https:\/\/bbn1.bbnradio.org\/portuguese\/fale-conosco\/pedidos-de-material\/\"]}]},{\"@type\":\"BreadcrumbList\",\"@id\":\"https:\/\/bbn1.bbnradio.org\/portuguese\/fale-conosco\/pedidos-de-material\/#breadcrumb\",\"itemListElement\":[{\"@type\":\"ListItem\",\"position\":1,\"name\":\"Home\",\"item\":\"https:\/\/bbn1.bbnradio.org\/portuguese\/inicio\/\"},{\"@type\":\"ListItem\",\"position\":2,\"name\":\"Fale Conosco\",\"item\":\"https:\/\/bbn1.bbnradio.org\/portuguese\/fale-conosco\/\"},{\"@type\":\"ListItem\",\"position\":3,\"name\":\"Pedidos de Material\"}]},{\"@type\":\"WebSite\",\"@id\":\"https:\/\/bbn1.bbnradio.org\/portuguese\/#website\",\"url\":\"https:\/\/bbn1.bbnradio.org\/portuguese\/\",\"name\":\"BBN Portuguese\",\"description\":\"BBN\",\"potentialAction\":[{\"@type\":\"SearchAction\",\"target\":{\"@type\":\"EntryPoint\",\"urlTemplate\":\"https:\/\/bbn1.bbnradio.org\/portuguese\/?s={search_term_string}\"},\"query-input\":{\"@type\":\"PropertyValueSpecification\",\"valueRequired\":true,\"valueName\":\"search_term_string\"}}],\"inLanguage\":\"pt-BR\"}]}<\/script>\n<!-- \/ Yoast SEO Premium plugin. -->","yoast_head_json":{"title":"Pedidos de Material","robots":{"index":"index","follow":"follow","max-snippet":"max-snippet:-1","max-image-preview":"max-image-preview:large","max-video-preview":"max-video-preview:-1"},"canonical":"https:\/\/bbn1.bbnradio.org\/portuguese\/fale-conosco\/pedidos-de-material\/","og_locale":"pt_BR","og_type":"article","og_title":"Pedidos de Material","og_url":"https:\/\/bbn1.bbnradio.org\/portuguese\/fale-conosco\/pedidos-de-material\/","og_site_name":"BBN","article_publisher":"https:\/\/www.facebook.com\/BBNPortugues","article_modified_time":"2019-07-29T14:29:09+00:00","twitter_card":"summary_large_image","twitter_title":"Pedidos de Material","twitter_site":"@BBNPortugues","twitter_misc":{"Est. tempo de leitura":"2 minutos"},"schema":{"@context":"https:\/\/schema.org","@graph":[{"@type":"WebPage","@id":"https:\/\/bbn1.bbnradio.org\/portuguese\/fale-conosco\/pedidos-de-material\/","url":"https:\/\/bbn1.bbnradio.org\/portuguese\/fale-conosco\/pedidos-de-material\/","name":"Pedidos de Material","isPartOf":{"@id":"https:\/\/bbn1.bbnradio.org\/portuguese\/#website"},"datePublished":"2015-06-25T18:38:23+00:00","dateModified":"2019-07-29T14:29:09+00:00","breadcrumb":{"@id":"https:\/\/bbn1.bbnradio.org\/portuguese\/fale-conosco\/pedidos-de-material\/#breadcrumb"},"inLanguage":"pt-BR","potentialAction":[{"@type":"ReadAction","target":["https:\/\/bbn1.bbnradio.org\/portuguese\/fale-conosco\/pedidos-de-material\/"]}]},{"@type":"BreadcrumbList","@id":"https:\/\/bbn1.bbnradio.org\/portuguese\/fale-conosco\/pedidos-de-material\/#breadcrumb","itemListElement":[{"@type":"ListItem","position":1,"name":"Home","item":"https:\/\/bbn1.bbnradio.org\/portuguese\/inicio\/"},{"@type":"ListItem","position":2,"name":"Fale Conosco","item":"https:\/\/bbn1.bbnradio.org\/portuguese\/fale-conosco\/"},{"@type":"ListItem","position":3,"name":"Pedidos de Material"}]},{"@type":"WebSite","@id":"https:\/\/bbn1.bbnradio.org\/portuguese\/#website","url":"https:\/\/bbn1.bbnradio.org\/portuguese\/","name":"BBN Portuguese","description":"BBN","potentialAction":[{"@type":"SearchAction","target":{"@type":"EntryPoint","urlTemplate":"https:\/\/bbn1.bbnradio.org\/portuguese\/?s={search_term_string}"},"query-input":{"@type":"PropertyValueSpecification","valueRequired":true,"valueName":"search_term_string"}}],"inLanguage":"pt-BR"}]}},"jetpack_sharing_enabled":true,"jetpack_shortlink":"https:\/\/wp.me\/P85nO0-12H","_links":{"self":[{"href":"https:\/\/bbn1.bbnradio.org\/portuguese\/wp-json\/wp\/v2\/pages\/4011","targetHints":{"allow":["GET"]}}],"collection":[{"href":"https:\/\/bbn1.bbnradio.org\/portuguese\/wp-json\/wp\/v2\/pages"}],"about":[{"href":"https:\/\/bbn1.bbnradio.org\/portuguese\/wp-json\/wp\/v2\/types\/page"}],"author":[{"embeddable":true,"href":"https:\/\/bbn1.bbnradio.org\/portuguese\/wp-json\/wp\/v2\/users\/22"}],"replies":[{"embeddable":true,"href":"https:\/\/bbn1.bbnradio.org\/portuguese\/wp-json\/wp\/v2\/comments?post=4011"}],"version-history":[{"count":3,"href":"https:\/\/bbn1.bbnradio.org\/portuguese\/wp-json\/wp\/v2\/pages\/4011\/revisions"}],"predecessor-version":[{"id":14454,"href":"https:\/\/bbn1.bbnradio.org\/portuguese\/wp-json\/wp\/v2\/pages\/4011\/revisions\/14454"}],"up":[{"embeddable":true,"href":"https:\/\/bbn1.bbnradio.org\/portuguese\/wp-json\/wp\/v2\/pages\/3427"}],"wp:attachment":[{"href":"https:\/\/bbn1.bbnradio.org\/portuguese\/wp-json\/wp\/v2\/media?parent=4011"}],"wp:term":[{"taxonomy":"category","embeddable":true,"href":"https:\/\/bbn1.bbnradio.org\/portuguese\/wp-json\/wp\/v2\/categories?post=4011"},{"taxonomy":"post_tag","embeddable":true,"href":"https:\/\/bbn1.bbnradio.org\/portuguese\/wp-json\/wp\/v2\/tags?post=4011"}],"curies":[{"name":"wp","href":"https:\/\/api.w.org\/{rel}","templated":true}]}}