{"id":4089,"date":"2015-07-31T11:28:54","date_gmt":"2015-07-31T15:28:54","guid":{"rendered":"https:\/\/bbn1.bbnradio.org\/english\/?page_id=4089"},"modified":"2026-03-06T13:34:07","modified_gmt":"2026-03-06T16:34:07","slug":"declaracao-doutrinaria-da-bbn","status":"publish","type":"page","link":"https:\/\/bbn1.bbnradio.org\/portuguese\/sobre-bbn\/declaracao-doutrinaria-da-bbn\/","title":{"rendered":"Declara\u00e7\u00e3o Doutrin\u00e1ria da BBN"},"content":{"rendered":"\n<style type=\"text\/css\" data-created_by=\"avia_inline_auto\" id=\"style-css-av-66jpd5-e324002b974c609679f544e6d62574ee\">\n.avia-image-container.av-66jpd5-e324002b974c609679f544e6d62574ee img.avia_image{\nbox-shadow:none;\n}\n.avia-image-container.av-66jpd5-e324002b974c609679f544e6d62574ee .av-image-caption-overlay-center{\ncolor:#ffffff;\n}\n<\/style>\n<div  class='avia-image-container av-66jpd5-e324002b974c609679f544e6d62574ee av-styling- avia-align-center  avia-builder-el-0  el_before_av_textblock  avia-builder-el-first '   itemprop=\"image\" itemscope=\"itemscope\" itemtype=\"https:\/\/schema.org\/ImageObject\" ><div class=\"avia-image-container-inner\"><div class=\"avia-image-overlay-wrap\"><img decoding=\"async\" fetchpriority=\"high\" class='wp-image-8333 avia-img-lazy-loading-not-8333 avia_image ' src=\"https:\/\/bbn1.bbnradio.org\/portuguese\/wp-content\/uploads\/sites\/6\/2016\/08\/Doctrinal-Statement.jpg\" alt='Doctrinal Statement' title='Doctrinal Statement'  height=\"628\" width=\"1200\"  itemprop=\"thumbnailUrl\"  \/><\/div><\/div><\/div>\n<section  class='av_textblock_section av-43d33d-cb0f71ca3661cef6be4289a718a5437f '   itemscope=\"itemscope\" itemtype=\"https:\/\/schema.org\/CreativeWork\" ><div class='avia_textblock'  itemprop=\"text\" ><p>1. A B\u00edblia:<\/p>\n<p>Cremos na B\u00edblia, que consiste do Antigo e do Novo Testamento, inspirada por Deus de forma verbal e plen\u00e1ria. Ela \u00e9 infal\u00edvel e inerrante e a aceitamos como a Palavra autoritativa de Deus. Ela \u00e9 a regra \u00fanica e final da f\u00e9 e da conduta crist\u00e3.<\/p>\n<p>I Tessalonicenses 2:13; II Tim\u00f3teo 3:16-17; Hebreus 3:7; Hebreus 10:15-17; Hebreus 4:12-13.<\/p>\n<p>2. Deus:<\/p>\n<p>Cremos na exist\u00eancia de um Deus trino, criador, preservador e governador de todas as coisas, subsistindo em tr\u00eas pessoas: Pai, Filho e Esp\u00edrito Santo; cada uma com atributos pessoais distintos, mas sem divis\u00e3o de ess\u00eancia e natureza.<\/p>\n<p>G\u00eanesis 1:26; II Cor\u00edntios 13:14; 1 Jo\u00e3o 5:7; Mateus 3:16-17; I Tim\u00f3teo 3:15-16; Romanos 9:5; Salmo 104:30.<\/p>\n<p>3. A pessoa e a obra de Cristo:<\/p>\n<p>Cremos na santa divindade de Jesus, sendo Ele perfeitamente Deus e perfeitamente homem; cremos em Seu nascimento virginal; cremos em Sua vida sem pecado nesta Terra e em Sua morte na cruz do Calv\u00e1rio para oferecer-se como sacrif\u00edcio \u00fanico e suficiente pelo pecado. Cremos que Seu corpo foi sepultado e ao terceiro dia foi ressuscitado dos mortos. Ele ascendeu \u00e0 destra do Pai, de onde intercede pelos salvos. Cremos que ele vir\u00e1 outra vez para buscar os Seus (sua igreja) e voltar\u00e1 pela segunda vez, em gl\u00f3ria, para estabelecer seu reino sobre a Terra.<\/p>\n<p>Isa\u00edas 7:14; II Cor\u00edntios 5:21; Mateus 1:18-25; Jo\u00e3o 1:1-14; Jo\u00e3o 16:6-8.<\/p>\n<p>4. A pessoa e a obra do Esp\u00edrito Santo:<\/p>\n<p>Cremos que o Esp\u00edrito Santo \u00e9 a terceira pessoa da Sant\u00edssima Trindade. Cremos que Ele convence o mundo do pecado, que \u00e9 o agente sobrenatural na regenera\u00e7\u00e3o, que habita na vida do crente e o sela at\u00e9 o dia da reden\u00e7\u00e3o. Cremos que, no momento em que recebe a salva\u00e7\u00e3o, o novo crente \u00e9 batizado pelo Esp\u00edrito Santo e n\u00e3o precisa buscar uma segunda experi\u00eancia de batismo do Esp\u00edrito, como prova de sua salva\u00e7\u00e3o.<\/p>\n<p>Jo\u00e3o 14:16-18; Jo\u00e3o 16:7-8; Jo\u00e3o 3:5-7; Romanos 8:9; Jo\u00e3o 14:26; Ef\u00e9sios 5:18; I Cor\u00edntios 12:13<\/p>\n<p>5. O Homem:<\/p>\n<p>Cremos que o homem foi criado por Deus, e n\u00e3o \u00e9 resultado de um processo de evolu\u00e7\u00e3o. Ele foi criado \u00e0 imagem de Deus e em um estado de inoc\u00eancia. Cremos que, pela transgress\u00e3o do homem, o pecado entrou no mundo e pelo pecado a morte, n\u00e3o apenas a morte f\u00edsica, mas tamb\u00e9m a morte espiritual (separa\u00e7\u00e3o de Deus).<br \/>\nG\u00eanesis 3:6-9; Romanos 5:12; Salmo 51:5; Jeremias 17:9; Isa\u00edas 59:2<\/p>\n<p>6. A Salva\u00e7\u00e3o:<\/p>\n<p>Cremos que Cristo morreu por nossos pecados, foi sepultado e ressuscitou ao terceiro dia, segundo as Escrituras. Cremos que uma pessoa \u00e9 salva quando ela reconhece o seu estado de separa\u00e7\u00e3o de Deus por causa de seus pecados, arrepende-se e deposita sua f\u00e9 em Jesus Cristo e seu sacrif\u00edcio na cruz do Calv\u00e1rio como o \u00fanico e suficiente sacrif\u00edcio pelos pecados do homem. Cremos que a salva\u00e7\u00e3o \u00e9 um dom de vida eterna, concedido unicamente pela gra\u00e7a de Deus, e n\u00e3o vem de m\u00e9rito ou obras. Cremos que a expia\u00e7\u00e3o de Cristo n\u00e3o \u00e9 limitada, visto que Deus quer que todos sejam salvos e cheguem ao conhecimento da verdade. Cremos que \u00e9 sua vontade que ningu\u00e9m pere\u00e7a, e que todos cheguem ao arrependimento.<\/p>\n<p>I Cor\u00edntios 15:3-4; Romanos 6:23; Romanos 10:9-10; Atos 16:31; II Pedro 3:9; Ef\u00e9sios 2:8-9<\/p>\n<p>7. A Santifica\u00e7\u00e3o:<\/p>\n<p>Cremos que o crente foi, uma vez e para todo o sempre, santificado e declarado justo diante de Deus, atrav\u00e9s da obra redentora de Cristo. Cremos que a santifica\u00e7\u00e3o \u00e9 vivida diariamente como resultado de um relacionamento com Cristo e de uma vida separada do mundo. Cremos que o crente, no momento da sua salva\u00e7\u00e3o, \u00e9 livrado da pena ou condena\u00e7\u00e3o do pecado; que enquanto viver nesta terra est\u00e1 livre do poder do pecado; e que um dia, quando seu corpo for transformado, ser\u00e1 livrado da presen\u00e7a do pecado.<\/p>\n<p>Jo\u00e3o 5:24; Romanos 5:1; Romanos 6:12-14,22; I Tessalonicenses 4:3; Tito 2:11-14; I Pedro 1:15-16; I Cor\u00edntios 15:51-54<\/p>\n<p>8. Satan\u00e1s:<\/p>\n<p>Cremos que Satan\u00e1s \u00e9 uma pessoa sobrenatural, um anjo ca\u00eddo, o autor do pecado e a causa da queda do homem. Cremos que ele \u00e9 o deus deste s\u00e9culo, o pr\u00edncipe das potestades do ar e o inimigo, tanto de Deus como do homem; seu destino \u00e9 o castigo eterno no lago de fogo.<\/p>\n<p>Ezequiel 28:1-19; J\u00f3 1:6-9; II Cor\u00edntios 4:4; Mateus 4:1-11; Tiago 4:7; Apocalipse 20:10<\/p>\n<p>9. O Inferno:<\/p>\n<p>Cremos em um inferno literal, o lago de fogo e enxofre, que ser\u00e1 o castigo final de Satan\u00e1s, dos anjos ca\u00eddos, dos dem\u00f4nios e dos incr\u00e9dulos.<\/p>\n<p>Lucas 16:22-26; Apocalipse 20:12-15; Apocalipse 21:8<\/p>\n<p>10. O C\u00e9u:<\/p>\n<p>Cremos em um lugar literal chamado \u201cc\u00e9u\u201d, onde a presen\u00e7a imediata de Deus se manifesta, onde os anjos habitam e onde os redimidos viver\u00e3o eternamente. Cristo desceu do c\u00e9u e para l\u00e1 subiu depois de sua ressurrei\u00e7\u00e3o; de l\u00e1 intercede pelos santos e de l\u00e1 vir\u00e1 para julgar os vivos e os mortos.<\/p>\n<p>Jo\u00e3o 14:1-3; Apocalipse 21; Hebreus 7:25<\/p>\n<p>11. O Estado Eterno:<\/p>\n<p>Cremos na ressurrei\u00e7\u00e3o de todos os homens, os salvos para a vida eterna e os perdidos para o ju\u00edzo e o castigo eterno. Cremos que, ap\u00f3s a morte, a alma do incr\u00e9dulo permanece em mis\u00e9ria e tormento, enquanto aguarda a segunda ressurrei\u00e7\u00e3o, quando o corpo, a alma e o esp\u00edrito ser\u00e3o lan\u00e7ados no lago de fogo, n\u00e3o para serem aniquilados, mas para sofrerem eternamente. Cremos que, ap\u00f3s a morte, a alma do redimido est\u00e1 presente com o Senhor, aguardando a primeira ressurrei\u00e7\u00e3o, a glorifica\u00e7\u00e3o do seu corpo e seu encontro com o Senhor nas nuvens.<\/p>\n<p>I Tessalonicenses 4:13-18; Apocalipse 20:11-15; II Cor\u00edntios 5:6-8; I Cor\u00edntios 15:1; I Tessalonicenses 4:13-18<\/p>\n<p>12. O arrebatamento da Igreja:<\/p>\n<p>Cremos que Cristo vir\u00e1 nas nuvens para buscar a Sua igreja; Sua vinda, para levar os seus, ser\u00e1 pr\u00e9-tribulacional e iminente.<\/p>\n<p>I Tessalonicenses 4:13-18<\/p>\n<p>13. A segunda vinda de Cristo em Gl\u00f3ria:<\/p>\n<p>Cremos na volta vis\u00edvel, pr\u00e9-milenar e gloriosa de Cristo \u00e0 Terra, juntamente com os seus, ao fim da Grande Tribula\u00e7\u00e3o, para julgar as na\u00e7\u00f5es e estabelecer seu reino milenar na Terra.<\/p>\n<p>Atos 1:11; Jo\u00e3o 14:3; I Tessalonicenses 4:13-18; Mateus 24:42-44<\/p>\n<p>14. A seguran\u00e7a eterna do crente:<br \/>\nCremos que cada pessoa redimida por Deus \u00e9 guardada pelo Seu poder e descansa segura em Cristo para sempre. Cremos que uma vez que a pessoa \u00e9 salva, nunca perde a sua salva\u00e7\u00e3o.<\/p>\n<p>Jo\u00e3o 10:27-29; I Tim\u00f3teo 1:12; Filipenses 1:6<\/p>\n<p>15. A Igreja:<\/p>\n<p>Cremos que todos os que confiam em Jesus Cristo s\u00e3o imediatamente colocados pelo Esp\u00edrito Santo em um corpo espiritual, a igreja, a noiva de Cristo, da qual Cristo \u00e9 a cabe\u00e7a. Cremos que a forma\u00e7\u00e3o da igreja, o Corpo de Cristo, teve in\u00edcio no Pentecostes e ter\u00e1 seu fim quando Cristo vier para os Seus, no arrebatamento. Cremos que a igreja \u00e9 um organismo espiritual \u00fanico, concebido por Cristo e composto de todos os crentes que nasceram de novo. A igreja \u00e9 distinta de Israel, um mist\u00e9rio n\u00e3o revelado at\u00e9 o tempo em que a igreja teve seu in\u00edcio.<\/p>\n<p>I Cor\u00edntios 12:12-13; II Cor\u00edntios 11:2; Ef\u00e9sios 5:23-32; Apocalipse 19:7-8; Ef\u00e9sios 1:22; Ef\u00e9sios 4:15; Colossenses 1:18; Atos 2:1-21; Atos 3:38-47; I Cor\u00edntios 15:51-52; 1 Tessalonicenses 4:13-18<\/p>\n<p>16. A Grande Comiss\u00e3o:<\/p>\n<p>Cremos na Grande Comiss\u00e3o que Cristo deixou para a igreja, que \u00e9 ir por todo o mundo e pregar o Evangelho a toda criatura, batizando-as em nome do Pai e do Filho e do Esp\u00edrito Santo, ensinando-as a guardar todas as coisas que o Senhor ordenou, de acordo com a Sua Palavra.<\/p>\n<p>Mateus 28:18-20; Marcos 16:15<\/p>\n<p>17. Os dons espirituais:<\/p>\n<p>Cremos que o Esp\u00edrito Santo concede dons espirituais \u00e0 igreja. O Esp\u00edrito Santo n\u00e3o glorifica a Si mesmo, nem os Seus dons, por meio de demonstra\u00e7\u00f5es ostentosas, mas sim glorifica a Cristo, ao implementar Sua obra de salva\u00e7\u00e3o dos perdidos e de edifica\u00e7\u00e3o dos crentes na sant\u00edssima f\u00e9. Cremos que Deus, o Esp\u00edrito Santo, \u00e9 soberano ao outorgar os seus dons para o aperfei\u00e7oamento dos santos hoje. Cremos tamb\u00e9m que os dons foram dados, em seu tempo, aos ap\u00f3stolos, para atest\u00e1-los como reveladores da verdade divina. Cremos que os dons como l\u00ednguas, profecia, interpreta\u00e7\u00e3o de l\u00ednguas, curas e milagres, n\u00e3o est\u00e3o mais em vigor, tendo j\u00e1 cumprido o seu prop\u00f3sito, uma vez que as Escrituras foram totalmente conclu\u00eddas e podemos encontrar nelas a vontade de Deus.<\/p>\n<p>Jo\u00e3o 16:13-14; Atos 1:8; I Cor\u00edntios 12:4-11, II Cor\u00edntios 3:18; I Cor\u00edntios 13:8-10; II Cor\u00edntios 12:12; Ef\u00e9sios 4:7-12; Atos 2:1-4; Hebreus 2: 4<\/p>\n<p>18. O Movimento Ecum\u00eanico:<\/p>\n<p>Cremos que o movimento ecum\u00eanico, que procura unir todos os tipos de religi\u00f5es e f\u00e9s, n\u00e3o \u00e9 b\u00edblico, pois os princ\u00edpios doutrin\u00e1rios e teol\u00f3gicos estabelecidos na Palavra de Deus s\u00e3o contra isso. A BBN n\u00e3o se identifica com este movimento, nem participa dele.<\/p>\n<p>Romanos 16:17; II Tim\u00f3teo 3:5; II Tim\u00f3teo 4:3-5<\/p>\n<p>19. Matrim\u00f4nio e Sexualidade B\u00edblicos<\/p>\n<p>Cremos que Deus determinou que nenhum ato de intimidade sexual seja realizado fora do casamento entre um homem e uma mulher. Cremos que o termo \u201cmatrim\u00f4nio\u201d possui apenas um significado leg\u00edtimo e este \u00e9 o casamento sancionado por Deus, o qual une um homem a uma mulher em uma \u00fanica uni\u00e3o pactual, (alian\u00e7a) conforme delineado nas Escrituras Sagradas. Cremos que qualquer forma de homossexualismo, lesbianismo, bissexualidade, bestialidade, incesto, fornica\u00e7\u00e3o, adult\u00e9rio, transsexualismo e pornografia s\u00e3o pervers\u00f5es pecaminosas do sexo como d\u00e1diva Divina. Cremos que Deus desaprova e pro\u00edbe qualquer tentativa de alterar o sexo de uma pessoa, seja por cirurgia ou apar\u00eancia.<\/p>\n<p>G\u00eanesis 2:24; G\u00eanesis 19:5-13; G\u00eanesis 26:8-9; Lev\u00edtico 18:1-30; Romanos 1:26-29; I Cor\u00edntios 5:1; 6:9; I Tessalonicenses 4:1-8; Hebreus 13:4<\/p>\n<p>20. A Santidade da Vida Humana<\/p>\n<p>Cremos que toda a vida humana \u00e9 sagrada e criada por Deus conforme a sua imagem. A vida humana \u00e9 de valor inestim\u00e1vel em todas as suas dimens\u00f5es, incluindo beb\u00eas no per\u00edodo pr\u00e9-natal, os idosos, portadores de defici\u00eancia f\u00edsica ou mental, assim como em qualquer outro est\u00e1gio ou condi\u00e7\u00e3o a partir da concep\u00e7\u00e3o at\u00e9 a morte natural. Portanto, somos chamados a defender, proteger e valorizar toda vida humana.<\/p>\n<p>Salmo 139<\/p>\n<p>Observa\u00e7\u00f5es finais<\/p>\n<p>A Declara\u00e7\u00e3o de F\u00e9 n\u00e3o exaure todo o conte\u00fado ou extens\u00e3o da nossa f\u00e9. A B\u00edblia \u00e9 a fonte \u00fanica e final de tudo o que cremos. Cremos que esta Declara\u00e7\u00e3o de F\u00e9, acuradamente, representa o ensino da Palavra de Deus.<\/p>\n<div id=\"gtx-trans\" style=\"position: absolute;left: 157px;top: 4063.62px\">\n<div class=\"gtx-trans-icon\"><\/div>\n<\/div>\n<\/div><\/section>\n<div  class='avia-button-wrap av-27hgex-f4c1b47ba858281afed70e6f0045b749-wrap avia-button-center  avia-builder-el-2  el_after_av_textblock  avia-builder-el-last '><a href='http://\/\/www.bbnradio.org\/wcm4\/bbnbienglish\/Home\/tabid\/257\/Default.aspx?PHPSESSID=Bd9ychXXseoN4-kUl%2C39xDKHS6VTuSTl'  class='avia-button av-27hgex-f4c1b47ba858281afed70e6f0045b749 av-link-btn avia-icon_select-no avia-size-large avia-position-center avia-color-theme-color'  target=\"_blank\"  rel=\"noopener noreferrer\"  aria-label=\"Estude Doutrina B\u00edblica em nosso Instituto B\u00edblico online gratuitamente!\"><span class='avia_iconbox_title' >Estude Doutrina B\u00edblica em nosso Instituto B\u00edblico online gratuitamente!<\/span><\/a><\/div>\n<!-- AddThis Advanced Settings generic via filter on the_content --><!-- AddThis Share Buttons generic via filter on the_content -->","protected":false},"excerpt":{"rendered":"<p><!-- AddThis Advanced Settings generic via filter on get_the_excerpt --><!-- AddThis Share Buttons generic via filter on get_the_excerpt --><\/p>\n","protected":false},"author":22,"featured_media":8333,"parent":4092,"menu_order":0,"comment_status":"open","ping_status":"closed","template":"","meta":{"jetpack_post_was_ever_published":false,"footnotes":""},"categories":[],"tags":[],"class_list":["post-4089","page","type-page","status-publish","has-post-thumbnail","hentry"],"yoast_head":"<!-- This site is optimized with the Yoast SEO Premium plugin v24.8 (Yoast SEO v24.8.1) - https:\/\/yoast.com\/wordpress\/plugins\/seo\/ -->\n<title>Declara\u00e7\u00e3o Doutrin\u00e1ria da BBN - BBN<\/title>\n<meta name=\"description\" content=\"Cremos na B\u00edblia, que consiste do Antigo e do Novo Testamento, inspirada por Deus de forma verbal e plen\u00e1ria. Ela \u00e9 infal\u00edvel e inerrante e a aceitamos como a Palavra autoritativa de Deus. Ela \u00e9 a regra \u00fanica e final da f\u00e9 e da conduta crist\u00e3.\" \/>\n<meta name=\"robots\" content=\"index, follow, max-snippet:-1, max-image-preview:large, max-video-preview:-1\" \/>\n<link rel=\"canonical\" href=\"https:\/\/bbn1.bbnradio.org\/portuguese\/sobre-bbn\/declaracao-doutrinaria-da-bbn\/\" \/>\n<meta property=\"og:locale\" content=\"pt_BR\" \/>\n<meta property=\"og:type\" content=\"article\" \/>\n<meta property=\"og:title\" content=\"Declara\u00e7\u00e3o Doutrin\u00e1ria da BBN\" \/>\n<meta property=\"og:description\" content=\"A B\u00edblia \u00e9 a fonte \u00fanica e final de tudo o que cremos.\" \/>\n<meta property=\"og:url\" content=\"https:\/\/bbn1.bbnradio.org\/portuguese\/sobre-bbn\/declaracao-doutrinaria-da-bbn\/\" \/>\n<meta property=\"og:site_name\" content=\"BBN\" \/>\n<meta property=\"article:publisher\" content=\"https:\/\/www.facebook.com\/BBNPortugues\" \/>\n<meta property=\"article:modified_time\" content=\"2026-03-06T16:34:07+00:00\" \/>\n<meta name=\"twitter:card\" content=\"summary_large_image\" \/>\n<meta name=\"twitter:title\" content=\"Declara\u00e7\u00e3o Doutrin\u00e1ria da BBN\" \/>\n<meta name=\"twitter:description\" content=\"A B\u00edblia \u00e9 a fonte \u00fanica e final de tudo o que cremos.\" \/>\n<meta name=\"twitter:image\" content=\"https:\/\/bbn1.bbnradio.org\/english\/wp-content\/uploads\/sites\/2\/2016\/08\/Doctrinal-Statement.jpg\" \/>\n<meta name=\"twitter:site\" content=\"@BBNPortugues\" \/>\n<meta name=\"twitter:label1\" content=\"Est. tempo de leitura\" \/>\n\t<meta name=\"twitter:data1\" content=\"10 minutos\" \/>\n<script type=\"application\/ld+json\" class=\"yoast-schema-graph\">{\"@context\":\"https:\/\/schema.org\",\"@graph\":[{\"@type\":\"WebPage\",\"@id\":\"https:\/\/bbn1.bbnradio.org\/portuguese\/sobre-bbn\/declaracao-doutrinaria-da-bbn\/\",\"url\":\"https:\/\/bbn1.bbnradio.org\/portuguese\/sobre-bbn\/declaracao-doutrinaria-da-bbn\/\",\"name\":\"Declara\u00e7\u00e3o Doutrin\u00e1ria da BBN - BBN\",\"isPartOf\":{\"@id\":\"https:\/\/bbn1.bbnradio.org\/portuguese\/#website\"},\"primaryImageOfPage\":{\"@id\":\"https:\/\/bbn1.bbnradio.org\/portuguese\/sobre-bbn\/declaracao-doutrinaria-da-bbn\/#primaryimage\"},\"image\":{\"@id\":\"https:\/\/bbn1.bbnradio.org\/portuguese\/sobre-bbn\/declaracao-doutrinaria-da-bbn\/#primaryimage\"},\"thumbnailUrl\":\"https:\/\/bbn1.bbnradio.org\/portuguese\/wp-content\/uploads\/sites\/6\/2016\/08\/Doctrinal-Statement.jpg\",\"datePublished\":\"2015-07-31T15:28:54+00:00\",\"dateModified\":\"2026-03-06T16:34:07+00:00\",\"description\":\"Cremos na B\u00edblia, que consiste do Antigo e do Novo Testamento, inspirada por Deus de forma verbal e plen\u00e1ria. Ela \u00e9 infal\u00edvel e inerrante e a aceitamos como a Palavra autoritativa de Deus. Ela \u00e9 a regra \u00fanica e final da f\u00e9 e da conduta crist\u00e3.\",\"breadcrumb\":{\"@id\":\"https:\/\/bbn1.bbnradio.org\/portuguese\/sobre-bbn\/declaracao-doutrinaria-da-bbn\/#breadcrumb\"},\"inLanguage\":\"pt-BR\",\"potentialAction\":[{\"@type\":\"ReadAction\",\"target\":[\"https:\/\/bbn1.bbnradio.org\/portuguese\/sobre-bbn\/declaracao-doutrinaria-da-bbn\/\"]}]},{\"@type\":\"ImageObject\",\"inLanguage\":\"pt-BR\",\"@id\":\"https:\/\/bbn1.bbnradio.org\/portuguese\/sobre-bbn\/declaracao-doutrinaria-da-bbn\/#primaryimage\",\"url\":\"https:\/\/bbn1.bbnradio.org\/portuguese\/wp-content\/uploads\/sites\/6\/2016\/08\/Doctrinal-Statement.jpg\",\"contentUrl\":\"https:\/\/bbn1.bbnradio.org\/portuguese\/wp-content\/uploads\/sites\/6\/2016\/08\/Doctrinal-Statement.jpg\",\"width\":1200,\"height\":628,\"caption\":\"Doctrinal Statement\"},{\"@type\":\"BreadcrumbList\",\"@id\":\"https:\/\/bbn1.bbnradio.org\/portuguese\/sobre-bbn\/declaracao-doutrinaria-da-bbn\/#breadcrumb\",\"itemListElement\":[{\"@type\":\"ListItem\",\"position\":1,\"name\":\"Home\",\"item\":\"https:\/\/bbn1.bbnradio.org\/portuguese\/inicio\/\"},{\"@type\":\"ListItem\",\"position\":2,\"name\":\"Sobre a BBN\",\"item\":\"https:\/\/bbn1.bbnradio.org\/portuguese\/sobre-bbn\/\"},{\"@type\":\"ListItem\",\"position\":3,\"name\":\"Declara\u00e7\u00e3o Doutrin\u00e1ria da BBN\"}]},{\"@type\":\"WebSite\",\"@id\":\"https:\/\/bbn1.bbnradio.org\/portuguese\/#website\",\"url\":\"https:\/\/bbn1.bbnradio.org\/portuguese\/\",\"name\":\"BBN Portuguese\",\"description\":\"BBN\",\"potentialAction\":[{\"@type\":\"SearchAction\",\"target\":{\"@type\":\"EntryPoint\",\"urlTemplate\":\"https:\/\/bbn1.bbnradio.org\/portuguese\/?s={search_term_string}\"},\"query-input\":{\"@type\":\"PropertyValueSpecification\",\"valueRequired\":true,\"valueName\":\"search_term_string\"}}],\"inLanguage\":\"pt-BR\"}]}<\/script>\n<!-- \/ Yoast SEO Premium plugin. -->","yoast_head_json":{"title":"Declara\u00e7\u00e3o Doutrin\u00e1ria da BBN - BBN","description":"Cremos na B\u00edblia, que consiste do Antigo e do Novo Testamento, inspirada por Deus de forma verbal e plen\u00e1ria. Ela \u00e9 infal\u00edvel e inerrante e a aceitamos como a Palavra autoritativa de Deus. Ela \u00e9 a regra \u00fanica e final da f\u00e9 e da conduta crist\u00e3.","robots":{"index":"index","follow":"follow","max-snippet":"max-snippet:-1","max-image-preview":"max-image-preview:large","max-video-preview":"max-video-preview:-1"},"canonical":"https:\/\/bbn1.bbnradio.org\/portuguese\/sobre-bbn\/declaracao-doutrinaria-da-bbn\/","og_locale":"pt_BR","og_type":"article","og_title":"Declara\u00e7\u00e3o Doutrin\u00e1ria da BBN","og_description":"A B\u00edblia \u00e9 a fonte \u00fanica e final de tudo o que cremos.","og_url":"https:\/\/bbn1.bbnradio.org\/portuguese\/sobre-bbn\/declaracao-doutrinaria-da-bbn\/","og_site_name":"BBN","article_publisher":"https:\/\/www.facebook.com\/BBNPortugues","article_modified_time":"2026-03-06T16:34:07+00:00","twitter_card":"summary_large_image","twitter_title":"Declara\u00e7\u00e3o Doutrin\u00e1ria da BBN","twitter_description":"A B\u00edblia \u00e9 a fonte \u00fanica e final de tudo o que cremos.","twitter_image":"https:\/\/bbn1.bbnradio.org\/english\/wp-content\/uploads\/sites\/2\/2016\/08\/Doctrinal-Statement.jpg","twitter_site":"@BBNPortugues","twitter_misc":{"Est. tempo de leitura":"10 minutos"},"schema":{"@context":"https:\/\/schema.org","@graph":[{"@type":"WebPage","@id":"https:\/\/bbn1.bbnradio.org\/portuguese\/sobre-bbn\/declaracao-doutrinaria-da-bbn\/","url":"https:\/\/bbn1.bbnradio.org\/portuguese\/sobre-bbn\/declaracao-doutrinaria-da-bbn\/","name":"Declara\u00e7\u00e3o Doutrin\u00e1ria da BBN - BBN","isPartOf":{"@id":"https:\/\/bbn1.bbnradio.org\/portuguese\/#website"},"primaryImageOfPage":{"@id":"https:\/\/bbn1.bbnradio.org\/portuguese\/sobre-bbn\/declaracao-doutrinaria-da-bbn\/#primaryimage"},"image":{"@id":"https:\/\/bbn1.bbnradio.org\/portuguese\/sobre-bbn\/declaracao-doutrinaria-da-bbn\/#primaryimage"},"thumbnailUrl":"https:\/\/bbn1.bbnradio.org\/portuguese\/wp-content\/uploads\/sites\/6\/2016\/08\/Doctrinal-Statement.jpg","datePublished":"2015-07-31T15:28:54+00:00","dateModified":"2026-03-06T16:34:07+00:00","description":"Cremos na B\u00edblia, que consiste do Antigo e do Novo Testamento, inspirada por Deus de forma verbal e plen\u00e1ria. Ela \u00e9 infal\u00edvel e inerrante e a aceitamos como a Palavra autoritativa de Deus. Ela \u00e9 a regra \u00fanica e final da f\u00e9 e da conduta crist\u00e3.","breadcrumb":{"@id":"https:\/\/bbn1.bbnradio.org\/portuguese\/sobre-bbn\/declaracao-doutrinaria-da-bbn\/#breadcrumb"},"inLanguage":"pt-BR","potentialAction":[{"@type":"ReadAction","target":["https:\/\/bbn1.bbnradio.org\/portuguese\/sobre-bbn\/declaracao-doutrinaria-da-bbn\/"]}]},{"@type":"ImageObject","inLanguage":"pt-BR","@id":"https:\/\/bbn1.bbnradio.org\/portuguese\/sobre-bbn\/declaracao-doutrinaria-da-bbn\/#primaryimage","url":"https:\/\/bbn1.bbnradio.org\/portuguese\/wp-content\/uploads\/sites\/6\/2016\/08\/Doctrinal-Statement.jpg","contentUrl":"https:\/\/bbn1.bbnradio.org\/portuguese\/wp-content\/uploads\/sites\/6\/2016\/08\/Doctrinal-Statement.jpg","width":1200,"height":628,"caption":"Doctrinal Statement"},{"@type":"BreadcrumbList","@id":"https:\/\/bbn1.bbnradio.org\/portuguese\/sobre-bbn\/declaracao-doutrinaria-da-bbn\/#breadcrumb","itemListElement":[{"@type":"ListItem","position":1,"name":"Home","item":"https:\/\/bbn1.bbnradio.org\/portuguese\/inicio\/"},{"@type":"ListItem","position":2,"name":"Sobre a BBN","item":"https:\/\/bbn1.bbnradio.org\/portuguese\/sobre-bbn\/"},{"@type":"ListItem","position":3,"name":"Declara\u00e7\u00e3o Doutrin\u00e1ria da BBN"}]},{"@type":"WebSite","@id":"https:\/\/bbn1.bbnradio.org\/portuguese\/#website","url":"https:\/\/bbn1.bbnradio.org\/portuguese\/","name":"BBN Portuguese","description":"BBN","potentialAction":[{"@type":"SearchAction","target":{"@type":"EntryPoint","urlTemplate":"https:\/\/bbn1.bbnradio.org\/portuguese\/?s={search_term_string}"},"query-input":{"@type":"PropertyValueSpecification","valueRequired":true,"valueName":"search_term_string"}}],"inLanguage":"pt-BR"}]}},"jetpack_sharing_enabled":true,"jetpack_shortlink":"https:\/\/wp.me\/P85nO0-13X","_links":{"self":[{"href":"https:\/\/bbn1.bbnradio.org\/portuguese\/wp-json\/wp\/v2\/pages\/4089","targetHints":{"allow":["GET"]}}],"collection":[{"href":"https:\/\/bbn1.bbnradio.org\/portuguese\/wp-json\/wp\/v2\/pages"}],"about":[{"href":"https:\/\/bbn1.bbnradio.org\/portuguese\/wp-json\/wp\/v2\/types\/page"}],"author":[{"embeddable":true,"href":"https:\/\/bbn1.bbnradio.org\/portuguese\/wp-json\/wp\/v2\/users\/22"}],"replies":[{"embeddable":true,"href":"https:\/\/bbn1.bbnradio.org\/portuguese\/wp-json\/wp\/v2\/comments?post=4089"}],"version-history":[{"count":3,"href":"https:\/\/bbn1.bbnradio.org\/portuguese\/wp-json\/wp\/v2\/pages\/4089\/revisions"}],"predecessor-version":[{"id":16455,"href":"https:\/\/bbn1.bbnradio.org\/portuguese\/wp-json\/wp\/v2\/pages\/4089\/revisions\/16455"}],"up":[{"embeddable":true,"href":"https:\/\/bbn1.bbnradio.org\/portuguese\/wp-json\/wp\/v2\/pages\/4092"}],"wp:featuredmedia":[{"embeddable":true,"href":"https:\/\/bbn1.bbnradio.org\/portuguese\/wp-json\/wp\/v2\/media\/8333"}],"wp:attachment":[{"href":"https:\/\/bbn1.bbnradio.org\/portuguese\/wp-json\/wp\/v2\/media?parent=4089"}],"wp:term":[{"taxonomy":"category","embeddable":true,"href":"https:\/\/bbn1.bbnradio.org\/portuguese\/wp-json\/wp\/v2\/categories?post=4089"},{"taxonomy":"post_tag","embeddable":true,"href":"https:\/\/bbn1.bbnradio.org\/portuguese\/wp-json\/wp\/v2\/tags?post=4089"}],"curies":[{"name":"wp","href":"https:\/\/api.w.org\/{rel}","templated":true}]}}