{"id":4092,"date":"2015-07-31T11:31:38","date_gmt":"2015-07-31T16:31:38","guid":{"rendered":"https:\/\/bbn1.bbnradio.org\/english\/?page_id=4092"},"modified":"2019-01-18T12:45:52","modified_gmt":"2019-01-18T15:45:52","slug":"sobre-bbn","status":"publish","type":"page","link":"https:\/\/bbn1.bbnradio.org\/portuguese\/sobre-bbn\/","title":{"rendered":"Sobre a BBN"},"content":{"rendered":"\n<style type=\"text\/css\" data-created_by=\"avia_inline_auto\" id=\"style-css-av-pn7on0-9008068bbcde02a2f96d128bf1f1d484\">\n.avia-image-container.av-pn7on0-9008068bbcde02a2f96d128bf1f1d484 img.avia_image{\nbox-shadow:none;\n}\n.avia-image-container.av-pn7on0-9008068bbcde02a2f96d128bf1f1d484 .av-image-caption-overlay-center{\ncolor:#ffffff;\n}\n<\/style>\n<div  class='avia-image-container av-pn7on0-9008068bbcde02a2f96d128bf1f1d484 av-styling- avia-align-center  avia-builder-el-0  el_before_av_textblock  avia-builder-el-first '   itemprop=\"image\" itemscope=\"itemscope\" itemtype=\"https:\/\/schema.org\/ImageObject\" ><div class=\"avia-image-container-inner\"><div class=\"avia-image-overlay-wrap\"><img decoding=\"async\" fetchpriority=\"high\" class='wp-image-8338 avia-img-lazy-loading-not-8338 avia_image ' src=\"https:\/\/bbn1.bbnradio.org\/portuguese\/wp-content\/uploads\/sites\/6\/2016\/08\/About-BBN.jpg\" alt='About BBN' title='About BBN'  height=\"628\" width=\"1200\"  itemprop=\"thumbnailUrl\"  \/><\/div><\/div><\/div>\n<section  class='av_textblock_section av-ne35r0-dcdba83976395253b0ba28a7d9b7edbe '   itemscope=\"itemscope\" itemtype=\"https:\/\/schema.org\/CreativeWork\" ><div class='avia_textblock'  itemprop=\"text\" ><p>Obrigado por seu interesse em conhecer um pouco mais sobre n\u00f3s. Os links abaixo ir\u00e3o oferecer muitas informa\u00e7\u00f5es interessantes do minist\u00e9rio BBN. Se voc\u00ea tiver d\u00favidas, entre em contato conosco. N\u00f3s ficaremos muito felizes em te ajudar.<\/p>\n<\/div><\/section>\n\n<style type=\"text\/css\" data-created_by=\"avia_inline_auto\" id=\"style-css-av-n2drzw-d65b8c0d44c0841cfa032813eba2fade\">\n.flex_column.av-n2drzw-d65b8c0d44c0841cfa032813eba2fade{\nborder-radius:0px 0px 0px 0px;\npadding:0px 0px 0px 0px;\n}\n<\/style>\n<div  class='flex_column av-n2drzw-d65b8c0d44c0841cfa032813eba2fade av_one_half  avia-builder-el-2  el_after_av_textblock  el_before_av_one_half  first flex_column_div av-zero-column-padding  column-top-margin'     ><style type=\"text\/css\" data-created_by=\"avia_inline_auto\" id=\"style-css-av-kxm598-a719243386e950bb64e8893bd5b45cbe\">\n#top .avia-icon-list-container.av-kxm598-a719243386e950bb64e8893bd5b45cbe .iconlist_icon{\ncolor:#003800;\nbackground-color:#ffffff;\nborder:1px solid #003800;\n}\n#top .avia-icon-list-container.av-kxm598-a719243386e950bb64e8893bd5b45cbe .iconlist_icon svg:first-child{\nstroke:#003800;\nfill:#003800;\n}\n<\/style>\n<div  class='avia-icon-list-container av-kxm598-a719243386e950bb64e8893bd5b45cbe  avia-builder-el-3  avia-builder-el-no-sibling '><ul class='avia-icon-list avia_animate_when_almost_visible avia-icon-list-left av-iconlist-big av-kxm598-a719243386e950bb64e8893bd5b45cbe avia-iconlist-animate'>\n<li><a href='https://\/\/bbn1.bbnradio.org\/portuguese\/sobre-bbn\/nossa-historia\/?PHPSESSID=g9cxK1sxP3D-rC3YpdglvSUulUJwbhEF' title='Hist\u00f3ria'  class='iconlist_icon av-izmfdo-91f7dbcf748e16367b1c95db53175093 avia-font-entypo-fontello avia-iconfont avia-font-entypo-fontello'><span class='av-icon-char' data-av_icon='\ue863' data-av_iconfont='entypo-fontello' aria-hidden=\"true\"><\/span><\/a><article class=\"article-icon-entry av-iconlist-empty\"  itemscope=\"itemscope\" itemtype=\"https:\/\/schema.org\/CreativeWork\" ><div class=\"iconlist_content_wrap\"><header class=\"entry-content-header\" aria-label=\"Icon: &lt;a href=&#039;https:\/\/bbn1.bbnradio.org\/portuguese\/sobre-bbn\/nossa-historia\/&#039; title=&#039;Hist\u00f3ria&#039;&gt;Hist\u00f3ria&lt;\/a&gt;\"><h4 class='av_iconlist_title iconlist_title  '  itemprop=\"headline\" ><a href='https://\/\/bbn1.bbnradio.org\/portuguese\/sobre-bbn\/nossa-historia\/?PHPSESSID=g9cxK1sxP3D-rC3YpdglvSUulUJwbhEF' title='Hist\u00f3ria'>Hist\u00f3ria<\/a><\/h4><\/header><div class='iconlist_content '  itemprop=\"text\" ><\/div><\/div><footer class=\"entry-footer\"><\/footer><\/article><div class=\"iconlist-timeline\"><\/div><\/li>\n<li><a href='https://\/\/bbn1.bbnradio.org\/portuguese\/sobre-bbn\/proposito\/?PHPSESSID=g9cxK1sxP3D-rC3YpdglvSUulUJwbhEF' title='Nossa Miss\u00e3o'  class='iconlist_icon av-hqqcd8-e17410a02f5a88ddb01ed74fb57d1a39 avia-font-entypo-fontello avia-iconfont avia-font-entypo-fontello'><span class='av-icon-char' data-av_icon='\ue82a' data-av_iconfont='entypo-fontello' aria-hidden=\"true\"><\/span><\/a><article class=\"article-icon-entry av-iconlist-empty\"  itemscope=\"itemscope\" itemtype=\"https:\/\/schema.org\/CreativeWork\" ><div class=\"iconlist_content_wrap\"><header class=\"entry-content-header\" aria-label=\"Icon: &lt;a href=&#039;https:\/\/bbn1.bbnradio.org\/portuguese\/sobre-bbn\/proposito\/&#039; title=&#039;Nossa Miss\u00e3o&#039;&gt;Nossa Miss\u00e3o&lt;\/a&gt;\"><h4 class='av_iconlist_title iconlist_title  '  itemprop=\"headline\" ><a href='https://\/\/bbn1.bbnradio.org\/portuguese\/sobre-bbn\/proposito\/?PHPSESSID=g9cxK1sxP3D-rC3YpdglvSUulUJwbhEF' title='Nossa Miss\u00e3o'>Nossa Miss\u00e3o<\/a><\/h4><\/header><div class='iconlist_content '  itemprop=\"text\" ><\/div><\/div><footer class=\"entry-footer\"><\/footer><\/article><div class=\"iconlist-timeline\"><\/div><\/li>\n<li><a href='https://\/\/bbn1.bbnradio.org\/portuguese\/sobre-bbn\/musica-e-programas\/?PHPSESSID=g9cxK1sxP3D-rC3YpdglvSUulUJwbhEF' title='M\u00fasica e Programa\u00e7\u00e3o'  class='iconlist_icon av-gett18-b2e1f07132ab51765a0d38e953e8f790 avia-font-entypo-fontello avia-iconfont avia-font-entypo-fontello'><span class='av-icon-char' data-av_icon='\ue85e' data-av_iconfont='entypo-fontello' aria-hidden=\"true\"><\/span><\/a><article class=\"article-icon-entry av-iconlist-empty\"  itemscope=\"itemscope\" itemtype=\"https:\/\/schema.org\/CreativeWork\" ><div class=\"iconlist_content_wrap\"><header class=\"entry-content-header\" aria-label=\"Icon: &lt;a href=&#039;https:\/\/bbn1.bbnradio.org\/portuguese\/sobre-bbn\/musica-e-programas\/&#039; title=&#039;M\u00fasica e Programa\u00e7\u00e3o&#039;&gt;M\u00fasica e Programa\u00e7\u00e3o&lt;\/a&gt;\"><h4 class='av_iconlist_title iconlist_title  '  itemprop=\"headline\" ><a href='https://\/\/bbn1.bbnradio.org\/portuguese\/sobre-bbn\/musica-e-programas\/?PHPSESSID=g9cxK1sxP3D-rC3YpdglvSUulUJwbhEF' title='M\u00fasica e Programa\u00e7\u00e3o'>M\u00fasica e Programa\u00e7\u00e3o<\/a><\/h4><\/header><div class='iconlist_content '  itemprop=\"text\" ><\/div><\/div><footer class=\"entry-footer\"><\/footer><\/article><div class=\"iconlist-timeline\"><\/div><\/li>\n<li><a href='https://\/\/bbn1.bbnradio.org\/portuguese\/sobre-bbn\/como-a-bbn-se-sustenta-financeiramente\/?PHPSESSID=g9cxK1sxP3D-rC3YpdglvSUulUJwbhEF' title=' De onde vem o Sustento Financeiro da BBN?'  class='iconlist_icon av-ep1vb0-9ed4aa00ac4b5a006331cf0b6559a14c avia-font-bank avia-iconfont avia-font-bank'><span class='av-icon-char' data-av_icon='\ue800' data-av_iconfont='bank' aria-hidden=\"true\"><\/span><\/a><article class=\"article-icon-entry av-iconlist-empty\"  itemscope=\"itemscope\" itemtype=\"https:\/\/schema.org\/CreativeWork\" ><div class=\"iconlist_content_wrap\"><header class=\"entry-content-header\" aria-label=\"Icon: &lt;a href=&#039;https:\/\/bbn1.bbnradio.org\/portuguese\/sobre-bbn\/como-a-bbn-se-sustenta-financeiramente\/&#039; title=&#039; De onde vem o Sustento Financeiro da BBN?&#039;&gt; De onde vem o Sustento Financeiro da BBN?&lt;\/a&gt;\"><h4 class='av_iconlist_title iconlist_title  '  itemprop=\"headline\" ><a href='https://\/\/bbn1.bbnradio.org\/portuguese\/sobre-bbn\/como-a-bbn-se-sustenta-financeiramente\/?PHPSESSID=g9cxK1sxP3D-rC3YpdglvSUulUJwbhEF' title=' De onde vem o Sustento Financeiro da BBN?'> De onde vem o Sustento Financeiro da BBN?<\/a><\/h4><\/header><div class='iconlist_content '  itemprop=\"text\" ><\/div><\/div><footer class=\"entry-footer\"><\/footer><\/article><div class=\"iconlist-timeline\"><\/div><\/li>\n<li><a href='https://\/\/bbn1.bbnradio.org\/portuguese\/sobre-bbn\/declaracao-doutrinaria-da-bbn\/?PHPSESSID=g9cxK1sxP3D-rC3YpdglvSUulUJwbhEF' title='Declara\u00e7\u00e3o Doutrin\u00e1ria'  class='iconlist_icon av-c0nkr0-76b31cb05d7d6ab627dc417f3b84f8b5 avia-font-entypo-fontello avia-iconfont avia-font-entypo-fontello'><span class='av-icon-char' data-av_icon='\ue837' data-av_iconfont='entypo-fontello' aria-hidden=\"true\"><\/span><\/a><article class=\"article-icon-entry av-iconlist-empty\"  itemscope=\"itemscope\" itemtype=\"https:\/\/schema.org\/CreativeWork\" ><div class=\"iconlist_content_wrap\"><header class=\"entry-content-header\" aria-label=\"Icon: &lt;a href=&#039;https:\/\/bbn1.bbnradio.org\/portuguese\/sobre-bbn\/declaracao-doutrinaria-da-bbn\/&#039; title=&#039;Declara\u00e7\u00e3o Doutrin\u00e1ria&#039;&gt;Declara\u00e7\u00e3o Doutrin\u00e1ria&lt;\/a&gt;\"><h4 class='av_iconlist_title iconlist_title  '  itemprop=\"headline\" ><a href='https://\/\/bbn1.bbnradio.org\/portuguese\/sobre-bbn\/declaracao-doutrinaria-da-bbn\/?PHPSESSID=g9cxK1sxP3D-rC3YpdglvSUulUJwbhEF' title='Declara\u00e7\u00e3o Doutrin\u00e1ria'>Declara\u00e7\u00e3o Doutrin\u00e1ria<\/a><\/h4><\/header><div class='iconlist_content '  itemprop=\"text\" ><\/div><\/div><footer class=\"entry-footer\"><\/footer><\/article><div class=\"iconlist-timeline\"><\/div><\/li>\n<\/ul><\/div><\/div>\n\n<style type=\"text\/css\" data-created_by=\"avia_inline_auto\" id=\"style-css-av-a6wgp8-76678ccae39f2a8687dccc83a2d5d258\">\n.flex_column.av-a6wgp8-76678ccae39f2a8687dccc83a2d5d258{\nborder-radius:0px 0px 0px 0px;\npadding:0px 0px 0px 0px;\n}\n<\/style>\n<div  class='flex_column av-a6wgp8-76678ccae39f2a8687dccc83a2d5d258 av_one_half  avia-builder-el-4  el_after_av_one_half  avia-builder-el-last  flex_column_div av-zero-column-padding  column-top-margin'     ><style type=\"text\/css\" data-created_by=\"avia_inline_auto\" id=\"style-css-av-wls8s-9f53bbf3ce29ee61ed8dd32f62107f67\">\n#top .avia-icon-list-container.av-wls8s-9f53bbf3ce29ee61ed8dd32f62107f67 .iconlist_icon{\ncolor:#003800;\nbackground-color:#ffffff;\nborder:1px solid #003800;\n}\n#top .avia-icon-list-container.av-wls8s-9f53bbf3ce29ee61ed8dd32f62107f67 .iconlist_icon svg:first-child{\nstroke:#003800;\nfill:#003800;\n}\n<\/style>\n<div  class='avia-icon-list-container av-wls8s-9f53bbf3ce29ee61ed8dd32f62107f67  avia-builder-el-5  avia-builder-el-no-sibling '><ul class='avia-icon-list avia_animate_when_almost_visible avia-icon-list-left av-iconlist-big av-wls8s-9f53bbf3ce29ee61ed8dd32f62107f67 avia-iconlist-animate'>\n<li><a href='https://\/\/bbn1.bbnradio.org\/portuguese\/sobre-bbn\/radio-em-ingles\/?PHPSESSID=g9cxK1sxP3D-rC3YpdglvSUulUJwbhEF' title='R\u00e1dio em Ingl\u00eas'  class='iconlist_icon av-7391mk-29f4bdcc636a494907ef2191289020ad avia-font-entypo-fontello avia-iconfont avia-font-entypo-fontello'><span class='av-icon-char' data-av_icon='\ue85e' data-av_iconfont='entypo-fontello' aria-hidden=\"true\"><\/span><\/a><article class=\"article-icon-entry av-iconlist-empty\"  itemscope=\"itemscope\" itemtype=\"https:\/\/schema.org\/CreativeWork\" ><div class=\"iconlist_content_wrap\"><header class=\"entry-content-header\" aria-label=\"Icon: &lt;a href=&#039;https:\/\/bbn1.bbnradio.org\/portuguese\/sobre-bbn\/radio-em-ingles\/&#039; title=&#039;R\u00e1dio em Ingl\u00eas&#039;&gt;R\u00e1dio em Ingl\u00eas&lt;\/a&gt;\"><h4 class='av_iconlist_title iconlist_title  '  itemprop=\"headline\" ><a href='https://\/\/bbn1.bbnradio.org\/portuguese\/sobre-bbn\/radio-em-ingles\/?PHPSESSID=g9cxK1sxP3D-rC3YpdglvSUulUJwbhEF' title='R\u00e1dio em Ingl\u00eas'>R\u00e1dio em Ingl\u00eas<\/a><\/h4><\/header><div class='iconlist_content '  itemprop=\"text\" ><\/div><\/div><footer class=\"entry-footer\"><\/footer><\/article><div class=\"iconlist-timeline\"><\/div><\/li>\n<li><a href='https://\/\/bbn1.bbnradio.org\/portuguese\/sobre-bbn\/radio-internacional\/?PHPSESSID=g9cxK1sxP3D-rC3YpdglvSUulUJwbhEF' title='R\u00e1dio Internacional'  class='iconlist_icon av-5kcvng-4a6356347be087c46fb0a76b8e0ba6b4 avia-font-entypo-fontello avia-iconfont avia-font-entypo-fontello'><span class='av-icon-char' data-av_icon='\ue8b1' data-av_iconfont='entypo-fontello' aria-hidden=\"true\"><\/span><\/a><article class=\"article-icon-entry av-iconlist-empty\"  itemscope=\"itemscope\" itemtype=\"https:\/\/schema.org\/CreativeWork\" ><div class=\"iconlist_content_wrap\"><header class=\"entry-content-header\" aria-label=\"Icon: &lt;a href=&#039;https:\/\/bbn1.bbnradio.org\/portuguese\/sobre-bbn\/radio-internacional\/&#039; title=&#039;R\u00e1dio Internacional&#039;&gt;R\u00e1dio Internacional&lt;\/a&gt;\"><h4 class='av_iconlist_title iconlist_title  '  itemprop=\"headline\" ><a href='https://\/\/bbn1.bbnradio.org\/portuguese\/sobre-bbn\/radio-internacional\/?PHPSESSID=g9cxK1sxP3D-rC3YpdglvSUulUJwbhEF' title='R\u00e1dio Internacional'>R\u00e1dio Internacional<\/a><\/h4><\/header><div class='iconlist_content '  itemprop=\"text\" ><\/div><\/div><footer class=\"entry-footer\"><\/footer><\/article><div class=\"iconlist-timeline\"><\/div><\/li>\n<li><a href='https://\/\/bbn1.bbnradio.org\/portuguese\/sobre-bbn\/ajuda-espiritual\/?PHPSESSID=g9cxK1sxP3D-rC3YpdglvSUulUJwbhEF' title='Orienta\u00e7\u00e3o B\u00edblica'  class='iconlist_icon av-3wrtfg-5d8d1f497070936172d9c822ef3b58b2 avia-font-entypo-fontello avia-iconfont avia-font-entypo-fontello'><span class='av-icon-char' data-av_icon='\ue84f' data-av_iconfont='entypo-fontello' aria-hidden=\"true\"><\/span><\/a><article class=\"article-icon-entry av-iconlist-empty\"  itemscope=\"itemscope\" itemtype=\"https:\/\/schema.org\/CreativeWork\" ><div class=\"iconlist_content_wrap\"><header class=\"entry-content-header\" aria-label=\"Icon: &lt;a href=&#039;https:\/\/bbn1.bbnradio.org\/portuguese\/sobre-bbn\/ajuda-espiritual\/&#039; title=&#039;Orienta\u00e7\u00e3o B\u00edblica&#039;&gt;Orienta\u00e7\u00e3o B\u00edblica&lt;\/a&gt;\"><h4 class='av_iconlist_title iconlist_title  '  itemprop=\"headline\" ><a href='https://\/\/bbn1.bbnradio.org\/portuguese\/sobre-bbn\/ajuda-espiritual\/?PHPSESSID=g9cxK1sxP3D-rC3YpdglvSUulUJwbhEF' title='Orienta\u00e7\u00e3o B\u00edblica'>Orienta\u00e7\u00e3o B\u00edblica<\/a><\/h4><\/header><div class='iconlist_content '  itemprop=\"text\" ><\/div><\/div><footer class=\"entry-footer\"><\/footer><\/article><div class=\"iconlist-timeline\"><\/div><\/li>\n<li><a href='https://\/\/bbn1.bbnradio.org\/portuguese\/sobre-bbn\/politica-de-privacidade\/?PHPSESSID=g9cxK1sxP3D-rC3YpdglvSUulUJwbhEF' title='Pol\u00edtica de Privacidade'  class='iconlist_icon av-2m7aho-1886785ae08f1e76429f3f614dc49ff1 avia-font-entypo-fontello avia-iconfont avia-font-entypo-fontello'><span class='av-icon-char' data-av_icon='\ue81f' data-av_iconfont='entypo-fontello' aria-hidden=\"true\"><\/span><\/a><article class=\"article-icon-entry av-iconlist-empty\"  itemscope=\"itemscope\" itemtype=\"https:\/\/schema.org\/CreativeWork\" ><div class=\"iconlist_content_wrap\"><header class=\"entry-content-header\" aria-label=\"Icon: &lt;a href=&#039;https:\/\/bbn1.bbnradio.org\/portuguese\/sobre-bbn\/politica-de-privacidade\/&#039; title=&#039;Pol\u00edtica de Privacidade&#039;&gt;Pol\u00edtica de Privacidade&lt;\/a&gt;\"><h4 class='av_iconlist_title iconlist_title  '  itemprop=\"headline\" ><a href='https://\/\/bbn1.bbnradio.org\/portuguese\/sobre-bbn\/politica-de-privacidade\/?PHPSESSID=g9cxK1sxP3D-rC3YpdglvSUulUJwbhEF' title='Pol\u00edtica de Privacidade'>Pol\u00edtica de Privacidade<\/a><\/h4><\/header><div class='iconlist_content '  itemprop=\"text\" ><\/div><\/div><footer class=\"entry-footer\"><\/footer><\/article><div class=\"iconlist-timeline\"><\/div><\/li>\n<\/ul><\/div><\/div>\n<!-- AddThis Advanced Settings generic via filter on the_content --><!-- AddThis Share Buttons generic via filter on the_content -->","protected":false},"excerpt":{"rendered":"<p><!-- AddThis Advanced Settings generic via filter on get_the_excerpt --><!-- AddThis Share Buttons generic via filter on get_the_excerpt --><\/p>\n","protected":false},"author":22,"featured_media":8338,"parent":0,"menu_order":0,"comment_status":"open","ping_status":"closed","template":"","meta":{"jetpack_post_was_ever_published":false,"footnotes":""},"categories":[],"tags":[],"class_list":["post-4092","page","type-page","status-publish","has-post-thumbnail","hentry"],"yoast_head":"<!-- This site is optimized with the Yoast SEO Premium plugin v24.8 (Yoast SEO v24.8.1) - https:\/\/yoast.com\/wordpress\/plugins\/seo\/ -->\n<title>Sobre a BBN<\/title>\n<meta name=\"description\" content=\"Saiba mais sobre a hist\u00f3ria e miss\u00e3o da BBN!\" \/>\n<meta name=\"robots\" content=\"index, follow, max-snippet:-1, max-image-preview:large, max-video-preview:-1\" \/>\n<link rel=\"canonical\" href=\"https:\/\/bbn1.bbnradio.org\/portuguese\/sobre-bbn\/\" \/>\n<meta property=\"og:locale\" content=\"pt_BR\" \/>\n<meta property=\"og:type\" content=\"article\" \/>\n<meta property=\"og:title\" content=\"Sobre a BBN\" \/>\n<meta property=\"og:description\" content=\"Saiba mais sobre a hist\u00f3ria e miss\u00e3o da BBN!\" \/>\n<meta property=\"og:url\" content=\"https:\/\/bbn1.bbnradio.org\/portuguese\/sobre-bbn\/\" \/>\n<meta property=\"og:site_name\" content=\"BBN\" \/>\n<meta property=\"article:publisher\" content=\"https:\/\/www.facebook.com\/BBNPortugues\" \/>\n<meta property=\"article:modified_time\" content=\"2019-01-18T15:45:52+00:00\" \/>\n<meta name=\"twitter:card\" content=\"summary_large_image\" \/>\n<meta name=\"twitter:title\" content=\"Sobre a BBN\" \/>\n<meta name=\"twitter:description\" content=\"Saiba mais sobre a hist\u00f3ria e miss\u00e3o da BBN!\" \/>\n<meta name=\"twitter:image\" content=\"https:\/\/bbn1.bbnradio.org\/english\/wp-content\/uploads\/sites\/2\/2016\/08\/About-BBN.jpg\" \/>\n<meta name=\"twitter:site\" content=\"@BBNPortugues\" \/>\n<meta name=\"twitter:label1\" content=\"Est. tempo de leitura\" \/>\n\t<meta name=\"twitter:data1\" content=\"3 minutos\" \/>\n<script type=\"application\/ld+json\" class=\"yoast-schema-graph\">{\"@context\":\"https:\/\/schema.org\",\"@graph\":[{\"@type\":\"WebPage\",\"@id\":\"https:\/\/bbn1.bbnradio.org\/portuguese\/sobre-bbn\/\",\"url\":\"https:\/\/bbn1.bbnradio.org\/portuguese\/sobre-bbn\/\",\"name\":\"Sobre a BBN\",\"isPartOf\":{\"@id\":\"https:\/\/bbn1.bbnradio.org\/portuguese\/#website\"},\"primaryImageOfPage\":{\"@id\":\"https:\/\/bbn1.bbnradio.org\/portuguese\/sobre-bbn\/#primaryimage\"},\"image\":{\"@id\":\"https:\/\/bbn1.bbnradio.org\/portuguese\/sobre-bbn\/#primaryimage\"},\"thumbnailUrl\":\"https:\/\/bbn1.bbnradio.org\/portuguese\/wp-content\/uploads\/sites\/6\/2016\/08\/About-BBN.jpg\",\"datePublished\":\"2015-07-31T16:31:38+00:00\",\"dateModified\":\"2019-01-18T15:45:52+00:00\",\"description\":\"Saiba mais sobre a hist\u00f3ria e miss\u00e3o da BBN!\",\"breadcrumb\":{\"@id\":\"https:\/\/bbn1.bbnradio.org\/portuguese\/sobre-bbn\/#breadcrumb\"},\"inLanguage\":\"pt-BR\",\"potentialAction\":[{\"@type\":\"ReadAction\",\"target\":[\"https:\/\/bbn1.bbnradio.org\/portuguese\/sobre-bbn\/\"]}]},{\"@type\":\"ImageObject\",\"inLanguage\":\"pt-BR\",\"@id\":\"https:\/\/bbn1.bbnradio.org\/portuguese\/sobre-bbn\/#primaryimage\",\"url\":\"https:\/\/bbn1.bbnradio.org\/portuguese\/wp-content\/uploads\/sites\/6\/2016\/08\/About-BBN.jpg\",\"contentUrl\":\"https:\/\/bbn1.bbnradio.org\/portuguese\/wp-content\/uploads\/sites\/6\/2016\/08\/About-BBN.jpg\",\"width\":1200,\"height\":628,\"caption\":\"About BBN\"},{\"@type\":\"BreadcrumbList\",\"@id\":\"https:\/\/bbn1.bbnradio.org\/portuguese\/sobre-bbn\/#breadcrumb\",\"itemListElement\":[{\"@type\":\"ListItem\",\"position\":1,\"name\":\"Home\",\"item\":\"https:\/\/bbn1.bbnradio.org\/portuguese\/inicio\/\"},{\"@type\":\"ListItem\",\"position\":2,\"name\":\"Sobre a BBN\"}]},{\"@type\":\"WebSite\",\"@id\":\"https:\/\/bbn1.bbnradio.org\/portuguese\/#website\",\"url\":\"https:\/\/bbn1.bbnradio.org\/portuguese\/\",\"name\":\"BBN Portuguese\",\"description\":\"BBN\",\"potentialAction\":[{\"@type\":\"SearchAction\",\"target\":{\"@type\":\"EntryPoint\",\"urlTemplate\":\"https:\/\/bbn1.bbnradio.org\/portuguese\/?s={search_term_string}\"},\"query-input\":{\"@type\":\"PropertyValueSpecification\",\"valueRequired\":true,\"valueName\":\"search_term_string\"}}],\"inLanguage\":\"pt-BR\"}]}<\/script>\n<!-- \/ Yoast SEO Premium plugin. -->","yoast_head_json":{"title":"Sobre a BBN","description":"Saiba mais sobre a hist\u00f3ria e miss\u00e3o da BBN!","robots":{"index":"index","follow":"follow","max-snippet":"max-snippet:-1","max-image-preview":"max-image-preview:large","max-video-preview":"max-video-preview:-1"},"canonical":"https:\/\/bbn1.bbnradio.org\/portuguese\/sobre-bbn\/","og_locale":"pt_BR","og_type":"article","og_title":"Sobre a BBN","og_description":"Saiba mais sobre a hist\u00f3ria e miss\u00e3o da BBN!","og_url":"https:\/\/bbn1.bbnradio.org\/portuguese\/sobre-bbn\/","og_site_name":"BBN","article_publisher":"https:\/\/www.facebook.com\/BBNPortugues","article_modified_time":"2019-01-18T15:45:52+00:00","twitter_card":"summary_large_image","twitter_title":"Sobre a BBN","twitter_description":"Saiba mais sobre a hist\u00f3ria e miss\u00e3o da BBN!","twitter_image":"https:\/\/bbn1.bbnradio.org\/english\/wp-content\/uploads\/sites\/2\/2016\/08\/About-BBN.jpg","twitter_site":"@BBNPortugues","twitter_misc":{"Est. tempo de leitura":"3 minutos"},"schema":{"@context":"https:\/\/schema.org","@graph":[{"@type":"WebPage","@id":"https:\/\/bbn1.bbnradio.org\/portuguese\/sobre-bbn\/","url":"https:\/\/bbn1.bbnradio.org\/portuguese\/sobre-bbn\/","name":"Sobre a BBN","isPartOf":{"@id":"https:\/\/bbn1.bbnradio.org\/portuguese\/#website"},"primaryImageOfPage":{"@id":"https:\/\/bbn1.bbnradio.org\/portuguese\/sobre-bbn\/#primaryimage"},"image":{"@id":"https:\/\/bbn1.bbnradio.org\/portuguese\/sobre-bbn\/#primaryimage"},"thumbnailUrl":"https:\/\/bbn1.bbnradio.org\/portuguese\/wp-content\/uploads\/sites\/6\/2016\/08\/About-BBN.jpg","datePublished":"2015-07-31T16:31:38+00:00","dateModified":"2019-01-18T15:45:52+00:00","description":"Saiba mais sobre a hist\u00f3ria e miss\u00e3o da BBN!","breadcrumb":{"@id":"https:\/\/bbn1.bbnradio.org\/portuguese\/sobre-bbn\/#breadcrumb"},"inLanguage":"pt-BR","potentialAction":[{"@type":"ReadAction","target":["https:\/\/bbn1.bbnradio.org\/portuguese\/sobre-bbn\/"]}]},{"@type":"ImageObject","inLanguage":"pt-BR","@id":"https:\/\/bbn1.bbnradio.org\/portuguese\/sobre-bbn\/#primaryimage","url":"https:\/\/bbn1.bbnradio.org\/portuguese\/wp-content\/uploads\/sites\/6\/2016\/08\/About-BBN.jpg","contentUrl":"https:\/\/bbn1.bbnradio.org\/portuguese\/wp-content\/uploads\/sites\/6\/2016\/08\/About-BBN.jpg","width":1200,"height":628,"caption":"About BBN"},{"@type":"BreadcrumbList","@id":"https:\/\/bbn1.bbnradio.org\/portuguese\/sobre-bbn\/#breadcrumb","itemListElement":[{"@type":"ListItem","position":1,"name":"Home","item":"https:\/\/bbn1.bbnradio.org\/portuguese\/inicio\/"},{"@type":"ListItem","position":2,"name":"Sobre a BBN"}]},{"@type":"WebSite","@id":"https:\/\/bbn1.bbnradio.org\/portuguese\/#website","url":"https:\/\/bbn1.bbnradio.org\/portuguese\/","name":"BBN Portuguese","description":"BBN","potentialAction":[{"@type":"SearchAction","target":{"@type":"EntryPoint","urlTemplate":"https:\/\/bbn1.bbnradio.org\/portuguese\/?s={search_term_string}"},"query-input":{"@type":"PropertyValueSpecification","valueRequired":true,"valueName":"search_term_string"}}],"inLanguage":"pt-BR"}]}},"jetpack_sharing_enabled":true,"jetpack_shortlink":"https:\/\/wp.me\/P85nO0-140","_links":{"self":[{"href":"https:\/\/bbn1.bbnradio.org\/portuguese\/wp-json\/wp\/v2\/pages\/4092","targetHints":{"allow":["GET"]}}],"collection":[{"href":"https:\/\/bbn1.bbnradio.org\/portuguese\/wp-json\/wp\/v2\/pages"}],"about":[{"href":"https:\/\/bbn1.bbnradio.org\/portuguese\/wp-json\/wp\/v2\/types\/page"}],"author":[{"embeddable":true,"href":"https:\/\/bbn1.bbnradio.org\/portuguese\/wp-json\/wp\/v2\/users\/22"}],"replies":[{"embeddable":true,"href":"https:\/\/bbn1.bbnradio.org\/portuguese\/wp-json\/wp\/v2\/comments?post=4092"}],"version-history":[{"count":3,"href":"https:\/\/bbn1.bbnradio.org\/portuguese\/wp-json\/wp\/v2\/pages\/4092\/revisions"}],"predecessor-version":[{"id":14220,"href":"https:\/\/bbn1.bbnradio.org\/portuguese\/wp-json\/wp\/v2\/pages\/4092\/revisions\/14220"}],"wp:featuredmedia":[{"embeddable":true,"href":"https:\/\/bbn1.bbnradio.org\/portuguese\/wp-json\/wp\/v2\/media\/8338"}],"wp:attachment":[{"href":"https:\/\/bbn1.bbnradio.org\/portuguese\/wp-json\/wp\/v2\/media?parent=4092"}],"wp:term":[{"taxonomy":"category","embeddable":true,"href":"https:\/\/bbn1.bbnradio.org\/portuguese\/wp-json\/wp\/v2\/categories?post=4092"},{"taxonomy":"post_tag","embeddable":true,"href":"https:\/\/bbn1.bbnradio.org\/portuguese\/wp-json\/wp\/v2\/tags?post=4092"}],"curies":[{"name":"wp","href":"https:\/\/api.w.org\/{rel}","templated":true}]}}