{"id":4918,"date":"2015-11-10T17:15:57","date_gmt":"2015-11-10T21:15:57","guid":{"rendered":"https:\/\/bbn1.bbnradio.org\/english\/?page_id=4918"},"modified":"2018-07-25T09:52:06","modified_gmt":"2018-07-25T14:52:06","slug":"para-novos-crentes","status":"publish","type":"page","link":"https:\/\/bbn1.bbnradio.org\/portuguese\/ferramentas-inicial\/para-novos-crentes\/","title":{"rendered":"Para Novos Crentes"},"content":{"rendered":"\n<style type=\"text\/css\" data-created_by=\"avia_inline_auto\" id=\"style-css-av-av_image-69df2c8d11ad9e6a5df3a07caa5d92cc\">\n.avia-image-container.av-av_image-69df2c8d11ad9e6a5df3a07caa5d92cc img.avia_image{\nbox-shadow:none;\n}\n.avia-image-container.av-av_image-69df2c8d11ad9e6a5df3a07caa5d92cc .av-image-caption-overlay-center{\ncolor:#ffffff;\n}\n<\/style>\n<div  class='avia-image-container av-av_image-69df2c8d11ad9e6a5df3a07caa5d92cc av-styling- avia-align-center  avia-builder-el-0  el_before_av_textblock  avia-builder-el-first '   itemprop=\"image\" itemscope=\"itemscope\" itemtype=\"https:\/\/schema.org\/ImageObject\" ><div class=\"avia-image-container-inner\"><div class=\"avia-image-overlay-wrap\"><img decoding=\"async\" fetchpriority=\"high\" class='wp-image-8591 avia-img-lazy-loading-not-8591 avia_image ' src=\"https:\/\/bbn1.bbnradio.org\/portuguese\/wp-content\/uploads\/sites\/6\/2015\/11\/For-New-Believers.jpg\" alt='For New Believers' title='For New Believers'  height=\"321\" width=\"613\"  itemprop=\"thumbnailUrl\"  \/><\/div><\/div><\/div>\n<section  class='av_textblock_section av-av_textblock-2de302bf1aa3cf4c9157dbe6f50ac7eb '   itemscope=\"itemscope\" itemtype=\"https:\/\/schema.org\/CreativeWork\" ><div class='avia_textblock'  itemprop=\"text\" ><p>Obrigado por visitar a BBN e por fazer a melhor decis\u00e3o de sua vida convidando Jesus Cristo para se tornar o seu Salvador pessoal.<\/p>\n<p><strong>SALVO<\/strong>\u00a0\u00e9 uma palavra B\u00edblica. \u201cPorque todo aquele que invocar o nome do Senhor ser\u00e1 SALVO\u201d (Romanos 10:13). Eis a seguir uma ajuda para voc\u00ea entender o que esta decis\u00e3o significa.<\/p>\n<p><span class=\"su-dropcap su-dropcap-style-flat\" style=\"font-size:2em\">S<\/span><strong>Salvo<\/strong><\/p>\n<p>Uma pessoa que est\u00e1 se afogando grita \u201cSalva-me\u201d. Uma pessoa dentro de um pr\u00e9dio em chamas grita \u201cSalva-me\u201d. Por que eu preciso ser salvo ? Porque todos s\u00e3o pecadores \u201cPorque todos pecaram e destitu\u00eddos est\u00e3o da gl\u00f3ria de Deus\u201d (Romanos 3:23). N\u00f3s precisamos de um Salvador. Quando voc\u00ea convidou Jesus Cristo para entrar na sua vida Ele te salvou de um Inferno eterno.<\/p>\n<p><span class=\"su-dropcap su-dropcap-style-flat\" style=\"font-size:2em\">A<\/span><strong>Afirma\u00e7\u00e3o<\/strong><\/p>\n<p>Como eu posso ter certeza de que eu sou salvo? A salva\u00e7\u00e3o n\u00e3o \u00e9 baseada em um sentimento, apesar de voc\u00ea experimentar a alegria de ter os seus pecados perdoados quando voc\u00ea se tornou um filho de Deus. A sua seguran\u00e7a est\u00e1 baseada na B\u00edblia, o livro de promessas de Deus para voc\u00ea. Os sentimentos mudam mas a Sua Palavra permanece para sempre. Quando voc\u00ea foi salvo, Deus estava batendo na porta do seu cora\u00e7\u00e3o. Voc\u00ea abriu a porta e o convidou para entrar. Ele fez habita\u00e7\u00e3o na sua vida na pessoa do Esp\u00edrito Santo e estar\u00e1 com voc\u00ea at\u00e9 o dia que voc\u00ea chegar no C\u00e9u. Leia I Jo\u00e3o 5:11-13<\/p>\n<p><span class=\"su-dropcap su-dropcap-style-flat\" style=\"font-size:2em\">L<\/span><strong>Leitura<\/strong><\/p>\n<p>&#8220;Edificar&#8221; Significa fortalecer e construir. Lendo a B\u00edblia diariamente e memorizando vers\u00edculos, voc\u00ea crescer\u00e1 espiritualmente. A B\u00edblia \u00e9 o seu alimento espiritual para a alma, como a pizza \u00e9 um alimento f\u00edsico para o corpo. Disse Jesus : \u201cEu sou o p\u00e3o da vida; aquele que vem a mim n\u00e3o ter\u00e1 fome, e quem cr\u00ea em mim nunca ter\u00e1 sede.\u201d (Jo\u00e3o 6:35)<\/p>\n<p><span class=\"su-dropcap su-dropcap-style-flat\" style=\"font-size:2em\">V<\/span><strong>Vit\u00f3ria<\/strong><\/p>\n<p>Vit\u00f3ria n\u00e3o quer dizer que voc\u00ea nunca mais vai pecar. No entanto, se voc\u00ea pecar, Deus agora tem uma maneira para voc\u00ea receber o perd\u00e3o. O pecado do salvo n\u00e3o causa a perda da salva\u00e7\u00e3o mas voc\u00ea pode perder a sua comunh\u00e3o. Por exemplo, quando voc\u00ea fazia algo errado quando era crian\u00e7a, isso n\u00e3o significou que voc\u00ea deixou de ser filho do seu pai. Mas, voc\u00ea perdeu a comunh\u00e3o com o seu pai at\u00e9 que voc\u00ea confessou estar errado. Quando voc\u00ea confessou, sua comunh\u00e3o foi restaurada. \u201cSe confessarmos os nossos pecados, Ele (Deus) \u00e9 fiel e justo para nos perdoar os pecados, e nos purificar de toda a injusti\u00e7a.\u201d (I Jo\u00e3o 1:9)<\/p>\n<p><span class=\"su-dropcap su-dropcap-style-flat\" style=\"font-size:2em\">O<\/span><strong>Orienta\u00e7\u00e3o<\/strong><\/p>\n<p>Quando voc\u00ea foi salvo, o Esp\u00edrito Santo veio habitar dentro de voc\u00ea. Ele \u00e9 a terceira pessoa da Trindade. Ele \u00e9 aquela \u201cvoz calma e baixinha\u201d. Quando voc\u00ea peca ou faz algo errado, a B\u00edblia diz que Ele se \u201centristece\u201d e convence voc\u00ea do pecado. Mas quando tudo est\u00e1 correto, Ele traz a paz. Ele tamb\u00e9m \u00e9 o seu professor para orient\u00e1-lo a toda verdade e ajud\u00e1-lo entender a B\u00edblia. Aqui est\u00e3o alguns vers\u00edculos para ajud\u00e1-lo. (Salmos 23:2, 31:3 e 139:7-10).<\/p>\n<h2>3 Coisas que voc\u00ea precisar fazer<\/h2>\n<ul>\n<li style=\"text-align: left\"><strong>Leia a sua B\u00edblia diariamente.<\/strong> Esta \u00e9 a maneira de Deus falar com voc\u00ea.<\/li>\n<li style=\"text-align: left\"><strong>Ore diariamente.<\/strong> Voc\u00ea estar\u00e1 falando com Deus.<\/li>\n<li style=\"text-align: left\"><strong>Encontre uma boa igreja <\/strong>onde a B\u00edblia \u00e9 ensinada e a salva\u00e7\u00e3o \u00e9 pregada.<b><i> <\/i><\/b> A igreja \u00e9 o lugar onde voc\u00ea conhece outras pessoas salvas e desfruta de comunh\u00e3o e encorajamento para a sua nova vida em Jesus Cristo.<\/li>\n<\/ul>\n<\/div><\/section>\n<!-- AddThis Advanced Settings generic via filter on the_content --><!-- AddThis Share Buttons generic via filter on the_content -->","protected":false},"excerpt":{"rendered":"<p><!-- AddThis Advanced Settings generic via filter on get_the_excerpt --><!-- AddThis Share Buttons generic via filter on get_the_excerpt --><\/p>\n","protected":false},"author":22,"featured_media":8591,"parent":4781,"menu_order":0,"comment_status":"closed","ping_status":"closed","template":"","meta":{"jetpack_post_was_ever_published":false,"footnotes":""},"categories":[],"tags":[],"class_list":["post-4918","page","type-page","status-publish","has-post-thumbnail","hentry"],"yoast_head":"<!-- This site is optimized with the Yoast SEO Premium plugin v24.8 (Yoast SEO v24.8.1) - https:\/\/yoast.com\/wordpress\/plugins\/seo\/ -->\n<title>Para Novos Crentes - BBN<\/title>\n<meta name=\"robots\" content=\"index, follow, max-snippet:-1, max-image-preview:large, max-video-preview:-1\" \/>\n<link rel=\"canonical\" href=\"https:\/\/bbn1.bbnradio.org\/portuguese\/ferramentas-inicial\/para-novos-crentes\/\" \/>\n<meta property=\"og:locale\" content=\"pt_BR\" \/>\n<meta property=\"og:type\" content=\"article\" \/>\n<meta property=\"og:title\" content=\"Para Novos Crentes - BBN\" \/>\n<meta property=\"og:url\" content=\"https:\/\/bbn1.bbnradio.org\/portuguese\/ferramentas-inicial\/para-novos-crentes\/\" \/>\n<meta property=\"og:site_name\" content=\"BBN\" \/>\n<meta property=\"article:publisher\" content=\"https:\/\/www.facebook.com\/BBNPortugues\" \/>\n<meta property=\"article:modified_time\" content=\"2018-07-25T14:52:06+00:00\" \/>\n<meta name=\"twitter:card\" content=\"summary_large_image\" \/>\n<meta name=\"twitter:title\" content=\"Para Novos Crentes - BBN\" \/>\n<meta name=\"twitter:image\" content=\"https:\/\/bbn1.bbnradio.org\/english\/wp-content\/uploads\/sites\/2\/2015\/11\/For-New-Believers.jpg\" \/>\n<meta name=\"twitter:site\" content=\"@BBNPortugues\" \/>\n<meta name=\"twitter:label1\" content=\"Est. tempo de leitura\" \/>\n\t<meta name=\"twitter:data1\" content=\"4 minutos\" \/>\n<script type=\"application\/ld+json\" class=\"yoast-schema-graph\">{\"@context\":\"https:\/\/schema.org\",\"@graph\":[{\"@type\":\"WebPage\",\"@id\":\"https:\/\/bbn1.bbnradio.org\/portuguese\/ferramentas-inicial\/para-novos-crentes\/\",\"url\":\"https:\/\/bbn1.bbnradio.org\/portuguese\/ferramentas-inicial\/para-novos-crentes\/\",\"name\":\"Para Novos Crentes - BBN\",\"isPartOf\":{\"@id\":\"https:\/\/bbn1.bbnradio.org\/portuguese\/#website\"},\"primaryImageOfPage\":{\"@id\":\"https:\/\/bbn1.bbnradio.org\/portuguese\/ferramentas-inicial\/para-novos-crentes\/#primaryimage\"},\"image\":{\"@id\":\"https:\/\/bbn1.bbnradio.org\/portuguese\/ferramentas-inicial\/para-novos-crentes\/#primaryimage\"},\"thumbnailUrl\":\"https:\/\/bbn1.bbnradio.org\/portuguese\/wp-content\/uploads\/sites\/6\/2015\/11\/For-New-Believers.jpg\",\"datePublished\":\"2015-11-10T21:15:57+00:00\",\"dateModified\":\"2018-07-25T14:52:06+00:00\",\"breadcrumb\":{\"@id\":\"https:\/\/bbn1.bbnradio.org\/portuguese\/ferramentas-inicial\/para-novos-crentes\/#breadcrumb\"},\"inLanguage\":\"pt-BR\",\"potentialAction\":[{\"@type\":\"ReadAction\",\"target\":[\"https:\/\/bbn1.bbnradio.org\/portuguese\/ferramentas-inicial\/para-novos-crentes\/\"]}]},{\"@type\":\"ImageObject\",\"inLanguage\":\"pt-BR\",\"@id\":\"https:\/\/bbn1.bbnradio.org\/portuguese\/ferramentas-inicial\/para-novos-crentes\/#primaryimage\",\"url\":\"https:\/\/bbn1.bbnradio.org\/portuguese\/wp-content\/uploads\/sites\/6\/2015\/11\/For-New-Believers.jpg\",\"contentUrl\":\"https:\/\/bbn1.bbnradio.org\/portuguese\/wp-content\/uploads\/sites\/6\/2015\/11\/For-New-Believers.jpg\",\"width\":1200,\"height\":628,\"caption\":\"For New Believers\"},{\"@type\":\"BreadcrumbList\",\"@id\":\"https:\/\/bbn1.bbnradio.org\/portuguese\/ferramentas-inicial\/para-novos-crentes\/#breadcrumb\",\"itemListElement\":[{\"@type\":\"ListItem\",\"position\":1,\"name\":\"Home\",\"item\":\"https:\/\/bbn1.bbnradio.org\/portuguese\/inicio\/\"},{\"@type\":\"ListItem\",\"position\":2,\"name\":\"Ferramentas &#8211; Inicial\",\"item\":\"https:\/\/bbn1.bbnradio.org\/portuguese\/ferramentas-inicial\/\"},{\"@type\":\"ListItem\",\"position\":3,\"name\":\"Para Novos Crentes\"}]},{\"@type\":\"WebSite\",\"@id\":\"https:\/\/bbn1.bbnradio.org\/portuguese\/#website\",\"url\":\"https:\/\/bbn1.bbnradio.org\/portuguese\/\",\"name\":\"BBN Portuguese\",\"description\":\"BBN\",\"potentialAction\":[{\"@type\":\"SearchAction\",\"target\":{\"@type\":\"EntryPoint\",\"urlTemplate\":\"https:\/\/bbn1.bbnradio.org\/portuguese\/?s={search_term_string}\"},\"query-input\":{\"@type\":\"PropertyValueSpecification\",\"valueRequired\":true,\"valueName\":\"search_term_string\"}}],\"inLanguage\":\"pt-BR\"}]}<\/script>\n<!-- \/ Yoast SEO Premium plugin. -->","yoast_head_json":{"title":"Para Novos Crentes - BBN","robots":{"index":"index","follow":"follow","max-snippet":"max-snippet:-1","max-image-preview":"max-image-preview:large","max-video-preview":"max-video-preview:-1"},"canonical":"https:\/\/bbn1.bbnradio.org\/portuguese\/ferramentas-inicial\/para-novos-crentes\/","og_locale":"pt_BR","og_type":"article","og_title":"Para Novos Crentes - BBN","og_url":"https:\/\/bbn1.bbnradio.org\/portuguese\/ferramentas-inicial\/para-novos-crentes\/","og_site_name":"BBN","article_publisher":"https:\/\/www.facebook.com\/BBNPortugues","article_modified_time":"2018-07-25T14:52:06+00:00","twitter_card":"summary_large_image","twitter_title":"Para Novos Crentes - BBN","twitter_image":"https:\/\/bbn1.bbnradio.org\/english\/wp-content\/uploads\/sites\/2\/2015\/11\/For-New-Believers.jpg","twitter_site":"@BBNPortugues","twitter_misc":{"Est. tempo de leitura":"4 minutos"},"schema":{"@context":"https:\/\/schema.org","@graph":[{"@type":"WebPage","@id":"https:\/\/bbn1.bbnradio.org\/portuguese\/ferramentas-inicial\/para-novos-crentes\/","url":"https:\/\/bbn1.bbnradio.org\/portuguese\/ferramentas-inicial\/para-novos-crentes\/","name":"Para Novos Crentes - BBN","isPartOf":{"@id":"https:\/\/bbn1.bbnradio.org\/portuguese\/#website"},"primaryImageOfPage":{"@id":"https:\/\/bbn1.bbnradio.org\/portuguese\/ferramentas-inicial\/para-novos-crentes\/#primaryimage"},"image":{"@id":"https:\/\/bbn1.bbnradio.org\/portuguese\/ferramentas-inicial\/para-novos-crentes\/#primaryimage"},"thumbnailUrl":"https:\/\/bbn1.bbnradio.org\/portuguese\/wp-content\/uploads\/sites\/6\/2015\/11\/For-New-Believers.jpg","datePublished":"2015-11-10T21:15:57+00:00","dateModified":"2018-07-25T14:52:06+00:00","breadcrumb":{"@id":"https:\/\/bbn1.bbnradio.org\/portuguese\/ferramentas-inicial\/para-novos-crentes\/#breadcrumb"},"inLanguage":"pt-BR","potentialAction":[{"@type":"ReadAction","target":["https:\/\/bbn1.bbnradio.org\/portuguese\/ferramentas-inicial\/para-novos-crentes\/"]}]},{"@type":"ImageObject","inLanguage":"pt-BR","@id":"https:\/\/bbn1.bbnradio.org\/portuguese\/ferramentas-inicial\/para-novos-crentes\/#primaryimage","url":"https:\/\/bbn1.bbnradio.org\/portuguese\/wp-content\/uploads\/sites\/6\/2015\/11\/For-New-Believers.jpg","contentUrl":"https:\/\/bbn1.bbnradio.org\/portuguese\/wp-content\/uploads\/sites\/6\/2015\/11\/For-New-Believers.jpg","width":1200,"height":628,"caption":"For New Believers"},{"@type":"BreadcrumbList","@id":"https:\/\/bbn1.bbnradio.org\/portuguese\/ferramentas-inicial\/para-novos-crentes\/#breadcrumb","itemListElement":[{"@type":"ListItem","position":1,"name":"Home","item":"https:\/\/bbn1.bbnradio.org\/portuguese\/inicio\/"},{"@type":"ListItem","position":2,"name":"Ferramentas &#8211; Inicial","item":"https:\/\/bbn1.bbnradio.org\/portuguese\/ferramentas-inicial\/"},{"@type":"ListItem","position":3,"name":"Para Novos Crentes"}]},{"@type":"WebSite","@id":"https:\/\/bbn1.bbnradio.org\/portuguese\/#website","url":"https:\/\/bbn1.bbnradio.org\/portuguese\/","name":"BBN Portuguese","description":"BBN","potentialAction":[{"@type":"SearchAction","target":{"@type":"EntryPoint","urlTemplate":"https:\/\/bbn1.bbnradio.org\/portuguese\/?s={search_term_string}"},"query-input":{"@type":"PropertyValueSpecification","valueRequired":true,"valueName":"search_term_string"}}],"inLanguage":"pt-BR"}]}},"jetpack_sharing_enabled":true,"jetpack_shortlink":"https:\/\/wp.me\/P85nO0-1hk","_links":{"self":[{"href":"https:\/\/bbn1.bbnradio.org\/portuguese\/wp-json\/wp\/v2\/pages\/4918","targetHints":{"allow":["GET"]}}],"collection":[{"href":"https:\/\/bbn1.bbnradio.org\/portuguese\/wp-json\/wp\/v2\/pages"}],"about":[{"href":"https:\/\/bbn1.bbnradio.org\/portuguese\/wp-json\/wp\/v2\/types\/page"}],"author":[{"embeddable":true,"href":"https:\/\/bbn1.bbnradio.org\/portuguese\/wp-json\/wp\/v2\/users\/22"}],"replies":[{"embeddable":true,"href":"https:\/\/bbn1.bbnradio.org\/portuguese\/wp-json\/wp\/v2\/comments?post=4918"}],"version-history":[{"count":3,"href":"https:\/\/bbn1.bbnradio.org\/portuguese\/wp-json\/wp\/v2\/pages\/4918\/revisions"}],"predecessor-version":[{"id":13710,"href":"https:\/\/bbn1.bbnradio.org\/portuguese\/wp-json\/wp\/v2\/pages\/4918\/revisions\/13710"}],"up":[{"embeddable":true,"href":"https:\/\/bbn1.bbnradio.org\/portuguese\/wp-json\/wp\/v2\/pages\/4781"}],"wp:featuredmedia":[{"embeddable":true,"href":"https:\/\/bbn1.bbnradio.org\/portuguese\/wp-json\/wp\/v2\/media\/8591"}],"wp:attachment":[{"href":"https:\/\/bbn1.bbnradio.org\/portuguese\/wp-json\/wp\/v2\/media?parent=4918"}],"wp:term":[{"taxonomy":"category","embeddable":true,"href":"https:\/\/bbn1.bbnradio.org\/portuguese\/wp-json\/wp\/v2\/categories?post=4918"},{"taxonomy":"post_tag","embeddable":true,"href":"https:\/\/bbn1.bbnradio.org\/portuguese\/wp-json\/wp\/v2\/tags?post=4918"}],"curies":[{"name":"wp","href":"https:\/\/api.w.org\/{rel}","templated":true}]}}