{"id":4940,"date":"2015-11-11T15:45:54","date_gmt":"2015-11-11T19:45:54","guid":{"rendered":"https:\/\/bbn1.bbnradio.org\/english\/?page_id=4940"},"modified":"2018-02-02T15:31:39","modified_gmt":"2018-02-02T20:31:39","slug":"o-lar-cristao","status":"publish","type":"page","link":"https:\/\/bbn1.bbnradio.org\/portuguese\/ferramentas-inicial\/o-lar-cristao\/","title":{"rendered":"O Lar Crist\u00e3o"},"content":{"rendered":"\n<style type=\"text\/css\" data-created_by=\"avia_inline_auto\" id=\"style-css-av-av_image-edab8cd074980f6747a5865fadac265b\">\n.avia-image-container.av-av_image-edab8cd074980f6747a5865fadac265b img.avia_image{\nbox-shadow:none;\n}\n.avia-image-container.av-av_image-edab8cd074980f6747a5865fadac265b .av-image-caption-overlay-center{\ncolor:#ffffff;\n}\n<\/style>\n<div  class='avia-image-container av-av_image-edab8cd074980f6747a5865fadac265b av-styling- avia-align-center  avia-builder-el-0  el_before_av_heading  avia-builder-el-first '   itemprop=\"image\" itemscope=\"itemscope\" itemtype=\"https:\/\/schema.org\/ImageObject\" ><div class=\"avia-image-container-inner\"><div class=\"avia-image-overlay-wrap\"><img decoding=\"async\" fetchpriority=\"high\" class='wp-image-8595 avia-img-lazy-loading-not-8595 avia_image ' src=\"https:\/\/bbn1.bbnradio.org\/portuguese\/wp-content\/uploads\/sites\/6\/2015\/11\/A-Christian-Home.jpg\" alt='A Christian Home' title='A Christian Home'  height=\"321\" width=\"613\"  itemprop=\"thumbnailUrl\"  \/><\/div><\/div><\/div>\n\n<style type=\"text\/css\" data-created_by=\"avia_inline_auto\" id=\"style-css-av-av_heading-7a4b0cdc3f7ee046e0a04157b4b0fcb7\">\n#top .av-special-heading.av-av_heading-7a4b0cdc3f7ee046e0a04157b4b0fcb7{\npadding-bottom:10px;\n}\nbody .av-special-heading.av-av_heading-7a4b0cdc3f7ee046e0a04157b4b0fcb7 .av-special-heading-tag .heading-char{\nfont-size:25px;\n}\n.av-special-heading.av-av_heading-7a4b0cdc3f7ee046e0a04157b4b0fcb7 .av-subheading{\nfont-size:15px;\n}\n<\/style>\n<div  class='av-special-heading av-av_heading-7a4b0cdc3f7ee046e0a04157b4b0fcb7 av-special-heading-h3  avia-builder-el-1  el_after_av_image  el_before_av_textblock '><h3 class='av-special-heading-tag '  itemprop=\"headline\"  >O Lar Crist\u00e3o<\/h3><div class=\"special-heading-border\"><div class=\"special-heading-inner-border\"><\/div><\/div><\/div>\n<section  class='av_textblock_section av-av_textblock-0366cc7376be6c9e82a3e9cc8987b64f '   itemscope=\"itemscope\" itemtype=\"https:\/\/schema.org\/CreativeWork\" ><div class='avia_textblock'  itemprop=\"text\" ><\/div><\/section>\n\n<style type=\"text\/css\" data-created_by=\"avia_inline_auto\" id=\"style-css-av-av_iconlist-bc79f09215e69523f5f6c3f885472b2c\">\n#top .avia-icon-list-container.av-av_iconlist-bc79f09215e69523f5f6c3f885472b2c .iconlist_icon{\ncolor:#003800;\nbackground-color:#ffffff;\nborder:1px solid #003800;\n}\n#top .avia-icon-list-container.av-av_iconlist-bc79f09215e69523f5f6c3f885472b2c .iconlist_icon svg:first-child{\nstroke:#003800;\nfill:#003800;\n}\n<\/style>\n<div  class='avia-icon-list-container av-av_iconlist-bc79f09215e69523f5f6c3f885472b2c  avia-builder-el-3  el_after_av_textblock  avia-builder-el-last '><ul class='avia-icon-list avia_animate_when_almost_visible avia-icon-list-left av-iconlist-big av-av_iconlist-bc79f09215e69523f5f6c3f885472b2c avia-iconlist-animate'>\n<li><a href='https://\/\/bbn1.bbnradio.org\/portuguese\/ferramentas-inicial\/o-lar-cristao\/lar-cristao-o-que-e-um-lar-cristao\/?PHPSESSID=PF-pI0BGXFAvR0YbgeUEMlPe4ZpTpdxJ' title='O que \u00e9 um Lar Crist\u00e3o?'  class='iconlist_icon av-av_iconlist_item-6573c9926f3b8ce6aa87f0072d4fd628 avia-font-entypo-fontello avia-iconfont avia-font-entypo-fontello'><span class='av-icon-char' data-av_icon='\ue832' data-av_iconfont='entypo-fontello' aria-hidden=\"true\"><\/span><\/a><article class=\"article-icon-entry av-iconlist-empty\"  itemscope=\"itemscope\" itemtype=\"https:\/\/schema.org\/CreativeWork\" ><div class=\"iconlist_content_wrap\"><header class=\"entry-content-header\" aria-label=\"Icon: &lt;a href=&#039;https:\/\/bbn1.bbnradio.org\/portuguese\/ferramentas-inicial\/o-lar-cristao\/lar-cristao-o-que-e-um-lar-cristao\/&#039; title=&#039;O que \u00e9 um Lar Crist\u00e3o?&#039;&gt;O que \u00e9 um Lar Crist\u00e3o?&lt;\/a&gt;\"><h4 class='av_iconlist_title iconlist_title  '  itemprop=\"headline\" ><a href='https://\/\/bbn1.bbnradio.org\/portuguese\/ferramentas-inicial\/o-lar-cristao\/lar-cristao-o-que-e-um-lar-cristao\/?PHPSESSID=PF-pI0BGXFAvR0YbgeUEMlPe4ZpTpdxJ' title='O que \u00e9 um Lar Crist\u00e3o?'>O que \u00e9 um Lar Crist\u00e3o?<\/a><\/h4><\/header><div class='iconlist_content '  itemprop=\"text\" ><\/div><\/div><footer class=\"entry-footer\"><\/footer><\/article><div class=\"iconlist-timeline\"><\/div><\/li>\n<li><a href='https://\/\/bbn1.bbnradio.org\/portuguese\/ferramentas-inicial\/o-lar-cristao\/marido-a-cabeca-do-lar\/?PHPSESSID=PF-pI0BGXFAvR0YbgeUEMlPe4ZpTpdxJ' title='Marido - A Cabe\u00e7a do Lar'  class='iconlist_icon av-av_iconlist_item-87e32bcc51e4a6c6e90429289b12bbee avia-font-entypo-fontello avia-iconfont avia-font-entypo-fontello'><span class='av-icon-char' data-av_icon='\ue832' data-av_iconfont='entypo-fontello' aria-hidden=\"true\"><\/span><\/a><article class=\"article-icon-entry av-iconlist-empty\"  itemscope=\"itemscope\" itemtype=\"https:\/\/schema.org\/CreativeWork\" ><div class=\"iconlist_content_wrap\"><header class=\"entry-content-header\" aria-label=\"Icon: &lt;a href=&#039;https:\/\/bbn1.bbnradio.org\/portuguese\/ferramentas-inicial\/o-lar-cristao\/marido-a-cabeca-do-lar\/&#039; title=&#039;Marido - A Cabe\u00e7a do Lar&#039;&gt;Marido - A Cabe\u00e7a do Lar&lt;\/a&gt;\"><h4 class='av_iconlist_title iconlist_title  '  itemprop=\"headline\" ><a href='https://\/\/bbn1.bbnradio.org\/portuguese\/ferramentas-inicial\/o-lar-cristao\/marido-a-cabeca-do-lar\/?PHPSESSID=PF-pI0BGXFAvR0YbgeUEMlPe4ZpTpdxJ' title='Marido - A Cabe\u00e7a do Lar'>Marido - A Cabe\u00e7a do Lar<\/a><\/h4><\/header><div class='iconlist_content '  itemprop=\"text\" ><\/div><\/div><footer class=\"entry-footer\"><\/footer><\/article><div class=\"iconlist-timeline\"><\/div><\/li>\n<li><a href='https://\/\/bbn1.bbnradio.org\/portuguese\/ferramentas-inicial\/o-lar-cristao\/esposa-o-coracao-do-lar\/?PHPSESSID=PF-pI0BGXFAvR0YbgeUEMlPe4ZpTpdxJ' title='Esposa - O Cora\u00e7\u00e3o do Lar'  class='iconlist_icon av-av_iconlist_item-f38016c36c4979100ef4cb5ac8ed5434 avia-font-entypo-fontello avia-iconfont avia-font-entypo-fontello'><span class='av-icon-char' data-av_icon='\ue832' data-av_iconfont='entypo-fontello' aria-hidden=\"true\"><\/span><\/a><article class=\"article-icon-entry av-iconlist-empty\"  itemscope=\"itemscope\" itemtype=\"https:\/\/schema.org\/CreativeWork\" ><div class=\"iconlist_content_wrap\"><header class=\"entry-content-header\" aria-label=\"Icon: &lt;a href=&#039;https:\/\/bbn1.bbnradio.org\/portuguese\/ferramentas-inicial\/o-lar-cristao\/esposa-o-coracao-do-lar\/&#039; title=&#039;Esposa - O Cora\u00e7\u00e3o do Lar&#039;&gt;Esposa - O Cora\u00e7\u00e3o do Lar&lt;\/a&gt;\"><h4 class='av_iconlist_title iconlist_title  '  itemprop=\"headline\" ><a href='https://\/\/bbn1.bbnradio.org\/portuguese\/ferramentas-inicial\/o-lar-cristao\/esposa-o-coracao-do-lar\/?PHPSESSID=PF-pI0BGXFAvR0YbgeUEMlPe4ZpTpdxJ' title='Esposa - O Cora\u00e7\u00e3o do Lar'>Esposa - O Cora\u00e7\u00e3o do Lar<\/a><\/h4><\/header><div class='iconlist_content '  itemprop=\"text\" ><\/div><\/div><footer class=\"entry-footer\"><\/footer><\/article><div class=\"iconlist-timeline\"><\/div><\/li>\n<li><a href='https://\/\/bbn1.bbnradio.org\/portuguese\/ferramentas-inicial\/o-lar-cristao\/o-lar-cristao-filhos-o-fruto-do-lar\/?PHPSESSID=PF-pI0BGXFAvR0YbgeUEMlPe4ZpTpdxJ' title='Filhos - O Fruto do Lar'  class='iconlist_icon av-av_iconlist_item-2d3ff96ff276482bc5abf1d49fed11ba avia-font-entypo-fontello avia-iconfont avia-font-entypo-fontello'><span class='av-icon-char' data-av_icon='\ue832' data-av_iconfont='entypo-fontello' aria-hidden=\"true\"><\/span><\/a><article class=\"article-icon-entry av-iconlist-empty\"  itemscope=\"itemscope\" itemtype=\"https:\/\/schema.org\/CreativeWork\" ><div class=\"iconlist_content_wrap\"><header class=\"entry-content-header\" aria-label=\"Icon: &lt;a href=&#039;https:\/\/bbn1.bbnradio.org\/portuguese\/ferramentas-inicial\/o-lar-cristao\/o-lar-cristao-filhos-o-fruto-do-lar\/&#039; title=&#039;Filhos - O Fruto do Lar&#039;&gt;Filhos - O Fruto do Lar&lt;\/a&gt;\"><h4 class='av_iconlist_title iconlist_title  '  itemprop=\"headline\" ><a href='https://\/\/bbn1.bbnradio.org\/portuguese\/ferramentas-inicial\/o-lar-cristao\/o-lar-cristao-filhos-o-fruto-do-lar\/?PHPSESSID=PF-pI0BGXFAvR0YbgeUEMlPe4ZpTpdxJ' title='Filhos - O Fruto do Lar'>Filhos - O Fruto do Lar<\/a><\/h4><\/header><div class='iconlist_content '  itemprop=\"text\" ><\/div><\/div><footer class=\"entry-footer\"><\/footer><\/article><div class=\"iconlist-timeline\"><\/div><\/li>\n<li><a href='https://\/\/bbn1.bbnradio.org\/portuguese\/ferramentas-inicial\/o-lar-cristao\/lar-cristao-criancas-no-lar-construindo-lacos\/?PHPSESSID=PF-pI0BGXFAvR0YbgeUEMlPe4ZpTpdxJ' title='Crian\u00e7as em Casa - Fortalecendo os La\u00e7os'  class='iconlist_icon av-av_iconlist_item-de84d2a87c0cf3e19203764b1f84b618 avia-font-entypo-fontello avia-iconfont avia-font-entypo-fontello'><span class='av-icon-char' data-av_icon='\ue832' data-av_iconfont='entypo-fontello' aria-hidden=\"true\"><\/span><\/a><article class=\"article-icon-entry av-iconlist-empty\"  itemscope=\"itemscope\" itemtype=\"https:\/\/schema.org\/CreativeWork\" ><div class=\"iconlist_content_wrap\"><header class=\"entry-content-header\" aria-label=\"Icon: &lt;a href=&#039;https:\/\/bbn1.bbnradio.org\/portuguese\/ferramentas-inicial\/o-lar-cristao\/lar-cristao-criancas-no-lar-construindo-lacos\/&#039; title=&#039;Crian\u00e7as em Casa - Fortalecendo os La\u00e7os&#039;&gt;Crian\u00e7as em Casa - Fortalecendo os La\u00e7os&lt;\/a&gt;\"><h4 class='av_iconlist_title iconlist_title  '  itemprop=\"headline\" ><a href='https://\/\/bbn1.bbnradio.org\/portuguese\/ferramentas-inicial\/o-lar-cristao\/lar-cristao-criancas-no-lar-construindo-lacos\/?PHPSESSID=PF-pI0BGXFAvR0YbgeUEMlPe4ZpTpdxJ' title='Crian\u00e7as em Casa - Fortalecendo os La\u00e7os'>Crian\u00e7as em Casa - Fortalecendo os La\u00e7os<\/a><\/h4><\/header><div class='iconlist_content '  itemprop=\"text\" ><\/div><\/div><footer class=\"entry-footer\"><\/footer><\/article><div class=\"iconlist-timeline\"><\/div><\/li>\n<li><a href='https://\/\/bbn1.bbnradio.org\/portuguese\/ferramentas-inicial\/o-lar-cristao\/o-lar-cristao-as-memorias-de-casa-bbn\/?PHPSESSID=PF-pI0BGXFAvR0YbgeUEMlPe4ZpTpdxJ' title='As Mem\u00f3rias de Casa'  class='iconlist_icon av-av_iconlist_item-4efe8ee15f5d77e04332dd41c71a514a avia-font-entypo-fontello avia-iconfont avia-font-entypo-fontello'><span class='av-icon-char' data-av_icon='\ue832' data-av_iconfont='entypo-fontello' aria-hidden=\"true\"><\/span><\/a><article class=\"article-icon-entry av-iconlist-empty\"  itemscope=\"itemscope\" itemtype=\"https:\/\/schema.org\/CreativeWork\" ><div class=\"iconlist_content_wrap\"><header class=\"entry-content-header\" aria-label=\"Icon: &lt;a href=&#039;https:\/\/bbn1.bbnradio.org\/portuguese\/ferramentas-inicial\/o-lar-cristao\/o-lar-cristao-as-memorias-de-casa-bbn\/&#039; title=&#039;As Mem\u00f3rias de Casa&#039;&gt;As Mem\u00f3rias de Casa&lt;\/a&gt;\"><h4 class='av_iconlist_title iconlist_title  '  itemprop=\"headline\" ><a href='https://\/\/bbn1.bbnradio.org\/portuguese\/ferramentas-inicial\/o-lar-cristao\/o-lar-cristao-as-memorias-de-casa-bbn\/?PHPSESSID=PF-pI0BGXFAvR0YbgeUEMlPe4ZpTpdxJ' title='As Mem\u00f3rias de Casa'>As Mem\u00f3rias de Casa<\/a><\/h4><\/header><div class='iconlist_content '  itemprop=\"text\" ><\/div><\/div><footer class=\"entry-footer\"><\/footer><\/article><div class=\"iconlist-timeline\"><\/div><\/li>\n<\/ul><\/div>\n<!-- AddThis Advanced Settings generic via filter on the_content --><!-- AddThis Share Buttons generic via filter on the_content -->","protected":false},"excerpt":{"rendered":"<p><!-- AddThis Advanced Settings generic via filter on get_the_excerpt --><!-- AddThis Share Buttons generic via filter on get_the_excerpt --><\/p>\n","protected":false},"author":22,"featured_media":8595,"parent":4781,"menu_order":0,"comment_status":"closed","ping_status":"closed","template":"","meta":{"jetpack_post_was_ever_published":false,"footnotes":""},"categories":[],"tags":[],"class_list":["post-4940","page","type-page","status-publish","has-post-thumbnail","hentry"],"yoast_head":"<!-- This site is optimized with the Yoast SEO Premium plugin v24.8 (Yoast SEO v24.8.1) - https:\/\/yoast.com\/wordpress\/plugins\/seo\/ -->\n<title>O Lar Crist\u00e3o - BBN<\/title>\n<meta name=\"description\" content=\"O que a B\u00edblia ensina sobre como ter uma fam\u00edlia aben\u00e7oada.\" \/>\n<meta name=\"robots\" content=\"index, follow, max-snippet:-1, max-image-preview:large, max-video-preview:-1\" \/>\n<link rel=\"canonical\" href=\"https:\/\/bbn1.bbnradio.org\/portuguese\/ferramentas-inicial\/o-lar-cristao\/\" \/>\n<meta property=\"og:locale\" content=\"pt_BR\" \/>\n<meta property=\"og:type\" content=\"article\" \/>\n<meta property=\"og:title\" content=\"O Lar Crist\u00e3o\" \/>\n<meta property=\"og:description\" content=\"O que a B\u00edblia ensina sobre como ter uma fam\u00edlia aben\u00e7oada.\" \/>\n<meta property=\"og:url\" content=\"https:\/\/bbn1.bbnradio.org\/portuguese\/ferramentas-inicial\/o-lar-cristao\/\" \/>\n<meta property=\"og:site_name\" content=\"BBN\" \/>\n<meta property=\"article:publisher\" content=\"https:\/\/www.facebook.com\/BBNPortugues\" \/>\n<meta property=\"article:modified_time\" content=\"2018-02-02T20:31:39+00:00\" \/>\n<meta name=\"twitter:card\" content=\"summary_large_image\" \/>\n<meta name=\"twitter:title\" content=\"O Lar Crist\u00e3o\" \/>\n<meta name=\"twitter:description\" content=\"O que a B\u00edblia ensina sobre como ter uma fam\u00edlia aben\u00e7oada.\" \/>\n<meta name=\"twitter:image\" content=\"https:\/\/bbn1.bbnradio.org\/english\/wp-content\/uploads\/sites\/2\/2015\/11\/A-Christian-Home.jpg\" \/>\n<meta name=\"twitter:site\" content=\"@BBNPortugues\" \/>\n<meta name=\"twitter:label1\" content=\"Est. tempo de leitura\" \/>\n\t<meta name=\"twitter:data1\" content=\"2 minutos\" \/>\n<script type=\"application\/ld+json\" class=\"yoast-schema-graph\">{\"@context\":\"https:\/\/schema.org\",\"@graph\":[{\"@type\":\"WebPage\",\"@id\":\"https:\/\/bbn1.bbnradio.org\/portuguese\/ferramentas-inicial\/o-lar-cristao\/\",\"url\":\"https:\/\/bbn1.bbnradio.org\/portuguese\/ferramentas-inicial\/o-lar-cristao\/\",\"name\":\"O Lar Crist\u00e3o - BBN\",\"isPartOf\":{\"@id\":\"https:\/\/bbn1.bbnradio.org\/portuguese\/#website\"},\"primaryImageOfPage\":{\"@id\":\"https:\/\/bbn1.bbnradio.org\/portuguese\/ferramentas-inicial\/o-lar-cristao\/#primaryimage\"},\"image\":{\"@id\":\"https:\/\/bbn1.bbnradio.org\/portuguese\/ferramentas-inicial\/o-lar-cristao\/#primaryimage\"},\"thumbnailUrl\":\"https:\/\/bbn1.bbnradio.org\/portuguese\/wp-content\/uploads\/sites\/6\/2015\/11\/A-Christian-Home.jpg\",\"datePublished\":\"2015-11-11T19:45:54+00:00\",\"dateModified\":\"2018-02-02T20:31:39+00:00\",\"description\":\"O que a B\u00edblia ensina sobre como ter uma fam\u00edlia aben\u00e7oada.\",\"breadcrumb\":{\"@id\":\"https:\/\/bbn1.bbnradio.org\/portuguese\/ferramentas-inicial\/o-lar-cristao\/#breadcrumb\"},\"inLanguage\":\"pt-BR\",\"potentialAction\":[{\"@type\":\"ReadAction\",\"target\":[\"https:\/\/bbn1.bbnradio.org\/portuguese\/ferramentas-inicial\/o-lar-cristao\/\"]}]},{\"@type\":\"ImageObject\",\"inLanguage\":\"pt-BR\",\"@id\":\"https:\/\/bbn1.bbnradio.org\/portuguese\/ferramentas-inicial\/o-lar-cristao\/#primaryimage\",\"url\":\"https:\/\/bbn1.bbnradio.org\/portuguese\/wp-content\/uploads\/sites\/6\/2015\/11\/A-Christian-Home.jpg\",\"contentUrl\":\"https:\/\/bbn1.bbnradio.org\/portuguese\/wp-content\/uploads\/sites\/6\/2015\/11\/A-Christian-Home.jpg\",\"width\":1200,\"height\":628,\"caption\":\"A Christian Home\"},{\"@type\":\"BreadcrumbList\",\"@id\":\"https:\/\/bbn1.bbnradio.org\/portuguese\/ferramentas-inicial\/o-lar-cristao\/#breadcrumb\",\"itemListElement\":[{\"@type\":\"ListItem\",\"position\":1,\"name\":\"Home\",\"item\":\"https:\/\/bbn1.bbnradio.org\/portuguese\/inicio\/\"},{\"@type\":\"ListItem\",\"position\":2,\"name\":\"Ferramentas &#8211; Inicial\",\"item\":\"https:\/\/bbn1.bbnradio.org\/portuguese\/ferramentas-inicial\/\"},{\"@type\":\"ListItem\",\"position\":3,\"name\":\"O Lar Crist\u00e3o\"}]},{\"@type\":\"WebSite\",\"@id\":\"https:\/\/bbn1.bbnradio.org\/portuguese\/#website\",\"url\":\"https:\/\/bbn1.bbnradio.org\/portuguese\/\",\"name\":\"BBN Portuguese\",\"description\":\"BBN\",\"potentialAction\":[{\"@type\":\"SearchAction\",\"target\":{\"@type\":\"EntryPoint\",\"urlTemplate\":\"https:\/\/bbn1.bbnradio.org\/portuguese\/?s={search_term_string}\"},\"query-input\":{\"@type\":\"PropertyValueSpecification\",\"valueRequired\":true,\"valueName\":\"search_term_string\"}}],\"inLanguage\":\"pt-BR\"}]}<\/script>\n<!-- \/ Yoast SEO Premium plugin. -->","yoast_head_json":{"title":"O Lar Crist\u00e3o - BBN","description":"O que a B\u00edblia ensina sobre como ter uma fam\u00edlia aben\u00e7oada.","robots":{"index":"index","follow":"follow","max-snippet":"max-snippet:-1","max-image-preview":"max-image-preview:large","max-video-preview":"max-video-preview:-1"},"canonical":"https:\/\/bbn1.bbnradio.org\/portuguese\/ferramentas-inicial\/o-lar-cristao\/","og_locale":"pt_BR","og_type":"article","og_title":"O Lar Crist\u00e3o","og_description":"O que a B\u00edblia ensina sobre como ter uma fam\u00edlia aben\u00e7oada.","og_url":"https:\/\/bbn1.bbnradio.org\/portuguese\/ferramentas-inicial\/o-lar-cristao\/","og_site_name":"BBN","article_publisher":"https:\/\/www.facebook.com\/BBNPortugues","article_modified_time":"2018-02-02T20:31:39+00:00","twitter_card":"summary_large_image","twitter_title":"O Lar Crist\u00e3o","twitter_description":"O que a B\u00edblia ensina sobre como ter uma fam\u00edlia aben\u00e7oada.","twitter_image":"https:\/\/bbn1.bbnradio.org\/english\/wp-content\/uploads\/sites\/2\/2015\/11\/A-Christian-Home.jpg","twitter_site":"@BBNPortugues","twitter_misc":{"Est. tempo de leitura":"2 minutos"},"schema":{"@context":"https:\/\/schema.org","@graph":[{"@type":"WebPage","@id":"https:\/\/bbn1.bbnradio.org\/portuguese\/ferramentas-inicial\/o-lar-cristao\/","url":"https:\/\/bbn1.bbnradio.org\/portuguese\/ferramentas-inicial\/o-lar-cristao\/","name":"O Lar Crist\u00e3o - BBN","isPartOf":{"@id":"https:\/\/bbn1.bbnradio.org\/portuguese\/#website"},"primaryImageOfPage":{"@id":"https:\/\/bbn1.bbnradio.org\/portuguese\/ferramentas-inicial\/o-lar-cristao\/#primaryimage"},"image":{"@id":"https:\/\/bbn1.bbnradio.org\/portuguese\/ferramentas-inicial\/o-lar-cristao\/#primaryimage"},"thumbnailUrl":"https:\/\/bbn1.bbnradio.org\/portuguese\/wp-content\/uploads\/sites\/6\/2015\/11\/A-Christian-Home.jpg","datePublished":"2015-11-11T19:45:54+00:00","dateModified":"2018-02-02T20:31:39+00:00","description":"O que a B\u00edblia ensina sobre como ter uma fam\u00edlia aben\u00e7oada.","breadcrumb":{"@id":"https:\/\/bbn1.bbnradio.org\/portuguese\/ferramentas-inicial\/o-lar-cristao\/#breadcrumb"},"inLanguage":"pt-BR","potentialAction":[{"@type":"ReadAction","target":["https:\/\/bbn1.bbnradio.org\/portuguese\/ferramentas-inicial\/o-lar-cristao\/"]}]},{"@type":"ImageObject","inLanguage":"pt-BR","@id":"https:\/\/bbn1.bbnradio.org\/portuguese\/ferramentas-inicial\/o-lar-cristao\/#primaryimage","url":"https:\/\/bbn1.bbnradio.org\/portuguese\/wp-content\/uploads\/sites\/6\/2015\/11\/A-Christian-Home.jpg","contentUrl":"https:\/\/bbn1.bbnradio.org\/portuguese\/wp-content\/uploads\/sites\/6\/2015\/11\/A-Christian-Home.jpg","width":1200,"height":628,"caption":"A Christian Home"},{"@type":"BreadcrumbList","@id":"https:\/\/bbn1.bbnradio.org\/portuguese\/ferramentas-inicial\/o-lar-cristao\/#breadcrumb","itemListElement":[{"@type":"ListItem","position":1,"name":"Home","item":"https:\/\/bbn1.bbnradio.org\/portuguese\/inicio\/"},{"@type":"ListItem","position":2,"name":"Ferramentas &#8211; Inicial","item":"https:\/\/bbn1.bbnradio.org\/portuguese\/ferramentas-inicial\/"},{"@type":"ListItem","position":3,"name":"O Lar Crist\u00e3o"}]},{"@type":"WebSite","@id":"https:\/\/bbn1.bbnradio.org\/portuguese\/#website","url":"https:\/\/bbn1.bbnradio.org\/portuguese\/","name":"BBN Portuguese","description":"BBN","potentialAction":[{"@type":"SearchAction","target":{"@type":"EntryPoint","urlTemplate":"https:\/\/bbn1.bbnradio.org\/portuguese\/?s={search_term_string}"},"query-input":{"@type":"PropertyValueSpecification","valueRequired":true,"valueName":"search_term_string"}}],"inLanguage":"pt-BR"}]}},"jetpack_sharing_enabled":true,"jetpack_shortlink":"https:\/\/wp.me\/P85nO0-1hG","_links":{"self":[{"href":"https:\/\/bbn1.bbnradio.org\/portuguese\/wp-json\/wp\/v2\/pages\/4940","targetHints":{"allow":["GET"]}}],"collection":[{"href":"https:\/\/bbn1.bbnradio.org\/portuguese\/wp-json\/wp\/v2\/pages"}],"about":[{"href":"https:\/\/bbn1.bbnradio.org\/portuguese\/wp-json\/wp\/v2\/types\/page"}],"author":[{"embeddable":true,"href":"https:\/\/bbn1.bbnradio.org\/portuguese\/wp-json\/wp\/v2\/users\/22"}],"replies":[{"embeddable":true,"href":"https:\/\/bbn1.bbnradio.org\/portuguese\/wp-json\/wp\/v2\/comments?post=4940"}],"version-history":[{"count":3,"href":"https:\/\/bbn1.bbnradio.org\/portuguese\/wp-json\/wp\/v2\/pages\/4940\/revisions"}],"predecessor-version":[{"id":12046,"href":"https:\/\/bbn1.bbnradio.org\/portuguese\/wp-json\/wp\/v2\/pages\/4940\/revisions\/12046"}],"up":[{"embeddable":true,"href":"https:\/\/bbn1.bbnradio.org\/portuguese\/wp-json\/wp\/v2\/pages\/4781"}],"wp:featuredmedia":[{"embeddable":true,"href":"https:\/\/bbn1.bbnradio.org\/portuguese\/wp-json\/wp\/v2\/media\/8595"}],"wp:attachment":[{"href":"https:\/\/bbn1.bbnradio.org\/portuguese\/wp-json\/wp\/v2\/media?parent=4940"}],"wp:term":[{"taxonomy":"category","embeddable":true,"href":"https:\/\/bbn1.bbnradio.org\/portuguese\/wp-json\/wp\/v2\/categories?post=4940"},{"taxonomy":"post_tag","embeddable":true,"href":"https:\/\/bbn1.bbnradio.org\/portuguese\/wp-json\/wp\/v2\/tags?post=4940"}],"curies":[{"name":"wp","href":"https:\/\/api.w.org\/{rel}","templated":true}]}}