{"id":5687,"date":"2016-01-12T13:49:26","date_gmt":"2016-01-12T17:49:26","guid":{"rendered":"https:\/\/bbn1.bbnradio.org\/english\/?page_id=5687"},"modified":"2018-07-24T11:30:30","modified_gmt":"2018-07-24T16:30:30","slug":"proposito","status":"publish","type":"page","link":"https:\/\/bbn1.bbnradio.org\/portuguese\/sobre-bbn\/proposito\/","title":{"rendered":"Prop\u00f3sito"},"content":{"rendered":"\n<style type=\"text\/css\" data-created_by=\"avia_inline_auto\" id=\"style-css-av-av_image-5ad9a14bfe36c701da60d3ca8d6dc7f1\">\n.avia-image-container.av-av_image-5ad9a14bfe36c701da60d3ca8d6dc7f1 img.avia_image{\nbox-shadow:none;\n}\n.avia-image-container.av-av_image-5ad9a14bfe36c701da60d3ca8d6dc7f1 .av-image-caption-overlay-center{\ncolor:#ffffff;\n}\n<\/style>\n<div  class='avia-image-container av-av_image-5ad9a14bfe36c701da60d3ca8d6dc7f1 av-styling- avia-align-center  avia-builder-el-0  el_before_av_textblock  avia-builder-el-first '   itemprop=\"image\" itemscope=\"itemscope\" itemtype=\"https:\/\/schema.org\/ImageObject\" ><div class=\"avia-image-container-inner\"><div class=\"avia-image-overlay-wrap\"><img decoding=\"async\" fetchpriority=\"high\" class='wp-image-8313 avia-img-lazy-loading-not-8313 avia_image ' src=\"https:\/\/bbn1.bbnradio.org\/portuguese\/wp-content\/uploads\/sites\/6\/2016\/08\/Purpose.jpg\" alt='Purpose' title='Purpose'  height=\"430\" width=\"822\"  itemprop=\"thumbnailUrl\"  \/><\/div><\/div><\/div>\n<section  class='av_textblock_section av-av_textblock-2de302bf1aa3cf4c9157dbe6f50ac7eb '   itemscope=\"itemscope\" itemtype=\"https:\/\/schema.org\/CreativeWork\" ><div class='avia_textblock'  itemprop=\"text\" ><p>Nosso prop\u00f3sito \u00e9 colocar a Palavra de Deus nos cora\u00e7\u00f5es e nas mentes das pessoas usando os meios mais eficientes que se encontram \u00e0 nossa disposi\u00e7\u00e3o. O R\u00e1dio e a internet s\u00e3o as ferramentas que oferecem o melhor custo-benef\u00edcio para alcan\u00e7ar pessoas com o evangelho e para ensin\u00e1-las nas 24 horas do dia.<\/p>\n<p>Cumprimos o nosso prop\u00f3sito fazendo uso da tecnologia juntamente com a programa\u00e7\u00e3o focada em ministrar. A verdade do evangelho n\u00e3o perdeu o seu poder, mas por vezes perde a sua audi\u00eancia devido a uma apresenta\u00e7\u00e3o pobre ou inadequada. Pode ser que tenhamos uma \u00fanica oportunidade para apresentar o evangelho a uma pessoa. Nossa mensagem precisa estar sempre correta e honrosa ao nosso Senhor, tamb\u00e9m precisa ser apresentada de forma que n\u00e3o diminua a sua import\u00e2ncia.<\/p>\n<p>Para n\u00f3s, r\u00e1dio n\u00e3o \u00e9 um neg\u00f3cio. \u00c9 um minist\u00e9rio. Cremos que a programa\u00e7\u00e3o deve ser calorosa, amig\u00e1vel, informativa e deve apresentar a Verdade. Os microfones da BBN s\u00e3o t\u00e3o sagrados quanto os de qualquer p\u00falpito no mundo, por isso transmitimos momentos de ora\u00e7\u00e3o, programas para as crian\u00e7as, ensino B\u00edblico, e programas de orienta\u00e7\u00e3o para fam\u00edlias. Tamb\u00e9m oferecemos o Chat para orienta\u00e7\u00e3o b\u00edblica pessoal (www.bbnchat.org). Atrav\u00e9s destes meios, conseguimos compartilhar o evangelho, muitas vezes levando pessoas a Jesus Cristo.<\/p>\n<p>A BBN \u00e9 um minist\u00e9rio que procura suprir as necessidades espirituais. Voc\u00ea poderia nos ajudar convidando os seus conhecidos a ouvirem a BBN? Nosso desejo \u00e9 que muitos venham a Cristo, que lares sejam edificados, e que crist\u00e3os evangelizem, cumprindo assim a Grande Comiss\u00e3o.<\/p>\n<\/div><\/section>\n<div  class='avia-button-wrap av-av_button-b6c1da9aa914ce12397b9c8b2f336ed5-wrap avia-button-center  avia-builder-el-2  el_after_av_textblock  avia-builder-el-last '><a href='https://\/\/bbn1.bbnradio.org\/portuguese\/fale-conosco\/pedidos-de-material\/cartoes-convite\/?PHPSESSID=gQwLUOL2VdT%2CbwqogjOwXpZBWaau81CE'  class='avia-button av-av_button-b6c1da9aa914ce12397b9c8b2f336ed5 av-link-btn avia-icon_select-no avia-size-large avia-position-center avia-color-theme-color'   aria-label=\"Solicite Cart\u00f5es-Convite\"><span class='avia_iconbox_title' >Solicite Cart\u00f5es-Convite<\/span><\/a><\/div>\n<!-- AddThis Advanced Settings generic via filter on the_content --><!-- AddThis Share Buttons generic via filter on the_content -->","protected":false},"excerpt":{"rendered":"<p><!-- AddThis Advanced Settings generic via filter on get_the_excerpt --><!-- AddThis Share Buttons generic via filter on get_the_excerpt --><\/p>\n","protected":false},"author":22,"featured_media":8313,"parent":4092,"menu_order":0,"comment_status":"closed","ping_status":"closed","template":"","meta":{"jetpack_post_was_ever_published":false,"footnotes":""},"categories":[],"tags":[],"class_list":["post-5687","page","type-page","status-publish","has-post-thumbnail","hentry"],"yoast_head":"<!-- This site is optimized with the Yoast SEO Premium plugin v24.8 (Yoast SEO v24.8.1) - https:\/\/yoast.com\/wordpress\/plugins\/seo\/ -->\n<title>Prop\u00f3sito - BBN<\/title>\n<meta name=\"robots\" content=\"index, follow, max-snippet:-1, max-image-preview:large, max-video-preview:-1\" \/>\n<link rel=\"canonical\" href=\"https:\/\/bbn1.bbnradio.org\/portuguese\/sobre-bbn\/proposito\/\" \/>\n<meta property=\"og:locale\" content=\"pt_BR\" \/>\n<meta property=\"og:type\" content=\"article\" \/>\n<meta property=\"og:title\" content=\"Prop\u00f3sito da BBN\" \/>\n<meta property=\"og:description\" content=\"Nosso prop\u00f3sito \u00e9 colocar a Palavra de Deus nos cora\u00e7\u00f5es e nas mentes das pessoas usando os meios mais eficientes que se encontram \u00e0 nossa disposi\u00e7\u00e3o. O R\u00e1dio e a internet s\u00e3o as ferramentas que oferecem o melhor custo-benef\u00edcio para alcan\u00e7ar pessoas com o evangelho e para ensin\u00e1-las nas 24 horas do dia.\" \/>\n<meta property=\"og:url\" content=\"https:\/\/bbn1.bbnradio.org\/portuguese\/sobre-bbn\/proposito\/\" \/>\n<meta property=\"og:site_name\" content=\"BBN\" \/>\n<meta property=\"article:publisher\" content=\"https:\/\/www.facebook.com\/BBNPortugues\" \/>\n<meta property=\"article:modified_time\" content=\"2018-07-24T16:30:30+00:00\" \/>\n<meta name=\"twitter:card\" content=\"summary_large_image\" \/>\n<meta name=\"twitter:title\" content=\"Prop\u00f3sito da BBN\" \/>\n<meta name=\"twitter:description\" content=\"Nosso prop\u00f3sito \u00e9 colocar a Palavra de Deus nos cora\u00e7\u00f5es e nas mentes das pessoas usando os meios mais eficientes que se encontram \u00e0 nossa disposi\u00e7\u00e3o. O R\u00e1dio e a internet s\u00e3o as ferramentas que oferecem o melhor custo-benef\u00edcio para alcan\u00e7ar pessoas com o evangelho e para ensin\u00e1-las nas 24 horas do dia.\" \/>\n<meta name=\"twitter:image\" content=\"https:\/\/bbn1.bbnradio.org\/english\/wp-content\/uploads\/sites\/2\/2016\/08\/Purpose.jpg\" \/>\n<meta name=\"twitter:site\" content=\"@BBNPortugues\" \/>\n<meta name=\"twitter:label1\" content=\"Est. tempo de leitura\" \/>\n\t<meta name=\"twitter:data1\" content=\"2 minutos\" \/>\n<script type=\"application\/ld+json\" class=\"yoast-schema-graph\">{\"@context\":\"https:\/\/schema.org\",\"@graph\":[{\"@type\":\"WebPage\",\"@id\":\"https:\/\/bbn1.bbnradio.org\/portuguese\/sobre-bbn\/proposito\/\",\"url\":\"https:\/\/bbn1.bbnradio.org\/portuguese\/sobre-bbn\/proposito\/\",\"name\":\"Prop\u00f3sito - BBN\",\"isPartOf\":{\"@id\":\"https:\/\/bbn1.bbnradio.org\/portuguese\/#website\"},\"primaryImageOfPage\":{\"@id\":\"https:\/\/bbn1.bbnradio.org\/portuguese\/sobre-bbn\/proposito\/#primaryimage\"},\"image\":{\"@id\":\"https:\/\/bbn1.bbnradio.org\/portuguese\/sobre-bbn\/proposito\/#primaryimage\"},\"thumbnailUrl\":\"https:\/\/bbn1.bbnradio.org\/portuguese\/wp-content\/uploads\/sites\/6\/2016\/08\/Purpose.jpg\",\"datePublished\":\"2016-01-12T17:49:26+00:00\",\"dateModified\":\"2018-07-24T16:30:30+00:00\",\"breadcrumb\":{\"@id\":\"https:\/\/bbn1.bbnradio.org\/portuguese\/sobre-bbn\/proposito\/#breadcrumb\"},\"inLanguage\":\"pt-BR\",\"potentialAction\":[{\"@type\":\"ReadAction\",\"target\":[\"https:\/\/bbn1.bbnradio.org\/portuguese\/sobre-bbn\/proposito\/\"]}]},{\"@type\":\"ImageObject\",\"inLanguage\":\"pt-BR\",\"@id\":\"https:\/\/bbn1.bbnradio.org\/portuguese\/sobre-bbn\/proposito\/#primaryimage\",\"url\":\"https:\/\/bbn1.bbnradio.org\/portuguese\/wp-content\/uploads\/sites\/6\/2016\/08\/Purpose.jpg\",\"contentUrl\":\"https:\/\/bbn1.bbnradio.org\/portuguese\/wp-content\/uploads\/sites\/6\/2016\/08\/Purpose.jpg\",\"width\":1200,\"height\":628,\"caption\":\"Purpose\"},{\"@type\":\"BreadcrumbList\",\"@id\":\"https:\/\/bbn1.bbnradio.org\/portuguese\/sobre-bbn\/proposito\/#breadcrumb\",\"itemListElement\":[{\"@type\":\"ListItem\",\"position\":1,\"name\":\"Home\",\"item\":\"https:\/\/bbn1.bbnradio.org\/portuguese\/inicio\/\"},{\"@type\":\"ListItem\",\"position\":2,\"name\":\"Sobre a BBN\",\"item\":\"https:\/\/bbn1.bbnradio.org\/portuguese\/sobre-bbn\/\"},{\"@type\":\"ListItem\",\"position\":3,\"name\":\"Prop\u00f3sito\"}]},{\"@type\":\"WebSite\",\"@id\":\"https:\/\/bbn1.bbnradio.org\/portuguese\/#website\",\"url\":\"https:\/\/bbn1.bbnradio.org\/portuguese\/\",\"name\":\"BBN Portuguese\",\"description\":\"BBN\",\"potentialAction\":[{\"@type\":\"SearchAction\",\"target\":{\"@type\":\"EntryPoint\",\"urlTemplate\":\"https:\/\/bbn1.bbnradio.org\/portuguese\/?s={search_term_string}\"},\"query-input\":{\"@type\":\"PropertyValueSpecification\",\"valueRequired\":true,\"valueName\":\"search_term_string\"}}],\"inLanguage\":\"pt-BR\"}]}<\/script>\n<!-- \/ Yoast SEO Premium plugin. -->","yoast_head_json":{"title":"Prop\u00f3sito - BBN","robots":{"index":"index","follow":"follow","max-snippet":"max-snippet:-1","max-image-preview":"max-image-preview:large","max-video-preview":"max-video-preview:-1"},"canonical":"https:\/\/bbn1.bbnradio.org\/portuguese\/sobre-bbn\/proposito\/","og_locale":"pt_BR","og_type":"article","og_title":"Prop\u00f3sito da BBN","og_description":"Nosso prop\u00f3sito \u00e9 colocar a Palavra de Deus nos cora\u00e7\u00f5es e nas mentes das pessoas usando os meios mais eficientes que se encontram \u00e0 nossa disposi\u00e7\u00e3o. O R\u00e1dio e a internet s\u00e3o as ferramentas que oferecem o melhor custo-benef\u00edcio para alcan\u00e7ar pessoas com o evangelho e para ensin\u00e1-las nas 24 horas do dia.","og_url":"https:\/\/bbn1.bbnradio.org\/portuguese\/sobre-bbn\/proposito\/","og_site_name":"BBN","article_publisher":"https:\/\/www.facebook.com\/BBNPortugues","article_modified_time":"2018-07-24T16:30:30+00:00","twitter_card":"summary_large_image","twitter_title":"Prop\u00f3sito da BBN","twitter_description":"Nosso prop\u00f3sito \u00e9 colocar a Palavra de Deus nos cora\u00e7\u00f5es e nas mentes das pessoas usando os meios mais eficientes que se encontram \u00e0 nossa disposi\u00e7\u00e3o. O R\u00e1dio e a internet s\u00e3o as ferramentas que oferecem o melhor custo-benef\u00edcio para alcan\u00e7ar pessoas com o evangelho e para ensin\u00e1-las nas 24 horas do dia.","twitter_image":"https:\/\/bbn1.bbnradio.org\/english\/wp-content\/uploads\/sites\/2\/2016\/08\/Purpose.jpg","twitter_site":"@BBNPortugues","twitter_misc":{"Est. tempo de leitura":"2 minutos"},"schema":{"@context":"https:\/\/schema.org","@graph":[{"@type":"WebPage","@id":"https:\/\/bbn1.bbnradio.org\/portuguese\/sobre-bbn\/proposito\/","url":"https:\/\/bbn1.bbnradio.org\/portuguese\/sobre-bbn\/proposito\/","name":"Prop\u00f3sito - BBN","isPartOf":{"@id":"https:\/\/bbn1.bbnradio.org\/portuguese\/#website"},"primaryImageOfPage":{"@id":"https:\/\/bbn1.bbnradio.org\/portuguese\/sobre-bbn\/proposito\/#primaryimage"},"image":{"@id":"https:\/\/bbn1.bbnradio.org\/portuguese\/sobre-bbn\/proposito\/#primaryimage"},"thumbnailUrl":"https:\/\/bbn1.bbnradio.org\/portuguese\/wp-content\/uploads\/sites\/6\/2016\/08\/Purpose.jpg","datePublished":"2016-01-12T17:49:26+00:00","dateModified":"2018-07-24T16:30:30+00:00","breadcrumb":{"@id":"https:\/\/bbn1.bbnradio.org\/portuguese\/sobre-bbn\/proposito\/#breadcrumb"},"inLanguage":"pt-BR","potentialAction":[{"@type":"ReadAction","target":["https:\/\/bbn1.bbnradio.org\/portuguese\/sobre-bbn\/proposito\/"]}]},{"@type":"ImageObject","inLanguage":"pt-BR","@id":"https:\/\/bbn1.bbnradio.org\/portuguese\/sobre-bbn\/proposito\/#primaryimage","url":"https:\/\/bbn1.bbnradio.org\/portuguese\/wp-content\/uploads\/sites\/6\/2016\/08\/Purpose.jpg","contentUrl":"https:\/\/bbn1.bbnradio.org\/portuguese\/wp-content\/uploads\/sites\/6\/2016\/08\/Purpose.jpg","width":1200,"height":628,"caption":"Purpose"},{"@type":"BreadcrumbList","@id":"https:\/\/bbn1.bbnradio.org\/portuguese\/sobre-bbn\/proposito\/#breadcrumb","itemListElement":[{"@type":"ListItem","position":1,"name":"Home","item":"https:\/\/bbn1.bbnradio.org\/portuguese\/inicio\/"},{"@type":"ListItem","position":2,"name":"Sobre a BBN","item":"https:\/\/bbn1.bbnradio.org\/portuguese\/sobre-bbn\/"},{"@type":"ListItem","position":3,"name":"Prop\u00f3sito"}]},{"@type":"WebSite","@id":"https:\/\/bbn1.bbnradio.org\/portuguese\/#website","url":"https:\/\/bbn1.bbnradio.org\/portuguese\/","name":"BBN Portuguese","description":"BBN","potentialAction":[{"@type":"SearchAction","target":{"@type":"EntryPoint","urlTemplate":"https:\/\/bbn1.bbnradio.org\/portuguese\/?s={search_term_string}"},"query-input":{"@type":"PropertyValueSpecification","valueRequired":true,"valueName":"search_term_string"}}],"inLanguage":"pt-BR"}]}},"jetpack_sharing_enabled":true,"jetpack_shortlink":"https:\/\/wp.me\/P85nO0-1tJ","_links":{"self":[{"href":"https:\/\/bbn1.bbnradio.org\/portuguese\/wp-json\/wp\/v2\/pages\/5687","targetHints":{"allow":["GET"]}}],"collection":[{"href":"https:\/\/bbn1.bbnradio.org\/portuguese\/wp-json\/wp\/v2\/pages"}],"about":[{"href":"https:\/\/bbn1.bbnradio.org\/portuguese\/wp-json\/wp\/v2\/types\/page"}],"author":[{"embeddable":true,"href":"https:\/\/bbn1.bbnradio.org\/portuguese\/wp-json\/wp\/v2\/users\/22"}],"replies":[{"embeddable":true,"href":"https:\/\/bbn1.bbnradio.org\/portuguese\/wp-json\/wp\/v2\/comments?post=5687"}],"version-history":[{"count":3,"href":"https:\/\/bbn1.bbnradio.org\/portuguese\/wp-json\/wp\/v2\/pages\/5687\/revisions"}],"predecessor-version":[{"id":13560,"href":"https:\/\/bbn1.bbnradio.org\/portuguese\/wp-json\/wp\/v2\/pages\/5687\/revisions\/13560"}],"up":[{"embeddable":true,"href":"https:\/\/bbn1.bbnradio.org\/portuguese\/wp-json\/wp\/v2\/pages\/4092"}],"wp:featuredmedia":[{"embeddable":true,"href":"https:\/\/bbn1.bbnradio.org\/portuguese\/wp-json\/wp\/v2\/media\/8313"}],"wp:attachment":[{"href":"https:\/\/bbn1.bbnradio.org\/portuguese\/wp-json\/wp\/v2\/media?parent=5687"}],"wp:term":[{"taxonomy":"category","embeddable":true,"href":"https:\/\/bbn1.bbnradio.org\/portuguese\/wp-json\/wp\/v2\/categories?post=5687"},{"taxonomy":"post_tag","embeddable":true,"href":"https:\/\/bbn1.bbnradio.org\/portuguese\/wp-json\/wp\/v2\/tags?post=5687"}],"curies":[{"name":"wp","href":"https:\/\/api.w.org\/{rel}","templated":true}]}}