{"id":5691,"date":"2016-01-12T13:53:39","date_gmt":"2016-01-12T17:53:39","guid":{"rendered":"https:\/\/bbn1.bbnradio.org\/english\/?page_id=5691"},"modified":"2019-01-18T12:36:51","modified_gmt":"2019-01-18T15:36:51","slug":"radio-em-ingles","status":"publish","type":"page","link":"https:\/\/bbn1.bbnradio.org\/portuguese\/sobre-bbn\/radio-em-ingles\/","title":{"rendered":"R\u00e1dio em Ingl\u00eas"},"content":{"rendered":"\n<style type=\"text\/css\" data-created_by=\"avia_inline_auto\" id=\"style-css-av-e3tl3v-285e998000e55ac320e30a3e56fef474\">\n.avia-image-container.av-e3tl3v-285e998000e55ac320e30a3e56fef474 img.avia_image{\nbox-shadow:none;\n}\n.avia-image-container.av-e3tl3v-285e998000e55ac320e30a3e56fef474 .av-image-caption-overlay-center{\ncolor:#ffffff;\n}\n<\/style>\n<div  class='avia-image-container av-e3tl3v-285e998000e55ac320e30a3e56fef474 av-styling- avia-align-center  avia-builder-el-0  el_before_av_textblock  avia-builder-el-first '   itemprop=\"image\" itemscope=\"itemscope\" itemtype=\"https:\/\/schema.org\/ImageObject\" ><div class=\"avia-image-container-inner\"><div class=\"avia-image-overlay-wrap\"><img decoding=\"async\" fetchpriority=\"high\" class='wp-image-8321 avia-img-lazy-loading-not-8321 avia_image ' src=\"https:\/\/bbn1.bbnradio.org\/portuguese\/wp-content\/uploads\/sites\/6\/2016\/08\/English-Radio.jpg\" alt='English Radio' title='English Radio'  height=\"628\" width=\"1200\"  itemprop=\"thumbnailUrl\"  \/><\/div><\/div><\/div>\n<section  class='av_textblock_section av-coht1n-c218fa701868a90a60df74a6429d434f '   itemscope=\"itemscope\" itemtype=\"https:\/\/schema.org\/CreativeWork\" ><div class='avia_textblock'  itemprop=\"text\" ><p>A BBN est\u00e1 no ar em dezenas de emissoras de alta pot\u00eancia e mais de 100 emissoras de baixa pot\u00eancia por todo o territ\u00f3rio dos Estados Unidos. Cada emissora transmite a mesma programa\u00e7\u00e3o permitindo que a Palavra de Deus alcan\u00e7e mais de 50 milh\u00f5es de pessoas todos os dias.<\/p>\n<\/div><\/section>\n\n<style type=\"text\/css\" data-created_by=\"avia_inline_auto\" id=\"style-css-av-b3zcaz-1374e50f6850a645c3f9808f24364f71\">\n#top .flex_column.av-b3zcaz-1374e50f6850a645c3f9808f24364f71{\nmargin-top:0px;\nmargin-bottom:0px;\n}\n.flex_column.av-b3zcaz-1374e50f6850a645c3f9808f24364f71{\nborder-radius:0px 0px 0px 0px;\npadding:0px 0px 0px 0px;\n}\n.responsive #top #wrap_all .flex_column.av-b3zcaz-1374e50f6850a645c3f9808f24364f71{\nmargin-top:0px;\nmargin-bottom:0px;\n}\n<\/style>\n<div  class='flex_column av-b3zcaz-1374e50f6850a645c3f9808f24364f71 av_one_half  avia-builder-el-2  el_after_av_textblock  el_before_av_one_half  first flex_column_div av-zero-column-padding  column-top-margin'     ><style type=\"text\/css\" data-created_by=\"avia_inline_auto\" id=\"style-css-av-wyw5n-a97ebd8ac3c84b1a9295e66a485ac388\">\n#top .avia-icon-list-container.av-wyw5n-a97ebd8ac3c84b1a9295e66a485ac388 .iconlist_icon{\ncolor:#003800;\nbackground-color:#ffffff;\nborder:1px solid #003800;\n}\n#top .avia-icon-list-container.av-wyw5n-a97ebd8ac3c84b1a9295e66a485ac388 .iconlist_icon svg:first-child{\nstroke:#003800;\nfill:#003800;\n}\n<\/style>\n<div  class='avia-icon-list-container av-wyw5n-a97ebd8ac3c84b1a9295e66a485ac388  avia-builder-el-3  avia-builder-el-no-sibling '><ul class='avia-icon-list avia_animate_when_almost_visible avia-icon-list-left av-iconlist-big av-wyw5n-a97ebd8ac3c84b1a9295e66a485ac388 avia-iconlist-animate'>\n<li><a href='https://\/\/bbn1.bbnradio.org\/english\/stations-list\/?PHPSESSID=sK9bI5NMW6pFtqTN-I0x7uSZl86viMNy' title='Lista de Emissoras'  target=\"_blank\"  rel=\"noopener noreferrer\" class='iconlist_icon av-7xt1mj-218224d0cc483bffa06aa7b94b7036bc avia-font-entypo-fontello avia-iconfont avia-font-entypo-fontello'><span class='av-icon-char' data-av_icon='\ue8b1' data-av_iconfont='entypo-fontello' aria-hidden=\"true\"><\/span><\/a><article class=\"article-icon-entry \"  itemscope=\"itemscope\" itemtype=\"https:\/\/schema.org\/CreativeWork\" ><div class=\"iconlist_content_wrap\"><header class=\"entry-content-header\" aria-label=\"Icon: &lt;a href=&#039;https:\/\/bbn1.bbnradio.org\/english\/stations-list\/&#039; title=&#039;Lista de Emissoras&#039; target=&quot;_blank&quot;  rel=&quot;noopener noreferrer&quot;&gt;Lista de Emissoras&lt;\/a&gt;\"><h4 class='av_iconlist_title iconlist_title  '  itemprop=\"headline\" ><a href='https://\/\/bbn1.bbnradio.org\/english\/stations-list\/?PHPSESSID=sK9bI5NMW6pFtqTN-I0x7uSZl86viMNy' title='Lista de Emissoras' target=\"_blank\"  rel=\"noopener noreferrer\">Lista de Emissoras<\/a><\/h4><\/header><div class='iconlist_content '  itemprop=\"text\" ><p>Lista de todas as emissoras afiliadas<\/p>\n<\/div><\/div><footer class=\"entry-footer\"><\/footer><\/article><div class=\"iconlist-timeline\"><\/div><\/li>\n<\/ul><\/div><\/div>\n\n<style type=\"text\/css\" data-created_by=\"avia_inline_auto\" id=\"style-css-av-ipci3-2343f005041945bea0652ff39274d4c3\">\n#top .flex_column.av-ipci3-2343f005041945bea0652ff39274d4c3{\nmargin-top:0px;\nmargin-bottom:0px;\n}\n.flex_column.av-ipci3-2343f005041945bea0652ff39274d4c3{\nborder-radius:0px 0px 0px 0px;\npadding:0px 0px 0px 0px;\n}\n.responsive #top #wrap_all .flex_column.av-ipci3-2343f005041945bea0652ff39274d4c3{\nmargin-top:0px;\nmargin-bottom:0px;\n}\n<\/style>\n<div  class='flex_column av-ipci3-2343f005041945bea0652ff39274d4c3 av_one_half  avia-builder-el-4  el_after_av_one_half  avia-builder-el-last  flex_column_div av-zero-column-padding  column-top-margin'     ><style type=\"text\/css\" data-created_by=\"avia_inline_auto\" id=\"style-css-av-3uc6sr-2d3b4e64406b66df94a30a76cdf3dc70\">\n#top .avia-icon-list-container.av-3uc6sr-2d3b4e64406b66df94a30a76cdf3dc70 .iconlist_icon{\ncolor:#003800;\nbackground-color:#ffffff;\nborder:1px solid #003800;\n}\n#top .avia-icon-list-container.av-3uc6sr-2d3b4e64406b66df94a30a76cdf3dc70 .iconlist_icon svg:first-child{\nstroke:#003800;\nfill:#003800;\n}\n<\/style>\n<div  class='avia-icon-list-container av-3uc6sr-2d3b4e64406b66df94a30a76cdf3dc70  avia-builder-el-5  avia-builder-el-no-sibling '><ul class='avia-icon-list avia_animate_when_almost_visible avia-icon-list-left av-iconlist-big av-3uc6sr-2d3b4e64406b66df94a30a76cdf3dc70 avia-iconlist-animate'>\n<li><a href='https://\/\/bbn1.bbnradio.org\/english\/listen-now\/?PHPSESSID=sK9bI5NMW6pFtqTN-I0x7uSZl86viMNy' title='Ou\u00e7a'  target=\"_blank\"  rel=\"noopener noreferrer\" class='iconlist_icon av-20oxmz-cee4de21dfe544e40450c82b794c350d avia-font-entypo-fontello avia-iconfont avia-font-entypo-fontello'><span class='av-icon-char' data-av_icon='\ue897' data-av_iconfont='entypo-fontello' aria-hidden=\"true\"><\/span><\/a><article class=\"article-icon-entry \"  itemscope=\"itemscope\" itemtype=\"https:\/\/schema.org\/CreativeWork\" ><div class=\"iconlist_content_wrap\"><header class=\"entry-content-header\" aria-label=\"Icon: &lt;a href=&#039;https:\/\/bbn1.bbnradio.org\/english\/listen-now\/&#039; title=&#039;Ou\u00e7a&#039; target=&quot;_blank&quot;  rel=&quot;noopener noreferrer&quot;&gt;Ou\u00e7a&lt;\/a&gt;\"><h4 class='av_iconlist_title iconlist_title  '  itemprop=\"headline\" ><a href='https://\/\/bbn1.bbnradio.org\/english\/listen-now\/?PHPSESSID=sK9bI5NMW6pFtqTN-I0x7uSZl86viMNy' title='Ou\u00e7a' target=\"_blank\"  rel=\"noopener noreferrer\">Ou\u00e7a<\/a><\/h4><\/header><div class='iconlist_content '  itemprop=\"text\" ><div style=\"text-align: left;\"><div class=\"su-spacer\" style=\"height:15px\"><\/div><\/div>\n<div style=\"text-align: left;\"><strong>No Ar Agora:<\/strong><\/div>\n<div style=\"text-align: left;\"><span id=\"BBN_now_playing\"><\/span><\/div>\n<\/div><\/div><footer class=\"entry-footer\"><\/footer><\/article><div class=\"iconlist-timeline\"><\/div><\/li>\n<\/ul><\/div><\/div>\n<!-- AddThis Advanced Settings generic via filter on the_content --><!-- AddThis Share Buttons generic via filter on the_content -->","protected":false},"excerpt":{"rendered":"<p><!-- AddThis Advanced Settings generic via filter on get_the_excerpt --><!-- AddThis Share Buttons generic via filter on get_the_excerpt --><\/p>\n","protected":false},"author":22,"featured_media":8321,"parent":4092,"menu_order":0,"comment_status":"closed","ping_status":"closed","template":"","meta":{"jetpack_post_was_ever_published":false,"footnotes":""},"categories":[],"tags":[],"class_list":["post-5691","page","type-page","status-publish","has-post-thumbnail","hentry"],"yoast_head":"<!-- This site is optimized with the Yoast SEO Premium plugin v24.8 (Yoast SEO v24.8.1) - https:\/\/yoast.com\/wordpress\/plugins\/seo\/ -->\n<title>R\u00e1dio em Ingl\u00eas - BBN<\/title>\n<meta name=\"robots\" content=\"index, follow, max-snippet:-1, max-image-preview:large, max-video-preview:-1\" \/>\n<link rel=\"canonical\" href=\"https:\/\/bbn1.bbnradio.org\/portuguese\/sobre-bbn\/radio-em-ingles\/\" \/>\n<meta property=\"og:locale\" content=\"pt_BR\" \/>\n<meta property=\"og:type\" content=\"article\" \/>\n<meta property=\"og:title\" content=\"R\u00e1dio em Ingl\u00eas\" \/>\n<meta property=\"og:url\" content=\"https:\/\/bbn1.bbnradio.org\/portuguese\/sobre-bbn\/radio-em-ingles\/\" \/>\n<meta property=\"og:site_name\" content=\"BBN\" \/>\n<meta property=\"article:publisher\" content=\"https:\/\/www.facebook.com\/BBNPortugues\" \/>\n<meta property=\"article:modified_time\" content=\"2019-01-18T15:36:51+00:00\" \/>\n<meta name=\"twitter:card\" content=\"summary_large_image\" \/>\n<meta name=\"twitter:title\" content=\"R\u00e1dio em Ingl\u00eas\" \/>\n<meta name=\"twitter:image\" content=\"https:\/\/bbn1.bbnradio.org\/english\/wp-content\/uploads\/sites\/2\/2016\/08\/English-Radio.jpg\" \/>\n<meta name=\"twitter:site\" content=\"@BBNPortugues\" \/>\n<meta name=\"twitter:label1\" content=\"Est. tempo de leitura\" \/>\n\t<meta name=\"twitter:data1\" content=\"2 minutos\" \/>\n<script type=\"application\/ld+json\" class=\"yoast-schema-graph\">{\"@context\":\"https:\/\/schema.org\",\"@graph\":[{\"@type\":\"WebPage\",\"@id\":\"https:\/\/bbn1.bbnradio.org\/portuguese\/sobre-bbn\/radio-em-ingles\/\",\"url\":\"https:\/\/bbn1.bbnradio.org\/portuguese\/sobre-bbn\/radio-em-ingles\/\",\"name\":\"R\u00e1dio em Ingl\u00eas - BBN\",\"isPartOf\":{\"@id\":\"https:\/\/bbn1.bbnradio.org\/portuguese\/#website\"},\"primaryImageOfPage\":{\"@id\":\"https:\/\/bbn1.bbnradio.org\/portuguese\/sobre-bbn\/radio-em-ingles\/#primaryimage\"},\"image\":{\"@id\":\"https:\/\/bbn1.bbnradio.org\/portuguese\/sobre-bbn\/radio-em-ingles\/#primaryimage\"},\"thumbnailUrl\":\"https:\/\/bbn1.bbnradio.org\/portuguese\/wp-content\/uploads\/sites\/6\/2016\/08\/English-Radio.jpg\",\"datePublished\":\"2016-01-12T17:53:39+00:00\",\"dateModified\":\"2019-01-18T15:36:51+00:00\",\"breadcrumb\":{\"@id\":\"https:\/\/bbn1.bbnradio.org\/portuguese\/sobre-bbn\/radio-em-ingles\/#breadcrumb\"},\"inLanguage\":\"pt-BR\",\"potentialAction\":[{\"@type\":\"ReadAction\",\"target\":[\"https:\/\/bbn1.bbnradio.org\/portuguese\/sobre-bbn\/radio-em-ingles\/\"]}]},{\"@type\":\"ImageObject\",\"inLanguage\":\"pt-BR\",\"@id\":\"https:\/\/bbn1.bbnradio.org\/portuguese\/sobre-bbn\/radio-em-ingles\/#primaryimage\",\"url\":\"https:\/\/bbn1.bbnradio.org\/portuguese\/wp-content\/uploads\/sites\/6\/2016\/08\/English-Radio.jpg\",\"contentUrl\":\"https:\/\/bbn1.bbnradio.org\/portuguese\/wp-content\/uploads\/sites\/6\/2016\/08\/English-Radio.jpg\",\"width\":1200,\"height\":628,\"caption\":\"English Radio\"},{\"@type\":\"BreadcrumbList\",\"@id\":\"https:\/\/bbn1.bbnradio.org\/portuguese\/sobre-bbn\/radio-em-ingles\/#breadcrumb\",\"itemListElement\":[{\"@type\":\"ListItem\",\"position\":1,\"name\":\"Home\",\"item\":\"https:\/\/bbn1.bbnradio.org\/portuguese\/inicio\/\"},{\"@type\":\"ListItem\",\"position\":2,\"name\":\"Sobre a BBN\",\"item\":\"https:\/\/bbn1.bbnradio.org\/portuguese\/sobre-bbn\/\"},{\"@type\":\"ListItem\",\"position\":3,\"name\":\"R\u00e1dio em Ingl\u00eas\"}]},{\"@type\":\"WebSite\",\"@id\":\"https:\/\/bbn1.bbnradio.org\/portuguese\/#website\",\"url\":\"https:\/\/bbn1.bbnradio.org\/portuguese\/\",\"name\":\"BBN Portuguese\",\"description\":\"BBN\",\"potentialAction\":[{\"@type\":\"SearchAction\",\"target\":{\"@type\":\"EntryPoint\",\"urlTemplate\":\"https:\/\/bbn1.bbnradio.org\/portuguese\/?s={search_term_string}\"},\"query-input\":{\"@type\":\"PropertyValueSpecification\",\"valueRequired\":true,\"valueName\":\"search_term_string\"}}],\"inLanguage\":\"pt-BR\"}]}<\/script>\n<!-- \/ Yoast SEO Premium plugin. -->","yoast_head_json":{"title":"R\u00e1dio em Ingl\u00eas - BBN","robots":{"index":"index","follow":"follow","max-snippet":"max-snippet:-1","max-image-preview":"max-image-preview:large","max-video-preview":"max-video-preview:-1"},"canonical":"https:\/\/bbn1.bbnradio.org\/portuguese\/sobre-bbn\/radio-em-ingles\/","og_locale":"pt_BR","og_type":"article","og_title":"R\u00e1dio em Ingl\u00eas","og_url":"https:\/\/bbn1.bbnradio.org\/portuguese\/sobre-bbn\/radio-em-ingles\/","og_site_name":"BBN","article_publisher":"https:\/\/www.facebook.com\/BBNPortugues","article_modified_time":"2019-01-18T15:36:51+00:00","twitter_card":"summary_large_image","twitter_title":"R\u00e1dio em Ingl\u00eas","twitter_image":"https:\/\/bbn1.bbnradio.org\/english\/wp-content\/uploads\/sites\/2\/2016\/08\/English-Radio.jpg","twitter_site":"@BBNPortugues","twitter_misc":{"Est. tempo de leitura":"2 minutos"},"schema":{"@context":"https:\/\/schema.org","@graph":[{"@type":"WebPage","@id":"https:\/\/bbn1.bbnradio.org\/portuguese\/sobre-bbn\/radio-em-ingles\/","url":"https:\/\/bbn1.bbnradio.org\/portuguese\/sobre-bbn\/radio-em-ingles\/","name":"R\u00e1dio em Ingl\u00eas - BBN","isPartOf":{"@id":"https:\/\/bbn1.bbnradio.org\/portuguese\/#website"},"primaryImageOfPage":{"@id":"https:\/\/bbn1.bbnradio.org\/portuguese\/sobre-bbn\/radio-em-ingles\/#primaryimage"},"image":{"@id":"https:\/\/bbn1.bbnradio.org\/portuguese\/sobre-bbn\/radio-em-ingles\/#primaryimage"},"thumbnailUrl":"https:\/\/bbn1.bbnradio.org\/portuguese\/wp-content\/uploads\/sites\/6\/2016\/08\/English-Radio.jpg","datePublished":"2016-01-12T17:53:39+00:00","dateModified":"2019-01-18T15:36:51+00:00","breadcrumb":{"@id":"https:\/\/bbn1.bbnradio.org\/portuguese\/sobre-bbn\/radio-em-ingles\/#breadcrumb"},"inLanguage":"pt-BR","potentialAction":[{"@type":"ReadAction","target":["https:\/\/bbn1.bbnradio.org\/portuguese\/sobre-bbn\/radio-em-ingles\/"]}]},{"@type":"ImageObject","inLanguage":"pt-BR","@id":"https:\/\/bbn1.bbnradio.org\/portuguese\/sobre-bbn\/radio-em-ingles\/#primaryimage","url":"https:\/\/bbn1.bbnradio.org\/portuguese\/wp-content\/uploads\/sites\/6\/2016\/08\/English-Radio.jpg","contentUrl":"https:\/\/bbn1.bbnradio.org\/portuguese\/wp-content\/uploads\/sites\/6\/2016\/08\/English-Radio.jpg","width":1200,"height":628,"caption":"English Radio"},{"@type":"BreadcrumbList","@id":"https:\/\/bbn1.bbnradio.org\/portuguese\/sobre-bbn\/radio-em-ingles\/#breadcrumb","itemListElement":[{"@type":"ListItem","position":1,"name":"Home","item":"https:\/\/bbn1.bbnradio.org\/portuguese\/inicio\/"},{"@type":"ListItem","position":2,"name":"Sobre a BBN","item":"https:\/\/bbn1.bbnradio.org\/portuguese\/sobre-bbn\/"},{"@type":"ListItem","position":3,"name":"R\u00e1dio em Ingl\u00eas"}]},{"@type":"WebSite","@id":"https:\/\/bbn1.bbnradio.org\/portuguese\/#website","url":"https:\/\/bbn1.bbnradio.org\/portuguese\/","name":"BBN Portuguese","description":"BBN","potentialAction":[{"@type":"SearchAction","target":{"@type":"EntryPoint","urlTemplate":"https:\/\/bbn1.bbnradio.org\/portuguese\/?s={search_term_string}"},"query-input":{"@type":"PropertyValueSpecification","valueRequired":true,"valueName":"search_term_string"}}],"inLanguage":"pt-BR"}]}},"jetpack_sharing_enabled":true,"jetpack_shortlink":"https:\/\/wp.me\/P85nO0-1tN","_links":{"self":[{"href":"https:\/\/bbn1.bbnradio.org\/portuguese\/wp-json\/wp\/v2\/pages\/5691","targetHints":{"allow":["GET"]}}],"collection":[{"href":"https:\/\/bbn1.bbnradio.org\/portuguese\/wp-json\/wp\/v2\/pages"}],"about":[{"href":"https:\/\/bbn1.bbnradio.org\/portuguese\/wp-json\/wp\/v2\/types\/page"}],"author":[{"embeddable":true,"href":"https:\/\/bbn1.bbnradio.org\/portuguese\/wp-json\/wp\/v2\/users\/22"}],"replies":[{"embeddable":true,"href":"https:\/\/bbn1.bbnradio.org\/portuguese\/wp-json\/wp\/v2\/comments?post=5691"}],"version-history":[{"count":3,"href":"https:\/\/bbn1.bbnradio.org\/portuguese\/wp-json\/wp\/v2\/pages\/5691\/revisions"}],"predecessor-version":[{"id":14211,"href":"https:\/\/bbn1.bbnradio.org\/portuguese\/wp-json\/wp\/v2\/pages\/5691\/revisions\/14211"}],"up":[{"embeddable":true,"href":"https:\/\/bbn1.bbnradio.org\/portuguese\/wp-json\/wp\/v2\/pages\/4092"}],"wp:featuredmedia":[{"embeddable":true,"href":"https:\/\/bbn1.bbnradio.org\/portuguese\/wp-json\/wp\/v2\/media\/8321"}],"wp:attachment":[{"href":"https:\/\/bbn1.bbnradio.org\/portuguese\/wp-json\/wp\/v2\/media?parent=5691"}],"wp:term":[{"taxonomy":"category","embeddable":true,"href":"https:\/\/bbn1.bbnradio.org\/portuguese\/wp-json\/wp\/v2\/categories?post=5691"},{"taxonomy":"post_tag","embeddable":true,"href":"https:\/\/bbn1.bbnradio.org\/portuguese\/wp-json\/wp\/v2\/tags?post=5691"}],"curies":[{"name":"wp","href":"https:\/\/api.w.org\/{rel}","templated":true}]}}