{"id":5709,"date":"2016-01-25T13:56:12","date_gmt":"2016-01-25T17:56:12","guid":{"rendered":"https:\/\/bbn1.bbnradio.org\/english\/?page_id=5709"},"modified":"2023-05-12T04:36:22","modified_gmt":"2023-05-12T07:36:22","slug":"como-a-bbn-se-sustenta-financeiramente","status":"publish","type":"page","link":"https:\/\/bbn1.bbnradio.org\/portuguese\/sobre-bbn\/como-a-bbn-se-sustenta-financeiramente\/","title":{"rendered":"Como a BBN se sustenta financeiramente?"},"content":{"rendered":"\n<style type=\"text\/css\" data-created_by=\"avia_inline_auto\" id=\"style-css-av-62k4v1-c47e475574ddfe2d580061684ec3ad8f\">\n.avia-image-container.av-62k4v1-c47e475574ddfe2d580061684ec3ad8f img.avia_image{\nbox-shadow:none;\n}\n.avia-image-container.av-62k4v1-c47e475574ddfe2d580061684ec3ad8f .av-image-caption-overlay-center{\ncolor:#ffffff;\n}\n<\/style>\n<div  class='avia-image-container av-62k4v1-c47e475574ddfe2d580061684ec3ad8f av-styling- avia-align-center  avia-builder-el-0  el_before_av_textblock  avia-builder-el-first '   itemprop=\"image\" itemscope=\"itemscope\" itemtype=\"https:\/\/schema.org\/ImageObject\" ><div class=\"avia-image-container-inner\"><div class=\"avia-image-overlay-wrap\"><img decoding=\"async\" fetchpriority=\"high\" class='wp-image-10318 avia-img-lazy-loading-not-10318 avia_image ' src=\"https:\/\/bbn1.bbnradio.org\/portuguese\/wp-content\/uploads\/sites\/6\/2017\/06\/Donation3.jpg\" alt='Donate' title='Donate'  height=\"250\" width=\"1150\"  itemprop=\"thumbnailUrl\"  \/><\/div><\/div><\/div>\n<section  class='av_textblock_section av-47q87h-db0f9b7e7a832694158df9127dcf7a2c '   itemscope=\"itemscope\" itemtype=\"https:\/\/schema.org\/CreativeWork\" ><div class='avia_textblock'  itemprop=\"text\" ><p>A BBN \u00e9 uma organiza\u00e7\u00e3o sem fins lucrativos,\u00a0 sustentada inteiramente pelos ouvintes. N\u00f3s n\u00e3o comercializamos nada, nem mesmo tempo na programa\u00e7\u00e3o da r\u00e1dio. N\u00e3o oferecemos promessas de sa\u00fade e prosperidade, mas oferecemos uma r\u00e1dio totalmente crist\u00e3, 24 horas por dia.<\/p>\n<p>Cada ano a BBN realiza um Compartilhar de F\u00e9, que dura at\u00e9 quatro dias, para levantar os recursos para garantir o funcionamento do minist\u00e9rio por mais um ano. Durante o Compartilhar de F\u00e9 nossos ouvintes ligam e compartilham sua &#8220;promessa de f\u00e9&#8221; at\u00e9 o alvo ser alcan\u00e7ado. Quando alcan\u00e7amos o alvo, o Compartilhar de F\u00e9 termina e n\u00f3s retornamos \u00e0 programa\u00e7\u00e3o normal. Que melhor investimento h\u00e1 do que o que produz frutos eternos?<\/p>\n<p>&#8220;E o que \u00e9 instru\u00eddo na palavra reparta de todos os seus bens com aquele que o instrui.&#8221; (G\u00e1latas 6:6)<\/p>\n<p>Esse princ\u00edpio b\u00edblico realmente funciona!<\/p>\n<\/div><\/section>\n<div  class='avia-button-wrap av-73tnh-41d79849998e84029bcad9885c6549a8-wrap avia-button-center  avia-builder-el-2  el_after_av_textblock  avia-builder-el-last '><a href='https://\/\/bbn1.bbnradio.org\/portuguese\/contribua\/?PHPSESSID=XGby4DM5ICORmNkvj4DiwWQUS7vjfEcQ'  class='avia-button av-73tnh-41d79849998e84029bcad9885c6549a8 av-link-btn avia-icon_select-no avia-size-x-large avia-position-center avia-color-theme-color'   aria-label=\"Fa\u00e7a uma doa\u00e7\u00e3o agora!\"><span class='avia_iconbox_title' >Fa\u00e7a uma doa\u00e7\u00e3o agora!<\/span><\/a><\/div>\n<!-- AddThis Advanced Settings generic via filter on the_content --><!-- AddThis Share Buttons generic via filter on the_content -->","protected":false},"excerpt":{"rendered":"<p><!-- AddThis Advanced Settings generic via filter on get_the_excerpt --><!-- AddThis Share Buttons generic via filter on get_the_excerpt --><\/p>\n","protected":false},"author":22,"featured_media":8319,"parent":4092,"menu_order":0,"comment_status":"closed","ping_status":"closed","template":"","meta":{"jetpack_post_was_ever_published":false,"footnotes":""},"categories":[],"tags":[],"class_list":["post-5709","page","type-page","status-publish","has-post-thumbnail","hentry"],"yoast_head":"<!-- This site is optimized with the Yoast SEO Premium plugin v24.8 (Yoast SEO v24.8.1) - https:\/\/yoast.com\/wordpress\/plugins\/seo\/ -->\n<title>Como a BBN se sustenta financeiramente<\/title>\n<meta name=\"robots\" content=\"index, follow, max-snippet:-1, max-image-preview:large, max-video-preview:-1\" \/>\n<link rel=\"canonical\" href=\"https:\/\/bbn1.bbnradio.org\/portuguese\/sobre-bbn\/como-a-bbn-se-sustenta-financeiramente\/\" \/>\n<meta property=\"og:locale\" content=\"pt_BR\" \/>\n<meta property=\"og:type\" content=\"article\" \/>\n<meta property=\"og:title\" content=\"Como a BBN se sustenta financeiramente?\" \/>\n<meta property=\"og:url\" content=\"https:\/\/bbn1.bbnradio.org\/portuguese\/sobre-bbn\/como-a-bbn-se-sustenta-financeiramente\/\" \/>\n<meta property=\"og:site_name\" content=\"BBN\" \/>\n<meta property=\"article:publisher\" content=\"https:\/\/www.facebook.com\/BBNPortugues\" \/>\n<meta property=\"article:modified_time\" content=\"2023-05-12T07:36:22+00:00\" \/>\n<meta name=\"twitter:card\" content=\"summary_large_image\" \/>\n<meta name=\"twitter:title\" content=\"Como a BBN se sustenta financeiramente?\" \/>\n<meta name=\"twitter:image\" content=\"https:\/\/bbn1.bbnradio.org\/english\/wp-content\/uploads\/sites\/2\/2016\/08\/How-is-BBN-funded.jpg\" \/>\n<meta name=\"twitter:site\" content=\"@BBNPortugues\" \/>\n<meta name=\"twitter:label1\" content=\"Est. tempo de leitura\" \/>\n\t<meta name=\"twitter:data1\" content=\"2 minutos\" \/>\n<script type=\"application\/ld+json\" class=\"yoast-schema-graph\">{\"@context\":\"https:\/\/schema.org\",\"@graph\":[{\"@type\":\"WebPage\",\"@id\":\"https:\/\/bbn1.bbnradio.org\/portuguese\/sobre-bbn\/como-a-bbn-se-sustenta-financeiramente\/\",\"url\":\"https:\/\/bbn1.bbnradio.org\/portuguese\/sobre-bbn\/como-a-bbn-se-sustenta-financeiramente\/\",\"name\":\"Como a BBN se sustenta financeiramente\",\"isPartOf\":{\"@id\":\"https:\/\/bbn1.bbnradio.org\/portuguese\/#website\"},\"primaryImageOfPage\":{\"@id\":\"https:\/\/bbn1.bbnradio.org\/portuguese\/sobre-bbn\/como-a-bbn-se-sustenta-financeiramente\/#primaryimage\"},\"image\":{\"@id\":\"https:\/\/bbn1.bbnradio.org\/portuguese\/sobre-bbn\/como-a-bbn-se-sustenta-financeiramente\/#primaryimage\"},\"thumbnailUrl\":\"https:\/\/bbn1.bbnradio.org\/portuguese\/wp-content\/uploads\/sites\/6\/2016\/08\/How-is-BBN-funded.jpg\",\"datePublished\":\"2016-01-25T17:56:12+00:00\",\"dateModified\":\"2023-05-12T07:36:22+00:00\",\"breadcrumb\":{\"@id\":\"https:\/\/bbn1.bbnradio.org\/portuguese\/sobre-bbn\/como-a-bbn-se-sustenta-financeiramente\/#breadcrumb\"},\"inLanguage\":\"pt-BR\",\"potentialAction\":[{\"@type\":\"ReadAction\",\"target\":[\"https:\/\/bbn1.bbnradio.org\/portuguese\/sobre-bbn\/como-a-bbn-se-sustenta-financeiramente\/\"]}]},{\"@type\":\"ImageObject\",\"inLanguage\":\"pt-BR\",\"@id\":\"https:\/\/bbn1.bbnradio.org\/portuguese\/sobre-bbn\/como-a-bbn-se-sustenta-financeiramente\/#primaryimage\",\"url\":\"https:\/\/bbn1.bbnradio.org\/portuguese\/wp-content\/uploads\/sites\/6\/2016\/08\/How-is-BBN-funded.jpg\",\"contentUrl\":\"https:\/\/bbn1.bbnradio.org\/portuguese\/wp-content\/uploads\/sites\/6\/2016\/08\/How-is-BBN-funded.jpg\",\"width\":1200,\"height\":628,\"caption\":\"How is BBN funded\"},{\"@type\":\"BreadcrumbList\",\"@id\":\"https:\/\/bbn1.bbnradio.org\/portuguese\/sobre-bbn\/como-a-bbn-se-sustenta-financeiramente\/#breadcrumb\",\"itemListElement\":[{\"@type\":\"ListItem\",\"position\":1,\"name\":\"Home\",\"item\":\"https:\/\/bbn1.bbnradio.org\/portuguese\/inicio\/\"},{\"@type\":\"ListItem\",\"position\":2,\"name\":\"Sobre a BBN\",\"item\":\"https:\/\/bbn1.bbnradio.org\/portuguese\/sobre-bbn\/\"},{\"@type\":\"ListItem\",\"position\":3,\"name\":\"Como a BBN se sustenta financeiramente?\"}]},{\"@type\":\"WebSite\",\"@id\":\"https:\/\/bbn1.bbnradio.org\/portuguese\/#website\",\"url\":\"https:\/\/bbn1.bbnradio.org\/portuguese\/\",\"name\":\"BBN Portuguese\",\"description\":\"BBN\",\"potentialAction\":[{\"@type\":\"SearchAction\",\"target\":{\"@type\":\"EntryPoint\",\"urlTemplate\":\"https:\/\/bbn1.bbnradio.org\/portuguese\/?s={search_term_string}\"},\"query-input\":{\"@type\":\"PropertyValueSpecification\",\"valueRequired\":true,\"valueName\":\"search_term_string\"}}],\"inLanguage\":\"pt-BR\"}]}<\/script>\n<!-- \/ Yoast SEO Premium plugin. -->","yoast_head_json":{"title":"Como a BBN se sustenta financeiramente","robots":{"index":"index","follow":"follow","max-snippet":"max-snippet:-1","max-image-preview":"max-image-preview:large","max-video-preview":"max-video-preview:-1"},"canonical":"https:\/\/bbn1.bbnradio.org\/portuguese\/sobre-bbn\/como-a-bbn-se-sustenta-financeiramente\/","og_locale":"pt_BR","og_type":"article","og_title":"Como a BBN se sustenta financeiramente?","og_url":"https:\/\/bbn1.bbnradio.org\/portuguese\/sobre-bbn\/como-a-bbn-se-sustenta-financeiramente\/","og_site_name":"BBN","article_publisher":"https:\/\/www.facebook.com\/BBNPortugues","article_modified_time":"2023-05-12T07:36:22+00:00","twitter_card":"summary_large_image","twitter_title":"Como a BBN se sustenta financeiramente?","twitter_image":"https:\/\/bbn1.bbnradio.org\/english\/wp-content\/uploads\/sites\/2\/2016\/08\/How-is-BBN-funded.jpg","twitter_site":"@BBNPortugues","twitter_misc":{"Est. tempo de leitura":"2 minutos"},"schema":{"@context":"https:\/\/schema.org","@graph":[{"@type":"WebPage","@id":"https:\/\/bbn1.bbnradio.org\/portuguese\/sobre-bbn\/como-a-bbn-se-sustenta-financeiramente\/","url":"https:\/\/bbn1.bbnradio.org\/portuguese\/sobre-bbn\/como-a-bbn-se-sustenta-financeiramente\/","name":"Como a BBN se sustenta financeiramente","isPartOf":{"@id":"https:\/\/bbn1.bbnradio.org\/portuguese\/#website"},"primaryImageOfPage":{"@id":"https:\/\/bbn1.bbnradio.org\/portuguese\/sobre-bbn\/como-a-bbn-se-sustenta-financeiramente\/#primaryimage"},"image":{"@id":"https:\/\/bbn1.bbnradio.org\/portuguese\/sobre-bbn\/como-a-bbn-se-sustenta-financeiramente\/#primaryimage"},"thumbnailUrl":"https:\/\/bbn1.bbnradio.org\/portuguese\/wp-content\/uploads\/sites\/6\/2016\/08\/How-is-BBN-funded.jpg","datePublished":"2016-01-25T17:56:12+00:00","dateModified":"2023-05-12T07:36:22+00:00","breadcrumb":{"@id":"https:\/\/bbn1.bbnradio.org\/portuguese\/sobre-bbn\/como-a-bbn-se-sustenta-financeiramente\/#breadcrumb"},"inLanguage":"pt-BR","potentialAction":[{"@type":"ReadAction","target":["https:\/\/bbn1.bbnradio.org\/portuguese\/sobre-bbn\/como-a-bbn-se-sustenta-financeiramente\/"]}]},{"@type":"ImageObject","inLanguage":"pt-BR","@id":"https:\/\/bbn1.bbnradio.org\/portuguese\/sobre-bbn\/como-a-bbn-se-sustenta-financeiramente\/#primaryimage","url":"https:\/\/bbn1.bbnradio.org\/portuguese\/wp-content\/uploads\/sites\/6\/2016\/08\/How-is-BBN-funded.jpg","contentUrl":"https:\/\/bbn1.bbnradio.org\/portuguese\/wp-content\/uploads\/sites\/6\/2016\/08\/How-is-BBN-funded.jpg","width":1200,"height":628,"caption":"How is BBN funded"},{"@type":"BreadcrumbList","@id":"https:\/\/bbn1.bbnradio.org\/portuguese\/sobre-bbn\/como-a-bbn-se-sustenta-financeiramente\/#breadcrumb","itemListElement":[{"@type":"ListItem","position":1,"name":"Home","item":"https:\/\/bbn1.bbnradio.org\/portuguese\/inicio\/"},{"@type":"ListItem","position":2,"name":"Sobre a BBN","item":"https:\/\/bbn1.bbnradio.org\/portuguese\/sobre-bbn\/"},{"@type":"ListItem","position":3,"name":"Como a BBN se sustenta financeiramente?"}]},{"@type":"WebSite","@id":"https:\/\/bbn1.bbnradio.org\/portuguese\/#website","url":"https:\/\/bbn1.bbnradio.org\/portuguese\/","name":"BBN Portuguese","description":"BBN","potentialAction":[{"@type":"SearchAction","target":{"@type":"EntryPoint","urlTemplate":"https:\/\/bbn1.bbnradio.org\/portuguese\/?s={search_term_string}"},"query-input":{"@type":"PropertyValueSpecification","valueRequired":true,"valueName":"search_term_string"}}],"inLanguage":"pt-BR"}]}},"jetpack_sharing_enabled":true,"jetpack_shortlink":"https:\/\/wp.me\/P85nO0-1u5","_links":{"self":[{"href":"https:\/\/bbn1.bbnradio.org\/portuguese\/wp-json\/wp\/v2\/pages\/5709","targetHints":{"allow":["GET"]}}],"collection":[{"href":"https:\/\/bbn1.bbnradio.org\/portuguese\/wp-json\/wp\/v2\/pages"}],"about":[{"href":"https:\/\/bbn1.bbnradio.org\/portuguese\/wp-json\/wp\/v2\/types\/page"}],"author":[{"embeddable":true,"href":"https:\/\/bbn1.bbnradio.org\/portuguese\/wp-json\/wp\/v2\/users\/22"}],"replies":[{"embeddable":true,"href":"https:\/\/bbn1.bbnradio.org\/portuguese\/wp-json\/wp\/v2\/comments?post=5709"}],"version-history":[{"count":3,"href":"https:\/\/bbn1.bbnradio.org\/portuguese\/wp-json\/wp\/v2\/pages\/5709\/revisions"}],"predecessor-version":[{"id":15754,"href":"https:\/\/bbn1.bbnradio.org\/portuguese\/wp-json\/wp\/v2\/pages\/5709\/revisions\/15754"}],"up":[{"embeddable":true,"href":"https:\/\/bbn1.bbnradio.org\/portuguese\/wp-json\/wp\/v2\/pages\/4092"}],"wp:featuredmedia":[{"embeddable":true,"href":"https:\/\/bbn1.bbnradio.org\/portuguese\/wp-json\/wp\/v2\/media\/8319"}],"wp:attachment":[{"href":"https:\/\/bbn1.bbnradio.org\/portuguese\/wp-json\/wp\/v2\/media?parent=5709"}],"wp:term":[{"taxonomy":"category","embeddable":true,"href":"https:\/\/bbn1.bbnradio.org\/portuguese\/wp-json\/wp\/v2\/categories?post=5709"},{"taxonomy":"post_tag","embeddable":true,"href":"https:\/\/bbn1.bbnradio.org\/portuguese\/wp-json\/wp\/v2\/tags?post=5709"}],"curies":[{"name":"wp","href":"https:\/\/api.w.org\/{rel}","templated":true}]}}