{"id":5762,"date":"2016-01-26T13:57:54","date_gmt":"2016-01-26T17:57:54","guid":{"rendered":"https:\/\/bbn1.bbnradio.org\/english\/?page_id=5762"},"modified":"2026-02-19T14:59:22","modified_gmt":"2026-02-19T17:59:22","slug":"politica-de-privacidade","status":"publish","type":"page","link":"https:\/\/bbn1.bbnradio.org\/portuguese\/sobre-bbn\/politica-de-privacidade\/","title":{"rendered":"Pol\u00edtica de Privacidade"},"content":{"rendered":"\n<style type=\"text\/css\" data-created_by=\"avia_inline_auto\" id=\"style-css-av-49stfm-78a60cbd01ed24122432fa4d9eecf264\">\n.avia-image-container.av-49stfm-78a60cbd01ed24122432fa4d9eecf264 img.avia_image{\nbox-shadow:none;\n}\n.avia-image-container.av-49stfm-78a60cbd01ed24122432fa4d9eecf264 .av-image-caption-overlay-center{\ncolor:#ffffff;\n}\n<\/style>\n<div  class='avia-image-container av-49stfm-78a60cbd01ed24122432fa4d9eecf264 av-styling- avia-align-center  avia-builder-el-0  el_before_av_textblock  avia-builder-el-first '   itemprop=\"image\" itemscope=\"itemscope\" itemtype=\"https:\/\/schema.org\/ImageObject\" ><div class=\"avia-image-container-inner\"><div class=\"avia-image-overlay-wrap\"><img decoding=\"async\" fetchpriority=\"high\" class='wp-image-8420 avia-img-lazy-loading-not-8420 avia_image ' src=\"https:\/\/bbn1.bbnradio.org\/portuguese\/wp-content\/uploads\/sites\/6\/2016\/08\/Privacy-Policy.jpg\" alt='Privacy Policy' title='Privacy Policy'  height=\"628\" width=\"1200\"  itemprop=\"thumbnailUrl\"  \/><\/div><\/div><\/div>\n<section  class='av_textblock_section av-1y5exu-e23588c30eb6dd65b1db65d01c9d4d0b '   itemscope=\"itemscope\" itemtype=\"https:\/\/schema.org\/CreativeWork\" ><div class='avia_textblock'  itemprop=\"text\" ><p>Informa\u00e7\u00f5es coletadas e guardadas automaticamente<br \/>\nQuando voc\u00ea visita as p\u00e1ginas da BBN, se voc\u00ea nao faz nada durante a sua visita mas navega pela p\u00e1gina , l\u00ea as p\u00e1ginas, ou faz download de informa\u00e7\u00f5es, n\u00f3s vamos recolher e guardar certas informa\u00e7\u00f5es sobre a sua visita automaticamente. Esta informa\u00e7\u00e3o nao identifica voc\u00ea pessoalmente. N\u00f3s automaticamente coletamos e guardamos somente as seguintes informa\u00e7\u00f5es gerais sobre a sua visita:<\/p>\n<p>as p\u00e1ginas que voc\u00ea visita,<br \/>\na data e hora que voc\u00ea acessa nosso site,<br \/>\no nome do dom\u00ednio pelo qual voc\u00ea acessa a Internet (por exemplo, aol.com, se voc\u00ea tem uma conta da American Online, ou de bju.edu, se voc\u00ea estiver se conectando de um dom\u00ednio da Bob Jones University),<br \/>\no endere\u00e7o da Internet do website pelo qual voc\u00ea acessou um link direto para nossa p\u00e1gina, e<br \/>\no seu sistema operacional e navegador.<br \/>\nN\u00f3s usamos estas informa\u00e7\u00f5es :<\/p>\n<p>para medir o n\u00famero de visitantes nas diversas se\u00e7\u00f5es do nosso site,<br \/>\npara nos ajudar a fazer o nosso site mais \u00fatil<br \/>\npara desenvolver e codificar o conte\u00fado das paginas para que a maioria das pessoas possa ver as p\u00e1ginas corretamente.<br \/>\nSe voc\u00ea nos mandar informa\u00e7\u00f5es pessoais<br \/>\nSe voc\u00ea optar por nos fornecer informa\u00e7\u00f5es pessoais, seja mandando um e-mail ou preenchendo um formul\u00e1rio online, n\u00f3s guardamos a pergunta e o endere\u00e7o do e-mail para que possamos responder a pergunta enviada e enviamos a resposta para o e-mail ou para outro endere\u00e7o ou telefone fornecido. Se voc\u00ea nos enviar um coment\u00e1rio, n\u00f3s passamos o mesmo para a pessoa mais apropriada da nossa equipe na quest\u00e3o. Em caso de muitas perguntas parecidas feitas por pessoas diferentes, a pergunta dever\u00e1 ser adicionada para um das nossas p\u00e1ginas de ajuda ou FAQ (perguntas e respostas), ou as sugest\u00f5es poder\u00e3o ser usadas como guia para o design do nosso website. A menos que seja requerido por estatuto, n\u00f3s n\u00e3o identificamos publicamente quem envia perguntas ou coment\u00e1rios para o nosso website.<\/p>\n<p>Pol\u00edtica de Privacidade das Crian\u00e7as<br \/>\nCrian\u00e7as abaixo de 13 anos de idade n\u00e3o s\u00e3o encorajadas ou convidadas a entrar em contato com a BBN atrav\u00e9s das nossas p\u00e1ginas na internet. Quando uma crian\u00e7a menor de 13 anos entra em contato com a BBN atrav\u00e9s de um e-mail n\u00e3o solicitado pela BBN ou um chat (bate-papo) n\u00e3o solicitado, n\u00f3s n\u00e3o guardamos as informa\u00e7\u00f5es pessoais nem mantemos qualquer comunica\u00e7\u00e3o al\u00e9m do que \u00e9 necess\u00e1ria para que o minist\u00e9rio possa providenciar a informa\u00e7\u00e3o solicitada. A natureza de nossa resposta est\u00e1 limitada a providenciar a informa\u00e7\u00e3o solicitada ao minist\u00e9rio. A menos que seja requerido por Lei, n\u00f3s nunca repassamos informa\u00e7\u00f5es pessoais a terceiros.<\/p>\n<p>N\u00f3s nunca condicionamos a participa\u00e7\u00e3o de uma crian\u00e7a em uma atividade que exija informa\u00e7\u00f5es pessoais mais do que necess\u00e1rias para participar naquela atividade. Todas as informa\u00e7\u00f5es pessoais identific\u00e1veis que n\u00f3s coletamos para resposta (uma \u00fanica vez) podem ser acessadas somente por um componente autorizado da BBN e somente aquelas pessoas que s\u00e3o realmente necess\u00e1rias ter\u00e3o acesso a estas informa\u00e7\u00f5es. N\u00f3s preservamos a confid\u00eancia, seguran\u00e7a e integridade destas informa\u00e7\u00f5es.<\/p>\n<p>BBN e-News \u2013 cartas por e-mail<br \/>\nSe voc\u00ea se inscreve para receber o BBN e-News em qualquer uma das l\u00ednguas, a BBN considera o seu endere\u00e7o eletr\u00f4nico (e-mail) confidencial e isso nunca ser\u00e1 revelado a terceiros.<\/p>\n<p>BBN Chat<br \/>\nO \u201cBBN Chat\u201d \u00e9 mais considerado uma \u201cmensagem instant\u00e2nea\u201d do que uma \u201csala de bate-papo\u201d. Cada se\u00e7\u00e3o de mensagem instant\u00e2nea acontece com um membro da equipe da BBN ou um volunt\u00e1rio que satisfaz todos os requisitos de nosso programa de treinamento. As informa\u00e7\u00f5es pessoais identific\u00e1veis nunca s\u00e3o compartilhadas com terceiros, exceto se requerido por Lei. Para manter um controle, todos os \u201cbate-papos\u201d podem ser monitorados por um membro da equipe administrativa da BBN. Tamb\u00e9m, as transcri\u00e7\u00f5es de todos os bate-papos s\u00e3o guardadas por per\u00edodo suficiente para que um membro da equipe administrativa da BBN possa rever cada conversa. Os administradores s\u00e3o os \u00fanicos que podem rever as transcri\u00e7\u00f5es. A revis\u00e3o tem somente o prop\u00f3sito de manter controle e assegurar a integridade da BBN. Se tivermos conhecimento da idade, n\u00f3s de maneira nenhuma manteremos um bate-papo com crian\u00e7as menores que 13 anos. Muitos alertas s\u00e3o colocados ao longo dos passos para chegar no ambiente de \u201cmensagens instant\u00e2neas\u201d a fim de desencorajar a participa\u00e7\u00e3o de crian\u00e7as menores de 13 anos. Alem do mais, nossa equipe e volunt\u00e1rios s\u00e3o treinados para educadamente encerrar conversa\u00e7\u00f5es com crian\u00e7as menores que optam ignorar os alertas.<\/p>\n<p>Privacidade nas informa\u00e7\u00f5es<br \/>\nBBN n\u00e3o revela, d\u00e1, vende ou repassa qualquer informa\u00e7\u00e3o pessoal sobre os nossos visitantes da internet, a menos que seja requerida por for\u00e7a da Lei. N\u00f3s somente vamos usar as informa\u00e7\u00f5es de identifica\u00e7\u00e3o pessoal para responder para voc\u00ea ou para nos ajudar a desempenhar nossas tarefas ministeriais. Nestes casos, varias pessoas poder\u00e3o ver a informa\u00e7\u00e3o pessoal que voc\u00ea forneceu a fim de tratar da quest\u00e3o que voc\u00ea nos mandou.<\/p>\n<p>Tamb\u00e9m, e-mails n\u00e3o s\u00e3o necessariamente seguros contra intercepta\u00e7\u00e3o. Se voc\u00ea estiver preocupado com o conte\u00fado da sua comunica\u00e7\u00e3o ou nela incluem informa\u00e7\u00f5es pessoais, voc\u00ea pode mand\u00e1-la via correio.<\/p>\n<p>Dispensa de Endosso &amp; Links para outros sites<br \/>\nO Nosso website tem links para outros websites. Se voc\u00ea acessar outro site atrav\u00e9s de um link que fornecemos, voc\u00ea est\u00e1 sujeito \u00e0 pol\u00edtica de privacidade deste novo site.<\/p>\n<p>A Refer\u00eancia neste site de qualquer minist\u00e9rio especifico, produtos comerciais, servi\u00e7os, fabricantes ou empresas n\u00e3o constitui o endosso da BBN ou recomenda\u00e7\u00e3o pela BBN. A BBN n\u00e3o \u00e9 respons\u00e1vel pelo conte\u00fado de qualquer p\u00e1gina &#8216;OFF-SITE&#8217; referenciada deste provedor.<\/p>\n<p>Detectando Intrusos<br \/>\nPor raz\u00f5es de seguran\u00e7a no nosso site e para assegurar que este servi\u00e7o permane\u00e7a dispon\u00edvel para todos os usu\u00e1rios, n\u00f3s usamos programas de softwares a fim de monitorar o tr\u00e1fego, para identificar tentativas n\u00e3o autorizadas de upload ou mudan\u00e7a de informa\u00e7\u00f5es, e causa de danos. No evento de uma investiga\u00e7\u00e3o autorizada por for\u00e7a da lei e um processo legal, as informa\u00e7\u00f5es desta fonte poder\u00e1 ser usada para identificar um individuo.<\/p>\n<p>Este website \u00e9 operado por :<\/p>\n<p>Bible Broadcasting Network<br \/>\n11115 Rushmore Dr.<br \/>\nCharlotte, NC 28277<br \/>\n(704) 523-5555<\/p>\n<p>Os visitantes com 13 anos ou mais, poder\u00e3o contatar a BBN para quaisquer quest\u00f5es, usando o formul\u00e1rio de contato no nosso website.<\/p>\n<p>Pol\u00edtica de Privacidade &#8211; Android<\/p>\n<p>Informa\u00e7\u00e3o do dispositivo<\/p>\n<p>Coletamos informa\u00e7\u00e3o espec\u00edfica do Dispositivo (tais como vers\u00e3o do sistema operacional e informa\u00e7\u00e3o da rede). Google pode associar os identificadores do seu dispositivo ou seus n\u00fameros de telefone com a sua conta Google.<\/p>\n<p>Possivelmente coletamos e armazenamos informa\u00e7\u00e3o localmente no seu dispositivo utilizando mecanismos como o armazenamento do navegador de rede (inclu\u00edndo HTML 5) e aplicativos cache de informa\u00e7\u00e3o.<\/p>\n<p>Como usamos a informa\u00e7\u00e3o coletada<\/p>\n<p>Usamos a informa\u00e7\u00e3o coletada de todos os servi\u00e7os oferecidos para manter, proteger, melhorar e para desenvolver novos. Tamb\u00e9m usamos esta informa\u00e7\u00e3o para oferecer a voc\u00ea a melhor qualidade poss\u00edvel de transmiss\u00e3o, dependendo do seu dispositivo.<\/p>\n<div id=\"gtx-trans\" style=\"position: absolute;left: -5px;top: 2526.31px\">\n<div class=\"gtx-trans-icon\"><\/div>\n<\/div>\n<\/div><\/section>\n<!-- AddThis Advanced Settings generic via filter on the_content --><!-- AddThis Share Buttons generic via filter on the_content -->","protected":false},"excerpt":{"rendered":"<p><!-- AddThis Advanced Settings generic via filter on get_the_excerpt --><!-- AddThis Share Buttons generic via filter on get_the_excerpt --><\/p>\n","protected":false},"author":22,"featured_media":8420,"parent":4092,"menu_order":0,"comment_status":"closed","ping_status":"closed","template":"","meta":{"jetpack_post_was_ever_published":false,"footnotes":""},"categories":[],"tags":[],"class_list":["post-5762","page","type-page","status-publish","has-post-thumbnail","hentry"],"yoast_head":"<!-- This site is optimized with the Yoast SEO Premium plugin v24.8 (Yoast SEO v24.8.1) - https:\/\/yoast.com\/wordpress\/plugins\/seo\/ -->\n<title>Pol\u00edtica de Privacidade - BBN<\/title>\n<meta name=\"robots\" content=\"index, follow, max-snippet:-1, max-image-preview:large, max-video-preview:-1\" \/>\n<link rel=\"canonical\" href=\"https:\/\/bbn1.bbnradio.org\/portuguese\/sobre-bbn\/politica-de-privacidade\/\" \/>\n<meta property=\"og:locale\" content=\"pt_BR\" \/>\n<meta property=\"og:type\" content=\"article\" \/>\n<meta property=\"og:title\" content=\"Pol\u00edtica de Privacidade\" \/>\n<meta property=\"og:url\" content=\"https:\/\/bbn1.bbnradio.org\/portuguese\/sobre-bbn\/politica-de-privacidade\/\" \/>\n<meta property=\"og:site_name\" content=\"BBN\" \/>\n<meta property=\"article:publisher\" content=\"https:\/\/www.facebook.com\/BBNPortugues\" \/>\n<meta property=\"article:modified_time\" content=\"2026-02-19T17:59:22+00:00\" \/>\n<meta name=\"twitter:card\" content=\"summary_large_image\" \/>\n<meta name=\"twitter:image\" content=\"https:\/\/bbn1.bbnradio.org\/english\/wp-content\/uploads\/sites\/2\/2016\/08\/Privacy-Policy.jpg\" \/>\n<meta name=\"twitter:site\" content=\"@BBNPortugues\" \/>\n<meta name=\"twitter:label1\" content=\"Est. tempo de leitura\" \/>\n\t<meta name=\"twitter:data1\" content=\"7 minutos\" \/>\n<script type=\"application\/ld+json\" class=\"yoast-schema-graph\">{\"@context\":\"https:\/\/schema.org\",\"@graph\":[{\"@type\":\"WebPage\",\"@id\":\"https:\/\/bbn1.bbnradio.org\/portuguese\/sobre-bbn\/politica-de-privacidade\/\",\"url\":\"https:\/\/bbn1.bbnradio.org\/portuguese\/sobre-bbn\/politica-de-privacidade\/\",\"name\":\"Pol\u00edtica de Privacidade - BBN\",\"isPartOf\":{\"@id\":\"https:\/\/bbn1.bbnradio.org\/portuguese\/#website\"},\"primaryImageOfPage\":{\"@id\":\"https:\/\/bbn1.bbnradio.org\/portuguese\/sobre-bbn\/politica-de-privacidade\/#primaryimage\"},\"image\":{\"@id\":\"https:\/\/bbn1.bbnradio.org\/portuguese\/sobre-bbn\/politica-de-privacidade\/#primaryimage\"},\"thumbnailUrl\":\"https:\/\/bbn1.bbnradio.org\/portuguese\/wp-content\/uploads\/sites\/6\/2016\/08\/Privacy-Policy.jpg\",\"datePublished\":\"2016-01-26T17:57:54+00:00\",\"dateModified\":\"2026-02-19T17:59:22+00:00\",\"breadcrumb\":{\"@id\":\"https:\/\/bbn1.bbnradio.org\/portuguese\/sobre-bbn\/politica-de-privacidade\/#breadcrumb\"},\"inLanguage\":\"pt-BR\",\"potentialAction\":[{\"@type\":\"ReadAction\",\"target\":[\"https:\/\/bbn1.bbnradio.org\/portuguese\/sobre-bbn\/politica-de-privacidade\/\"]}]},{\"@type\":\"ImageObject\",\"inLanguage\":\"pt-BR\",\"@id\":\"https:\/\/bbn1.bbnradio.org\/portuguese\/sobre-bbn\/politica-de-privacidade\/#primaryimage\",\"url\":\"https:\/\/bbn1.bbnradio.org\/portuguese\/wp-content\/uploads\/sites\/6\/2016\/08\/Privacy-Policy.jpg\",\"contentUrl\":\"https:\/\/bbn1.bbnradio.org\/portuguese\/wp-content\/uploads\/sites\/6\/2016\/08\/Privacy-Policy.jpg\",\"width\":1200,\"height\":628,\"caption\":\"Privacy Policy\"},{\"@type\":\"BreadcrumbList\",\"@id\":\"https:\/\/bbn1.bbnradio.org\/portuguese\/sobre-bbn\/politica-de-privacidade\/#breadcrumb\",\"itemListElement\":[{\"@type\":\"ListItem\",\"position\":1,\"name\":\"Home\",\"item\":\"https:\/\/bbn1.bbnradio.org\/portuguese\/inicio\/\"},{\"@type\":\"ListItem\",\"position\":2,\"name\":\"Sobre a BBN\",\"item\":\"https:\/\/bbn1.bbnradio.org\/portuguese\/sobre-bbn\/\"},{\"@type\":\"ListItem\",\"position\":3,\"name\":\"Pol\u00edtica de Privacidade\"}]},{\"@type\":\"WebSite\",\"@id\":\"https:\/\/bbn1.bbnradio.org\/portuguese\/#website\",\"url\":\"https:\/\/bbn1.bbnradio.org\/portuguese\/\",\"name\":\"BBN Portuguese\",\"description\":\"BBN\",\"potentialAction\":[{\"@type\":\"SearchAction\",\"target\":{\"@type\":\"EntryPoint\",\"urlTemplate\":\"https:\/\/bbn1.bbnradio.org\/portuguese\/?s={search_term_string}\"},\"query-input\":{\"@type\":\"PropertyValueSpecification\",\"valueRequired\":true,\"valueName\":\"search_term_string\"}}],\"inLanguage\":\"pt-BR\"}]}<\/script>\n<!-- \/ Yoast SEO Premium plugin. -->","yoast_head_json":{"title":"Pol\u00edtica de Privacidade - BBN","robots":{"index":"index","follow":"follow","max-snippet":"max-snippet:-1","max-image-preview":"max-image-preview:large","max-video-preview":"max-video-preview:-1"},"canonical":"https:\/\/bbn1.bbnradio.org\/portuguese\/sobre-bbn\/politica-de-privacidade\/","og_locale":"pt_BR","og_type":"article","og_title":"Pol\u00edtica de Privacidade","og_url":"https:\/\/bbn1.bbnradio.org\/portuguese\/sobre-bbn\/politica-de-privacidade\/","og_site_name":"BBN","article_publisher":"https:\/\/www.facebook.com\/BBNPortugues","article_modified_time":"2026-02-19T17:59:22+00:00","twitter_card":"summary_large_image","twitter_image":"https:\/\/bbn1.bbnradio.org\/english\/wp-content\/uploads\/sites\/2\/2016\/08\/Privacy-Policy.jpg","twitter_site":"@BBNPortugues","twitter_misc":{"Est. tempo de leitura":"7 minutos"},"schema":{"@context":"https:\/\/schema.org","@graph":[{"@type":"WebPage","@id":"https:\/\/bbn1.bbnradio.org\/portuguese\/sobre-bbn\/politica-de-privacidade\/","url":"https:\/\/bbn1.bbnradio.org\/portuguese\/sobre-bbn\/politica-de-privacidade\/","name":"Pol\u00edtica de Privacidade - BBN","isPartOf":{"@id":"https:\/\/bbn1.bbnradio.org\/portuguese\/#website"},"primaryImageOfPage":{"@id":"https:\/\/bbn1.bbnradio.org\/portuguese\/sobre-bbn\/politica-de-privacidade\/#primaryimage"},"image":{"@id":"https:\/\/bbn1.bbnradio.org\/portuguese\/sobre-bbn\/politica-de-privacidade\/#primaryimage"},"thumbnailUrl":"https:\/\/bbn1.bbnradio.org\/portuguese\/wp-content\/uploads\/sites\/6\/2016\/08\/Privacy-Policy.jpg","datePublished":"2016-01-26T17:57:54+00:00","dateModified":"2026-02-19T17:59:22+00:00","breadcrumb":{"@id":"https:\/\/bbn1.bbnradio.org\/portuguese\/sobre-bbn\/politica-de-privacidade\/#breadcrumb"},"inLanguage":"pt-BR","potentialAction":[{"@type":"ReadAction","target":["https:\/\/bbn1.bbnradio.org\/portuguese\/sobre-bbn\/politica-de-privacidade\/"]}]},{"@type":"ImageObject","inLanguage":"pt-BR","@id":"https:\/\/bbn1.bbnradio.org\/portuguese\/sobre-bbn\/politica-de-privacidade\/#primaryimage","url":"https:\/\/bbn1.bbnradio.org\/portuguese\/wp-content\/uploads\/sites\/6\/2016\/08\/Privacy-Policy.jpg","contentUrl":"https:\/\/bbn1.bbnradio.org\/portuguese\/wp-content\/uploads\/sites\/6\/2016\/08\/Privacy-Policy.jpg","width":1200,"height":628,"caption":"Privacy Policy"},{"@type":"BreadcrumbList","@id":"https:\/\/bbn1.bbnradio.org\/portuguese\/sobre-bbn\/politica-de-privacidade\/#breadcrumb","itemListElement":[{"@type":"ListItem","position":1,"name":"Home","item":"https:\/\/bbn1.bbnradio.org\/portuguese\/inicio\/"},{"@type":"ListItem","position":2,"name":"Sobre a BBN","item":"https:\/\/bbn1.bbnradio.org\/portuguese\/sobre-bbn\/"},{"@type":"ListItem","position":3,"name":"Pol\u00edtica de Privacidade"}]},{"@type":"WebSite","@id":"https:\/\/bbn1.bbnradio.org\/portuguese\/#website","url":"https:\/\/bbn1.bbnradio.org\/portuguese\/","name":"BBN Portuguese","description":"BBN","potentialAction":[{"@type":"SearchAction","target":{"@type":"EntryPoint","urlTemplate":"https:\/\/bbn1.bbnradio.org\/portuguese\/?s={search_term_string}"},"query-input":{"@type":"PropertyValueSpecification","valueRequired":true,"valueName":"search_term_string"}}],"inLanguage":"pt-BR"}]}},"jetpack_sharing_enabled":true,"jetpack_shortlink":"https:\/\/wp.me\/P85nO0-1uW","_links":{"self":[{"href":"https:\/\/bbn1.bbnradio.org\/portuguese\/wp-json\/wp\/v2\/pages\/5762","targetHints":{"allow":["GET"]}}],"collection":[{"href":"https:\/\/bbn1.bbnradio.org\/portuguese\/wp-json\/wp\/v2\/pages"}],"about":[{"href":"https:\/\/bbn1.bbnradio.org\/portuguese\/wp-json\/wp\/v2\/types\/page"}],"author":[{"embeddable":true,"href":"https:\/\/bbn1.bbnradio.org\/portuguese\/wp-json\/wp\/v2\/users\/22"}],"replies":[{"embeddable":true,"href":"https:\/\/bbn1.bbnradio.org\/portuguese\/wp-json\/wp\/v2\/comments?post=5762"}],"version-history":[{"count":3,"href":"https:\/\/bbn1.bbnradio.org\/portuguese\/wp-json\/wp\/v2\/pages\/5762\/revisions"}],"predecessor-version":[{"id":16453,"href":"https:\/\/bbn1.bbnradio.org\/portuguese\/wp-json\/wp\/v2\/pages\/5762\/revisions\/16453"}],"up":[{"embeddable":true,"href":"https:\/\/bbn1.bbnradio.org\/portuguese\/wp-json\/wp\/v2\/pages\/4092"}],"wp:featuredmedia":[{"embeddable":true,"href":"https:\/\/bbn1.bbnradio.org\/portuguese\/wp-json\/wp\/v2\/media\/8420"}],"wp:attachment":[{"href":"https:\/\/bbn1.bbnradio.org\/portuguese\/wp-json\/wp\/v2\/media?parent=5762"}],"wp:term":[{"taxonomy":"category","embeddable":true,"href":"https:\/\/bbn1.bbnradio.org\/portuguese\/wp-json\/wp\/v2\/categories?post=5762"},{"taxonomy":"post_tag","embeddable":true,"href":"https:\/\/bbn1.bbnradio.org\/portuguese\/wp-json\/wp\/v2\/tags?post=5762"}],"curies":[{"name":"wp","href":"https:\/\/api.w.org\/{rel}","templated":true}]}}