{"id":6375,"date":"2016-02-17T14:23:21","date_gmt":"2016-02-17T19:23:21","guid":{"rendered":"https:\/\/bbn1.bbnradio.org\/english\/?page_id=6375"},"modified":"2018-07-24T13:12:30","modified_gmt":"2018-07-24T18:12:30","slug":"pergunta-comentario-ou-sugestao","status":"publish","type":"page","link":"https:\/\/bbn1.bbnradio.org\/portuguese\/fale-conosco\/pergunta-comentario-ou-sugestao\/","title":{"rendered":"Pergunta, Coment\u00e1rio ou Sugest\u00e3o"},"content":{"rendered":"\n<style type=\"text\/css\" data-created_by=\"avia_inline_auto\" id=\"style-css-av-av_image-37cbad98c857d15d2bfdbdc48855335a\">\n.avia-image-container.av-av_image-37cbad98c857d15d2bfdbdc48855335a img.avia_image{\nbox-shadow:none;\n}\n.avia-image-container.av-av_image-37cbad98c857d15d2bfdbdc48855335a .av-image-caption-overlay-center{\ncolor:#ffffff;\n}\n<\/style>\n<div  class='avia-image-container av-av_image-37cbad98c857d15d2bfdbdc48855335a av-styling- avia-align-center  avia-builder-el-0  el_before_av_one_half  avia-builder-el-first '   itemprop=\"image\" itemscope=\"itemscope\" itemtype=\"https:\/\/schema.org\/ImageObject\" ><div class=\"avia-image-container-inner\"><div class=\"avia-image-overlay-wrap\"><img decoding=\"async\" fetchpriority=\"high\" class='wp-image-8371 avia-img-lazy-loading-not-8371 avia_image ' src=\"https:\/\/bbn1.bbnradio.org\/portuguese\/wp-content\/uploads\/sites\/6\/2016\/02\/Questions.jpg\" alt='Questions' title='Questions'  height=\"321\" width=\"613\"  itemprop=\"thumbnailUrl\"  \/><\/div><\/div><\/div>\n\n<style type=\"text\/css\" data-created_by=\"avia_inline_auto\" id=\"style-css-av-av_one_half-6126cab7d8fab8d08143dd2dacdf673c\">\n.flex_column.av-av_one_half-6126cab7d8fab8d08143dd2dacdf673c{\nborder-radius:0px 0px 0px 0px;\npadding:0px 0px 0px 0px;\n}\n<\/style>\n<div  class='flex_column av-av_one_half-6126cab7d8fab8d08143dd2dacdf673c av_one_half  avia-builder-el-1  el_after_av_image  el_before_av_one_half  first flex_column_div av-zero-column-padding  '     ><style type=\"text\/css\" data-created_by=\"avia_inline_auto\" id=\"style-css-av-av_iconlist-01167bbe2a07bb0b06f67f9beddcfb04\">\n#top .avia-icon-list-container.av-av_iconlist-01167bbe2a07bb0b06f67f9beddcfb04 .iconlist_icon{\ncolor:#0e80f7;\nbackground-color:#ffffff;\nborder:1px solid #0e80f7;\n}\n#top .avia-icon-list-container.av-av_iconlist-01167bbe2a07bb0b06f67f9beddcfb04 .iconlist_icon svg:first-child{\nstroke:#0e80f7;\nfill:#0e80f7;\n}\n<\/style>\n<div  class='avia-icon-list-container av-av_iconlist-01167bbe2a07bb0b06f67f9beddcfb04  avia-builder-el-2  avia-builder-el-no-sibling '><ul class='avia-icon-list avia_animate_when_almost_visible avia-icon-list-left av-iconlist-big av-av_iconlist-01167bbe2a07bb0b06f67f9beddcfb04 avia-iconlist-animate'>\n<li><a href='https://\/\/bbn1.bbnradio.org\/portuguese\/fale-conosco\/perguntas-sobre-temas-espirituais\/?PHPSESSID=zNgZoXCJ%2CsdQ93TQRQPJ5nQt7X10JPO3' title='Pergunta Espiritual'  class='iconlist_icon av-av_iconlist_item-9dbd5c2d5e9ffb3a8b05bd1726876bd0 avia-font-entypo-fontello avia-iconfont avia-font-entypo-fontello'><span class='av-icon-char' data-av_icon='\ue803' data-av_iconfont='entypo-fontello' aria-hidden=\"true\"><\/span><\/a><article class=\"article-icon-entry av-iconlist-empty\"  itemscope=\"itemscope\" itemtype=\"https:\/\/schema.org\/CreativeWork\" ><div class=\"iconlist_content_wrap\"><header class=\"entry-content-header\" aria-label=\"Icon: &lt;a href=&#039;https:\/\/bbn1.bbnradio.org\/portuguese\/fale-conosco\/perguntas-sobre-temas-espirituais\/&#039; title=&#039;Pergunta Espiritual&#039;&gt;Pergunta Espiritual&lt;\/a&gt;\"><h4 class='av_iconlist_title iconlist_title  '  itemprop=\"headline\" ><a href='https://\/\/bbn1.bbnradio.org\/portuguese\/fale-conosco\/perguntas-sobre-temas-espirituais\/?PHPSESSID=zNgZoXCJ%2CsdQ93TQRQPJ5nQt7X10JPO3' title='Pergunta Espiritual'>Pergunta Espiritual<\/a><\/h4><\/header><div class='iconlist_content '  itemprop=\"text\" ><\/div><\/div><footer class=\"entry-footer\"><\/footer><\/article><div class=\"iconlist-timeline\"><\/div><\/li>\n<li><a href='https://\/\/bbn1.bbnradio.org\/portuguese\/fale-conosco\/perguntas-sobre-doacao\/?PHPSESSID=zNgZoXCJ%2CsdQ93TQRQPJ5nQt7X10JPO3' title='Pergunta Sobre Doa\u00e7\u00e3o'  class='iconlist_icon av-av_iconlist_item-da56a7ab77789e1c90b1227a4f79c4ea avia-font-bank avia-iconfont avia-font-bank'><span class='av-icon-char' data-av_icon='\ue800' data-av_iconfont='bank' aria-hidden=\"true\"><\/span><\/a><article class=\"article-icon-entry av-iconlist-empty\"  itemscope=\"itemscope\" itemtype=\"https:\/\/schema.org\/CreativeWork\" ><div class=\"iconlist_content_wrap\"><header class=\"entry-content-header\" aria-label=\"Icon: &lt;a href=&#039;https:\/\/bbn1.bbnradio.org\/portuguese\/fale-conosco\/perguntas-sobre-doacao\/&#039; title=&#039;Pergunta Sobre Doa\u00e7\u00e3o&#039;&gt;Pergunta Sobre Doa\u00e7\u00e3o&lt;\/a&gt;\"><h4 class='av_iconlist_title iconlist_title  '  itemprop=\"headline\" ><a href='https://\/\/bbn1.bbnradio.org\/portuguese\/fale-conosco\/perguntas-sobre-doacao\/?PHPSESSID=zNgZoXCJ%2CsdQ93TQRQPJ5nQt7X10JPO3' title='Pergunta Sobre Doa\u00e7\u00e3o'>Pergunta Sobre Doa\u00e7\u00e3o<\/a><\/h4><\/header><div class='iconlist_content '  itemprop=\"text\" ><\/div><\/div><footer class=\"entry-footer\"><\/footer><\/article><div class=\"iconlist-timeline\"><\/div><\/li>\n<li><a href='https://\/\/bbn1.bbnradio.org\/portuguese\/fale-conosco\/perguntas-comentarios-ou-sugestoes-relacionados-ao-programa\/?PHPSESSID=zNgZoXCJ%2CsdQ93TQRQPJ5nQt7X10JPO3' title='Perguntas, Coment\u00e1rios ou Sugest\u00f5es Sobre um Programa'  class='iconlist_icon av-av_iconlist_item-bb8a9f28e8cf36ef9e70ac75daea2c88 avia-font-entypo-fontello avia-iconfont avia-font-entypo-fontello'><span class='av-icon-char' data-av_icon='\ue85e' data-av_iconfont='entypo-fontello' aria-hidden=\"true\"><\/span><\/a><article class=\"article-icon-entry av-iconlist-empty\"  itemscope=\"itemscope\" itemtype=\"https:\/\/schema.org\/CreativeWork\" ><div class=\"iconlist_content_wrap\"><header class=\"entry-content-header\" aria-label=\"Icon: &lt;a href=&#039;https:\/\/bbn1.bbnradio.org\/portuguese\/fale-conosco\/perguntas-comentarios-ou-sugestoes-relacionados-ao-programa\/&#039; title=&#039;Perguntas, Coment\u00e1rios ou Sugest\u00f5es Sobre um Programa&#039;&gt;Perguntas, Coment\u00e1rios ou Sugest\u00f5es Sobre um Programa&lt;\/a&gt;\"><h4 class='av_iconlist_title iconlist_title  '  itemprop=\"headline\" ><a href='https://\/\/bbn1.bbnradio.org\/portuguese\/fale-conosco\/perguntas-comentarios-ou-sugestoes-relacionados-ao-programa\/?PHPSESSID=zNgZoXCJ%2CsdQ93TQRQPJ5nQt7X10JPO3' title='Perguntas, Coment\u00e1rios ou Sugest\u00f5es Sobre um Programa'>Perguntas, Coment\u00e1rios ou Sugest\u00f5es Sobre um Programa<\/a><\/h4><\/header><div class='iconlist_content '  itemprop=\"text\" ><\/div><\/div><footer class=\"entry-footer\"><\/footer><\/article><div class=\"iconlist-timeline\"><\/div><\/li>\n<\/ul><\/div><\/div>\n<style type=\"text\/css\" data-created_by=\"avia_inline_auto\" id=\"style-css-av-av_one_half-0aa7055fe62c3622faec82866afbaeb2\">\n.flex_column.av-av_one_half-0aa7055fe62c3622faec82866afbaeb2{\nborder-radius:0px 0px 0px 0px;\npadding:0px 0px 0px 0px;\n}\n<\/style>\n<div  class='flex_column av-av_one_half-0aa7055fe62c3622faec82866afbaeb2 av_one_half  avia-builder-el-3  el_after_av_one_half  avia-builder-el-last  flex_column_div av-zero-column-padding  '     ><style type=\"text\/css\" data-created_by=\"avia_inline_auto\" id=\"style-css-av-av_iconlist-01167bbe2a07bb0b06f67f9beddcfb04\">\n#top .avia-icon-list-container.av-av_iconlist-01167bbe2a07bb0b06f67f9beddcfb04 .iconlist_icon{\ncolor:#0e80f7;\nbackground-color:#ffffff;\nborder:1px solid #0e80f7;\n}\n#top .avia-icon-list-container.av-av_iconlist-01167bbe2a07bb0b06f67f9beddcfb04 .iconlist_icon svg:first-child{\nstroke:#0e80f7;\nfill:#0e80f7;\n}\n<\/style>\n<div  class='avia-icon-list-container av-av_iconlist-01167bbe2a07bb0b06f67f9beddcfb04  avia-builder-el-4  avia-builder-el-no-sibling '><ul class='avia-icon-list avia_animate_when_almost_visible avia-icon-list-left av-iconlist-big av-av_iconlist-01167bbe2a07bb0b06f67f9beddcfb04 avia-iconlist-animate'>\n<li><a href='https://\/\/bbn1.bbnradio.org\/portuguese\/fale-conosco\/perguntas-comentarios-ou-sugestoes\/?PHPSESSID=zNgZoXCJ%2CsdQ93TQRQPJ5nQt7X10JPO3' title='Pergunta Gen\u00e9rica, Coment\u00e1rio ou Sugest\u00e3o'  class='iconlist_icon av-av_iconlist_item-5dea8bee16dd3cd9be20260a256a3db3 avia-font-entypo-fontello avia-iconfont avia-font-entypo-fontello'><span class='av-icon-char' data-av_icon='\ue81c' data-av_iconfont='entypo-fontello' aria-hidden=\"true\"><\/span><\/a><article class=\"article-icon-entry av-iconlist-empty\"  itemscope=\"itemscope\" itemtype=\"https:\/\/schema.org\/CreativeWork\" ><div class=\"iconlist_content_wrap\"><header class=\"entry-content-header\" aria-label=\"Icon: &lt;a href=&#039;https:\/\/bbn1.bbnradio.org\/portuguese\/fale-conosco\/perguntas-comentarios-ou-sugestoes\/&#039; title=&#039;Pergunta Gen\u00e9rica, Coment\u00e1rio ou Sugest\u00e3o&#039;&gt;Pergunta Gen\u00e9rica, Coment\u00e1rio ou Sugest\u00e3o&lt;\/a&gt;\"><h4 class='av_iconlist_title iconlist_title  '  itemprop=\"headline\" ><a href='https://\/\/bbn1.bbnradio.org\/portuguese\/fale-conosco\/perguntas-comentarios-ou-sugestoes\/?PHPSESSID=zNgZoXCJ%2CsdQ93TQRQPJ5nQt7X10JPO3' title='Pergunta Gen\u00e9rica, Coment\u00e1rio ou Sugest\u00e3o'>Pergunta Gen\u00e9rica, Coment\u00e1rio ou Sugest\u00e3o<\/a><\/h4><\/header><div class='iconlist_content '  itemprop=\"text\" ><\/div><\/div><footer class=\"entry-footer\"><\/footer><\/article><div class=\"iconlist-timeline\"><\/div><\/li>\n<li><a href='https://\/\/bbn1.bbnradio.org\/portuguese\/fale-conosco\/compartilhe-seu-testemunho\/?PHPSESSID=zNgZoXCJ%2CsdQ93TQRQPJ5nQt7X10JPO3' title='Compartilhe Seu Testemunho'  class='iconlist_icon av-av_iconlist_item-08327dc489aa65364b58c35892ba1a39 avia-font-entypo-fontello avia-iconfont avia-font-entypo-fontello'><span class='av-icon-char' data-av_icon='\ue80a' data-av_iconfont='entypo-fontello' aria-hidden=\"true\"><\/span><\/a><article class=\"article-icon-entry av-iconlist-empty\"  itemscope=\"itemscope\" itemtype=\"https:\/\/schema.org\/CreativeWork\" ><div class=\"iconlist_content_wrap\"><header class=\"entry-content-header\" aria-label=\"Icon: &lt;a href=&#039;https:\/\/bbn1.bbnradio.org\/portuguese\/fale-conosco\/compartilhe-seu-testemunho\/&#039; title=&#039;Compartilhe Seu Testemunho&#039;&gt;Compartilhe Seu Testemunho&lt;\/a&gt;\"><h4 class='av_iconlist_title iconlist_title  '  itemprop=\"headline\" ><a href='https://\/\/bbn1.bbnradio.org\/portuguese\/fale-conosco\/compartilhe-seu-testemunho\/?PHPSESSID=zNgZoXCJ%2CsdQ93TQRQPJ5nQt7X10JPO3' title='Compartilhe Seu Testemunho'>Compartilhe Seu Testemunho<\/a><\/h4><\/header><div class='iconlist_content '  itemprop=\"text\" ><\/div><\/div><footer class=\"entry-footer\"><\/footer><\/article><div class=\"iconlist-timeline\"><\/div><\/li>\n<\/ul><\/div><\/div>\n<!-- AddThis Advanced Settings generic via filter on the_content --><!-- AddThis Share Buttons generic via filter on the_content -->","protected":false},"excerpt":{"rendered":"<p><!-- AddThis Advanced Settings generic via filter on get_the_excerpt --><!-- AddThis Share Buttons generic via filter on get_the_excerpt --><\/p>\n","protected":false},"author":22,"featured_media":8371,"parent":3427,"menu_order":0,"comment_status":"open","ping_status":"closed","template":"","meta":{"jetpack_post_was_ever_published":false,"footnotes":""},"categories":[],"tags":[],"class_list":["post-6375","page","type-page","status-publish","has-post-thumbnail","hentry"],"yoast_head":"<!-- This site is optimized with the Yoast SEO Premium plugin v24.8 (Yoast SEO v24.8.1) - https:\/\/yoast.com\/wordpress\/plugins\/seo\/ -->\n<title>Pergunta, Coment\u00e1rio ou Sugest\u00e3o<\/title>\n<meta name=\"robots\" content=\"index, follow, max-snippet:-1, max-image-preview:large, max-video-preview:-1\" \/>\n<link rel=\"canonical\" href=\"https:\/\/bbn1.bbnradio.org\/portuguese\/fale-conosco\/pergunta-comentario-ou-sugestao\/\" \/>\n<meta property=\"og:locale\" content=\"pt_BR\" \/>\n<meta property=\"og:type\" content=\"article\" \/>\n<meta property=\"og:title\" content=\"Pergunta, Coment\u00e1rio ou Sugest\u00e3o\" \/>\n<meta property=\"og:url\" content=\"https:\/\/bbn1.bbnradio.org\/portuguese\/fale-conosco\/pergunta-comentario-ou-sugestao\/\" \/>\n<meta property=\"og:site_name\" content=\"BBN\" \/>\n<meta property=\"article:publisher\" content=\"https:\/\/www.facebook.com\/BBNPortugues\" \/>\n<meta property=\"article:modified_time\" content=\"2018-07-24T18:12:30+00:00\" \/>\n<meta name=\"twitter:card\" content=\"summary_large_image\" \/>\n<meta name=\"twitter:title\" content=\"Pergunta, Coment\u00e1rio ou Sugest\u00e3o\" \/>\n<meta name=\"twitter:image\" content=\"https:\/\/bbn1.bbnradio.org\/english\/wp-content\/uploads\/sites\/2\/2016\/02\/Questions.jpg\" \/>\n<meta name=\"twitter:site\" content=\"@BBNPortugues\" \/>\n<meta name=\"twitter:label1\" content=\"Est. tempo de leitura\" \/>\n\t<meta name=\"twitter:data1\" content=\"2 minutos\" \/>\n<script type=\"application\/ld+json\" class=\"yoast-schema-graph\">{\"@context\":\"https:\/\/schema.org\",\"@graph\":[{\"@type\":\"WebPage\",\"@id\":\"https:\/\/bbn1.bbnradio.org\/portuguese\/fale-conosco\/pergunta-comentario-ou-sugestao\/\",\"url\":\"https:\/\/bbn1.bbnradio.org\/portuguese\/fale-conosco\/pergunta-comentario-ou-sugestao\/\",\"name\":\"Pergunta, Coment\u00e1rio ou Sugest\u00e3o\",\"isPartOf\":{\"@id\":\"https:\/\/bbn1.bbnradio.org\/portuguese\/#website\"},\"primaryImageOfPage\":{\"@id\":\"https:\/\/bbn1.bbnradio.org\/portuguese\/fale-conosco\/pergunta-comentario-ou-sugestao\/#primaryimage\"},\"image\":{\"@id\":\"https:\/\/bbn1.bbnradio.org\/portuguese\/fale-conosco\/pergunta-comentario-ou-sugestao\/#primaryimage\"},\"thumbnailUrl\":\"https:\/\/bbn1.bbnradio.org\/portuguese\/wp-content\/uploads\/sites\/6\/2016\/02\/Questions.jpg\",\"datePublished\":\"2016-02-17T19:23:21+00:00\",\"dateModified\":\"2018-07-24T18:12:30+00:00\",\"breadcrumb\":{\"@id\":\"https:\/\/bbn1.bbnradio.org\/portuguese\/fale-conosco\/pergunta-comentario-ou-sugestao\/#breadcrumb\"},\"inLanguage\":\"pt-BR\",\"potentialAction\":[{\"@type\":\"ReadAction\",\"target\":[\"https:\/\/bbn1.bbnradio.org\/portuguese\/fale-conosco\/pergunta-comentario-ou-sugestao\/\"]}]},{\"@type\":\"ImageObject\",\"inLanguage\":\"pt-BR\",\"@id\":\"https:\/\/bbn1.bbnradio.org\/portuguese\/fale-conosco\/pergunta-comentario-ou-sugestao\/#primaryimage\",\"url\":\"https:\/\/bbn1.bbnradio.org\/portuguese\/wp-content\/uploads\/sites\/6\/2016\/02\/Questions.jpg\",\"contentUrl\":\"https:\/\/bbn1.bbnradio.org\/portuguese\/wp-content\/uploads\/sites\/6\/2016\/02\/Questions.jpg\",\"width\":1200,\"height\":628,\"caption\":\"Questions\"},{\"@type\":\"BreadcrumbList\",\"@id\":\"https:\/\/bbn1.bbnradio.org\/portuguese\/fale-conosco\/pergunta-comentario-ou-sugestao\/#breadcrumb\",\"itemListElement\":[{\"@type\":\"ListItem\",\"position\":1,\"name\":\"Home\",\"item\":\"https:\/\/bbn1.bbnradio.org\/portuguese\/inicio\/\"},{\"@type\":\"ListItem\",\"position\":2,\"name\":\"Fale Conosco\",\"item\":\"https:\/\/bbn1.bbnradio.org\/portuguese\/fale-conosco\/\"},{\"@type\":\"ListItem\",\"position\":3,\"name\":\"Pergunta, Coment\u00e1rio ou Sugest\u00e3o\"}]},{\"@type\":\"WebSite\",\"@id\":\"https:\/\/bbn1.bbnradio.org\/portuguese\/#website\",\"url\":\"https:\/\/bbn1.bbnradio.org\/portuguese\/\",\"name\":\"BBN Portuguese\",\"description\":\"BBN\",\"potentialAction\":[{\"@type\":\"SearchAction\",\"target\":{\"@type\":\"EntryPoint\",\"urlTemplate\":\"https:\/\/bbn1.bbnradio.org\/portuguese\/?s={search_term_string}\"},\"query-input\":{\"@type\":\"PropertyValueSpecification\",\"valueRequired\":true,\"valueName\":\"search_term_string\"}}],\"inLanguage\":\"pt-BR\"}]}<\/script>\n<!-- \/ Yoast SEO Premium plugin. -->","yoast_head_json":{"title":"Pergunta, Coment\u00e1rio ou Sugest\u00e3o","robots":{"index":"index","follow":"follow","max-snippet":"max-snippet:-1","max-image-preview":"max-image-preview:large","max-video-preview":"max-video-preview:-1"},"canonical":"https:\/\/bbn1.bbnradio.org\/portuguese\/fale-conosco\/pergunta-comentario-ou-sugestao\/","og_locale":"pt_BR","og_type":"article","og_title":"Pergunta, Coment\u00e1rio ou Sugest\u00e3o","og_url":"https:\/\/bbn1.bbnradio.org\/portuguese\/fale-conosco\/pergunta-comentario-ou-sugestao\/","og_site_name":"BBN","article_publisher":"https:\/\/www.facebook.com\/BBNPortugues","article_modified_time":"2018-07-24T18:12:30+00:00","twitter_card":"summary_large_image","twitter_title":"Pergunta, Coment\u00e1rio ou Sugest\u00e3o","twitter_image":"https:\/\/bbn1.bbnradio.org\/english\/wp-content\/uploads\/sites\/2\/2016\/02\/Questions.jpg","twitter_site":"@BBNPortugues","twitter_misc":{"Est. tempo de leitura":"2 minutos"},"schema":{"@context":"https:\/\/schema.org","@graph":[{"@type":"WebPage","@id":"https:\/\/bbn1.bbnradio.org\/portuguese\/fale-conosco\/pergunta-comentario-ou-sugestao\/","url":"https:\/\/bbn1.bbnradio.org\/portuguese\/fale-conosco\/pergunta-comentario-ou-sugestao\/","name":"Pergunta, Coment\u00e1rio ou Sugest\u00e3o","isPartOf":{"@id":"https:\/\/bbn1.bbnradio.org\/portuguese\/#website"},"primaryImageOfPage":{"@id":"https:\/\/bbn1.bbnradio.org\/portuguese\/fale-conosco\/pergunta-comentario-ou-sugestao\/#primaryimage"},"image":{"@id":"https:\/\/bbn1.bbnradio.org\/portuguese\/fale-conosco\/pergunta-comentario-ou-sugestao\/#primaryimage"},"thumbnailUrl":"https:\/\/bbn1.bbnradio.org\/portuguese\/wp-content\/uploads\/sites\/6\/2016\/02\/Questions.jpg","datePublished":"2016-02-17T19:23:21+00:00","dateModified":"2018-07-24T18:12:30+00:00","breadcrumb":{"@id":"https:\/\/bbn1.bbnradio.org\/portuguese\/fale-conosco\/pergunta-comentario-ou-sugestao\/#breadcrumb"},"inLanguage":"pt-BR","potentialAction":[{"@type":"ReadAction","target":["https:\/\/bbn1.bbnradio.org\/portuguese\/fale-conosco\/pergunta-comentario-ou-sugestao\/"]}]},{"@type":"ImageObject","inLanguage":"pt-BR","@id":"https:\/\/bbn1.bbnradio.org\/portuguese\/fale-conosco\/pergunta-comentario-ou-sugestao\/#primaryimage","url":"https:\/\/bbn1.bbnradio.org\/portuguese\/wp-content\/uploads\/sites\/6\/2016\/02\/Questions.jpg","contentUrl":"https:\/\/bbn1.bbnradio.org\/portuguese\/wp-content\/uploads\/sites\/6\/2016\/02\/Questions.jpg","width":1200,"height":628,"caption":"Questions"},{"@type":"BreadcrumbList","@id":"https:\/\/bbn1.bbnradio.org\/portuguese\/fale-conosco\/pergunta-comentario-ou-sugestao\/#breadcrumb","itemListElement":[{"@type":"ListItem","position":1,"name":"Home","item":"https:\/\/bbn1.bbnradio.org\/portuguese\/inicio\/"},{"@type":"ListItem","position":2,"name":"Fale Conosco","item":"https:\/\/bbn1.bbnradio.org\/portuguese\/fale-conosco\/"},{"@type":"ListItem","position":3,"name":"Pergunta, Coment\u00e1rio ou Sugest\u00e3o"}]},{"@type":"WebSite","@id":"https:\/\/bbn1.bbnradio.org\/portuguese\/#website","url":"https:\/\/bbn1.bbnradio.org\/portuguese\/","name":"BBN Portuguese","description":"BBN","potentialAction":[{"@type":"SearchAction","target":{"@type":"EntryPoint","urlTemplate":"https:\/\/bbn1.bbnradio.org\/portuguese\/?s={search_term_string}"},"query-input":{"@type":"PropertyValueSpecification","valueRequired":true,"valueName":"search_term_string"}}],"inLanguage":"pt-BR"}]}},"jetpack_sharing_enabled":true,"jetpack_shortlink":"https:\/\/wp.me\/P85nO0-1EP","_links":{"self":[{"href":"https:\/\/bbn1.bbnradio.org\/portuguese\/wp-json\/wp\/v2\/pages\/6375","targetHints":{"allow":["GET"]}}],"collection":[{"href":"https:\/\/bbn1.bbnradio.org\/portuguese\/wp-json\/wp\/v2\/pages"}],"about":[{"href":"https:\/\/bbn1.bbnradio.org\/portuguese\/wp-json\/wp\/v2\/types\/page"}],"author":[{"embeddable":true,"href":"https:\/\/bbn1.bbnradio.org\/portuguese\/wp-json\/wp\/v2\/users\/22"}],"replies":[{"embeddable":true,"href":"https:\/\/bbn1.bbnradio.org\/portuguese\/wp-json\/wp\/v2\/comments?post=6375"}],"version-history":[{"count":3,"href":"https:\/\/bbn1.bbnradio.org\/portuguese\/wp-json\/wp\/v2\/pages\/6375\/revisions"}],"predecessor-version":[{"id":13586,"href":"https:\/\/bbn1.bbnradio.org\/portuguese\/wp-json\/wp\/v2\/pages\/6375\/revisions\/13586"}],"up":[{"embeddable":true,"href":"https:\/\/bbn1.bbnradio.org\/portuguese\/wp-json\/wp\/v2\/pages\/3427"}],"wp:featuredmedia":[{"embeddable":true,"href":"https:\/\/bbn1.bbnradio.org\/portuguese\/wp-json\/wp\/v2\/media\/8371"}],"wp:attachment":[{"href":"https:\/\/bbn1.bbnradio.org\/portuguese\/wp-json\/wp\/v2\/media?parent=6375"}],"wp:term":[{"taxonomy":"category","embeddable":true,"href":"https:\/\/bbn1.bbnradio.org\/portuguese\/wp-json\/wp\/v2\/categories?post=6375"},{"taxonomy":"post_tag","embeddable":true,"href":"https:\/\/bbn1.bbnradio.org\/portuguese\/wp-json\/wp\/v2\/tags?post=6375"}],"curies":[{"name":"wp","href":"https:\/\/api.w.org\/{rel}","templated":true}]}}