{"id":6587,"date":"2016-02-19T14:24:49","date_gmt":"2016-02-19T19:24:49","guid":{"rendered":"https:\/\/bbn1.bbnradio.org\/english\/?page_id=6587"},"modified":"2022-07-07T17:11:04","modified_gmt":"2022-07-07T20:11:04","slug":"lawrence-husby","status":"publish","type":"page","link":"https:\/\/bbn1.bbnradio.org\/portuguese\/sobre-bbn\/locutores-da-bbn-2\/lawrence-husby\/","title":{"rendered":"Lawrence Husby"},"content":{"rendered":"\n<style type=\"text\/css\" data-created_by=\"avia_inline_auto\" id=\"style-css-av-vn463-75769a350d0160325b3ba0bb0d0e048d\">\n.flex_column.av-vn463-75769a350d0160325b3ba0bb0d0e048d{\nborder-radius:0px 0px 0px 0px;\npadding:0px 0px 0px 0px;\n}\n<\/style>\n<div  class='flex_column av-vn463-75769a350d0160325b3ba0bb0d0e048d av_one_fourth  avia-builder-el-0  el_before_av_three_fourth  avia-builder-el-first  first flex_column_div av-zero-column-padding  '     ><p>\n<style type=\"text\/css\" data-created_by=\"avia_inline_auto\" id=\"style-css-av-7y5a4r-da0ceb5f36060b56360bc10d4bd47626\">\n#top .hr.hr-invisible.av-7y5a4r-da0ceb5f36060b56360bc10d4bd47626{\nheight:1px;\n}\n<\/style>\n<div  class='hr av-7y5a4r-da0ceb5f36060b56360bc10d4bd47626 hr-invisible  avia-builder-el-1  el_before_av_team_member  avia-builder-el-first '><span class='hr-inner '><span class=\"hr-inner-style\"><\/span><\/span><\/div><br \/>\n<section  class='avia-team-member av-5dovln-ec33bf043fd0cd586e7d85ad45d1647c  avia-builder-el-2  el_after_av_hr  avia-builder-el-last '  itemscope=\"itemscope\" itemtype=\"https:\/\/schema.org\/Person\" ><div class=\"team-img-container\"><img decoding=\"async\" fetchpriority=\"high\" class='wp-image-15602 avia-img-lazy-loading-not-15602 avia_image avia_image_team' src=\"https:\/\/bbn1.bbnradio.org\/portuguese\/wp-content\/uploads\/sites\/6\/2022\/07\/Lawrence-Husby.jpg\" alt='Lawrence Husby'  itemprop=\"image\"   height=\"1800\" width=\"1200\" \/><\/div><h3 class='team-member-name '  itemprop=\"name\" >Lawrence Husby<\/h3><div class='team-member-job-title '  itemprop=\"jobTitle\" >Diretor de Programa\u00e7\u00e3o<\/div><span class='hidden team-member-affiliation'  itemprop=\"affiliation\" >BBN<\/span><\/section><\/p><\/div>\n<style type=\"text\/css\" data-created_by=\"avia_inline_auto\" id=\"style-css-av-3h2gez-2e21bb46af873ebb17df38afeecad9ad\">\n.flex_column.av-3h2gez-2e21bb46af873ebb17df38afeecad9ad{\nborder-radius:0px 0px 0px 0px;\npadding:0px 0px 0px 0px;\n}\n<\/style>\n<div  class='flex_column av-3h2gez-2e21bb46af873ebb17df38afeecad9ad av_three_fourth  avia-builder-el-3  el_after_av_one_fourth  avia-builder-el-last  flex_column_div av-zero-column-padding  '     ><section  class='av_textblock_section av-1v6wp7-dfecaf3487bd6ab541dab279da223987 '   itemscope=\"itemscope\" itemtype=\"https:\/\/schema.org\/CreativeWork\" ><div class='avia_textblock'  itemprop=\"text\" ><p>Eu sou o Lawrence Husby, psic\u00f3logo cl\u00ednico por forma\u00e7\u00e3o, obreiro do Senhor pela miseric\u00f3rida e gra\u00e7a dele.<\/p>\n<p>Nasci num lar Cat\u00f3lico. Em 1977, aos treze anos, na escola, recebi a visita dos Gide\u00f5es Internacionais, que me entregaram um Novo Testamento de Bolso. Lembro-me bem, era uma Sexta-Feira, e eu o li inteiro (sem salmos e prov\u00e9bios), num final de semana. Na semana seguinte compareci a uma s\u00e9rie de Confer\u00eancias na IP dos Guararapes-Recife. No segundo dia me decidi pelo Senhor Jesus. Minha fam\u00edlia de imediato n\u00e3o apoiou a id\u00e9ia como era de se esperar. Com o passar dos anos vivi uma vida normal at\u00e9 a fase adulta, mas n\u00e3o pertencia \u00e0 nenhuma Igreja. Mas eu sempre lembrava da Palavra de Deus, que em momentos decisivos me consolava, mesmo eu n\u00e3o estando na Igreja. Aos 22 anos eu estava na Aeron\u00e1utica, onde servia como enfermeiro na Esquadrilha de Sa\u00fade, e nos intervalos de almo\u00e7o ouvia no quarto ao lado, os irm\u00e3os que cultuavam a Deus . Um dia cheguei mais perto, quase \u00e0 porta e um amigo disse: porque n\u00e3o entra? Entrei e a partir dali nunca mais me afastei de Deus. Isso foi em 1987. Eessa foi a fase embrion\u00e1ria da Uni\u00e3o Evang\u00e9lica da Base a\u00e9rea do Recife.<\/p>\n<p>Passei a frequentar a Igreja Batista em Jardim S\u00e3o Paulo-Recife e nela me batizei um ano depois.<\/p>\n<p>Em 1993 casei com Adriana e temos um casal de filhos: Nat\u00e1lia (nascida em 1994) e Pedro Augusto (nascido em 1998).<br \/>\nTrabalhei voluntariamente com Aconselhamento Crist\u00e3o na Igreja Presbiteriana Memorial no Bairro do Ipsep-Recife por dois anos. Tamb\u00e9m realizei atendimentos no CRDD-Centro de Recupera\u00e7\u00e3o de Dependentes de Drogas, uma organiza\u00e7\u00e3o crist\u00e3, que visava retirar ex-drogados das ruas e reconduzi-los \u00e0 sociedade.<\/p>\n<p>Em Janeiro de 2002 passei a fazer parte da Equipe de locutores da BBN-Portugu\u00eas, o que considero um grande privil\u00e9gio. Reconhe\u00e7o no Minist\u00e9rio da BBN, um instrumento verdadeiro de propaga\u00e7\u00e3o do Evangelho do Nosso Senhor e Salvador Jesus Cristo.<\/p>\n<\/div><\/section><\/div>\n<!-- AddThis Advanced Settings generic via filter on the_content --><!-- AddThis Share Buttons generic via filter on the_content -->","protected":false},"excerpt":{"rendered":"<p><!-- AddThis Advanced Settings generic via filter on get_the_excerpt --><!-- AddThis Share Buttons generic via filter on get_the_excerpt --><\/p>\n","protected":false},"author":22,"featured_media":0,"parent":6263,"menu_order":0,"comment_status":"closed","ping_status":"closed","template":"","meta":{"jetpack_post_was_ever_published":false,"footnotes":""},"categories":[],"tags":[],"class_list":["post-6587","page","type-page","status-publish","hentry"],"yoast_head":"<!-- This site is optimized with the Yoast SEO Premium plugin v24.8 (Yoast SEO v24.8.1) - https:\/\/yoast.com\/wordpress\/plugins\/seo\/ -->\n<title>Lawrence Husby - BBN<\/title>\n<meta name=\"robots\" content=\"index, follow, max-snippet:-1, max-image-preview:large, max-video-preview:-1\" \/>\n<link rel=\"canonical\" href=\"https:\/\/bbn1.bbnradio.org\/portuguese\/sobre-bbn\/locutores-da-bbn-2\/lawrence-husby\/\" \/>\n<meta property=\"og:locale\" content=\"pt_BR\" \/>\n<meta property=\"og:type\" content=\"article\" \/>\n<meta property=\"og:title\" content=\"Lawrence Husby\" \/>\n<meta property=\"og:url\" content=\"https:\/\/bbn1.bbnradio.org\/portuguese\/sobre-bbn\/locutores-da-bbn-2\/lawrence-husby\/\" \/>\n<meta property=\"og:site_name\" content=\"BBN\" \/>\n<meta property=\"article:publisher\" content=\"https:\/\/www.facebook.com\/BBNPortugues\" \/>\n<meta property=\"article:modified_time\" content=\"2022-07-07T20:11:04+00:00\" \/>\n<meta name=\"twitter:card\" content=\"summary_large_image\" \/>\n<meta name=\"twitter:site\" content=\"@BBNPortugues\" \/>\n<meta name=\"twitter:label1\" content=\"Est. tempo de leitura\" \/>\n\t<meta name=\"twitter:data1\" content=\"3 minutos\" \/>\n<script type=\"application\/ld+json\" class=\"yoast-schema-graph\">{\"@context\":\"https:\/\/schema.org\",\"@graph\":[{\"@type\":\"WebPage\",\"@id\":\"https:\/\/bbn1.bbnradio.org\/portuguese\/sobre-bbn\/locutores-da-bbn-2\/lawrence-husby\/\",\"url\":\"https:\/\/bbn1.bbnradio.org\/portuguese\/sobre-bbn\/locutores-da-bbn-2\/lawrence-husby\/\",\"name\":\"Lawrence Husby - BBN\",\"isPartOf\":{\"@id\":\"https:\/\/bbn1.bbnradio.org\/portuguese\/#website\"},\"datePublished\":\"2016-02-19T19:24:49+00:00\",\"dateModified\":\"2022-07-07T20:11:04+00:00\",\"breadcrumb\":{\"@id\":\"https:\/\/bbn1.bbnradio.org\/portuguese\/sobre-bbn\/locutores-da-bbn-2\/lawrence-husby\/#breadcrumb\"},\"inLanguage\":\"pt-BR\",\"potentialAction\":[{\"@type\":\"ReadAction\",\"target\":[\"https:\/\/bbn1.bbnradio.org\/portuguese\/sobre-bbn\/locutores-da-bbn-2\/lawrence-husby\/\"]}]},{\"@type\":\"BreadcrumbList\",\"@id\":\"https:\/\/bbn1.bbnradio.org\/portuguese\/sobre-bbn\/locutores-da-bbn-2\/lawrence-husby\/#breadcrumb\",\"itemListElement\":[{\"@type\":\"ListItem\",\"position\":1,\"name\":\"Home\",\"item\":\"https:\/\/bbn1.bbnradio.org\/portuguese\/inicio\/\"},{\"@type\":\"ListItem\",\"position\":2,\"name\":\"Sobre a BBN\",\"item\":\"https:\/\/bbn1.bbnradio.org\/portuguese\/sobre-bbn\/\"},{\"@type\":\"ListItem\",\"position\":3,\"name\":\"Locutores da BBN\",\"item\":\"https:\/\/bbn1.bbnradio.org\/portuguese\/sobre-bbn\/locutores-da-bbn-2\/\"},{\"@type\":\"ListItem\",\"position\":4,\"name\":\"Lawrence Husby\"}]},{\"@type\":\"WebSite\",\"@id\":\"https:\/\/bbn1.bbnradio.org\/portuguese\/#website\",\"url\":\"https:\/\/bbn1.bbnradio.org\/portuguese\/\",\"name\":\"BBN Portuguese\",\"description\":\"BBN\",\"potentialAction\":[{\"@type\":\"SearchAction\",\"target\":{\"@type\":\"EntryPoint\",\"urlTemplate\":\"https:\/\/bbn1.bbnradio.org\/portuguese\/?s={search_term_string}\"},\"query-input\":{\"@type\":\"PropertyValueSpecification\",\"valueRequired\":true,\"valueName\":\"search_term_string\"}}],\"inLanguage\":\"pt-BR\"}]}<\/script>\n<!-- \/ Yoast SEO Premium plugin. -->","yoast_head_json":{"title":"Lawrence Husby - BBN","robots":{"index":"index","follow":"follow","max-snippet":"max-snippet:-1","max-image-preview":"max-image-preview:large","max-video-preview":"max-video-preview:-1"},"canonical":"https:\/\/bbn1.bbnradio.org\/portuguese\/sobre-bbn\/locutores-da-bbn-2\/lawrence-husby\/","og_locale":"pt_BR","og_type":"article","og_title":"Lawrence Husby","og_url":"https:\/\/bbn1.bbnradio.org\/portuguese\/sobre-bbn\/locutores-da-bbn-2\/lawrence-husby\/","og_site_name":"BBN","article_publisher":"https:\/\/www.facebook.com\/BBNPortugues","article_modified_time":"2022-07-07T20:11:04+00:00","twitter_card":"summary_large_image","twitter_site":"@BBNPortugues","twitter_misc":{"Est. tempo de leitura":"3 minutos"},"schema":{"@context":"https:\/\/schema.org","@graph":[{"@type":"WebPage","@id":"https:\/\/bbn1.bbnradio.org\/portuguese\/sobre-bbn\/locutores-da-bbn-2\/lawrence-husby\/","url":"https:\/\/bbn1.bbnradio.org\/portuguese\/sobre-bbn\/locutores-da-bbn-2\/lawrence-husby\/","name":"Lawrence Husby - BBN","isPartOf":{"@id":"https:\/\/bbn1.bbnradio.org\/portuguese\/#website"},"datePublished":"2016-02-19T19:24:49+00:00","dateModified":"2022-07-07T20:11:04+00:00","breadcrumb":{"@id":"https:\/\/bbn1.bbnradio.org\/portuguese\/sobre-bbn\/locutores-da-bbn-2\/lawrence-husby\/#breadcrumb"},"inLanguage":"pt-BR","potentialAction":[{"@type":"ReadAction","target":["https:\/\/bbn1.bbnradio.org\/portuguese\/sobre-bbn\/locutores-da-bbn-2\/lawrence-husby\/"]}]},{"@type":"BreadcrumbList","@id":"https:\/\/bbn1.bbnradio.org\/portuguese\/sobre-bbn\/locutores-da-bbn-2\/lawrence-husby\/#breadcrumb","itemListElement":[{"@type":"ListItem","position":1,"name":"Home","item":"https:\/\/bbn1.bbnradio.org\/portuguese\/inicio\/"},{"@type":"ListItem","position":2,"name":"Sobre a BBN","item":"https:\/\/bbn1.bbnradio.org\/portuguese\/sobre-bbn\/"},{"@type":"ListItem","position":3,"name":"Locutores da BBN","item":"https:\/\/bbn1.bbnradio.org\/portuguese\/sobre-bbn\/locutores-da-bbn-2\/"},{"@type":"ListItem","position":4,"name":"Lawrence Husby"}]},{"@type":"WebSite","@id":"https:\/\/bbn1.bbnradio.org\/portuguese\/#website","url":"https:\/\/bbn1.bbnradio.org\/portuguese\/","name":"BBN Portuguese","description":"BBN","potentialAction":[{"@type":"SearchAction","target":{"@type":"EntryPoint","urlTemplate":"https:\/\/bbn1.bbnradio.org\/portuguese\/?s={search_term_string}"},"query-input":{"@type":"PropertyValueSpecification","valueRequired":true,"valueName":"search_term_string"}}],"inLanguage":"pt-BR"}]}},"jetpack_sharing_enabled":true,"jetpack_shortlink":"https:\/\/wp.me\/P85nO0-1If","_links":{"self":[{"href":"https:\/\/bbn1.bbnradio.org\/portuguese\/wp-json\/wp\/v2\/pages\/6587","targetHints":{"allow":["GET"]}}],"collection":[{"href":"https:\/\/bbn1.bbnradio.org\/portuguese\/wp-json\/wp\/v2\/pages"}],"about":[{"href":"https:\/\/bbn1.bbnradio.org\/portuguese\/wp-json\/wp\/v2\/types\/page"}],"author":[{"embeddable":true,"href":"https:\/\/bbn1.bbnradio.org\/portuguese\/wp-json\/wp\/v2\/users\/22"}],"replies":[{"embeddable":true,"href":"https:\/\/bbn1.bbnradio.org\/portuguese\/wp-json\/wp\/v2\/comments?post=6587"}],"version-history":[{"count":3,"href":"https:\/\/bbn1.bbnradio.org\/portuguese\/wp-json\/wp\/v2\/pages\/6587\/revisions"}],"predecessor-version":[{"id":15616,"href":"https:\/\/bbn1.bbnradio.org\/portuguese\/wp-json\/wp\/v2\/pages\/6587\/revisions\/15616"}],"up":[{"embeddable":true,"href":"https:\/\/bbn1.bbnradio.org\/portuguese\/wp-json\/wp\/v2\/pages\/6263"}],"wp:attachment":[{"href":"https:\/\/bbn1.bbnradio.org\/portuguese\/wp-json\/wp\/v2\/media?parent=6587"}],"wp:term":[{"taxonomy":"category","embeddable":true,"href":"https:\/\/bbn1.bbnradio.org\/portuguese\/wp-json\/wp\/v2\/categories?post=6587"},{"taxonomy":"post_tag","embeddable":true,"href":"https:\/\/bbn1.bbnradio.org\/portuguese\/wp-json\/wp\/v2\/tags?post=6587"}],"curies":[{"name":"wp","href":"https:\/\/api.w.org\/{rel}","templated":true}]}}