{"id":6593,"date":"2016-02-19T14:32:07","date_gmt":"2016-02-19T19:32:07","guid":{"rendered":"https:\/\/bbn1.bbnradio.org\/english\/?page_id=6593"},"modified":"2019-07-29T17:09:39","modified_gmt":"2019-07-29T20:09:39","slug":"aurelio-campos","status":"publish","type":"page","link":"https:\/\/bbn1.bbnradio.org\/portuguese\/sobre-bbn\/locutores-da-bbn-2\/aurelio-campos\/","title":{"rendered":"Aur\u00e9lio Campos"},"content":{"rendered":"\n<style type=\"text\/css\" data-created_by=\"avia_inline_auto\" id=\"style-css-av-y7pi9-f02857cf2b431a4ea5fc854df5ccd971\">\n.flex_column.av-y7pi9-f02857cf2b431a4ea5fc854df5ccd971{\nborder-radius:0px 0px 0px 0px;\npadding:0px 0px 0px 0px;\n}\n<\/style>\n<div  class='flex_column av-y7pi9-f02857cf2b431a4ea5fc854df5ccd971 av_one_fourth  avia-builder-el-0  el_before_av_three_fourth  avia-builder-el-first  first flex_column_div av-zero-column-padding  '     ><p>\n<style type=\"text\/css\" data-created_by=\"avia_inline_auto\" id=\"style-css-av-7krvw1-2d7b2542f7d26480f2f6c8fbeb4e2b1e\">\n#top .hr.hr-invisible.av-7krvw1-2d7b2542f7d26480f2f6c8fbeb4e2b1e{\nheight:1px;\n}\n<\/style>\n<div  class='hr av-7krvw1-2d7b2542f7d26480f2f6c8fbeb4e2b1e hr-invisible  avia-builder-el-1  el_before_av_team_member  avia-builder-el-first '><span class='hr-inner '><span class=\"hr-inner-style\"><\/span><\/span><\/div><br \/>\n<section  class='avia-team-member av-627xq9-d234d96e459298db81135f0f00e8868b  avia-builder-el-2  el_after_av_hr  avia-builder-el-last '  itemscope=\"itemscope\" itemtype=\"https:\/\/schema.org\/Person\" ><div class=\"team-img-container\"><img decoding=\"async\" fetchpriority=\"high\" class='wp-image-12185 avia-img-lazy-loading-not-12185 avia_image avia_image_team' src=\"https:\/\/bbn1.bbnradio.org\/portuguese\/wp-content\/uploads\/sites\/6\/2018\/02\/Aurelio-Campos.jpg\" alt='Aur\u00e9lio Campos'  itemprop=\"image\"   height=\"1800\" width=\"1200\" \/><\/div><h3 class='team-member-name '  itemprop=\"name\" >Aur\u00e9lio Campos<\/h3><div class='team-member-job-title '  itemprop=\"jobTitle\" >Locutor<\/div><span class='hidden team-member-affiliation'  itemprop=\"affiliation\" >BBN<\/span><\/section><\/p><\/div>\n\n<style type=\"text\/css\" data-created_by=\"avia_inline_auto\" id=\"style-css-av-4rsc9d-80578202738131d53c7089612c5b56cb\">\n.flex_column.av-4rsc9d-80578202738131d53c7089612c5b56cb{\nborder-radius:0px 0px 0px 0px;\npadding:0px 0px 0px 0px;\n}\n<\/style>\n<div  class='flex_column av-4rsc9d-80578202738131d53c7089612c5b56cb av_three_fourth  avia-builder-el-3  el_after_av_one_fourth  avia-builder-el-last  flex_column_div av-zero-column-padding  '     ><section  class='av_textblock_section av-391j6p-00d4a86029bc86784bbf3727969f5606 '   itemscope=\"itemscope\" itemtype=\"https:\/\/schema.org\/CreativeWork\" ><div class='avia_textblock'  itemprop=\"text\" ><p>Sou Aur\u00e9lio Campos, casado com Rejane, pai de duas filhas: J\u00e9ssica e Gabriela. Eu e minha esposa somos naturais da Para\u00edba do Sul, no Rio de Janeiro. Aos treze anos, convidado por uma tia, eu visitei uma igreja crist\u00e3 evang\u00e9lica pela primeira vez.<\/p>\n<p>Segui assim entre uma visita e outra, mas sem tomar a decis\u00e3o de entregar minha vida a Cristo. Depois do nosso casamento, eu e minha esposa fomos morar na capital do Rio de Janeiro, onde passei a trabalhar em r\u00e1dio. Foi a\u00ed ent\u00e3o, que conheci o amigo M\u00e1rio S\u00e9rgio, que tamb\u00e9m me falou de Cristo e do plano da salva\u00e7\u00e3o. Eu e a minha esposa passamos ent\u00e3o a frequentar uma igreja crist\u00e3 evang\u00e9lica e aceitamos Jesus como Salvador e meses depois, fomos batizados.<\/p>\n<p>Come\u00e7ava ali nossa caminhada com Cristo. Tivemos muitas provas e per\u00edodos dif\u00edceis mas sab\u00edamos que Deus estava nos moldando . T\u00ednhamos o desejo de trabalhar na obra do Senhor, dedicando nossa vida e nosso tempo a Ele. Come\u00e7amos ent\u00e3o a trabalhar com casais, em encontros, retiros e palestras. Nesse per\u00edodo, eu ainda trabalhava em r\u00e1dio secular, mas n\u00f3s passamos a orar para que uma porta se abrisse em uma r\u00e1dio ou minist\u00e9rio crist\u00e3o. Deus ouviu nossas ora\u00e7\u00f5es, e desde novembro de 2007, estou trabalhando no minist\u00e9rio BBN. Somos gratos ao Senhor por essa oportunidade de poder fazer parte desse minist\u00e9rio de r\u00e1dio, pregando, anunciando a salva\u00e7\u00e3o e o amor de Jesus Cristo. \u00c9 maravilhoso ver diariamente o que Deus tem feito na vida dos nossos ouvintes.<\/p>\n<p>Voc\u00ea tamb\u00e9m quer provar deste amor e ter sua vida transformada? Entregue-se a Cristo!<\/p>\n<p>Deus te aben\u00e7oe!<\/p>\n<p>Aur\u00e9lio Campos<\/p>\n<\/div><\/section><\/div>\n<!-- AddThis Advanced Settings generic via filter on the_content --><!-- AddThis Share Buttons generic via filter on the_content -->","protected":false},"excerpt":{"rendered":"<p><!-- AddThis Advanced Settings generic via filter on get_the_excerpt --><!-- AddThis Share Buttons generic via filter on get_the_excerpt --><\/p>\n","protected":false},"author":22,"featured_media":0,"parent":6263,"menu_order":0,"comment_status":"closed","ping_status":"closed","template":"","meta":{"jetpack_post_was_ever_published":false,"footnotes":""},"categories":[],"tags":[],"class_list":["post-6593","page","type-page","status-publish","hentry"],"yoast_head":"<!-- This site is optimized with the Yoast SEO Premium plugin v24.8 (Yoast SEO v24.8.1) - https:\/\/yoast.com\/wordpress\/plugins\/seo\/ -->\n<title>Aur\u00e9lio Campos<\/title>\n<meta name=\"robots\" content=\"index, follow, max-snippet:-1, max-image-preview:large, max-video-preview:-1\" \/>\n<link rel=\"canonical\" href=\"https:\/\/bbn1.bbnradio.org\/portuguese\/sobre-bbn\/locutores-da-bbn-2\/aurelio-campos\/\" \/>\n<meta property=\"og:locale\" content=\"pt_BR\" \/>\n<meta property=\"og:type\" content=\"article\" \/>\n<meta property=\"og:title\" content=\"Aur\u00e9lio Campos\" \/>\n<meta property=\"og:description\" content=\"Locutor da BBN desde 2007\" \/>\n<meta property=\"og:url\" content=\"https:\/\/bbn1.bbnradio.org\/portuguese\/sobre-bbn\/locutores-da-bbn-2\/aurelio-campos\/\" \/>\n<meta property=\"og:site_name\" content=\"BBN\" \/>\n<meta property=\"article:publisher\" content=\"https:\/\/www.facebook.com\/BBNPortugues\" \/>\n<meta property=\"article:modified_time\" content=\"2019-07-29T20:09:39+00:00\" \/>\n<meta name=\"twitter:card\" content=\"summary_large_image\" \/>\n<meta name=\"twitter:title\" content=\"Aur\u00e9lio Campos\" \/>\n<meta name=\"twitter:description\" content=\"Locutor da BBN desde 2007\" \/>\n<meta name=\"twitter:site\" content=\"@BBNPortugues\" \/>\n<meta name=\"twitter:label1\" content=\"Est. tempo de leitura\" \/>\n\t<meta name=\"twitter:data1\" content=\"3 minutos\" \/>\n<script type=\"application\/ld+json\" class=\"yoast-schema-graph\">{\"@context\":\"https:\/\/schema.org\",\"@graph\":[{\"@type\":\"WebPage\",\"@id\":\"https:\/\/bbn1.bbnradio.org\/portuguese\/sobre-bbn\/locutores-da-bbn-2\/aurelio-campos\/\",\"url\":\"https:\/\/bbn1.bbnradio.org\/portuguese\/sobre-bbn\/locutores-da-bbn-2\/aurelio-campos\/\",\"name\":\"Aur\u00e9lio Campos\",\"isPartOf\":{\"@id\":\"https:\/\/bbn1.bbnradio.org\/portuguese\/#website\"},\"datePublished\":\"2016-02-19T19:32:07+00:00\",\"dateModified\":\"2019-07-29T20:09:39+00:00\",\"breadcrumb\":{\"@id\":\"https:\/\/bbn1.bbnradio.org\/portuguese\/sobre-bbn\/locutores-da-bbn-2\/aurelio-campos\/#breadcrumb\"},\"inLanguage\":\"pt-BR\",\"potentialAction\":[{\"@type\":\"ReadAction\",\"target\":[\"https:\/\/bbn1.bbnradio.org\/portuguese\/sobre-bbn\/locutores-da-bbn-2\/aurelio-campos\/\"]}]},{\"@type\":\"BreadcrumbList\",\"@id\":\"https:\/\/bbn1.bbnradio.org\/portuguese\/sobre-bbn\/locutores-da-bbn-2\/aurelio-campos\/#breadcrumb\",\"itemListElement\":[{\"@type\":\"ListItem\",\"position\":1,\"name\":\"Home\",\"item\":\"https:\/\/bbn1.bbnradio.org\/portuguese\/inicio\/\"},{\"@type\":\"ListItem\",\"position\":2,\"name\":\"Sobre a BBN\",\"item\":\"https:\/\/bbn1.bbnradio.org\/portuguese\/sobre-bbn\/\"},{\"@type\":\"ListItem\",\"position\":3,\"name\":\"Locutores da BBN\",\"item\":\"https:\/\/bbn1.bbnradio.org\/portuguese\/sobre-bbn\/locutores-da-bbn-2\/\"},{\"@type\":\"ListItem\",\"position\":4,\"name\":\"Aur\u00e9lio Campos\"}]},{\"@type\":\"WebSite\",\"@id\":\"https:\/\/bbn1.bbnradio.org\/portuguese\/#website\",\"url\":\"https:\/\/bbn1.bbnradio.org\/portuguese\/\",\"name\":\"BBN Portuguese\",\"description\":\"BBN\",\"potentialAction\":[{\"@type\":\"SearchAction\",\"target\":{\"@type\":\"EntryPoint\",\"urlTemplate\":\"https:\/\/bbn1.bbnradio.org\/portuguese\/?s={search_term_string}\"},\"query-input\":{\"@type\":\"PropertyValueSpecification\",\"valueRequired\":true,\"valueName\":\"search_term_string\"}}],\"inLanguage\":\"pt-BR\"}]}<\/script>\n<!-- \/ Yoast SEO Premium plugin. -->","yoast_head_json":{"title":"Aur\u00e9lio Campos","robots":{"index":"index","follow":"follow","max-snippet":"max-snippet:-1","max-image-preview":"max-image-preview:large","max-video-preview":"max-video-preview:-1"},"canonical":"https:\/\/bbn1.bbnradio.org\/portuguese\/sobre-bbn\/locutores-da-bbn-2\/aurelio-campos\/","og_locale":"pt_BR","og_type":"article","og_title":"Aur\u00e9lio Campos","og_description":"Locutor da BBN desde 2007","og_url":"https:\/\/bbn1.bbnradio.org\/portuguese\/sobre-bbn\/locutores-da-bbn-2\/aurelio-campos\/","og_site_name":"BBN","article_publisher":"https:\/\/www.facebook.com\/BBNPortugues","article_modified_time":"2019-07-29T20:09:39+00:00","twitter_card":"summary_large_image","twitter_title":"Aur\u00e9lio Campos","twitter_description":"Locutor da BBN desde 2007","twitter_site":"@BBNPortugues","twitter_misc":{"Est. tempo de leitura":"3 minutos"},"schema":{"@context":"https:\/\/schema.org","@graph":[{"@type":"WebPage","@id":"https:\/\/bbn1.bbnradio.org\/portuguese\/sobre-bbn\/locutores-da-bbn-2\/aurelio-campos\/","url":"https:\/\/bbn1.bbnradio.org\/portuguese\/sobre-bbn\/locutores-da-bbn-2\/aurelio-campos\/","name":"Aur\u00e9lio Campos","isPartOf":{"@id":"https:\/\/bbn1.bbnradio.org\/portuguese\/#website"},"datePublished":"2016-02-19T19:32:07+00:00","dateModified":"2019-07-29T20:09:39+00:00","breadcrumb":{"@id":"https:\/\/bbn1.bbnradio.org\/portuguese\/sobre-bbn\/locutores-da-bbn-2\/aurelio-campos\/#breadcrumb"},"inLanguage":"pt-BR","potentialAction":[{"@type":"ReadAction","target":["https:\/\/bbn1.bbnradio.org\/portuguese\/sobre-bbn\/locutores-da-bbn-2\/aurelio-campos\/"]}]},{"@type":"BreadcrumbList","@id":"https:\/\/bbn1.bbnradio.org\/portuguese\/sobre-bbn\/locutores-da-bbn-2\/aurelio-campos\/#breadcrumb","itemListElement":[{"@type":"ListItem","position":1,"name":"Home","item":"https:\/\/bbn1.bbnradio.org\/portuguese\/inicio\/"},{"@type":"ListItem","position":2,"name":"Sobre a BBN","item":"https:\/\/bbn1.bbnradio.org\/portuguese\/sobre-bbn\/"},{"@type":"ListItem","position":3,"name":"Locutores da BBN","item":"https:\/\/bbn1.bbnradio.org\/portuguese\/sobre-bbn\/locutores-da-bbn-2\/"},{"@type":"ListItem","position":4,"name":"Aur\u00e9lio Campos"}]},{"@type":"WebSite","@id":"https:\/\/bbn1.bbnradio.org\/portuguese\/#website","url":"https:\/\/bbn1.bbnradio.org\/portuguese\/","name":"BBN Portuguese","description":"BBN","potentialAction":[{"@type":"SearchAction","target":{"@type":"EntryPoint","urlTemplate":"https:\/\/bbn1.bbnradio.org\/portuguese\/?s={search_term_string}"},"query-input":{"@type":"PropertyValueSpecification","valueRequired":true,"valueName":"search_term_string"}}],"inLanguage":"pt-BR"}]}},"jetpack_sharing_enabled":true,"jetpack_shortlink":"https:\/\/wp.me\/P85nO0-1Il","_links":{"self":[{"href":"https:\/\/bbn1.bbnradio.org\/portuguese\/wp-json\/wp\/v2\/pages\/6593","targetHints":{"allow":["GET"]}}],"collection":[{"href":"https:\/\/bbn1.bbnradio.org\/portuguese\/wp-json\/wp\/v2\/pages"}],"about":[{"href":"https:\/\/bbn1.bbnradio.org\/portuguese\/wp-json\/wp\/v2\/types\/page"}],"author":[{"embeddable":true,"href":"https:\/\/bbn1.bbnradio.org\/portuguese\/wp-json\/wp\/v2\/users\/22"}],"replies":[{"embeddable":true,"href":"https:\/\/bbn1.bbnradio.org\/portuguese\/wp-json\/wp\/v2\/comments?post=6593"}],"version-history":[{"count":3,"href":"https:\/\/bbn1.bbnradio.org\/portuguese\/wp-json\/wp\/v2\/pages\/6593\/revisions"}],"predecessor-version":[{"id":14458,"href":"https:\/\/bbn1.bbnradio.org\/portuguese\/wp-json\/wp\/v2\/pages\/6593\/revisions\/14458"}],"up":[{"embeddable":true,"href":"https:\/\/bbn1.bbnradio.org\/portuguese\/wp-json\/wp\/v2\/pages\/6263"}],"wp:attachment":[{"href":"https:\/\/bbn1.bbnradio.org\/portuguese\/wp-json\/wp\/v2\/media?parent=6593"}],"wp:term":[{"taxonomy":"category","embeddable":true,"href":"https:\/\/bbn1.bbnradio.org\/portuguese\/wp-json\/wp\/v2\/categories?post=6593"},{"taxonomy":"post_tag","embeddable":true,"href":"https:\/\/bbn1.bbnradio.org\/portuguese\/wp-json\/wp\/v2\/tags?post=6593"}],"curies":[{"name":"wp","href":"https:\/\/api.w.org\/{rel}","templated":true}]}}