{"id":6595,"date":"2016-02-19T14:33:31","date_gmt":"2016-02-19T19:33:31","guid":{"rendered":"https:\/\/bbn1.bbnradio.org\/english\/?page_id=6595"},"modified":"2022-07-07T17:09:37","modified_gmt":"2022-07-07T20:09:37","slug":"lincoln-oliveira","status":"publish","type":"page","link":"https:\/\/bbn1.bbnradio.org\/portuguese\/sobre-bbn\/locutores-da-bbn-2\/lincoln-oliveira\/","title":{"rendered":"Lincoln Oliveira"},"content":{"rendered":"\n<style type=\"text\/css\" data-created_by=\"avia_inline_auto\" id=\"style-css-av-9otkzn-f2c01e1f07b31d18d00ae708399a9fc7\">\n.flex_column.av-9otkzn-f2c01e1f07b31d18d00ae708399a9fc7{\nborder-radius:0px 0px 0px 0px;\npadding:0px 0px 0px 0px;\n}\n<\/style>\n<div  class='flex_column av-9otkzn-f2c01e1f07b31d18d00ae708399a9fc7 av_one_fourth  avia-builder-el-0  el_before_av_three_fourth  avia-builder-el-first  first flex_column_div av-zero-column-padding  '     ><p>\n<style type=\"text\/css\" data-created_by=\"avia_inline_auto\" id=\"style-css-av-84lu1v-18ccacd660cc68ccd4f1f4835750b0cc\">\n#top .hr.hr-invisible.av-84lu1v-18ccacd660cc68ccd4f1f4835750b0cc{\nheight:1px;\n}\n<\/style>\n<div  class='hr av-84lu1v-18ccacd660cc68ccd4f1f4835750b0cc hr-invisible  avia-builder-el-1  el_before_av_team_member  avia-builder-el-first '><span class='hr-inner '><span class=\"hr-inner-style\"><\/span><\/span><\/div><br \/>\n<section  class='avia-team-member av-6c9azn-e2c1dcf4e20e0c45c3a77f47ea71aa8a  avia-builder-el-2  el_after_av_hr  avia-builder-el-last '  itemscope=\"itemscope\" itemtype=\"https:\/\/schema.org\/Person\" ><div class=\"team-img-container\"><img decoding=\"async\" fetchpriority=\"high\" class='wp-image-15603 avia-img-lazy-loading-not-15603 avia_image avia_image_team' src=\"https:\/\/bbn1.bbnradio.org\/portuguese\/wp-content\/uploads\/sites\/6\/2022\/07\/Lincoln-de-Oliveira.jpg\" alt='Lincoln Oliveira'  itemprop=\"image\"   height=\"1800\" width=\"1200\" \/><\/div><h3 class='team-member-name '  itemprop=\"name\" >Lincoln Oliveira<\/h3><div class='team-member-job-title '  itemprop=\"jobTitle\" >Gerente de Afiliadas<\/div><span class='hidden team-member-affiliation'  itemprop=\"affiliation\" >BBN<\/span><\/section><\/p><\/div>\n<style type=\"text\/css\" data-created_by=\"avia_inline_auto\" id=\"style-css-av-4rrp43-599fe36b8ff20a83de3f1ca61d7f13f2\">\n.flex_column.av-4rrp43-599fe36b8ff20a83de3f1ca61d7f13f2{\nborder-radius:0px 0px 0px 0px;\npadding:0px 0px 0px 0px;\n}\n<\/style>\n<div  class='flex_column av-4rrp43-599fe36b8ff20a83de3f1ca61d7f13f2 av_three_fourth  avia-builder-el-3  el_after_av_one_fourth  avia-builder-el-last  flex_column_div av-zero-column-padding  '     ><section  class='av_textblock_section av-b1in7-7c041ed921a371ce346a5c1f9806c3fc '   itemscope=\"itemscope\" itemtype=\"https:\/\/schema.org\/CreativeWork\" ><div class='avia_textblock'  itemprop=\"text\" ><p>Sou Lincoln Oliveira, natural de Piracicaba-SP, casado com Mariane, natural de Santa Rosa-RS. Somos gratos a Deus por nossa fam\u00edlia pois fomos aben\u00e7oados com tr\u00eas filhos: Nathalie, Lucas e Nicole. A Nathalie casou-se com Rodrigo e ganhamos ainda um lindo neto, Ethan.<\/p>\n<p>Tive o privil\u00e9gio de ser criado num lar crist\u00e3o, aprendendo de Deus atrav\u00e9s da B\u00edblia desde minha inf\u00e2ncia. Contudo, na minha adolesc\u00eancia, algo que me causava verdadeiro pavor era pensar na volta de Cristo, pois tinha receio de ser deixado para tr\u00e1s.<\/p>\n<p>Lembro-me que, aos 12 anos, levei um grande susto quando uma forte tempestade se aproximou. Havia escurecido bruscamente e minha m\u00e3e, que era professora e voltava da escola habitualmente \u00e0s 17h, se atrasou bem naquele dia! Ela sempre foi uma crist\u00e3 modelo para mim e com esta tempestade achei que Jesus havia voltado e eu tinha ficado para tr\u00e1s.<\/p>\n<p>Pouco tempo depois participei de um acampamento metodista em Pen\u00e1polis, cujo tema era: \u201cQuando Deus chama, o que responder? \u2013 (Eis me aqui!)\u201d. Neste acampamento entreguei minha vida a Jesus e me consagrei ao minist\u00e9rio. At\u00e9 hoje guardo um pequeno bon\u00e9 como lembran\u00e7a. Aquele medo da volta de Jesus se foi e no lugar ficou a certeza da vida eterna com Deus; tamb\u00e9m um profundo desejo de servi-Lo, compartilhando as boas novas de salva\u00e7\u00e3o.<\/p>\n<p>Jesus est\u00e1 voltando! A cada momento nos aproximamos mais e mais de Sua volta e, por isso, precisamos remir o tempo aproveitando as oportunidades. Ministrar com a BBN \u00e9 um privil\u00e9gio, queremos atrav\u00e9s das ondas do r\u00e1dio e pela internet levar as \u201cBoas Novas\u201d aos quatros cantos da terra.<\/p>\n<\/div><\/section><\/div>\n<!-- AddThis Advanced Settings generic via filter on the_content --><!-- AddThis Share Buttons generic via filter on the_content -->","protected":false},"excerpt":{"rendered":"<p><!-- AddThis Advanced Settings generic via filter on get_the_excerpt --><!-- AddThis Share Buttons generic via filter on get_the_excerpt --><\/p>\n","protected":false},"author":22,"featured_media":0,"parent":6263,"menu_order":0,"comment_status":"closed","ping_status":"closed","template":"","meta":{"jetpack_post_was_ever_published":false,"footnotes":""},"categories":[],"tags":[],"class_list":["post-6595","page","type-page","status-publish","hentry"],"yoast_head":"<!-- This site is optimized with the Yoast SEO Premium plugin v24.8 (Yoast SEO v24.8.1) - https:\/\/yoast.com\/wordpress\/plugins\/seo\/ -->\n<title>Lincoln Oliveira<\/title>\n<meta name=\"robots\" content=\"index, follow, max-snippet:-1, max-image-preview:large, max-video-preview:-1\" \/>\n<link rel=\"canonical\" href=\"https:\/\/bbn1.bbnradio.org\/portuguese\/sobre-bbn\/locutores-da-bbn-2\/lincoln-oliveira\/\" \/>\n<meta property=\"og:locale\" content=\"pt_BR\" \/>\n<meta property=\"og:type\" content=\"article\" \/>\n<meta property=\"og:title\" content=\"Lincoln Oliveira\" \/>\n<meta property=\"og:url\" content=\"https:\/\/bbn1.bbnradio.org\/portuguese\/sobre-bbn\/locutores-da-bbn-2\/lincoln-oliveira\/\" \/>\n<meta property=\"og:site_name\" content=\"BBN\" \/>\n<meta property=\"article:publisher\" content=\"https:\/\/www.facebook.com\/BBNPortugues\" \/>\n<meta property=\"article:modified_time\" content=\"2022-07-07T20:09:37+00:00\" \/>\n<meta name=\"twitter:card\" content=\"summary_large_image\" \/>\n<meta name=\"twitter:title\" content=\"Lincoln Oliveira\" \/>\n<meta name=\"twitter:site\" content=\"@BBNPortugues\" \/>\n<meta name=\"twitter:label1\" content=\"Est. tempo de leitura\" \/>\n\t<meta name=\"twitter:data1\" content=\"3 minutos\" \/>\n<script type=\"application\/ld+json\" class=\"yoast-schema-graph\">{\"@context\":\"https:\/\/schema.org\",\"@graph\":[{\"@type\":\"WebPage\",\"@id\":\"https:\/\/bbn1.bbnradio.org\/portuguese\/sobre-bbn\/locutores-da-bbn-2\/lincoln-oliveira\/\",\"url\":\"https:\/\/bbn1.bbnradio.org\/portuguese\/sobre-bbn\/locutores-da-bbn-2\/lincoln-oliveira\/\",\"name\":\"Lincoln Oliveira\",\"isPartOf\":{\"@id\":\"https:\/\/bbn1.bbnradio.org\/portuguese\/#website\"},\"datePublished\":\"2016-02-19T19:33:31+00:00\",\"dateModified\":\"2022-07-07T20:09:37+00:00\",\"breadcrumb\":{\"@id\":\"https:\/\/bbn1.bbnradio.org\/portuguese\/sobre-bbn\/locutores-da-bbn-2\/lincoln-oliveira\/#breadcrumb\"},\"inLanguage\":\"pt-BR\",\"potentialAction\":[{\"@type\":\"ReadAction\",\"target\":[\"https:\/\/bbn1.bbnradio.org\/portuguese\/sobre-bbn\/locutores-da-bbn-2\/lincoln-oliveira\/\"]}]},{\"@type\":\"BreadcrumbList\",\"@id\":\"https:\/\/bbn1.bbnradio.org\/portuguese\/sobre-bbn\/locutores-da-bbn-2\/lincoln-oliveira\/#breadcrumb\",\"itemListElement\":[{\"@type\":\"ListItem\",\"position\":1,\"name\":\"Home\",\"item\":\"https:\/\/bbn1.bbnradio.org\/portuguese\/inicio\/\"},{\"@type\":\"ListItem\",\"position\":2,\"name\":\"Sobre a BBN\",\"item\":\"https:\/\/bbn1.bbnradio.org\/portuguese\/sobre-bbn\/\"},{\"@type\":\"ListItem\",\"position\":3,\"name\":\"Locutores da BBN\",\"item\":\"https:\/\/bbn1.bbnradio.org\/portuguese\/sobre-bbn\/locutores-da-bbn-2\/\"},{\"@type\":\"ListItem\",\"position\":4,\"name\":\"Lincoln Oliveira\"}]},{\"@type\":\"WebSite\",\"@id\":\"https:\/\/bbn1.bbnradio.org\/portuguese\/#website\",\"url\":\"https:\/\/bbn1.bbnradio.org\/portuguese\/\",\"name\":\"BBN Portuguese\",\"description\":\"BBN\",\"potentialAction\":[{\"@type\":\"SearchAction\",\"target\":{\"@type\":\"EntryPoint\",\"urlTemplate\":\"https:\/\/bbn1.bbnradio.org\/portuguese\/?s={search_term_string}\"},\"query-input\":{\"@type\":\"PropertyValueSpecification\",\"valueRequired\":true,\"valueName\":\"search_term_string\"}}],\"inLanguage\":\"pt-BR\"}]}<\/script>\n<!-- \/ Yoast SEO Premium plugin. -->","yoast_head_json":{"title":"Lincoln Oliveira","robots":{"index":"index","follow":"follow","max-snippet":"max-snippet:-1","max-image-preview":"max-image-preview:large","max-video-preview":"max-video-preview:-1"},"canonical":"https:\/\/bbn1.bbnradio.org\/portuguese\/sobre-bbn\/locutores-da-bbn-2\/lincoln-oliveira\/","og_locale":"pt_BR","og_type":"article","og_title":"Lincoln Oliveira","og_url":"https:\/\/bbn1.bbnradio.org\/portuguese\/sobre-bbn\/locutores-da-bbn-2\/lincoln-oliveira\/","og_site_name":"BBN","article_publisher":"https:\/\/www.facebook.com\/BBNPortugues","article_modified_time":"2022-07-07T20:09:37+00:00","twitter_card":"summary_large_image","twitter_title":"Lincoln Oliveira","twitter_site":"@BBNPortugues","twitter_misc":{"Est. tempo de leitura":"3 minutos"},"schema":{"@context":"https:\/\/schema.org","@graph":[{"@type":"WebPage","@id":"https:\/\/bbn1.bbnradio.org\/portuguese\/sobre-bbn\/locutores-da-bbn-2\/lincoln-oliveira\/","url":"https:\/\/bbn1.bbnradio.org\/portuguese\/sobre-bbn\/locutores-da-bbn-2\/lincoln-oliveira\/","name":"Lincoln Oliveira","isPartOf":{"@id":"https:\/\/bbn1.bbnradio.org\/portuguese\/#website"},"datePublished":"2016-02-19T19:33:31+00:00","dateModified":"2022-07-07T20:09:37+00:00","breadcrumb":{"@id":"https:\/\/bbn1.bbnradio.org\/portuguese\/sobre-bbn\/locutores-da-bbn-2\/lincoln-oliveira\/#breadcrumb"},"inLanguage":"pt-BR","potentialAction":[{"@type":"ReadAction","target":["https:\/\/bbn1.bbnradio.org\/portuguese\/sobre-bbn\/locutores-da-bbn-2\/lincoln-oliveira\/"]}]},{"@type":"BreadcrumbList","@id":"https:\/\/bbn1.bbnradio.org\/portuguese\/sobre-bbn\/locutores-da-bbn-2\/lincoln-oliveira\/#breadcrumb","itemListElement":[{"@type":"ListItem","position":1,"name":"Home","item":"https:\/\/bbn1.bbnradio.org\/portuguese\/inicio\/"},{"@type":"ListItem","position":2,"name":"Sobre a BBN","item":"https:\/\/bbn1.bbnradio.org\/portuguese\/sobre-bbn\/"},{"@type":"ListItem","position":3,"name":"Locutores da BBN","item":"https:\/\/bbn1.bbnradio.org\/portuguese\/sobre-bbn\/locutores-da-bbn-2\/"},{"@type":"ListItem","position":4,"name":"Lincoln Oliveira"}]},{"@type":"WebSite","@id":"https:\/\/bbn1.bbnradio.org\/portuguese\/#website","url":"https:\/\/bbn1.bbnradio.org\/portuguese\/","name":"BBN Portuguese","description":"BBN","potentialAction":[{"@type":"SearchAction","target":{"@type":"EntryPoint","urlTemplate":"https:\/\/bbn1.bbnradio.org\/portuguese\/?s={search_term_string}"},"query-input":{"@type":"PropertyValueSpecification","valueRequired":true,"valueName":"search_term_string"}}],"inLanguage":"pt-BR"}]}},"jetpack_sharing_enabled":true,"jetpack_shortlink":"https:\/\/wp.me\/P85nO0-1In","_links":{"self":[{"href":"https:\/\/bbn1.bbnradio.org\/portuguese\/wp-json\/wp\/v2\/pages\/6595","targetHints":{"allow":["GET"]}}],"collection":[{"href":"https:\/\/bbn1.bbnradio.org\/portuguese\/wp-json\/wp\/v2\/pages"}],"about":[{"href":"https:\/\/bbn1.bbnradio.org\/portuguese\/wp-json\/wp\/v2\/types\/page"}],"author":[{"embeddable":true,"href":"https:\/\/bbn1.bbnradio.org\/portuguese\/wp-json\/wp\/v2\/users\/22"}],"replies":[{"embeddable":true,"href":"https:\/\/bbn1.bbnradio.org\/portuguese\/wp-json\/wp\/v2\/comments?post=6595"}],"version-history":[{"count":3,"href":"https:\/\/bbn1.bbnradio.org\/portuguese\/wp-json\/wp\/v2\/pages\/6595\/revisions"}],"predecessor-version":[{"id":15612,"href":"https:\/\/bbn1.bbnradio.org\/portuguese\/wp-json\/wp\/v2\/pages\/6595\/revisions\/15612"}],"up":[{"embeddable":true,"href":"https:\/\/bbn1.bbnradio.org\/portuguese\/wp-json\/wp\/v2\/pages\/6263"}],"wp:attachment":[{"href":"https:\/\/bbn1.bbnradio.org\/portuguese\/wp-json\/wp\/v2\/media?parent=6595"}],"wp:term":[{"taxonomy":"category","embeddable":true,"href":"https:\/\/bbn1.bbnradio.org\/portuguese\/wp-json\/wp\/v2\/categories?post=6595"},{"taxonomy":"post_tag","embeddable":true,"href":"https:\/\/bbn1.bbnradio.org\/portuguese\/wp-json\/wp\/v2\/tags?post=6595"}],"curies":[{"name":"wp","href":"https:\/\/api.w.org\/{rel}","templated":true}]}}